{"id":2140,"date":"2024-12-10T23:51:22","date_gmt":"2024-12-10T23:51:22","guid":{"rendered":"https:\/\/beuhparadis.com\/?post_type=product&#038;p=2140"},"modified":"2025-01-28T08:22:14","modified_gmt":"2025-01-28T08:22:14","slug":"afghan-hash","status":"publish","type":"product","link":"https:\/\/beuhparadis.com\/sl\/product\/afghan-hash\/","title":{"rendered":"Afghan Hash"},"content":{"rendered":"<h1 class=\"wp-block-heading\">Kupite Afganistanski ha\u0161i\u0161: \u010dista tradicija in vrhunska kakovost<\/h1>\n<p>Kupite Afghan Hash je izjemen izdelek v svetu konoplje, znan po svoji vrhunski kakovosti in mo\u010dnih u\u010dinkih. Ta ha\u0161i\u0161, proizveden s tradicionalnimi tehnikami ekstrakcije na cvetovih legalne konoplje sativa, ponuja edinstveno izku\u0161njo, ki jo cenijo poznavalci. Tukaj je iz\u010drpen vodnik z vsem, kar morate vedeti o afganistanskem ha\u0161u in zakaj je to prednostna izbira ljubiteljev pristne konoplje.<\/p>\n<h2 class=\"wp-block-heading\">Informacije o Afghan Hash<\/h2>\n<ul class=\"wp-block-list\">\n<li><strong>Izvor<\/strong> Pridobivanje cvetov legalne konoplje sativa.<\/li>\n<li><strong>Barva<\/strong> Temno \u010drna, na vro\u010dini postane mastna.<\/li>\n<li><strong>Tekstura<\/strong> Mehak na otip.<\/li>\n<li><strong>Tehnika ekstrakcije<\/strong> Z uporabo najnaprednej\u0161ih metod za ohranjanje \u010distosti ha\u0161i\u0161a.<\/li>\n<\/ul>\n<h2 class=\"wp-block-heading\">THC in CBD<\/h2>\n<ul class=\"wp-block-list\">\n<li><strong>THC<\/strong> Do 72%, kar zagotavlja trenutke intenzivne sprostitve.<\/li>\n<li><strong>CBD<\/strong> Manj kot 1% za poskus, ki se osredoto\u010da na u\u010dinke THC brez intenzivnosti CBD.<\/li>\n<\/ul>\n<h2 class=\"wp-block-heading\">Kje lahko na spletu kupim afganistanski ka\u0161elj?<\/h2>\n<p>Za varen in kakovosten nakup, <a href=\"https:\/\/beuhparadis.com\/sl\/product\/runtz-weed\/\">beuhparadis<\/a> je va\u0161a izbrana destinacija. Na\u0161a platforma, ki ponuja strog izbor Hash Afghan, zagotavlja naravni izdelek 100%, ki je v skladu z evropskimi standardi.<\/p>\n<h2 class=\"wp-block-heading\">U\u010dinki, vonj in okus<\/h2>\n<h3 class=\"wp-block-heading\">U\u010dinek<\/h3>\n<ul class=\"wp-block-list\">\n<li>Intenzivna sprostitev<\/li>\n<li>Globok ob\u010dutek dobrega po\u010dutja<\/li>\n<\/ul>\n<h3 class=\"wp-block-heading\">Aroma<\/h3>\n<ul class=\"wp-block-list\">\n<li>Intenzivna aroma \u010distega ha\u0161i\u0161a brez dodatkov, ki se sprosti pod vplivom toplote.<\/li>\n<\/ul>\n<h3 class=\"wp-block-heading\">Okusi<\/h3>\n<ul class=\"wp-block-list\">\n<li>Avtenti\u010den, bogat okus, zna\u010dilen za tradicionalni afganistanski ha\u0161i\u0161.<\/li>\n<\/ul>\n<h2 class=\"wp-block-heading\">Zdravstveni u\u010dinki<\/h2>\n<h3 class=\"wp-block-heading\">Zdravstveni u\u010dinki<\/h3>\n<ul class=\"wp-block-list\">\n<li>Globoka sprostitev<\/li>\n<li>Pomirjujo\u010de<\/li>\n<\/ul>\n<h3 class=\"wp-block-heading\">Lahko olaj\u0161a<\/h3>\n<ul class=\"wp-block-list\">\n<li>Stres<\/li>\n<li>Anksioznost<\/li>\n<li>Nespe\u010dnost<\/li>\n<\/ul>\n<h2 class=\"wp-block-heading\">Zakaj kupiti afganistanski ha\u0161i\u0161 na Beuhparadisu?<\/h2>\n<p>Izberite <a href=\"https:\/\/beuhparadis.com\/sl\/product\/runtz-weed\/\">beuhparadis<\/a> za va\u0161 nakup afganistanskega kosmatinca je, da izberete :<\/p>\n<ul class=\"wp-block-list\">\n<li><strong>Vrhunska kakovost<\/strong> Izbor najbolj\u0161ih sort legalnega ha\u0161i\u0161a.<\/li>\n<li><strong>Naravni izdelek<\/strong> Jamstvo za naravni izdelek 100% brez dodatkov.<\/li>\n<li><strong>Pravna skladnost<\/strong> : Popolna skladnost z veljavnimi evropskimi standardi.<\/li>\n<\/ul>\n<h2 class=\"wp-block-heading\">Evropska zakonodaja o prodaji Hash<\/h2>\n<p>Nakup in prodaja Hash Afghan je v Evropi regulirana, kar zagotavlja, da so na trgu na voljo le izdelki, ki izpolnjujejo predpisane mejne vrednosti THC in CBD. V Acheterducannabis.fr zagotavljamo, da so vsi na\u0161i izdelki skladni s temi standardi, kar na\u0161im strankam zagotavlja varnost in mir.<\/p>\n<p>Hash Afghan predstavlja vrhunec tradicije in kakovosti v svetu konoplje. Za pristno izku\u0161njo in zagotovljene trenutke sprostitve izberite kakovost in varnost ter naro\u010dite Hash Afghan pri <a href=\"https:\/\/beuhparadis.com\/sl\/product\/trideri-weed\/\">beuhparadis<\/a>. Odkrijte na\u0161 izbor in u\u017eivajte v najbolj\u0161i kakovosti na trgu, ki vam jo dostavimo naravnost na vrata in je v celoti skladna z evropsko zakonodajo.<\/p>","protected":false},"excerpt":{"rendered":"<p><strong>THC:<\/strong> 72%<\/p>\n<p><strong>Zdravstveni u\u010dinki<\/strong><\/p>\n<ul class=\"wp-block-list\">\n<li>Globoka sprostitev<\/li>\n<li>Pomirjujo\u010de<\/li>\n<\/ul>","protected":false},"featured_media":2150,"comment_status":"closed","ping_status":"closed","template":"","meta":{"site-sidebar-layout":"default","site-content-layout":"","ast-site-content-layout":"default","site-content-style":"default","site-sidebar-style":"default","ast-global-header-display":"","ast-banner-title-visibility":"","ast-main-header-display":"","ast-hfb-above-header-display":"","ast-hfb-below-header-display":"","ast-hfb-mobile-header-display":"","site-post-title":"","ast-breadcrumbs-content":"","ast-featured-img":"","footer-sml-layout":"","theme-transparent-header-meta":"default","adv-header-id-meta":"","stick-header-meta":"","header-above-stick-meta":"","header-main-stick-meta":"","header-below-stick-meta":"","astra-migrate-meta-layouts":"set","ast-page-background-enabled":"default","ast-page-background-meta":{"desktop":{"background-color":"","background-image":"","background-repeat":"repeat","background-position":"center center","background-size":"auto","background-attachment":"scroll","background-type":"","background-media":"","overlay-type":"","overlay-color":"","overlay-opacity":"","overlay-gradient":""},"tablet":{"background-color":"","background-image":"","background-repeat":"repeat","background-position":"center center","background-size":"auto","background-attachment":"scroll","background-type":"","background-media":"","overlay-type":"","overlay-color":"","overlay-opacity":"","overlay-gradient":""},"mobile":{"background-color":"","background-image":"","background-repeat":"repeat","background-position":"center center","background-size":"auto","background-attachment":"scroll","background-type":"","background-media":"","overlay-type":"","overlay-color":"","overlay-opacity":"","overlay-gradient":""}},"ast-content-background-meta":{"desktop":{"background-color":"var(--ast-global-color-5)","background-image":"","background-repeat":"repeat","background-position":"center center","background-size":"auto","background-attachment":"scroll","background-type":"","background-media":"","overlay-type":"","overlay-color":"","overlay-opacity":"","overlay-gradient":""},"tablet":{"background-color":"var(--ast-global-color-5)","background-image":"","background-repeat":"repeat","background-position":"center center","background-size":"auto","background-attachment":"scroll","background-type":"","background-media":"","overlay-type":"","overlay-color":"","overlay-opacity":"","overlay-gradient":""},"mobile":{"background-color":"var(--ast-global-color-5)","background-image":"","background-repeat":"repeat","background-position":"center center","background-size":"auto","background-attachment":"scroll","background-type":"","background-media":"","overlay-type":"","overlay-color":"","overlay-opacity":"","overlay-gradient":""}},"_joinchat":[]},"product_brand":[],"product_cat":[48],"product_tag":[],"class_list":{"0":"post-2140","1":"product","2":"type-product","3":"status-publish","4":"has-post-thumbnail","6":"product_cat-shit-thc","7":"desktop-align-left","8":"tablet-align-left","9":"mobile-align-left","11":"first","12":"instock","13":"shipping-taxable","14":"purchasable","15":"product-type-variable"},"yoast_head":"<!-- This site is optimized with the Yoast SEO Premium plugin v24.1 (Yoast SEO v26.8) - https:\/\/yoast.com\/product\/yoast-seo-premium-wordpress\/ -->\n<title>Acheter Afghan Hash | Hash Afghan de Qualit\u00e9 Sup\u00e9rieure<\/title>\n<meta name=\"description\" content=\"Acheter Afghan Hash authentique et de qualit\u00e9 sup\u00e9rieure. D\u00e9couvrez notre s\u00e9lection premium, livraison discr\u00e8te et rapide. Parfait pour les connaisseurs de cannabis.\" \/>\n<meta name=\"robots\" content=\"index, follow, max-snippet:-1, max-image-preview:large, max-video-preview:-1\" \/>\n<link rel=\"canonical\" href=\"https:\/\/beuhparadis.com\/sl\/product\/afghan-hash\/\" \/>\n<meta property=\"og:locale\" content=\"sl_SI\" \/>\n<meta property=\"og:type\" content=\"article\" \/>\n<meta property=\"og:title\" content=\"Afghan Hash\" \/>\n<meta property=\"og:description\" content=\"Acheter Afghan Hash authentique et de qualit\u00e9 sup\u00e9rieure. D\u00e9couvrez notre s\u00e9lection premium, livraison discr\u00e8te et rapide. Parfait pour les connaisseurs de cannabis.\" \/>\n<meta property=\"og:url\" content=\"https:\/\/beuhparadis.com\/sl\/product\/afghan-hash\/\" \/>\n<meta property=\"og:site_name\" content=\"Beuh Paradis\" \/>\n<meta property=\"article:modified_time\" content=\"2025-01-28T08:22:14+00:00\" \/>\n<meta property=\"og:image\" content=\"https:\/\/beuhparadis.com\/wp-content\/uploads\/2024\/12\/aphghan-2.jpeg\" \/>\n\t<meta property=\"og:image:width\" content=\"247\" \/>\n\t<meta property=\"og:image:height\" content=\"296\" \/>\n\t<meta property=\"og:image:type\" content=\"image\/jpeg\" \/>\n<meta name=\"twitter:card\" content=\"summary_large_image\" \/>\n<meta name=\"twitter:label1\" content=\"Est. reading time\" \/>\n\t<meta name=\"twitter:data1\" content=\"2 minutes\" \/>\n<script type=\"application\/ld+json\" class=\"yoast-schema-graph\">{\"@context\":\"https:\/\/schema.org\",\"@graph\":[{\"@type\":\"WebPage\",\"@id\":\"https:\/\/beuhparadis.com\/product\/afghan-hash\/\",\"url\":\"https:\/\/beuhparadis.com\/product\/afghan-hash\/\",\"name\":\"Acheter Afghan Hash | Hash Afghan de Qualit\u00e9 Sup\u00e9rieure\",\"isPartOf\":{\"@id\":\"https:\/\/beuhparadis.com\/#website\"},\"primaryImageOfPage\":{\"@id\":\"https:\/\/beuhparadis.com\/product\/afghan-hash\/#primaryimage\"},\"image\":{\"@id\":\"https:\/\/beuhparadis.com\/product\/afghan-hash\/#primaryimage\"},\"thumbnailUrl\":\"https:\/\/beuhparadis.com\/wp-content\/uploads\/2024\/12\/aphghan-2.jpeg\",\"datePublished\":\"2024-12-10T23:51:22+00:00\",\"dateModified\":\"2025-01-28T08:22:14+00:00\",\"description\":\"Acheter Afghan Hash authentique et de qualit\u00e9 sup\u00e9rieure. D\u00e9couvrez notre s\u00e9lection premium, livraison discr\u00e8te et rapide. Parfait pour les connaisseurs de cannabis.\",\"breadcrumb\":{\"@id\":\"https:\/\/beuhparadis.com\/product\/afghan-hash\/#breadcrumb\"},\"inLanguage\":\"sl-SI\",\"potentialAction\":[{\"@type\":\"ReadAction\",\"target\":[\"https:\/\/beuhparadis.com\/product\/afghan-hash\/\"]}]},{\"@type\":\"ImageObject\",\"inLanguage\":\"sl-SI\",\"@id\":\"https:\/\/beuhparadis.com\/product\/afghan-hash\/#primaryimage\",\"url\":\"https:\/\/beuhparadis.com\/wp-content\/uploads\/2024\/12\/aphghan-2.jpeg\",\"contentUrl\":\"https:\/\/beuhparadis.com\/wp-content\/uploads\/2024\/12\/aphghan-2.jpeg\",\"width\":247,\"height\":296},{\"@type\":\"BreadcrumbList\",\"@id\":\"https:\/\/beuhparadis.com\/product\/afghan-hash\/#breadcrumb\",\"itemListElement\":[{\"@type\":\"ListItem\",\"position\":1,\"name\":\"Home\",\"item\":\"https:\/\/beuhparadis.com\/\"},{\"@type\":\"ListItem\",\"position\":2,\"name\":\"Shop\",\"item\":\"https:\/\/beuhparadis.com\/shop\/\"},{\"@type\":\"ListItem\",\"position\":3,\"name\":\"Afghan Hash\"}]},{\"@type\":\"WebSite\",\"@id\":\"https:\/\/beuhparadis.com\/#website\",\"url\":\"https:\/\/beuhparadis.com\/\",\"name\":\"Beuh Paradis\",\"description\":\"\",\"potentialAction\":[{\"@type\":\"SearchAction\",\"target\":{\"@type\":\"EntryPoint\",\"urlTemplate\":\"https:\/\/beuhparadis.com\/?s={search_term_string}\"},\"query-input\":{\"@type\":\"PropertyValueSpecification\",\"valueRequired\":true,\"valueName\":\"search_term_string\"}}],\"inLanguage\":\"sl-SI\"}]}<\/script>\n<!-- \/ Yoast SEO Premium plugin. -->","yoast_head_json":{"title":"Nakup Afghan Hash | Visoka kakovost Afghan Hash","description":"Kupite pristne in visokokakovostne afganistanske ka\u0161e. Odkrijte na\u0161o vrhunsko izbiro, diskretno in hitro dostavo. Kot nala\u0161\u010d za poznavalce konoplje.","robots":{"index":"index","follow":"follow","max-snippet":"max-snippet:-1","max-image-preview":"max-image-preview:large","max-video-preview":"max-video-preview:-1"},"canonical":"https:\/\/beuhparadis.com\/sl\/product\/afghan-hash\/","og_locale":"sl_SI","og_type":"article","og_title":"Afghan Hash","og_description":"Acheter Afghan Hash authentique et de qualit\u00e9 sup\u00e9rieure. D\u00e9couvrez notre s\u00e9lection premium, livraison discr\u00e8te et rapide. Parfait pour les connaisseurs de cannabis.","og_url":"https:\/\/beuhparadis.com\/sl\/product\/afghan-hash\/","og_site_name":"Beuh Paradis","article_modified_time":"2025-01-28T08:22:14+00:00","og_image":[{"width":247,"height":296,"url":"https:\/\/beuhparadis.com\/wp-content\/uploads\/2024\/12\/aphghan-2.jpeg","type":"image\/jpeg"}],"twitter_card":"summary_large_image","twitter_misc":{"Est. reading time":"2 minutes"},"schema":{"@context":"https:\/\/schema.org","@graph":[{"@type":"WebPage","@id":"https:\/\/beuhparadis.com\/product\/afghan-hash\/","url":"https:\/\/beuhparadis.com\/product\/afghan-hash\/","name":"Nakup Afghan Hash | Visoka kakovost Afghan Hash","isPartOf":{"@id":"https:\/\/beuhparadis.com\/#website"},"primaryImageOfPage":{"@id":"https:\/\/beuhparadis.com\/product\/afghan-hash\/#primaryimage"},"image":{"@id":"https:\/\/beuhparadis.com\/product\/afghan-hash\/#primaryimage"},"thumbnailUrl":"https:\/\/beuhparadis.com\/wp-content\/uploads\/2024\/12\/aphghan-2.jpeg","datePublished":"2024-12-10T23:51:22+00:00","dateModified":"2025-01-28T08:22:14+00:00","description":"Kupite pristne in visokokakovostne afganistanske ka\u0161e. Odkrijte na\u0161o vrhunsko izbiro, diskretno in hitro dostavo. Kot nala\u0161\u010d za poznavalce konoplje.","breadcrumb":{"@id":"https:\/\/beuhparadis.com\/product\/afghan-hash\/#breadcrumb"},"inLanguage":"sl-SI","potentialAction":[{"@type":"ReadAction","target":["https:\/\/beuhparadis.com\/product\/afghan-hash\/"]}]},{"@type":"ImageObject","inLanguage":"sl-SI","@id":"https:\/\/beuhparadis.com\/product\/afghan-hash\/#primaryimage","url":"https:\/\/beuhparadis.com\/wp-content\/uploads\/2024\/12\/aphghan-2.jpeg","contentUrl":"https:\/\/beuhparadis.com\/wp-content\/uploads\/2024\/12\/aphghan-2.jpeg","width":247,"height":296},{"@type":"BreadcrumbList","@id":"https:\/\/beuhparadis.com\/product\/afghan-hash\/#breadcrumb","itemListElement":[{"@type":"ListItem","position":1,"name":"Home","item":"https:\/\/beuhparadis.com\/"},{"@type":"ListItem","position":2,"name":"Shop","item":"https:\/\/beuhparadis.com\/shop\/"},{"@type":"ListItem","position":3,"name":"Afghan Hash"}]},{"@type":"WebSite","@id":"https:\/\/beuhparadis.com\/#website","url":"https:\/\/beuhparadis.com\/","name":"Beuh Paradis","description":"","potentialAction":[{"@type":"SearchAction","target":{"@type":"EntryPoint","urlTemplate":"https:\/\/beuhparadis.com\/?s={search_term_string}"},"query-input":{"@type":"PropertyValueSpecification","valueRequired":true,"valueName":"search_term_string"}}],"inLanguage":"sl-SI"}]}},"_links":{"self":[{"href":"https:\/\/beuhparadis.com\/sl\/wp-json\/wp\/v2\/product\/2140","targetHints":{"allow":["GET"]}}],"collection":[{"href":"https:\/\/beuhparadis.com\/sl\/wp-json\/wp\/v2\/product"}],"about":[{"href":"https:\/\/beuhparadis.com\/sl\/wp-json\/wp\/v2\/types\/product"}],"replies":[{"embeddable":true,"href":"https:\/\/beuhparadis.com\/sl\/wp-json\/wp\/v2\/comments?post=2140"}],"wp:featuredmedia":[{"embeddable":true,"href":"https:\/\/beuhparadis.com\/sl\/wp-json\/wp\/v2\/media\/2150"}],"wp:attachment":[{"href":"https:\/\/beuhparadis.com\/sl\/wp-json\/wp\/v2\/media?parent=2140"}],"wp:term":[{"taxonomy":"product_brand","embeddable":true,"href":"https:\/\/beuhparadis.com\/sl\/wp-json\/wp\/v2\/product_brand?post=2140"},{"taxonomy":"product_cat","embeddable":true,"href":"https:\/\/beuhparadis.com\/sl\/wp-json\/wp\/v2\/product_cat?post=2140"},{"taxonomy":"product_tag","embeddable":true,"href":"https:\/\/beuhparadis.com\/sl\/wp-json\/wp\/v2\/product_tag?post=2140"}],"curies":[{"name":"wp","href":"https:\/\/api.w.org\/{rel}","templated":true}]}}