{"id":2130,"date":"2024-12-10T23:51:22","date_gmt":"2024-12-10T23:51:22","guid":{"rendered":"https:\/\/beuhparadis.com\/?post_type=product&#038;p=2130"},"modified":"2025-01-28T08:09:00","modified_gmt":"2025-01-28T08:09:00","slug":"charas-hash","status":"publish","type":"product","link":"https:\/\/beuhparadis.com\/sl\/product\/charas-hash\/","title":{"rendered":"Charas Hash"},"content":{"rendered":"<h3><strong>Nakup Charas Hash na spletu - edinstvena izku\u0161nja z Beuh Paradis<\/strong><\/h3>\n<h4><\/h4>\n<p>Nakup charas Hash na spletu: Na <strong>Charas Hash<\/strong>je zdaj na voljo za spletni nakup na <strong><a href=\"https:\/\/beuhparadis.com\/sl\" target=\"_new\" rel=\"noopener\">Beuh Paradis<\/a><\/strong>. Ta tradicionalni ha\u0161i\u0161, izdelan iz visokokakovostne konopljine smole, je cenjen zaradi pristnega okusa in mo\u010dnih u\u010dinkov. Ne glede na to, ali ste poznavalec ali nov navdu\u0161enec, vam Charas Hash obljublja nepozabno izku\u0161njo, ki vam jo dostavimo naravnost na vrata.<\/p>\n<h4><strong>\u00a0Kaj je Charas Hash?<\/strong><\/h4>\n<p>Le <strong>Charas Hash<\/strong> je edinstvena vrsta ha\u0161i\u0161a, ki izvira iz gorskih obmo\u010dij Himalaje. V nasprotju z drugimi vrstami ha\u0161i\u0161a se izdeluje z ro\u010dnim drgnjenjem sve\u017eih cvetov konoplje, da se izlo\u010di smola. Pri tem tradicionalnem postopku nastane izdelek, bogat s terpeni, z zemeljskimi in pikantnimi vonjavami ter mo\u010dnimi, spro\u0161\u010dujo\u010dimi u\u010dinki.<\/p>\n<h4><strong>\u00a0Zakaj kupiti Charas Hash na Beuh Paradis?<\/strong><\/h4>\n<p>Na spletni strani <strong>Beuh Paradis<\/strong>Zavezani smo k zagotavljanju izdelkov izjemne kakovosti za va\u0161e popolno zadovoljstvo. Tukaj je razlog, zakaj bi morali izbrati <strong>Charas Hash<\/strong> na na\u0161i platformi:<\/p>\n<ul>\n<li><strong>Vrhunska kakovost:<\/strong> Na\u0161 Charas Hash je narejen iz skrbno vzgojene konoplje, kar zagotavlja \u010dist in mo\u010dan izdelek.<\/li>\n<li><strong>Tekmovalna priznanja :<\/strong> Pri vseh na\u0161ih izdelkih, vklju\u010dno z napravo Charas Hash, lahko izkoristite odli\u010dno razmerje med ceno in kakovostjo.<\/li>\n<li><strong>Hitra in diskretna dostava:<\/strong> Preprosto naro\u010dite prek spleta ter hitro in diskretno prejmite zdravilo Charas Hash.<\/li>\n<li><strong>Varno spletno mesto :<\/strong> Na spletni strani <strong><a href=\"https:\/\/beuhparadis.com\/sl\" target=\"_new\" rel=\"noopener\">Beuh Paradis<\/a><\/strong>Va\u0161a pla\u010dila in osebni podatki so za\u0161\u010diteni z na\u0161imi naprednimi varnostnimi sistemi.<\/li>\n<\/ul>\n<h4><strong>\u00a0Prednosti zdravila Charas Hash<\/strong><\/h4>\n<p>Le <strong>Charas Hash<\/strong> se ceni za :<\/p>\n<ul>\n<li><strong>Bogati okusi :<\/strong> Za\u010dinjene, zemeljske note, ki bodo navdu\u0161ile ljubitelje pristnega ha\u0161i\u0161a.<\/li>\n<li><strong>Njegovi mo\u010dni u\u010dinki :<\/strong> Globoka sprostitev v kombinaciji z ob\u010dutkom du\u0161evne lahkotnosti.<\/li>\n<li><strong>Avtenti\u010dna izdelava:<\/strong> Charas Hash je prava umetnina, ro\u010dno izdelana v skladu s starimi tradicijami.<\/li>\n<\/ul>\n<h4><strong>\u00a0Naro\u010dite svoj Charas Hash prek spleta zdaj<\/strong><\/h4>\n<p>S spletno stranjo <strong><a href=\"https:\/\/beuhparadis.com\/sl\" target=\"_new\" rel=\"noopener\">Beuh Paradis<\/a><\/strong>za nakup <strong>Charas Hash online<\/strong> \u0161e nikoli ni bilo tako enostavno in varno. Odkrijte na\u0161o ponudbo vrhunskih izdelkov in u\u017eivajte v izjemni izku\u0161nji s konopljo. Naro\u010dite \u0161e danes in se prepustite pristnosti in mo\u010di konoplje Charas Hash.<\/p>","protected":false},"excerpt":{"rendered":"<p><strong>THC:<\/strong> 29%<\/p>","protected":false},"featured_media":2148,"comment_status":"closed","ping_status":"closed","template":"","meta":{"site-sidebar-layout":"default","site-content-layout":"","ast-site-content-layout":"default","site-content-style":"default","site-sidebar-style":"default","ast-global-header-display":"","ast-banner-title-visibility":"","ast-main-header-display":"","ast-hfb-above-header-display":"","ast-hfb-below-header-display":"","ast-hfb-mobile-header-display":"","site-post-title":"","ast-breadcrumbs-content":"","ast-featured-img":"","footer-sml-layout":"","theme-transparent-header-meta":"default","adv-header-id-meta":"","stick-header-meta":"","header-above-stick-meta":"","header-main-stick-meta":"","header-below-stick-meta":"","astra-migrate-meta-layouts":"set","ast-page-background-enabled":"default","ast-page-background-meta":{"desktop":{"background-color":"","background-image":"","background-repeat":"repeat","background-position":"center center","background-size":"auto","background-attachment":"scroll","background-type":"","background-media":"","overlay-type":"","overlay-color":"","overlay-opacity":"","overlay-gradient":""},"tablet":{"background-color":"","background-image":"","background-repeat":"repeat","background-position":"center center","background-size":"auto","background-attachment":"scroll","background-type":"","background-media":"","overlay-type":"","overlay-color":"","overlay-opacity":"","overlay-gradient":""},"mobile":{"background-color":"","background-image":"","background-repeat":"repeat","background-position":"center center","background-size":"auto","background-attachment":"scroll","background-type":"","background-media":"","overlay-type":"","overlay-color":"","overlay-opacity":"","overlay-gradient":""}},"ast-content-background-meta":{"desktop":{"background-color":"var(--ast-global-color-5)","background-image":"","background-repeat":"repeat","background-position":"center center","background-size":"auto","background-attachment":"scroll","background-type":"","background-media":"","overlay-type":"","overlay-color":"","overlay-opacity":"","overlay-gradient":""},"tablet":{"background-color":"var(--ast-global-color-5)","background-image":"","background-repeat":"repeat","background-position":"center center","background-size":"auto","background-attachment":"scroll","background-type":"","background-media":"","overlay-type":"","overlay-color":"","overlay-opacity":"","overlay-gradient":""},"mobile":{"background-color":"var(--ast-global-color-5)","background-image":"","background-repeat":"repeat","background-position":"center center","background-size":"auto","background-attachment":"scroll","background-type":"","background-media":"","overlay-type":"","overlay-color":"","overlay-opacity":"","overlay-gradient":""}},"_joinchat":[]},"product_brand":[],"product_cat":[48],"product_tag":[],"class_list":{"0":"post-2130","1":"product","2":"type-product","3":"status-publish","4":"has-post-thumbnail","6":"product_cat-shit-thc","7":"desktop-align-left","8":"tablet-align-left","9":"mobile-align-left","11":"first","12":"instock","13":"shipping-taxable","14":"purchasable","15":"product-type-variable"},"yoast_head":"<!-- This site is optimized with the Yoast SEO Premium plugin v24.1 (Yoast SEO v26.8) - https:\/\/yoast.com\/product\/yoast-seo-premium-wordpress\/ -->\n<title>Acheter Charas Hash en Ligne \u2013 Qualit\u00e9 Premium | Beuh Paradis<\/title>\n<meta name=\"description\" content=\"Achate du Charas Hash artisanal en ligne sur Beuh Paradis. Profitez d\u2019un haschich authentique.. Livraison rapide et discr\u00e8te\" \/>\n<meta name=\"robots\" content=\"index, follow, max-snippet:-1, max-image-preview:large, max-video-preview:-1\" \/>\n<link rel=\"canonical\" href=\"https:\/\/beuhparadis.com\/sl\/product\/charas-hash\/\" \/>\n<meta property=\"og:locale\" content=\"sl_SI\" \/>\n<meta property=\"og:type\" content=\"article\" \/>\n<meta property=\"og:title\" content=\"Charas Hash\" \/>\n<meta property=\"og:description\" content=\"Achate du Charas Hash artisanal en ligne sur Beuh Paradis. Profitez d\u2019un haschich authentique.. Livraison rapide et discr\u00e8te\" \/>\n<meta property=\"og:url\" content=\"https:\/\/beuhparadis.com\/sl\/product\/charas-hash\/\" \/>\n<meta property=\"og:site_name\" content=\"Beuh Paradis\" \/>\n<meta property=\"article:modified_time\" content=\"2025-01-28T08:09:00+00:00\" \/>\n<meta property=\"og:image\" content=\"https:\/\/beuhparadis.com\/wp-content\/uploads\/2024\/12\/Charas-Hash-2.jpeg\" \/>\n\t<meta property=\"og:image:width\" content=\"247\" \/>\n\t<meta property=\"og:image:height\" content=\"296\" \/>\n\t<meta property=\"og:image:type\" content=\"image\/jpeg\" \/>\n<meta name=\"twitter:card\" content=\"summary_large_image\" \/>\n<meta name=\"twitter:label1\" content=\"Est. reading time\" \/>\n\t<meta name=\"twitter:data1\" content=\"2 minutes\" \/>\n<script type=\"application\/ld+json\" class=\"yoast-schema-graph\">{\"@context\":\"https:\/\/schema.org\",\"@graph\":[{\"@type\":\"WebPage\",\"@id\":\"https:\/\/beuhparadis.com\/product\/charas-hash\/\",\"url\":\"https:\/\/beuhparadis.com\/product\/charas-hash\/\",\"name\":\"Acheter Charas Hash en Ligne \u2013 Qualit\u00e9 Premium | Beuh Paradis\",\"isPartOf\":{\"@id\":\"https:\/\/beuhparadis.com\/#website\"},\"primaryImageOfPage\":{\"@id\":\"https:\/\/beuhparadis.com\/product\/charas-hash\/#primaryimage\"},\"image\":{\"@id\":\"https:\/\/beuhparadis.com\/product\/charas-hash\/#primaryimage\"},\"thumbnailUrl\":\"https:\/\/beuhparadis.com\/wp-content\/uploads\/2024\/12\/Charas-Hash-2.jpeg\",\"datePublished\":\"2024-12-10T23:51:22+00:00\",\"dateModified\":\"2025-01-28T08:09:00+00:00\",\"description\":\"Achate du Charas Hash artisanal en ligne sur Beuh Paradis. Profitez d\u2019un haschich authentique.. Livraison rapide et discr\u00e8te\",\"breadcrumb\":{\"@id\":\"https:\/\/beuhparadis.com\/product\/charas-hash\/#breadcrumb\"},\"inLanguage\":\"sl-SI\",\"potentialAction\":[{\"@type\":\"ReadAction\",\"target\":[\"https:\/\/beuhparadis.com\/product\/charas-hash\/\"]}]},{\"@type\":\"ImageObject\",\"inLanguage\":\"sl-SI\",\"@id\":\"https:\/\/beuhparadis.com\/product\/charas-hash\/#primaryimage\",\"url\":\"https:\/\/beuhparadis.com\/wp-content\/uploads\/2024\/12\/Charas-Hash-2.jpeg\",\"contentUrl\":\"https:\/\/beuhparadis.com\/wp-content\/uploads\/2024\/12\/Charas-Hash-2.jpeg\",\"width\":247,\"height\":296,\"caption\":\"Acheter Charas Hash en Ligne\"},{\"@type\":\"BreadcrumbList\",\"@id\":\"https:\/\/beuhparadis.com\/product\/charas-hash\/#breadcrumb\",\"itemListElement\":[{\"@type\":\"ListItem\",\"position\":1,\"name\":\"Home\",\"item\":\"https:\/\/beuhparadis.com\/\"},{\"@type\":\"ListItem\",\"position\":2,\"name\":\"Shop\",\"item\":\"https:\/\/beuhparadis.com\/shop\/\"},{\"@type\":\"ListItem\",\"position\":3,\"name\":\"Charas Hash\"}]},{\"@type\":\"WebSite\",\"@id\":\"https:\/\/beuhparadis.com\/#website\",\"url\":\"https:\/\/beuhparadis.com\/\",\"name\":\"Beuh Paradis\",\"description\":\"\",\"potentialAction\":[{\"@type\":\"SearchAction\",\"target\":{\"@type\":\"EntryPoint\",\"urlTemplate\":\"https:\/\/beuhparadis.com\/?s={search_term_string}\"},\"query-input\":{\"@type\":\"PropertyValueSpecification\",\"valueRequired\":true,\"valueName\":\"search_term_string\"}}],\"inLanguage\":\"sl-SI\"}]}<\/script>\n<!-- \/ Yoast SEO Premium plugin. -->","yoast_head_json":{"title":"Nakup Charas Hash na spletu - vrhunska kakovost | Beuh Paradis","description":"Kupite obrtni Charas Hash na spletu pri Beuh Paradis. U\u017eivajte v pristnem ha\u0161i\u0161u... Hitra in diskretna dostava","robots":{"index":"index","follow":"follow","max-snippet":"max-snippet:-1","max-image-preview":"max-image-preview:large","max-video-preview":"max-video-preview:-1"},"canonical":"https:\/\/beuhparadis.com\/sl\/product\/charas-hash\/","og_locale":"sl_SI","og_type":"article","og_title":"Charas Hash","og_description":"Achate du Charas Hash artisanal en ligne sur Beuh Paradis. Profitez d\u2019un haschich authentique.. Livraison rapide et discr\u00e8te","og_url":"https:\/\/beuhparadis.com\/sl\/product\/charas-hash\/","og_site_name":"Beuh Paradis","article_modified_time":"2025-01-28T08:09:00+00:00","og_image":[{"width":247,"height":296,"url":"https:\/\/beuhparadis.com\/wp-content\/uploads\/2024\/12\/Charas-Hash-2.jpeg","type":"image\/jpeg"}],"twitter_card":"summary_large_image","twitter_misc":{"Est. reading time":"2 minutes"},"schema":{"@context":"https:\/\/schema.org","@graph":[{"@type":"WebPage","@id":"https:\/\/beuhparadis.com\/product\/charas-hash\/","url":"https:\/\/beuhparadis.com\/product\/charas-hash\/","name":"Nakup Charas Hash na spletu - vrhunska kakovost | Beuh Paradis","isPartOf":{"@id":"https:\/\/beuhparadis.com\/#website"},"primaryImageOfPage":{"@id":"https:\/\/beuhparadis.com\/product\/charas-hash\/#primaryimage"},"image":{"@id":"https:\/\/beuhparadis.com\/product\/charas-hash\/#primaryimage"},"thumbnailUrl":"https:\/\/beuhparadis.com\/wp-content\/uploads\/2024\/12\/Charas-Hash-2.jpeg","datePublished":"2024-12-10T23:51:22+00:00","dateModified":"2025-01-28T08:09:00+00:00","description":"Kupite obrtni Charas Hash na spletu pri Beuh Paradis. U\u017eivajte v pristnem ha\u0161i\u0161u... Hitra in diskretna dostava","breadcrumb":{"@id":"https:\/\/beuhparadis.com\/product\/charas-hash\/#breadcrumb"},"inLanguage":"sl-SI","potentialAction":[{"@type":"ReadAction","target":["https:\/\/beuhparadis.com\/product\/charas-hash\/"]}]},{"@type":"ImageObject","inLanguage":"sl-SI","@id":"https:\/\/beuhparadis.com\/product\/charas-hash\/#primaryimage","url":"https:\/\/beuhparadis.com\/wp-content\/uploads\/2024\/12\/Charas-Hash-2.jpeg","contentUrl":"https:\/\/beuhparadis.com\/wp-content\/uploads\/2024\/12\/Charas-Hash-2.jpeg","width":247,"height":296,"caption":"Acheter Charas Hash en Ligne"},{"@type":"BreadcrumbList","@id":"https:\/\/beuhparadis.com\/product\/charas-hash\/#breadcrumb","itemListElement":[{"@type":"ListItem","position":1,"name":"Home","item":"https:\/\/beuhparadis.com\/"},{"@type":"ListItem","position":2,"name":"Shop","item":"https:\/\/beuhparadis.com\/shop\/"},{"@type":"ListItem","position":3,"name":"Charas Hash"}]},{"@type":"WebSite","@id":"https:\/\/beuhparadis.com\/#website","url":"https:\/\/beuhparadis.com\/","name":"Beuh Paradis","description":"","potentialAction":[{"@type":"SearchAction","target":{"@type":"EntryPoint","urlTemplate":"https:\/\/beuhparadis.com\/?s={search_term_string}"},"query-input":{"@type":"PropertyValueSpecification","valueRequired":true,"valueName":"search_term_string"}}],"inLanguage":"sl-SI"}]}},"_links":{"self":[{"href":"https:\/\/beuhparadis.com\/sl\/wp-json\/wp\/v2\/product\/2130","targetHints":{"allow":["GET"]}}],"collection":[{"href":"https:\/\/beuhparadis.com\/sl\/wp-json\/wp\/v2\/product"}],"about":[{"href":"https:\/\/beuhparadis.com\/sl\/wp-json\/wp\/v2\/types\/product"}],"replies":[{"embeddable":true,"href":"https:\/\/beuhparadis.com\/sl\/wp-json\/wp\/v2\/comments?post=2130"}],"wp:featuredmedia":[{"embeddable":true,"href":"https:\/\/beuhparadis.com\/sl\/wp-json\/wp\/v2\/media\/2148"}],"wp:attachment":[{"href":"https:\/\/beuhparadis.com\/sl\/wp-json\/wp\/v2\/media?parent=2130"}],"wp:term":[{"taxonomy":"product_brand","embeddable":true,"href":"https:\/\/beuhparadis.com\/sl\/wp-json\/wp\/v2\/product_brand?post=2130"},{"taxonomy":"product_cat","embeddable":true,"href":"https:\/\/beuhparadis.com\/sl\/wp-json\/wp\/v2\/product_cat?post=2130"},{"taxonomy":"product_tag","embeddable":true,"href":"https:\/\/beuhparadis.com\/sl\/wp-json\/wp\/v2\/product_tag?post=2130"}],"curies":[{"name":"wp","href":"https:\/\/api.w.org\/{rel}","templated":true}]}}