{"id":2120,"date":"2024-12-10T23:51:21","date_gmt":"2024-12-10T23:51:21","guid":{"rendered":"https:\/\/beuhparadis.com\/?post_type=product&#038;p=2120"},"modified":"2025-01-28T08:33:58","modified_gmt":"2025-01-28T08:33:58","slug":"ice-hash","status":"publish","type":"product","link":"https:\/\/beuhparadis.com\/sl\/product\/ice-hash\/","title":{"rendered":"Ledeni kosmi\u010di (Ice Hash)"},"content":{"rendered":"<h1 class=\"wp-block-heading\">Kupi Ice Hash: \u010disti, mo\u010dan koncentrat konoplje<\/h1>\n<p>Kupite Ice Hash, najprimernej\u0161o izbiro za intenzivnej\u0161e do\u017eivetje konoplje. Ice Hash, proizveden s spo\u0161tljivo metodo ekstrakcije brez topil, obljublja izjemno kakovost in \u010distost. Potopite se v svet koncentratov z izdelkom, ki zdru\u017euje tradicijo in inovacije.<\/p>\n<h2 class=\"wp-block-heading\">Informacije o lednem mesu Ice Hash<\/h2>\n<ul class=\"wp-block-list\">\n<li><strong>Izdelava<\/strong>Ice Hash, znan tudi kot bubble hash, se proizvaja z metodo ekstrakcije s hladno vodo. Pri tej tehniki se uporabljajo vre\u010dke z razli\u010dnimi velikostmi mikronskih mre\u017enih o\u010des za lo\u010devanje trihomov od rastlinskega materiala, kar zagotavlja visokokakovosten kon\u010dni izdelek.<\/li>\n<li><strong>Izvor<\/strong>Ice Hash se je rodil v Kaliforniji v devetdesetih letih prej\u0161njega stoletja in izhaja iz iskanja \u010distosti in mo\u010di. S\u010dasoma je bila ta metoda izpopolnjena, da je nastal eden naj\u010distej\u0161ih koncentratov konoplje na trgu.<\/li>\n<li><strong>Vidik<\/strong>Videz mehur\u010dkastega ha\u0161i\u0161a se spreminja od svetlo svetlega do temno rjavega, kar odra\u017ea kakovost in raznolikost uporabljene konoplje. Zaradi mehke in lepljive teksture je enostaven za uporabo pri razli\u010dnih na\u010dinih u\u017eivanja.<\/li>\n<\/ul>\n<h2 class=\"wp-block-heading\">THC in CBD<\/h2>\n<ul class=\"wp-block-list\">\n<li><strong>THC<\/strong>Ice Hash odlikuje visoka koncentracija THC, ki dosega 60%, kar zagotavlja mo\u010dno in dolgotrajno izku\u0161njo.<\/li>\n<li><strong>CBD<\/strong>Vsebnost CBD je v skladu s francosko zakonodajo ni\u017eja od 0,3%, kar zagotavlja, da v izdelku prevladuje THC in ima mo\u010dnej\u0161e u\u010dinke.<\/li>\n<\/ul>\n<h2 class=\"wp-block-heading\">U\u010dinki, arome in okusi<\/h2>\n<h3 class=\"wp-block-heading\">U\u010dinek<\/h3>\n<p>Ice Hash je znan po svojih u\u010dinkih proti tesnobi, saj zagotavlja globoko sprostitev, ne da bi uporabnika obremenil. Idealen je za boj proti stresu in tesnobi, saj v vrve\u017eu vsakdanjega \u017eivljenja ponuja zavetje miru.<\/p>\n<h3 class=\"wp-block-heading\">Aroma<\/h3>\n<p>Bubble hash zapeljuje z aromami bora in kadila ter vabi na \u010dutno potovanje v osr\u010dje starih gozdov.<\/p>\n<h3 class=\"wp-block-heading\">Okusi<\/h3>\n<p>Njegov okus, ki je zaradi ekstrakcije trihomov mo\u010dno zgo\u0161\u010den, je \u010distej\u0161i in ne\u017enej\u0161i kot pri drugih oblikah ha\u0161i\u0161a ter poudarja bogat, niansiran \u0161opek terpenov in kanabinoidov.<\/p>\n<h2 class=\"wp-block-heading\">Zdravstveni u\u010dinki<\/h2>\n<h3 class=\"wp-block-heading\">Zdravstveni u\u010dinki<\/h3>\n<p>Ledena masa lahko poleg spro\u0161\u010dujo\u010dih u\u010dinkov laj\u0161a tudi \u0161tevilne bolezni in prispeva k splo\u0161nemu izbolj\u0161anju po\u010dutja.<\/p>\n<h3 class=\"wp-block-heading\">Lahko olaj\u0161a<\/h3>\n<p>Posebej u\u010dinkovit je proti stresu in tesnobi, zato je dragocen zaveznik pri obvladovanju teh stanj, saj ponuja naravno alternativo obi\u010dajnemu zdravljenju.<\/p>\n<h2 class=\"wp-block-heading\">Kako kaditi hash ice o lator<\/h2>\n<p>Hash ice o lator je primeren za razli\u010dne na\u010dine u\u017eivanja, bodisi da je vgrajen v d\u017eojnt, uparjen ali pa se uporablja samostojno v cevi. Na\u010din u\u017eivanja je mogo\u010de prilagoditi osebnim \u017eeljam in tako pridobiti izku\u0161njo po meri.<\/p>\n<h2 class=\"wp-block-heading\">Kje lahko kupim Ice Hash na spletu?<\/h2>\n<p><a href=\"https:\/\/beuhparadis.com\/sl\/product\/acheter-cheetah-piss-weed\/\">Beuhparadis<\/a>\u00a0 je va\u0161a destinacija za vrhunski ledeni kruh. Na\u0161 strogi izbor zagotavlja \u010dist, mo\u010dan izdelek, ki je v skladu z veljavnimi standardi.<\/p>\n<h2 class=\"wp-block-heading\">Zakaj izbrati beuhparadis ice o lator hash?<\/h2>\n<p>Zavezani smo, da vam ponudimo izjemen izdelek, ki izpolnjuje najstro\u017eja merila kakovosti in \u010distosti. Izbira heuhparaisa pomeni izbiro odli\u010dnosti.<\/p>\n<h2 class=\"wp-block-heading\">Evropska zakonodaja o prodaji Hash<\/h2>\n<p>Ha\u0161i\u0161 Ice o lator z visoko vsebnostjo THC in CBD v skladu z zakonodajo je v Evropi zakonit izdelek, ki omogo\u010da odgovorno in varno u\u017eivanje.<\/p>\n<p>Ice Hash predstavlja vrhunsko izku\u0161njo s konopljo, ki zdru\u017euje mo\u010d, \u010distost in u\u017eitek. Odkrijte ta izjemen koncentrat na Acheterducannabis.fr in se potopite v edinstveno izku\u0161njo.<\/p>","protected":false},"excerpt":{"rendered":"<p>Ice Hash ima pikanten okus in arome, ki segajo od limoninih do cvetli\u010dnih, ter svetlo barvo kiefa s kristaliziranimi odtenki. Da bi dosegli kon\u010dni izdelek izjemnega okusa, so za proizvodni postopek potrebna visokokakovostna znanja in oprema.<\/p>","protected":false},"featured_media":2146,"comment_status":"closed","ping_status":"closed","template":"","meta":{"site-sidebar-layout":"default","site-content-layout":"","ast-site-content-layout":"default","site-content-style":"default","site-sidebar-style":"default","ast-global-header-display":"","ast-banner-title-visibility":"","ast-main-header-display":"","ast-hfb-above-header-display":"","ast-hfb-below-header-display":"","ast-hfb-mobile-header-display":"","site-post-title":"","ast-breadcrumbs-content":"","ast-featured-img":"","footer-sml-layout":"","theme-transparent-header-meta":"default","adv-header-id-meta":"","stick-header-meta":"","header-above-stick-meta":"","header-main-stick-meta":"","header-below-stick-meta":"","astra-migrate-meta-layouts":"set","ast-page-background-enabled":"default","ast-page-background-meta":{"desktop":{"background-color":"","background-image":"","background-repeat":"repeat","background-position":"center center","background-size":"auto","background-attachment":"scroll","background-type":"","background-media":"","overlay-type":"","overlay-color":"","overlay-opacity":"","overlay-gradient":""},"tablet":{"background-color":"","background-image":"","background-repeat":"repeat","background-position":"center center","background-size":"auto","background-attachment":"scroll","background-type":"","background-media":"","overlay-type":"","overlay-color":"","overlay-opacity":"","overlay-gradient":""},"mobile":{"background-color":"","background-image":"","background-repeat":"repeat","background-position":"center center","background-size":"auto","background-attachment":"scroll","background-type":"","background-media":"","overlay-type":"","overlay-color":"","overlay-opacity":"","overlay-gradient":""}},"ast-content-background-meta":{"desktop":{"background-color":"var(--ast-global-color-5)","background-image":"","background-repeat":"repeat","background-position":"center center","background-size":"auto","background-attachment":"scroll","background-type":"","background-media":"","overlay-type":"","overlay-color":"","overlay-opacity":"","overlay-gradient":""},"tablet":{"background-color":"var(--ast-global-color-5)","background-image":"","background-repeat":"repeat","background-position":"center center","background-size":"auto","background-attachment":"scroll","background-type":"","background-media":"","overlay-type":"","overlay-color":"","overlay-opacity":"","overlay-gradient":""},"mobile":{"background-color":"var(--ast-global-color-5)","background-image":"","background-repeat":"repeat","background-position":"center center","background-size":"auto","background-attachment":"scroll","background-type":"","background-media":"","overlay-type":"","overlay-color":"","overlay-opacity":"","overlay-gradient":""}},"_joinchat":[]},"product_brand":[],"product_cat":[48],"product_tag":[],"class_list":{"0":"post-2120","1":"product","2":"type-product","3":"status-publish","4":"has-post-thumbnail","6":"product_cat-shit-thc","7":"desktop-align-left","8":"tablet-align-left","9":"mobile-align-left","11":"first","12":"instock","13":"shipping-taxable","14":"purchasable","15":"product-type-variable"},"yoast_head":"<!-- This site is optimized with the Yoast SEO Premium plugin v24.1 (Yoast SEO v26.8) - https:\/\/yoast.com\/product\/yoast-seo-premium-wordpress\/ -->\n<title>Acheter Ice Hash en Ligne | Ice-O-Lator de Qualit\u00e9 Sup\u00e9rieure<\/title>\n<meta name=\"description\" content=\"Acheter Ice Hash, un concentr\u00e9 de cannabis pur et puissant, fabriqu\u00e9 \u00e0 partir de m\u00e9thodes de tamisage \u00e0 glace. Achetez en ligne avec livraison discr\u00e8te\/rapide\" \/>\n<meta name=\"robots\" content=\"index, follow, max-snippet:-1, max-image-preview:large, max-video-preview:-1\" \/>\n<link rel=\"canonical\" href=\"https:\/\/beuhparadis.com\/sl\/product\/ice-hash\/\" \/>\n<meta property=\"og:locale\" content=\"sl_SI\" \/>\n<meta property=\"og:type\" content=\"article\" \/>\n<meta property=\"og:title\" content=\"Ice Hash\" \/>\n<meta property=\"og:description\" content=\"Acheter Ice Hash, un concentr\u00e9 de cannabis pur et puissant, fabriqu\u00e9 \u00e0 partir de m\u00e9thodes de tamisage \u00e0 glace. Achetez en ligne avec livraison discr\u00e8te\/rapide\" \/>\n<meta property=\"og:url\" content=\"https:\/\/beuhparadis.com\/sl\/product\/ice-hash\/\" \/>\n<meta property=\"og:site_name\" content=\"Beuh Paradis\" \/>\n<meta property=\"article:modified_time\" content=\"2025-01-28T08:33:58+00:00\" \/>\n<meta property=\"og:image\" content=\"https:\/\/beuhparadis.com\/wp-content\/uploads\/2024\/12\/Ice-Hash-2.jpeg\" \/>\n\t<meta property=\"og:image:width\" content=\"247\" \/>\n\t<meta property=\"og:image:height\" content=\"296\" \/>\n\t<meta property=\"og:image:type\" content=\"image\/jpeg\" \/>\n<meta name=\"twitter:card\" content=\"summary_large_image\" \/>\n<meta name=\"twitter:label1\" content=\"Est. reading time\" \/>\n\t<meta name=\"twitter:data1\" content=\"3 minutes\" \/>\n<script type=\"application\/ld+json\" class=\"yoast-schema-graph\">{\"@context\":\"https:\/\/schema.org\",\"@graph\":[{\"@type\":\"WebPage\",\"@id\":\"https:\/\/beuhparadis.com\/product\/ice-hash\/\",\"url\":\"https:\/\/beuhparadis.com\/product\/ice-hash\/\",\"name\":\"Acheter Ice Hash en Ligne | Ice-O-Lator de Qualit\u00e9 Sup\u00e9rieure\",\"isPartOf\":{\"@id\":\"https:\/\/beuhparadis.com\/#website\"},\"primaryImageOfPage\":{\"@id\":\"https:\/\/beuhparadis.com\/product\/ice-hash\/#primaryimage\"},\"image\":{\"@id\":\"https:\/\/beuhparadis.com\/product\/ice-hash\/#primaryimage\"},\"thumbnailUrl\":\"https:\/\/beuhparadis.com\/wp-content\/uploads\/2024\/12\/Ice-Hash-2.jpeg\",\"datePublished\":\"2024-12-10T23:51:21+00:00\",\"dateModified\":\"2025-01-28T08:33:58+00:00\",\"description\":\"Acheter Ice Hash, un concentr\u00e9 de cannabis pur et puissant, fabriqu\u00e9 \u00e0 partir de m\u00e9thodes de tamisage \u00e0 glace. Achetez en ligne avec livraison discr\u00e8te\/rapide\",\"breadcrumb\":{\"@id\":\"https:\/\/beuhparadis.com\/product\/ice-hash\/#breadcrumb\"},\"inLanguage\":\"sl-SI\",\"potentialAction\":[{\"@type\":\"ReadAction\",\"target\":[\"https:\/\/beuhparadis.com\/product\/ice-hash\/\"]}]},{\"@type\":\"ImageObject\",\"inLanguage\":\"sl-SI\",\"@id\":\"https:\/\/beuhparadis.com\/product\/ice-hash\/#primaryimage\",\"url\":\"https:\/\/beuhparadis.com\/wp-content\/uploads\/2024\/12\/Ice-Hash-2.jpeg\",\"contentUrl\":\"https:\/\/beuhparadis.com\/wp-content\/uploads\/2024\/12\/Ice-Hash-2.jpeg\",\"width\":247,\"height\":296},{\"@type\":\"BreadcrumbList\",\"@id\":\"https:\/\/beuhparadis.com\/product\/ice-hash\/#breadcrumb\",\"itemListElement\":[{\"@type\":\"ListItem\",\"position\":1,\"name\":\"Home\",\"item\":\"https:\/\/beuhparadis.com\/\"},{\"@type\":\"ListItem\",\"position\":2,\"name\":\"Shop\",\"item\":\"https:\/\/beuhparadis.com\/shop\/\"},{\"@type\":\"ListItem\",\"position\":3,\"name\":\"Ice Hash\"}]},{\"@type\":\"WebSite\",\"@id\":\"https:\/\/beuhparadis.com\/#website\",\"url\":\"https:\/\/beuhparadis.com\/\",\"name\":\"Beuh Paradis\",\"description\":\"\",\"potentialAction\":[{\"@type\":\"SearchAction\",\"target\":{\"@type\":\"EntryPoint\",\"urlTemplate\":\"https:\/\/beuhparadis.com\/?s={search_term_string}\"},\"query-input\":{\"@type\":\"PropertyValueSpecification\",\"valueRequired\":true,\"valueName\":\"search_term_string\"}}],\"inLanguage\":\"sl-SI\"}]}<\/script>\n<!-- \/ Yoast SEO Premium plugin. -->","yoast_head_json":{"title":"Nakup Ice Hash na spletu | Visoka kakovost Ice-O-Lator","description":"Kupite Ice Hash, \u010dist in mo\u010dan koncentrat konoplje, narejen z uporabo metode presejanja ledu. Nakup prek spleta z diskretno\/hitro dostavo","robots":{"index":"index","follow":"follow","max-snippet":"max-snippet:-1","max-image-preview":"max-image-preview:large","max-video-preview":"max-video-preview:-1"},"canonical":"https:\/\/beuhparadis.com\/sl\/product\/ice-hash\/","og_locale":"sl_SI","og_type":"article","og_title":"Ice Hash","og_description":"Acheter Ice Hash, un concentr\u00e9 de cannabis pur et puissant, fabriqu\u00e9 \u00e0 partir de m\u00e9thodes de tamisage \u00e0 glace. Achetez en ligne avec livraison discr\u00e8te\/rapide","og_url":"https:\/\/beuhparadis.com\/sl\/product\/ice-hash\/","og_site_name":"Beuh Paradis","article_modified_time":"2025-01-28T08:33:58+00:00","og_image":[{"width":247,"height":296,"url":"https:\/\/beuhparadis.com\/wp-content\/uploads\/2024\/12\/Ice-Hash-2.jpeg","type":"image\/jpeg"}],"twitter_card":"summary_large_image","twitter_misc":{"Est. reading time":"3 minutes"},"schema":{"@context":"https:\/\/schema.org","@graph":[{"@type":"WebPage","@id":"https:\/\/beuhparadis.com\/product\/ice-hash\/","url":"https:\/\/beuhparadis.com\/product\/ice-hash\/","name":"Nakup Ice Hash na spletu | Visoka kakovost Ice-O-Lator","isPartOf":{"@id":"https:\/\/beuhparadis.com\/#website"},"primaryImageOfPage":{"@id":"https:\/\/beuhparadis.com\/product\/ice-hash\/#primaryimage"},"image":{"@id":"https:\/\/beuhparadis.com\/product\/ice-hash\/#primaryimage"},"thumbnailUrl":"https:\/\/beuhparadis.com\/wp-content\/uploads\/2024\/12\/Ice-Hash-2.jpeg","datePublished":"2024-12-10T23:51:21+00:00","dateModified":"2025-01-28T08:33:58+00:00","description":"Kupite Ice Hash, \u010dist in mo\u010dan koncentrat konoplje, narejen z uporabo metode presejanja ledu. Nakup prek spleta z diskretno\/hitro dostavo","breadcrumb":{"@id":"https:\/\/beuhparadis.com\/product\/ice-hash\/#breadcrumb"},"inLanguage":"sl-SI","potentialAction":[{"@type":"ReadAction","target":["https:\/\/beuhparadis.com\/product\/ice-hash\/"]}]},{"@type":"ImageObject","inLanguage":"sl-SI","@id":"https:\/\/beuhparadis.com\/product\/ice-hash\/#primaryimage","url":"https:\/\/beuhparadis.com\/wp-content\/uploads\/2024\/12\/Ice-Hash-2.jpeg","contentUrl":"https:\/\/beuhparadis.com\/wp-content\/uploads\/2024\/12\/Ice-Hash-2.jpeg","width":247,"height":296},{"@type":"BreadcrumbList","@id":"https:\/\/beuhparadis.com\/product\/ice-hash\/#breadcrumb","itemListElement":[{"@type":"ListItem","position":1,"name":"Home","item":"https:\/\/beuhparadis.com\/"},{"@type":"ListItem","position":2,"name":"Shop","item":"https:\/\/beuhparadis.com\/shop\/"},{"@type":"ListItem","position":3,"name":"Ice Hash"}]},{"@type":"WebSite","@id":"https:\/\/beuhparadis.com\/#website","url":"https:\/\/beuhparadis.com\/","name":"Beuh Paradis","description":"","potentialAction":[{"@type":"SearchAction","target":{"@type":"EntryPoint","urlTemplate":"https:\/\/beuhparadis.com\/?s={search_term_string}"},"query-input":{"@type":"PropertyValueSpecification","valueRequired":true,"valueName":"search_term_string"}}],"inLanguage":"sl-SI"}]}},"_links":{"self":[{"href":"https:\/\/beuhparadis.com\/sl\/wp-json\/wp\/v2\/product\/2120","targetHints":{"allow":["GET"]}}],"collection":[{"href":"https:\/\/beuhparadis.com\/sl\/wp-json\/wp\/v2\/product"}],"about":[{"href":"https:\/\/beuhparadis.com\/sl\/wp-json\/wp\/v2\/types\/product"}],"replies":[{"embeddable":true,"href":"https:\/\/beuhparadis.com\/sl\/wp-json\/wp\/v2\/comments?post=2120"}],"wp:featuredmedia":[{"embeddable":true,"href":"https:\/\/beuhparadis.com\/sl\/wp-json\/wp\/v2\/media\/2146"}],"wp:attachment":[{"href":"https:\/\/beuhparadis.com\/sl\/wp-json\/wp\/v2\/media?parent=2120"}],"wp:term":[{"taxonomy":"product_brand","embeddable":true,"href":"https:\/\/beuhparadis.com\/sl\/wp-json\/wp\/v2\/product_brand?post=2120"},{"taxonomy":"product_cat","embeddable":true,"href":"https:\/\/beuhparadis.com\/sl\/wp-json\/wp\/v2\/product_cat?post=2120"},{"taxonomy":"product_tag","embeddable":true,"href":"https:\/\/beuhparadis.com\/sl\/wp-json\/wp\/v2\/product_tag?post=2120"}],"curies":[{"name":"wp","href":"https:\/\/api.w.org\/{rel}","templated":true}]}}