{"id":2100,"date":"2024-12-10T23:51:12","date_gmt":"2024-12-10T23:51:12","guid":{"rendered":"https:\/\/beuhparadis.com\/?post_type=product&#038;p=2100"},"modified":"2025-01-28T08:35:57","modified_gmt":"2025-01-28T08:35:57","slug":"moroccan-slate-hash","status":"publish","type":"product","link":"https:\/\/beuhparadis.com\/sl\/product\/moroccan-slate-hash\/","title":{"rendered":"Maro\u0161ki skrilavec Hash"},"content":{"rendered":"<h1 class=\"wp-block-heading\">Nakup Maro\u0161ki skrilavec Hash<\/h1>\n<p>Moroccan Slate Hash je zelo cenjena sorta ha\u0161i\u0161a iz Maroka, ki slovi po vrhunski kakovosti in spro\u0161\u010dujo\u010dih u\u010dinkih. Izdelek se je komercialno gojil v Maroku, preden so ga izvozili v druge dr\u017eave. Odkrijte edinstvene lastnosti, zaradi katerih je Moroccan Slate Hash priljubljena izbira med potro\u0161niki konoplje.<\/p>\n<h2 class=\"wp-block-heading\">Informacije o Moroccan Slate Hash<\/h2>\n<ul class=\"wp-block-list\">\n<li><strong>Izvor<\/strong> Komercialno se goji v Maroku.<\/li>\n<li><strong>Barva<\/strong> Zunanjost je zelena, notranjost pa rjava, kar odra\u017ea barvo rastline konoplje.<\/li>\n<li><strong>Aroma<\/strong> Aromati\u010den in blag.<\/li>\n<li><strong>Okusi<\/strong> Bolj aromati\u010den in izrazit kot druge vrste ha\u0161i\u0161a.<\/li>\n<li><strong>Doslednost<\/strong> Odvisno od vrste plevela in proizvodnega postopka.<\/li>\n<li><strong>Te\u017ea<\/strong> : L\u00e9ger.<\/li>\n<li><strong>Sorte<\/strong> Vklju\u010duje cvetni prah, sputnik in ni\u010dlo, vsak z druga\u010dno teksturo in konsistenco.<\/li>\n<\/ul>\n<h2 class=\"wp-block-heading\">THC in CBD<\/h2>\n<ul class=\"wp-block-list\">\n<li><strong>THC :<\/strong> Koncentracije od 10 do 11%, ki zagotavljajo zmerno mo\u010d.<\/li>\n<li><strong>CBD :<\/strong> Posebne informacije o CBD niso omenjene, poudarek je na blagih u\u010dinkih THC.<\/li>\n<\/ul>\n<h2 class=\"wp-block-heading\">U\u010dinki, vonj in okus<\/h2>\n<h3 class=\"wp-block-heading\">U\u010dinek<\/h3>\n<p>Maro\u0161ki skrilavec Hash ponuja lahkotno mo\u010d, ki povzro\u010da ob\u010dutek zaspanosti in globoke sprostitve, ne da bi bila premo\u010dna.<\/p>\n<h3 class=\"wp-block-heading\">Aroma<\/h3>\n<p>Njen vonj je blag in aromati\u010den ter prispeva k prijetnemu kajenju.<\/p>\n<h3 class=\"wp-block-heading\">Okusi<\/h3>\n<p>Okus maro\u0161kega ha\u0161i\u0161a iz skrilavca je izrazito pikanten in po okusu preka\u0161a druge vrste ha\u0161i\u0161a.<\/p>\n<h2 class=\"wp-block-heading\">Zdravstveni u\u010dinki<\/h2>\n<h3 class=\"wp-block-heading\">Zdravstveni u\u010dinki<\/h3>\n<ul class=\"wp-block-list\">\n<li>Blagi pomirjevalni u\u010dinki.<\/li>\n<li>Ob\u010dutek spro\u0161\u010denosti.<\/li>\n<\/ul>\n<h3 class=\"wp-block-heading\">Lahko olaj\u0161a<\/h3>\n<ul class=\"wp-block-list\">\n<li>Stres.<\/li>\n<li>Mi\u0161i\u010dna napetost.<\/li>\n<li>Nespe\u010dnost.<\/li>\n<\/ul>\n<h2 class=\"wp-block-heading\">Kako kaditi ha\u0161i\u0161<\/h2>\n<p>Maro\u0161ki skrilavec se lahko u\u017eiva na razli\u010dne na\u010dine: kadi se v bongu, d\u017eojntih, uparja se ali zau\u017eije oralno v medicinske namene. Nikoli ne smete pretiravati z uporabo tega izdelka.<\/p>\n<h2 class=\"wp-block-heading\">Kje lahko kupim maro\u0161ke skrilavce Hash na spletu?<\/h2>\n<p>Moroccan Slate Hash je na voljo na Acheterducannabis.fr, ki ponuja pristen, edinstven in varen izdelek. Odkrijte razli\u010dne vrste maro\u0161kega ha\u0161i\u0161a po dostopnih cenah.<\/p>\n<h2 class=\"wp-block-heading\">Zakaj kupiti Hash maro\u0161ki skrilavec od Acheterducannabis.fr?<\/h2>\n<p><a href=\"https:\/\/beuhparadis.com\/sl\/product\/charas-hash\/\">Beuhparadis<\/a> je zavezan k zagotavljanju izdelkov iz maro\u0161kega ha\u0161i\u0161a najvi\u0161je kakovosti, ki s \u010distimi, sve\u017eimi in edinstvenimi izdelki zagotavljajo optimalno uporabni\u0161ko izku\u0161njo.<\/p>\n<h2 class=\"wp-block-heading\">Vladni zakoni o prodaji Hash v Evropi<\/h2>\n<p>Prodaja ha\u0161i\u0161a, vklju\u010dno z maro\u0161kim skrilavcem, je v Evropi regulirana. Nakup pri Acheterducannabis.fr zagotavlja skladnost z lokalnimi zakoni, kar evropskim potro\u0161nikom omogo\u010da zakonito in varno nabavo ha\u0161i\u0161a.<\/p>\n<p>Moroccan Slate Hash ima blago mo\u010d, prijetno aromo in spro\u0161\u010dujo\u010de u\u010dinke, zato je idealna izbira za navdu\u0161ence nad konopljo, ki i\u0161\u010dejo zmerno, a zadovoljivo izku\u0161njo. Ne glede na to, ali se \u017eelite sprostiti po dolgem dnevu ali si olaj\u0161ati bole\u010dine, Moroccan Slate Hash ponuja naravno in prijetno re\u0161itev.<\/p>","protected":false},"excerpt":{"rendered":"<p><strong>THC: <\/strong>45%<\/p>\n<p><strong>Zdravstveni u\u010dinki<\/strong><\/p>\n<ul class=\"wp-block-list\">\n<li>Blagi pomirjevalni u\u010dinki.<\/li>\n<li>Ob\u010dutek spro\u0161\u010denosti.<\/li>\n<\/ul>","protected":false},"featured_media":2113,"comment_status":"closed","ping_status":"closed","template":"","meta":{"site-sidebar-layout":"default","site-content-layout":"","ast-site-content-layout":"default","site-content-style":"default","site-sidebar-style":"default","ast-global-header-display":"","ast-banner-title-visibility":"","ast-main-header-display":"","ast-hfb-above-header-display":"","ast-hfb-below-header-display":"","ast-hfb-mobile-header-display":"","site-post-title":"","ast-breadcrumbs-content":"","ast-featured-img":"","footer-sml-layout":"","theme-transparent-header-meta":"default","adv-header-id-meta":"","stick-header-meta":"","header-above-stick-meta":"","header-main-stick-meta":"","header-below-stick-meta":"","astra-migrate-meta-layouts":"set","ast-page-background-enabled":"default","ast-page-background-meta":{"desktop":{"background-color":"","background-image":"","background-repeat":"repeat","background-position":"center center","background-size":"auto","background-attachment":"scroll","background-type":"","background-media":"","overlay-type":"","overlay-color":"","overlay-opacity":"","overlay-gradient":""},"tablet":{"background-color":"","background-image":"","background-repeat":"repeat","background-position":"center center","background-size":"auto","background-attachment":"scroll","background-type":"","background-media":"","overlay-type":"","overlay-color":"","overlay-opacity":"","overlay-gradient":""},"mobile":{"background-color":"","background-image":"","background-repeat":"repeat","background-position":"center center","background-size":"auto","background-attachment":"scroll","background-type":"","background-media":"","overlay-type":"","overlay-color":"","overlay-opacity":"","overlay-gradient":""}},"ast-content-background-meta":{"desktop":{"background-color":"var(--ast-global-color-5)","background-image":"","background-repeat":"repeat","background-position":"center center","background-size":"auto","background-attachment":"scroll","background-type":"","background-media":"","overlay-type":"","overlay-color":"","overlay-opacity":"","overlay-gradient":""},"tablet":{"background-color":"var(--ast-global-color-5)","background-image":"","background-repeat":"repeat","background-position":"center center","background-size":"auto","background-attachment":"scroll","background-type":"","background-media":"","overlay-type":"","overlay-color":"","overlay-opacity":"","overlay-gradient":""},"mobile":{"background-color":"var(--ast-global-color-5)","background-image":"","background-repeat":"repeat","background-position":"center center","background-size":"auto","background-attachment":"scroll","background-type":"","background-media":"","overlay-type":"","overlay-color":"","overlay-opacity":"","overlay-gradient":""}},"_joinchat":[]},"product_brand":[],"product_cat":[48],"product_tag":[],"class_list":{"0":"post-2100","1":"product","2":"type-product","3":"status-publish","4":"has-post-thumbnail","6":"product_cat-shit-thc","7":"desktop-align-left","8":"tablet-align-left","9":"mobile-align-left","11":"first","12":"instock","13":"shipping-taxable","14":"purchasable","15":"product-type-variable"},"yoast_head":"<!-- This site is optimized with the Yoast SEO Premium plugin v24.1 (Yoast SEO v26.8) - https:\/\/yoast.com\/product\/yoast-seo-premium-wordpress\/ -->\n<title>Acheter Moroccan Slate Hash | Hash Marocain en Slate Premium<\/title>\n<meta name=\"description\" content=\"Acheter Moroccan Slate Hash, un hash marocain traditionnel press\u00e9 en plaques, connu pour sa texture unique et ses ar\u00f4mes riches. Achetez en ligne avec livraison discr\u00e8te et rapide.\" \/>\n<meta name=\"robots\" content=\"index, follow, max-snippet:-1, max-image-preview:large, max-video-preview:-1\" \/>\n<link rel=\"canonical\" href=\"https:\/\/beuhparadis.com\/sl\/product\/moroccan-slate-hash\/\" \/>\n<meta property=\"og:locale\" content=\"sl_SI\" \/>\n<meta property=\"og:type\" content=\"article\" \/>\n<meta property=\"og:title\" content=\"Moroccan Slate Hash\" \/>\n<meta property=\"og:description\" content=\"Acheter Moroccan Slate Hash, un hash marocain traditionnel press\u00e9 en plaques, connu pour sa texture unique et ses ar\u00f4mes riches. Achetez en ligne avec livraison discr\u00e8te et rapide.\" \/>\n<meta property=\"og:url\" content=\"https:\/\/beuhparadis.com\/sl\/product\/moroccan-slate-hash\/\" \/>\n<meta property=\"og:site_name\" content=\"Beuh Paradis\" \/>\n<meta property=\"article:modified_time\" content=\"2025-01-28T08:35:57+00:00\" \/>\n<meta property=\"og:image\" content=\"https:\/\/beuhparadis.com\/wp-content\/uploads\/2024\/12\/Moroccan-Slate-Hash-2.jpeg\" \/>\n\t<meta property=\"og:image:width\" content=\"247\" \/>\n\t<meta property=\"og:image:height\" content=\"296\" \/>\n\t<meta property=\"og:image:type\" content=\"image\/jpeg\" \/>\n<meta name=\"twitter:card\" content=\"summary_large_image\" \/>\n<meta name=\"twitter:label1\" content=\"Est. reading time\" \/>\n\t<meta name=\"twitter:data1\" content=\"3 minutes\" \/>\n<script type=\"application\/ld+json\" class=\"yoast-schema-graph\">{\"@context\":\"https:\/\/schema.org\",\"@graph\":[{\"@type\":\"WebPage\",\"@id\":\"https:\/\/beuhparadis.com\/product\/moroccan-slate-hash\/\",\"url\":\"https:\/\/beuhparadis.com\/product\/moroccan-slate-hash\/\",\"name\":\"Acheter Moroccan Slate Hash | Hash Marocain en Slate Premium\",\"isPartOf\":{\"@id\":\"https:\/\/beuhparadis.com\/#website\"},\"primaryImageOfPage\":{\"@id\":\"https:\/\/beuhparadis.com\/product\/moroccan-slate-hash\/#primaryimage\"},\"image\":{\"@id\":\"https:\/\/beuhparadis.com\/product\/moroccan-slate-hash\/#primaryimage\"},\"thumbnailUrl\":\"https:\/\/beuhparadis.com\/wp-content\/uploads\/2024\/12\/Moroccan-Slate-Hash-2.jpeg\",\"datePublished\":\"2024-12-10T23:51:12+00:00\",\"dateModified\":\"2025-01-28T08:35:57+00:00\",\"description\":\"Acheter Moroccan Slate Hash, un hash marocain traditionnel press\u00e9 en plaques, connu pour sa texture unique et ses ar\u00f4mes riches. Achetez en ligne avec livraison discr\u00e8te et rapide.\",\"breadcrumb\":{\"@id\":\"https:\/\/beuhparadis.com\/product\/moroccan-slate-hash\/#breadcrumb\"},\"inLanguage\":\"sl-SI\",\"potentialAction\":[{\"@type\":\"ReadAction\",\"target\":[\"https:\/\/beuhparadis.com\/product\/moroccan-slate-hash\/\"]}]},{\"@type\":\"ImageObject\",\"inLanguage\":\"sl-SI\",\"@id\":\"https:\/\/beuhparadis.com\/product\/moroccan-slate-hash\/#primaryimage\",\"url\":\"https:\/\/beuhparadis.com\/wp-content\/uploads\/2024\/12\/Moroccan-Slate-Hash-2.jpeg\",\"contentUrl\":\"https:\/\/beuhparadis.com\/wp-content\/uploads\/2024\/12\/Moroccan-Slate-Hash-2.jpeg\",\"width\":247,\"height\":296},{\"@type\":\"BreadcrumbList\",\"@id\":\"https:\/\/beuhparadis.com\/product\/moroccan-slate-hash\/#breadcrumb\",\"itemListElement\":[{\"@type\":\"ListItem\",\"position\":1,\"name\":\"Home\",\"item\":\"https:\/\/beuhparadis.com\/\"},{\"@type\":\"ListItem\",\"position\":2,\"name\":\"Shop\",\"item\":\"https:\/\/beuhparadis.com\/shop\/\"},{\"@type\":\"ListItem\",\"position\":3,\"name\":\"Moroccan Slate Hash\"}]},{\"@type\":\"WebSite\",\"@id\":\"https:\/\/beuhparadis.com\/#website\",\"url\":\"https:\/\/beuhparadis.com\/\",\"name\":\"Beuh Paradis\",\"description\":\"\",\"potentialAction\":[{\"@type\":\"SearchAction\",\"target\":{\"@type\":\"EntryPoint\",\"urlTemplate\":\"https:\/\/beuhparadis.com\/?s={search_term_string}\"},\"query-input\":{\"@type\":\"PropertyValueSpecification\",\"valueRequired\":true,\"valueName\":\"search_term_string\"}}],\"inLanguage\":\"sl-SI\"}]}<\/script>\n<!-- \/ Yoast SEO Premium plugin. -->","yoast_head_json":{"title":"Nakup Moroccan Slate Hash | Moroccan Slate Hash Premium","description":"Kupite Moroccan Slate Hash, tradicionalni maro\u0161ki ha\u0161i\u0161, stiskan na plo\u0161\u010dah, znan po svoji edinstveni strukturi in bogatih okusih. Kupite prek spleta s hitro in diskretno dostavo.","robots":{"index":"index","follow":"follow","max-snippet":"max-snippet:-1","max-image-preview":"max-image-preview:large","max-video-preview":"max-video-preview:-1"},"canonical":"https:\/\/beuhparadis.com\/sl\/product\/moroccan-slate-hash\/","og_locale":"sl_SI","og_type":"article","og_title":"Moroccan Slate Hash","og_description":"Acheter Moroccan Slate Hash, un hash marocain traditionnel press\u00e9 en plaques, connu pour sa texture unique et ses ar\u00f4mes riches. Achetez en ligne avec livraison discr\u00e8te et rapide.","og_url":"https:\/\/beuhparadis.com\/sl\/product\/moroccan-slate-hash\/","og_site_name":"Beuh Paradis","article_modified_time":"2025-01-28T08:35:57+00:00","og_image":[{"width":247,"height":296,"url":"https:\/\/beuhparadis.com\/wp-content\/uploads\/2024\/12\/Moroccan-Slate-Hash-2.jpeg","type":"image\/jpeg"}],"twitter_card":"summary_large_image","twitter_misc":{"Est. reading time":"3 minutes"},"schema":{"@context":"https:\/\/schema.org","@graph":[{"@type":"WebPage","@id":"https:\/\/beuhparadis.com\/product\/moroccan-slate-hash\/","url":"https:\/\/beuhparadis.com\/product\/moroccan-slate-hash\/","name":"Nakup Moroccan Slate Hash | Moroccan Slate Hash Premium","isPartOf":{"@id":"https:\/\/beuhparadis.com\/#website"},"primaryImageOfPage":{"@id":"https:\/\/beuhparadis.com\/product\/moroccan-slate-hash\/#primaryimage"},"image":{"@id":"https:\/\/beuhparadis.com\/product\/moroccan-slate-hash\/#primaryimage"},"thumbnailUrl":"https:\/\/beuhparadis.com\/wp-content\/uploads\/2024\/12\/Moroccan-Slate-Hash-2.jpeg","datePublished":"2024-12-10T23:51:12+00:00","dateModified":"2025-01-28T08:35:57+00:00","description":"Kupite Moroccan Slate Hash, tradicionalni maro\u0161ki ha\u0161i\u0161, stiskan na plo\u0161\u010dah, znan po svoji edinstveni strukturi in bogatih okusih. Kupite prek spleta s hitro in diskretno dostavo.","breadcrumb":{"@id":"https:\/\/beuhparadis.com\/product\/moroccan-slate-hash\/#breadcrumb"},"inLanguage":"sl-SI","potentialAction":[{"@type":"ReadAction","target":["https:\/\/beuhparadis.com\/product\/moroccan-slate-hash\/"]}]},{"@type":"ImageObject","inLanguage":"sl-SI","@id":"https:\/\/beuhparadis.com\/product\/moroccan-slate-hash\/#primaryimage","url":"https:\/\/beuhparadis.com\/wp-content\/uploads\/2024\/12\/Moroccan-Slate-Hash-2.jpeg","contentUrl":"https:\/\/beuhparadis.com\/wp-content\/uploads\/2024\/12\/Moroccan-Slate-Hash-2.jpeg","width":247,"height":296},{"@type":"BreadcrumbList","@id":"https:\/\/beuhparadis.com\/product\/moroccan-slate-hash\/#breadcrumb","itemListElement":[{"@type":"ListItem","position":1,"name":"Home","item":"https:\/\/beuhparadis.com\/"},{"@type":"ListItem","position":2,"name":"Shop","item":"https:\/\/beuhparadis.com\/shop\/"},{"@type":"ListItem","position":3,"name":"Moroccan Slate Hash"}]},{"@type":"WebSite","@id":"https:\/\/beuhparadis.com\/#website","url":"https:\/\/beuhparadis.com\/","name":"Beuh Paradis","description":"","potentialAction":[{"@type":"SearchAction","target":{"@type":"EntryPoint","urlTemplate":"https:\/\/beuhparadis.com\/?s={search_term_string}"},"query-input":{"@type":"PropertyValueSpecification","valueRequired":true,"valueName":"search_term_string"}}],"inLanguage":"sl-SI"}]}},"_links":{"self":[{"href":"https:\/\/beuhparadis.com\/sl\/wp-json\/wp\/v2\/product\/2100","targetHints":{"allow":["GET"]}}],"collection":[{"href":"https:\/\/beuhparadis.com\/sl\/wp-json\/wp\/v2\/product"}],"about":[{"href":"https:\/\/beuhparadis.com\/sl\/wp-json\/wp\/v2\/types\/product"}],"replies":[{"embeddable":true,"href":"https:\/\/beuhparadis.com\/sl\/wp-json\/wp\/v2\/comments?post=2100"}],"wp:featuredmedia":[{"embeddable":true,"href":"https:\/\/beuhparadis.com\/sl\/wp-json\/wp\/v2\/media\/2113"}],"wp:attachment":[{"href":"https:\/\/beuhparadis.com\/sl\/wp-json\/wp\/v2\/media?parent=2100"}],"wp:term":[{"taxonomy":"product_brand","embeddable":true,"href":"https:\/\/beuhparadis.com\/sl\/wp-json\/wp\/v2\/product_brand?post=2100"},{"taxonomy":"product_cat","embeddable":true,"href":"https:\/\/beuhparadis.com\/sl\/wp-json\/wp\/v2\/product_cat?post=2100"},{"taxonomy":"product_tag","embeddable":true,"href":"https:\/\/beuhparadis.com\/sl\/wp-json\/wp\/v2\/product_tag?post=2100"}],"curies":[{"name":"wp","href":"https:\/\/api.w.org\/{rel}","templated":true}]}}