{"id":2095,"date":"2024-12-10T23:51:12","date_gmt":"2024-12-10T23:51:12","guid":{"rendered":"https:\/\/beuhparadis.com\/?post_type=product&#038;p=2095"},"modified":"2025-01-28T08:54:03","modified_gmt":"2025-01-28T08:54:03","slug":"nepalese-hash","status":"publish","type":"product","link":"https:\/\/beuhparadis.com\/sl\/product\/nepalese-hash\/","title":{"rendered":"Nepalski kosmi\u010di"},"content":{"rendered":"<h1 class=\"wp-block-heading\">Nakup nepalskega kosmi\u010da<\/h1>\n<p>Kupite nepalski ha\u0161i\u0161, redko razli\u010dico ha\u0161i\u0161a iz gorskih obmo\u010dij Nepala. Nepalski ha\u0161i\u0161, ki slovi po svoji lahkotni konsistenci in edinstvenih pikantnih okusih, je plod ve\u010dstoletne tradicije in strokovnega znanja. V tem opisu smo se poglobili v podrobnosti tega izjemnega izdelka.<\/p>\n<h2 class=\"wp-block-heading\">Informacije o nepalskem mesu Hash<\/h2>\n<ul class=\"wp-block-list\">\n<li><strong>Izvor<\/strong> Visokogorske regije Nepala.<\/li>\n<li><strong>Doslednost<\/strong> Enostavno delo zaradi ohranjenih smolnatih trihomov THC.<\/li>\n<li><strong>Izdelava<\/strong> Ro\u010dno pobiranje trihomov z rastline pred predelavo.<\/li>\n<li><strong>Kakovost<\/strong> : Zaradi posebnih proizvodnih tehnik velja za enega najbolj\u0161ih.<\/li>\n<\/ul>\n<h2 class=\"wp-block-heading\">THC in CBD<\/h2>\n<p>Nepalski ha\u0161i\u0161 odlikuje visoka koncentracija THC zaradi \u010distosti zbrane smole. \u010ceprav se natan\u010dni odstotki THC in CBD lahko razlikujejo, je poudarek na mo\u010dni prisotnosti THC, ki ponuja bogato in globoko izku\u0161njo.<\/p>\n<h2 class=\"wp-block-heading\">U\u010dinki, vonj in okus<\/h2>\n<h3 class=\"wp-block-heading\">U\u010dinek<\/h3>\n<p>Nepalski ha\u0161i\u0161 je cenjen zaradi svojih spro\u0161\u010dujo\u010dih u\u010dinkov in poglobljene izku\u0161nje, zato je ta sorta idealna tako za za\u010detnike kot za izku\u0161ene uporabnike.<\/p>\n<h3 class=\"wp-block-heading\">Aroma<\/h3>\n<p>Za vonj nepalskega ha\u0161i\u0161a so zna\u010dilne za\u010dinjene note s presenetljivo sladkobo, ki spominja na bor, kar odra\u017ea raznolikost regij in uporabljenih rastlin.<\/p>\n<h3 class=\"wp-block-heading\">Okusi<\/h3>\n<p>Za\u010dinjen okus, ki ga dopolnjuje sladka nota pinij, dolo\u010da edinstven profil okusa nepalskega ha\u0161i\u0161a in ponuja bogato senzori\u010dno izku\u0161njo.<\/p>\n<h2 class=\"wp-block-heading\">Zdravstveni u\u010dinki nepalskega ha\u0161i\u0161a<\/h2>\n<h3 class=\"wp-block-heading\">Zdravstveni u\u010dinki<\/h3>\n<p>Nepalski ha\u0161i\u0161 je iskan zaradi svojih blagodejnih u\u010dinkov, zlasti zaradi sposobnosti spro\u0161\u010danja in dobrega po\u010dutja, zaradi \u010desar je priljubljena izbira za uporabnike v medicini.<\/p>\n<h3 class=\"wp-block-heading\">Lahko olaj\u0161a<\/h3>\n<p>Zaradi visoke vsebnosti THC lahko nepalski ha\u0161i\u0161 pomaga pri laj\u0161anju razli\u010dnih te\u017eav, vklju\u010dno s stresom, tesnobo in bole\u010dinami.<\/p>\n<h2 class=\"wp-block-heading\">Kako kaditi ha\u0161i\u0161<\/h2>\n<p>Hash lahko u\u017eivate na razli\u010dne na\u010dine: zdrobljen v bong ali pipo, zme\u0161an z d\u017eojnti ali uparjen za \u010distej\u0161o izku\u0161njo.<\/p>\n<h2 class=\"wp-block-heading\">Kje lahko na spletu kupim nepalski tempeljski hash?<\/h2>\n<p>Vrhunski nepalski ha\u0161i\u0161 je na voljo na beuhparadisu, kjer sta pristnost in kakovost zagotovljeni.<\/p>\n<h2 class=\"wp-block-heading\">Zakaj kupiti nepalski hash na beuhparadis.com?<\/h2>\n<p><a href=\"https:\/\/beuhparadis.com\/sl\/product\/charas-hash\/\">Beuhparadis.com<\/a> je zavezan k zagotavljanju najbolj\u0161ega nepalskega ha\u0161i\u0161a in zagotavlja neprekosljivo uporabni\u0161ko izku\u0161njo z izdelki vrhunske kakovosti, ki izpolnjujejo pri\u010dakovanja najzahtevnej\u0161ih potro\u0161nikov.<\/p>\n<h2 class=\"wp-block-heading\">Vladni zakoni o prodaji Hash v Evropi<\/h2>\n<p>Prodaja ha\u0161i\u0161a, tudi nepalskega, je v Evropi regulirana. Da bi zagotovili odgovorno u\u017eivanje in nakup, se morate seznaniti z veljavnimi zakoni v svoji dr\u017eavi.<\/p>\n<p>Le <strong>Nepalski ha\u0161i\u0161<\/strong> predstavlja vrhunec tradicije in kakovosti ha\u0161i\u0161a. S svojimi spro\u0161\u010dujo\u010dimi u\u010dinki, edinstveno aromo in zdravilnimi u\u010dinki ponuja nepozabno izku\u0161njo. Ne glede na to, ali ste za\u010detnik ali izku\u0161en uporabnik, vam \u010drni nepalski ha\u0161i\u0161 obljublja raziskovanje, bogato z okusi in ob\u010dutki. Odkrijte ga na spletni strani Acheterducannabis.fr za zagotovljeno kakovost in zadovoljstvo.<\/p>","protected":false},"excerpt":{"rendered":"<p><strong>THC:<\/strong> 70%<\/p>\n<p><strong>Zdravstveni u\u010dinki<\/strong><\/p>\n<p>Nepalski ha\u0161i\u0161 je iskan zaradi svojih blagodejnih u\u010dinkov, zlasti zaradi sposobnosti spro\u0161\u010danja in dobrega po\u010dutja, zaradi \u010desar je priljubljena izbira za uporabnike v medicini.<\/p>","protected":false},"featured_media":2112,"comment_status":"closed","ping_status":"closed","template":"","meta":{"site-sidebar-layout":"default","site-content-layout":"","ast-site-content-layout":"default","site-content-style":"default","site-sidebar-style":"default","ast-global-header-display":"","ast-banner-title-visibility":"","ast-main-header-display":"","ast-hfb-above-header-display":"","ast-hfb-below-header-display":"","ast-hfb-mobile-header-display":"","site-post-title":"","ast-breadcrumbs-content":"","ast-featured-img":"","footer-sml-layout":"","theme-transparent-header-meta":"default","adv-header-id-meta":"","stick-header-meta":"","header-above-stick-meta":"","header-main-stick-meta":"","header-below-stick-meta":"","astra-migrate-meta-layouts":"set","ast-page-background-enabled":"default","ast-page-background-meta":{"desktop":{"background-color":"","background-image":"","background-repeat":"repeat","background-position":"center center","background-size":"auto","background-attachment":"scroll","background-type":"","background-media":"","overlay-type":"","overlay-color":"","overlay-opacity":"","overlay-gradient":""},"tablet":{"background-color":"","background-image":"","background-repeat":"repeat","background-position":"center center","background-size":"auto","background-attachment":"scroll","background-type":"","background-media":"","overlay-type":"","overlay-color":"","overlay-opacity":"","overlay-gradient":""},"mobile":{"background-color":"","background-image":"","background-repeat":"repeat","background-position":"center center","background-size":"auto","background-attachment":"scroll","background-type":"","background-media":"","overlay-type":"","overlay-color":"","overlay-opacity":"","overlay-gradient":""}},"ast-content-background-meta":{"desktop":{"background-color":"var(--ast-global-color-5)","background-image":"","background-repeat":"repeat","background-position":"center center","background-size":"auto","background-attachment":"scroll","background-type":"","background-media":"","overlay-type":"","overlay-color":"","overlay-opacity":"","overlay-gradient":""},"tablet":{"background-color":"var(--ast-global-color-5)","background-image":"","background-repeat":"repeat","background-position":"center center","background-size":"auto","background-attachment":"scroll","background-type":"","background-media":"","overlay-type":"","overlay-color":"","overlay-opacity":"","overlay-gradient":""},"mobile":{"background-color":"var(--ast-global-color-5)","background-image":"","background-repeat":"repeat","background-position":"center center","background-size":"auto","background-attachment":"scroll","background-type":"","background-media":"","overlay-type":"","overlay-color":"","overlay-opacity":"","overlay-gradient":""}},"_joinchat":[]},"product_brand":[],"product_cat":[48],"product_tag":[],"class_list":{"0":"post-2095","1":"product","2":"type-product","3":"status-publish","4":"has-post-thumbnail","6":"product_cat-shit-thc","7":"desktop-align-left","8":"tablet-align-left","9":"mobile-align-left","11":"first","12":"instock","13":"shipping-taxable","14":"purchasable","15":"product-type-variable"},"yoast_head":"<!-- This site is optimized with the Yoast SEO Premium plugin v24.1 (Yoast SEO v26.8) - https:\/\/yoast.com\/product\/yoast-seo-premium-wordpress\/ -->\n<title>Acheter Hash nepalese en Ligne | Hash Traditionnel du N\u00e9pal<\/title>\n<meta name=\"description\" content=\"Acheter hash nepalese , un produit artisanal et puissant, fabriqu\u00e9 selon des m\u00e9thodes ancestrales. Achetez en ligne avec livraison discr\u00e8te et rapide.\" \/>\n<meta name=\"robots\" content=\"index, follow, max-snippet:-1, max-image-preview:large, max-video-preview:-1\" \/>\n<link rel=\"canonical\" href=\"https:\/\/beuhparadis.com\/sl\/product\/nepalese-hash\/\" \/>\n<meta property=\"og:locale\" content=\"sl_SI\" \/>\n<meta property=\"og:type\" content=\"article\" \/>\n<meta property=\"og:title\" content=\"Nepalese Hash\" \/>\n<meta property=\"og:description\" content=\"Acheter hash nepalese , un produit artisanal et puissant, fabriqu\u00e9 selon des m\u00e9thodes ancestrales. Achetez en ligne avec livraison discr\u00e8te et rapide.\" \/>\n<meta property=\"og:url\" content=\"https:\/\/beuhparadis.com\/sl\/product\/nepalese-hash\/\" \/>\n<meta property=\"og:site_name\" content=\"Beuh Paradis\" \/>\n<meta property=\"article:modified_time\" content=\"2025-01-28T08:54:03+00:00\" \/>\n<meta property=\"og:image\" content=\"https:\/\/beuhparadis.com\/wp-content\/uploads\/2024\/12\/Nepalese-Hash-Online-2.jpeg\" \/>\n\t<meta property=\"og:image:width\" content=\"247\" \/>\n\t<meta property=\"og:image:height\" content=\"296\" \/>\n\t<meta property=\"og:image:type\" content=\"image\/jpeg\" \/>\n<meta name=\"twitter:card\" content=\"summary_large_image\" \/>\n<meta name=\"twitter:label1\" content=\"Est. reading time\" \/>\n\t<meta name=\"twitter:data1\" content=\"3 minutes\" \/>\n<script type=\"application\/ld+json\" class=\"yoast-schema-graph\">{\"@context\":\"https:\/\/schema.org\",\"@graph\":[{\"@type\":\"WebPage\",\"@id\":\"https:\/\/beuhparadis.com\/product\/nepalese-hash\/\",\"url\":\"https:\/\/beuhparadis.com\/product\/nepalese-hash\/\",\"name\":\"Acheter Hash nepalese en Ligne | Hash Traditionnel du N\u00e9pal\",\"isPartOf\":{\"@id\":\"https:\/\/beuhparadis.com\/#website\"},\"primaryImageOfPage\":{\"@id\":\"https:\/\/beuhparadis.com\/product\/nepalese-hash\/#primaryimage\"},\"image\":{\"@id\":\"https:\/\/beuhparadis.com\/product\/nepalese-hash\/#primaryimage\"},\"thumbnailUrl\":\"https:\/\/beuhparadis.com\/wp-content\/uploads\/2024\/12\/Nepalese-Hash-Online-2.jpeg\",\"datePublished\":\"2024-12-10T23:51:12+00:00\",\"dateModified\":\"2025-01-28T08:54:03+00:00\",\"description\":\"Acheter hash nepalese , un produit artisanal et puissant, fabriqu\u00e9 selon des m\u00e9thodes ancestrales. Achetez en ligne avec livraison discr\u00e8te et rapide.\",\"breadcrumb\":{\"@id\":\"https:\/\/beuhparadis.com\/product\/nepalese-hash\/#breadcrumb\"},\"inLanguage\":\"sl-SI\",\"potentialAction\":[{\"@type\":\"ReadAction\",\"target\":[\"https:\/\/beuhparadis.com\/product\/nepalese-hash\/\"]}]},{\"@type\":\"ImageObject\",\"inLanguage\":\"sl-SI\",\"@id\":\"https:\/\/beuhparadis.com\/product\/nepalese-hash\/#primaryimage\",\"url\":\"https:\/\/beuhparadis.com\/wp-content\/uploads\/2024\/12\/Nepalese-Hash-Online-2.jpeg\",\"contentUrl\":\"https:\/\/beuhparadis.com\/wp-content\/uploads\/2024\/12\/Nepalese-Hash-Online-2.jpeg\",\"width\":247,\"height\":296},{\"@type\":\"BreadcrumbList\",\"@id\":\"https:\/\/beuhparadis.com\/product\/nepalese-hash\/#breadcrumb\",\"itemListElement\":[{\"@type\":\"ListItem\",\"position\":1,\"name\":\"Home\",\"item\":\"https:\/\/beuhparadis.com\/\"},{\"@type\":\"ListItem\",\"position\":2,\"name\":\"Shop\",\"item\":\"https:\/\/beuhparadis.com\/shop\/\"},{\"@type\":\"ListItem\",\"position\":3,\"name\":\"Nepalese Hash\"}]},{\"@type\":\"WebSite\",\"@id\":\"https:\/\/beuhparadis.com\/#website\",\"url\":\"https:\/\/beuhparadis.com\/\",\"name\":\"Beuh Paradis\",\"description\":\"\",\"potentialAction\":[{\"@type\":\"SearchAction\",\"target\":{\"@type\":\"EntryPoint\",\"urlTemplate\":\"https:\/\/beuhparadis.com\/?s={search_term_string}\"},\"query-input\":{\"@type\":\"PropertyValueSpecification\",\"valueRequired\":true,\"valueName\":\"search_term_string\"}}],\"inLanguage\":\"sl-SI\"}]}<\/script>\n<!-- \/ Yoast SEO Premium plugin. -->","yoast_head_json":{"title":"Nakup Nepalese Hash na spletu | Tradicionalni Nepalese Hash","description":"Kupite nepalski ha\u0161i\u0161, mo\u010dan tradicionalni izdelek, izdelan po metodah prednikov. Kupite prek spleta s hitro in diskretno dostavo.","robots":{"index":"index","follow":"follow","max-snippet":"max-snippet:-1","max-image-preview":"max-image-preview:large","max-video-preview":"max-video-preview:-1"},"canonical":"https:\/\/beuhparadis.com\/sl\/product\/nepalese-hash\/","og_locale":"sl_SI","og_type":"article","og_title":"Nepalese Hash","og_description":"Acheter hash nepalese , un produit artisanal et puissant, fabriqu\u00e9 selon des m\u00e9thodes ancestrales. Achetez en ligne avec livraison discr\u00e8te et rapide.","og_url":"https:\/\/beuhparadis.com\/sl\/product\/nepalese-hash\/","og_site_name":"Beuh Paradis","article_modified_time":"2025-01-28T08:54:03+00:00","og_image":[{"width":247,"height":296,"url":"https:\/\/beuhparadis.com\/wp-content\/uploads\/2024\/12\/Nepalese-Hash-Online-2.jpeg","type":"image\/jpeg"}],"twitter_card":"summary_large_image","twitter_misc":{"Est. reading time":"3 minutes"},"schema":{"@context":"https:\/\/schema.org","@graph":[{"@type":"WebPage","@id":"https:\/\/beuhparadis.com\/product\/nepalese-hash\/","url":"https:\/\/beuhparadis.com\/product\/nepalese-hash\/","name":"Nakup Nepalese Hash na spletu | Tradicionalni Nepalese Hash","isPartOf":{"@id":"https:\/\/beuhparadis.com\/#website"},"primaryImageOfPage":{"@id":"https:\/\/beuhparadis.com\/product\/nepalese-hash\/#primaryimage"},"image":{"@id":"https:\/\/beuhparadis.com\/product\/nepalese-hash\/#primaryimage"},"thumbnailUrl":"https:\/\/beuhparadis.com\/wp-content\/uploads\/2024\/12\/Nepalese-Hash-Online-2.jpeg","datePublished":"2024-12-10T23:51:12+00:00","dateModified":"2025-01-28T08:54:03+00:00","description":"Kupite nepalski ha\u0161i\u0161, mo\u010dan tradicionalni izdelek, izdelan po metodah prednikov. Kupite prek spleta s hitro in diskretno dostavo.","breadcrumb":{"@id":"https:\/\/beuhparadis.com\/product\/nepalese-hash\/#breadcrumb"},"inLanguage":"sl-SI","potentialAction":[{"@type":"ReadAction","target":["https:\/\/beuhparadis.com\/product\/nepalese-hash\/"]}]},{"@type":"ImageObject","inLanguage":"sl-SI","@id":"https:\/\/beuhparadis.com\/product\/nepalese-hash\/#primaryimage","url":"https:\/\/beuhparadis.com\/wp-content\/uploads\/2024\/12\/Nepalese-Hash-Online-2.jpeg","contentUrl":"https:\/\/beuhparadis.com\/wp-content\/uploads\/2024\/12\/Nepalese-Hash-Online-2.jpeg","width":247,"height":296},{"@type":"BreadcrumbList","@id":"https:\/\/beuhparadis.com\/product\/nepalese-hash\/#breadcrumb","itemListElement":[{"@type":"ListItem","position":1,"name":"Home","item":"https:\/\/beuhparadis.com\/"},{"@type":"ListItem","position":2,"name":"Shop","item":"https:\/\/beuhparadis.com\/shop\/"},{"@type":"ListItem","position":3,"name":"Nepalese Hash"}]},{"@type":"WebSite","@id":"https:\/\/beuhparadis.com\/#website","url":"https:\/\/beuhparadis.com\/","name":"Beuh Paradis","description":"","potentialAction":[{"@type":"SearchAction","target":{"@type":"EntryPoint","urlTemplate":"https:\/\/beuhparadis.com\/?s={search_term_string}"},"query-input":{"@type":"PropertyValueSpecification","valueRequired":true,"valueName":"search_term_string"}}],"inLanguage":"sl-SI"}]}},"_links":{"self":[{"href":"https:\/\/beuhparadis.com\/sl\/wp-json\/wp\/v2\/product\/2095","targetHints":{"allow":["GET"]}}],"collection":[{"href":"https:\/\/beuhparadis.com\/sl\/wp-json\/wp\/v2\/product"}],"about":[{"href":"https:\/\/beuhparadis.com\/sl\/wp-json\/wp\/v2\/types\/product"}],"replies":[{"embeddable":true,"href":"https:\/\/beuhparadis.com\/sl\/wp-json\/wp\/v2\/comments?post=2095"}],"wp:featuredmedia":[{"embeddable":true,"href":"https:\/\/beuhparadis.com\/sl\/wp-json\/wp\/v2\/media\/2112"}],"wp:attachment":[{"href":"https:\/\/beuhparadis.com\/sl\/wp-json\/wp\/v2\/media?parent=2095"}],"wp:term":[{"taxonomy":"product_brand","embeddable":true,"href":"https:\/\/beuhparadis.com\/sl\/wp-json\/wp\/v2\/product_brand?post=2095"},{"taxonomy":"product_cat","embeddable":true,"href":"https:\/\/beuhparadis.com\/sl\/wp-json\/wp\/v2\/product_cat?post=2095"},{"taxonomy":"product_tag","embeddable":true,"href":"https:\/\/beuhparadis.com\/sl\/wp-json\/wp\/v2\/product_tag?post=2095"}],"curies":[{"name":"wp","href":"https:\/\/api.w.org\/{rel}","templated":true}]}}