{"id":2066,"date":"2024-12-10T23:50:47","date_gmt":"2024-12-10T23:50:47","guid":{"rendered":"https:\/\/beuhparadis.com\/?post_type=product&#038;p=2066"},"modified":"2025-01-28T09:27:48","modified_gmt":"2025-01-28T09:27:48","slug":"mercedez-lebanon-hash","status":"publish","type":"product","link":"https:\/\/beuhparadis.com\/sl\/product\/mercedez-lebanon-hash\/","title":{"rendered":"Mercedez Libanon Hash"},"content":{"rendered":"<h1 class=\"wp-block-heading\">Kupi Mercedez Lebanon Hash<\/h1>\n<p>Kupite Mercedez Lebanon Hash, vrhunski ha\u0161i\u0161 iz Libanona. Ta ha\u0161i\u0161 je znan po svoji visoki u\u010dinkovitosti, bogatem okusu in gladki strukturi, zato je priljubljena izbira med poznavalci konoplje.<\/p>\n<h2 class=\"wp-block-heading\">Informacije o Mercedez Lebanon Hash<\/h2>\n<ul class=\"wp-block-list\">\n<li>Izvor: Libanon.<\/li>\n<li>Proizvodnja: skrbna izbira in su\u0161enje najkakovostnej\u0161ih rastlin konoplje, ki ji sledi kombinacija pritiska in toplote, da nastane gost, smolnat izdelek.<\/li>\n<li>Konsistenca: lepljiva in plasti\u010dna, temno rjave do \u010drne barve.<\/li>\n<\/ul>\n<h2 class=\"wp-block-heading\">THC in CBD<\/h2>\n<ul class=\"wp-block-list\">\n<li><strong>THC :<\/strong> Visoke stopnje, znane po svoji mo\u010dni mo\u010di.<\/li>\n<li><strong>CBD :<\/strong> Konkretni odstotki CBD niso navedeni, poudarek je na intenzivni psihoaktivni izku\u0161nji THC.<\/li>\n<\/ul>\n<h2 class=\"wp-block-heading\">U\u010dinki, vonj in okus<\/h2>\n<h3 class=\"wp-block-heading\">U\u010dinek<\/h3>\n<ul class=\"wp-block-list\">\n<li>Zagotavlja mo\u010dan in dolgotrajen telesni opoj, ki je priljubljen med izku\u0161enimi uporabniki konoplje.<\/li>\n<li>Zaradi svoje mo\u010di se uporablja v majhnih koli\u010dinah.<\/li>\n<\/ul>\n<h3 class=\"wp-block-heading\">Aroma<\/h3>\n<ul class=\"wp-block-list\">\n<li>Zemeljski in pikanten, s pridihom za\u010dimb.<\/li>\n<\/ul>\n<h3 class=\"wp-block-heading\">Okusi<\/h3>\n<ul class=\"wp-block-list\">\n<li>Kompleksen okus, sladek in zemeljski, s pridihom za\u010dimb in rahlo ore\u0161\u010dkastim zaklju\u010dkom.<\/li>\n<\/ul>\n<h2 class=\"wp-block-heading\">Zdravstveni u\u010dinki<\/h2>\n<h3 class=\"wp-block-heading\">Zdravstveni u\u010dinki<\/h3>\n<ul class=\"wp-block-list\">\n<li>\u010ceprav se ha\u0161i\u0161 ve\u010dinoma u\u017eiva zaradi rekreativnih u\u010dinkov, ima lahko glede na sestavo kanabinoidov tudi medicinske koristi.<\/li>\n<\/ul>\n<h3 class=\"wp-block-heading\">Lahko olaj\u0161a<\/h3>\n<ul class=\"wp-block-list\">\n<li>Posebni u\u010dinki na laj\u0161anje bolezni ali simptomov niso podrobno opisani, vendar lahko izdelki z visoko vsebnostjo THC, kot je Mercedez Lebanon Hash, pomagajo pri obvladovanju bole\u010din, tesnobe in nespe\u010dnosti.<\/li>\n<\/ul>\n<h2 class=\"wp-block-heading\">Kako kaditi ha\u0161i\u0161<\/h2>\n<p>Mercedez Lebanon Hash lahko kadite samostojno, ga dodate v d\u017eojnte ali sklede za ve\u010djo mo\u010d ali ga uporabite v vaporizerjih in u\u017eitnih izdelkih.<\/p>\n<h2 class=\"wp-block-heading\">Kje lahko kupim Mercedez Hash na spletu?<\/h2>\n<p><a href=\"https:\/\/beuhparadis.com\/sl\/product\/honey-moroccan-blonde-hash\/\">Beuhparadis.com<\/a> ponuja Mercedez Lebanon Hash, ki zagotavlja vrhunski izdelek, dostavljen naravnost na va\u0161a vrata.<\/p>\n<h2 class=\"wp-block-heading\">Zakaj kupiti Mercedez Libanon Hash na Beuhparadis.com?<\/h2>\n<ul class=\"wp-block-list\">\n<li>Vrhunska kakovost: zajam\u010deno pristen libanonski ha\u0161i\u0161.<\/li>\n<li>Nepozabno do\u017eivetje: Za ljubitelje konoplje, ki i\u0161\u010dejo edinstveno mo\u010d in okus.<\/li>\n<\/ul>\n<h2 class=\"wp-block-heading\">Dr\u017eavna zakonodaja za prodajo ha\u0161i\u0161a v Evropi<\/h2>\n<p>Nakup Mercedez Lebanon Hash prek Acheterducannabis.fr je v skladu z evropskimi predpisi, kar evropskim potro\u0161nikom zagotavlja zakonito in varno transakcijo.<\/p>","protected":false},"excerpt":{"rendered":"<p><strong>THC:<\/strong> 40%<\/p>\n<p><strong>Zdravstveni u\u010dinki<\/strong><br \/>\n\u010ceprav se ha\u0161i\u0161 ve\u010dinoma u\u017eiva zaradi rekreativnih u\u010dinkov, ima lahko glede na sestavo kanabinoidov tudi medicinske koristi.<\/p>","protected":false},"featured_media":2079,"comment_status":"closed","ping_status":"closed","template":"","meta":{"site-sidebar-layout":"default","site-content-layout":"","ast-site-content-layout":"default","site-content-style":"default","site-sidebar-style":"default","ast-global-header-display":"","ast-banner-title-visibility":"","ast-main-header-display":"","ast-hfb-above-header-display":"","ast-hfb-below-header-display":"","ast-hfb-mobile-header-display":"","site-post-title":"","ast-breadcrumbs-content":"","ast-featured-img":"","footer-sml-layout":"","theme-transparent-header-meta":"default","adv-header-id-meta":"","stick-header-meta":"","header-above-stick-meta":"","header-main-stick-meta":"","header-below-stick-meta":"","astra-migrate-meta-layouts":"set","ast-page-background-enabled":"default","ast-page-background-meta":{"desktop":{"background-color":"","background-image":"","background-repeat":"repeat","background-position":"center center","background-size":"auto","background-attachment":"scroll","background-type":"","background-media":"","overlay-type":"","overlay-color":"","overlay-opacity":"","overlay-gradient":""},"tablet":{"background-color":"","background-image":"","background-repeat":"repeat","background-position":"center center","background-size":"auto","background-attachment":"scroll","background-type":"","background-media":"","overlay-type":"","overlay-color":"","overlay-opacity":"","overlay-gradient":""},"mobile":{"background-color":"","background-image":"","background-repeat":"repeat","background-position":"center center","background-size":"auto","background-attachment":"scroll","background-type":"","background-media":"","overlay-type":"","overlay-color":"","overlay-opacity":"","overlay-gradient":""}},"ast-content-background-meta":{"desktop":{"background-color":"var(--ast-global-color-5)","background-image":"","background-repeat":"repeat","background-position":"center center","background-size":"auto","background-attachment":"scroll","background-type":"","background-media":"","overlay-type":"","overlay-color":"","overlay-opacity":"","overlay-gradient":""},"tablet":{"background-color":"var(--ast-global-color-5)","background-image":"","background-repeat":"repeat","background-position":"center center","background-size":"auto","background-attachment":"scroll","background-type":"","background-media":"","overlay-type":"","overlay-color":"","overlay-opacity":"","overlay-gradient":""},"mobile":{"background-color":"var(--ast-global-color-5)","background-image":"","background-repeat":"repeat","background-position":"center center","background-size":"auto","background-attachment":"scroll","background-type":"","background-media":"","overlay-type":"","overlay-color":"","overlay-opacity":"","overlay-gradient":""}},"_joinchat":[]},"product_brand":[],"product_cat":[48],"product_tag":[],"class_list":{"0":"post-2066","1":"product","2":"type-product","3":"status-publish","4":"has-post-thumbnail","6":"product_cat-shit-thc","7":"desktop-align-left","8":"tablet-align-left","9":"mobile-align-left","11":"first","12":"instock","13":"shipping-taxable","14":"purchasable","15":"product-type-variable"},"yoast_head":"<!-- This site is optimized with the Yoast SEO Premium plugin v24.1 (Yoast SEO v26.8) - https:\/\/yoast.com\/product\/yoast-seo-premium-wordpress\/ -->\n<title>Acheter Mercedez Lebanon Hash | Hash Libanais Premium<\/title>\n<meta name=\"description\" content=\"Acheter Mercedez Lebanon Hash , un hash libanais de qualit\u00e9 sup\u00e9rieure, r\u00e9put\u00e9 pour sa puissance et ses ar\u00f4mes uniques. Livraison discr\u00e8te et rapide\" \/>\n<meta name=\"robots\" content=\"index, follow, max-snippet:-1, max-image-preview:large, max-video-preview:-1\" \/>\n<link rel=\"canonical\" href=\"https:\/\/beuhparadis.com\/sl\/product\/mercedez-lebanon-hash\/\" \/>\n<meta property=\"og:locale\" content=\"sl_SI\" \/>\n<meta property=\"og:type\" content=\"article\" \/>\n<meta property=\"og:title\" content=\"Mercedez Lebanon Hash\" \/>\n<meta property=\"og:description\" content=\"Acheter Mercedez Lebanon Hash , un hash libanais de qualit\u00e9 sup\u00e9rieure, r\u00e9put\u00e9 pour sa puissance et ses ar\u00f4mes uniques. Livraison discr\u00e8te et rapide\" \/>\n<meta property=\"og:url\" content=\"https:\/\/beuhparadis.com\/sl\/product\/mercedez-lebanon-hash\/\" \/>\n<meta property=\"og:site_name\" content=\"Beuh Paradis\" \/>\n<meta property=\"article:modified_time\" content=\"2025-01-28T09:27:48+00:00\" \/>\n<meta property=\"og:image\" content=\"https:\/\/beuhparadis.com\/wp-content\/uploads\/2024\/12\/Mercedez-Lebanon-Hash-2.webp\" \/>\n\t<meta property=\"og:image:width\" content=\"1200\" \/>\n\t<meta property=\"og:image:height\" content=\"1200\" \/>\n\t<meta property=\"og:image:type\" content=\"image\/webp\" \/>\n<meta name=\"twitter:card\" content=\"summary_large_image\" \/>\n<meta name=\"twitter:label1\" content=\"Est. reading time\" \/>\n\t<meta name=\"twitter:data1\" content=\"2 minutes\" \/>\n<script type=\"application\/ld+json\" class=\"yoast-schema-graph\">{\"@context\":\"https:\/\/schema.org\",\"@graph\":[{\"@type\":\"WebPage\",\"@id\":\"https:\/\/beuhparadis.com\/product\/mercedez-lebanon-hash\/\",\"url\":\"https:\/\/beuhparadis.com\/product\/mercedez-lebanon-hash\/\",\"name\":\"Acheter Mercedez Lebanon Hash | Hash Libanais Premium\",\"isPartOf\":{\"@id\":\"https:\/\/beuhparadis.com\/#website\"},\"primaryImageOfPage\":{\"@id\":\"https:\/\/beuhparadis.com\/product\/mercedez-lebanon-hash\/#primaryimage\"},\"image\":{\"@id\":\"https:\/\/beuhparadis.com\/product\/mercedez-lebanon-hash\/#primaryimage\"},\"thumbnailUrl\":\"https:\/\/beuhparadis.com\/wp-content\/uploads\/2024\/12\/Mercedez-Lebanon-Hash-2.webp\",\"datePublished\":\"2024-12-10T23:50:47+00:00\",\"dateModified\":\"2025-01-28T09:27:48+00:00\",\"description\":\"Acheter Mercedez Lebanon Hash , un hash libanais de qualit\u00e9 sup\u00e9rieure, r\u00e9put\u00e9 pour sa puissance et ses ar\u00f4mes uniques. Livraison discr\u00e8te et rapide\",\"breadcrumb\":{\"@id\":\"https:\/\/beuhparadis.com\/product\/mercedez-lebanon-hash\/#breadcrumb\"},\"inLanguage\":\"sl-SI\",\"potentialAction\":[{\"@type\":\"ReadAction\",\"target\":[\"https:\/\/beuhparadis.com\/product\/mercedez-lebanon-hash\/\"]}]},{\"@type\":\"ImageObject\",\"inLanguage\":\"sl-SI\",\"@id\":\"https:\/\/beuhparadis.com\/product\/mercedez-lebanon-hash\/#primaryimage\",\"url\":\"https:\/\/beuhparadis.com\/wp-content\/uploads\/2024\/12\/Mercedez-Lebanon-Hash-2.webp\",\"contentUrl\":\"https:\/\/beuhparadis.com\/wp-content\/uploads\/2024\/12\/Mercedez-Lebanon-Hash-2.webp\",\"width\":1200,\"height\":1200},{\"@type\":\"BreadcrumbList\",\"@id\":\"https:\/\/beuhparadis.com\/product\/mercedez-lebanon-hash\/#breadcrumb\",\"itemListElement\":[{\"@type\":\"ListItem\",\"position\":1,\"name\":\"Home\",\"item\":\"https:\/\/beuhparadis.com\/\"},{\"@type\":\"ListItem\",\"position\":2,\"name\":\"Shop\",\"item\":\"https:\/\/beuhparadis.com\/shop\/\"},{\"@type\":\"ListItem\",\"position\":3,\"name\":\"Mercedez Lebanon Hash\"}]},{\"@type\":\"WebSite\",\"@id\":\"https:\/\/beuhparadis.com\/#website\",\"url\":\"https:\/\/beuhparadis.com\/\",\"name\":\"Beuh Paradis\",\"description\":\"\",\"potentialAction\":[{\"@type\":\"SearchAction\",\"target\":{\"@type\":\"EntryPoint\",\"urlTemplate\":\"https:\/\/beuhparadis.com\/?s={search_term_string}\"},\"query-input\":{\"@type\":\"PropertyValueSpecification\",\"valueRequired\":true,\"valueName\":\"search_term_string\"}}],\"inLanguage\":\"sl-SI\"}]}<\/script>\n<!-- \/ Yoast SEO Premium plugin. -->","yoast_head_json":{"title":"Nakup Mercedez Lebanon Hash | Premium Lebanese Hash","description":"Kupite Mercedez Lebanon Hash , vrhunski libanonski ha\u0161i\u0161, ki slovi po svoji mo\u010di in edinstveni aromi. Hitra in diskretna dostava","robots":{"index":"index","follow":"follow","max-snippet":"max-snippet:-1","max-image-preview":"max-image-preview:large","max-video-preview":"max-video-preview:-1"},"canonical":"https:\/\/beuhparadis.com\/sl\/product\/mercedez-lebanon-hash\/","og_locale":"sl_SI","og_type":"article","og_title":"Mercedez Lebanon Hash","og_description":"Acheter Mercedez Lebanon Hash , un hash libanais de qualit\u00e9 sup\u00e9rieure, r\u00e9put\u00e9 pour sa puissance et ses ar\u00f4mes uniques. Livraison discr\u00e8te et rapide","og_url":"https:\/\/beuhparadis.com\/sl\/product\/mercedez-lebanon-hash\/","og_site_name":"Beuh Paradis","article_modified_time":"2025-01-28T09:27:48+00:00","og_image":[{"width":1200,"height":1200,"url":"https:\/\/beuhparadis.com\/wp-content\/uploads\/2024\/12\/Mercedez-Lebanon-Hash-2.webp","type":"image\/webp"}],"twitter_card":"summary_large_image","twitter_misc":{"Est. reading time":"2 minutes"},"schema":{"@context":"https:\/\/schema.org","@graph":[{"@type":"WebPage","@id":"https:\/\/beuhparadis.com\/product\/mercedez-lebanon-hash\/","url":"https:\/\/beuhparadis.com\/product\/mercedez-lebanon-hash\/","name":"Nakup Mercedez Lebanon Hash | Premium Lebanese Hash","isPartOf":{"@id":"https:\/\/beuhparadis.com\/#website"},"primaryImageOfPage":{"@id":"https:\/\/beuhparadis.com\/product\/mercedez-lebanon-hash\/#primaryimage"},"image":{"@id":"https:\/\/beuhparadis.com\/product\/mercedez-lebanon-hash\/#primaryimage"},"thumbnailUrl":"https:\/\/beuhparadis.com\/wp-content\/uploads\/2024\/12\/Mercedez-Lebanon-Hash-2.webp","datePublished":"2024-12-10T23:50:47+00:00","dateModified":"2025-01-28T09:27:48+00:00","description":"Kupite Mercedez Lebanon Hash , vrhunski libanonski ha\u0161i\u0161, ki slovi po svoji mo\u010di in edinstveni aromi. Hitra in diskretna dostava","breadcrumb":{"@id":"https:\/\/beuhparadis.com\/product\/mercedez-lebanon-hash\/#breadcrumb"},"inLanguage":"sl-SI","potentialAction":[{"@type":"ReadAction","target":["https:\/\/beuhparadis.com\/product\/mercedez-lebanon-hash\/"]}]},{"@type":"ImageObject","inLanguage":"sl-SI","@id":"https:\/\/beuhparadis.com\/product\/mercedez-lebanon-hash\/#primaryimage","url":"https:\/\/beuhparadis.com\/wp-content\/uploads\/2024\/12\/Mercedez-Lebanon-Hash-2.webp","contentUrl":"https:\/\/beuhparadis.com\/wp-content\/uploads\/2024\/12\/Mercedez-Lebanon-Hash-2.webp","width":1200,"height":1200},{"@type":"BreadcrumbList","@id":"https:\/\/beuhparadis.com\/product\/mercedez-lebanon-hash\/#breadcrumb","itemListElement":[{"@type":"ListItem","position":1,"name":"Home","item":"https:\/\/beuhparadis.com\/"},{"@type":"ListItem","position":2,"name":"Shop","item":"https:\/\/beuhparadis.com\/shop\/"},{"@type":"ListItem","position":3,"name":"Mercedez Lebanon Hash"}]},{"@type":"WebSite","@id":"https:\/\/beuhparadis.com\/#website","url":"https:\/\/beuhparadis.com\/","name":"Beuh Paradis","description":"","potentialAction":[{"@type":"SearchAction","target":{"@type":"EntryPoint","urlTemplate":"https:\/\/beuhparadis.com\/?s={search_term_string}"},"query-input":{"@type":"PropertyValueSpecification","valueRequired":true,"valueName":"search_term_string"}}],"inLanguage":"sl-SI"}]}},"_links":{"self":[{"href":"https:\/\/beuhparadis.com\/sl\/wp-json\/wp\/v2\/product\/2066","targetHints":{"allow":["GET"]}}],"collection":[{"href":"https:\/\/beuhparadis.com\/sl\/wp-json\/wp\/v2\/product"}],"about":[{"href":"https:\/\/beuhparadis.com\/sl\/wp-json\/wp\/v2\/types\/product"}],"replies":[{"embeddable":true,"href":"https:\/\/beuhparadis.com\/sl\/wp-json\/wp\/v2\/comments?post=2066"}],"wp:featuredmedia":[{"embeddable":true,"href":"https:\/\/beuhparadis.com\/sl\/wp-json\/wp\/v2\/media\/2079"}],"wp:attachment":[{"href":"https:\/\/beuhparadis.com\/sl\/wp-json\/wp\/v2\/media?parent=2066"}],"wp:term":[{"taxonomy":"product_brand","embeddable":true,"href":"https:\/\/beuhparadis.com\/sl\/wp-json\/wp\/v2\/product_brand?post=2066"},{"taxonomy":"product_cat","embeddable":true,"href":"https:\/\/beuhparadis.com\/sl\/wp-json\/wp\/v2\/product_cat?post=2066"},{"taxonomy":"product_tag","embeddable":true,"href":"https:\/\/beuhparadis.com\/sl\/wp-json\/wp\/v2\/product_tag?post=2066"}],"curies":[{"name":"wp","href":"https:\/\/api.w.org\/{rel}","templated":true}]}}