{"id":2061,"date":"2024-12-10T23:50:47","date_gmt":"2024-12-10T23:50:47","guid":{"rendered":"https:\/\/beuhparadis.com\/?post_type=product&#038;p=2061"},"modified":"2025-01-28T09:32:05","modified_gmt":"2025-01-28T09:32:05","slug":"red-lebanese-hash","status":"publish","type":"product","link":"https:\/\/beuhparadis.com\/sl\/product\/red-lebanese-hash\/","title":{"rendered":"Rde\u010di libanonski ha\u0161i\u0161"},"content":{"rendered":"<h1 class=\"wp-block-heading\">Kupite Rde\u010di libanonski kosmi\u010di<\/h1>\n<p>Kupite rde\u010di libanonski ha\u0161i\u0161 je vrsta ha\u0161i\u0161a, ki je cenjena predvsem zaradi mo\u017eganskih u\u010dinkov, za razliko od ve\u010dine ha\u0161i\u0161a, ki je na voljo po vsem svetu in ima bolj pomirjevalne u\u010dinke. Vendar pa proizvaja tudi brezhiben telesni kamen in zelo mo\u010dne valove sprostitve, primerljive z maro\u0161kim ha\u0161i\u0161em.<\/p>\n<h2 class=\"wp-block-heading\">Informacije o \u010drkovanju (Hash)<\/h2>\n<ul class=\"wp-block-list\">\n<li>Izvor: dolina Baalbek, Libanon.<\/li>\n<li>Pridelava: V te\u017ekih razmerah gojene sorte landrace razvijejo debele plasti trihomov THC, da se obvarujejo pred vplivi elementov.<\/li>\n<li>Postopek: Naravno su\u0161enje in su\u0161enje, zaradi \u010desar ima ha\u0161i\u0161 edinstven rde\u010d odtenek.<\/li>\n<li>Staranje: Hash zori eno ali dve sezoni (4-8 mesecev), da dobi idealno konsistenco ter obogati aromo in okus.<\/li>\n<\/ul>\n<h2 class=\"wp-block-heading\">THC in CBD<\/h2>\n<ul class=\"wp-block-list\">\n<li><strong>THC :<\/strong> Visoke koncentracije, zna\u010dilne za izdelke iz ha\u0161i\u0161a.<\/li>\n<li><strong>CBD :<\/strong> Neopredeljene informacije, na splo\u0161no z nizko vsebnostjo CBD.<\/li>\n<\/ul>\n<h2 class=\"wp-block-heading\">U\u010dinki, vonj in okus<\/h2>\n<h3 class=\"wp-block-heading\">U\u010dinek<\/h3>\n<ul class=\"wp-block-list\">\n<li>Izraziti cerebralni u\u010dinki.<\/li>\n<li>Globoka sprostitev in mo\u010dan kamen za telo.<\/li>\n<\/ul>\n<h3 class=\"wp-block-heading\">Aroma<\/h3>\n<ul class=\"wp-block-list\">\n<li>Naravna lesnatost.<\/li>\n<li>Edinstveni za\u010dinjeni terpeni.<\/li>\n<\/ul>\n<h3 class=\"wp-block-heading\">Okusi<\/h3>\n<ul class=\"wp-block-list\">\n<li>Lesne, za\u010dimbne note, obogatene s postopkom staranja.<\/li>\n<\/ul>\n<h2 class=\"wp-block-heading\">Zdravstveni u\u010dinki<\/h2>\n<h3 class=\"wp-block-heading\">Zdravstveni u\u010dinki<\/h3>\n<ul class=\"wp-block-list\">\n<li>U\u010dinkovito laj\u0161anje bole\u010din.<\/li>\n<li>Zmanj\u0161anje stresa in tesnobe.<\/li>\n<\/ul>\n<h3 class=\"wp-block-heading\">Lahko olaj\u0161a<\/h3>\n<ul class=\"wp-block-list\">\n<li>Nespe\u010dnost.<\/li>\n<li>Kroni\u010dna bole\u010dina.<\/li>\n<li>Motnje razpolo\u017eenja.<\/li>\n<\/ul>\n<h2 class=\"wp-block-heading\">Kako kaditi libanonski rde\u010di ha\u0161i\u0161<\/h2>\n<p>U\u017eivanje ha\u0161i\u0161a ponuja \u0161tevilne mo\u017enosti. Priporo\u010damo, da ga zdrobite na bongu ali pipi ali pa ga zme\u0161ate v d\u017eojnte za spro\u0161\u010dujo\u010do izku\u0161njo.<\/p>\n<h2 class=\"wp-block-heading\">Kje lahko na spletu kupim rde\u010di libanonski ka\u0161a\u0161?<\/h2>\n<p>Libanonski rde\u010di ha\u0161i\u0161 lahko kupite na spletu na zanesljivih straneh, kot je Acheterducannabis.fr, ki ponujajo vrhunsko kakovost in diskretno dostavo.<\/p>\n<h2 class=\"wp-block-heading\">Zakaj kupiti hash rde\u010di libanonec na Acheterducannabis.fr?<\/h2>\n<p><a href=\"https:\/\/beuhparadis.com\/sl\/product\/honey-moroccan-blonde-hash\/\" data-type=\"link\" data-id=\"https:\/\/acheterducannabis.fr\/\">Beuhparadis.com<\/a> slovi po svoji vrhunski izbiri konoplje, vklju\u010dno z rde\u010dim libanonskim ha\u0161i\u0161em, ter zagotavlja varno nakupovalno izku\u0161njo in prvovrstne storitve za stranke.<\/p>\n<h2 class=\"wp-block-heading\">Dr\u017eavna zakonodaja za prodajo ha\u0161i\u0161a v Evropi<\/h2>\n<p>Za prodajo konoplje, vklju\u010dno z rde\u010do libanonsko konopljo, v Evropi veljajo strogi predpisi. Nakup pri uglednih dobaviteljih, kot je Acheterducannabis.fr, zagotavlja skladnost z zakonodajo ter standardi kakovosti in varnosti.<\/p>","protected":false},"excerpt":{"rendered":"<p><strong>THC:<\/strong> 25%<\/p>\n<p><strong>Zdravstveni u\u010dinki<\/strong><\/p>\n<ul class=\"wp-block-list\">\n<li>U\u010dinkovito laj\u0161anje bole\u010din.<\/li>\n<li>Zmanj\u0161anje stresa in tesnobe.<\/li>\n<\/ul>","protected":false},"featured_media":2078,"comment_status":"closed","ping_status":"closed","template":"","meta":{"site-sidebar-layout":"default","site-content-layout":"","ast-site-content-layout":"default","site-content-style":"default","site-sidebar-style":"default","ast-global-header-display":"","ast-banner-title-visibility":"","ast-main-header-display":"","ast-hfb-above-header-display":"","ast-hfb-below-header-display":"","ast-hfb-mobile-header-display":"","site-post-title":"","ast-breadcrumbs-content":"","ast-featured-img":"","footer-sml-layout":"","theme-transparent-header-meta":"default","adv-header-id-meta":"","stick-header-meta":"","header-above-stick-meta":"","header-main-stick-meta":"","header-below-stick-meta":"","astra-migrate-meta-layouts":"set","ast-page-background-enabled":"default","ast-page-background-meta":{"desktop":{"background-color":"","background-image":"","background-repeat":"repeat","background-position":"center center","background-size":"auto","background-attachment":"scroll","background-type":"","background-media":"","overlay-type":"","overlay-color":"","overlay-opacity":"","overlay-gradient":""},"tablet":{"background-color":"","background-image":"","background-repeat":"repeat","background-position":"center center","background-size":"auto","background-attachment":"scroll","background-type":"","background-media":"","overlay-type":"","overlay-color":"","overlay-opacity":"","overlay-gradient":""},"mobile":{"background-color":"","background-image":"","background-repeat":"repeat","background-position":"center center","background-size":"auto","background-attachment":"scroll","background-type":"","background-media":"","overlay-type":"","overlay-color":"","overlay-opacity":"","overlay-gradient":""}},"ast-content-background-meta":{"desktop":{"background-color":"var(--ast-global-color-5)","background-image":"","background-repeat":"repeat","background-position":"center center","background-size":"auto","background-attachment":"scroll","background-type":"","background-media":"","overlay-type":"","overlay-color":"","overlay-opacity":"","overlay-gradient":""},"tablet":{"background-color":"var(--ast-global-color-5)","background-image":"","background-repeat":"repeat","background-position":"center center","background-size":"auto","background-attachment":"scroll","background-type":"","background-media":"","overlay-type":"","overlay-color":"","overlay-opacity":"","overlay-gradient":""},"mobile":{"background-color":"var(--ast-global-color-5)","background-image":"","background-repeat":"repeat","background-position":"center center","background-size":"auto","background-attachment":"scroll","background-type":"","background-media":"","overlay-type":"","overlay-color":"","overlay-opacity":"","overlay-gradient":""}},"_joinchat":[]},"product_brand":[],"product_cat":[48],"product_tag":[],"class_list":{"0":"post-2061","1":"product","2":"type-product","3":"status-publish","4":"has-post-thumbnail","6":"product_cat-shit-thc","7":"desktop-align-left","8":"tablet-align-left","9":"mobile-align-left","11":"first","12":"instock","13":"shipping-taxable","14":"purchasable","15":"product-type-variable"},"yoast_head":"<!-- This site is optimized with the Yoast SEO Premium plugin v24.1 (Yoast SEO v26.8) - https:\/\/yoast.com\/product\/yoast-seo-premium-wordpress\/ -->\n<title>Acheter Red Lebanese Hash | Hash Libanais Rouge Premium<\/title>\n<meta name=\"description\" content=\"Acheter Red Lebanese Hash, un hash libanais rouge traditionnel, connu pour sa texture douce et ses ar\u00f4mes riches. Livraison discr\u00e8te et rapide.\" \/>\n<meta name=\"robots\" content=\"index, follow, max-snippet:-1, max-image-preview:large, max-video-preview:-1\" \/>\n<link rel=\"canonical\" href=\"https:\/\/beuhparadis.com\/sl\/product\/red-lebanese-hash\/\" \/>\n<meta property=\"og:locale\" content=\"sl_SI\" \/>\n<meta property=\"og:type\" content=\"article\" \/>\n<meta property=\"og:title\" content=\"Red Lebanese Hash\" \/>\n<meta property=\"og:description\" content=\"Acheter Red Lebanese Hash, un hash libanais rouge traditionnel, connu pour sa texture douce et ses ar\u00f4mes riches. Livraison discr\u00e8te et rapide.\" \/>\n<meta property=\"og:url\" content=\"https:\/\/beuhparadis.com\/sl\/product\/red-lebanese-hash\/\" \/>\n<meta property=\"og:site_name\" content=\"Beuh Paradis\" \/>\n<meta property=\"article:modified_time\" content=\"2025-01-28T09:32:05+00:00\" \/>\n<meta property=\"og:image\" content=\"https:\/\/beuhparadis.com\/wp-content\/uploads\/2024\/12\/Red-Lebanese-Hash-2.jpeg\" \/>\n\t<meta property=\"og:image:width\" content=\"924\" \/>\n\t<meta property=\"og:image:height\" content=\"924\" \/>\n\t<meta property=\"og:image:type\" content=\"image\/jpeg\" \/>\n<meta name=\"twitter:card\" content=\"summary_large_image\" \/>\n<meta name=\"twitter:label1\" content=\"Est. reading time\" \/>\n\t<meta name=\"twitter:data1\" content=\"2 minutes\" \/>\n<script type=\"application\/ld+json\" class=\"yoast-schema-graph\">{\"@context\":\"https:\/\/schema.org\",\"@graph\":[{\"@type\":\"WebPage\",\"@id\":\"https:\/\/beuhparadis.com\/product\/red-lebanese-hash\/\",\"url\":\"https:\/\/beuhparadis.com\/product\/red-lebanese-hash\/\",\"name\":\"Acheter Red Lebanese Hash | Hash Libanais Rouge Premium\",\"isPartOf\":{\"@id\":\"https:\/\/beuhparadis.com\/#website\"},\"primaryImageOfPage\":{\"@id\":\"https:\/\/beuhparadis.com\/product\/red-lebanese-hash\/#primaryimage\"},\"image\":{\"@id\":\"https:\/\/beuhparadis.com\/product\/red-lebanese-hash\/#primaryimage\"},\"thumbnailUrl\":\"https:\/\/beuhparadis.com\/wp-content\/uploads\/2024\/12\/Red-Lebanese-Hash-2.jpeg\",\"datePublished\":\"2024-12-10T23:50:47+00:00\",\"dateModified\":\"2025-01-28T09:32:05+00:00\",\"description\":\"Acheter Red Lebanese Hash, un hash libanais rouge traditionnel, connu pour sa texture douce et ses ar\u00f4mes riches. Livraison discr\u00e8te et rapide.\",\"breadcrumb\":{\"@id\":\"https:\/\/beuhparadis.com\/product\/red-lebanese-hash\/#breadcrumb\"},\"inLanguage\":\"sl-SI\",\"potentialAction\":[{\"@type\":\"ReadAction\",\"target\":[\"https:\/\/beuhparadis.com\/product\/red-lebanese-hash\/\"]}]},{\"@type\":\"ImageObject\",\"inLanguage\":\"sl-SI\",\"@id\":\"https:\/\/beuhparadis.com\/product\/red-lebanese-hash\/#primaryimage\",\"url\":\"https:\/\/beuhparadis.com\/wp-content\/uploads\/2024\/12\/Red-Lebanese-Hash-2.jpeg\",\"contentUrl\":\"https:\/\/beuhparadis.com\/wp-content\/uploads\/2024\/12\/Red-Lebanese-Hash-2.jpeg\",\"width\":924,\"height\":924},{\"@type\":\"BreadcrumbList\",\"@id\":\"https:\/\/beuhparadis.com\/product\/red-lebanese-hash\/#breadcrumb\",\"itemListElement\":[{\"@type\":\"ListItem\",\"position\":1,\"name\":\"Home\",\"item\":\"https:\/\/beuhparadis.com\/\"},{\"@type\":\"ListItem\",\"position\":2,\"name\":\"Shop\",\"item\":\"https:\/\/beuhparadis.com\/shop\/\"},{\"@type\":\"ListItem\",\"position\":3,\"name\":\"Red Lebanese Hash\"}]},{\"@type\":\"WebSite\",\"@id\":\"https:\/\/beuhparadis.com\/#website\",\"url\":\"https:\/\/beuhparadis.com\/\",\"name\":\"Beuh Paradis\",\"description\":\"\",\"potentialAction\":[{\"@type\":\"SearchAction\",\"target\":{\"@type\":\"EntryPoint\",\"urlTemplate\":\"https:\/\/beuhparadis.com\/?s={search_term_string}\"},\"query-input\":{\"@type\":\"PropertyValueSpecification\",\"valueRequired\":true,\"valueName\":\"search_term_string\"}}],\"inLanguage\":\"sl-SI\"}]}<\/script>\n<!-- \/ Yoast SEO Premium plugin. -->","yoast_head_json":{"title":"Nakup Rde\u010di libanonski ha\u0161i\u0161 | Hash Libanais Rouge Premium","description":"Kupite rde\u010di libanonski ha\u0161i\u0161, tradicionalni rde\u010di libanonski ha\u0161i\u0161, znan po svoji gladki strukturi in bogati aromi. Hitra in diskretna dostava.","robots":{"index":"index","follow":"follow","max-snippet":"max-snippet:-1","max-image-preview":"max-image-preview:large","max-video-preview":"max-video-preview:-1"},"canonical":"https:\/\/beuhparadis.com\/sl\/product\/red-lebanese-hash\/","og_locale":"sl_SI","og_type":"article","og_title":"Red Lebanese Hash","og_description":"Acheter Red Lebanese Hash, un hash libanais rouge traditionnel, connu pour sa texture douce et ses ar\u00f4mes riches. Livraison discr\u00e8te et rapide.","og_url":"https:\/\/beuhparadis.com\/sl\/product\/red-lebanese-hash\/","og_site_name":"Beuh Paradis","article_modified_time":"2025-01-28T09:32:05+00:00","og_image":[{"width":924,"height":924,"url":"https:\/\/beuhparadis.com\/wp-content\/uploads\/2024\/12\/Red-Lebanese-Hash-2.jpeg","type":"image\/jpeg"}],"twitter_card":"summary_large_image","twitter_misc":{"Est. reading time":"2 minutes"},"schema":{"@context":"https:\/\/schema.org","@graph":[{"@type":"WebPage","@id":"https:\/\/beuhparadis.com\/product\/red-lebanese-hash\/","url":"https:\/\/beuhparadis.com\/product\/red-lebanese-hash\/","name":"Nakup Rde\u010di libanonski ha\u0161i\u0161 | Hash Libanais Rouge Premium","isPartOf":{"@id":"https:\/\/beuhparadis.com\/#website"},"primaryImageOfPage":{"@id":"https:\/\/beuhparadis.com\/product\/red-lebanese-hash\/#primaryimage"},"image":{"@id":"https:\/\/beuhparadis.com\/product\/red-lebanese-hash\/#primaryimage"},"thumbnailUrl":"https:\/\/beuhparadis.com\/wp-content\/uploads\/2024\/12\/Red-Lebanese-Hash-2.jpeg","datePublished":"2024-12-10T23:50:47+00:00","dateModified":"2025-01-28T09:32:05+00:00","description":"Kupite rde\u010di libanonski ha\u0161i\u0161, tradicionalni rde\u010di libanonski ha\u0161i\u0161, znan po svoji gladki strukturi in bogati aromi. Hitra in diskretna dostava.","breadcrumb":{"@id":"https:\/\/beuhparadis.com\/product\/red-lebanese-hash\/#breadcrumb"},"inLanguage":"sl-SI","potentialAction":[{"@type":"ReadAction","target":["https:\/\/beuhparadis.com\/product\/red-lebanese-hash\/"]}]},{"@type":"ImageObject","inLanguage":"sl-SI","@id":"https:\/\/beuhparadis.com\/product\/red-lebanese-hash\/#primaryimage","url":"https:\/\/beuhparadis.com\/wp-content\/uploads\/2024\/12\/Red-Lebanese-Hash-2.jpeg","contentUrl":"https:\/\/beuhparadis.com\/wp-content\/uploads\/2024\/12\/Red-Lebanese-Hash-2.jpeg","width":924,"height":924},{"@type":"BreadcrumbList","@id":"https:\/\/beuhparadis.com\/product\/red-lebanese-hash\/#breadcrumb","itemListElement":[{"@type":"ListItem","position":1,"name":"Home","item":"https:\/\/beuhparadis.com\/"},{"@type":"ListItem","position":2,"name":"Shop","item":"https:\/\/beuhparadis.com\/shop\/"},{"@type":"ListItem","position":3,"name":"Red Lebanese Hash"}]},{"@type":"WebSite","@id":"https:\/\/beuhparadis.com\/#website","url":"https:\/\/beuhparadis.com\/","name":"Beuh Paradis","description":"","potentialAction":[{"@type":"SearchAction","target":{"@type":"EntryPoint","urlTemplate":"https:\/\/beuhparadis.com\/?s={search_term_string}"},"query-input":{"@type":"PropertyValueSpecification","valueRequired":true,"valueName":"search_term_string"}}],"inLanguage":"sl-SI"}]}},"_links":{"self":[{"href":"https:\/\/beuhparadis.com\/sl\/wp-json\/wp\/v2\/product\/2061","targetHints":{"allow":["GET"]}}],"collection":[{"href":"https:\/\/beuhparadis.com\/sl\/wp-json\/wp\/v2\/product"}],"about":[{"href":"https:\/\/beuhparadis.com\/sl\/wp-json\/wp\/v2\/types\/product"}],"replies":[{"embeddable":true,"href":"https:\/\/beuhparadis.com\/sl\/wp-json\/wp\/v2\/comments?post=2061"}],"wp:featuredmedia":[{"embeddable":true,"href":"https:\/\/beuhparadis.com\/sl\/wp-json\/wp\/v2\/media\/2078"}],"wp:attachment":[{"href":"https:\/\/beuhparadis.com\/sl\/wp-json\/wp\/v2\/media?parent=2061"}],"wp:term":[{"taxonomy":"product_brand","embeddable":true,"href":"https:\/\/beuhparadis.com\/sl\/wp-json\/wp\/v2\/product_brand?post=2061"},{"taxonomy":"product_cat","embeddable":true,"href":"https:\/\/beuhparadis.com\/sl\/wp-json\/wp\/v2\/product_cat?post=2061"},{"taxonomy":"product_tag","embeddable":true,"href":"https:\/\/beuhparadis.com\/sl\/wp-json\/wp\/v2\/product_tag?post=2061"}],"curies":[{"name":"wp","href":"https:\/\/api.w.org\/{rel}","templated":true}]}}