{"id":2047,"date":"2024-12-10T23:50:24","date_gmt":"2024-12-10T23:50:24","guid":{"rendered":"https:\/\/beuhparadis.com\/?post_type=product&#038;p=2047"},"modified":"2025-01-28T10:06:59","modified_gmt":"2025-01-28T10:06:59","slug":"doja-exclusive-apple-fritter","status":"publish","type":"product","link":"https:\/\/beuhparadis.com\/sl\/product\/doja-exclusive-apple-fritter\/","title":{"rendered":"Doja Exclusive | Apple Fritter"},"content":{"rendered":"<h1 class=\"wp-block-heading\">Kupi Doja Apple Fritter: sladka sorta s pomirjujo\u010dimi u\u010dinki<\/h1>\n<p>Doja Apple Fritter, ki je v svetu konoplje prisoten od leta 2016, odlikujeta izjemna kakovost in svetovna priljubljenost. Ta sev, ki ga je zunaj vzhodne obale Zdru\u017eenih dr\u017eav Amerike te\u017eko najti, se pona\u0161a s slastnim okusom in prijetnimi u\u010dinki, zaradi \u010desar ga morajo imeti poznavalci.<\/p>\n<h2 class=\"wp-block-heading\">Informacije o La Souche<\/h2>\n<ul class=\"wp-block-list\">\n<li><strong>Genetika<\/strong> Doja Apple Fritter je uravnote\u017een hibrid s prevladujo\u010dim razmerjem 50\/50 Indica\/Sativa, kar zagotavlja harmoni\u010dno me\u0161anico sladkih in sadnih okusov z notami karamele in jabolka.<\/li>\n<li><strong>Proizvodnja<\/strong> Skrbno gojena za ohranitev edinstvenega aromati\u010dnega profila in visoke koncentracije kanabinoidov.<\/li>\n<li><strong>Tip<\/strong> Uravnote\u017een hibrid, kot nala\u0161\u010d za tiste, ki i\u0161\u010dejo sprostitev in du\u0161evno stimulacijo.<\/li>\n<\/ul>\n<h2 class=\"wp-block-heading\">THC in CBD<\/h2>\n<ul class=\"wp-block-list\">\n<li><strong>THC<\/strong> Visoka koncentracija za mo\u010dne in takoj\u0161nje u\u010dinke, idealne za nepozabno do\u017eivetje.<\/li>\n<li><strong>CBD<\/strong> Nizka, kar poudarja psihoaktivne in spro\u0161\u010dujo\u010de u\u010dinke sorte.<\/li>\n<\/ul>\n<h2 class=\"wp-block-heading\">Kje lahko kupim Doja Apple Fritter na spletu?<\/h2>\n<p><a href=\"https:\/\/beuhparadis.com\/sl\/product\/honey-moroccan-blonde-hash\/\" data-type=\"link\" data-id=\"https:\/\/acheterducannabis.fr\/\">Beuhparadis.com<\/a> je va\u0161a destinacija za nakup <strong>Doja Apple Fritter<\/strong> na spletu, ki zagotavlja vrhunsko kakovost, diskretno dostavo in izjemne storitve za stranke.<\/p>\n<h2 class=\"wp-block-heading\">U\u010dinki, vonj in okus<\/h2>\n<h3 class=\"wp-block-heading\">U\u010dinek<\/h3>\n<ul class=\"wp-block-list\">\n<li><strong>Doja Apple Fritter<\/strong> nudi topel, ovijajo\u010d ob\u010dutek, kot nala\u0161\u010d za zimske ve\u010dere. Ta sev povzro\u010da tudi stanje evforije in spro\u0161\u010denosti, kar je idealno za sprostitev ali spodbujanje ustvarjalnosti.<\/li>\n<\/ul>\n<h3 class=\"wp-block-heading\">Aroma<\/h3>\n<ul class=\"wp-block-list\">\n<li>Doja Apple Fritter ima intenzivno sladko in sadno aromo s pridihom dizla, jabolka in drugega tropskega sadja, kot sta ananas in mango, zato je \u0161e posebej privla\u010den.<\/li>\n<\/ul>\n<h3 class=\"wp-block-heading\">Okusi<\/h3>\n<ul class=\"wp-block-list\">\n<li>Odli\u010den okus, ki spominja na jabol\u010dni ocvrtek, s popolnim ravnovesjem med sladkostjo sadja in rahlim priokusom limone, ki ga ob izdihu zaokro\u017ei pridih dizelskega goriva.<\/li>\n<\/ul>\n<h2 class=\"wp-block-heading\">Zdravstveni u\u010dinki<\/h2>\n<h3 class=\"wp-block-heading\">Zdravstveni u\u010dinki<\/h3>\n<ul class=\"wp-block-list\">\n<li>Doja Applefritter u\u010dinkovito deluje proti tesnobi in stresu ter zagotavlja globoko olaj\u0161anje in ob\u010dutek dobrega po\u010dutja.<\/li>\n<li>Pomaga tudi pri laj\u0161anju kroni\u010dnih bole\u010din in spodbuja miren spanec.<\/li>\n<\/ul>\n<h3 class=\"wp-block-heading\">Lahko olaj\u0161a<\/h3>\n<ul class=\"wp-block-list\">\n<li>Anksiozne motnje, v majhnih odmerkih, brez poslab\u0161anja stanja.<\/li>\n<li>Trajne bole\u010dine in motnje spanja, ki nudijo udobje in sprostitev.<\/li>\n<\/ul>\n<h2 class=\"wp-block-heading\">Zakaj kupiti Doja Apple Fritter pri Acheterducannabis?<\/h2>\n<p>Z izbiro Acheterducannabis za nakup konoplje Doja Apple Fritter izbirate izdelek iz konoplje najvi\u0161je kakovosti. Prizadevamo si, da vam zagotovimo neprimerljivo nakupovalno izku\u0161njo, od naro\u010dila do dostave na va\u0161a vrata.<\/p>\n<h2 class=\"wp-block-heading\">Vladna zakonodaja za prodajo konoplje v Evropi<\/h2>\n<p>Prodaja konoplje v Evropi je regulirana, da se zagotovita varnost potro\u0161nikov in kakovost izdelkov. Acheterducannabis te standarde dosledno spo\u0161tuje in ponuja popolnoma zakonito in varno spletno nakupovanje konoplje Doja Apple Fritter.<\/p>\n<hr class=\"wp-block-separator has-alpha-channel-opacity\" \/>\n<p>Acheterducannabis vas vabi k raziskovanju okusnega sveta <strong>Doja Apple Fritter<\/strong>To zagotavlja vrhunsko kakovost, zanesljivo dobavo in skladnost z evropskimi pravnimi standardi.<\/p>","protected":false},"excerpt":{"rendered":"<h3 class=\"wp-block-heading\">Zdravstveni u\u010dinki<\/h3>\n<ul class=\"wp-block-list\">\n<li>Doja Apple Fritter je u\u010dinkovit proti tesnobi in stresu, saj prina\u0161a globoko olaj\u0161anje in ob\u010dutek dobrega po\u010dutja.<\/li>\n<li>Pomaga tudi pri laj\u0161anju kroni\u010dnih bole\u010din in spodbuja miren spanec.<\/li>\n<\/ul>","protected":false},"featured_media":2077,"comment_status":"closed","ping_status":"closed","template":"","meta":{"site-sidebar-layout":"default","site-content-layout":"","ast-site-content-layout":"default","site-content-style":"default","site-sidebar-style":"default","ast-global-header-display":"","ast-banner-title-visibility":"","ast-main-header-display":"","ast-hfb-above-header-display":"","ast-hfb-below-header-display":"","ast-hfb-mobile-header-display":"","site-post-title":"","ast-breadcrumbs-content":"","ast-featured-img":"","footer-sml-layout":"","theme-transparent-header-meta":"default","adv-header-id-meta":"","stick-header-meta":"","header-above-stick-meta":"","header-main-stick-meta":"","header-below-stick-meta":"","astra-migrate-meta-layouts":"set","ast-page-background-enabled":"default","ast-page-background-meta":{"desktop":{"background-color":"","background-image":"","background-repeat":"repeat","background-position":"center center","background-size":"auto","background-attachment":"scroll","background-type":"","background-media":"","overlay-type":"","overlay-color":"","overlay-opacity":"","overlay-gradient":""},"tablet":{"background-color":"","background-image":"","background-repeat":"repeat","background-position":"center center","background-size":"auto","background-attachment":"scroll","background-type":"","background-media":"","overlay-type":"","overlay-color":"","overlay-opacity":"","overlay-gradient":""},"mobile":{"background-color":"","background-image":"","background-repeat":"repeat","background-position":"center center","background-size":"auto","background-attachment":"scroll","background-type":"","background-media":"","overlay-type":"","overlay-color":"","overlay-opacity":"","overlay-gradient":""}},"ast-content-background-meta":{"desktop":{"background-color":"var(--ast-global-color-5)","background-image":"","background-repeat":"repeat","background-position":"center center","background-size":"auto","background-attachment":"scroll","background-type":"","background-media":"","overlay-type":"","overlay-color":"","overlay-opacity":"","overlay-gradient":""},"tablet":{"background-color":"var(--ast-global-color-5)","background-image":"","background-repeat":"repeat","background-position":"center center","background-size":"auto","background-attachment":"scroll","background-type":"","background-media":"","overlay-type":"","overlay-color":"","overlay-opacity":"","overlay-gradient":""},"mobile":{"background-color":"var(--ast-global-color-5)","background-image":"","background-repeat":"repeat","background-position":"center center","background-size":"auto","background-attachment":"scroll","background-type":"","background-media":"","overlay-type":"","overlay-color":"","overlay-opacity":"","overlay-gradient":""}},"_joinchat":[]},"product_brand":[],"product_cat":[41,47],"product_tag":[],"class_list":{"0":"post-2047","1":"product","2":"type-product","3":"status-publish","4":"has-post-thumbnail","6":"product_cat-cali-weed","7":"product_cat-doja-weed-doja-exclusive","8":"desktop-align-left","9":"tablet-align-left","10":"mobile-align-left","12":"first","13":"instock","14":"shipping-taxable","15":"purchasable","16":"product-type-variable"},"yoast_head":"<!-- This site is optimized with the Yoast SEO Premium plugin v24.1 (Yoast SEO v26.8) - https:\/\/yoast.com\/product\/yoast-seo-premium-wordpress\/ -->\n<title>Acheter Doja Apple Fritter en Ligne | Vari\u00e9t\u00e9 de Cannabis Gourmet<\/title>\n<meta name=\"description\" content=\"D\u00e9couvrez le Doja Apple Fritter, une vari\u00e9t\u00e9 de cannabis gourmet aux ar\u00f4mes sucr\u00e9s et \u00e9pic\u00e9s. Achetez en ligne avec livraison discr\u00e8te et rapide.\" \/>\n<meta name=\"robots\" content=\"index, follow, max-snippet:-1, max-image-preview:large, max-video-preview:-1\" \/>\n<link rel=\"canonical\" href=\"https:\/\/beuhparadis.com\/sl\/product\/doja-exclusive-apple-fritter\/\" \/>\n<meta property=\"og:locale\" content=\"sl_SI\" \/>\n<meta property=\"og:type\" content=\"article\" \/>\n<meta property=\"og:title\" content=\"Doja Exclusive | Apple Fritter\" \/>\n<meta property=\"og:description\" content=\"D\u00e9couvrez le Doja Apple Fritter, une vari\u00e9t\u00e9 de cannabis gourmet aux ar\u00f4mes sucr\u00e9s et \u00e9pic\u00e9s. Achetez en ligne avec livraison discr\u00e8te et rapide.\" \/>\n<meta property=\"og:url\" content=\"https:\/\/beuhparadis.com\/sl\/product\/doja-exclusive-apple-fritter\/\" \/>\n<meta property=\"og:site_name\" content=\"Beuh Paradis\" \/>\n<meta property=\"article:modified_time\" content=\"2025-01-28T10:06:59+00:00\" \/>\n<meta property=\"og:image\" content=\"https:\/\/beuhparadis.com\/wp-content\/uploads\/2024\/12\/Doja-Exclusive-Apple-Fritter-3.jpg\" \/>\n\t<meta property=\"og:image:width\" content=\"1284\" \/>\n\t<meta property=\"og:image:height\" content=\"1593\" \/>\n\t<meta property=\"og:image:type\" content=\"image\/jpeg\" \/>\n<meta name=\"twitter:card\" content=\"summary_large_image\" \/>\n<meta name=\"twitter:label1\" content=\"Est. reading time\" \/>\n\t<meta name=\"twitter:data1\" content=\"3 minutes\" \/>\n<script type=\"application\/ld+json\" class=\"yoast-schema-graph\">{\"@context\":\"https:\/\/schema.org\",\"@graph\":[{\"@type\":\"WebPage\",\"@id\":\"https:\/\/beuhparadis.com\/product\/doja-exclusive-apple-fritter\/\",\"url\":\"https:\/\/beuhparadis.com\/product\/doja-exclusive-apple-fritter\/\",\"name\":\"Acheter Doja Apple Fritter en Ligne | Vari\u00e9t\u00e9 de Cannabis Gourmet\",\"isPartOf\":{\"@id\":\"https:\/\/beuhparadis.com\/#website\"},\"primaryImageOfPage\":{\"@id\":\"https:\/\/beuhparadis.com\/product\/doja-exclusive-apple-fritter\/#primaryimage\"},\"image\":{\"@id\":\"https:\/\/beuhparadis.com\/product\/doja-exclusive-apple-fritter\/#primaryimage\"},\"thumbnailUrl\":\"https:\/\/beuhparadis.com\/wp-content\/uploads\/2024\/12\/Doja-Exclusive-Apple-Fritter-3.jpg\",\"datePublished\":\"2024-12-10T23:50:24+00:00\",\"dateModified\":\"2025-01-28T10:06:59+00:00\",\"description\":\"D\u00e9couvrez le Doja Apple Fritter, une vari\u00e9t\u00e9 de cannabis gourmet aux ar\u00f4mes sucr\u00e9s et \u00e9pic\u00e9s. Achetez en ligne avec livraison discr\u00e8te et rapide.\",\"breadcrumb\":{\"@id\":\"https:\/\/beuhparadis.com\/product\/doja-exclusive-apple-fritter\/#breadcrumb\"},\"inLanguage\":\"sl-SI\",\"potentialAction\":[{\"@type\":\"ReadAction\",\"target\":[\"https:\/\/beuhparadis.com\/product\/doja-exclusive-apple-fritter\/\"]}]},{\"@type\":\"ImageObject\",\"inLanguage\":\"sl-SI\",\"@id\":\"https:\/\/beuhparadis.com\/product\/doja-exclusive-apple-fritter\/#primaryimage\",\"url\":\"https:\/\/beuhparadis.com\/wp-content\/uploads\/2024\/12\/Doja-Exclusive-Apple-Fritter-3.jpg\",\"contentUrl\":\"https:\/\/beuhparadis.com\/wp-content\/uploads\/2024\/12\/Doja-Exclusive-Apple-Fritter-3.jpg\",\"width\":1284,\"height\":1593},{\"@type\":\"BreadcrumbList\",\"@id\":\"https:\/\/beuhparadis.com\/product\/doja-exclusive-apple-fritter\/#breadcrumb\",\"itemListElement\":[{\"@type\":\"ListItem\",\"position\":1,\"name\":\"Home\",\"item\":\"https:\/\/beuhparadis.com\/\"},{\"@type\":\"ListItem\",\"position\":2,\"name\":\"Shop\",\"item\":\"https:\/\/beuhparadis.com\/shop\/\"},{\"@type\":\"ListItem\",\"position\":3,\"name\":\"Doja Exclusive | Apple Fritter\"}]},{\"@type\":\"WebSite\",\"@id\":\"https:\/\/beuhparadis.com\/#website\",\"url\":\"https:\/\/beuhparadis.com\/\",\"name\":\"Beuh Paradis\",\"description\":\"\",\"potentialAction\":[{\"@type\":\"SearchAction\",\"target\":{\"@type\":\"EntryPoint\",\"urlTemplate\":\"https:\/\/beuhparadis.com\/?s={search_term_string}\"},\"query-input\":{\"@type\":\"PropertyValueSpecification\",\"valueRequired\":true,\"valueName\":\"search_term_string\"}}],\"inLanguage\":\"sl-SI\"}]}<\/script>\n<!-- \/ Yoast SEO Premium plugin. -->","yoast_head_json":{"title":"Nakup Doja Apple Fritter na spletu | Vari\u00e9t\u00e9 de Cannabis Gourmet","description":"Odkrijte Doja Apple Fritter, gurmansko sorto konoplje s sladko in pikantno aromo. Kupite na spletu s hitro in diskretno dostavo.","robots":{"index":"index","follow":"follow","max-snippet":"max-snippet:-1","max-image-preview":"max-image-preview:large","max-video-preview":"max-video-preview:-1"},"canonical":"https:\/\/beuhparadis.com\/sl\/product\/doja-exclusive-apple-fritter\/","og_locale":"sl_SI","og_type":"article","og_title":"Doja Exclusive | Apple Fritter","og_description":"D\u00e9couvrez le Doja Apple Fritter, une vari\u00e9t\u00e9 de cannabis gourmet aux ar\u00f4mes sucr\u00e9s et \u00e9pic\u00e9s. Achetez en ligne avec livraison discr\u00e8te et rapide.","og_url":"https:\/\/beuhparadis.com\/sl\/product\/doja-exclusive-apple-fritter\/","og_site_name":"Beuh Paradis","article_modified_time":"2025-01-28T10:06:59+00:00","og_image":[{"width":1284,"height":1593,"url":"https:\/\/beuhparadis.com\/wp-content\/uploads\/2024\/12\/Doja-Exclusive-Apple-Fritter-3.jpg","type":"image\/jpeg"}],"twitter_card":"summary_large_image","twitter_misc":{"Est. reading time":"3 minutes"},"schema":{"@context":"https:\/\/schema.org","@graph":[{"@type":"WebPage","@id":"https:\/\/beuhparadis.com\/product\/doja-exclusive-apple-fritter\/","url":"https:\/\/beuhparadis.com\/product\/doja-exclusive-apple-fritter\/","name":"Nakup Doja Apple Fritter na spletu | Vari\u00e9t\u00e9 de Cannabis Gourmet","isPartOf":{"@id":"https:\/\/beuhparadis.com\/#website"},"primaryImageOfPage":{"@id":"https:\/\/beuhparadis.com\/product\/doja-exclusive-apple-fritter\/#primaryimage"},"image":{"@id":"https:\/\/beuhparadis.com\/product\/doja-exclusive-apple-fritter\/#primaryimage"},"thumbnailUrl":"https:\/\/beuhparadis.com\/wp-content\/uploads\/2024\/12\/Doja-Exclusive-Apple-Fritter-3.jpg","datePublished":"2024-12-10T23:50:24+00:00","dateModified":"2025-01-28T10:06:59+00:00","description":"Odkrijte Doja Apple Fritter, gurmansko sorto konoplje s sladko in pikantno aromo. Kupite na spletu s hitro in diskretno dostavo.","breadcrumb":{"@id":"https:\/\/beuhparadis.com\/product\/doja-exclusive-apple-fritter\/#breadcrumb"},"inLanguage":"sl-SI","potentialAction":[{"@type":"ReadAction","target":["https:\/\/beuhparadis.com\/product\/doja-exclusive-apple-fritter\/"]}]},{"@type":"ImageObject","inLanguage":"sl-SI","@id":"https:\/\/beuhparadis.com\/product\/doja-exclusive-apple-fritter\/#primaryimage","url":"https:\/\/beuhparadis.com\/wp-content\/uploads\/2024\/12\/Doja-Exclusive-Apple-Fritter-3.jpg","contentUrl":"https:\/\/beuhparadis.com\/wp-content\/uploads\/2024\/12\/Doja-Exclusive-Apple-Fritter-3.jpg","width":1284,"height":1593},{"@type":"BreadcrumbList","@id":"https:\/\/beuhparadis.com\/product\/doja-exclusive-apple-fritter\/#breadcrumb","itemListElement":[{"@type":"ListItem","position":1,"name":"Home","item":"https:\/\/beuhparadis.com\/"},{"@type":"ListItem","position":2,"name":"Shop","item":"https:\/\/beuhparadis.com\/shop\/"},{"@type":"ListItem","position":3,"name":"Doja Exclusive | Apple Fritter"}]},{"@type":"WebSite","@id":"https:\/\/beuhparadis.com\/#website","url":"https:\/\/beuhparadis.com\/","name":"Beuh Paradis","description":"","potentialAction":[{"@type":"SearchAction","target":{"@type":"EntryPoint","urlTemplate":"https:\/\/beuhparadis.com\/?s={search_term_string}"},"query-input":{"@type":"PropertyValueSpecification","valueRequired":true,"valueName":"search_term_string"}}],"inLanguage":"sl-SI"}]}},"_links":{"self":[{"href":"https:\/\/beuhparadis.com\/sl\/wp-json\/wp\/v2\/product\/2047","targetHints":{"allow":["GET"]}}],"collection":[{"href":"https:\/\/beuhparadis.com\/sl\/wp-json\/wp\/v2\/product"}],"about":[{"href":"https:\/\/beuhparadis.com\/sl\/wp-json\/wp\/v2\/types\/product"}],"replies":[{"embeddable":true,"href":"https:\/\/beuhparadis.com\/sl\/wp-json\/wp\/v2\/comments?post=2047"}],"wp:featuredmedia":[{"embeddable":true,"href":"https:\/\/beuhparadis.com\/sl\/wp-json\/wp\/v2\/media\/2077"}],"wp:attachment":[{"href":"https:\/\/beuhparadis.com\/sl\/wp-json\/wp\/v2\/media?parent=2047"}],"wp:term":[{"taxonomy":"product_brand","embeddable":true,"href":"https:\/\/beuhparadis.com\/sl\/wp-json\/wp\/v2\/product_brand?post=2047"},{"taxonomy":"product_cat","embeddable":true,"href":"https:\/\/beuhparadis.com\/sl\/wp-json\/wp\/v2\/product_cat?post=2047"},{"taxonomy":"product_tag","embeddable":true,"href":"https:\/\/beuhparadis.com\/sl\/wp-json\/wp\/v2\/product_tag?post=2047"}],"curies":[{"name":"wp","href":"https:\/\/api.w.org\/{rel}","templated":true}]}}