{"id":2037,"date":"2024-12-10T23:50:24","date_gmt":"2024-12-10T23:50:24","guid":{"rendered":"https:\/\/beuhparadis.com\/?post_type=product&#038;p=2037"},"modified":"2025-01-28T09:37:39","modified_gmt":"2025-01-28T09:37:39","slug":"doja-exclusive-biscotti","status":"publish","type":"product","link":"https:\/\/beuhparadis.com\/sl\/product\/doja-exclusive-biscotti\/","title":{"rendered":"Doja Exclusive Biscotti"},"content":{"rendered":"<h1 class=\"wp-block-heading\">Kupite Biscotti Doja: hibridna odli\u010dnost z uravnote\u017eenimi u\u010dinki<\/h1>\n<p>Nakup Biscotti Doja, najnovej\u0161a ekskluzivna kreacija priznane blagovne znamke Doja, je zaradi svoje vrhunske kakovosti in harmoni\u010dnih u\u010dinkov hitro postala priljubljena med navdu\u0161enci nad konopljo. Biscotti Doja je kri\u017eanec med znanima sortama Biscotti in Gelato, ki ponuja nepozabno izku\u0161njo u\u017eivanja in zdru\u017euje mo\u017eganske vplive s telesno sprostitvijo. Ta sev je odli\u010den primer Dojevega strokovnega znanja pri ustvarjanju edinstvenih sort, kar dokazuje tudi sev Doja Biscotti.<\/p>\n<h2 class=\"wp-block-heading\">Informacije o La Souche<\/h2>\n<ul class=\"wp-block-list\">\n<li><strong>Genetika<\/strong> Biscotti Doja je hibrid, ki je nastal s kri\u017eanjem pi\u0161kotov in sladoleda, in zagotavlja uravnote\u017eeno izku\u0161njo, bogato z okusom.<\/li>\n<li><strong>Proizvodnja<\/strong> Gojena v skladu z visokimi standardi Doje, kar zagotavlja vrhunsko kakovost in optimalno koncentracijo kanabinoidov za Doja Biscotti.<\/li>\n<li><strong>Tip<\/strong> Biscotti Doja je uravnote\u017een hibrid, ki je kot nala\u0161\u010d za tiste, ki \u017eelijo zdru\u017eiti spro\u0161\u010dujo\u010de u\u010dinke z du\u0161evno stimulacijo.<\/li>\n<\/ul>\n<h2 class=\"wp-block-heading\">THC in CBD<\/h2>\n<ul class=\"wp-block-list\">\n<li><strong>THC<\/strong> Visoka stopnja, pribli\u017eno 20-25%, za opazne, dolgotrajne u\u010dinke zdravila Biscotti Doja.<\/li>\n<li><strong>CBD<\/strong> Nizka, manj kot 1%, kar izbolj\u0161a psihoaktivno izku\u0161njo in hkrati nudi ciljno usmerjene terapevtske koristi zdravila Doja Biscotti.<\/li>\n<\/ul>\n<h2 class=\"wp-block-heading\">Kje lahko Biscotti Doja kupim na spletu?<\/h2>\n<p><a href=\"https:\/\/beuhparadis.com\/sl\/product\/honey-moroccan-blonde-hash\/\">Beuhparadis.com<\/a> je zanesljiv vir za pridobivanje <strong>Biscotti Exclusive Doja<\/strong> na spletu, ki ponuja izjemno garancijo kakovosti, diskretno dostavo in neprekosljivo storitev za stranke.<\/p>\n<h2 class=\"wp-block-heading\">U\u010dinki, vonj in okus<\/h2>\n<h3 class=\"wp-block-heading\">U\u010dinek<\/h3>\n<ul class=\"wp-block-list\">\n<li>Biscotti Exclusive Doja ponuja globoko sprostitev in evforijo, ki je idealna za sprostitev po napornem dnevu ali za spodbujanje ustvarjalnosti in koncentracije.<\/li>\n<li>Doja Biscotti izbolj\u0161uje razpolo\u017eenje in daje ob\u010dutek splo\u0161nega dobrega po\u010dutja.<\/li>\n<\/ul>\n<h3 class=\"wp-block-heading\">Aroma<\/h3>\n<ul class=\"wp-block-list\">\n<li><strong>Biscotti Doja<\/strong> daje bogat, kompleksen vonj z notami kave in \u010dokolade, ki spominja na sladko kremno me\u0161anico tiramisuja.<\/li>\n<\/ul>\n<h3 class=\"wp-block-heading\">Okusi<\/h3>\n<ul class=\"wp-block-list\">\n<li>Okus Doja Biscotti je gurmanski in pristen, saj zdru\u017euje sladkost mascarponejeve kreme s pridihom kave in kakava za izvrstno do\u017eivetje okusa Exclusive Doja Biscotti.<\/li>\n<\/ul>\n<h2 class=\"wp-block-heading\">Zdravstveni u\u010dinki<\/h2>\n<h3 class=\"wp-block-heading\">Zdravstveni u\u010dinki<\/h3>\n<ul class=\"wp-block-list\">\n<li><strong>Biscottidoja<\/strong> nudi u\u010dinkovito laj\u0161anje stresa in tesnobe ter analgeti\u010dne lastnosti za obvladovanje bole\u010din.<\/li>\n<\/ul>\n<h3 class=\"wp-block-heading\">Lahko olaj\u0161a<\/h3>\n<ul class=\"wp-block-list\">\n<li>Cherry Biscotti Strain Doja je idealen za boj proti nespe\u010dnosti, kroni\u010dnim bole\u010dinam in motnjam razpolo\u017eenja ter za izbolj\u0161anje splo\u0161nega stanja duha.<\/li>\n<\/ul>\n<h2 class=\"wp-block-heading\">Zakaj kupiti Biscotti Doja pri Acheterducannabis?<\/h2>\n<p>Izbira Acheterducannabis za nakup Cherry Biscotti Strain Doja pomeni izbiro odli\u010dnosti in zanesljivosti. Zavezani smo k zagotavljanju izdelkov iz konoplje najvi\u0161je kakovosti, ki so testirani in odobreni glede \u010distosti in u\u010dinkovitosti, kar zagotavlja popolno zadovoljstvo pri vsakem naro\u010dilu sorte Biscotti Strain Doja.<\/p>\n<h2 class=\"wp-block-heading\">Vladna zakonodaja za prodajo konoplje v Evropi<\/h2>\n<p>Tr\u017eenje konoplje v Evropi urejajo strogi zakoni. Acheterducannabis upo\u0161teva vse veljavne predpise in ponuja popolnoma zakonito in varno spletno storitev nakupa konoplje Cherry Biscotti Strain Doja.<\/p>\n<hr class=\"wp-block-separator has-alpha-channel-opacity\" \/>\n<p><strong>Nakup konoplje<\/strong> vas vabi, da odkrijete Biscotti Exclusive Doja, ki zagotavlja vrhunsko kakovost, zadovoljivo prehransko izku\u0161njo in skladnost z evropskimi zakonskimi direktivami za <a href=\"https:\/\/www.dojaexclusives.com\" data-type=\"link\" data-id=\"https:\/\/www.dojaexclusives.com\">Doja Biscotti<\/a>.<\/p>","protected":false},"excerpt":{"rendered":"<p><strong>Zdravstveni u\u010dinki<\/strong><br \/>\nU\u010dinkovito bla\u017ei stres in tesnobo ter deluje analgeti\u010dno pri obvladovanju bole\u010din.<\/p>","protected":false},"featured_media":2054,"comment_status":"closed","ping_status":"closed","template":"","meta":{"site-sidebar-layout":"default","site-content-layout":"","ast-site-content-layout":"default","site-content-style":"default","site-sidebar-style":"default","ast-global-header-display":"","ast-banner-title-visibility":"","ast-main-header-display":"","ast-hfb-above-header-display":"","ast-hfb-below-header-display":"","ast-hfb-mobile-header-display":"","site-post-title":"","ast-breadcrumbs-content":"","ast-featured-img":"","footer-sml-layout":"","theme-transparent-header-meta":"default","adv-header-id-meta":"","stick-header-meta":"","header-above-stick-meta":"","header-main-stick-meta":"","header-below-stick-meta":"","astra-migrate-meta-layouts":"set","ast-page-background-enabled":"default","ast-page-background-meta":{"desktop":{"background-color":"","background-image":"","background-repeat":"repeat","background-position":"center center","background-size":"auto","background-attachment":"scroll","background-type":"","background-media":"","overlay-type":"","overlay-color":"","overlay-opacity":"","overlay-gradient":""},"tablet":{"background-color":"","background-image":"","background-repeat":"repeat","background-position":"center center","background-size":"auto","background-attachment":"scroll","background-type":"","background-media":"","overlay-type":"","overlay-color":"","overlay-opacity":"","overlay-gradient":""},"mobile":{"background-color":"","background-image":"","background-repeat":"repeat","background-position":"center center","background-size":"auto","background-attachment":"scroll","background-type":"","background-media":"","overlay-type":"","overlay-color":"","overlay-opacity":"","overlay-gradient":""}},"ast-content-background-meta":{"desktop":{"background-color":"var(--ast-global-color-5)","background-image":"","background-repeat":"repeat","background-position":"center center","background-size":"auto","background-attachment":"scroll","background-type":"","background-media":"","overlay-type":"","overlay-color":"","overlay-opacity":"","overlay-gradient":""},"tablet":{"background-color":"var(--ast-global-color-5)","background-image":"","background-repeat":"repeat","background-position":"center center","background-size":"auto","background-attachment":"scroll","background-type":"","background-media":"","overlay-type":"","overlay-color":"","overlay-opacity":"","overlay-gradient":""},"mobile":{"background-color":"var(--ast-global-color-5)","background-image":"","background-repeat":"repeat","background-position":"center center","background-size":"auto","background-attachment":"scroll","background-type":"","background-media":"","overlay-type":"","overlay-color":"","overlay-opacity":"","overlay-gradient":""}},"_joinchat":[]},"product_brand":[],"product_cat":[41,47],"product_tag":[],"class_list":{"0":"post-2037","1":"product","2":"type-product","3":"status-publish","4":"has-post-thumbnail","6":"product_cat-cali-weed","7":"product_cat-doja-weed-doja-exclusive","8":"desktop-align-left","9":"tablet-align-left","10":"mobile-align-left","12":"first","13":"instock","14":"shipping-taxable","15":"purchasable","16":"product-type-variable"},"yoast_head":"<!-- This site is optimized with the Yoast SEO Premium plugin v24.1 (Yoast SEO v26.8) - https:\/\/yoast.com\/product\/yoast-seo-premium-wordpress\/ -->\n<title>Acheter Biscotti Doja en Ligne | Vari\u00e9t\u00e9 de Cannabis Premium<\/title>\n<meta name=\"description\" content=\"Acheter Biscotti Doja, une vari\u00e9t\u00e9 de cannabis premium r\u00e9put\u00e9e pour ses ar\u00f4mes sucr\u00e9s et ses effets \u00e9quilibr\u00e9s. Achetez en ligne avec livraison discr\u00e8te et rapide. Parfait pour les amateurs de cannabis raffin\u00e9.\" \/>\n<meta name=\"robots\" content=\"index, follow, max-snippet:-1, max-image-preview:large, max-video-preview:-1\" \/>\n<link rel=\"canonical\" href=\"https:\/\/beuhparadis.com\/sl\/product\/doja-exclusive-biscotti\/\" \/>\n<meta property=\"og:locale\" content=\"sl_SI\" \/>\n<meta property=\"og:type\" content=\"article\" \/>\n<meta property=\"og:title\" content=\"Doja Exclusive Biscotti\" \/>\n<meta property=\"og:description\" content=\"Acheter Biscotti Doja, une vari\u00e9t\u00e9 de cannabis premium r\u00e9put\u00e9e pour ses ar\u00f4mes sucr\u00e9s et ses effets \u00e9quilibr\u00e9s. Achetez en ligne avec livraison discr\u00e8te et rapide. Parfait pour les amateurs de cannabis raffin\u00e9.\" \/>\n<meta property=\"og:url\" content=\"https:\/\/beuhparadis.com\/sl\/product\/doja-exclusive-biscotti\/\" \/>\n<meta property=\"og:site_name\" content=\"Beuh Paradis\" \/>\n<meta property=\"article:modified_time\" content=\"2025-01-28T09:37:39+00:00\" \/>\n<meta property=\"og:image\" content=\"https:\/\/beuhparadis.com\/wp-content\/uploads\/2024\/12\/Doja-Exclusive-Biscotti-3.jpg\" \/>\n\t<meta property=\"og:image:width\" content=\"1242\" \/>\n\t<meta property=\"og:image:height\" content=\"1376\" \/>\n\t<meta property=\"og:image:type\" content=\"image\/jpeg\" \/>\n<meta name=\"twitter:card\" content=\"summary_large_image\" \/>\n<meta name=\"twitter:label1\" content=\"Est. reading time\" \/>\n\t<meta name=\"twitter:data1\" content=\"3 minutes\" \/>\n<script type=\"application\/ld+json\" class=\"yoast-schema-graph\">{\"@context\":\"https:\/\/schema.org\",\"@graph\":[{\"@type\":\"WebPage\",\"@id\":\"https:\/\/beuhparadis.com\/product\/doja-exclusive-biscotti\/\",\"url\":\"https:\/\/beuhparadis.com\/product\/doja-exclusive-biscotti\/\",\"name\":\"Acheter Biscotti Doja en Ligne | Vari\u00e9t\u00e9 de Cannabis Premium\",\"isPartOf\":{\"@id\":\"https:\/\/beuhparadis.com\/#website\"},\"primaryImageOfPage\":{\"@id\":\"https:\/\/beuhparadis.com\/product\/doja-exclusive-biscotti\/#primaryimage\"},\"image\":{\"@id\":\"https:\/\/beuhparadis.com\/product\/doja-exclusive-biscotti\/#primaryimage\"},\"thumbnailUrl\":\"https:\/\/beuhparadis.com\/wp-content\/uploads\/2024\/12\/Doja-Exclusive-Biscotti-3.jpg\",\"datePublished\":\"2024-12-10T23:50:24+00:00\",\"dateModified\":\"2025-01-28T09:37:39+00:00\",\"description\":\"Acheter Biscotti Doja, une vari\u00e9t\u00e9 de cannabis premium r\u00e9put\u00e9e pour ses ar\u00f4mes sucr\u00e9s et ses effets \u00e9quilibr\u00e9s. Achetez en ligne avec livraison discr\u00e8te et rapide. Parfait pour les amateurs de cannabis raffin\u00e9.\",\"breadcrumb\":{\"@id\":\"https:\/\/beuhparadis.com\/product\/doja-exclusive-biscotti\/#breadcrumb\"},\"inLanguage\":\"sl-SI\",\"potentialAction\":[{\"@type\":\"ReadAction\",\"target\":[\"https:\/\/beuhparadis.com\/product\/doja-exclusive-biscotti\/\"]}]},{\"@type\":\"ImageObject\",\"inLanguage\":\"sl-SI\",\"@id\":\"https:\/\/beuhparadis.com\/product\/doja-exclusive-biscotti\/#primaryimage\",\"url\":\"https:\/\/beuhparadis.com\/wp-content\/uploads\/2024\/12\/Doja-Exclusive-Biscotti-3.jpg\",\"contentUrl\":\"https:\/\/beuhparadis.com\/wp-content\/uploads\/2024\/12\/Doja-Exclusive-Biscotti-3.jpg\",\"width\":1242,\"height\":1376},{\"@type\":\"BreadcrumbList\",\"@id\":\"https:\/\/beuhparadis.com\/product\/doja-exclusive-biscotti\/#breadcrumb\",\"itemListElement\":[{\"@type\":\"ListItem\",\"position\":1,\"name\":\"Home\",\"item\":\"https:\/\/beuhparadis.com\/\"},{\"@type\":\"ListItem\",\"position\":2,\"name\":\"Shop\",\"item\":\"https:\/\/beuhparadis.com\/shop\/\"},{\"@type\":\"ListItem\",\"position\":3,\"name\":\"Doja Exclusive Biscotti\"}]},{\"@type\":\"WebSite\",\"@id\":\"https:\/\/beuhparadis.com\/#website\",\"url\":\"https:\/\/beuhparadis.com\/\",\"name\":\"Beuh Paradis\",\"description\":\"\",\"potentialAction\":[{\"@type\":\"SearchAction\",\"target\":{\"@type\":\"EntryPoint\",\"urlTemplate\":\"https:\/\/beuhparadis.com\/?s={search_term_string}\"},\"query-input\":{\"@type\":\"PropertyValueSpecification\",\"valueRequired\":true,\"valueName\":\"search_term_string\"}}],\"inLanguage\":\"sl-SI\"}]}<\/script>\n<!-- \/ Yoast SEO Premium plugin. -->","yoast_head_json":{"title":"Nakup Biscotti Doja na spletu | Premium Cannabis Variety","description":"Kupite Biscotti Doja, vrhunsko sorto konoplje, znano po sladkih okusih in uravnote\u017eenih u\u010dinkih. Kupite prek spleta s hitro in diskretno dostavo. Kot nala\u0161\u010d za ljubitelje prefinjene konoplje.","robots":{"index":"index","follow":"follow","max-snippet":"max-snippet:-1","max-image-preview":"max-image-preview:large","max-video-preview":"max-video-preview:-1"},"canonical":"https:\/\/beuhparadis.com\/sl\/product\/doja-exclusive-biscotti\/","og_locale":"sl_SI","og_type":"article","og_title":"Doja Exclusive Biscotti","og_description":"Acheter Biscotti Doja, une vari\u00e9t\u00e9 de cannabis premium r\u00e9put\u00e9e pour ses ar\u00f4mes sucr\u00e9s et ses effets \u00e9quilibr\u00e9s. Achetez en ligne avec livraison discr\u00e8te et rapide. Parfait pour les amateurs de cannabis raffin\u00e9.","og_url":"https:\/\/beuhparadis.com\/sl\/product\/doja-exclusive-biscotti\/","og_site_name":"Beuh Paradis","article_modified_time":"2025-01-28T09:37:39+00:00","og_image":[{"width":1242,"height":1376,"url":"https:\/\/beuhparadis.com\/wp-content\/uploads\/2024\/12\/Doja-Exclusive-Biscotti-3.jpg","type":"image\/jpeg"}],"twitter_card":"summary_large_image","twitter_misc":{"Est. reading time":"3 minutes"},"schema":{"@context":"https:\/\/schema.org","@graph":[{"@type":"WebPage","@id":"https:\/\/beuhparadis.com\/product\/doja-exclusive-biscotti\/","url":"https:\/\/beuhparadis.com\/product\/doja-exclusive-biscotti\/","name":"Nakup Biscotti Doja na spletu | Premium Cannabis Variety","isPartOf":{"@id":"https:\/\/beuhparadis.com\/#website"},"primaryImageOfPage":{"@id":"https:\/\/beuhparadis.com\/product\/doja-exclusive-biscotti\/#primaryimage"},"image":{"@id":"https:\/\/beuhparadis.com\/product\/doja-exclusive-biscotti\/#primaryimage"},"thumbnailUrl":"https:\/\/beuhparadis.com\/wp-content\/uploads\/2024\/12\/Doja-Exclusive-Biscotti-3.jpg","datePublished":"2024-12-10T23:50:24+00:00","dateModified":"2025-01-28T09:37:39+00:00","description":"Kupite Biscotti Doja, vrhunsko sorto konoplje, znano po sladkih okusih in uravnote\u017eenih u\u010dinkih. Kupite prek spleta s hitro in diskretno dostavo. Kot nala\u0161\u010d za ljubitelje prefinjene konoplje.","breadcrumb":{"@id":"https:\/\/beuhparadis.com\/product\/doja-exclusive-biscotti\/#breadcrumb"},"inLanguage":"sl-SI","potentialAction":[{"@type":"ReadAction","target":["https:\/\/beuhparadis.com\/product\/doja-exclusive-biscotti\/"]}]},{"@type":"ImageObject","inLanguage":"sl-SI","@id":"https:\/\/beuhparadis.com\/product\/doja-exclusive-biscotti\/#primaryimage","url":"https:\/\/beuhparadis.com\/wp-content\/uploads\/2024\/12\/Doja-Exclusive-Biscotti-3.jpg","contentUrl":"https:\/\/beuhparadis.com\/wp-content\/uploads\/2024\/12\/Doja-Exclusive-Biscotti-3.jpg","width":1242,"height":1376},{"@type":"BreadcrumbList","@id":"https:\/\/beuhparadis.com\/product\/doja-exclusive-biscotti\/#breadcrumb","itemListElement":[{"@type":"ListItem","position":1,"name":"Home","item":"https:\/\/beuhparadis.com\/"},{"@type":"ListItem","position":2,"name":"Shop","item":"https:\/\/beuhparadis.com\/shop\/"},{"@type":"ListItem","position":3,"name":"Doja Exclusive Biscotti"}]},{"@type":"WebSite","@id":"https:\/\/beuhparadis.com\/#website","url":"https:\/\/beuhparadis.com\/","name":"Beuh Paradis","description":"","potentialAction":[{"@type":"SearchAction","target":{"@type":"EntryPoint","urlTemplate":"https:\/\/beuhparadis.com\/?s={search_term_string}"},"query-input":{"@type":"PropertyValueSpecification","valueRequired":true,"valueName":"search_term_string"}}],"inLanguage":"sl-SI"}]}},"_links":{"self":[{"href":"https:\/\/beuhparadis.com\/sl\/wp-json\/wp\/v2\/product\/2037","targetHints":{"allow":["GET"]}}],"collection":[{"href":"https:\/\/beuhparadis.com\/sl\/wp-json\/wp\/v2\/product"}],"about":[{"href":"https:\/\/beuhparadis.com\/sl\/wp-json\/wp\/v2\/types\/product"}],"replies":[{"embeddable":true,"href":"https:\/\/beuhparadis.com\/sl\/wp-json\/wp\/v2\/comments?post=2037"}],"wp:featuredmedia":[{"embeddable":true,"href":"https:\/\/beuhparadis.com\/sl\/wp-json\/wp\/v2\/media\/2054"}],"wp:attachment":[{"href":"https:\/\/beuhparadis.com\/sl\/wp-json\/wp\/v2\/media?parent=2037"}],"wp:term":[{"taxonomy":"product_brand","embeddable":true,"href":"https:\/\/beuhparadis.com\/sl\/wp-json\/wp\/v2\/product_brand?post=2037"},{"taxonomy":"product_cat","embeddable":true,"href":"https:\/\/beuhparadis.com\/sl\/wp-json\/wp\/v2\/product_cat?post=2037"},{"taxonomy":"product_tag","embeddable":true,"href":"https:\/\/beuhparadis.com\/sl\/wp-json\/wp\/v2\/product_tag?post=2037"}],"curies":[{"name":"wp","href":"https:\/\/api.w.org\/{rel}","templated":true}]}}