{"id":2027,"date":"2024-12-10T23:50:01","date_gmt":"2024-12-10T23:50:01","guid":{"rendered":"https:\/\/beuhparadis.com\/?post_type=product&#038;p=2027"},"modified":"2025-01-28T10:10:56","modified_gmt":"2025-01-28T10:10:56","slug":"doja-rs11","status":"publish","type":"product","link":"https:\/\/beuhparadis.com\/sl\/product\/doja-rs11\/","title":{"rendered":"Doja Rs11"},"content":{"rendered":"<h1 class=\"wp-block-heading\">Kupite Doja RS11: edinstvena, visokokakovostna izku\u0161nja<\/h1>\n<p>Doja RS11 je ekskluzivna sorta konoplje, znana po svoji impresivni genetski zasnovi in trajni priljubljenosti. RS11, ki je plod sodelovanja podjetij Doja Pak, Wizard Trees in Deep East, se pona\u0161a z dinami\u010dnimi u\u010dinki, kompleksno aromo in bogatim okusom. Ta <strong>doja exclusive RS11<\/strong> ljubitelje konoplje navdu\u0161uje \u0161e dolgo po svoji prvi predstavitvi.<\/p>\n<h2 class=\"wp-block-heading\">Informacije o La Souche<\/h2>\n<ul class=\"wp-block-list\">\n<li><strong>Genetika<\/strong> Doja exclusive RS11 ali RS11 Doja Pak je rezultat natan\u010dnega kri\u017eanja med Black Sherbert, OZ Kush in Pink Guava, ki ponuja izjemen genetski profil in je prva Doja, ki je bila proizvedena na svetu. <strong>doja RS11 sev<\/strong> prava uspe\u0161nica.<\/li>\n<li><strong>Proizvodnja<\/strong> Doja RS11: Doja RS11 je skrbno vzgojena za zagotavljanje vrhunske kakovosti, zato po zaslugi strokovnega znanja podjetij Doja Pak, Wizard Trees in Deep East pove\u010duje koncentracijo THC in hkrati ohranja ne\u017ene arome.<\/li>\n<li><strong>Tip<\/strong> Hibridna sorta RS11 Doja s prevladujo\u010do indico zagotavlja globoko sprostitev in du\u0161evno evforijo.<\/li>\n<\/ul>\n<h2 class=\"wp-block-heading\">THC in CBD<\/h2>\n<ul class=\"wp-block-list\">\n<li><strong>THC<\/strong> Visoka stopnja, pribli\u017eno 24-29%, za intenzivne in dolgotrajne u\u010dinke paketa Doja pack RS11.<\/li>\n<li><strong>CBD<\/strong> Zelo nizka, manj\u0161a od 1%, kar poudari psihoaktivno izku\u0161njo, hkrati pa nudi usmerjene terapevtske koristi RS11 Doja.<\/li>\n<\/ul>\n<h2 class=\"wp-block-heading\">Kje lahko kupim Doja RS11 na spletu?<\/h2>\n<p><a href=\"https:\/\/beuhparadis.com\/sl\/product\/bentley-hash\/\">Beuhparadis.com<\/a> je va\u0161a prednostna destinacija za nakup Doja exclusive RS11 na spletu, ki zagotavlja izjemno kakovost, diskretno dostavo in brezhibno storitev za stranke za to Doja exclusive RS11.<\/p>\n<h2 class=\"wp-block-heading\">U\u010dinki, vonj in okus<\/h2>\n<h3 class=\"wp-block-heading\">U\u010dinek<\/h3>\n<ul class=\"wp-block-list\">\n<li>Doja Pack RS11 ponuja intenzivno sprostitev telesa, ki je kot nala\u0161\u010d za sprostitev ob koncu dneva. Ta sev Doja RS11 spodbuja um, spodbuja veselo razpolo\u017eenje in ve\u010djo ustvarjalnost.<\/li>\n<li>Sorta RS11 Doja izbolj\u0161uje razpolo\u017eenje in daje ob\u010dutek splo\u0161nega dobrega po\u010dutja.<\/li>\n<\/ul>\n<h3 class=\"wp-block-heading\">Aroma<\/h3>\n<ul class=\"wp-block-list\">\n<li>Doja Exclusive RS11 ima bogat, kompleksen vonj z notami kave in \u010dokolade, ki spominja na sladko kremno me\u0161anico tiramisuja.<\/li>\n<\/ul>\n<h3 class=\"wp-block-heading\">Okusi<\/h3>\n<ul class=\"wp-block-list\">\n<li>Okus RS11 Doja Pak je gurmanski in pristen, saj zdru\u017euje sladkost maskarponejeve kreme s pridihom kave in kakava za izvrstno okusno do\u017eivetje. <strong>Doja RS11<\/strong>.<\/li>\n<\/ul>\n<h2 class=\"wp-block-heading\">Zdravstveni u\u010dinki<\/h2>\n<h3 class=\"wp-block-heading\">Zdravstveni u\u010dinki<\/h3>\n<ul class=\"wp-block-list\">\n<li>RS11 Doja Pack u\u010dinkovito bla\u017ei stres in tesnobo ter deluje protibole\u010dinsko pri obvladovanju bole\u010din.<\/li>\n<\/ul>\n<h3 class=\"wp-block-heading\">Lahko olaj\u0161a<\/h3>\n<ul class=\"wp-block-list\">\n<li><strong>RS11 Doja<\/strong> je idealen za boj proti nespe\u010dnosti, kroni\u010dnim bole\u010dinam in motnjam razpolo\u017eenja ter izbolj\u0161uje splo\u0161no stanje duha.<\/li>\n<\/ul>\n<h2 class=\"wp-block-heading\">Zakaj kupiti Doja RS11 pri Acheterducannabis?<\/h2>\n<p>Z izbiro Acheterducannabis za nakup Doja RS11 se odlo\u010date za jamstvo kakovosti in zadovoljstva. Zavezani smo k zagotavljanju izjemne nakupovalne izku\u0161nje za to <strong>doja exclusive RS11<\/strong>.<\/p>\n<h2 class=\"wp-block-heading\">Vladna zakonodaja za prodajo konoplje v Evropi<\/h2>\n<p>Prodaja konoplje v Evropi je strogo urejena. Acheterducannabis upo\u0161teva vse veljavne predpise in ponuja popolnoma zakonito in varno spletno nakupno storitev za va\u0161o konopljo Doja RS11.<\/p>\n<hr class=\"wp-block-separator has-alpha-channel-opacity\" \/>\n<p><strong>Nakup konoplje<\/strong> vas vabi, da razi\u0161\u010dete edinstven svet <a href=\"https:\/\/hightimes.com\/product-review\/review-doja-paks-rs-11\/\" data-type=\"link\" data-id=\"https:\/\/hightimes.com\/product-review\/review-doja-paks-rs-11\/\">Doja RS11<\/a>RS11 Doja Pak zagotavlja vrhunsko kakovost, zadovoljivo potro\u0161ni\u0161ko izku\u0161njo in skladnost z evropskimi zakonskimi direktivami.<\/p>","protected":false},"excerpt":{"rendered":"<p><strong>Zdravstveni u\u010dinki zdravila Doja Rs11<\/strong><\/p>\n<ul class=\"wp-block-list\">\n<li>Doja Pack RS11 ponuja intenzivno sprostitev telesa, ki je kot nala\u0161\u010d za sprostitev ob koncu dneva. Ta sev Doja RS11 spodbuja um, spodbuja veselo razpolo\u017eenje in ve\u010djo ustvarjalnost.<\/li>\n<li>Sorta RS11 Doja izbolj\u0161uje razpolo\u017eenje in daje ob\u010dutek splo\u0161nega dobrega po\u010dutja.<\/li>\n<\/ul>","protected":false},"featured_media":2052,"comment_status":"closed","ping_status":"closed","template":"","meta":{"site-sidebar-layout":"default","site-content-layout":"","ast-site-content-layout":"default","site-content-style":"default","site-sidebar-style":"default","ast-global-header-display":"","ast-banner-title-visibility":"","ast-main-header-display":"","ast-hfb-above-header-display":"","ast-hfb-below-header-display":"","ast-hfb-mobile-header-display":"","site-post-title":"","ast-breadcrumbs-content":"","ast-featured-img":"","footer-sml-layout":"","theme-transparent-header-meta":"default","adv-header-id-meta":"","stick-header-meta":"","header-above-stick-meta":"","header-main-stick-meta":"","header-below-stick-meta":"","astra-migrate-meta-layouts":"set","ast-page-background-enabled":"default","ast-page-background-meta":{"desktop":{"background-color":"","background-image":"","background-repeat":"repeat","background-position":"center center","background-size":"auto","background-attachment":"scroll","background-type":"","background-media":"","overlay-type":"","overlay-color":"","overlay-opacity":"","overlay-gradient":""},"tablet":{"background-color":"","background-image":"","background-repeat":"repeat","background-position":"center center","background-size":"auto","background-attachment":"scroll","background-type":"","background-media":"","overlay-type":"","overlay-color":"","overlay-opacity":"","overlay-gradient":""},"mobile":{"background-color":"","background-image":"","background-repeat":"repeat","background-position":"center center","background-size":"auto","background-attachment":"scroll","background-type":"","background-media":"","overlay-type":"","overlay-color":"","overlay-opacity":"","overlay-gradient":""}},"ast-content-background-meta":{"desktop":{"background-color":"var(--ast-global-color-5)","background-image":"","background-repeat":"repeat","background-position":"center center","background-size":"auto","background-attachment":"scroll","background-type":"","background-media":"","overlay-type":"","overlay-color":"","overlay-opacity":"","overlay-gradient":""},"tablet":{"background-color":"var(--ast-global-color-5)","background-image":"","background-repeat":"repeat","background-position":"center center","background-size":"auto","background-attachment":"scroll","background-type":"","background-media":"","overlay-type":"","overlay-color":"","overlay-opacity":"","overlay-gradient":""},"mobile":{"background-color":"var(--ast-global-color-5)","background-image":"","background-repeat":"repeat","background-position":"center center","background-size":"auto","background-attachment":"scroll","background-type":"","background-media":"","overlay-type":"","overlay-color":"","overlay-opacity":"","overlay-gradient":""}},"_joinchat":[]},"product_brand":[],"product_cat":[41,47],"product_tag":[],"class_list":{"0":"post-2027","1":"product","2":"type-product","3":"status-publish","4":"has-post-thumbnail","6":"product_cat-cali-weed","7":"product_cat-doja-weed-doja-exclusive","8":"desktop-align-left","9":"tablet-align-left","10":"mobile-align-left","12":"first","13":"instock","14":"shipping-taxable","15":"purchasable","16":"product-type-variable"},"yoast_head":"<!-- This site is optimized with the Yoast SEO Premium plugin v24.1 (Yoast SEO v26.8) - https:\/\/yoast.com\/product\/yoast-seo-premium-wordpress\/ -->\n<title>Acheter Doja RS11 en Ligne | Vari\u00e9t\u00e9 de Cannabis Premium<\/title>\n<meta name=\"description\" content=\"Acheter Doja RS11, une vari\u00e9t\u00e9 de cannabis premium aux ar\u00f4mes fruit\u00e9s et aux effets \u00e9quilibr\u00e9s. Achetez en ligne avec livraison discr\u00e8te et rapide.\" \/>\n<meta name=\"robots\" content=\"index, follow, max-snippet:-1, max-image-preview:large, max-video-preview:-1\" \/>\n<link rel=\"canonical\" href=\"https:\/\/beuhparadis.com\/sl\/product\/doja-rs11\/\" \/>\n<meta property=\"og:locale\" content=\"sl_SI\" \/>\n<meta property=\"og:type\" content=\"article\" \/>\n<meta property=\"og:title\" content=\"Doja Rs11\" \/>\n<meta property=\"og:description\" content=\"Acheter Doja RS11, une vari\u00e9t\u00e9 de cannabis premium aux ar\u00f4mes fruit\u00e9s et aux effets \u00e9quilibr\u00e9s. Achetez en ligne avec livraison discr\u00e8te et rapide.\" \/>\n<meta property=\"og:url\" content=\"https:\/\/beuhparadis.com\/sl\/product\/doja-rs11\/\" \/>\n<meta property=\"og:site_name\" content=\"Beuh Paradis\" \/>\n<meta property=\"article:modified_time\" content=\"2025-01-28T10:10:56+00:00\" \/>\n<meta property=\"og:image\" content=\"https:\/\/beuhparadis.com\/wp-content\/uploads\/2024\/12\/Doja-Rs11-3.jpg\" \/>\n\t<meta property=\"og:image:width\" content=\"1242\" \/>\n\t<meta property=\"og:image:height\" content=\"1295\" \/>\n\t<meta property=\"og:image:type\" content=\"image\/jpeg\" \/>\n<meta name=\"twitter:card\" content=\"summary_large_image\" \/>\n<meta name=\"twitter:label1\" content=\"Est. reading time\" \/>\n\t<meta name=\"twitter:data1\" content=\"3 minutes\" \/>\n<script type=\"application\/ld+json\" class=\"yoast-schema-graph\">{\"@context\":\"https:\/\/schema.org\",\"@graph\":[{\"@type\":\"WebPage\",\"@id\":\"https:\/\/beuhparadis.com\/product\/doja-rs11\/\",\"url\":\"https:\/\/beuhparadis.com\/product\/doja-rs11\/\",\"name\":\"Acheter Doja RS11 en Ligne | Vari\u00e9t\u00e9 de Cannabis Premium\",\"isPartOf\":{\"@id\":\"https:\/\/beuhparadis.com\/#website\"},\"primaryImageOfPage\":{\"@id\":\"https:\/\/beuhparadis.com\/product\/doja-rs11\/#primaryimage\"},\"image\":{\"@id\":\"https:\/\/beuhparadis.com\/product\/doja-rs11\/#primaryimage\"},\"thumbnailUrl\":\"https:\/\/beuhparadis.com\/wp-content\/uploads\/2024\/12\/Doja-Rs11-3.jpg\",\"datePublished\":\"2024-12-10T23:50:01+00:00\",\"dateModified\":\"2025-01-28T10:10:56+00:00\",\"description\":\"Acheter Doja RS11, une vari\u00e9t\u00e9 de cannabis premium aux ar\u00f4mes fruit\u00e9s et aux effets \u00e9quilibr\u00e9s. Achetez en ligne avec livraison discr\u00e8te et rapide.\",\"breadcrumb\":{\"@id\":\"https:\/\/beuhparadis.com\/product\/doja-rs11\/#breadcrumb\"},\"inLanguage\":\"sl-SI\",\"potentialAction\":[{\"@type\":\"ReadAction\",\"target\":[\"https:\/\/beuhparadis.com\/product\/doja-rs11\/\"]}]},{\"@type\":\"ImageObject\",\"inLanguage\":\"sl-SI\",\"@id\":\"https:\/\/beuhparadis.com\/product\/doja-rs11\/#primaryimage\",\"url\":\"https:\/\/beuhparadis.com\/wp-content\/uploads\/2024\/12\/Doja-Rs11-3.jpg\",\"contentUrl\":\"https:\/\/beuhparadis.com\/wp-content\/uploads\/2024\/12\/Doja-Rs11-3.jpg\",\"width\":1242,\"height\":1295},{\"@type\":\"BreadcrumbList\",\"@id\":\"https:\/\/beuhparadis.com\/product\/doja-rs11\/#breadcrumb\",\"itemListElement\":[{\"@type\":\"ListItem\",\"position\":1,\"name\":\"Home\",\"item\":\"https:\/\/beuhparadis.com\/\"},{\"@type\":\"ListItem\",\"position\":2,\"name\":\"Shop\",\"item\":\"https:\/\/beuhparadis.com\/shop\/\"},{\"@type\":\"ListItem\",\"position\":3,\"name\":\"Doja Rs11\"}]},{\"@type\":\"WebSite\",\"@id\":\"https:\/\/beuhparadis.com\/#website\",\"url\":\"https:\/\/beuhparadis.com\/\",\"name\":\"Beuh Paradis\",\"description\":\"\",\"potentialAction\":[{\"@type\":\"SearchAction\",\"target\":{\"@type\":\"EntryPoint\",\"urlTemplate\":\"https:\/\/beuhparadis.com\/?s={search_term_string}\"},\"query-input\":{\"@type\":\"PropertyValueSpecification\",\"valueRequired\":true,\"valueName\":\"search_term_string\"}}],\"inLanguage\":\"sl-SI\"}]}<\/script>\n<!-- \/ Yoast SEO Premium plugin. -->","yoast_head_json":{"title":"Nakup Doja RS11 na spletu | Premium Cannabis Variety","description":"Kupite Doja RS11, vrhunsko sorto konoplje s sadnimi aromami in uravnote\u017eenimi u\u010dinki. Kupite na spletu s hitro in diskretno dostavo.","robots":{"index":"index","follow":"follow","max-snippet":"max-snippet:-1","max-image-preview":"max-image-preview:large","max-video-preview":"max-video-preview:-1"},"canonical":"https:\/\/beuhparadis.com\/sl\/product\/doja-rs11\/","og_locale":"sl_SI","og_type":"article","og_title":"Doja Rs11","og_description":"Acheter Doja RS11, une vari\u00e9t\u00e9 de cannabis premium aux ar\u00f4mes fruit\u00e9s et aux effets \u00e9quilibr\u00e9s. Achetez en ligne avec livraison discr\u00e8te et rapide.","og_url":"https:\/\/beuhparadis.com\/sl\/product\/doja-rs11\/","og_site_name":"Beuh Paradis","article_modified_time":"2025-01-28T10:10:56+00:00","og_image":[{"width":1242,"height":1295,"url":"https:\/\/beuhparadis.com\/wp-content\/uploads\/2024\/12\/Doja-Rs11-3.jpg","type":"image\/jpeg"}],"twitter_card":"summary_large_image","twitter_misc":{"Est. reading time":"3 minutes"},"schema":{"@context":"https:\/\/schema.org","@graph":[{"@type":"WebPage","@id":"https:\/\/beuhparadis.com\/product\/doja-rs11\/","url":"https:\/\/beuhparadis.com\/product\/doja-rs11\/","name":"Nakup Doja RS11 na spletu | Premium Cannabis Variety","isPartOf":{"@id":"https:\/\/beuhparadis.com\/#website"},"primaryImageOfPage":{"@id":"https:\/\/beuhparadis.com\/product\/doja-rs11\/#primaryimage"},"image":{"@id":"https:\/\/beuhparadis.com\/product\/doja-rs11\/#primaryimage"},"thumbnailUrl":"https:\/\/beuhparadis.com\/wp-content\/uploads\/2024\/12\/Doja-Rs11-3.jpg","datePublished":"2024-12-10T23:50:01+00:00","dateModified":"2025-01-28T10:10:56+00:00","description":"Kupite Doja RS11, vrhunsko sorto konoplje s sadnimi aromami in uravnote\u017eenimi u\u010dinki. Kupite na spletu s hitro in diskretno dostavo.","breadcrumb":{"@id":"https:\/\/beuhparadis.com\/product\/doja-rs11\/#breadcrumb"},"inLanguage":"sl-SI","potentialAction":[{"@type":"ReadAction","target":["https:\/\/beuhparadis.com\/product\/doja-rs11\/"]}]},{"@type":"ImageObject","inLanguage":"sl-SI","@id":"https:\/\/beuhparadis.com\/product\/doja-rs11\/#primaryimage","url":"https:\/\/beuhparadis.com\/wp-content\/uploads\/2024\/12\/Doja-Rs11-3.jpg","contentUrl":"https:\/\/beuhparadis.com\/wp-content\/uploads\/2024\/12\/Doja-Rs11-3.jpg","width":1242,"height":1295},{"@type":"BreadcrumbList","@id":"https:\/\/beuhparadis.com\/product\/doja-rs11\/#breadcrumb","itemListElement":[{"@type":"ListItem","position":1,"name":"Home","item":"https:\/\/beuhparadis.com\/"},{"@type":"ListItem","position":2,"name":"Shop","item":"https:\/\/beuhparadis.com\/shop\/"},{"@type":"ListItem","position":3,"name":"Doja Rs11"}]},{"@type":"WebSite","@id":"https:\/\/beuhparadis.com\/#website","url":"https:\/\/beuhparadis.com\/","name":"Beuh Paradis","description":"","potentialAction":[{"@type":"SearchAction","target":{"@type":"EntryPoint","urlTemplate":"https:\/\/beuhparadis.com\/?s={search_term_string}"},"query-input":{"@type":"PropertyValueSpecification","valueRequired":true,"valueName":"search_term_string"}}],"inLanguage":"sl-SI"}]}},"_links":{"self":[{"href":"https:\/\/beuhparadis.com\/sl\/wp-json\/wp\/v2\/product\/2027","targetHints":{"allow":["GET"]}}],"collection":[{"href":"https:\/\/beuhparadis.com\/sl\/wp-json\/wp\/v2\/product"}],"about":[{"href":"https:\/\/beuhparadis.com\/sl\/wp-json\/wp\/v2\/types\/product"}],"replies":[{"embeddable":true,"href":"https:\/\/beuhparadis.com\/sl\/wp-json\/wp\/v2\/comments?post=2027"}],"wp:featuredmedia":[{"embeddable":true,"href":"https:\/\/beuhparadis.com\/sl\/wp-json\/wp\/v2\/media\/2052"}],"wp:attachment":[{"href":"https:\/\/beuhparadis.com\/sl\/wp-json\/wp\/v2\/media?parent=2027"}],"wp:term":[{"taxonomy":"product_brand","embeddable":true,"href":"https:\/\/beuhparadis.com\/sl\/wp-json\/wp\/v2\/product_brand?post=2027"},{"taxonomy":"product_cat","embeddable":true,"href":"https:\/\/beuhparadis.com\/sl\/wp-json\/wp\/v2\/product_cat?post=2027"},{"taxonomy":"product_tag","embeddable":true,"href":"https:\/\/beuhparadis.com\/sl\/wp-json\/wp\/v2\/product_tag?post=2027"}],"curies":[{"name":"wp","href":"https:\/\/api.w.org\/{rel}","templated":true}]}}