{"id":1971,"date":"2024-12-10T23:49:15","date_gmt":"2024-12-10T23:49:15","guid":{"rendered":"https:\/\/beuhparadis.com\/?post_type=product&#038;p=1971"},"modified":"2025-01-28T10:16:42","modified_gmt":"2025-01-28T10:16:42","slug":"italian-cherryz-backpackboyz","status":"publish","type":"product","link":"https:\/\/beuhparadis.com\/sl\/product\/italian-cherryz-backpackboyz\/","title":{"rendered":"Italijanski cherryz backpackboyz"},"content":{"rendered":"<h1 class=\"wp-block-heading\">Kupi Italijanski Cherryz Backpackboyz: Eleganca in okus<\/h1>\n<p>Kupite Italian Cherryz Backpackboyz je sev konoplje, ki ga odlikujeta eleganca in izjemen okus. Ta edinstven sev zdru\u017euje bogastvo italijanske \u010de\u0161nje s pridihom prefinjenosti, kar je rezultat skrbnega izbora in postopka gojenja.<\/p>\n<h2 class=\"wp-block-heading\">Informacije o La Souche<\/h2>\n<ul class=\"wp-block-list\">\n<li><strong>Genetika<\/strong> Popolna me\u0161anica sort, izbranih zaradi njihovega \u010de\u0161njevega okusa in vrhunske kakovosti, ki jo zagotavljajo napredne metode pridelave.<\/li>\n<li><strong>Proizvodnja<\/strong> Gojijo se v optimalnih notranjih razmerah, kar omogo\u010da natan\u010den nadzor okolja za zagotavljanje \u010distosti in najve\u010dje koncentracije kanabinoidov.<\/li>\n<li><strong>Tip<\/strong> Hibrid, prevladujo\u010da indica, ki ponuja globoko sprostitev in rahlo evforijo.<\/li>\n<\/ul>\n<h2 class=\"wp-block-heading\">THC in CBD<\/h2>\n<ul class=\"wp-block-list\">\n<li><strong>THC<\/strong> Visoka vsebnost, ki dosega pribli\u017eno 22-26%, za mo\u010dno in zadovoljivo izku\u0161njo.<\/li>\n<li><strong>CBD<\/strong> Nizka, manj\u0161a od 1%, pri \u010demer so njegovi u\u010dinki osredoto\u010deni na psihoaktivne in rekreativne lastnosti.<\/li>\n<\/ul>\n<h2 class=\"wp-block-heading\">Kje lahko kupim Italian Cherryz Backpackboyz na spletu?<\/h2>\n<p><strong>Nakup konoplje<\/strong> je va\u0161 zanesljiv vir za italijanski Cherryz <a href=\"https:\/\/acheterducannabis.fr\/cali-weed\/doja-weed\/\" data-type=\"link\" data-id=\"https:\/\/acheterducannabis.fr\/cali-weed\/doja-weed\/\">Backpackboyz<\/a> na spletu, ki ponuja brezhibno kakovost in diskretno ter varno dostavo.<\/p>\n<h2 class=\"wp-block-heading\">U\u010dinki, vonj in okus<\/h2>\n<h3 class=\"wp-block-heading\">U\u010dinek<\/h3>\n<ul class=\"wp-block-list\">\n<li>Popolna sprostitev telesa z ne\u017eno evforijo, kot nala\u0161\u010d za spro\u0161\u010dujo\u010de trenutke ob koncu dneva.<\/li>\n<li>Spodbuja ustvarjalnost in prina\u0161a dobro po\u010dutje.<\/li>\n<\/ul>\n<h3 class=\"wp-block-heading\">Aroma<\/h3>\n<ul class=\"wp-block-list\">\n<li>Bogat, kompleksen \u0161opek, ki spominja na sve\u017ee nabrane \u010de\u0161nje z ne\u017enim zemeljskim pridihom.<\/li>\n<\/ul>\n<h3 class=\"wp-block-heading\">Okusi<\/h3>\n<ul class=\"wp-block-list\">\n<li>Ne\u017een, sladek okus \u010de\u0161enj, ki ga dopolnjujejo zemeljske in pikantne note, zagotavlja neprekosljivo do\u017eivetje okusa.<\/li>\n<\/ul>\n<h2 class=\"wp-block-heading\">Zdravstveni u\u010dinki<\/h2>\n<h3 class=\"wp-block-heading\">Zdravstveni u\u010dinki<\/h3>\n<ul class=\"wp-block-list\">\n<li>U\u010dinkovito laj\u0161anje stresa in tesnobe.<\/li>\n<li>Analgeti\u010dne lastnosti, uporabne za zdravljenje bole\u010dine.<\/li>\n<\/ul>\n<h3 class=\"wp-block-heading\">Lahko olaj\u0161a<\/h3>\n<ul class=\"wp-block-list\">\n<li>Motnje spanja, spodbujanje mirnega spanja.<\/li>\n<li>Kroni\u010dne bole\u010dine, zmanj\u0161anje nelagodja in izbolj\u0161anje kakovosti \u017eivljenja.<\/li>\n<li>Depresija, saj izbolj\u0161uje razpolo\u017eenje in daje ob\u010dutek dobrega po\u010dutja.<\/li>\n<\/ul>\n<h2 class=\"wp-block-heading\">Zakaj kupiti italijanski Cherryz Backpackboyz pri Beuhparadisu?<\/h2>\n<p>Z izbiro <a href=\"https:\/\/beuhparadis.com\/sl\/product\/doja-rs11\/\"><strong>beuhparadis<\/strong><\/a>Z izbiro Italian Cherryz Backpackboyz izbirate vrhunsko storitev, ki zagotavlja pristnost va\u0161ega Italian Cherryz Backpackboyz. Zavezujemo se, da vam bomo dobavljali samo preizku\u0161ene in certificirane izdelke ter tako zagotovili va\u0161e popolno zadovoljstvo.<\/p>\n<h2 class=\"wp-block-heading\">Vladna zakonodaja za prodajo konoplje v Evropi<\/h2>\n<p>Tr\u017eenje konoplje v Evropi urejajo strogi zakoni, ki zagotavljajo varnost potro\u0161nikov. <strong>Nakup konoplje<\/strong> dosledno spo\u0161tuje te predpise in ponuja popolnoma zakonito in varno spletno nakupovanje. Pred oddajo naro\u010dila vam svetujemo, da preverite lokalne zakone o nakupu in u\u017eivanju konoplje v va\u0161i dr\u017eavi.<\/p>\n<hr class=\"wp-block-separator has-alpha-channel-opacity\" \/>\n<p><strong>Nakup konoplje<\/strong> vas vabi k odkrivanju ekskluzivnosti in prefinjenosti italijanskih nahrbtnikov Cherryz Backpackboyz, ki obljubljajo vrhunsko nakupovalno izku\u0161njo od naro\u010dila do dostave, pri \u010demer upo\u0161tevajo evropske pravne standarde.<\/p>","protected":false},"excerpt":{"rendered":"<p><strong>Zdravstveni u\u010dinki<\/strong><\/p>\n<ul class=\"wp-block-list\">\n<li>U\u010dinkovito laj\u0161anje stresa in tesnobe.<\/li>\n<li>Analgeti\u010dne lastnosti, uporabne za zdravljenje bole\u010dine.<\/li>\n<\/ul>","protected":false},"featured_media":1985,"comment_status":"closed","ping_status":"closed","template":"","meta":{"site-sidebar-layout":"default","site-content-layout":"","ast-site-content-layout":"default","site-content-style":"default","site-sidebar-style":"default","ast-global-header-display":"","ast-banner-title-visibility":"","ast-main-header-display":"","ast-hfb-above-header-display":"","ast-hfb-below-header-display":"","ast-hfb-mobile-header-display":"","site-post-title":"","ast-breadcrumbs-content":"","ast-featured-img":"","footer-sml-layout":"","theme-transparent-header-meta":"default","adv-header-id-meta":"","stick-header-meta":"","header-above-stick-meta":"","header-main-stick-meta":"","header-below-stick-meta":"","astra-migrate-meta-layouts":"set","ast-page-background-enabled":"default","ast-page-background-meta":{"desktop":{"background-color":"","background-image":"","background-repeat":"repeat","background-position":"center center","background-size":"auto","background-attachment":"scroll","background-type":"","background-media":"","overlay-type":"","overlay-color":"","overlay-opacity":"","overlay-gradient":""},"tablet":{"background-color":"","background-image":"","background-repeat":"repeat","background-position":"center center","background-size":"auto","background-attachment":"scroll","background-type":"","background-media":"","overlay-type":"","overlay-color":"","overlay-opacity":"","overlay-gradient":""},"mobile":{"background-color":"","background-image":"","background-repeat":"repeat","background-position":"center center","background-size":"auto","background-attachment":"scroll","background-type":"","background-media":"","overlay-type":"","overlay-color":"","overlay-opacity":"","overlay-gradient":""}},"ast-content-background-meta":{"desktop":{"background-color":"var(--ast-global-color-5)","background-image":"","background-repeat":"repeat","background-position":"center center","background-size":"auto","background-attachment":"scroll","background-type":"","background-media":"","overlay-type":"","overlay-color":"","overlay-opacity":"","overlay-gradient":""},"tablet":{"background-color":"var(--ast-global-color-5)","background-image":"","background-repeat":"repeat","background-position":"center center","background-size":"auto","background-attachment":"scroll","background-type":"","background-media":"","overlay-type":"","overlay-color":"","overlay-opacity":"","overlay-gradient":""},"mobile":{"background-color":"var(--ast-global-color-5)","background-image":"","background-repeat":"repeat","background-position":"center center","background-size":"auto","background-attachment":"scroll","background-type":"","background-media":"","overlay-type":"","overlay-color":"","overlay-opacity":"","overlay-gradient":""}},"_joinchat":[]},"product_brand":[],"product_cat":[41],"product_tag":[],"class_list":{"0":"post-1971","1":"product","2":"type-product","3":"status-publish","4":"has-post-thumbnail","6":"product_cat-cali-weed","7":"desktop-align-left","8":"tablet-align-left","9":"mobile-align-left","11":"first","12":"instock","13":"shipping-taxable","14":"purchasable","15":"product-type-variable"},"yoast_head":"<!-- This site is optimized with the Yoast SEO Premium plugin v24.1 (Yoast SEO v26.8) - https:\/\/yoast.com\/product\/yoast-seo-premium-wordpress\/ -->\n<title>Acheter Italian Cherryz Backpackboyz| Vari\u00e9t\u00e9 Exclusif<\/title>\n<meta name=\"description\" content=\"Acheter Italian Cherryz de Backpackboyz, une vari\u00e9t\u00e9 de cannabis exclusif aux ar\u00f4mes fruit\u00e9s et aux effets puissants. Avec livraison discr\u00e8te et rapide\" \/>\n<meta name=\"robots\" content=\"index, follow, max-snippet:-1, max-image-preview:large, max-video-preview:-1\" \/>\n<link rel=\"canonical\" href=\"https:\/\/beuhparadis.com\/sl\/product\/italian-cherryz-backpackboyz\/\" \/>\n<meta property=\"og:locale\" content=\"sl_SI\" \/>\n<meta property=\"og:type\" content=\"article\" \/>\n<meta property=\"og:title\" content=\"Italian cherryz backpackboyz\" \/>\n<meta property=\"og:description\" content=\"Acheter Italian Cherryz de Backpackboyz, une vari\u00e9t\u00e9 de cannabis exclusif aux ar\u00f4mes fruit\u00e9s et aux effets puissants. Avec livraison discr\u00e8te et rapide\" \/>\n<meta property=\"og:url\" content=\"https:\/\/beuhparadis.com\/sl\/product\/italian-cherryz-backpackboyz\/\" \/>\n<meta property=\"og:site_name\" content=\"Beuh Paradis\" \/>\n<meta property=\"article:modified_time\" content=\"2025-01-28T10:16:42+00:00\" \/>\n<meta property=\"og:image\" content=\"https:\/\/beuhparadis.com\/wp-content\/uploads\/2024\/12\/Italian-cherryz-backpackboyz-3.jpeg\" \/>\n\t<meta property=\"og:image:width\" content=\"828\" \/>\n\t<meta property=\"og:image:height\" content=\"814\" \/>\n\t<meta property=\"og:image:type\" content=\"image\/jpeg\" \/>\n<meta name=\"twitter:card\" content=\"summary_large_image\" \/>\n<meta name=\"twitter:label1\" content=\"Est. reading time\" \/>\n\t<meta name=\"twitter:data1\" content=\"3 minutes\" \/>\n<script type=\"application\/ld+json\" class=\"yoast-schema-graph\">{\"@context\":\"https:\/\/schema.org\",\"@graph\":[{\"@type\":\"WebPage\",\"@id\":\"https:\/\/beuhparadis.com\/product\/italian-cherryz-backpackboyz\/\",\"url\":\"https:\/\/beuhparadis.com\/product\/italian-cherryz-backpackboyz\/\",\"name\":\"Acheter Italian Cherryz Backpackboyz| Vari\u00e9t\u00e9 Exclusif\",\"isPartOf\":{\"@id\":\"https:\/\/beuhparadis.com\/#website\"},\"primaryImageOfPage\":{\"@id\":\"https:\/\/beuhparadis.com\/product\/italian-cherryz-backpackboyz\/#primaryimage\"},\"image\":{\"@id\":\"https:\/\/beuhparadis.com\/product\/italian-cherryz-backpackboyz\/#primaryimage\"},\"thumbnailUrl\":\"https:\/\/beuhparadis.com\/wp-content\/uploads\/2024\/12\/Italian-cherryz-backpackboyz-3.jpeg\",\"datePublished\":\"2024-12-10T23:49:15+00:00\",\"dateModified\":\"2025-01-28T10:16:42+00:00\",\"description\":\"Acheter Italian Cherryz de Backpackboyz, une vari\u00e9t\u00e9 de cannabis exclusif aux ar\u00f4mes fruit\u00e9s et aux effets puissants. Avec livraison discr\u00e8te et rapide\",\"breadcrumb\":{\"@id\":\"https:\/\/beuhparadis.com\/product\/italian-cherryz-backpackboyz\/#breadcrumb\"},\"inLanguage\":\"sl-SI\",\"potentialAction\":[{\"@type\":\"ReadAction\",\"target\":[\"https:\/\/beuhparadis.com\/product\/italian-cherryz-backpackboyz\/\"]}]},{\"@type\":\"ImageObject\",\"inLanguage\":\"sl-SI\",\"@id\":\"https:\/\/beuhparadis.com\/product\/italian-cherryz-backpackboyz\/#primaryimage\",\"url\":\"https:\/\/beuhparadis.com\/wp-content\/uploads\/2024\/12\/Italian-cherryz-backpackboyz-3.jpeg\",\"contentUrl\":\"https:\/\/beuhparadis.com\/wp-content\/uploads\/2024\/12\/Italian-cherryz-backpackboyz-3.jpeg\",\"width\":828,\"height\":814},{\"@type\":\"BreadcrumbList\",\"@id\":\"https:\/\/beuhparadis.com\/product\/italian-cherryz-backpackboyz\/#breadcrumb\",\"itemListElement\":[{\"@type\":\"ListItem\",\"position\":1,\"name\":\"Home\",\"item\":\"https:\/\/beuhparadis.com\/\"},{\"@type\":\"ListItem\",\"position\":2,\"name\":\"Shop\",\"item\":\"https:\/\/beuhparadis.com\/shop\/\"},{\"@type\":\"ListItem\",\"position\":3,\"name\":\"Italian cherryz backpackboyz\"}]},{\"@type\":\"WebSite\",\"@id\":\"https:\/\/beuhparadis.com\/#website\",\"url\":\"https:\/\/beuhparadis.com\/\",\"name\":\"Beuh Paradis\",\"description\":\"\",\"potentialAction\":[{\"@type\":\"SearchAction\",\"target\":{\"@type\":\"EntryPoint\",\"urlTemplate\":\"https:\/\/beuhparadis.com\/?s={search_term_string}\"},\"query-input\":{\"@type\":\"PropertyValueSpecification\",\"valueRequired\":true,\"valueName\":\"search_term_string\"}}],\"inLanguage\":\"sl-SI\"}]}<\/script>\n<!-- \/ Yoast SEO Premium plugin. -->","yoast_head_json":{"title":"Nakup Italian Cherryz Backpackboyz| Ekskluzivna sorta","description":"Kupite Italian Cherryz iz Backpackboyz, ekskluzivno sorto konoplje s sadnimi aromami in mo\u010dnimi u\u010dinki. S hitro in diskretno dostavo","robots":{"index":"index","follow":"follow","max-snippet":"max-snippet:-1","max-image-preview":"max-image-preview:large","max-video-preview":"max-video-preview:-1"},"canonical":"https:\/\/beuhparadis.com\/sl\/product\/italian-cherryz-backpackboyz\/","og_locale":"sl_SI","og_type":"article","og_title":"Italian cherryz backpackboyz","og_description":"Acheter Italian Cherryz de Backpackboyz, une vari\u00e9t\u00e9 de cannabis exclusif aux ar\u00f4mes fruit\u00e9s et aux effets puissants. Avec livraison discr\u00e8te et rapide","og_url":"https:\/\/beuhparadis.com\/sl\/product\/italian-cherryz-backpackboyz\/","og_site_name":"Beuh Paradis","article_modified_time":"2025-01-28T10:16:42+00:00","og_image":[{"width":828,"height":814,"url":"https:\/\/beuhparadis.com\/wp-content\/uploads\/2024\/12\/Italian-cherryz-backpackboyz-3.jpeg","type":"image\/jpeg"}],"twitter_card":"summary_large_image","twitter_misc":{"Est. reading time":"3 minutes"},"schema":{"@context":"https:\/\/schema.org","@graph":[{"@type":"WebPage","@id":"https:\/\/beuhparadis.com\/product\/italian-cherryz-backpackboyz\/","url":"https:\/\/beuhparadis.com\/product\/italian-cherryz-backpackboyz\/","name":"Nakup Italian Cherryz Backpackboyz| Ekskluzivna sorta","isPartOf":{"@id":"https:\/\/beuhparadis.com\/#website"},"primaryImageOfPage":{"@id":"https:\/\/beuhparadis.com\/product\/italian-cherryz-backpackboyz\/#primaryimage"},"image":{"@id":"https:\/\/beuhparadis.com\/product\/italian-cherryz-backpackboyz\/#primaryimage"},"thumbnailUrl":"https:\/\/beuhparadis.com\/wp-content\/uploads\/2024\/12\/Italian-cherryz-backpackboyz-3.jpeg","datePublished":"2024-12-10T23:49:15+00:00","dateModified":"2025-01-28T10:16:42+00:00","description":"Kupite Italian Cherryz iz Backpackboyz, ekskluzivno sorto konoplje s sadnimi aromami in mo\u010dnimi u\u010dinki. S hitro in diskretno dostavo","breadcrumb":{"@id":"https:\/\/beuhparadis.com\/product\/italian-cherryz-backpackboyz\/#breadcrumb"},"inLanguage":"sl-SI","potentialAction":[{"@type":"ReadAction","target":["https:\/\/beuhparadis.com\/product\/italian-cherryz-backpackboyz\/"]}]},{"@type":"ImageObject","inLanguage":"sl-SI","@id":"https:\/\/beuhparadis.com\/product\/italian-cherryz-backpackboyz\/#primaryimage","url":"https:\/\/beuhparadis.com\/wp-content\/uploads\/2024\/12\/Italian-cherryz-backpackboyz-3.jpeg","contentUrl":"https:\/\/beuhparadis.com\/wp-content\/uploads\/2024\/12\/Italian-cherryz-backpackboyz-3.jpeg","width":828,"height":814},{"@type":"BreadcrumbList","@id":"https:\/\/beuhparadis.com\/product\/italian-cherryz-backpackboyz\/#breadcrumb","itemListElement":[{"@type":"ListItem","position":1,"name":"Home","item":"https:\/\/beuhparadis.com\/"},{"@type":"ListItem","position":2,"name":"Shop","item":"https:\/\/beuhparadis.com\/shop\/"},{"@type":"ListItem","position":3,"name":"Italian cherryz backpackboyz"}]},{"@type":"WebSite","@id":"https:\/\/beuhparadis.com\/#website","url":"https:\/\/beuhparadis.com\/","name":"Beuh Paradis","description":"","potentialAction":[{"@type":"SearchAction","target":{"@type":"EntryPoint","urlTemplate":"https:\/\/beuhparadis.com\/?s={search_term_string}"},"query-input":{"@type":"PropertyValueSpecification","valueRequired":true,"valueName":"search_term_string"}}],"inLanguage":"sl-SI"}]}},"_links":{"self":[{"href":"https:\/\/beuhparadis.com\/sl\/wp-json\/wp\/v2\/product\/1971","targetHints":{"allow":["GET"]}}],"collection":[{"href":"https:\/\/beuhparadis.com\/sl\/wp-json\/wp\/v2\/product"}],"about":[{"href":"https:\/\/beuhparadis.com\/sl\/wp-json\/wp\/v2\/types\/product"}],"replies":[{"embeddable":true,"href":"https:\/\/beuhparadis.com\/sl\/wp-json\/wp\/v2\/comments?post=1971"}],"wp:featuredmedia":[{"embeddable":true,"href":"https:\/\/beuhparadis.com\/sl\/wp-json\/wp\/v2\/media\/1985"}],"wp:attachment":[{"href":"https:\/\/beuhparadis.com\/sl\/wp-json\/wp\/v2\/media?parent=1971"}],"wp:term":[{"taxonomy":"product_brand","embeddable":true,"href":"https:\/\/beuhparadis.com\/sl\/wp-json\/wp\/v2\/product_brand?post=1971"},{"taxonomy":"product_cat","embeddable":true,"href":"https:\/\/beuhparadis.com\/sl\/wp-json\/wp\/v2\/product_cat?post=1971"},{"taxonomy":"product_tag","embeddable":true,"href":"https:\/\/beuhparadis.com\/sl\/wp-json\/wp\/v2\/product_tag?post=1971"}],"curies":[{"name":"wp","href":"https:\/\/api.w.org\/{rel}","templated":true}]}}