{"id":1687,"date":"2024-12-10T23:43:59","date_gmt":"2024-12-10T23:43:59","guid":{"rendered":"https:\/\/beuhparadis.com\/?post_type=product&#038;p=1687"},"modified":"2025-01-28T10:42:14","modified_gmt":"2025-01-28T10:42:14","slug":"the-ten-co-wazabi","status":"publish","type":"product","link":"https:\/\/beuhparadis.com\/sl\/product\/the-ten-co-wazabi\/","title":{"rendered":"Ten.Co | Wazabi"},"content":{"rendered":"<h1 class=\"wp-block-heading\">Nakup Tenco Wazabi<\/h1>\n<p>Kupite Tenco Wazabi, vrhunsko sorto podjetja The Ten Co, ki je rezultat pametne genetske kombinacije Zkittlez in Kush Mints #10. Za ta sev, znan tudi kot sev Wazabi Tenco, so zna\u010dilni gosti, intenzivno zeleni popki. Pri gojenju seva Wazabi Tenco je posebna pozornost namenjena kakovosti in pristnosti, kar zagotavlja izjemen kon\u010dni izdelek.<\/p>\n<h4 class=\"wp-block-heading\">Informacije o sorti Tenco Wazabi<\/h4>\n<ul class=\"wp-block-list\">\n<li><strong>Genetika<\/strong>Kri\u017eanje med Zkittlez in Kush Mints #10, s \u010dimer je nastala edinstvena sorta Wazabi Tenco.<\/li>\n<li><strong>Videz<\/strong>Srednje veliki, zelo gosti brsti, temno zelene barve, zna\u010dilne za Wazabi Tenco.<\/li>\n<li><strong>Aroma<\/strong>Kompleksen \u0161opek morskih alg in zeli\u0161\u010dnega masla, zna\u010dilen za sev Wazabi Tenco.<\/li>\n<li><strong>Proizvodnja<\/strong>Wazabi Tenco je rezultat skrbne kulture, ki odra\u017ea zavezanost dru\u017ebe The Ten Co h kakovosti.<\/li>\n<\/ul>\n<h2 class=\"wp-block-heading\">THC in CBD v sorti Wazabi Tenco<\/h2>\n<ul class=\"wp-block-list\">\n<li><strong>THC<\/strong>Sorta Wazabi Tenco ima visoko vsebnost THC, kar zagotavlja mo\u010dne in dolgotrajne u\u010dinke.<\/li>\n<li><strong>CBD<\/strong>Nizka, ki poudarja psihoaktivne lastnosti zdravila Wazabi Tenco.<\/li>\n<\/ul>\n<h2 class=\"wp-block-heading\">Kje lahko kupim Tenco Wazabi na spletu?<\/h2>\n<p>Tenco Wazabi je na voljo za nakup na zaupanja vrednih spletnih platformah, vklju\u010dno z <a href=\"https:\/\/beuhparadis.com\/sl\/product\/afghan-hash\/\" data-type=\"link\" data-id=\"https:\/\/acheterducannabis.fr\/\">Beuhparadis<\/a>kjer je zagotovljena kakovost sorte Wazabi Tenco.<\/p>\n<h2 class=\"wp-block-heading\">U\u010dinki, aroma in okus zdravila Tenco Wazabi<\/h2>\n<h3 class=\"wp-block-heading\">U\u010dinek<\/h3>\n<ul class=\"wp-block-list\">\n<li>Stram Wazabi Tenco ima izrazite u\u010dinke, idealne za globoko sprostitev in intenzivno mo\u017egansko izku\u0161njo.<\/li>\n<\/ul>\n<h3 class=\"wp-block-heading\">Aroma<\/h3>\n<ul class=\"wp-block-list\">\n<li>Wazabi Tenco ima zemeljsko, za\u010dinjeno aromo s pridihom morja in masleno osnovo, zna\u010dilno za ta sev.<\/li>\n<\/ul>\n<h3 class=\"wp-block-heading\">Okusi<\/h3>\n<ul class=\"wp-block-list\">\n<li>Okus Wazabi Tenco je drzen, z notami brinjevca in okusom sode bikarbone, ki ponuja nepozabno izku\u0161njo okusa.<\/li>\n<\/ul>\n<h2 class=\"wp-block-heading\">Zdravstveni u\u010dinki straina Wazabi Tenco<\/h2>\n<ul class=\"wp-block-list\">\n<li><strong>Zdravstveni u\u010dinki<\/strong>:\n<ul class=\"wp-block-list\">\n<li>Mo\u010dni pomirjevalni u\u010dinki, zna\u010dilni za sev Wazabi Tenco.<\/li>\n<li>spro\u0161\u010danje mi\u0161ic in laj\u0161anje bole\u010din.<\/li>\n<\/ul>\n<\/li>\n<li><strong>Lahko olaj\u0161a<\/strong>:\n<ul class=\"wp-block-list\">\n<li>Simptomi stresa in tesnobe, zahvaljujo\u010d Wazabi Tenco.<\/li>\n<li>Kroni\u010dne bole\u010dine in vnetja, prednost seva Wazabi Tenco.<\/li>\n<\/ul>\n<\/li>\n<\/ul>\n<h2 class=\"wp-block-heading\">Zakaj kupiti Tenco Wazabi pri Acheterducannabis?<\/h2>\n<p>Nakup Tenco Wazabi pri Acheterducannabis pomeni, da boste prejeli pravi sev Tenco Wazabi z zagotovilom varnega nakupa in vrhunskega izdelka.<\/p>\n<h2 class=\"wp-block-heading\">Vladna zakonodaja za prodajo podjetja Tenco Wazabi v Evropi<\/h2>\n<p>Tr\u017eenje sorte Wazabi Tenco v Evropi poteka v skladu s strogimi predpisi. Acheterducannabis spo\u0161tuje vse zakone, ki urejajo prodajo sorte Tenco Wazabi, in zagotavlja popolno skladnost z zakonskimi zahtevami.<\/p>\n<p>Wazabi Tenco dru\u017ebe The Ten Co ni le sorta z mo\u010dnimi u\u010dinki in o\u010darljivo aromo, temve\u010d predstavlja tudi hibridizacijsko odli\u010dnost z ekskluzivno genetsko linijo, zaradi \u010desar je <a href=\"https:\/\/zerofux.org\/wazabi-by-zushi-and-the-ten-co\/\" data-type=\"link\" data-id=\"https:\/\/zerofux.org\/wazabi-by-zushi-and-the-ten-co\/\">Wazabi Tenco<\/a> sev vrhunska izbira za ljubitelje kakovostne konoplje.<\/p>","protected":false},"excerpt":{"rendered":"<p><strong>Zdravstveni u\u010dinki<\/strong>:<\/p>\n<ul class=\"wp-block-list\">\n<li>Mo\u010dni pomirjevalni u\u010dinki, zna\u010dilni za sev Wazabi Tenco.<\/li>\n<li>spro\u0161\u010danje mi\u0161ic in laj\u0161anje bole\u010din.<\/li>\n<\/ul>","protected":false},"featured_media":1702,"comment_status":"closed","ping_status":"closed","template":"","meta":{"site-sidebar-layout":"default","site-content-layout":"","ast-site-content-layout":"default","site-content-style":"default","site-sidebar-style":"default","ast-global-header-display":"","ast-banner-title-visibility":"","ast-main-header-display":"","ast-hfb-above-header-display":"","ast-hfb-below-header-display":"","ast-hfb-mobile-header-display":"","site-post-title":"","ast-breadcrumbs-content":"","ast-featured-img":"","footer-sml-layout":"","theme-transparent-header-meta":"default","adv-header-id-meta":"","stick-header-meta":"","header-above-stick-meta":"","header-main-stick-meta":"","header-below-stick-meta":"","astra-migrate-meta-layouts":"set","ast-page-background-enabled":"default","ast-page-background-meta":{"desktop":{"background-color":"","background-image":"","background-repeat":"repeat","background-position":"center center","background-size":"auto","background-attachment":"scroll","background-type":"","background-media":"","overlay-type":"","overlay-color":"","overlay-opacity":"","overlay-gradient":""},"tablet":{"background-color":"","background-image":"","background-repeat":"repeat","background-position":"center center","background-size":"auto","background-attachment":"scroll","background-type":"","background-media":"","overlay-type":"","overlay-color":"","overlay-opacity":"","overlay-gradient":""},"mobile":{"background-color":"","background-image":"","background-repeat":"repeat","background-position":"center center","background-size":"auto","background-attachment":"scroll","background-type":"","background-media":"","overlay-type":"","overlay-color":"","overlay-opacity":"","overlay-gradient":""}},"ast-content-background-meta":{"desktop":{"background-color":"var(--ast-global-color-5)","background-image":"","background-repeat":"repeat","background-position":"center center","background-size":"auto","background-attachment":"scroll","background-type":"","background-media":"","overlay-type":"","overlay-color":"","overlay-opacity":"","overlay-gradient":""},"tablet":{"background-color":"var(--ast-global-color-5)","background-image":"","background-repeat":"repeat","background-position":"center center","background-size":"auto","background-attachment":"scroll","background-type":"","background-media":"","overlay-type":"","overlay-color":"","overlay-opacity":"","overlay-gradient":""},"mobile":{"background-color":"var(--ast-global-color-5)","background-image":"","background-repeat":"repeat","background-position":"center center","background-size":"auto","background-attachment":"scroll","background-type":"","background-media":"","overlay-type":"","overlay-color":"","overlay-opacity":"","overlay-gradient":""}},"_joinchat":[]},"product_brand":[],"product_cat":[41,42],"product_tag":[],"class_list":{"0":"post-1687","1":"product","2":"type-product","3":"status-publish","4":"has-post-thumbnail","6":"product_cat-cali-weed","7":"product_cat-the-ten-co-weed","8":"desktop-align-left","9":"tablet-align-left","10":"mobile-align-left","12":"first","13":"instock","14":"shipping-taxable","15":"purchasable","16":"product-type-variable"},"yoast_head":"<!-- This site is optimized with the Yoast SEO Premium plugin v24.1 (Yoast SEO v26.8) - https:\/\/yoast.com\/product\/yoast-seo-premium-wordpress\/ -->\n<title>Acheter Tenco Wazabi en Ligne | Vari\u00e9t\u00e9 de Cannabis Exclusif<\/title>\n<meta name=\"description\" content=\"Acheter Tenco Wazabi, une vari\u00e9t\u00e9 de cannabis exclusif aux ar\u00f4mes raffin\u00e9s et aux effets \u00e9quilibr\u00e9s. Achetez en ligne avec livraison discr\u00e8te et rapide.\" \/>\n<meta name=\"robots\" content=\"index, follow, max-snippet:-1, max-image-preview:large, max-video-preview:-1\" \/>\n<link rel=\"canonical\" href=\"https:\/\/beuhparadis.com\/sl\/product\/the-ten-co-wazabi\/\" \/>\n<meta property=\"og:locale\" content=\"sl_SI\" \/>\n<meta property=\"og:type\" content=\"article\" \/>\n<meta property=\"og:title\" content=\"The Ten.Co | Wazabi\" \/>\n<meta property=\"og:description\" content=\"Acheter Tenco Wazabi, une vari\u00e9t\u00e9 de cannabis exclusif aux ar\u00f4mes raffin\u00e9s et aux effets \u00e9quilibr\u00e9s. Achetez en ligne avec livraison discr\u00e8te et rapide.\" \/>\n<meta property=\"og:url\" content=\"https:\/\/beuhparadis.com\/sl\/product\/the-ten-co-wazabi\/\" \/>\n<meta property=\"og:site_name\" content=\"Beuh Paradis\" \/>\n<meta property=\"article:modified_time\" content=\"2025-01-28T10:42:14+00:00\" \/>\n<meta property=\"og:image\" content=\"https:\/\/beuhparadis.com\/wp-content\/uploads\/2024\/12\/The-Ten.Co-Wazabi-2.webp\" \/>\n\t<meta property=\"og:image:width\" content=\"1895\" \/>\n\t<meta property=\"og:image:height\" content=\"2048\" \/>\n\t<meta property=\"og:image:type\" content=\"image\/webp\" \/>\n<meta name=\"twitter:card\" content=\"summary_large_image\" \/>\n<meta name=\"twitter:label1\" content=\"Est. reading time\" \/>\n\t<meta name=\"twitter:data1\" content=\"3 minutes\" \/>\n<script type=\"application\/ld+json\" class=\"yoast-schema-graph\">{\"@context\":\"https:\/\/schema.org\",\"@graph\":[{\"@type\":\"WebPage\",\"@id\":\"https:\/\/beuhparadis.com\/product\/the-ten-co-wazabi\/\",\"url\":\"https:\/\/beuhparadis.com\/product\/the-ten-co-wazabi\/\",\"name\":\"Acheter Tenco Wazabi en Ligne | Vari\u00e9t\u00e9 de Cannabis Exclusif\",\"isPartOf\":{\"@id\":\"https:\/\/beuhparadis.com\/#website\"},\"primaryImageOfPage\":{\"@id\":\"https:\/\/beuhparadis.com\/product\/the-ten-co-wazabi\/#primaryimage\"},\"image\":{\"@id\":\"https:\/\/beuhparadis.com\/product\/the-ten-co-wazabi\/#primaryimage\"},\"thumbnailUrl\":\"https:\/\/beuhparadis.com\/wp-content\/uploads\/2024\/12\/The-Ten.Co-Wazabi-2.webp\",\"datePublished\":\"2024-12-10T23:43:59+00:00\",\"dateModified\":\"2025-01-28T10:42:14+00:00\",\"description\":\"Acheter Tenco Wazabi, une vari\u00e9t\u00e9 de cannabis exclusif aux ar\u00f4mes raffin\u00e9s et aux effets \u00e9quilibr\u00e9s. Achetez en ligne avec livraison discr\u00e8te et rapide.\",\"breadcrumb\":{\"@id\":\"https:\/\/beuhparadis.com\/product\/the-ten-co-wazabi\/#breadcrumb\"},\"inLanguage\":\"sl-SI\",\"potentialAction\":[{\"@type\":\"ReadAction\",\"target\":[\"https:\/\/beuhparadis.com\/product\/the-ten-co-wazabi\/\"]}]},{\"@type\":\"ImageObject\",\"inLanguage\":\"sl-SI\",\"@id\":\"https:\/\/beuhparadis.com\/product\/the-ten-co-wazabi\/#primaryimage\",\"url\":\"https:\/\/beuhparadis.com\/wp-content\/uploads\/2024\/12\/The-Ten.Co-Wazabi-2.webp\",\"contentUrl\":\"https:\/\/beuhparadis.com\/wp-content\/uploads\/2024\/12\/The-Ten.Co-Wazabi-2.webp\",\"width\":1895,\"height\":2048},{\"@type\":\"BreadcrumbList\",\"@id\":\"https:\/\/beuhparadis.com\/product\/the-ten-co-wazabi\/#breadcrumb\",\"itemListElement\":[{\"@type\":\"ListItem\",\"position\":1,\"name\":\"Home\",\"item\":\"https:\/\/beuhparadis.com\/\"},{\"@type\":\"ListItem\",\"position\":2,\"name\":\"Shop\",\"item\":\"https:\/\/beuhparadis.com\/shop\/\"},{\"@type\":\"ListItem\",\"position\":3,\"name\":\"The Ten.Co | Wazabi\"}]},{\"@type\":\"WebSite\",\"@id\":\"https:\/\/beuhparadis.com\/#website\",\"url\":\"https:\/\/beuhparadis.com\/\",\"name\":\"Beuh Paradis\",\"description\":\"\",\"potentialAction\":[{\"@type\":\"SearchAction\",\"target\":{\"@type\":\"EntryPoint\",\"urlTemplate\":\"https:\/\/beuhparadis.com\/?s={search_term_string}\"},\"query-input\":{\"@type\":\"PropertyValueSpecification\",\"valueRequired\":true,\"valueName\":\"search_term_string\"}}],\"inLanguage\":\"sl-SI\"}]}<\/script>\n<!-- \/ Yoast SEO Premium plugin. -->","yoast_head_json":{"title":"Nakup Tenco Wazabi na spletu | Exclusive Cannabis Variety","description":"Kupite Tenco Wazabi, ekskluzivno sorto konoplje s prefinjenimi aromami in uravnote\u017eenimi u\u010dinki. Kupite na spletu s hitro in diskretno dostavo.","robots":{"index":"index","follow":"follow","max-snippet":"max-snippet:-1","max-image-preview":"max-image-preview:large","max-video-preview":"max-video-preview:-1"},"canonical":"https:\/\/beuhparadis.com\/sl\/product\/the-ten-co-wazabi\/","og_locale":"sl_SI","og_type":"article","og_title":"The Ten.Co | Wazabi","og_description":"Acheter Tenco Wazabi, une vari\u00e9t\u00e9 de cannabis exclusif aux ar\u00f4mes raffin\u00e9s et aux effets \u00e9quilibr\u00e9s. Achetez en ligne avec livraison discr\u00e8te et rapide.","og_url":"https:\/\/beuhparadis.com\/sl\/product\/the-ten-co-wazabi\/","og_site_name":"Beuh Paradis","article_modified_time":"2025-01-28T10:42:14+00:00","og_image":[{"width":1895,"height":2048,"url":"https:\/\/beuhparadis.com\/wp-content\/uploads\/2024\/12\/The-Ten.Co-Wazabi-2.webp","type":"image\/webp"}],"twitter_card":"summary_large_image","twitter_misc":{"Est. reading time":"3 minutes"},"schema":{"@context":"https:\/\/schema.org","@graph":[{"@type":"WebPage","@id":"https:\/\/beuhparadis.com\/product\/the-ten-co-wazabi\/","url":"https:\/\/beuhparadis.com\/product\/the-ten-co-wazabi\/","name":"Nakup Tenco Wazabi na spletu | Exclusive Cannabis Variety","isPartOf":{"@id":"https:\/\/beuhparadis.com\/#website"},"primaryImageOfPage":{"@id":"https:\/\/beuhparadis.com\/product\/the-ten-co-wazabi\/#primaryimage"},"image":{"@id":"https:\/\/beuhparadis.com\/product\/the-ten-co-wazabi\/#primaryimage"},"thumbnailUrl":"https:\/\/beuhparadis.com\/wp-content\/uploads\/2024\/12\/The-Ten.Co-Wazabi-2.webp","datePublished":"2024-12-10T23:43:59+00:00","dateModified":"2025-01-28T10:42:14+00:00","description":"Kupite Tenco Wazabi, ekskluzivno sorto konoplje s prefinjenimi aromami in uravnote\u017eenimi u\u010dinki. Kupite na spletu s hitro in diskretno dostavo.","breadcrumb":{"@id":"https:\/\/beuhparadis.com\/product\/the-ten-co-wazabi\/#breadcrumb"},"inLanguage":"sl-SI","potentialAction":[{"@type":"ReadAction","target":["https:\/\/beuhparadis.com\/product\/the-ten-co-wazabi\/"]}]},{"@type":"ImageObject","inLanguage":"sl-SI","@id":"https:\/\/beuhparadis.com\/product\/the-ten-co-wazabi\/#primaryimage","url":"https:\/\/beuhparadis.com\/wp-content\/uploads\/2024\/12\/The-Ten.Co-Wazabi-2.webp","contentUrl":"https:\/\/beuhparadis.com\/wp-content\/uploads\/2024\/12\/The-Ten.Co-Wazabi-2.webp","width":1895,"height":2048},{"@type":"BreadcrumbList","@id":"https:\/\/beuhparadis.com\/product\/the-ten-co-wazabi\/#breadcrumb","itemListElement":[{"@type":"ListItem","position":1,"name":"Home","item":"https:\/\/beuhparadis.com\/"},{"@type":"ListItem","position":2,"name":"Shop","item":"https:\/\/beuhparadis.com\/shop\/"},{"@type":"ListItem","position":3,"name":"The Ten.Co | Wazabi"}]},{"@type":"WebSite","@id":"https:\/\/beuhparadis.com\/#website","url":"https:\/\/beuhparadis.com\/","name":"Beuh Paradis","description":"","potentialAction":[{"@type":"SearchAction","target":{"@type":"EntryPoint","urlTemplate":"https:\/\/beuhparadis.com\/?s={search_term_string}"},"query-input":{"@type":"PropertyValueSpecification","valueRequired":true,"valueName":"search_term_string"}}],"inLanguage":"sl-SI"}]}},"_links":{"self":[{"href":"https:\/\/beuhparadis.com\/sl\/wp-json\/wp\/v2\/product\/1687","targetHints":{"allow":["GET"]}}],"collection":[{"href":"https:\/\/beuhparadis.com\/sl\/wp-json\/wp\/v2\/product"}],"about":[{"href":"https:\/\/beuhparadis.com\/sl\/wp-json\/wp\/v2\/types\/product"}],"replies":[{"embeddable":true,"href":"https:\/\/beuhparadis.com\/sl\/wp-json\/wp\/v2\/comments?post=1687"}],"wp:featuredmedia":[{"embeddable":true,"href":"https:\/\/beuhparadis.com\/sl\/wp-json\/wp\/v2\/media\/1702"}],"wp:attachment":[{"href":"https:\/\/beuhparadis.com\/sl\/wp-json\/wp\/v2\/media?parent=1687"}],"wp:term":[{"taxonomy":"product_brand","embeddable":true,"href":"https:\/\/beuhparadis.com\/sl\/wp-json\/wp\/v2\/product_brand?post=1687"},{"taxonomy":"product_cat","embeddable":true,"href":"https:\/\/beuhparadis.com\/sl\/wp-json\/wp\/v2\/product_cat?post=1687"},{"taxonomy":"product_tag","embeddable":true,"href":"https:\/\/beuhparadis.com\/sl\/wp-json\/wp\/v2\/product_tag?post=1687"}],"curies":[{"name":"wp","href":"https:\/\/api.w.org\/{rel}","templated":true}]}}