{"id":1527,"date":"2024-12-10T23:41:09","date_gmt":"2024-12-10T23:41:09","guid":{"rendered":"https:\/\/beuhparadis.com\/?post_type=product&#038;p=1527"},"modified":"2025-01-28T11:13:50","modified_gmt":"2025-01-28T11:13:50","slug":"bonbons-gelifies-cbdthc-daily-delight","status":"publish","type":"product","link":"https:\/\/beuhparadis.com\/sl\/product\/bonbons-gelifies-cbdthc-daily-delight\/","title":{"rendered":"Daily Delight CBD+THC \u017eele bonboni"},"content":{"rendered":"<h1 class=\"wp-block-heading\">Kupite \u017elikrofe Daily Delight<\/h1>\n<p>Dnevni \u017eeleji Daily Delight so popolna kombinacija takoj\u0161njega u\u017eitka in najvi\u0161jih standardov kakovosti. Z optimalnim odmerkom THC za takoj\u0161nje zadovoljstvo ti gumiji obljubljajo, da bodo vsak trenutek spremenili v izjemno izku\u0161njo. Certificirani s testi tretjih oseb zagotavljajo popolno skladnost z zakonskimi zahtevami in neprekosljivo \u010distost.<\/p>\n<p><strong>Klju\u010dne informacije<\/strong><\/p>\n<ul class=\"wp-block-list\">\n<li><strong>Certificiranje<\/strong>: Preizku\u0161ene s strani tretjih oseb za zagotavljanje to\u010dnosti in pravne skladnosti<\/li>\n<li><strong>THC<\/strong>Ravni pod zakonsko dovoljeno mejo 0,3% (po masi)<\/li>\n<li><strong>Opozorilo Prop 65<\/strong>Vsebuje THC, ki je v Kaliforniji priznan kot strup za razmno\u017eevanje<\/li>\n<li><strong>Uporaba<\/strong>Lahko povzro\u010di zaspanost, zato se po zau\u017eitju izogibajte vo\u017enji ali uporabi te\u017ekih strojev.<\/li>\n<\/ul>\n<h2 class=\"wp-block-heading\">THC in CBD<\/h2>\n<ul class=\"wp-block-list\">\n<li><strong>THC<\/strong>5 mg na \u017eve\u010dilni gumi za takoj\u0161en u\u017eitek<\/li>\n<li><strong>CBD<\/strong>Zanemarljive koncentracije, osredoto\u010dite se na u\u010dinke THC<\/li>\n<\/ul>\n<h2 class=\"wp-block-heading\">Kako jih uporabljati<\/h2>\n<p>En \u017eve\u010dilni gumi ponuja najve\u010dji odmerek mo\u010di THC za takoj\u0161nje zadovoljstvo, ki omogo\u010da popolno in zavestno u\u017eivanje trenutka.<\/p>\n<h2 class=\"wp-block-heading\">Kje lahko na spletu kupim \u017elikrofe Daily Delight?<\/h2>\n<p>Na voljo pri Acheterducannabis, va\u0161em zanesljivem viru zakonitih in visokokakovostnih izdelkov iz konoplje.<\/p>\n<h2 class=\"wp-block-heading\">U\u010dinki, arome in okusi<\/h2>\n<h3 class=\"wp-block-heading\">U\u010dinek<\/h3>\n<ul class=\"wp-block-list\">\n<li>Takoj\u0161nje zadovoljstvo ter ve\u010dja prisotnost in u\u017eivanje v okolju<\/li>\n<\/ul>\n<h3 class=\"wp-block-heading\">Aroma<\/h3>\n<ul class=\"wp-block-list\">\n<li>Subtilne note, ki dopolnjujejo izku\u0161njo, ne da bi jo prevladovale<\/li>\n<\/ul>\n<h3 class=\"wp-block-heading\">Okusi<\/h3>\n<ul class=\"wp-block-list\">\n<li>Slasten okus, zaradi katerega se ni mogo\u010de upreti vsakemu kosu \u017eve\u010dilnega gumija.<\/li>\n<\/ul>\n<h2 class=\"wp-block-heading\">Zdravstveni u\u010dinki<\/h2>\n<h3 class=\"wp-block-heading\">Zdravstveni u\u010dinki<\/h3>\n<ul class=\"wp-block-list\">\n<li>Sprostitev in dobro po\u010dutje<\/li>\n<li>Izbolj\u0161ano razpolo\u017eenje<\/li>\n<\/ul>\n<h3 class=\"wp-block-heading\">Lahko olaj\u0161a<\/h3>\n<ul class=\"wp-block-list\">\n<li>Stres<\/li>\n<li>Anksioznost<\/li>\n<li>Motnje razpolo\u017eenja<\/li>\n<\/ul>\n<h2 class=\"wp-block-heading\">Zakaj kupiti \u017elikrofe pri Acheterducannabis?<\/h2>\n<p><a href=\"https:\/\/beuhparadis.com\/sl\/product\/charas-hash\/\" data-type=\"link\" data-id=\"https:\/\/acheterducannabis.fr\/\">Beuhparadis.com<\/a> je zavezan k ponujanju izdelkov iz konoplje najvi\u0161je kakovosti s strogim testiranjem, ki zagotavlja zadovoljstvo in varnost. Z diskretno in hitro dostavo je Acheterducannabis idealna izbira za va\u0161e potrebe po \u017eele bonbonih Daily Delight.<\/p>\n<h2 class=\"wp-block-heading\">Vladna zakonodaja o prodaji \u017elikrofov v Evropi<\/h2>\n<p>Bonbons G\u00e9lifi\u00e9s je v skladu z evropskimi zakoni skladen z dovoljenimi mejnimi vrednostmi THC, kar zagotavlja zakonito in odgovorno u\u017eivanje. Svetujemo vam, da pred nakupom preverite predpise, ki veljajo v va\u0161i regiji.<\/p>\n<p>\u017delatina Daily Delight je idealna re\u0161itev za tiste, ki i\u0161\u010dejo takoj\u0161en u\u017eitek, ne da bi pri tem ogrozili kakovost ali zakonitost. Naro\u010dite pri Acheterducannabis za neprimerljivo izku\u0161njo dobrega po\u010dutja.<\/p>","protected":false},"excerpt":{"rendered":"<p><strong>Zdravstveni u\u010dinki:<br \/>\n<\/strong><\/p>\n<ul class=\"wp-block-list\">\n<li>Sprostitev in dobro po\u010dutje<\/li>\n<li>Izbolj\u0161ano razpolo\u017eenje<\/li>\n<\/ul>\n<p><strong>\u00a0<\/strong><\/p>","protected":false},"featured_media":1555,"comment_status":"closed","ping_status":"closed","template":"","meta":{"site-sidebar-layout":"default","site-content-layout":"","ast-site-content-layout":"default","site-content-style":"default","site-sidebar-style":"default","ast-global-header-display":"","ast-banner-title-visibility":"","ast-main-header-display":"","ast-hfb-above-header-display":"","ast-hfb-below-header-display":"","ast-hfb-mobile-header-display":"","site-post-title":"","ast-breadcrumbs-content":"","ast-featured-img":"","footer-sml-layout":"","theme-transparent-header-meta":"default","adv-header-id-meta":"","stick-header-meta":"","header-above-stick-meta":"","header-main-stick-meta":"","header-below-stick-meta":"","astra-migrate-meta-layouts":"set","ast-page-background-enabled":"default","ast-page-background-meta":{"desktop":{"background-color":"","background-image":"","background-repeat":"repeat","background-position":"center center","background-size":"auto","background-attachment":"scroll","background-type":"","background-media":"","overlay-type":"","overlay-color":"","overlay-opacity":"","overlay-gradient":""},"tablet":{"background-color":"","background-image":"","background-repeat":"repeat","background-position":"center center","background-size":"auto","background-attachment":"scroll","background-type":"","background-media":"","overlay-type":"","overlay-color":"","overlay-opacity":"","overlay-gradient":""},"mobile":{"background-color":"","background-image":"","background-repeat":"repeat","background-position":"center center","background-size":"auto","background-attachment":"scroll","background-type":"","background-media":"","overlay-type":"","overlay-color":"","overlay-opacity":"","overlay-gradient":""}},"ast-content-background-meta":{"desktop":{"background-color":"var(--ast-global-color-5)","background-image":"","background-repeat":"repeat","background-position":"center center","background-size":"auto","background-attachment":"scroll","background-type":"","background-media":"","overlay-type":"","overlay-color":"","overlay-opacity":"","overlay-gradient":""},"tablet":{"background-color":"var(--ast-global-color-5)","background-image":"","background-repeat":"repeat","background-position":"center center","background-size":"auto","background-attachment":"scroll","background-type":"","background-media":"","overlay-type":"","overlay-color":"","overlay-opacity":"","overlay-gradient":""},"mobile":{"background-color":"var(--ast-global-color-5)","background-image":"","background-repeat":"repeat","background-position":"center center","background-size":"auto","background-attachment":"scroll","background-type":"","background-media":"","overlay-type":"","overlay-color":"","overlay-opacity":"","overlay-gradient":""}},"_joinchat":[]},"product_brand":[],"product_cat":[38],"product_tag":[],"class_list":{"0":"post-1527","1":"product","2":"type-product","3":"status-publish","4":"has-post-thumbnail","6":"product_cat-bonbons-thc","7":"desktop-align-left","8":"tablet-align-left","9":"mobile-align-left","11":"first","12":"instock","13":"shipping-taxable","14":"purchasable","15":"product-type-variable"},"yoast_head":"<!-- This site is optimized with the Yoast SEO Premium plugin v24.1 (Yoast SEO v26.8) - https:\/\/yoast.com\/product\/yoast-seo-premium-wordpress\/ -->\n<title>Acheter Bonbons G\u00e9lifi\u00e9s Daily Delight | Douceurs Relaxantes<\/title>\n<meta name=\"description\" content=\"D\u00e9couvrez les bonbons g\u00e9lifi\u00e9s Daily Delight, des douceurs relaxantes et savoureuses. Achetez en ligne avec livraison discr\u00e8te et rapide.\" \/>\n<meta name=\"robots\" content=\"index, follow, max-snippet:-1, max-image-preview:large, max-video-preview:-1\" \/>\n<link rel=\"canonical\" href=\"https:\/\/beuhparadis.com\/sl\/product\/bonbons-gelifies-cbdthc-daily-delight\/\" \/>\n<meta property=\"og:locale\" content=\"sl_SI\" \/>\n<meta property=\"og:type\" content=\"article\" \/>\n<meta property=\"og:title\" content=\"Bonbons g\u00e9lifi\u00e9s CBD+THC Daily Delight\" \/>\n<meta property=\"og:description\" content=\"D\u00e9couvrez les bonbons g\u00e9lifi\u00e9s Daily Delight, des douceurs relaxantes et savoureuses. Achetez en ligne avec livraison discr\u00e8te et rapide.\" \/>\n<meta property=\"og:url\" content=\"https:\/\/beuhparadis.com\/sl\/product\/bonbons-gelifies-cbdthc-daily-delight\/\" \/>\n<meta property=\"og:site_name\" content=\"Beuh Paradis\" \/>\n<meta property=\"article:modified_time\" content=\"2025-01-28T11:13:50+00:00\" \/>\n<meta property=\"og:image\" content=\"https:\/\/beuhparadis.com\/wp-content\/uploads\/2024\/12\/Bonbons-gelifies-CBDTHC-Daily-Delight.webp\" \/>\n\t<meta property=\"og:image:width\" content=\"900\" \/>\n\t<meta property=\"og:image:height\" content=\"900\" \/>\n\t<meta property=\"og:image:type\" content=\"image\/webp\" \/>\n<meta name=\"twitter:card\" content=\"summary_large_image\" \/>\n<meta name=\"twitter:label1\" content=\"Est. reading time\" \/>\n\t<meta name=\"twitter:data1\" content=\"2 minutes\" \/>\n<script type=\"application\/ld+json\" class=\"yoast-schema-graph\">{\"@context\":\"https:\/\/schema.org\",\"@graph\":[{\"@type\":\"WebPage\",\"@id\":\"https:\/\/beuhparadis.com\/product\/bonbons-gelifies-cbdthc-daily-delight\/\",\"url\":\"https:\/\/beuhparadis.com\/product\/bonbons-gelifies-cbdthc-daily-delight\/\",\"name\":\"Acheter Bonbons G\u00e9lifi\u00e9s Daily Delight | Douceurs Relaxantes\",\"isPartOf\":{\"@id\":\"https:\/\/beuhparadis.com\/#website\"},\"primaryImageOfPage\":{\"@id\":\"https:\/\/beuhparadis.com\/product\/bonbons-gelifies-cbdthc-daily-delight\/#primaryimage\"},\"image\":{\"@id\":\"https:\/\/beuhparadis.com\/product\/bonbons-gelifies-cbdthc-daily-delight\/#primaryimage\"},\"thumbnailUrl\":\"https:\/\/beuhparadis.com\/wp-content\/uploads\/2024\/12\/Bonbons-gelifies-CBDTHC-Daily-Delight.webp\",\"datePublished\":\"2024-12-10T23:41:09+00:00\",\"dateModified\":\"2025-01-28T11:13:50+00:00\",\"description\":\"D\u00e9couvrez les bonbons g\u00e9lifi\u00e9s Daily Delight, des douceurs relaxantes et savoureuses. Achetez en ligne avec livraison discr\u00e8te et rapide.\",\"breadcrumb\":{\"@id\":\"https:\/\/beuhparadis.com\/product\/bonbons-gelifies-cbdthc-daily-delight\/#breadcrumb\"},\"inLanguage\":\"sl-SI\",\"potentialAction\":[{\"@type\":\"ReadAction\",\"target\":[\"https:\/\/beuhparadis.com\/product\/bonbons-gelifies-cbdthc-daily-delight\/\"]}]},{\"@type\":\"ImageObject\",\"inLanguage\":\"sl-SI\",\"@id\":\"https:\/\/beuhparadis.com\/product\/bonbons-gelifies-cbdthc-daily-delight\/#primaryimage\",\"url\":\"https:\/\/beuhparadis.com\/wp-content\/uploads\/2024\/12\/Bonbons-gelifies-CBDTHC-Daily-Delight.webp\",\"contentUrl\":\"https:\/\/beuhparadis.com\/wp-content\/uploads\/2024\/12\/Bonbons-gelifies-CBDTHC-Daily-Delight.webp\",\"width\":900,\"height\":900},{\"@type\":\"BreadcrumbList\",\"@id\":\"https:\/\/beuhparadis.com\/product\/bonbons-gelifies-cbdthc-daily-delight\/#breadcrumb\",\"itemListElement\":[{\"@type\":\"ListItem\",\"position\":1,\"name\":\"Home\",\"item\":\"https:\/\/beuhparadis.com\/\"},{\"@type\":\"ListItem\",\"position\":2,\"name\":\"Shop\",\"item\":\"https:\/\/beuhparadis.com\/shop\/\"},{\"@type\":\"ListItem\",\"position\":3,\"name\":\"Bonbons g\u00e9lifi\u00e9s CBD+THC Daily Delight\"}]},{\"@type\":\"WebSite\",\"@id\":\"https:\/\/beuhparadis.com\/#website\",\"url\":\"https:\/\/beuhparadis.com\/\",\"name\":\"Beuh Paradis\",\"description\":\"\",\"potentialAction\":[{\"@type\":\"SearchAction\",\"target\":{\"@type\":\"EntryPoint\",\"urlTemplate\":\"https:\/\/beuhparadis.com\/?s={search_term_string}\"},\"query-input\":{\"@type\":\"PropertyValueSpecification\",\"valueRequired\":true,\"valueName\":\"search_term_string\"}}],\"inLanguage\":\"sl-SI\"}]}<\/script>\n<!-- \/ Yoast SEO Premium plugin. -->","yoast_head_json":{"title":"Nakup Bonbons G\u00e9lifi\u00e9s Daily Delight | Douceurs Relaxantes","description":"Odkrijte vsakodnevne \u017eele bonbone, spro\u0161\u010dujo\u010de in okusne pribolj\u0161ke. Kupite prek spleta s hitro in diskretno dostavo.","robots":{"index":"index","follow":"follow","max-snippet":"max-snippet:-1","max-image-preview":"max-image-preview:large","max-video-preview":"max-video-preview:-1"},"canonical":"https:\/\/beuhparadis.com\/sl\/product\/bonbons-gelifies-cbdthc-daily-delight\/","og_locale":"sl_SI","og_type":"article","og_title":"Bonbons g\u00e9lifi\u00e9s CBD+THC Daily Delight","og_description":"D\u00e9couvrez les bonbons g\u00e9lifi\u00e9s Daily Delight, des douceurs relaxantes et savoureuses. Achetez en ligne avec livraison discr\u00e8te et rapide.","og_url":"https:\/\/beuhparadis.com\/sl\/product\/bonbons-gelifies-cbdthc-daily-delight\/","og_site_name":"Beuh Paradis","article_modified_time":"2025-01-28T11:13:50+00:00","og_image":[{"width":900,"height":900,"url":"https:\/\/beuhparadis.com\/wp-content\/uploads\/2024\/12\/Bonbons-gelifies-CBDTHC-Daily-Delight.webp","type":"image\/webp"}],"twitter_card":"summary_large_image","twitter_misc":{"Est. reading time":"2 minutes"},"schema":{"@context":"https:\/\/schema.org","@graph":[{"@type":"WebPage","@id":"https:\/\/beuhparadis.com\/product\/bonbons-gelifies-cbdthc-daily-delight\/","url":"https:\/\/beuhparadis.com\/product\/bonbons-gelifies-cbdthc-daily-delight\/","name":"Nakup Bonbons G\u00e9lifi\u00e9s Daily Delight | Douceurs Relaxantes","isPartOf":{"@id":"https:\/\/beuhparadis.com\/#website"},"primaryImageOfPage":{"@id":"https:\/\/beuhparadis.com\/product\/bonbons-gelifies-cbdthc-daily-delight\/#primaryimage"},"image":{"@id":"https:\/\/beuhparadis.com\/product\/bonbons-gelifies-cbdthc-daily-delight\/#primaryimage"},"thumbnailUrl":"https:\/\/beuhparadis.com\/wp-content\/uploads\/2024\/12\/Bonbons-gelifies-CBDTHC-Daily-Delight.webp","datePublished":"2024-12-10T23:41:09+00:00","dateModified":"2025-01-28T11:13:50+00:00","description":"Odkrijte vsakodnevne \u017eele bonbone, spro\u0161\u010dujo\u010de in okusne pribolj\u0161ke. Kupite prek spleta s hitro in diskretno dostavo.","breadcrumb":{"@id":"https:\/\/beuhparadis.com\/product\/bonbons-gelifies-cbdthc-daily-delight\/#breadcrumb"},"inLanguage":"sl-SI","potentialAction":[{"@type":"ReadAction","target":["https:\/\/beuhparadis.com\/product\/bonbons-gelifies-cbdthc-daily-delight\/"]}]},{"@type":"ImageObject","inLanguage":"sl-SI","@id":"https:\/\/beuhparadis.com\/product\/bonbons-gelifies-cbdthc-daily-delight\/#primaryimage","url":"https:\/\/beuhparadis.com\/wp-content\/uploads\/2024\/12\/Bonbons-gelifies-CBDTHC-Daily-Delight.webp","contentUrl":"https:\/\/beuhparadis.com\/wp-content\/uploads\/2024\/12\/Bonbons-gelifies-CBDTHC-Daily-Delight.webp","width":900,"height":900},{"@type":"BreadcrumbList","@id":"https:\/\/beuhparadis.com\/product\/bonbons-gelifies-cbdthc-daily-delight\/#breadcrumb","itemListElement":[{"@type":"ListItem","position":1,"name":"Home","item":"https:\/\/beuhparadis.com\/"},{"@type":"ListItem","position":2,"name":"Shop","item":"https:\/\/beuhparadis.com\/shop\/"},{"@type":"ListItem","position":3,"name":"Bonbons g\u00e9lifi\u00e9s CBD+THC Daily Delight"}]},{"@type":"WebSite","@id":"https:\/\/beuhparadis.com\/#website","url":"https:\/\/beuhparadis.com\/","name":"Beuh Paradis","description":"","potentialAction":[{"@type":"SearchAction","target":{"@type":"EntryPoint","urlTemplate":"https:\/\/beuhparadis.com\/?s={search_term_string}"},"query-input":{"@type":"PropertyValueSpecification","valueRequired":true,"valueName":"search_term_string"}}],"inLanguage":"sl-SI"}]}},"_links":{"self":[{"href":"https:\/\/beuhparadis.com\/sl\/wp-json\/wp\/v2\/product\/1527","targetHints":{"allow":["GET"]}}],"collection":[{"href":"https:\/\/beuhparadis.com\/sl\/wp-json\/wp\/v2\/product"}],"about":[{"href":"https:\/\/beuhparadis.com\/sl\/wp-json\/wp\/v2\/types\/product"}],"replies":[{"embeddable":true,"href":"https:\/\/beuhparadis.com\/sl\/wp-json\/wp\/v2\/comments?post=1527"}],"wp:featuredmedia":[{"embeddable":true,"href":"https:\/\/beuhparadis.com\/sl\/wp-json\/wp\/v2\/media\/1555"}],"wp:attachment":[{"href":"https:\/\/beuhparadis.com\/sl\/wp-json\/wp\/v2\/media?parent=1527"}],"wp:term":[{"taxonomy":"product_brand","embeddable":true,"href":"https:\/\/beuhparadis.com\/sl\/wp-json\/wp\/v2\/product_brand?post=1527"},{"taxonomy":"product_cat","embeddable":true,"href":"https:\/\/beuhparadis.com\/sl\/wp-json\/wp\/v2\/product_cat?post=1527"},{"taxonomy":"product_tag","embeddable":true,"href":"https:\/\/beuhparadis.com\/sl\/wp-json\/wp\/v2\/product_tag?post=1527"}],"curies":[{"name":"wp","href":"https:\/\/api.w.org\/{rel}","templated":true}]}}