{"id":1503,"date":"2024-12-10T23:41:09","date_gmt":"2024-12-10T23:41:09","guid":{"rendered":"https:\/\/beuhparadis.com\/?post_type=product&#038;p=1503"},"modified":"2025-01-28T11:27:52","modified_gmt":"2025-01-28T11:27:52","slug":"huile-de-cannabis-big-foot-ii","status":"publish","type":"product","link":"https:\/\/beuhparadis.com\/sl\/product\/huile-de-cannabis-big-foot-ii\/","title":{"rendered":"Olje iz konoplje Big Foot II"},"content":{"rendered":"<h3><strong>Olje iz konoplje BigFoot - naravne prednosti in vrhunska kakovost<\/strong><\/h3>\n<h4><strong>\u00a0Odkrijte olje iz konoplje Big Foot na portalu Beuh Paradis<\/strong><\/h4>\n<p>L'<strong>Olje iz konoplje Big Foot<\/strong>na voljo na <strong><a href=\"https:\/\/beuhparadis.com\/sl\" target=\"_new\" rel=\"noopener\">Beuh Paradis<\/a><\/strong>je visokokakovostni izvle\u010dek konoplje, ki zagotavlja terapevtske koristi in naravno olaj\u0161anje. To olje je izdelano iz skrbno izbranih sevov, znanih po visoki koncentraciji kanabinoidov. Olje iz konoplje Big Foot je idealno za ljubitelje naravnega po\u010dutja in zagotavlja u\u010dinkovito in prijetno izku\u0161njo.<\/p>\n<p><strong>\u00a0Zakaj izbrati konopljino olje Big Foot?<\/strong><\/p>\n<ul>\n<li><strong>Visoka koncentracija kanabinoidov :<\/strong> To olje, pridobljeno iz vrhunskih cvetov, je bogato s CBD in drugimi koristnimi spojinami.<\/li>\n<li><strong>Vsestranski u\u010dinki:<\/strong> Pomaga pri zmanj\u0161evanju stresa, laj\u0161anju bole\u010din in spodbujanju bolj\u0161ega spanca.<\/li>\n<li><strong>Zagotovljena \u010distost :<\/strong> Olje konoplje Big Foot je varno in naravno, proizvedeno brez kemi\u010dnih topil ali pesticidov.<\/li>\n<li><strong>Enostavnost uporabe :<\/strong> Zaradi prakti\u010dne steklenice ga lahko zau\u017eijete neposredno ali pa ga dodate hrani in pija\u010di.<\/li>\n<\/ul>\n<h4><strong>\u00a0Prednosti konopljinega olja Big Foot<\/strong><\/h4>\n<ul>\n<li><strong>Obvladovanje stresa :<\/strong> Zmanj\u0161uje napetost in spodbuja globoko sprostitev.<\/li>\n<li><strong>Podpora za spanje :<\/strong> Idealna mo\u017enost za naravno izbolj\u0161anje kakovosti spanja.<\/li>\n<li><strong>Bla\u017eenje bole\u010din :<\/strong> Znana je po protivnetnih in pomirjujo\u010dih lastnostih.<\/li>\n<li><strong>Globalna podpora za dobro po\u010dutje :<\/strong> Idealen za vsakodnevno ohranjanje telesnega in du\u0161evnega ravnovesja.<\/li>\n<\/ul>\n<h4><strong>\u00a0Naro\u010dite olje iz konoplje Big Foot na Beuh Paradis<\/strong><\/h4>\n<p>Zana\u0161ajte se na <strong><a href=\"https:\/\/beuhparadis.com\/sl\" target=\"_new\" rel=\"noopener\">Beuh Paradis<\/a><\/strong> za pridobitev<strong>Olje iz konoplje Big Foot<\/strong> najvi\u0161je kakovosti. Na\u0161a platforma zagotavlja hitro in diskretno dostavo izdelkov, ki so bili testirani in izpolnjujejo najstro\u017eje standarde. Privo\u0161\u010dite si naravno dobro po\u010dutje s tem izjemnim oljem, ki je primerno za vse va\u0161e potrebe.<\/p>","protected":false},"excerpt":{"rendered":"<p>Huile de Cannabis BigFoot \u2013 Bienfaits Naturels et Qualit\u00e9 Sup\u00e9rieure \u00a0D\u00e9couvrez l\u2019Huile de Cannabis Big Foot sur Beuh Paradis L\u2019huile de cannabis Big Foot, disponible sur Beuh Paradis, est un extrait de cannabis de haute qualit\u00e9, con\u00e7u pour offrir des bienfaits th\u00e9rapeutiques et un soulagement naturel. Cette huile est fabriqu\u00e9e \u00e0 partir de souches soigneusement [&hellip;]<\/p>\n","protected":false},"featured_media":1528,"comment_status":"closed","ping_status":"closed","template":"","meta":{"site-sidebar-layout":"default","site-content-layout":"","ast-site-content-layout":"default","site-content-style":"default","site-sidebar-style":"default","ast-global-header-display":"","ast-banner-title-visibility":"","ast-main-header-display":"","ast-hfb-above-header-display":"","ast-hfb-below-header-display":"","ast-hfb-mobile-header-display":"","site-post-title":"","ast-breadcrumbs-content":"","ast-featured-img":"","footer-sml-layout":"","theme-transparent-header-meta":"default","adv-header-id-meta":"","stick-header-meta":"","header-above-stick-meta":"","header-main-stick-meta":"","header-below-stick-meta":"","astra-migrate-meta-layouts":"set","ast-page-background-enabled":"default","ast-page-background-meta":{"desktop":{"background-color":"","background-image":"","background-repeat":"repeat","background-position":"center center","background-size":"auto","background-attachment":"scroll","background-type":"","background-media":"","overlay-type":"","overlay-color":"","overlay-opacity":"","overlay-gradient":""},"tablet":{"background-color":"","background-image":"","background-repeat":"repeat","background-position":"center center","background-size":"auto","background-attachment":"scroll","background-type":"","background-media":"","overlay-type":"","overlay-color":"","overlay-opacity":"","overlay-gradient":""},"mobile":{"background-color":"","background-image":"","background-repeat":"repeat","background-position":"center center","background-size":"auto","background-attachment":"scroll","background-type":"","background-media":"","overlay-type":"","overlay-color":"","overlay-opacity":"","overlay-gradient":""}},"ast-content-background-meta":{"desktop":{"background-color":"var(--ast-global-color-5)","background-image":"","background-repeat":"repeat","background-position":"center center","background-size":"auto","background-attachment":"scroll","background-type":"","background-media":"","overlay-type":"","overlay-color":"","overlay-opacity":"","overlay-gradient":""},"tablet":{"background-color":"var(--ast-global-color-5)","background-image":"","background-repeat":"repeat","background-position":"center center","background-size":"auto","background-attachment":"scroll","background-type":"","background-media":"","overlay-type":"","overlay-color":"","overlay-opacity":"","overlay-gradient":""},"mobile":{"background-color":"var(--ast-global-color-5)","background-image":"","background-repeat":"repeat","background-position":"center center","background-size":"auto","background-attachment":"scroll","background-type":"","background-media":"","overlay-type":"","overlay-color":"","overlay-opacity":"","overlay-gradient":""}},"_joinchat":[]},"product_brand":[],"product_cat":[36],"product_tag":[],"class_list":{"0":"post-1503","1":"product","2":"type-product","3":"status-publish","4":"has-post-thumbnail","6":"product_cat-huile-thc","7":"desktop-align-left","8":"tablet-align-left","9":"mobile-align-left","11":"first","12":"instock","13":"shipping-taxable","14":"purchasable","15":"product-type-variable"},"yoast_head":"<!-- This site is optimized with the Yoast SEO Premium plugin v24.1 (Yoast SEO v26.8) - https:\/\/yoast.com\/product\/yoast-seo-premium-wordpress\/ -->\n<title>Huile de Cannabis BigFoot \u2013 Bienfaits Naturels,Puret\u00e9 Sup\u00e9rieure<\/title>\n<meta name=\"description\" content=\"Achetez l\u2019huile de cannabis BigFoot sur Beuh Paradis. Une huile riche en cannabino\u00efdes, id\u00e9ale pour soulager le stress, am\u00e9liorer le sommeil.\" \/>\n<meta name=\"robots\" content=\"index, follow, max-snippet:-1, max-image-preview:large, max-video-preview:-1\" \/>\n<link rel=\"canonical\" href=\"https:\/\/beuhparadis.com\/sl\/product\/huile-de-cannabis-big-foot-ii\/\" \/>\n<meta property=\"og:locale\" content=\"sl_SI\" \/>\n<meta property=\"og:type\" content=\"article\" \/>\n<meta property=\"og:title\" content=\"Huile de cannabis Big Foot II\" \/>\n<meta property=\"og:description\" content=\"Achetez l\u2019huile de cannabis BigFoot sur Beuh Paradis. Une huile riche en cannabino\u00efdes, id\u00e9ale pour soulager le stress, am\u00e9liorer le sommeil.\" \/>\n<meta property=\"og:url\" content=\"https:\/\/beuhparadis.com\/sl\/product\/huile-de-cannabis-big-foot-ii\/\" \/>\n<meta property=\"og:site_name\" content=\"Beuh Paradis\" \/>\n<meta property=\"article:modified_time\" content=\"2025-01-28T11:27:52+00:00\" \/>\n<meta property=\"og:image\" content=\"https:\/\/beuhparadis.com\/wp-content\/uploads\/2024\/12\/Buy-Big-Foot-II-Oil.webp\" \/>\n\t<meta property=\"og:image:width\" content=\"500\" \/>\n\t<meta property=\"og:image:height\" content=\"500\" \/>\n\t<meta property=\"og:image:type\" content=\"image\/webp\" \/>\n<meta name=\"twitter:card\" content=\"summary_large_image\" \/>\n<meta name=\"twitter:label1\" content=\"Est. reading time\" \/>\n\t<meta name=\"twitter:data1\" content=\"2 minutes\" \/>\n<script type=\"application\/ld+json\" class=\"yoast-schema-graph\">{\"@context\":\"https:\/\/schema.org\",\"@graph\":[{\"@type\":\"WebPage\",\"@id\":\"https:\/\/beuhparadis.com\/product\/huile-de-cannabis-big-foot-ii\/\",\"url\":\"https:\/\/beuhparadis.com\/product\/huile-de-cannabis-big-foot-ii\/\",\"name\":\"Huile de Cannabis BigFoot \u2013 Bienfaits Naturels,Puret\u00e9 Sup\u00e9rieure\",\"isPartOf\":{\"@id\":\"https:\/\/beuhparadis.com\/#website\"},\"primaryImageOfPage\":{\"@id\":\"https:\/\/beuhparadis.com\/product\/huile-de-cannabis-big-foot-ii\/#primaryimage\"},\"image\":{\"@id\":\"https:\/\/beuhparadis.com\/product\/huile-de-cannabis-big-foot-ii\/#primaryimage\"},\"thumbnailUrl\":\"https:\/\/beuhparadis.com\/wp-content\/uploads\/2024\/12\/Buy-Big-Foot-II-Oil.webp\",\"datePublished\":\"2024-12-10T23:41:09+00:00\",\"dateModified\":\"2025-01-28T11:27:52+00:00\",\"description\":\"Achetez l\u2019huile de cannabis BigFoot sur Beuh Paradis. Une huile riche en cannabino\u00efdes, id\u00e9ale pour soulager le stress, am\u00e9liorer le sommeil.\",\"breadcrumb\":{\"@id\":\"https:\/\/beuhparadis.com\/product\/huile-de-cannabis-big-foot-ii\/#breadcrumb\"},\"inLanguage\":\"sl-SI\",\"potentialAction\":[{\"@type\":\"ReadAction\",\"target\":[\"https:\/\/beuhparadis.com\/product\/huile-de-cannabis-big-foot-ii\/\"]}]},{\"@type\":\"ImageObject\",\"inLanguage\":\"sl-SI\",\"@id\":\"https:\/\/beuhparadis.com\/product\/huile-de-cannabis-big-foot-ii\/#primaryimage\",\"url\":\"https:\/\/beuhparadis.com\/wp-content\/uploads\/2024\/12\/Buy-Big-Foot-II-Oil.webp\",\"contentUrl\":\"https:\/\/beuhparadis.com\/wp-content\/uploads\/2024\/12\/Buy-Big-Foot-II-Oil.webp\",\"width\":500,\"height\":500},{\"@type\":\"BreadcrumbList\",\"@id\":\"https:\/\/beuhparadis.com\/product\/huile-de-cannabis-big-foot-ii\/#breadcrumb\",\"itemListElement\":[{\"@type\":\"ListItem\",\"position\":1,\"name\":\"Home\",\"item\":\"https:\/\/beuhparadis.com\/\"},{\"@type\":\"ListItem\",\"position\":2,\"name\":\"Shop\",\"item\":\"https:\/\/beuhparadis.com\/shop\/\"},{\"@type\":\"ListItem\",\"position\":3,\"name\":\"Huile de cannabis Big Foot II\"}]},{\"@type\":\"WebSite\",\"@id\":\"https:\/\/beuhparadis.com\/#website\",\"url\":\"https:\/\/beuhparadis.com\/\",\"name\":\"Beuh Paradis\",\"description\":\"\",\"potentialAction\":[{\"@type\":\"SearchAction\",\"target\":{\"@type\":\"EntryPoint\",\"urlTemplate\":\"https:\/\/beuhparadis.com\/?s={search_term_string}\"},\"query-input\":{\"@type\":\"PropertyValueSpecification\",\"valueRequired\":true,\"valueName\":\"search_term_string\"}}],\"inLanguage\":\"sl-SI\"}]}<\/script>\n<!-- \/ Yoast SEO Premium plugin. -->","yoast_head_json":{"title":"Olje iz konoplje BigFoot - naravne prednosti, vrhunska \u010distost","description":"Olje iz konoplje BigFoot kupite na Beuh Paradis. Olje, bogato s kanabinoidi, je idealno za laj\u0161anje stresa in izbolj\u0161anje spanca.","robots":{"index":"index","follow":"follow","max-snippet":"max-snippet:-1","max-image-preview":"max-image-preview:large","max-video-preview":"max-video-preview:-1"},"canonical":"https:\/\/beuhparadis.com\/sl\/product\/huile-de-cannabis-big-foot-ii\/","og_locale":"sl_SI","og_type":"article","og_title":"Huile de cannabis Big Foot II","og_description":"Achetez l\u2019huile de cannabis BigFoot sur Beuh Paradis. Une huile riche en cannabino\u00efdes, id\u00e9ale pour soulager le stress, am\u00e9liorer le sommeil.","og_url":"https:\/\/beuhparadis.com\/sl\/product\/huile-de-cannabis-big-foot-ii\/","og_site_name":"Beuh Paradis","article_modified_time":"2025-01-28T11:27:52+00:00","og_image":[{"width":500,"height":500,"url":"https:\/\/beuhparadis.com\/wp-content\/uploads\/2024\/12\/Buy-Big-Foot-II-Oil.webp","type":"image\/webp"}],"twitter_card":"summary_large_image","twitter_misc":{"Est. reading time":"2 minutes"},"schema":{"@context":"https:\/\/schema.org","@graph":[{"@type":"WebPage","@id":"https:\/\/beuhparadis.com\/product\/huile-de-cannabis-big-foot-ii\/","url":"https:\/\/beuhparadis.com\/product\/huile-de-cannabis-big-foot-ii\/","name":"Olje iz konoplje BigFoot - naravne prednosti, vrhunska \u010distost","isPartOf":{"@id":"https:\/\/beuhparadis.com\/#website"},"primaryImageOfPage":{"@id":"https:\/\/beuhparadis.com\/product\/huile-de-cannabis-big-foot-ii\/#primaryimage"},"image":{"@id":"https:\/\/beuhparadis.com\/product\/huile-de-cannabis-big-foot-ii\/#primaryimage"},"thumbnailUrl":"https:\/\/beuhparadis.com\/wp-content\/uploads\/2024\/12\/Buy-Big-Foot-II-Oil.webp","datePublished":"2024-12-10T23:41:09+00:00","dateModified":"2025-01-28T11:27:52+00:00","description":"Olje iz konoplje BigFoot kupite na Beuh Paradis. Olje, bogato s kanabinoidi, je idealno za laj\u0161anje stresa in izbolj\u0161anje spanca.","breadcrumb":{"@id":"https:\/\/beuhparadis.com\/product\/huile-de-cannabis-big-foot-ii\/#breadcrumb"},"inLanguage":"sl-SI","potentialAction":[{"@type":"ReadAction","target":["https:\/\/beuhparadis.com\/product\/huile-de-cannabis-big-foot-ii\/"]}]},{"@type":"ImageObject","inLanguage":"sl-SI","@id":"https:\/\/beuhparadis.com\/product\/huile-de-cannabis-big-foot-ii\/#primaryimage","url":"https:\/\/beuhparadis.com\/wp-content\/uploads\/2024\/12\/Buy-Big-Foot-II-Oil.webp","contentUrl":"https:\/\/beuhparadis.com\/wp-content\/uploads\/2024\/12\/Buy-Big-Foot-II-Oil.webp","width":500,"height":500},{"@type":"BreadcrumbList","@id":"https:\/\/beuhparadis.com\/product\/huile-de-cannabis-big-foot-ii\/#breadcrumb","itemListElement":[{"@type":"ListItem","position":1,"name":"Home","item":"https:\/\/beuhparadis.com\/"},{"@type":"ListItem","position":2,"name":"Shop","item":"https:\/\/beuhparadis.com\/shop\/"},{"@type":"ListItem","position":3,"name":"Huile de cannabis Big Foot II"}]},{"@type":"WebSite","@id":"https:\/\/beuhparadis.com\/#website","url":"https:\/\/beuhparadis.com\/","name":"Beuh Paradis","description":"","potentialAction":[{"@type":"SearchAction","target":{"@type":"EntryPoint","urlTemplate":"https:\/\/beuhparadis.com\/?s={search_term_string}"},"query-input":{"@type":"PropertyValueSpecification","valueRequired":true,"valueName":"search_term_string"}}],"inLanguage":"sl-SI"}]}},"_links":{"self":[{"href":"https:\/\/beuhparadis.com\/sl\/wp-json\/wp\/v2\/product\/1503","targetHints":{"allow":["GET"]}}],"collection":[{"href":"https:\/\/beuhparadis.com\/sl\/wp-json\/wp\/v2\/product"}],"about":[{"href":"https:\/\/beuhparadis.com\/sl\/wp-json\/wp\/v2\/types\/product"}],"replies":[{"embeddable":true,"href":"https:\/\/beuhparadis.com\/sl\/wp-json\/wp\/v2\/comments?post=1503"}],"wp:featuredmedia":[{"embeddable":true,"href":"https:\/\/beuhparadis.com\/sl\/wp-json\/wp\/v2\/media\/1528"}],"wp:attachment":[{"href":"https:\/\/beuhparadis.com\/sl\/wp-json\/wp\/v2\/media?parent=1503"}],"wp:term":[{"taxonomy":"product_brand","embeddable":true,"href":"https:\/\/beuhparadis.com\/sl\/wp-json\/wp\/v2\/product_brand?post=1503"},{"taxonomy":"product_cat","embeddable":true,"href":"https:\/\/beuhparadis.com\/sl\/wp-json\/wp\/v2\/product_cat?post=1503"},{"taxonomy":"product_tag","embeddable":true,"href":"https:\/\/beuhparadis.com\/sl\/wp-json\/wp\/v2\/product_tag?post=1503"}],"curies":[{"name":"wp","href":"https:\/\/api.w.org\/{rel}","templated":true}]}}