{"id":1492,"date":"2024-12-10T23:41:02","date_gmt":"2024-12-10T23:41:02","guid":{"rendered":"https:\/\/beuhparadis.com\/?post_type=product&#038;p=1492"},"modified":"2025-01-28T11:37:36","modified_gmt":"2025-01-28T11:37:36","slug":"huile-de-cannabis-blackberry-kush-thc","status":"publish","type":"product","link":"https:\/\/beuhparadis.com\/sl\/product\/huile-de-cannabis-blackberry-kush-thc\/","title":{"rendered":"Olje iz konoplje Blackberry Kush THC"},"content":{"rendered":"<h3><strong>Olje iz konoplje Blackberry Kush THC - intenzivna sprostitev in izvrstni okusi<\/strong><\/h3>\n<h4><strong>\u00a0Odkrijte olje iz konoplje Blackberry Kush THC na Beuh Paradis<\/strong><\/h4>\n<p>L'<strong>Olje iz konoplje Blackberry Kush THC<\/strong>na voljo na <strong><a href=\"https:\/\/beuhparadis.com\/sl\" target=\"_new\" rel=\"noopener\">Beuh Paradis<\/a><\/strong>je izjemen koncentrat, znan po mo\u010dnih spro\u0161\u010dujo\u010dih u\u010dinkih in sladkih okusih. To olje, pridobljeno iz znane sorte Blackberry Kush, ponuja edinstveno kombinacijo terapevtskih koristi in u\u017eitkov. To olje THC je idealno za tiste, ki i\u0161\u010dejo globoko sprostitev, saj zagotavlja prijetno in pomirjujo\u010do izku\u0161njo.<\/p>\n<h4><strong>\u00a0Zakaj izbrati olje Blackberry Kush THC?<\/strong><\/h4>\n<ul>\n<li><strong>Sadni okusi in bogata vsebnost THC :<\/strong> Olje Blackberry Kush odlikujejo sladke arome robid in visoka vsebnost THC, ki zagotavljajo popolno sprostitev.<\/li>\n<li><strong>Mo\u010dni u\u010dinki:<\/strong> Idealno za uporabnike, ki \u017eelijo ubla\u017eiti stres, bole\u010dine ali motnje spanja.<\/li>\n<li><strong>Vrhunska kakovost:<\/strong> Proizvedeno iz ekolo\u0161ko pridelanega cvetja, brez pesticidov in \u0161kodljivih topil.<\/li>\n<li><strong>Enostavnost uporabe :<\/strong> U\u017eivajte neposredno pod jezikom ali ga dodajte svojim najljub\u0161im receptom.<\/li>\n<\/ul>\n<h4><strong>\u00a0Prednosti olja Cannabis Kush<\/strong><\/h4>\n<ul>\n<li><strong>Globoka sprostitev :<\/strong> Spro\u0161\u010da telesno in du\u0161evno napetost po napornem dnevu.<\/li>\n<li><strong>Pomo\u010d za spanje :<\/strong> Spodbuja bolj\u0161i in mirnej\u0161i spanec.<\/li>\n<li><strong>Bla\u017eenje bole\u010din :<\/strong> Posebej u\u010dinkovito za bla\u017eenje kroni\u010dnih bole\u010din ali vnetij.<\/li>\n<li><strong>Prijeten okus:<\/strong> Sadni pridih robid za izjemen okus.<\/li>\n<\/ul>\n<h4><strong>\u00a0Naro\u010dite olje iz konoplje Blackberry Kush THC na Beuh Paradis<\/strong><\/h4>\n<p>Na spletni strani <strong><a href=\"https:\/\/beuhparadis.com\/sl\" target=\"_new\" rel=\"noopener\">Beuh Paradis<\/a><\/strong>poi\u0161\u010dite<strong>Olje Blackberry Kush THC<\/strong> kot nala\u0161\u010d za va\u0161e potrebe. Izkoristite na\u0161o hitro, diskretno in zanesljivo storitev ter ta vrhunski izdelek prejmite naravnost na va\u0161a vrata. Odkrijte prednosti olja, bogatega s THC, v kombinaciji z neustavljivimi okusi in izbolj\u0161ajte svoje vsakodnevno po\u010dutje.<\/p>","protected":false},"excerpt":{"rendered":"<p>Huile de Cannabis Blackberry Kush THC \u2013 Relaxation Intense et Saveurs Exquises \u00a0D\u00e9couvrez l\u2019Huile de Cannabis Blackberry Kush THC sur Beuh Paradis L\u2019huile de cannabis Blackberry Kush THC, disponible sur Beuh Paradis, est un concentr\u00e9 exceptionnel connu pour ses effets relaxants puissants et ses saveurs sucr\u00e9es. Issue de la c\u00e9l\u00e8bre vari\u00e9t\u00e9 Blackberry Kush, cette huile [&hellip;]<\/p>\n","protected":false},"featured_media":1497,"comment_status":"closed","ping_status":"closed","template":"","meta":{"site-sidebar-layout":"default","site-content-layout":"","ast-site-content-layout":"default","site-content-style":"default","site-sidebar-style":"default","ast-global-header-display":"","ast-banner-title-visibility":"","ast-main-header-display":"","ast-hfb-above-header-display":"","ast-hfb-below-header-display":"","ast-hfb-mobile-header-display":"","site-post-title":"","ast-breadcrumbs-content":"","ast-featured-img":"","footer-sml-layout":"","theme-transparent-header-meta":"default","adv-header-id-meta":"","stick-header-meta":"","header-above-stick-meta":"","header-main-stick-meta":"","header-below-stick-meta":"","astra-migrate-meta-layouts":"set","ast-page-background-enabled":"default","ast-page-background-meta":{"desktop":{"background-color":"","background-image":"","background-repeat":"repeat","background-position":"center center","background-size":"auto","background-attachment":"scroll","background-type":"","background-media":"","overlay-type":"","overlay-color":"","overlay-opacity":"","overlay-gradient":""},"tablet":{"background-color":"","background-image":"","background-repeat":"repeat","background-position":"center center","background-size":"auto","background-attachment":"scroll","background-type":"","background-media":"","overlay-type":"","overlay-color":"","overlay-opacity":"","overlay-gradient":""},"mobile":{"background-color":"","background-image":"","background-repeat":"repeat","background-position":"center center","background-size":"auto","background-attachment":"scroll","background-type":"","background-media":"","overlay-type":"","overlay-color":"","overlay-opacity":"","overlay-gradient":""}},"ast-content-background-meta":{"desktop":{"background-color":"var(--ast-global-color-5)","background-image":"","background-repeat":"repeat","background-position":"center center","background-size":"auto","background-attachment":"scroll","background-type":"","background-media":"","overlay-type":"","overlay-color":"","overlay-opacity":"","overlay-gradient":""},"tablet":{"background-color":"var(--ast-global-color-5)","background-image":"","background-repeat":"repeat","background-position":"center center","background-size":"auto","background-attachment":"scroll","background-type":"","background-media":"","overlay-type":"","overlay-color":"","overlay-opacity":"","overlay-gradient":""},"mobile":{"background-color":"var(--ast-global-color-5)","background-image":"","background-repeat":"repeat","background-position":"center center","background-size":"auto","background-attachment":"scroll","background-type":"","background-media":"","overlay-type":"","overlay-color":"","overlay-opacity":"","overlay-gradient":""}},"_joinchat":[]},"product_brand":[],"product_cat":[36],"product_tag":[],"class_list":{"0":"post-1492","1":"product","2":"type-product","3":"status-publish","4":"has-post-thumbnail","6":"product_cat-huile-thc","7":"desktop-align-left","8":"tablet-align-left","9":"mobile-align-left","11":"first","12":"instock","13":"shipping-taxable","14":"purchasable","15":"product-type-variable"},"yoast_head":"<!-- This site is optimized with the Yoast SEO Premium plugin v24.1 (Yoast SEO v26.8) - https:\/\/yoast.com\/product\/yoast-seo-premium-wordpress\/ -->\n<title>Huile de Cannabis Blackberry Kush THC \u2013 Beuh Paradis<\/title>\n<meta name=\"description\" content=\"Huile de cannabis Blackberry Kush THC sur Beuh Paradis. Une huile puissante et fruit\u00e9e, id\u00e9ale pour soulager le stress, les douleurs et am\u00e9liorer le somme\" \/>\n<meta name=\"robots\" content=\"index, follow, max-snippet:-1, max-image-preview:large, max-video-preview:-1\" \/>\n<link rel=\"canonical\" href=\"https:\/\/beuhparadis.com\/sl\/product\/huile-de-cannabis-blackberry-kush-thc\/\" \/>\n<meta property=\"og:locale\" content=\"sl_SI\" \/>\n<meta property=\"og:type\" content=\"article\" \/>\n<meta property=\"og:title\" content=\"Huile de cannabis Blackberry Kush THC\" \/>\n<meta property=\"og:description\" content=\"Huile de cannabis Blackberry Kush THC sur Beuh Paradis. Une huile puissante et fruit\u00e9e, id\u00e9ale pour soulager le stress, les douleurs et am\u00e9liorer le somme\" \/>\n<meta property=\"og:url\" content=\"https:\/\/beuhparadis.com\/sl\/product\/huile-de-cannabis-blackberry-kush-thc\/\" \/>\n<meta property=\"og:site_name\" content=\"Beuh Paradis\" \/>\n<meta property=\"article:modified_time\" content=\"2025-01-28T11:37:36+00:00\" \/>\n<meta property=\"og:image\" content=\"https:\/\/beuhparadis.com\/wp-content\/uploads\/2024\/12\/Buy-Blackberry-Kush-THC-Oil.webp\" \/>\n\t<meta property=\"og:image:width\" content=\"478\" \/>\n\t<meta property=\"og:image:height\" content=\"375\" \/>\n\t<meta property=\"og:image:type\" content=\"image\/webp\" \/>\n<meta name=\"twitter:card\" content=\"summary_large_image\" \/>\n<meta name=\"twitter:label1\" content=\"Est. reading time\" \/>\n\t<meta name=\"twitter:data1\" content=\"2 minutes\" \/>\n<script type=\"application\/ld+json\" class=\"yoast-schema-graph\">{\"@context\":\"https:\/\/schema.org\",\"@graph\":[{\"@type\":\"WebPage\",\"@id\":\"https:\/\/beuhparadis.com\/product\/huile-de-cannabis-blackberry-kush-thc\/\",\"url\":\"https:\/\/beuhparadis.com\/product\/huile-de-cannabis-blackberry-kush-thc\/\",\"name\":\"Huile de Cannabis Blackberry Kush THC \u2013 Beuh Paradis\",\"isPartOf\":{\"@id\":\"https:\/\/beuhparadis.com\/#website\"},\"primaryImageOfPage\":{\"@id\":\"https:\/\/beuhparadis.com\/product\/huile-de-cannabis-blackberry-kush-thc\/#primaryimage\"},\"image\":{\"@id\":\"https:\/\/beuhparadis.com\/product\/huile-de-cannabis-blackberry-kush-thc\/#primaryimage\"},\"thumbnailUrl\":\"https:\/\/beuhparadis.com\/wp-content\/uploads\/2024\/12\/Buy-Blackberry-Kush-THC-Oil.webp\",\"datePublished\":\"2024-12-10T23:41:02+00:00\",\"dateModified\":\"2025-01-28T11:37:36+00:00\",\"description\":\"Huile de cannabis Blackberry Kush THC sur Beuh Paradis. Une huile puissante et fruit\u00e9e, id\u00e9ale pour soulager le stress, les douleurs et am\u00e9liorer le somme\",\"breadcrumb\":{\"@id\":\"https:\/\/beuhparadis.com\/product\/huile-de-cannabis-blackberry-kush-thc\/#breadcrumb\"},\"inLanguage\":\"sl-SI\",\"potentialAction\":[{\"@type\":\"ReadAction\",\"target\":[\"https:\/\/beuhparadis.com\/product\/huile-de-cannabis-blackberry-kush-thc\/\"]}]},{\"@type\":\"ImageObject\",\"inLanguage\":\"sl-SI\",\"@id\":\"https:\/\/beuhparadis.com\/product\/huile-de-cannabis-blackberry-kush-thc\/#primaryimage\",\"url\":\"https:\/\/beuhparadis.com\/wp-content\/uploads\/2024\/12\/Buy-Blackberry-Kush-THC-Oil.webp\",\"contentUrl\":\"https:\/\/beuhparadis.com\/wp-content\/uploads\/2024\/12\/Buy-Blackberry-Kush-THC-Oil.webp\",\"width\":478,\"height\":375,\"caption\":\"Huile de Cannabis Blackberry\"},{\"@type\":\"BreadcrumbList\",\"@id\":\"https:\/\/beuhparadis.com\/product\/huile-de-cannabis-blackberry-kush-thc\/#breadcrumb\",\"itemListElement\":[{\"@type\":\"ListItem\",\"position\":1,\"name\":\"Home\",\"item\":\"https:\/\/beuhparadis.com\/\"},{\"@type\":\"ListItem\",\"position\":2,\"name\":\"Shop\",\"item\":\"https:\/\/beuhparadis.com\/shop\/\"},{\"@type\":\"ListItem\",\"position\":3,\"name\":\"Huile de cannabis Blackberry Kush THC\"}]},{\"@type\":\"WebSite\",\"@id\":\"https:\/\/beuhparadis.com\/#website\",\"url\":\"https:\/\/beuhparadis.com\/\",\"name\":\"Beuh Paradis\",\"description\":\"\",\"potentialAction\":[{\"@type\":\"SearchAction\",\"target\":{\"@type\":\"EntryPoint\",\"urlTemplate\":\"https:\/\/beuhparadis.com\/?s={search_term_string}\"},\"query-input\":{\"@type\":\"PropertyValueSpecification\",\"valueRequired\":true,\"valueName\":\"search_term_string\"}}],\"inLanguage\":\"sl-SI\"}]}<\/script>\n<!-- \/ Yoast SEO Premium plugin. -->","yoast_head_json":{"title":"Olje iz konoplje Blackberry Kush THC - Beuh Paradis","description":"Olje iz konoplje Blackberry Kush THC na Beuh Paradis. Mo\u010dno sadno olje, idealno za laj\u0161anje stresa in bole\u010din ter izbolj\u0161anje spanca.","robots":{"index":"index","follow":"follow","max-snippet":"max-snippet:-1","max-image-preview":"max-image-preview:large","max-video-preview":"max-video-preview:-1"},"canonical":"https:\/\/beuhparadis.com\/sl\/product\/huile-de-cannabis-blackberry-kush-thc\/","og_locale":"sl_SI","og_type":"article","og_title":"Huile de cannabis Blackberry Kush THC","og_description":"Huile de cannabis Blackberry Kush THC sur Beuh Paradis. Une huile puissante et fruit\u00e9e, id\u00e9ale pour soulager le stress, les douleurs et am\u00e9liorer le somme","og_url":"https:\/\/beuhparadis.com\/sl\/product\/huile-de-cannabis-blackberry-kush-thc\/","og_site_name":"Beuh Paradis","article_modified_time":"2025-01-28T11:37:36+00:00","og_image":[{"width":478,"height":375,"url":"https:\/\/beuhparadis.com\/wp-content\/uploads\/2024\/12\/Buy-Blackberry-Kush-THC-Oil.webp","type":"image\/webp"}],"twitter_card":"summary_large_image","twitter_misc":{"Est. reading time":"2 minutes"},"schema":{"@context":"https:\/\/schema.org","@graph":[{"@type":"WebPage","@id":"https:\/\/beuhparadis.com\/product\/huile-de-cannabis-blackberry-kush-thc\/","url":"https:\/\/beuhparadis.com\/product\/huile-de-cannabis-blackberry-kush-thc\/","name":"Olje iz konoplje Blackberry Kush THC - Beuh Paradis","isPartOf":{"@id":"https:\/\/beuhparadis.com\/#website"},"primaryImageOfPage":{"@id":"https:\/\/beuhparadis.com\/product\/huile-de-cannabis-blackberry-kush-thc\/#primaryimage"},"image":{"@id":"https:\/\/beuhparadis.com\/product\/huile-de-cannabis-blackberry-kush-thc\/#primaryimage"},"thumbnailUrl":"https:\/\/beuhparadis.com\/wp-content\/uploads\/2024\/12\/Buy-Blackberry-Kush-THC-Oil.webp","datePublished":"2024-12-10T23:41:02+00:00","dateModified":"2025-01-28T11:37:36+00:00","description":"Olje iz konoplje Blackberry Kush THC na Beuh Paradis. Mo\u010dno sadno olje, idealno za laj\u0161anje stresa in bole\u010din ter izbolj\u0161anje spanca.","breadcrumb":{"@id":"https:\/\/beuhparadis.com\/product\/huile-de-cannabis-blackberry-kush-thc\/#breadcrumb"},"inLanguage":"sl-SI","potentialAction":[{"@type":"ReadAction","target":["https:\/\/beuhparadis.com\/product\/huile-de-cannabis-blackberry-kush-thc\/"]}]},{"@type":"ImageObject","inLanguage":"sl-SI","@id":"https:\/\/beuhparadis.com\/product\/huile-de-cannabis-blackberry-kush-thc\/#primaryimage","url":"https:\/\/beuhparadis.com\/wp-content\/uploads\/2024\/12\/Buy-Blackberry-Kush-THC-Oil.webp","contentUrl":"https:\/\/beuhparadis.com\/wp-content\/uploads\/2024\/12\/Buy-Blackberry-Kush-THC-Oil.webp","width":478,"height":375,"caption":"Huile de Cannabis Blackberry"},{"@type":"BreadcrumbList","@id":"https:\/\/beuhparadis.com\/product\/huile-de-cannabis-blackberry-kush-thc\/#breadcrumb","itemListElement":[{"@type":"ListItem","position":1,"name":"Home","item":"https:\/\/beuhparadis.com\/"},{"@type":"ListItem","position":2,"name":"Shop","item":"https:\/\/beuhparadis.com\/shop\/"},{"@type":"ListItem","position":3,"name":"Huile de cannabis Blackberry Kush THC"}]},{"@type":"WebSite","@id":"https:\/\/beuhparadis.com\/#website","url":"https:\/\/beuhparadis.com\/","name":"Beuh Paradis","description":"","potentialAction":[{"@type":"SearchAction","target":{"@type":"EntryPoint","urlTemplate":"https:\/\/beuhparadis.com\/?s={search_term_string}"},"query-input":{"@type":"PropertyValueSpecification","valueRequired":true,"valueName":"search_term_string"}}],"inLanguage":"sl-SI"}]}},"_links":{"self":[{"href":"https:\/\/beuhparadis.com\/sl\/wp-json\/wp\/v2\/product\/1492","targetHints":{"allow":["GET"]}}],"collection":[{"href":"https:\/\/beuhparadis.com\/sl\/wp-json\/wp\/v2\/product"}],"about":[{"href":"https:\/\/beuhparadis.com\/sl\/wp-json\/wp\/v2\/types\/product"}],"replies":[{"embeddable":true,"href":"https:\/\/beuhparadis.com\/sl\/wp-json\/wp\/v2\/comments?post=1492"}],"wp:featuredmedia":[{"embeddable":true,"href":"https:\/\/beuhparadis.com\/sl\/wp-json\/wp\/v2\/media\/1497"}],"wp:attachment":[{"href":"https:\/\/beuhparadis.com\/sl\/wp-json\/wp\/v2\/media?parent=1492"}],"wp:term":[{"taxonomy":"product_brand","embeddable":true,"href":"https:\/\/beuhparadis.com\/sl\/wp-json\/wp\/v2\/product_brand?post=1492"},{"taxonomy":"product_cat","embeddable":true,"href":"https:\/\/beuhparadis.com\/sl\/wp-json\/wp\/v2\/product_cat?post=1492"},{"taxonomy":"product_tag","embeddable":true,"href":"https:\/\/beuhparadis.com\/sl\/wp-json\/wp\/v2\/product_tag?post=1492"}],"curies":[{"name":"wp","href":"https:\/\/api.w.org\/{rel}","templated":true}]}}