{"id":1457,"date":"2024-12-10T23:40:48","date_gmt":"2024-12-10T23:40:48","guid":{"rendered":"https:\/\/beuhparadis.com\/?post_type=product&#038;p=1457"},"modified":"2024-12-10T23:41:08","modified_gmt":"2024-12-10T23:41:08","slug":"huile-de-cannabis-cherry","status":"publish","type":"product","link":"https:\/\/beuhparadis.com\/sl\/product\/huile-de-cannabis-cherry\/","title":{"rendered":"Olje iz konoplje s \u010de\u0161njo"},"content":{"rendered":"<h1 class=\"wp-block-heading\">Nakup olja iz konoplje Cherry<\/h1>\n<p>Spoznajte Cherry Cannabis Oil, vrhunsko olje THC, pridobljeno iz priznanih sevov, kot so Master Kush, OG Kush in Pink Bubba. To olje ponuja edinstveno izku\u0161njo okusa z globokim okusom \u010de\u0161nje in zagotavlja spro\u0161\u010dujo\u010de in evfori\u010dne u\u010dinke. Odli\u010dno za tiste, ki i\u0161\u010dejo ustvarjalno stimulacijo in medicinsko olaj\u0161anje.<\/p>\n<h2 class=\"wp-block-heading\">Sestava olja THC<\/h2>\n<ul class=\"wp-block-list\">\n<li><strong>Sestavine:<\/strong> Izvle\u010dki iz Master Kush, OG Kush in Pink Bubba.<\/li>\n<li><strong>Odmerjanje:<\/strong> Mo\u010dan, z vsebnostjo THC 70%.<\/li>\n<\/ul>\n<h2 class=\"wp-block-heading\">THC in CBD (vklju\u010dno z odstotki)<\/h2>\n<ul class=\"wp-block-list\">\n<li>Visoka koncentracija THC (70%) za mo\u010dne in dolgotrajne u\u010dinke.<\/li>\n<li>Vsebnost CBD je odvisna od uporabljenih sevov in je zasnovana tako, da dopolnjuje u\u010dinke THC.<\/li>\n<\/ul>\n<h2 class=\"wp-block-heading\">Kje lahko na spletu kupim konopljino olje Cherry?<\/h2>\n<p>Olje iz konoplje Cherry je na voljo pri <a href=\"https:\/\/acheterducannabis.fr\/\" data-type=\"link\" data-id=\"https:\/\/acheterducannabis.fr\/\">Nakup konoplje<\/a>kjer sta kakovost in zadovoljstvo strank na\u0161i prednostni nalogi.<\/p>\n<h2 class=\"wp-block-heading\">U\u010dinki, vonj in okus<\/h2>\n<h3 class=\"wp-block-heading\">U\u010dinek<\/h3>\n<ul class=\"wp-block-list\">\n<li>Sprostitev, evforija, lakota, zaspanost, sre\u010da, koncentracija in ustvarjalnost.<\/li>\n<\/ul>\n<h3 class=\"wp-block-heading\">Aroma<\/h3>\n<ul class=\"wp-block-list\">\n<li>Slasten, globok vonj po \u010de\u0161nji, ki obogati izku\u0161njo pitja.<\/li>\n<\/ul>\n<h3 class=\"wp-block-heading\">Okusi<\/h3>\n<ul class=\"wp-block-list\">\n<li>Prefinjen, globok okus \u010de\u0161enj ponuja neprekosljivo do\u017eivetje okusa.<\/li>\n<\/ul>\n<h2 class=\"wp-block-heading\">Zdravstveni u\u010dinki<\/h2>\n<ul class=\"wp-block-list\">\n<li>Idealen za laj\u0161anje bole\u010din, vnetij, slabosti, depresije, mi\u0161i\u010dnih kr\u010dev, stresa in tesnobe.<\/li>\n<\/ul>\n<h3 class=\"wp-block-heading\">Lahko olaj\u0161a<\/h3>\n<ul class=\"wp-block-list\">\n<li>Bole\u010dina, vnetje, slabost, depresija, mi\u0161i\u010dni kr\u010di, stres, tesnoba.<\/li>\n<\/ul>\n<h2 class=\"wp-block-heading\">Izbira pravega olja THC<\/h2>\n<ul class=\"wp-block-list\">\n<li>Izberite \u010de\u0161njevo olje konoplje zaradi njegovih vsestranskih u\u010dinkov in zna\u010dilnega aromati\u010dnega profila.<\/li>\n<\/ul>\n<h2 class=\"wp-block-heading\">Uporaba konopljinega olja Cherry THC<\/h2>\n<p>Odli\u010den je za vaping, dodajanje hrani ali kot topi\u010dni dodatek za neposredno nana\u0161anje na ko\u017eo.<\/p>\n<h2 class=\"wp-block-heading\">Kako shranjevati olje THC?<\/h2>\n<p>Da bi ohranili njegovo mo\u010d in sve\u017eino, olje shranjujte v hladnem in temnem prostoru.<\/p>\n<h2 class=\"wp-block-heading\">Zakaj kupiti konopljino olje Cherry od Acheterducannabis?<\/h2>\n<p>Acheterducannabis ponuja avtenti\u010dne izdelke z zanesljivo dostavo in zagotavlja optimalno uporabni\u0161ko izku\u0161njo.<\/p>\n<h2 class=\"wp-block-heading\">Vladni zakon o prodaji olja THC v Evropi<\/h2>\n<p>Za prodajo in u\u017eivanje olja THC, vklju\u010dno z oljem konoplje Cherry, veljajo v Evropi posebni predpisi. Pred nakupom se pozanimajte o lokalnih zakonih.<\/p>\n<p>\u010ce\u0161njevo konopljino olje je idealna izbira za poznavalce konoplje, ki i\u0161\u010dejo izku\u0161njo, ki je hkrati okusna in terapevtska. To olje z visoko vsebnostjo THC in globokim okusom \u010de\u0161nje obljublja sprostitev in ustvarjalnost. Na voljo izklju\u010dno pri <strong>Nakup konoplje<\/strong>To je popolna izbira za potopitev v dobro po\u010dutje in pobeg.<\/p>","protected":false},"excerpt":{"rendered":"<p><strong>THC:<\/strong> 70%<\/p>\n<p><strong>Zdravstveni u\u010dinki:<\/strong><br \/> Idealen za laj\u0161anje bole\u010din, vnetij, slabosti, depresije, mi\u0161i\u010dnih kr\u010dev, stresa in tesnobe.<\/p>","protected":false},"featured_media":1462,"comment_status":"closed","ping_status":"closed","template":"","meta":{"site-sidebar-layout":"default","site-content-layout":"","ast-site-content-layout":"","site-content-style":"default","site-sidebar-style":"default","ast-global-header-display":"","ast-banner-title-visibility":"","ast-main-header-display":"","ast-hfb-above-header-display":"","ast-hfb-below-header-display":"","ast-hfb-mobile-header-display":"","site-post-title":"","ast-breadcrumbs-content":"","ast-featured-img":"","footer-sml-layout":"","theme-transparent-header-meta":"","adv-header-id-meta":"","stick-header-meta":"","header-above-stick-meta":"","header-main-stick-meta":"","header-below-stick-meta":"","astra-migrate-meta-layouts":"default","ast-page-background-enabled":"default","ast-page-background-meta":{"desktop":{"background-color":"","background-image":"","background-repeat":"repeat","background-position":"center center","background-size":"auto","background-attachment":"scroll","background-type":"","background-media":"","overlay-type":"","overlay-color":"","overlay-opacity":"","overlay-gradient":""},"tablet":{"background-color":"","background-image":"","background-repeat":"repeat","background-position":"center center","background-size":"auto","background-attachment":"scroll","background-type":"","background-media":"","overlay-type":"","overlay-color":"","overlay-opacity":"","overlay-gradient":""},"mobile":{"background-color":"","background-image":"","background-repeat":"repeat","background-position":"center center","background-size":"auto","background-attachment":"scroll","background-type":"","background-media":"","overlay-type":"","overlay-color":"","overlay-opacity":"","overlay-gradient":""}},"ast-content-background-meta":{"desktop":{"background-color":"var(--ast-global-color-5)","background-image":"","background-repeat":"repeat","background-position":"center center","background-size":"auto","background-attachment":"scroll","background-type":"","background-media":"","overlay-type":"","overlay-color":"","overlay-opacity":"","overlay-gradient":""},"tablet":{"background-color":"var(--ast-global-color-5)","background-image":"","background-repeat":"repeat","background-position":"center center","background-size":"auto","background-attachment":"scroll","background-type":"","background-media":"","overlay-type":"","overlay-color":"","overlay-opacity":"","overlay-gradient":""},"mobile":{"background-color":"var(--ast-global-color-5)","background-image":"","background-repeat":"repeat","background-position":"center center","background-size":"auto","background-attachment":"scroll","background-type":"","background-media":"","overlay-type":"","overlay-color":"","overlay-opacity":"","overlay-gradient":""}},"_joinchat":[]},"product_brand":[],"product_cat":[36],"product_tag":[],"class_list":{"0":"post-1457","1":"product","2":"type-product","3":"status-publish","4":"has-post-thumbnail","6":"product_cat-huile-thc","7":"desktop-align-left","8":"tablet-align-left","9":"mobile-align-left","11":"first","12":"instock","13":"shipping-taxable","14":"purchasable","15":"product-type-variable"},"yoast_head":"<!-- This site is optimized with the Yoast SEO Premium plugin v24.1 (Yoast SEO v26.8) - https:\/\/yoast.com\/product\/yoast-seo-premium-wordpress\/ -->\n<title>Huile de cannabis Cherry - Beuh Paradis<\/title>\n<meta name=\"robots\" content=\"index, follow, max-snippet:-1, max-image-preview:large, max-video-preview:-1\" \/>\n<link rel=\"canonical\" href=\"https:\/\/beuhparadis.com\/sl\/product\/huile-de-cannabis-cherry\/\" \/>\n<meta property=\"og:locale\" content=\"sl_SI\" \/>\n<meta property=\"og:type\" content=\"article\" \/>\n<meta property=\"og:title\" content=\"Huile de cannabis Cherry\" \/>\n<meta property=\"og:description\" content=\"THC: 70% Effets M\u00e9dicaux: Id\u00e9ale pour le soulagement de la douleur, de l&rsquo;inflammation, de la naus\u00e9e, de la d\u00e9pression, des spasmes musculaires, du stress et de l&rsquo;anxi\u00e9t\u00e9.\" \/>\n<meta property=\"og:url\" content=\"https:\/\/beuhparadis.com\/sl\/product\/huile-de-cannabis-cherry\/\" \/>\n<meta property=\"og:site_name\" content=\"Beuh Paradis\" \/>\n<meta property=\"article:modified_time\" content=\"2024-12-10T23:41:08+00:00\" \/>\n<meta name=\"twitter:card\" content=\"summary_large_image\" \/>\n<meta name=\"twitter:label1\" content=\"Est. reading time\" \/>\n\t<meta name=\"twitter:data1\" content=\"2 minutes\" \/>\n<script type=\"application\/ld+json\" class=\"yoast-schema-graph\">{\"@context\":\"https:\/\/schema.org\",\"@graph\":[{\"@type\":\"WebPage\",\"@id\":\"https:\/\/beuhparadis.com\/product\/huile-de-cannabis-cherry\/\",\"url\":\"https:\/\/beuhparadis.com\/product\/huile-de-cannabis-cherry\/\",\"name\":\"Huile de cannabis Cherry - Beuh Paradis\",\"isPartOf\":{\"@id\":\"https:\/\/beuhparadis.com\/#website\"},\"primaryImageOfPage\":{\"@id\":\"https:\/\/beuhparadis.com\/product\/huile-de-cannabis-cherry\/#primaryimage\"},\"image\":{\"@id\":\"https:\/\/beuhparadis.com\/product\/huile-de-cannabis-cherry\/#primaryimage\"},\"thumbnailUrl\":\"https:\/\/beuhparadis.com\/wp-content\/uploads\/2024\/12\/Cherry-Cannabis-Oil.webp\",\"datePublished\":\"2024-12-10T23:40:48+00:00\",\"dateModified\":\"2024-12-10T23:41:08+00:00\",\"breadcrumb\":{\"@id\":\"https:\/\/beuhparadis.com\/product\/huile-de-cannabis-cherry\/#breadcrumb\"},\"inLanguage\":\"sl-SI\",\"potentialAction\":[{\"@type\":\"ReadAction\",\"target\":[\"https:\/\/beuhparadis.com\/product\/huile-de-cannabis-cherry\/\"]}]},{\"@type\":\"ImageObject\",\"inLanguage\":\"sl-SI\",\"@id\":\"https:\/\/beuhparadis.com\/product\/huile-de-cannabis-cherry\/#primaryimage\",\"url\":\"https:\/\/beuhparadis.com\/wp-content\/uploads\/2024\/12\/Cherry-Cannabis-Oil.webp\",\"contentUrl\":\"https:\/\/beuhparadis.com\/wp-content\/uploads\/2024\/12\/Cherry-Cannabis-Oil.webp\",\"width\":225,\"height\":225},{\"@type\":\"BreadcrumbList\",\"@id\":\"https:\/\/beuhparadis.com\/product\/huile-de-cannabis-cherry\/#breadcrumb\",\"itemListElement\":[{\"@type\":\"ListItem\",\"position\":1,\"name\":\"Home\",\"item\":\"https:\/\/beuhparadis.com\/\"},{\"@type\":\"ListItem\",\"position\":2,\"name\":\"Shop\",\"item\":\"https:\/\/beuhparadis.com\/shop\/\"},{\"@type\":\"ListItem\",\"position\":3,\"name\":\"Huile de cannabis Cherry\"}]},{\"@type\":\"WebSite\",\"@id\":\"https:\/\/beuhparadis.com\/#website\",\"url\":\"https:\/\/beuhparadis.com\/\",\"name\":\"Beuh Paradis\",\"description\":\"\",\"potentialAction\":[{\"@type\":\"SearchAction\",\"target\":{\"@type\":\"EntryPoint\",\"urlTemplate\":\"https:\/\/beuhparadis.com\/?s={search_term_string}\"},\"query-input\":{\"@type\":\"PropertyValueSpecification\",\"valueRequired\":true,\"valueName\":\"search_term_string\"}}],\"inLanguage\":\"sl-SI\"}]}<\/script>\n<!-- \/ Yoast SEO Premium plugin. -->","yoast_head_json":{"title":"Olje iz konoplje s \u010de\u0161njo - Beuh Paradis","robots":{"index":"index","follow":"follow","max-snippet":"max-snippet:-1","max-image-preview":"max-image-preview:large","max-video-preview":"max-video-preview:-1"},"canonical":"https:\/\/beuhparadis.com\/sl\/product\/huile-de-cannabis-cherry\/","og_locale":"sl_SI","og_type":"article","og_title":"Huile de cannabis Cherry","og_description":"THC: 70% Effets M\u00e9dicaux: Id\u00e9ale pour le soulagement de la douleur, de l&rsquo;inflammation, de la naus\u00e9e, de la d\u00e9pression, des spasmes musculaires, du stress et de l&rsquo;anxi\u00e9t\u00e9.","og_url":"https:\/\/beuhparadis.com\/sl\/product\/huile-de-cannabis-cherry\/","og_site_name":"Beuh Paradis","article_modified_time":"2024-12-10T23:41:08+00:00","twitter_card":"summary_large_image","twitter_misc":{"Est. reading time":"2 minutes"},"schema":{"@context":"https:\/\/schema.org","@graph":[{"@type":"WebPage","@id":"https:\/\/beuhparadis.com\/product\/huile-de-cannabis-cherry\/","url":"https:\/\/beuhparadis.com\/product\/huile-de-cannabis-cherry\/","name":"Olje iz konoplje s \u010de\u0161njo - Beuh Paradis","isPartOf":{"@id":"https:\/\/beuhparadis.com\/#website"},"primaryImageOfPage":{"@id":"https:\/\/beuhparadis.com\/product\/huile-de-cannabis-cherry\/#primaryimage"},"image":{"@id":"https:\/\/beuhparadis.com\/product\/huile-de-cannabis-cherry\/#primaryimage"},"thumbnailUrl":"https:\/\/beuhparadis.com\/wp-content\/uploads\/2024\/12\/Cherry-Cannabis-Oil.webp","datePublished":"2024-12-10T23:40:48+00:00","dateModified":"2024-12-10T23:41:08+00:00","breadcrumb":{"@id":"https:\/\/beuhparadis.com\/product\/huile-de-cannabis-cherry\/#breadcrumb"},"inLanguage":"sl-SI","potentialAction":[{"@type":"ReadAction","target":["https:\/\/beuhparadis.com\/product\/huile-de-cannabis-cherry\/"]}]},{"@type":"ImageObject","inLanguage":"sl-SI","@id":"https:\/\/beuhparadis.com\/product\/huile-de-cannabis-cherry\/#primaryimage","url":"https:\/\/beuhparadis.com\/wp-content\/uploads\/2024\/12\/Cherry-Cannabis-Oil.webp","contentUrl":"https:\/\/beuhparadis.com\/wp-content\/uploads\/2024\/12\/Cherry-Cannabis-Oil.webp","width":225,"height":225},{"@type":"BreadcrumbList","@id":"https:\/\/beuhparadis.com\/product\/huile-de-cannabis-cherry\/#breadcrumb","itemListElement":[{"@type":"ListItem","position":1,"name":"Home","item":"https:\/\/beuhparadis.com\/"},{"@type":"ListItem","position":2,"name":"Shop","item":"https:\/\/beuhparadis.com\/shop\/"},{"@type":"ListItem","position":3,"name":"Huile de cannabis Cherry"}]},{"@type":"WebSite","@id":"https:\/\/beuhparadis.com\/#website","url":"https:\/\/beuhparadis.com\/","name":"Beuh Paradis","description":"","potentialAction":[{"@type":"SearchAction","target":{"@type":"EntryPoint","urlTemplate":"https:\/\/beuhparadis.com\/?s={search_term_string}"},"query-input":{"@type":"PropertyValueSpecification","valueRequired":true,"valueName":"search_term_string"}}],"inLanguage":"sl-SI"}]}},"_links":{"self":[{"href":"https:\/\/beuhparadis.com\/sl\/wp-json\/wp\/v2\/product\/1457","targetHints":{"allow":["GET"]}}],"collection":[{"href":"https:\/\/beuhparadis.com\/sl\/wp-json\/wp\/v2\/product"}],"about":[{"href":"https:\/\/beuhparadis.com\/sl\/wp-json\/wp\/v2\/types\/product"}],"replies":[{"embeddable":true,"href":"https:\/\/beuhparadis.com\/sl\/wp-json\/wp\/v2\/comments?post=1457"}],"wp:featuredmedia":[{"embeddable":true,"href":"https:\/\/beuhparadis.com\/sl\/wp-json\/wp\/v2\/media\/1462"}],"wp:attachment":[{"href":"https:\/\/beuhparadis.com\/sl\/wp-json\/wp\/v2\/media?parent=1457"}],"wp:term":[{"taxonomy":"product_brand","embeddable":true,"href":"https:\/\/beuhparadis.com\/sl\/wp-json\/wp\/v2\/product_brand?post=1457"},{"taxonomy":"product_cat","embeddable":true,"href":"https:\/\/beuhparadis.com\/sl\/wp-json\/wp\/v2\/product_cat?post=1457"},{"taxonomy":"product_tag","embeddable":true,"href":"https:\/\/beuhparadis.com\/sl\/wp-json\/wp\/v2\/product_tag?post=1457"}],"curies":[{"name":"wp","href":"https:\/\/api.w.org\/{rel}","templated":true}]}}