{"id":1451,"date":"2024-12-10T23:40:47","date_gmt":"2024-12-10T23:40:47","guid":{"rendered":"https:\/\/beuhparadis.com\/?post_type=product&#038;p=1451"},"modified":"2024-12-10T23:41:00","modified_gmt":"2024-12-10T23:41:00","slug":"huile-de-miel-jack-herer-dabbers-delight","status":"publish","type":"product","link":"https:\/\/beuhparadis.com\/sl\/product\/huile-de-miel-jack-herer-dabbers-delight\/","title":{"rendered":"Jack Herer Dabber's Delight Honey Oil"},"content":{"rendered":"<h1 class=\"wp-block-heading\">Olje iz medu Jack Herer<\/h1>\n<p>Odkrijte Jack Herer Honey Oil, s THC bogato konopljino olje, ki ga je navdihnil slavni istoimenski sev s prevladujo\u010do sativo in je poklon aktivistu za konopljo in pisatelju Jacku Hererju. To olje zdru\u017euje hibrid Haze s kri\u017eanjem sort Northern Lights #5 in Shiva Skunk, da bi zagotovilo cerebralni vzpon in hkrati proizvedlo obilo smole. To olje je idealno za dabing in vaping, na voljo pa je v stekleni brizgi, odporni na visoke temperature.<\/p>\n<h2 class=\"wp-block-heading\">Sestava olja THC<\/h2>\n<ul class=\"wp-block-list\">\n<li><strong>Sestavine:<\/strong> Koncentrat sorte Jack Herer s profilom, bogatim s THC.<\/li>\n<li><strong>Odmerjanje:<\/strong> Optimizirano za u\u010dinkovito in natan\u010dno uporabo.<\/li>\n<\/ul>\n<h2 class=\"wp-block-heading\">THC in CBD (vklju\u010dno z odstotki)<\/h2>\n<ul class=\"wp-block-list\">\n<li>Medeno olje Jack Herer, ki vsebuje predvsem THC, je zasnovano tako, da ima mo\u010dne psihoaktivne u\u010dinke, s popolnim ravnovesjem Indice, ki vas prizemljuje. Posebni odstotki THC in CBD so prilagojeni za \u010dim ve\u010djo u\u010dinkovitost.<\/li>\n<\/ul>\n<h2 class=\"wp-block-heading\">Kje lahko kupim Jack Herer Honey Oil na spletu?<\/h2>\n<ul class=\"wp-block-list\">\n<li>Olje Jack Herer Honey Oil je na voljo na spletni strani <strong>Nakup konoplje<\/strong>ponuja vrhunsko kakovost in zanesljivo dobavo po vsej Evropi.<\/li>\n<\/ul>\n<h2 class=\"wp-block-heading\">U\u010dinki, vonj in okus<\/h2>\n<h3 class=\"wp-block-heading\">U\u010dinek<\/h3>\n<ul class=\"wp-block-list\">\n<li>Cerebralni dvig s pridihom Indice za popolno ravnovesje med umom in telesom.<\/li>\n<\/ul>\n<h3 class=\"wp-block-heading\">Aroma<\/h3>\n<ul class=\"wp-block-list\">\n<li>Zna\u010dilne note sorte Jack Herer, ki zdru\u017eujejo sve\u017eino in intenzivnost.<\/li>\n<\/ul>\n<h3 class=\"wp-block-heading\">Okusi<\/h3>\n<ul class=\"wp-block-list\">\n<li>Kompleksen aromati\u010dni profil s pridihom Haze, bora in za\u010dimb.<\/li>\n<\/ul>\n<h2 class=\"wp-block-heading\">Zdravstveni u\u010dinki<\/h2>\n<ul class=\"wp-block-list\">\n<li>Idealen za vse, ki i\u0161\u010dejo olaj\u0161anje za stres, tesnobo in bole\u010dino ter spodbujajo ustvarjalnost.<\/li>\n<\/ul>\n<h3 class=\"wp-block-heading\">Lahko olaj\u0161a<\/h3>\n<ul class=\"wp-block-list\">\n<li>Stres, tesnoba, bole\u010dina, utrujenost.<\/li>\n<\/ul>\n<h2 class=\"wp-block-heading\">Izbira pravega olja THC<\/h2>\n<p>Olje Jack Herer Honey Oil je kot nala\u0161\u010d za uporabnike, ki i\u0161\u010dejo du\u0161evno stimulacijo, ne da bi pri tem izgubili stik z resni\u010dnim svetom.<\/p>\n<h2 class=\"wp-block-heading\">Uporaba medenega olja Jack Herer THC<\/h2>\n<p>Zaradi steklene brizge za enostaven in natan\u010den nanos je primeren za dabing in vaping.<\/p>\n<h2 class=\"wp-block-heading\">Kako shranjevati olje THC?<\/h2>\n<p>Da bi ohranili sve\u017eino in u\u010dinkovitost olja, ga hranite v hladnem in temnem prostoru.<\/p>\n<h2 class=\"wp-block-heading\">Zakaj kupiti Jack Herer Honey Oil pri Acheterducannabis?<\/h2>\n<p><a href=\"https:\/\/acheterducannabis.fr\/\" data-type=\"link\" data-id=\"https:\/\/acheterducannabis.fr\/\">Nakup konoplje<\/a> se zavezuje, da bo ponujal izdelke najvi\u0161je kakovosti z varno in diskretno dostavo.<\/p>\n<h2 class=\"wp-block-heading\">Vladni zakon o prodaji olja THC v Evropi<\/h2>\n<p>Prodaja in u\u017eivanje olja THC, vklju\u010dno z <strong>Olje medu Jack Herer<\/strong>so urejeni v Evropi. Pred nakupom se prepri\u010dajte, da ste v skladu z lokalnimi zakoni.<\/p>\n<p>Medeno olje Jack Herer je popolno utele\u0161enje harmonije med mo\u010djo in prefinjenostjo, saj ponuja opojno, a hkrati prizemljujo\u010de do\u017eivetje. To olje, ki je na voljo izklju\u010dno pri Acheterducannabis, je odli\u010dna izbira za poznavalce in navdu\u0161ence nad konopljo, ki \u017eelijo raziskati edinstvene odtenke seva Jack Herer.<\/p>","protected":false},"excerpt":{"rendered":"<p><strong>THC:<\/strong> 60%<\/p>\n<p><strong>Zdravstveni u\u010dinki:<\/strong><br \/> Idealen za vse, ki i\u0161\u010dejo olaj\u0161anje za stres, tesnobo in bole\u010dino ter spodbujajo ustvarjalnost.<\/p>","protected":false},"featured_media":1461,"comment_status":"closed","ping_status":"closed","template":"","meta":{"site-sidebar-layout":"default","site-content-layout":"","ast-site-content-layout":"","site-content-style":"default","site-sidebar-style":"default","ast-global-header-display":"","ast-banner-title-visibility":"","ast-main-header-display":"","ast-hfb-above-header-display":"","ast-hfb-below-header-display":"","ast-hfb-mobile-header-display":"","site-post-title":"","ast-breadcrumbs-content":"","ast-featured-img":"","footer-sml-layout":"","theme-transparent-header-meta":"","adv-header-id-meta":"","stick-header-meta":"","header-above-stick-meta":"","header-main-stick-meta":"","header-below-stick-meta":"","astra-migrate-meta-layouts":"default","ast-page-background-enabled":"default","ast-page-background-meta":{"desktop":{"background-color":"","background-image":"","background-repeat":"repeat","background-position":"center center","background-size":"auto","background-attachment":"scroll","background-type":"","background-media":"","overlay-type":"","overlay-color":"","overlay-opacity":"","overlay-gradient":""},"tablet":{"background-color":"","background-image":"","background-repeat":"repeat","background-position":"center center","background-size":"auto","background-attachment":"scroll","background-type":"","background-media":"","overlay-type":"","overlay-color":"","overlay-opacity":"","overlay-gradient":""},"mobile":{"background-color":"","background-image":"","background-repeat":"repeat","background-position":"center center","background-size":"auto","background-attachment":"scroll","background-type":"","background-media":"","overlay-type":"","overlay-color":"","overlay-opacity":"","overlay-gradient":""}},"ast-content-background-meta":{"desktop":{"background-color":"var(--ast-global-color-5)","background-image":"","background-repeat":"repeat","background-position":"center center","background-size":"auto","background-attachment":"scroll","background-type":"","background-media":"","overlay-type":"","overlay-color":"","overlay-opacity":"","overlay-gradient":""},"tablet":{"background-color":"var(--ast-global-color-5)","background-image":"","background-repeat":"repeat","background-position":"center center","background-size":"auto","background-attachment":"scroll","background-type":"","background-media":"","overlay-type":"","overlay-color":"","overlay-opacity":"","overlay-gradient":""},"mobile":{"background-color":"var(--ast-global-color-5)","background-image":"","background-repeat":"repeat","background-position":"center center","background-size":"auto","background-attachment":"scroll","background-type":"","background-media":"","overlay-type":"","overlay-color":"","overlay-opacity":"","overlay-gradient":""}},"_joinchat":[]},"product_brand":[],"product_cat":[36],"product_tag":[],"class_list":{"0":"post-1451","1":"product","2":"type-product","3":"status-publish","4":"has-post-thumbnail","6":"product_cat-huile-thc","7":"desktop-align-left","8":"tablet-align-left","9":"mobile-align-left","11":"first","12":"instock","13":"shipping-taxable","14":"purchasable","15":"product-type-variable"},"yoast_head":"<!-- This site is optimized with the Yoast SEO Premium plugin v24.1 (Yoast SEO v26.8) - https:\/\/yoast.com\/product\/yoast-seo-premium-wordpress\/ -->\n<title>Huile de miel Jack Herer Dabber&rsquo;s Delight - Beuh Paradis<\/title>\n<meta name=\"robots\" content=\"index, follow, max-snippet:-1, max-image-preview:large, max-video-preview:-1\" \/>\n<link rel=\"canonical\" href=\"https:\/\/beuhparadis.com\/sl\/product\/huile-de-miel-jack-herer-dabbers-delight\/\" \/>\n<meta property=\"og:locale\" content=\"sl_SI\" \/>\n<meta property=\"og:type\" content=\"article\" \/>\n<meta property=\"og:title\" content=\"Huile de miel Jack Herer Dabber&rsquo;s Delight\" \/>\n<meta property=\"og:description\" content=\"THC: 60% Effets M\u00e9dicaux: Id\u00e9ale pour ceux \u00e0 la recherche d&rsquo;un soulagement du stress, de l&rsquo;anxi\u00e9t\u00e9 et des douleurs, tout en stimulant la cr\u00e9ativit\u00e9.\" \/>\n<meta property=\"og:url\" content=\"https:\/\/beuhparadis.com\/sl\/product\/huile-de-miel-jack-herer-dabbers-delight\/\" \/>\n<meta property=\"og:site_name\" content=\"Beuh Paradis\" \/>\n<meta property=\"article:modified_time\" content=\"2024-12-10T23:41:00+00:00\" \/>\n<meta name=\"twitter:card\" content=\"summary_large_image\" \/>\n<meta name=\"twitter:label1\" content=\"Est. reading time\" \/>\n\t<meta name=\"twitter:data1\" content=\"3 minutes\" \/>\n<script type=\"application\/ld+json\" class=\"yoast-schema-graph\">{\"@context\":\"https:\/\/schema.org\",\"@graph\":[{\"@type\":\"WebPage\",\"@id\":\"https:\/\/beuhparadis.com\/product\/huile-de-miel-jack-herer-dabbers-delight\/\",\"url\":\"https:\/\/beuhparadis.com\/product\/huile-de-miel-jack-herer-dabbers-delight\/\",\"name\":\"Huile de miel Jack Herer Dabber&rsquo;s Delight - Beuh Paradis\",\"isPartOf\":{\"@id\":\"https:\/\/beuhparadis.com\/#website\"},\"primaryImageOfPage\":{\"@id\":\"https:\/\/beuhparadis.com\/product\/huile-de-miel-jack-herer-dabbers-delight\/#primaryimage\"},\"image\":{\"@id\":\"https:\/\/beuhparadis.com\/product\/huile-de-miel-jack-herer-dabbers-delight\/#primaryimage\"},\"thumbnailUrl\":\"https:\/\/beuhparadis.com\/wp-content\/uploads\/2024\/12\/Dabbers-Delight-Jack-Herer-Honey-Oi.webp\",\"datePublished\":\"2024-12-10T23:40:47+00:00\",\"dateModified\":\"2024-12-10T23:41:00+00:00\",\"breadcrumb\":{\"@id\":\"https:\/\/beuhparadis.com\/product\/huile-de-miel-jack-herer-dabbers-delight\/#breadcrumb\"},\"inLanguage\":\"sl-SI\",\"potentialAction\":[{\"@type\":\"ReadAction\",\"target\":[\"https:\/\/beuhparadis.com\/product\/huile-de-miel-jack-herer-dabbers-delight\/\"]}]},{\"@type\":\"ImageObject\",\"inLanguage\":\"sl-SI\",\"@id\":\"https:\/\/beuhparadis.com\/product\/huile-de-miel-jack-herer-dabbers-delight\/#primaryimage\",\"url\":\"https:\/\/beuhparadis.com\/wp-content\/uploads\/2024\/12\/Dabbers-Delight-Jack-Herer-Honey-Oi.webp\",\"contentUrl\":\"https:\/\/beuhparadis.com\/wp-content\/uploads\/2024\/12\/Dabbers-Delight-Jack-Herer-Honey-Oi.webp\",\"width\":1000,\"height\":1000},{\"@type\":\"BreadcrumbList\",\"@id\":\"https:\/\/beuhparadis.com\/product\/huile-de-miel-jack-herer-dabbers-delight\/#breadcrumb\",\"itemListElement\":[{\"@type\":\"ListItem\",\"position\":1,\"name\":\"Home\",\"item\":\"https:\/\/beuhparadis.com\/\"},{\"@type\":\"ListItem\",\"position\":2,\"name\":\"Shop\",\"item\":\"https:\/\/beuhparadis.com\/shop\/\"},{\"@type\":\"ListItem\",\"position\":3,\"name\":\"Huile de miel Jack Herer Dabber&rsquo;s Delight\"}]},{\"@type\":\"WebSite\",\"@id\":\"https:\/\/beuhparadis.com\/#website\",\"url\":\"https:\/\/beuhparadis.com\/\",\"name\":\"Beuh Paradis\",\"description\":\"\",\"potentialAction\":[{\"@type\":\"SearchAction\",\"target\":{\"@type\":\"EntryPoint\",\"urlTemplate\":\"https:\/\/beuhparadis.com\/?s={search_term_string}\"},\"query-input\":{\"@type\":\"PropertyValueSpecification\",\"valueRequired\":true,\"valueName\":\"search_term_string\"}}],\"inLanguage\":\"sl-SI\"}]}<\/script>\n<!-- \/ Yoast SEO Premium plugin. -->","yoast_head_json":{"title":"Jack Herer Dabber's Delight Honey Oil - Beuh Paradis","robots":{"index":"index","follow":"follow","max-snippet":"max-snippet:-1","max-image-preview":"max-image-preview:large","max-video-preview":"max-video-preview:-1"},"canonical":"https:\/\/beuhparadis.com\/sl\/product\/huile-de-miel-jack-herer-dabbers-delight\/","og_locale":"sl_SI","og_type":"article","og_title":"Huile de miel Jack Herer Dabber&rsquo;s Delight","og_description":"THC: 60% Effets M\u00e9dicaux: Id\u00e9ale pour ceux \u00e0 la recherche d&rsquo;un soulagement du stress, de l&rsquo;anxi\u00e9t\u00e9 et des douleurs, tout en stimulant la cr\u00e9ativit\u00e9.","og_url":"https:\/\/beuhparadis.com\/sl\/product\/huile-de-miel-jack-herer-dabbers-delight\/","og_site_name":"Beuh Paradis","article_modified_time":"2024-12-10T23:41:00+00:00","twitter_card":"summary_large_image","twitter_misc":{"Est. reading time":"3 minutes"},"schema":{"@context":"https:\/\/schema.org","@graph":[{"@type":"WebPage","@id":"https:\/\/beuhparadis.com\/product\/huile-de-miel-jack-herer-dabbers-delight\/","url":"https:\/\/beuhparadis.com\/product\/huile-de-miel-jack-herer-dabbers-delight\/","name":"Jack Herer Dabber's Delight Honey Oil - Beuh Paradis","isPartOf":{"@id":"https:\/\/beuhparadis.com\/#website"},"primaryImageOfPage":{"@id":"https:\/\/beuhparadis.com\/product\/huile-de-miel-jack-herer-dabbers-delight\/#primaryimage"},"image":{"@id":"https:\/\/beuhparadis.com\/product\/huile-de-miel-jack-herer-dabbers-delight\/#primaryimage"},"thumbnailUrl":"https:\/\/beuhparadis.com\/wp-content\/uploads\/2024\/12\/Dabbers-Delight-Jack-Herer-Honey-Oi.webp","datePublished":"2024-12-10T23:40:47+00:00","dateModified":"2024-12-10T23:41:00+00:00","breadcrumb":{"@id":"https:\/\/beuhparadis.com\/product\/huile-de-miel-jack-herer-dabbers-delight\/#breadcrumb"},"inLanguage":"sl-SI","potentialAction":[{"@type":"ReadAction","target":["https:\/\/beuhparadis.com\/product\/huile-de-miel-jack-herer-dabbers-delight\/"]}]},{"@type":"ImageObject","inLanguage":"sl-SI","@id":"https:\/\/beuhparadis.com\/product\/huile-de-miel-jack-herer-dabbers-delight\/#primaryimage","url":"https:\/\/beuhparadis.com\/wp-content\/uploads\/2024\/12\/Dabbers-Delight-Jack-Herer-Honey-Oi.webp","contentUrl":"https:\/\/beuhparadis.com\/wp-content\/uploads\/2024\/12\/Dabbers-Delight-Jack-Herer-Honey-Oi.webp","width":1000,"height":1000},{"@type":"BreadcrumbList","@id":"https:\/\/beuhparadis.com\/product\/huile-de-miel-jack-herer-dabbers-delight\/#breadcrumb","itemListElement":[{"@type":"ListItem","position":1,"name":"Home","item":"https:\/\/beuhparadis.com\/"},{"@type":"ListItem","position":2,"name":"Shop","item":"https:\/\/beuhparadis.com\/shop\/"},{"@type":"ListItem","position":3,"name":"Huile de miel Jack Herer Dabber&rsquo;s Delight"}]},{"@type":"WebSite","@id":"https:\/\/beuhparadis.com\/#website","url":"https:\/\/beuhparadis.com\/","name":"Beuh Paradis","description":"","potentialAction":[{"@type":"SearchAction","target":{"@type":"EntryPoint","urlTemplate":"https:\/\/beuhparadis.com\/?s={search_term_string}"},"query-input":{"@type":"PropertyValueSpecification","valueRequired":true,"valueName":"search_term_string"}}],"inLanguage":"sl-SI"}]}},"_links":{"self":[{"href":"https:\/\/beuhparadis.com\/sl\/wp-json\/wp\/v2\/product\/1451","targetHints":{"allow":["GET"]}}],"collection":[{"href":"https:\/\/beuhparadis.com\/sl\/wp-json\/wp\/v2\/product"}],"about":[{"href":"https:\/\/beuhparadis.com\/sl\/wp-json\/wp\/v2\/types\/product"}],"replies":[{"embeddable":true,"href":"https:\/\/beuhparadis.com\/sl\/wp-json\/wp\/v2\/comments?post=1451"}],"wp:featuredmedia":[{"embeddable":true,"href":"https:\/\/beuhparadis.com\/sl\/wp-json\/wp\/v2\/media\/1461"}],"wp:attachment":[{"href":"https:\/\/beuhparadis.com\/sl\/wp-json\/wp\/v2\/media?parent=1451"}],"wp:term":[{"taxonomy":"product_brand","embeddable":true,"href":"https:\/\/beuhparadis.com\/sl\/wp-json\/wp\/v2\/product_brand?post=1451"},{"taxonomy":"product_cat","embeddable":true,"href":"https:\/\/beuhparadis.com\/sl\/wp-json\/wp\/v2\/product_cat?post=1451"},{"taxonomy":"product_tag","embeddable":true,"href":"https:\/\/beuhparadis.com\/sl\/wp-json\/wp\/v2\/product_tag?post=1451"}],"curies":[{"name":"wp","href":"https:\/\/api.w.org\/{rel}","templated":true}]}}