{"id":1445,"date":"2024-12-10T23:40:47","date_gmt":"2024-12-10T23:40:47","guid":{"rendered":"https:\/\/beuhparadis.com\/?post_type=product&#038;p=1445"},"modified":"2024-12-10T23:41:00","modified_gmt":"2024-12-10T23:41:00","slug":"huile-de-miel-dabbers-delight-og-kush","status":"publish","type":"product","link":"https:\/\/beuhparadis.com\/sl\/product\/huile-de-miel-dabbers-delight-og-kush\/","title":{"rendered":"Dabber's Delight OG Kush Honey Oil"},"content":{"rendered":"<h1 class=\"wp-block-heading\">Kupite medeno olje OG Kush<\/h1>\n<p>Odkrijte OG Kush Honey Oil, hibridno konopljino olje z edinstvenim terpenskim profilom in visoko koncentracijo THC. To olje je idealno za dabing in vaping ter ponuja me\u0161ani u\u010dinek, ki deluje tako na telo kot na um. Pogosto se uporablja ob koncu dneva za laj\u0161anje stresa. Njegova embala\u017ea v stekleni brizgi omogo\u010da enostavno uporabo in vzdr\u017ei visoke temperature \u017eebljev za naprave za dabing.<\/p>\n<h2 class=\"wp-block-heading\">Sestava olja THC<\/h2>\n<ul class=\"wp-block-list\">\n<li><strong>Sestavine:<\/strong> \u010cisti izvle\u010dek seva OG Kush z edinstvenim terpenskim profilom.<\/li>\n<li><strong>Odmerjanje:<\/strong> Koncentriran THC za mo\u010dan in dolgotrajen u\u010dinek.<\/li>\n<\/ul>\n<h2 class=\"wp-block-heading\">THC in CBD (vklju\u010dno z odstotki)<\/h2>\n<ul class=\"wp-block-list\">\n<li>To olje ima visoko koncentracijo THC, da bi pove\u010dalo svoje zdravilne in rekreativne u\u010dinke. Odstotki THC in CBD se razlikujejo glede na serijo.<\/li>\n<\/ul>\n<h2 class=\"wp-block-heading\">Kje lahko kupim OG Kush Honey Oil na spletu?<\/h2>\n<p>OG Kush Honey Oil je na voljo na spletu od Acheterducannabis, kjer sta zagotovljeni kakovost in zanesljiva dostava.<\/p>\n<h2 class=\"wp-block-heading\">U\u010dinki, vonj in okus<\/h2>\n<h3 class=\"wp-block-heading\">U\u010dinek<\/h3>\n<ul class=\"wp-block-list\">\n<li>Ima me\u0161ane u\u010dinke na telo in duha ter je idealen za laj\u0161anje stresa in spodbujanje sprostitve.<\/li>\n<\/ul>\n<h3 class=\"wp-block-heading\">Aroma<\/h3>\n<ul class=\"wp-block-list\">\n<li>Edinstven terpenski profil z zna\u010dilnimi notami OG Kush.<\/li>\n<\/ul>\n<h3 class=\"wp-block-heading\">Okusi<\/h3>\n<ul class=\"wp-block-list\">\n<li>Bogat, kompleksen okus, ki spominja na med s pridihom Kush.<\/li>\n<\/ul>\n<h2 class=\"wp-block-heading\">Zdravstveni u\u010dinki<\/h2>\n<ul class=\"wp-block-list\">\n<li>Idealen za vse, ki \u017eelijo zmanj\u0161ati stres in anksioznost ter spro\u0161\u010deno delovati.<\/li>\n<\/ul>\n<h3 class=\"wp-block-heading\">Lahko olaj\u0161a<\/h3>\n<ul class=\"wp-block-list\">\n<li>Stres, tesnoba, bole\u010dina, nespe\u010dnost.<\/li>\n<\/ul>\n<h2 class=\"wp-block-heading\">Izbira pravega olja THC<\/h2>\n<p>OG Kush Honey Oil priporo\u010damo uporabnikom, ki i\u0161\u010dejo vsestransko izku\u0161njo z mo\u017enostjo izbire med u\u010dinki Indica ali Sativa.<\/p>\n<h2 class=\"wp-block-heading\">Uporaba OG Kush THC Honey Oil<\/h2>\n<p>Zaradi toplotno odporne steklene brizge je idealen za dabing in vaping.<\/p>\n<h2 class=\"wp-block-heading\">Kako shranjevati olje THC?<\/h2>\n<p>Za ohranitev u\u010dinkovitosti in sve\u017eine shranjujte v hladnem in temnem prostoru.<\/p>\n<h2 class=\"wp-block-heading\">Zakaj kupiti OG Kush Honey Oil pri Acheterducannabis?<\/h2>\n<p><a href=\"https:\/\/acheterducannabis.fr\/\" data-type=\"link\" data-id=\"https:\/\/acheterducannabis.fr\/\">Nakup konoplje<\/a> je zavezan k ponujanju visokokakovostnih izdelkov z zagotovljenim zadovoljstvom strank in zanesljivo dostavo.<\/p>\n<h2 class=\"wp-block-heading\">Vladni zakon o prodaji olja THC v Evropi<\/h2>\n<p>Prodaja in u\u017eivanje olja THC, vklju\u010dno z oljem OG Kush Honey Oil, sta v Evropi regulirana. Pred nakupom se pozanimajte o lokalnih zakonih.<\/p>\n<p>OG Kush Honey Oil je odli\u010dna izbira za potro\u0161nike, ki i\u0161\u010dejo vsestranski izdelek za sprostitev ali energijo. To olje THC, ki je na voljo izklju\u010dno pri Acheterducannabis, je idealna izbira za vrhunsko izku\u0161njo s konopljo.<\/p>","protected":false},"excerpt":{"rendered":"<p><strong>THC:<\/strong> 60%<\/p>\n<p><strong>Zdravstveni u\u010dinki:<\/strong><br \/> Idealen za vse, ki \u017eelijo zmanj\u0161ati stres in anksioznost ter spro\u0161\u010deno delovati.<\/p>","protected":false},"featured_media":1460,"comment_status":"closed","ping_status":"closed","template":"","meta":{"site-sidebar-layout":"default","site-content-layout":"","ast-site-content-layout":"","site-content-style":"default","site-sidebar-style":"default","ast-global-header-display":"","ast-banner-title-visibility":"","ast-main-header-display":"","ast-hfb-above-header-display":"","ast-hfb-below-header-display":"","ast-hfb-mobile-header-display":"","site-post-title":"","ast-breadcrumbs-content":"","ast-featured-img":"","footer-sml-layout":"","theme-transparent-header-meta":"","adv-header-id-meta":"","stick-header-meta":"","header-above-stick-meta":"","header-main-stick-meta":"","header-below-stick-meta":"","astra-migrate-meta-layouts":"default","ast-page-background-enabled":"default","ast-page-background-meta":{"desktop":{"background-color":"","background-image":"","background-repeat":"repeat","background-position":"center center","background-size":"auto","background-attachment":"scroll","background-type":"","background-media":"","overlay-type":"","overlay-color":"","overlay-opacity":"","overlay-gradient":""},"tablet":{"background-color":"","background-image":"","background-repeat":"repeat","background-position":"center center","background-size":"auto","background-attachment":"scroll","background-type":"","background-media":"","overlay-type":"","overlay-color":"","overlay-opacity":"","overlay-gradient":""},"mobile":{"background-color":"","background-image":"","background-repeat":"repeat","background-position":"center center","background-size":"auto","background-attachment":"scroll","background-type":"","background-media":"","overlay-type":"","overlay-color":"","overlay-opacity":"","overlay-gradient":""}},"ast-content-background-meta":{"desktop":{"background-color":"var(--ast-global-color-5)","background-image":"","background-repeat":"repeat","background-position":"center center","background-size":"auto","background-attachment":"scroll","background-type":"","background-media":"","overlay-type":"","overlay-color":"","overlay-opacity":"","overlay-gradient":""},"tablet":{"background-color":"var(--ast-global-color-5)","background-image":"","background-repeat":"repeat","background-position":"center center","background-size":"auto","background-attachment":"scroll","background-type":"","background-media":"","overlay-type":"","overlay-color":"","overlay-opacity":"","overlay-gradient":""},"mobile":{"background-color":"var(--ast-global-color-5)","background-image":"","background-repeat":"repeat","background-position":"center center","background-size":"auto","background-attachment":"scroll","background-type":"","background-media":"","overlay-type":"","overlay-color":"","overlay-opacity":"","overlay-gradient":""}},"_joinchat":[]},"product_brand":[],"product_cat":[36],"product_tag":[],"class_list":{"0":"post-1445","1":"product","2":"type-product","3":"status-publish","4":"has-post-thumbnail","6":"product_cat-huile-thc","7":"desktop-align-left","8":"tablet-align-left","9":"mobile-align-left","11":"first","12":"instock","13":"shipping-taxable","14":"purchasable","15":"product-type-variable"},"yoast_head":"<!-- This site is optimized with the Yoast SEO Premium plugin v24.1 (Yoast SEO v26.8) - https:\/\/yoast.com\/product\/yoast-seo-premium-wordpress\/ -->\n<title>Huile de miel Dabber&rsquo;s Delight OG Kush - Beuh Paradis<\/title>\n<meta name=\"robots\" content=\"index, follow, max-snippet:-1, max-image-preview:large, max-video-preview:-1\" \/>\n<link rel=\"canonical\" href=\"https:\/\/beuhparadis.com\/sl\/product\/huile-de-miel-dabbers-delight-og-kush\/\" \/>\n<meta property=\"og:locale\" content=\"sl_SI\" \/>\n<meta property=\"og:type\" content=\"article\" \/>\n<meta property=\"og:title\" content=\"Huile de miel Dabber&rsquo;s Delight OG Kush\" \/>\n<meta property=\"og:description\" content=\"THC: 60% Effets M\u00e9dicaux: Parfait pour ceux qui cherchent \u00e0 soulager le stress, l&rsquo;anxi\u00e9t\u00e9 et \u00e0 induire la relaxation.\" \/>\n<meta property=\"og:url\" content=\"https:\/\/beuhparadis.com\/sl\/product\/huile-de-miel-dabbers-delight-og-kush\/\" \/>\n<meta property=\"og:site_name\" content=\"Beuh Paradis\" \/>\n<meta property=\"article:modified_time\" content=\"2024-12-10T23:41:00+00:00\" \/>\n<meta name=\"twitter:card\" content=\"summary_large_image\" \/>\n<meta name=\"twitter:label1\" content=\"Est. reading time\" \/>\n\t<meta name=\"twitter:data1\" content=\"2 minutes\" \/>\n<script type=\"application\/ld+json\" class=\"yoast-schema-graph\">{\"@context\":\"https:\/\/schema.org\",\"@graph\":[{\"@type\":\"WebPage\",\"@id\":\"https:\/\/beuhparadis.com\/product\/huile-de-miel-dabbers-delight-og-kush\/\",\"url\":\"https:\/\/beuhparadis.com\/product\/huile-de-miel-dabbers-delight-og-kush\/\",\"name\":\"Huile de miel Dabber&rsquo;s Delight OG Kush - Beuh Paradis\",\"isPartOf\":{\"@id\":\"https:\/\/beuhparadis.com\/#website\"},\"primaryImageOfPage\":{\"@id\":\"https:\/\/beuhparadis.com\/product\/huile-de-miel-dabbers-delight-og-kush\/#primaryimage\"},\"image\":{\"@id\":\"https:\/\/beuhparadis.com\/product\/huile-de-miel-dabbers-delight-og-kush\/#primaryimage\"},\"thumbnailUrl\":\"https:\/\/beuhparadis.com\/wp-content\/uploads\/2024\/12\/Dabbers-Delight-OG-Kush-Honey-Oil.webp\",\"datePublished\":\"2024-12-10T23:40:47+00:00\",\"dateModified\":\"2024-12-10T23:41:00+00:00\",\"breadcrumb\":{\"@id\":\"https:\/\/beuhparadis.com\/product\/huile-de-miel-dabbers-delight-og-kush\/#breadcrumb\"},\"inLanguage\":\"sl-SI\",\"potentialAction\":[{\"@type\":\"ReadAction\",\"target\":[\"https:\/\/beuhparadis.com\/product\/huile-de-miel-dabbers-delight-og-kush\/\"]}]},{\"@type\":\"ImageObject\",\"inLanguage\":\"sl-SI\",\"@id\":\"https:\/\/beuhparadis.com\/product\/huile-de-miel-dabbers-delight-og-kush\/#primaryimage\",\"url\":\"https:\/\/beuhparadis.com\/wp-content\/uploads\/2024\/12\/Dabbers-Delight-OG-Kush-Honey-Oil.webp\",\"contentUrl\":\"https:\/\/beuhparadis.com\/wp-content\/uploads\/2024\/12\/Dabbers-Delight-OG-Kush-Honey-Oil.webp\",\"width\":1000,\"height\":1000},{\"@type\":\"BreadcrumbList\",\"@id\":\"https:\/\/beuhparadis.com\/product\/huile-de-miel-dabbers-delight-og-kush\/#breadcrumb\",\"itemListElement\":[{\"@type\":\"ListItem\",\"position\":1,\"name\":\"Home\",\"item\":\"https:\/\/beuhparadis.com\/\"},{\"@type\":\"ListItem\",\"position\":2,\"name\":\"Shop\",\"item\":\"https:\/\/beuhparadis.com\/shop\/\"},{\"@type\":\"ListItem\",\"position\":3,\"name\":\"Huile de miel Dabber&rsquo;s Delight OG Kush\"}]},{\"@type\":\"WebSite\",\"@id\":\"https:\/\/beuhparadis.com\/#website\",\"url\":\"https:\/\/beuhparadis.com\/\",\"name\":\"Beuh Paradis\",\"description\":\"\",\"potentialAction\":[{\"@type\":\"SearchAction\",\"target\":{\"@type\":\"EntryPoint\",\"urlTemplate\":\"https:\/\/beuhparadis.com\/?s={search_term_string}\"},\"query-input\":{\"@type\":\"PropertyValueSpecification\",\"valueRequired\":true,\"valueName\":\"search_term_string\"}}],\"inLanguage\":\"sl-SI\"}]}<\/script>\n<!-- \/ Yoast SEO Premium plugin. -->","yoast_head_json":{"title":"Dabber's Delight OG Kush Honey Oil - Beuh Paradis","robots":{"index":"index","follow":"follow","max-snippet":"max-snippet:-1","max-image-preview":"max-image-preview:large","max-video-preview":"max-video-preview:-1"},"canonical":"https:\/\/beuhparadis.com\/sl\/product\/huile-de-miel-dabbers-delight-og-kush\/","og_locale":"sl_SI","og_type":"article","og_title":"Huile de miel Dabber&rsquo;s Delight OG Kush","og_description":"THC: 60% Effets M\u00e9dicaux: Parfait pour ceux qui cherchent \u00e0 soulager le stress, l&rsquo;anxi\u00e9t\u00e9 et \u00e0 induire la relaxation.","og_url":"https:\/\/beuhparadis.com\/sl\/product\/huile-de-miel-dabbers-delight-og-kush\/","og_site_name":"Beuh Paradis","article_modified_time":"2024-12-10T23:41:00+00:00","twitter_card":"summary_large_image","twitter_misc":{"Est. reading time":"2 minutes"},"schema":{"@context":"https:\/\/schema.org","@graph":[{"@type":"WebPage","@id":"https:\/\/beuhparadis.com\/product\/huile-de-miel-dabbers-delight-og-kush\/","url":"https:\/\/beuhparadis.com\/product\/huile-de-miel-dabbers-delight-og-kush\/","name":"Dabber's Delight OG Kush Honey Oil - Beuh Paradis","isPartOf":{"@id":"https:\/\/beuhparadis.com\/#website"},"primaryImageOfPage":{"@id":"https:\/\/beuhparadis.com\/product\/huile-de-miel-dabbers-delight-og-kush\/#primaryimage"},"image":{"@id":"https:\/\/beuhparadis.com\/product\/huile-de-miel-dabbers-delight-og-kush\/#primaryimage"},"thumbnailUrl":"https:\/\/beuhparadis.com\/wp-content\/uploads\/2024\/12\/Dabbers-Delight-OG-Kush-Honey-Oil.webp","datePublished":"2024-12-10T23:40:47+00:00","dateModified":"2024-12-10T23:41:00+00:00","breadcrumb":{"@id":"https:\/\/beuhparadis.com\/product\/huile-de-miel-dabbers-delight-og-kush\/#breadcrumb"},"inLanguage":"sl-SI","potentialAction":[{"@type":"ReadAction","target":["https:\/\/beuhparadis.com\/product\/huile-de-miel-dabbers-delight-og-kush\/"]}]},{"@type":"ImageObject","inLanguage":"sl-SI","@id":"https:\/\/beuhparadis.com\/product\/huile-de-miel-dabbers-delight-og-kush\/#primaryimage","url":"https:\/\/beuhparadis.com\/wp-content\/uploads\/2024\/12\/Dabbers-Delight-OG-Kush-Honey-Oil.webp","contentUrl":"https:\/\/beuhparadis.com\/wp-content\/uploads\/2024\/12\/Dabbers-Delight-OG-Kush-Honey-Oil.webp","width":1000,"height":1000},{"@type":"BreadcrumbList","@id":"https:\/\/beuhparadis.com\/product\/huile-de-miel-dabbers-delight-og-kush\/#breadcrumb","itemListElement":[{"@type":"ListItem","position":1,"name":"Home","item":"https:\/\/beuhparadis.com\/"},{"@type":"ListItem","position":2,"name":"Shop","item":"https:\/\/beuhparadis.com\/shop\/"},{"@type":"ListItem","position":3,"name":"Huile de miel Dabber&rsquo;s Delight OG Kush"}]},{"@type":"WebSite","@id":"https:\/\/beuhparadis.com\/#website","url":"https:\/\/beuhparadis.com\/","name":"Beuh Paradis","description":"","potentialAction":[{"@type":"SearchAction","target":{"@type":"EntryPoint","urlTemplate":"https:\/\/beuhparadis.com\/?s={search_term_string}"},"query-input":{"@type":"PropertyValueSpecification","valueRequired":true,"valueName":"search_term_string"}}],"inLanguage":"sl-SI"}]}},"_links":{"self":[{"href":"https:\/\/beuhparadis.com\/sl\/wp-json\/wp\/v2\/product\/1445","targetHints":{"allow":["GET"]}}],"collection":[{"href":"https:\/\/beuhparadis.com\/sl\/wp-json\/wp\/v2\/product"}],"about":[{"href":"https:\/\/beuhparadis.com\/sl\/wp-json\/wp\/v2\/types\/product"}],"replies":[{"embeddable":true,"href":"https:\/\/beuhparadis.com\/sl\/wp-json\/wp\/v2\/comments?post=1445"}],"wp:featuredmedia":[{"embeddable":true,"href":"https:\/\/beuhparadis.com\/sl\/wp-json\/wp\/v2\/media\/1460"}],"wp:attachment":[{"href":"https:\/\/beuhparadis.com\/sl\/wp-json\/wp\/v2\/media?parent=1445"}],"wp:term":[{"taxonomy":"product_brand","embeddable":true,"href":"https:\/\/beuhparadis.com\/sl\/wp-json\/wp\/v2\/product_brand?post=1445"},{"taxonomy":"product_cat","embeddable":true,"href":"https:\/\/beuhparadis.com\/sl\/wp-json\/wp\/v2\/product_cat?post=1445"},{"taxonomy":"product_tag","embeddable":true,"href":"https:\/\/beuhparadis.com\/sl\/wp-json\/wp\/v2\/product_tag?post=1445"}],"curies":[{"name":"wp","href":"https:\/\/api.w.org\/{rel}","templated":true}]}}