{"id":1439,"date":"2024-12-10T23:40:47","date_gmt":"2024-12-10T23:40:47","guid":{"rendered":"https:\/\/beuhparadis.com\/?post_type=product&#038;p=1439"},"modified":"2024-12-10T23:41:00","modified_gmt":"2024-12-10T23:41:00","slug":"huile-de-noix-de-coco-gaia-thc-200-mg","status":"publish","type":"product","link":"https:\/\/beuhparadis.com\/sl\/product\/huile-de-noix-de-coco-gaia-thc-200-mg\/","title":{"rendered":"Gaia kokosovo olje THC 200 mg"},"content":{"rendered":"<h1 class=\"wp-block-heading\">Kokosovo olje Gaia<\/h1>\n<p>Odkrijte Gaia Coconut Oil, konopljino olje, obogateno s THC, izdelano iz hladno stiskanega devi\u0161kega kokosovega olja in destilata THC. To kokosovo olje, ki uporablja ekolo\u0161ke sestavine najvi\u0161je kakovosti, je popoln dodatek za vsakodnevno uporabo in ponuja \u0161tevilne koristi za zdravje.<\/p>\n<h2 class=\"wp-block-heading\">Sestava olja THC<\/h2>\n<ul class=\"wp-block-list\">\n<li><strong>Sestavine:<\/strong> Hladno stiskano devi\u0161ko kokosovo olje in destilat THC.<\/li>\n<li><strong>Odmerjanje:<\/strong> 200 mg THC za enostavno vklju\u010ditev v va\u0161o wellness rutino.<\/li>\n<\/ul>\n<h2 class=\"wp-block-heading\">THC in CBD (vklju\u010dno z odstotki)<\/h2>\n<ul class=\"wp-block-list\">\n<li>To olje vsebuje predvsem THC, z natan\u010dnim odmerkom <strong>200 mg<\/strong> za vsako posodo. Dele\u017e CBD je minimalen ali ga sploh ni, kar poudarja u\u010dinke THC.<\/li>\n<\/ul>\n<h2 class=\"wp-block-heading\">Kje lahko kupim Gaia Coconut Oil na spletu?<\/h2>\n<p>Kokosovo olje Gaia je na voljo na spletu na <strong>Nakup konoplje<\/strong>kjer lahko u\u017eivate v zagotovljeni kakovosti in zanesljivi dostavi.<\/p>\n<h2 class=\"wp-block-heading\">U\u010dinki, vonj in okus<\/h2>\n<h3 class=\"wp-block-heading\">U\u010dinek<\/h3>\n<ul class=\"wp-block-list\">\n<li>Zagotavlja ob\u010dutek dobrega po\u010dutja in spro\u0161\u010denosti, kot nala\u0161\u010d za vsakdanjo uporabo.<\/li>\n<\/ul>\n<h3 class=\"wp-block-heading\">Aroma in okus<\/h3>\n<ul class=\"wp-block-list\">\n<li>U\u017eivajte v naravno sladkih tropskih notah kokosovega olja brez dodanih umetnih arom.<\/li>\n<\/ul>\n<h2 class=\"wp-block-heading\">Zdravstveni u\u010dinki<\/h2>\n<ul class=\"wp-block-list\">\n<li>Kokosovo olje je znano po svojih zdravilnih u\u010dinkih, zlasti na podro\u010dju spro\u0161\u010danja in izbolj\u0161anja splo\u0161nega po\u010dutja.<\/li>\n<\/ul>\n<h3 class=\"wp-block-heading\">Lahko olaj\u0161a<\/h3>\n<ul class=\"wp-block-list\">\n<li>Stres, tesnoba, blage bole\u010dine, izbolj\u0161ano spanje.<\/li>\n<\/ul>\n<h2 class=\"wp-block-heading\">Izbira pravega olja THC<\/h2>\n<p>\u010ce i\u0161\u010dete naravno in organsko re\u0161itev za vklju\u010ditev THC v rutinsko nego ko\u017ee, izberite kokosovo olje Gaia.<\/p>\n<h2 class=\"wp-block-heading\">Uporaba kokosovega olja Gaia THC<\/h2>\n<p>Zaradi kokosovega olja je odli\u010den za uporabo v kulinariki, kot prehransko dopolnilo ali za nanos na ko\u017eo.<\/p>\n<h2 class=\"wp-block-heading\">Kako shranjevati olje THC?<\/h2>\n<p>Olje hranite v hladnem in temnem prostoru, da ohranite njegovo sve\u017eino in mo\u010d.<\/p>\n<h2 class=\"wp-block-heading\">Zakaj kupiti Gaia kokosovo olje od Acheterducannabis?<\/h2>\n<p><a href=\"https:\/\/acheterducannabis.fr\/\" data-type=\"link\" data-id=\"https:\/\/acheterducannabis.fr\/\">Nakup konoplje<\/a> je zavezan k zagotavljanju izdelkov najvi\u0161je kakovosti s hitro in varno dostavo za optimalno zadovoljstvo strank.<\/p>\n<h2 class=\"wp-block-heading\">Vladni zakon o prodaji olja THC v Evropi<\/h2>\n<p>Prodaja in u\u017eivanje olja s THC, vklju\u010dno s kokosovim oljem Gaia, sta v Evropi regulirana. Pred nakupom je priporo\u010dljivo preveriti lokalne zakone.<\/p>\n<p>Kokosovo olje Gaia je idealna re\u0161itev za tiste, ki \u017eelijo u\u017eivati prednosti THC in hkrati izkoristiti naravne prednosti kokosovega olja. To olje je na voljo izklju\u010dno pri Acheterducannabis in omogo\u010da, da konopljo na zdrav in naraven na\u010din enostavno vklju\u010dite v svoj vsakdan.<\/p>","protected":false},"excerpt":{"rendered":"<p><strong>THC:<\/strong> 60%<br \/> <strong>Zdravstveni u\u010dinki:<\/strong><br \/> Kokosovo olje je znano po svojih zdravilnih u\u010dinkih, zlasti na podro\u010dju spro\u0161\u010danja in izbolj\u0161anja splo\u0161nega po\u010dutja.<\/p>","protected":false},"featured_media":1459,"comment_status":"closed","ping_status":"closed","template":"","meta":{"site-sidebar-layout":"default","site-content-layout":"","ast-site-content-layout":"","site-content-style":"default","site-sidebar-style":"default","ast-global-header-display":"","ast-banner-title-visibility":"","ast-main-header-display":"","ast-hfb-above-header-display":"","ast-hfb-below-header-display":"","ast-hfb-mobile-header-display":"","site-post-title":"","ast-breadcrumbs-content":"","ast-featured-img":"","footer-sml-layout":"","theme-transparent-header-meta":"","adv-header-id-meta":"","stick-header-meta":"","header-above-stick-meta":"","header-main-stick-meta":"","header-below-stick-meta":"","astra-migrate-meta-layouts":"default","ast-page-background-enabled":"default","ast-page-background-meta":{"desktop":{"background-color":"","background-image":"","background-repeat":"repeat","background-position":"center center","background-size":"auto","background-attachment":"scroll","background-type":"","background-media":"","overlay-type":"","overlay-color":"","overlay-opacity":"","overlay-gradient":""},"tablet":{"background-color":"","background-image":"","background-repeat":"repeat","background-position":"center center","background-size":"auto","background-attachment":"scroll","background-type":"","background-media":"","overlay-type":"","overlay-color":"","overlay-opacity":"","overlay-gradient":""},"mobile":{"background-color":"","background-image":"","background-repeat":"repeat","background-position":"center center","background-size":"auto","background-attachment":"scroll","background-type":"","background-media":"","overlay-type":"","overlay-color":"","overlay-opacity":"","overlay-gradient":""}},"ast-content-background-meta":{"desktop":{"background-color":"var(--ast-global-color-5)","background-image":"","background-repeat":"repeat","background-position":"center center","background-size":"auto","background-attachment":"scroll","background-type":"","background-media":"","overlay-type":"","overlay-color":"","overlay-opacity":"","overlay-gradient":""},"tablet":{"background-color":"var(--ast-global-color-5)","background-image":"","background-repeat":"repeat","background-position":"center center","background-size":"auto","background-attachment":"scroll","background-type":"","background-media":"","overlay-type":"","overlay-color":"","overlay-opacity":"","overlay-gradient":""},"mobile":{"background-color":"var(--ast-global-color-5)","background-image":"","background-repeat":"repeat","background-position":"center center","background-size":"auto","background-attachment":"scroll","background-type":"","background-media":"","overlay-type":"","overlay-color":"","overlay-opacity":"","overlay-gradient":""}},"_joinchat":[]},"product_brand":[],"product_cat":[36],"product_tag":[],"class_list":{"0":"post-1439","1":"product","2":"type-product","3":"status-publish","4":"has-post-thumbnail","6":"product_cat-huile-thc","7":"desktop-align-left","8":"tablet-align-left","9":"mobile-align-left","11":"first","12":"instock","13":"shipping-taxable","14":"purchasable","15":"product-type-variable"},"yoast_head":"<!-- This site is optimized with the Yoast SEO Premium plugin v24.1 (Yoast SEO v26.8) - https:\/\/yoast.com\/product\/yoast-seo-premium-wordpress\/ -->\n<title>Huile de noix de coco Gaia THC 200 mg - Beuh Paradis<\/title>\n<meta name=\"robots\" content=\"index, follow, max-snippet:-1, max-image-preview:large, max-video-preview:-1\" \/>\n<link rel=\"canonical\" href=\"https:\/\/beuhparadis.com\/sl\/product\/huile-de-noix-de-coco-gaia-thc-200-mg\/\" \/>\n<meta property=\"og:locale\" content=\"sl_SI\" \/>\n<meta property=\"og:type\" content=\"article\" \/>\n<meta property=\"og:title\" content=\"Huile de noix de coco Gaia THC 200 mg\" \/>\n<meta property=\"og:description\" content=\"THC: 60% Effets M\u00e9dicaux: Cette huile de noix de coco est r\u00e9put\u00e9e pour ses bienfaits sur la sant\u00e9, notamment en termes de relaxation et d&rsquo;am\u00e9lioration du bien-\u00eatre g\u00e9n\u00e9ral.\" \/>\n<meta property=\"og:url\" content=\"https:\/\/beuhparadis.com\/sl\/product\/huile-de-noix-de-coco-gaia-thc-200-mg\/\" \/>\n<meta property=\"og:site_name\" content=\"Beuh Paradis\" \/>\n<meta property=\"article:modified_time\" content=\"2024-12-10T23:41:00+00:00\" \/>\n<meta name=\"twitter:card\" content=\"summary_large_image\" \/>\n<meta name=\"twitter:label1\" content=\"Est. reading time\" \/>\n\t<meta name=\"twitter:data1\" content=\"3 minutes\" \/>\n<script type=\"application\/ld+json\" class=\"yoast-schema-graph\">{\"@context\":\"https:\/\/schema.org\",\"@graph\":[{\"@type\":\"WebPage\",\"@id\":\"https:\/\/beuhparadis.com\/product\/huile-de-noix-de-coco-gaia-thc-200-mg\/\",\"url\":\"https:\/\/beuhparadis.com\/product\/huile-de-noix-de-coco-gaia-thc-200-mg\/\",\"name\":\"Huile de noix de coco Gaia THC 200 mg - Beuh Paradis\",\"isPartOf\":{\"@id\":\"https:\/\/beuhparadis.com\/#website\"},\"primaryImageOfPage\":{\"@id\":\"https:\/\/beuhparadis.com\/product\/huile-de-noix-de-coco-gaia-thc-200-mg\/#primaryimage\"},\"image\":{\"@id\":\"https:\/\/beuhparadis.com\/product\/huile-de-noix-de-coco-gaia-thc-200-mg\/#primaryimage\"},\"thumbnailUrl\":\"https:\/\/beuhparadis.com\/wp-content\/uploads\/2024\/12\/Gaia-THC-Coconut-Oil-200mg.webp\",\"datePublished\":\"2024-12-10T23:40:47+00:00\",\"dateModified\":\"2024-12-10T23:41:00+00:00\",\"breadcrumb\":{\"@id\":\"https:\/\/beuhparadis.com\/product\/huile-de-noix-de-coco-gaia-thc-200-mg\/#breadcrumb\"},\"inLanguage\":\"sl-SI\",\"potentialAction\":[{\"@type\":\"ReadAction\",\"target\":[\"https:\/\/beuhparadis.com\/product\/huile-de-noix-de-coco-gaia-thc-200-mg\/\"]}]},{\"@type\":\"ImageObject\",\"inLanguage\":\"sl-SI\",\"@id\":\"https:\/\/beuhparadis.com\/product\/huile-de-noix-de-coco-gaia-thc-200-mg\/#primaryimage\",\"url\":\"https:\/\/beuhparadis.com\/wp-content\/uploads\/2024\/12\/Gaia-THC-Coconut-Oil-200mg.webp\",\"contentUrl\":\"https:\/\/beuhparadis.com\/wp-content\/uploads\/2024\/12\/Gaia-THC-Coconut-Oil-200mg.webp\",\"width\":1000,\"height\":1000},{\"@type\":\"BreadcrumbList\",\"@id\":\"https:\/\/beuhparadis.com\/product\/huile-de-noix-de-coco-gaia-thc-200-mg\/#breadcrumb\",\"itemListElement\":[{\"@type\":\"ListItem\",\"position\":1,\"name\":\"Home\",\"item\":\"https:\/\/beuhparadis.com\/\"},{\"@type\":\"ListItem\",\"position\":2,\"name\":\"Shop\",\"item\":\"https:\/\/beuhparadis.com\/shop\/\"},{\"@type\":\"ListItem\",\"position\":3,\"name\":\"Huile de noix de coco Gaia THC 200 mg\"}]},{\"@type\":\"WebSite\",\"@id\":\"https:\/\/beuhparadis.com\/#website\",\"url\":\"https:\/\/beuhparadis.com\/\",\"name\":\"Beuh Paradis\",\"description\":\"\",\"potentialAction\":[{\"@type\":\"SearchAction\",\"target\":{\"@type\":\"EntryPoint\",\"urlTemplate\":\"https:\/\/beuhparadis.com\/?s={search_term_string}\"},\"query-input\":{\"@type\":\"PropertyValueSpecification\",\"valueRequired\":true,\"valueName\":\"search_term_string\"}}],\"inLanguage\":\"sl-SI\"}]}<\/script>\n<!-- \/ Yoast SEO Premium plugin. -->","yoast_head_json":{"title":"Gaia kokosovo olje THC 200 mg - Beuh Paradis","robots":{"index":"index","follow":"follow","max-snippet":"max-snippet:-1","max-image-preview":"max-image-preview:large","max-video-preview":"max-video-preview:-1"},"canonical":"https:\/\/beuhparadis.com\/sl\/product\/huile-de-noix-de-coco-gaia-thc-200-mg\/","og_locale":"sl_SI","og_type":"article","og_title":"Huile de noix de coco Gaia THC 200 mg","og_description":"THC: 60% Effets M\u00e9dicaux: Cette huile de noix de coco est r\u00e9put\u00e9e pour ses bienfaits sur la sant\u00e9, notamment en termes de relaxation et d&rsquo;am\u00e9lioration du bien-\u00eatre g\u00e9n\u00e9ral.","og_url":"https:\/\/beuhparadis.com\/sl\/product\/huile-de-noix-de-coco-gaia-thc-200-mg\/","og_site_name":"Beuh Paradis","article_modified_time":"2024-12-10T23:41:00+00:00","twitter_card":"summary_large_image","twitter_misc":{"Est. reading time":"3 minutes"},"schema":{"@context":"https:\/\/schema.org","@graph":[{"@type":"WebPage","@id":"https:\/\/beuhparadis.com\/product\/huile-de-noix-de-coco-gaia-thc-200-mg\/","url":"https:\/\/beuhparadis.com\/product\/huile-de-noix-de-coco-gaia-thc-200-mg\/","name":"Gaia kokosovo olje THC 200 mg - Beuh Paradis","isPartOf":{"@id":"https:\/\/beuhparadis.com\/#website"},"primaryImageOfPage":{"@id":"https:\/\/beuhparadis.com\/product\/huile-de-noix-de-coco-gaia-thc-200-mg\/#primaryimage"},"image":{"@id":"https:\/\/beuhparadis.com\/product\/huile-de-noix-de-coco-gaia-thc-200-mg\/#primaryimage"},"thumbnailUrl":"https:\/\/beuhparadis.com\/wp-content\/uploads\/2024\/12\/Gaia-THC-Coconut-Oil-200mg.webp","datePublished":"2024-12-10T23:40:47+00:00","dateModified":"2024-12-10T23:41:00+00:00","breadcrumb":{"@id":"https:\/\/beuhparadis.com\/product\/huile-de-noix-de-coco-gaia-thc-200-mg\/#breadcrumb"},"inLanguage":"sl-SI","potentialAction":[{"@type":"ReadAction","target":["https:\/\/beuhparadis.com\/product\/huile-de-noix-de-coco-gaia-thc-200-mg\/"]}]},{"@type":"ImageObject","inLanguage":"sl-SI","@id":"https:\/\/beuhparadis.com\/product\/huile-de-noix-de-coco-gaia-thc-200-mg\/#primaryimage","url":"https:\/\/beuhparadis.com\/wp-content\/uploads\/2024\/12\/Gaia-THC-Coconut-Oil-200mg.webp","contentUrl":"https:\/\/beuhparadis.com\/wp-content\/uploads\/2024\/12\/Gaia-THC-Coconut-Oil-200mg.webp","width":1000,"height":1000},{"@type":"BreadcrumbList","@id":"https:\/\/beuhparadis.com\/product\/huile-de-noix-de-coco-gaia-thc-200-mg\/#breadcrumb","itemListElement":[{"@type":"ListItem","position":1,"name":"Home","item":"https:\/\/beuhparadis.com\/"},{"@type":"ListItem","position":2,"name":"Shop","item":"https:\/\/beuhparadis.com\/shop\/"},{"@type":"ListItem","position":3,"name":"Huile de noix de coco Gaia THC 200 mg"}]},{"@type":"WebSite","@id":"https:\/\/beuhparadis.com\/#website","url":"https:\/\/beuhparadis.com\/","name":"Beuh Paradis","description":"","potentialAction":[{"@type":"SearchAction","target":{"@type":"EntryPoint","urlTemplate":"https:\/\/beuhparadis.com\/?s={search_term_string}"},"query-input":{"@type":"PropertyValueSpecification","valueRequired":true,"valueName":"search_term_string"}}],"inLanguage":"sl-SI"}]}},"_links":{"self":[{"href":"https:\/\/beuhparadis.com\/sl\/wp-json\/wp\/v2\/product\/1439","targetHints":{"allow":["GET"]}}],"collection":[{"href":"https:\/\/beuhparadis.com\/sl\/wp-json\/wp\/v2\/product"}],"about":[{"href":"https:\/\/beuhparadis.com\/sl\/wp-json\/wp\/v2\/types\/product"}],"replies":[{"embeddable":true,"href":"https:\/\/beuhparadis.com\/sl\/wp-json\/wp\/v2\/comments?post=1439"}],"wp:featuredmedia":[{"embeddable":true,"href":"https:\/\/beuhparadis.com\/sl\/wp-json\/wp\/v2\/media\/1459"}],"wp:attachment":[{"href":"https:\/\/beuhparadis.com\/sl\/wp-json\/wp\/v2\/media?parent=1439"}],"wp:term":[{"taxonomy":"product_brand","embeddable":true,"href":"https:\/\/beuhparadis.com\/sl\/wp-json\/wp\/v2\/product_brand?post=1439"},{"taxonomy":"product_cat","embeddable":true,"href":"https:\/\/beuhparadis.com\/sl\/wp-json\/wp\/v2\/product_cat?post=1439"},{"taxonomy":"product_tag","embeddable":true,"href":"https:\/\/beuhparadis.com\/sl\/wp-json\/wp\/v2\/product_tag?post=1439"}],"curies":[{"name":"wp","href":"https:\/\/api.w.org\/{rel}","templated":true}]}}