{"id":1433,"date":"2024-12-10T23:40:47","date_gmt":"2024-12-10T23:40:47","guid":{"rendered":"https:\/\/beuhparadis.com\/?post_type=product&#038;p=1433"},"modified":"2024-12-10T23:41:00","modified_gmt":"2024-12-10T23:41:00","slug":"huile-gaia-wellness-indica-rso-1-ml","status":"publish","type":"product","link":"https:\/\/beuhparadis.com\/sl\/product\/huile-gaia-wellness-indica-rso-1-ml\/","title":{"rendered":"Gaia Wellness Indica Oil RSO 1 ml"},"content":{"rendered":"<h1 class=\"wp-block-heading\">Nakup Gaia Wellness Indica Oil RSO<\/h1>\n<p>Odkrijte Gaia Wellness Indica RSO, zelo u\u010dinkovit izvle\u010dek celotnega spektra, znan tudi kot Phoenix Tears. To olje, proizvedeno iz rastline konoplje, zajame vse medicinsko koristne kanabinoide in tako ustvari mo\u010dno in u\u010dinkovito zdravilo za oralno u\u017eivanje.<\/p>\n<h2 class=\"wp-block-heading\">Sestava olja THC<\/h2>\n<ul class=\"wp-block-list\">\n<li><strong>Sestavine:<\/strong> Izvle\u010dek celotnega spektra, bogat z zdravilno koristnimi kanabinoidi.<\/li>\n<li><strong>Odmerjanje:<\/strong> 1 ml, pri \u010demer se priporo\u010da postopna uporaba, za\u010den\u0161i z odmerkom, velikim kot pol ri\u017eevega zrna.<\/li>\n<\/ul>\n<h2 class=\"wp-block-heading\">THC in CBD (vklju\u010dno z odstotki)<\/h2>\n<p>Gaia Wellness Indica RSO slovi po visoki koncentraciji THC, ki je bistvena za njeno zdravilno u\u010dinkovitost. Posebni odstotki THC in CBD so prilagojeni za pove\u010danje terapevtskih koristi.<\/p>\n<h2 class=\"wp-block-heading\">Kje lahko na spletu kupim olje Gaia Wellness Indica RSO?<\/h2>\n<p>Gaia Wellness Indica RSO je na voljo na spletu <a href=\"https:\/\/acheterducannabis.fr\/\" data-type=\"link\" data-id=\"https:\/\/acheterducannabis.fr\/\">Nakup konoplje<\/a>z zagotovljeno kakovostjo in zanesljivo dobavo v Evropi.<\/p>\n<h2 class=\"wp-block-heading\">U\u010dinki, vonj in okus<\/h2>\n<h3 class=\"wp-block-heading\">U\u010dinek<\/h3>\n<ul class=\"wp-block-list\">\n<li>Zagotavlja globoko olaj\u0161anje in sprostitev, idealno za stres, tesnobo, mi\u0161i\u010dne kr\u010de, nespe\u010dnost, napade in glavobole.<\/li>\n<\/ul>\n<h3 class=\"wp-block-heading\">Aroma in okus<\/h3>\n<ul class=\"wp-block-list\">\n<li>Za aromo in okus so zna\u010dilne globoke, zemeljske note, ki so zna\u010dilne za sorte Indica.<\/li>\n<\/ul>\n<h2 class=\"wp-block-heading\">Zdravstveni u\u010dinki<\/h2>\n<ul class=\"wp-block-list\">\n<li>\u0160e posebej koristna je za ljudi, ki trpijo zaradi hudih bolezni, kroni\u010dnih bole\u010din in razli\u010dnih obolenj.<\/li>\n<\/ul>\n<h3 class=\"wp-block-heading\">Lahko olaj\u0161a<\/h3>\n<ul class=\"wp-block-list\">\n<li>Bole\u010dina, tesnoba, nespe\u010dnost, mi\u0161i\u010dni kr\u010di, napadi, glavoboli.<\/li>\n<\/ul>\n<h2 class=\"wp-block-heading\">Izbira pravega olja THC<\/h2>\n<p>Olje RSO Indica Oil je priporo\u010dljivo za tiste, ki i\u0161\u010dejo globoke pomirjevalne in sedativne u\u010dinke sevov Indica.<\/p>\n<h2 class=\"wp-block-heading\">Uporaba olja Gaia Wellness Indica Oil RSO THC<\/h2>\n<p>Peroralno u\u017eivanje, nana\u0161anje na ko\u017eo z razred\u010denimi snovmi ali dodajanje v u\u017eitne izdelke za vsestransko uporabo.<\/p>\n<h2 class=\"wp-block-heading\">Kako shranjevati olje THC?<\/h2>\n<p>Za ohranjanje mo\u010di in sve\u017eine shranjujte v hladnem in temnem prostoru.<\/p>\n<h2 class=\"wp-block-heading\">Zakaj kupiti Gaia Wellness Indica RSO pri Acheterducannabis?<\/h2>\n<p>Acheterducannabis slovi po visoki kakovosti svojih izdelkov in zagotavlja popolno zadovoljstvo strank.<\/p>\n<h2 class=\"wp-block-heading\">Vladni zakon o prodaji olja THC v Evropi<\/h2>\n<p>Prodaja in u\u017eivanje olja THC, vklju\u010dno z oljem Gaia Wellness Indica RSO, sta v Evropi regulirana. Pomembno je, da se pred nakupom pozanimate o lokalni zakonodaji.<\/p>\n<p>Olje Gaia Wellness Indica RSO je u\u010dinkovita re\u0161itev za tiste, ki i\u0161\u010dejo naravno in u\u010dinkovito zdravljenje razli\u010dnih zdravstvenih te\u017eav. To olje RSO, ki je na voljo izklju\u010dno pri Acheterducannabis, ponuja terapevtski pristop tistim, ki \u017eelijo izbolj\u0161ati kakovost svojega \u017eivljenja s pomo\u010djo zdravilnega potenciala konoplje.<\/p>","protected":false},"excerpt":{"rendered":"<p><strong>THC:<\/strong> 82%<\/p>\n<p><strong>Zdravstveni u\u010dinki:<\/strong><br \/> \u0160e posebej koristna je za ljudi, ki trpijo zaradi hudih bolezni, kroni\u010dnih bole\u010din in razli\u010dnih obolenj.<\/p>","protected":false},"featured_media":1458,"comment_status":"closed","ping_status":"closed","template":"","meta":{"site-sidebar-layout":"default","site-content-layout":"","ast-site-content-layout":"","site-content-style":"default","site-sidebar-style":"default","ast-global-header-display":"","ast-banner-title-visibility":"","ast-main-header-display":"","ast-hfb-above-header-display":"","ast-hfb-below-header-display":"","ast-hfb-mobile-header-display":"","site-post-title":"","ast-breadcrumbs-content":"","ast-featured-img":"","footer-sml-layout":"","theme-transparent-header-meta":"","adv-header-id-meta":"","stick-header-meta":"","header-above-stick-meta":"","header-main-stick-meta":"","header-below-stick-meta":"","astra-migrate-meta-layouts":"default","ast-page-background-enabled":"default","ast-page-background-meta":{"desktop":{"background-color":"","background-image":"","background-repeat":"repeat","background-position":"center center","background-size":"auto","background-attachment":"scroll","background-type":"","background-media":"","overlay-type":"","overlay-color":"","overlay-opacity":"","overlay-gradient":""},"tablet":{"background-color":"","background-image":"","background-repeat":"repeat","background-position":"center center","background-size":"auto","background-attachment":"scroll","background-type":"","background-media":"","overlay-type":"","overlay-color":"","overlay-opacity":"","overlay-gradient":""},"mobile":{"background-color":"","background-image":"","background-repeat":"repeat","background-position":"center center","background-size":"auto","background-attachment":"scroll","background-type":"","background-media":"","overlay-type":"","overlay-color":"","overlay-opacity":"","overlay-gradient":""}},"ast-content-background-meta":{"desktop":{"background-color":"var(--ast-global-color-5)","background-image":"","background-repeat":"repeat","background-position":"center center","background-size":"auto","background-attachment":"scroll","background-type":"","background-media":"","overlay-type":"","overlay-color":"","overlay-opacity":"","overlay-gradient":""},"tablet":{"background-color":"var(--ast-global-color-5)","background-image":"","background-repeat":"repeat","background-position":"center center","background-size":"auto","background-attachment":"scroll","background-type":"","background-media":"","overlay-type":"","overlay-color":"","overlay-opacity":"","overlay-gradient":""},"mobile":{"background-color":"var(--ast-global-color-5)","background-image":"","background-repeat":"repeat","background-position":"center center","background-size":"auto","background-attachment":"scroll","background-type":"","background-media":"","overlay-type":"","overlay-color":"","overlay-opacity":"","overlay-gradient":""}},"_joinchat":[]},"product_brand":[],"product_cat":[36],"product_tag":[],"class_list":{"0":"post-1433","1":"product","2":"type-product","3":"status-publish","4":"has-post-thumbnail","6":"product_cat-huile-thc","7":"desktop-align-left","8":"tablet-align-left","9":"mobile-align-left","11":"first","12":"instock","13":"shipping-taxable","14":"purchasable","15":"product-type-variable"},"yoast_head":"<!-- This site is optimized with the Yoast SEO Premium plugin v24.1 (Yoast SEO v26.8) - https:\/\/yoast.com\/product\/yoast-seo-premium-wordpress\/ -->\n<title>Huile Gaia Wellness Indica RSO 1 ml - Beuh Paradis<\/title>\n<meta name=\"robots\" content=\"index, follow, max-snippet:-1, max-image-preview:large, max-video-preview:-1\" \/>\n<link rel=\"canonical\" href=\"https:\/\/beuhparadis.com\/sl\/product\/huile-gaia-wellness-indica-rso-1-ml\/\" \/>\n<meta property=\"og:locale\" content=\"sl_SI\" \/>\n<meta property=\"og:type\" content=\"article\" \/>\n<meta property=\"og:title\" content=\"Huile Gaia Wellness Indica RSO 1 ml\" \/>\n<meta property=\"og:description\" content=\"THC: 82% Effets M\u00e9dicaux: Particuli\u00e8rement b\u00e9n\u00e9fique pour les personnes souffrant de maladies graves, de douleurs chroniques et diverses affections.\" \/>\n<meta property=\"og:url\" content=\"https:\/\/beuhparadis.com\/sl\/product\/huile-gaia-wellness-indica-rso-1-ml\/\" \/>\n<meta property=\"og:site_name\" content=\"Beuh Paradis\" \/>\n<meta property=\"article:modified_time\" content=\"2024-12-10T23:41:00+00:00\" \/>\n<meta name=\"twitter:card\" content=\"summary_large_image\" \/>\n<meta name=\"twitter:label1\" content=\"Est. reading time\" \/>\n\t<meta name=\"twitter:data1\" content=\"2 minutes\" \/>\n<script type=\"application\/ld+json\" class=\"yoast-schema-graph\">{\"@context\":\"https:\/\/schema.org\",\"@graph\":[{\"@type\":\"WebPage\",\"@id\":\"https:\/\/beuhparadis.com\/product\/huile-gaia-wellness-indica-rso-1-ml\/\",\"url\":\"https:\/\/beuhparadis.com\/product\/huile-gaia-wellness-indica-rso-1-ml\/\",\"name\":\"Huile Gaia Wellness Indica RSO 1 ml - Beuh Paradis\",\"isPartOf\":{\"@id\":\"https:\/\/beuhparadis.com\/#website\"},\"primaryImageOfPage\":{\"@id\":\"https:\/\/beuhparadis.com\/product\/huile-gaia-wellness-indica-rso-1-ml\/#primaryimage\"},\"image\":{\"@id\":\"https:\/\/beuhparadis.com\/product\/huile-gaia-wellness-indica-rso-1-ml\/#primaryimage\"},\"thumbnailUrl\":\"https:\/\/beuhparadis.com\/wp-content\/uploads\/2024\/12\/Gaia-Wellness-Indica-RSO-Oil-1ml.webp\",\"datePublished\":\"2024-12-10T23:40:47+00:00\",\"dateModified\":\"2024-12-10T23:41:00+00:00\",\"breadcrumb\":{\"@id\":\"https:\/\/beuhparadis.com\/product\/huile-gaia-wellness-indica-rso-1-ml\/#breadcrumb\"},\"inLanguage\":\"sl-SI\",\"potentialAction\":[{\"@type\":\"ReadAction\",\"target\":[\"https:\/\/beuhparadis.com\/product\/huile-gaia-wellness-indica-rso-1-ml\/\"]}]},{\"@type\":\"ImageObject\",\"inLanguage\":\"sl-SI\",\"@id\":\"https:\/\/beuhparadis.com\/product\/huile-gaia-wellness-indica-rso-1-ml\/#primaryimage\",\"url\":\"https:\/\/beuhparadis.com\/wp-content\/uploads\/2024\/12\/Gaia-Wellness-Indica-RSO-Oil-1ml.webp\",\"contentUrl\":\"https:\/\/beuhparadis.com\/wp-content\/uploads\/2024\/12\/Gaia-Wellness-Indica-RSO-Oil-1ml.webp\",\"width\":1000,\"height\":1000},{\"@type\":\"BreadcrumbList\",\"@id\":\"https:\/\/beuhparadis.com\/product\/huile-gaia-wellness-indica-rso-1-ml\/#breadcrumb\",\"itemListElement\":[{\"@type\":\"ListItem\",\"position\":1,\"name\":\"Home\",\"item\":\"https:\/\/beuhparadis.com\/\"},{\"@type\":\"ListItem\",\"position\":2,\"name\":\"Shop\",\"item\":\"https:\/\/beuhparadis.com\/shop\/\"},{\"@type\":\"ListItem\",\"position\":3,\"name\":\"Huile Gaia Wellness Indica RSO 1 ml\"}]},{\"@type\":\"WebSite\",\"@id\":\"https:\/\/beuhparadis.com\/#website\",\"url\":\"https:\/\/beuhparadis.com\/\",\"name\":\"Beuh Paradis\",\"description\":\"\",\"potentialAction\":[{\"@type\":\"SearchAction\",\"target\":{\"@type\":\"EntryPoint\",\"urlTemplate\":\"https:\/\/beuhparadis.com\/?s={search_term_string}\"},\"query-input\":{\"@type\":\"PropertyValueSpecification\",\"valueRequired\":true,\"valueName\":\"search_term_string\"}}],\"inLanguage\":\"sl-SI\"}]}<\/script>\n<!-- \/ Yoast SEO Premium plugin. -->","yoast_head_json":{"title":"Gaia Wellness Indica Oil RSO 1 ml - Beuh Paradis","robots":{"index":"index","follow":"follow","max-snippet":"max-snippet:-1","max-image-preview":"max-image-preview:large","max-video-preview":"max-video-preview:-1"},"canonical":"https:\/\/beuhparadis.com\/sl\/product\/huile-gaia-wellness-indica-rso-1-ml\/","og_locale":"sl_SI","og_type":"article","og_title":"Huile Gaia Wellness Indica RSO 1 ml","og_description":"THC: 82% Effets M\u00e9dicaux: Particuli\u00e8rement b\u00e9n\u00e9fique pour les personnes souffrant de maladies graves, de douleurs chroniques et diverses affections.","og_url":"https:\/\/beuhparadis.com\/sl\/product\/huile-gaia-wellness-indica-rso-1-ml\/","og_site_name":"Beuh Paradis","article_modified_time":"2024-12-10T23:41:00+00:00","twitter_card":"summary_large_image","twitter_misc":{"Est. reading time":"2 minutes"},"schema":{"@context":"https:\/\/schema.org","@graph":[{"@type":"WebPage","@id":"https:\/\/beuhparadis.com\/product\/huile-gaia-wellness-indica-rso-1-ml\/","url":"https:\/\/beuhparadis.com\/product\/huile-gaia-wellness-indica-rso-1-ml\/","name":"Gaia Wellness Indica Oil RSO 1 ml - Beuh Paradis","isPartOf":{"@id":"https:\/\/beuhparadis.com\/#website"},"primaryImageOfPage":{"@id":"https:\/\/beuhparadis.com\/product\/huile-gaia-wellness-indica-rso-1-ml\/#primaryimage"},"image":{"@id":"https:\/\/beuhparadis.com\/product\/huile-gaia-wellness-indica-rso-1-ml\/#primaryimage"},"thumbnailUrl":"https:\/\/beuhparadis.com\/wp-content\/uploads\/2024\/12\/Gaia-Wellness-Indica-RSO-Oil-1ml.webp","datePublished":"2024-12-10T23:40:47+00:00","dateModified":"2024-12-10T23:41:00+00:00","breadcrumb":{"@id":"https:\/\/beuhparadis.com\/product\/huile-gaia-wellness-indica-rso-1-ml\/#breadcrumb"},"inLanguage":"sl-SI","potentialAction":[{"@type":"ReadAction","target":["https:\/\/beuhparadis.com\/product\/huile-gaia-wellness-indica-rso-1-ml\/"]}]},{"@type":"ImageObject","inLanguage":"sl-SI","@id":"https:\/\/beuhparadis.com\/product\/huile-gaia-wellness-indica-rso-1-ml\/#primaryimage","url":"https:\/\/beuhparadis.com\/wp-content\/uploads\/2024\/12\/Gaia-Wellness-Indica-RSO-Oil-1ml.webp","contentUrl":"https:\/\/beuhparadis.com\/wp-content\/uploads\/2024\/12\/Gaia-Wellness-Indica-RSO-Oil-1ml.webp","width":1000,"height":1000},{"@type":"BreadcrumbList","@id":"https:\/\/beuhparadis.com\/product\/huile-gaia-wellness-indica-rso-1-ml\/#breadcrumb","itemListElement":[{"@type":"ListItem","position":1,"name":"Home","item":"https:\/\/beuhparadis.com\/"},{"@type":"ListItem","position":2,"name":"Shop","item":"https:\/\/beuhparadis.com\/shop\/"},{"@type":"ListItem","position":3,"name":"Huile Gaia Wellness Indica RSO 1 ml"}]},{"@type":"WebSite","@id":"https:\/\/beuhparadis.com\/#website","url":"https:\/\/beuhparadis.com\/","name":"Beuh Paradis","description":"","potentialAction":[{"@type":"SearchAction","target":{"@type":"EntryPoint","urlTemplate":"https:\/\/beuhparadis.com\/?s={search_term_string}"},"query-input":{"@type":"PropertyValueSpecification","valueRequired":true,"valueName":"search_term_string"}}],"inLanguage":"sl-SI"}]}},"_links":{"self":[{"href":"https:\/\/beuhparadis.com\/sl\/wp-json\/wp\/v2\/product\/1433","targetHints":{"allow":["GET"]}}],"collection":[{"href":"https:\/\/beuhparadis.com\/sl\/wp-json\/wp\/v2\/product"}],"about":[{"href":"https:\/\/beuhparadis.com\/sl\/wp-json\/wp\/v2\/types\/product"}],"replies":[{"embeddable":true,"href":"https:\/\/beuhparadis.com\/sl\/wp-json\/wp\/v2\/comments?post=1433"}],"wp:featuredmedia":[{"embeddable":true,"href":"https:\/\/beuhparadis.com\/sl\/wp-json\/wp\/v2\/media\/1458"}],"wp:attachment":[{"href":"https:\/\/beuhparadis.com\/sl\/wp-json\/wp\/v2\/media?parent=1433"}],"wp:term":[{"taxonomy":"product_brand","embeddable":true,"href":"https:\/\/beuhparadis.com\/sl\/wp-json\/wp\/v2\/product_brand?post=1433"},{"taxonomy":"product_cat","embeddable":true,"href":"https:\/\/beuhparadis.com\/sl\/wp-json\/wp\/v2\/product_cat?post=1433"},{"taxonomy":"product_tag","embeddable":true,"href":"https:\/\/beuhparadis.com\/sl\/wp-json\/wp\/v2\/product_tag?post=1433"}],"curies":[{"name":"wp","href":"https:\/\/api.w.org\/{rel}","templated":true}]}}