{"id":1386,"date":"2024-12-10T23:40:08","date_gmt":"2024-12-10T23:40:08","guid":{"rendered":"https:\/\/beuhparadis.com\/?post_type=product&#038;p=1386"},"modified":"2024-12-10T23:40:45","modified_gmt":"2024-12-10T23:40:45","slug":"huile-de-miel-sour-diesel-dabbers-delight","status":"publish","type":"product","link":"https:\/\/beuhparadis.com\/sl\/product\/huile-de-miel-sour-diesel-dabbers-delight\/","title":{"rendered":"Medeno olje Sour Diesel Dabber's Delight"},"content":{"rendered":"<h1 class=\"wp-block-heading\">Nakup Sour Diesel Honey Oil Dabber's Delight<\/h1>\n<p>Dabber's Delight Sour Diesel Honey Oil je pridobljeno iz znanega seva konoplje sativa Sour Diesel, kri\u017eanca med Chemdawgom in Super Skunkom. Sour Diesel je postal priljubljen v zgodnjih devetdesetih letih prej\u0161njega stoletja in je znan po svojem ostrem, dizelskemu okusu, \u010deprav je ta aroma v obliki medenega olja manj izrazita. To olje, ki je idealno za dabing in vaping, je na voljo v stekleni brizgi, odporni na visoke temperature, ki je kot nala\u0161\u010d za \u017eeblji\u010dke za dabing.<\/p>\n<h2 class=\"wp-block-heading\">Sestava olja THC<\/h2>\n<ul class=\"wp-block-list\">\n<li><strong>Ekstrakcija<\/strong>Sour Diesel, sev Sativa.<\/li>\n<li><strong>Uporaba<\/strong>Idealno za dabing in vaping.<\/li>\n<\/ul>\n<h2 class=\"wp-block-heading\">THC in CBD<\/h2>\n<p>Medeno olje Sour Diesel je znano po visoki koncentraciji THC: 70%, ki je zna\u010dilna za sev Sour Diesel.<\/p>\n<h2 class=\"wp-block-heading\">Kje kupiti kislo dizelsko medeno olje na spletu?<\/h2>\n<p>To kakovostno konopljino olje je na voljo na spletu na specializiranih spletnih mestih, kot so <a href=\"https:\/\/acheterducannabis.fr\/\" data-type=\"link\" data-id=\"https:\/\/acheterducannabis.fr\/\">Nakup konoplje<\/a>zagotavlja \u010dist in u\u010dinkovit izdelek.<\/p>\n<h2 class=\"wp-block-heading\">U\u010dinki, arome in okusi<\/h2>\n<h3 class=\"wp-block-heading\">U\u010dinek<\/h3>\n<ul class=\"wp-block-list\">\n<li>Hitri, po\u017eivljajo\u010di, cerebralni u\u010dinki, ki spodbujajo globoko introspekcijo in okrepljeno ustvarjalnost.<\/li>\n<\/ul>\n<h3 class=\"wp-block-heading\">Aroma<\/h3>\n<ul class=\"wp-block-list\">\n<li>Oster aromati\u010dni profil dizelskega goriva, subtilen v obliki medenega olja.<\/li>\n<\/ul>\n<h3 class=\"wp-block-heading\">Okusi<\/h3>\n<ul class=\"wp-block-list\">\n<li>Zna\u010dilen okus, ki je manj oster kot pri cvetu Sour Diesel in ponuja edinstveno izku\u0161njo okusa.<\/li>\n<\/ul>\n<h2 class=\"wp-block-heading\">Zdravstveni u\u010dinki<\/h2>\n<h3 class=\"wp-block-heading\">Zdravstveni u\u010dinki<\/h3>\n<ul class=\"wp-block-list\">\n<li>Potencialno laj\u0161anje razli\u010dnih zdravstvenih te\u017eav zaradi energijskih u\u010dinkov in koncentracije THC.<\/li>\n<\/ul>\n<h3 class=\"wp-block-heading\">Lahko olaj\u0161a<\/h3>\n<ul class=\"wp-block-list\">\n<li>stres, utrujenost, motnje razpolo\u017eenja in bole\u010dine, saj spodbuja ob\u010dutek dobrega po\u010dutja in energije.<\/li>\n<\/ul>\n<h2 class=\"wp-block-heading\">Izbira pravega olja THC<\/h2>\n<p>Izberite medeno olje Sour Diesel Honey Oil zaradi njegovih posebnih lastnosti, u\u010dinkovitosti pri dabbingu in vapingu ter edinstvenega aromati\u010dnega profila.<\/p>\n<h2 class=\"wp-block-heading\">Uporaba kislega dizelskega medenega olja<\/h2>\n<p>Idealen za uporabnike, ki i\u0161\u010dejo intenzivno mo\u017egansko in introspektivno izku\u0161njo, hkrati pa u\u017eivajo v zdravilnih u\u010dinkih THC.<\/p>\n<h2 class=\"wp-block-heading\">Kako shranjevati olje THC?<\/h2>\n<p>Olje hranite v hladnem in temnem prostoru, da ohranite njegovo mo\u010d in kakovost, brizgo pa nekoliko segrejte, da jo boste la\u017eje uporabljali.<\/p>\n<h2 class=\"wp-block-heading\">Zakaj kupiti Sour Diesel Honey Oil pri Acheterducannabis?<\/h2>\n<p>Acheterducannabis ponuja to vrhunsko medeno olje, ki zagotavlja optimalno uporabni\u0161ko izku\u0161njo za tiste, ki i\u0161\u010dejo najbolj\u0161e v konoplji sativa.<\/p>\n<h2 class=\"wp-block-heading\">Vladna zakonodaja o prodaji olja THC v Evropi<\/h2>\n<p>Zakonodaja glede prodaje olja THC, vklju\u010dno z oljem Sour Diesel Honey Oil, se po Evropi razlikuje. Za varno in zakonito izku\u0161njo je klju\u010dnega pomena, da se pred nakupom pozanimate o veljavnih predpisih.<\/p>\n<p>Olje Diesel Dabber's Delight Sour Honey Oil je klju\u010d do novih razse\u017enosti uma, saj s svojo sestavo, bogato s THC, odpira ustvarjalnost in introspekcijo. Na voljo je pri Acheterducannabis in je idealna izbira za ljubitelje vznemirljivih in zdravilnih lastnosti konoplje.<\/p>","protected":false},"excerpt":{"rendered":"<p><strong>THC:<\/strong> 70%<\/p>\n<p><strong>Zdravstveni u\u010dinki:<\/strong><br \/> Potencialno laj\u0161anje razli\u010dnih zdravstvenih te\u017eav zaradi energijskih u\u010dinkov in koncentracije THC.<\/p>","protected":false},"featured_media":1423,"comment_status":"closed","ping_status":"closed","template":"","meta":{"site-sidebar-layout":"default","site-content-layout":"","ast-site-content-layout":"","site-content-style":"default","site-sidebar-style":"default","ast-global-header-display":"","ast-banner-title-visibility":"","ast-main-header-display":"","ast-hfb-above-header-display":"","ast-hfb-below-header-display":"","ast-hfb-mobile-header-display":"","site-post-title":"","ast-breadcrumbs-content":"","ast-featured-img":"","footer-sml-layout":"","theme-transparent-header-meta":"","adv-header-id-meta":"","stick-header-meta":"","header-above-stick-meta":"","header-main-stick-meta":"","header-below-stick-meta":"","astra-migrate-meta-layouts":"default","ast-page-background-enabled":"default","ast-page-background-meta":{"desktop":{"background-color":"","background-image":"","background-repeat":"repeat","background-position":"center center","background-size":"auto","background-attachment":"scroll","background-type":"","background-media":"","overlay-type":"","overlay-color":"","overlay-opacity":"","overlay-gradient":""},"tablet":{"background-color":"","background-image":"","background-repeat":"repeat","background-position":"center center","background-size":"auto","background-attachment":"scroll","background-type":"","background-media":"","overlay-type":"","overlay-color":"","overlay-opacity":"","overlay-gradient":""},"mobile":{"background-color":"","background-image":"","background-repeat":"repeat","background-position":"center center","background-size":"auto","background-attachment":"scroll","background-type":"","background-media":"","overlay-type":"","overlay-color":"","overlay-opacity":"","overlay-gradient":""}},"ast-content-background-meta":{"desktop":{"background-color":"var(--ast-global-color-5)","background-image":"","background-repeat":"repeat","background-position":"center center","background-size":"auto","background-attachment":"scroll","background-type":"","background-media":"","overlay-type":"","overlay-color":"","overlay-opacity":"","overlay-gradient":""},"tablet":{"background-color":"var(--ast-global-color-5)","background-image":"","background-repeat":"repeat","background-position":"center center","background-size":"auto","background-attachment":"scroll","background-type":"","background-media":"","overlay-type":"","overlay-color":"","overlay-opacity":"","overlay-gradient":""},"mobile":{"background-color":"var(--ast-global-color-5)","background-image":"","background-repeat":"repeat","background-position":"center center","background-size":"auto","background-attachment":"scroll","background-type":"","background-media":"","overlay-type":"","overlay-color":"","overlay-opacity":"","overlay-gradient":""}},"_joinchat":[]},"product_brand":[],"product_cat":[36],"product_tag":[],"class_list":{"0":"post-1386","1":"product","2":"type-product","3":"status-publish","4":"has-post-thumbnail","6":"product_cat-huile-thc","7":"desktop-align-left","8":"tablet-align-left","9":"mobile-align-left","11":"first","12":"instock","13":"shipping-taxable","14":"purchasable","15":"product-type-variable"},"yoast_head":"<!-- This site is optimized with the Yoast SEO Premium plugin v24.1 (Yoast SEO v26.8) - https:\/\/yoast.com\/product\/yoast-seo-premium-wordpress\/ -->\n<title>Huile de miel Sour Diesel Dabber\u2019s Delight - Beuh Paradis<\/title>\n<meta name=\"robots\" content=\"index, follow, max-snippet:-1, max-image-preview:large, max-video-preview:-1\" \/>\n<link rel=\"canonical\" href=\"https:\/\/beuhparadis.com\/sl\/product\/huile-de-miel-sour-diesel-dabbers-delight\/\" \/>\n<meta property=\"og:locale\" content=\"sl_SI\" \/>\n<meta property=\"og:type\" content=\"article\" \/>\n<meta property=\"og:title\" content=\"Huile de miel Sour Diesel Dabber\u2019s Delight\" \/>\n<meta property=\"og:description\" content=\"THC: 70% Effets M\u00e9dicaux: Soulagement potentiel de diverses conditions m\u00e9dicales gr\u00e2ce \u00e0 ses effets \u00e9nergisants et sa concentration en THC.\" \/>\n<meta property=\"og:url\" content=\"https:\/\/beuhparadis.com\/sl\/product\/huile-de-miel-sour-diesel-dabbers-delight\/\" \/>\n<meta property=\"og:site_name\" content=\"Beuh Paradis\" \/>\n<meta property=\"article:modified_time\" content=\"2024-12-10T23:40:45+00:00\" \/>\n<meta name=\"twitter:card\" content=\"summary_large_image\" \/>\n<meta name=\"twitter:label1\" content=\"Est. reading time\" \/>\n\t<meta name=\"twitter:data1\" content=\"3 minutes\" \/>\n<script type=\"application\/ld+json\" class=\"yoast-schema-graph\">{\"@context\":\"https:\/\/schema.org\",\"@graph\":[{\"@type\":\"WebPage\",\"@id\":\"https:\/\/beuhparadis.com\/product\/huile-de-miel-sour-diesel-dabbers-delight\/\",\"url\":\"https:\/\/beuhparadis.com\/product\/huile-de-miel-sour-diesel-dabbers-delight\/\",\"name\":\"Huile de miel Sour Diesel Dabber\u2019s Delight - Beuh Paradis\",\"isPartOf\":{\"@id\":\"https:\/\/beuhparadis.com\/#website\"},\"primaryImageOfPage\":{\"@id\":\"https:\/\/beuhparadis.com\/product\/huile-de-miel-sour-diesel-dabbers-delight\/#primaryimage\"},\"image\":{\"@id\":\"https:\/\/beuhparadis.com\/product\/huile-de-miel-sour-diesel-dabbers-delight\/#primaryimage\"},\"thumbnailUrl\":\"https:\/\/beuhparadis.com\/wp-content\/uploads\/2024\/12\/Dabbers-Delight-Sour-Diesel-Honey-Oil.jpeg\",\"datePublished\":\"2024-12-10T23:40:08+00:00\",\"dateModified\":\"2024-12-10T23:40:45+00:00\",\"breadcrumb\":{\"@id\":\"https:\/\/beuhparadis.com\/product\/huile-de-miel-sour-diesel-dabbers-delight\/#breadcrumb\"},\"inLanguage\":\"sl-SI\",\"potentialAction\":[{\"@type\":\"ReadAction\",\"target\":[\"https:\/\/beuhparadis.com\/product\/huile-de-miel-sour-diesel-dabbers-delight\/\"]}]},{\"@type\":\"ImageObject\",\"inLanguage\":\"sl-SI\",\"@id\":\"https:\/\/beuhparadis.com\/product\/huile-de-miel-sour-diesel-dabbers-delight\/#primaryimage\",\"url\":\"https:\/\/beuhparadis.com\/wp-content\/uploads\/2024\/12\/Dabbers-Delight-Sour-Diesel-Honey-Oil.jpeg\",\"contentUrl\":\"https:\/\/beuhparadis.com\/wp-content\/uploads\/2024\/12\/Dabbers-Delight-Sour-Diesel-Honey-Oil.jpeg\",\"width\":1000,\"height\":1000},{\"@type\":\"BreadcrumbList\",\"@id\":\"https:\/\/beuhparadis.com\/product\/huile-de-miel-sour-diesel-dabbers-delight\/#breadcrumb\",\"itemListElement\":[{\"@type\":\"ListItem\",\"position\":1,\"name\":\"Home\",\"item\":\"https:\/\/beuhparadis.com\/\"},{\"@type\":\"ListItem\",\"position\":2,\"name\":\"Shop\",\"item\":\"https:\/\/beuhparadis.com\/shop\/\"},{\"@type\":\"ListItem\",\"position\":3,\"name\":\"Huile de miel Sour Diesel Dabber\u2019s Delight\"}]},{\"@type\":\"WebSite\",\"@id\":\"https:\/\/beuhparadis.com\/#website\",\"url\":\"https:\/\/beuhparadis.com\/\",\"name\":\"Beuh Paradis\",\"description\":\"\",\"potentialAction\":[{\"@type\":\"SearchAction\",\"target\":{\"@type\":\"EntryPoint\",\"urlTemplate\":\"https:\/\/beuhparadis.com\/?s={search_term_string}\"},\"query-input\":{\"@type\":\"PropertyValueSpecification\",\"valueRequired\":true,\"valueName\":\"search_term_string\"}}],\"inLanguage\":\"sl-SI\"}]}<\/script>\n<!-- \/ Yoast SEO Premium plugin. -->","yoast_head_json":{"title":"Medeno olje Sour Diesel Dabber's Delight - Beuh Paradis","robots":{"index":"index","follow":"follow","max-snippet":"max-snippet:-1","max-image-preview":"max-image-preview:large","max-video-preview":"max-video-preview:-1"},"canonical":"https:\/\/beuhparadis.com\/sl\/product\/huile-de-miel-sour-diesel-dabbers-delight\/","og_locale":"sl_SI","og_type":"article","og_title":"Huile de miel Sour Diesel Dabber\u2019s Delight","og_description":"THC: 70% Effets M\u00e9dicaux: Soulagement potentiel de diverses conditions m\u00e9dicales gr\u00e2ce \u00e0 ses effets \u00e9nergisants et sa concentration en THC.","og_url":"https:\/\/beuhparadis.com\/sl\/product\/huile-de-miel-sour-diesel-dabbers-delight\/","og_site_name":"Beuh Paradis","article_modified_time":"2024-12-10T23:40:45+00:00","twitter_card":"summary_large_image","twitter_misc":{"Est. reading time":"3 minutes"},"schema":{"@context":"https:\/\/schema.org","@graph":[{"@type":"WebPage","@id":"https:\/\/beuhparadis.com\/product\/huile-de-miel-sour-diesel-dabbers-delight\/","url":"https:\/\/beuhparadis.com\/product\/huile-de-miel-sour-diesel-dabbers-delight\/","name":"Medeno olje Sour Diesel Dabber's Delight - Beuh Paradis","isPartOf":{"@id":"https:\/\/beuhparadis.com\/#website"},"primaryImageOfPage":{"@id":"https:\/\/beuhparadis.com\/product\/huile-de-miel-sour-diesel-dabbers-delight\/#primaryimage"},"image":{"@id":"https:\/\/beuhparadis.com\/product\/huile-de-miel-sour-diesel-dabbers-delight\/#primaryimage"},"thumbnailUrl":"https:\/\/beuhparadis.com\/wp-content\/uploads\/2024\/12\/Dabbers-Delight-Sour-Diesel-Honey-Oil.jpeg","datePublished":"2024-12-10T23:40:08+00:00","dateModified":"2024-12-10T23:40:45+00:00","breadcrumb":{"@id":"https:\/\/beuhparadis.com\/product\/huile-de-miel-sour-diesel-dabbers-delight\/#breadcrumb"},"inLanguage":"sl-SI","potentialAction":[{"@type":"ReadAction","target":["https:\/\/beuhparadis.com\/product\/huile-de-miel-sour-diesel-dabbers-delight\/"]}]},{"@type":"ImageObject","inLanguage":"sl-SI","@id":"https:\/\/beuhparadis.com\/product\/huile-de-miel-sour-diesel-dabbers-delight\/#primaryimage","url":"https:\/\/beuhparadis.com\/wp-content\/uploads\/2024\/12\/Dabbers-Delight-Sour-Diesel-Honey-Oil.jpeg","contentUrl":"https:\/\/beuhparadis.com\/wp-content\/uploads\/2024\/12\/Dabbers-Delight-Sour-Diesel-Honey-Oil.jpeg","width":1000,"height":1000},{"@type":"BreadcrumbList","@id":"https:\/\/beuhparadis.com\/product\/huile-de-miel-sour-diesel-dabbers-delight\/#breadcrumb","itemListElement":[{"@type":"ListItem","position":1,"name":"Home","item":"https:\/\/beuhparadis.com\/"},{"@type":"ListItem","position":2,"name":"Shop","item":"https:\/\/beuhparadis.com\/shop\/"},{"@type":"ListItem","position":3,"name":"Huile de miel Sour Diesel Dabber\u2019s Delight"}]},{"@type":"WebSite","@id":"https:\/\/beuhparadis.com\/#website","url":"https:\/\/beuhparadis.com\/","name":"Beuh Paradis","description":"","potentialAction":[{"@type":"SearchAction","target":{"@type":"EntryPoint","urlTemplate":"https:\/\/beuhparadis.com\/?s={search_term_string}"},"query-input":{"@type":"PropertyValueSpecification","valueRequired":true,"valueName":"search_term_string"}}],"inLanguage":"sl-SI"}]}},"_links":{"self":[{"href":"https:\/\/beuhparadis.com\/sl\/wp-json\/wp\/v2\/product\/1386","targetHints":{"allow":["GET"]}}],"collection":[{"href":"https:\/\/beuhparadis.com\/sl\/wp-json\/wp\/v2\/product"}],"about":[{"href":"https:\/\/beuhparadis.com\/sl\/wp-json\/wp\/v2\/types\/product"}],"replies":[{"embeddable":true,"href":"https:\/\/beuhparadis.com\/sl\/wp-json\/wp\/v2\/comments?post=1386"}],"wp:featuredmedia":[{"embeddable":true,"href":"https:\/\/beuhparadis.com\/sl\/wp-json\/wp\/v2\/media\/1423"}],"wp:attachment":[{"href":"https:\/\/beuhparadis.com\/sl\/wp-json\/wp\/v2\/media?parent=1386"}],"wp:term":[{"taxonomy":"product_brand","embeddable":true,"href":"https:\/\/beuhparadis.com\/sl\/wp-json\/wp\/v2\/product_brand?post=1386"},{"taxonomy":"product_cat","embeddable":true,"href":"https:\/\/beuhparadis.com\/sl\/wp-json\/wp\/v2\/product_cat?post=1386"},{"taxonomy":"product_tag","embeddable":true,"href":"https:\/\/beuhparadis.com\/sl\/wp-json\/wp\/v2\/product_tag?post=1386"}],"curies":[{"name":"wp","href":"https:\/\/api.w.org\/{rel}","templated":true}]}}