{"id":1368,"date":"2024-12-10T23:40:08","date_gmt":"2024-12-10T23:40:08","guid":{"rendered":"https:\/\/beuhparadis.com\/?post_type=product&#038;p=1368"},"modified":"2024-12-10T23:40:29","modified_gmt":"2024-12-10T23:40:29","slug":"huile-de-cannabis-rick-simpson","status":"publish","type":"product","link":"https:\/\/beuhparadis.com\/sl\/product\/huile-de-cannabis-rick-simpson\/","title":{"rendered":"Olje iz konoplje Rick Simpson"},"content":{"rendered":"<h1 class=\"wp-block-heading\">Nakup nafte Rick Simpson (RSO)<\/h1>\n<p>Olje Rick Simpson je koncentriran izvle\u010dek konoplje, znan po \u0161tevilnih zdravilnih lastnostih. To olje, znano tudi pod kratico RSO (Rick Simpson Oil), je znano po visoki vsebnosti THC in CBD, zato se pogosto omenja zaradi ugodnih u\u010dinkov pri zdravljenju razli\u010dnih zdravstvenih stanj. Tukaj je celoten vodnik po olju Rick Simpson Oil, od njegove sestave in uporabe do nasvetov za nakup in shranjevanje.<\/p>\n<h2 class=\"wp-block-heading\">Sestava olja THC<\/h2>\n<ul class=\"wp-block-list\">\n<li><strong>Sestava<\/strong>Francosko olje Rick Simpson, pridobljeno iz popkov in eteri\u010dnih olj konoplje, slovi po svoji visoki kakovosti.<\/li>\n<li><strong>Splo\u0161no ime<\/strong>Rick Simpson RSO, znan kot \"Pheonix Tears\" ali \"hash oil\", se odlikuje po svoji mo\u010di.<\/li>\n<li><strong>Odmerjanje<\/strong>Natan\u010den nadzor za zagotavljanje medicinske konsistence z oljem Ricka Simpsona.<\/li>\n<\/ul>\n<h2 class=\"wp-block-heading\">THC in CBD<\/h2>\n<p>Olje Rick Simpson vsebuje visoko koncentracijo 80 % THC in 15% CBD, kar prispeva k njegovemu terapevtskemu potencialu.<\/p>\n<h2 class=\"wp-block-heading\">Kje lahko kupim olje Rick Simpson na spletu?<\/h2>\n<p>Olje Rick Simpson, ki je na voljo v Evropi, lahko kupite na spletu na specializiranih platformah, kot je Acheterducannabis, kar zagotavlja izdelek najvi\u0161je kakovosti.<\/p>\n<h2 class=\"wp-block-heading\">U\u010dinki, arome in okusi<\/h2>\n<h3 class=\"wp-block-heading\">U\u010dinek<\/h3>\n<ul class=\"wp-block-list\">\n<li>Olje Rick Simpson je naravno in varno zdravilo za skoraj vse zdravstvene te\u017eave brez negativnih stranskih u\u010dinkov.<\/li>\n<\/ul>\n<h3 class=\"wp-block-heading\">Aroma in okus<\/h3>\n<ul class=\"wp-block-list\">\n<li>Francosko olje Rick Simpson French Oil je medicinski koncentrat, ustvarjen iz konoplje, ki nima posebne arome ali okusa.<\/li>\n<\/ul>\n<h2 class=\"wp-block-heading\">Zdravstveni u\u010dinki<\/h2>\n<h3 class=\"wp-block-heading\">Zdravstveni u\u010dinki<\/h3>\n<ul class=\"wp-block-list\">\n<li>Olje Rick Simpson RSO je potencialno zdravilo za zdravljenje raka, sladkorne bolezni, kroni\u010dnih bole\u010din, HIV\/AIDS in \u0161tevilnih drugih bolezni.<\/li>\n<\/ul>\n<h3 class=\"wp-block-heading\">Lahko olaj\u0161a<\/h3>\n<ul class=\"wp-block-list\">\n<li>Olje Rick Simpson pomaga pri \u0161tevilnih boleznih, vklju\u010dno z nevrolo\u0161kimi motnjami, boleznimi srca in o\u017eilja ter hormonskim neravnovesjem.<\/li>\n<\/ul>\n<h2 class=\"wp-block-heading\">Izbira pravega olja THC<\/h2>\n<ul class=\"wp-block-list\">\n<li>Klju\u010dnega pomena je, da izberete kakovostno olje THC, kot je olje Ricka Simpsona, ki je bilo neodvisno testirano, da se zagotovita u\u010dinkovitost in \u010distost.<\/li>\n<\/ul>\n<h2 class=\"wp-block-heading\">Uporaba olja Rick Simpson<\/h2>\n<p>Olje Ricka Simpsona se uporablja kot alternativno zdravljenje \u0161tevilnih zdravstvenih te\u017eav, saj ponuja mo\u017enost zdravljenja brez stranskih u\u010dinkov obi\u010dajnega zdravljenja.<\/p>\n<h2 class=\"wp-block-heading\">Kako shranjevati olje THC?<\/h2>\n<p>Za optimalno shranjevanje je treba olje Rick Simpson hraniti v hladnem in temnem prostoru, najbolje v nepredu\u0161no zaprti posodi, da se ohrani njegova mo\u010d.<\/p>\n<h2 class=\"wp-block-heading\">Zakaj kupiti olje Rick Simpson pri Acheterducannabis?<\/h2>\n<p><a href=\"https:\/\/acheterducannabis.fr\/\" data-type=\"link\" data-id=\"https:\/\/acheterducannabis.fr\/\">Nakup konoplje<\/a> odlikuje zavezanost k zagotavljanju najvi\u0161je kakovosti olja Rick Simpson po dostopni ceni in izjemne storitve za stranke, ki \u017eelijo kupiti olje Rick Simpson.<\/p>\n<h2 class=\"wp-block-heading\">Vladna zakonodaja o prodaji olja THC v Evropi<\/h2>\n<p>Predpisi, ki urejajo prodajo<a href=\"https:\/\/acheterducannabis.fr\/huile-thc\/\" data-type=\"link\" data-id=\"https:\/\/acheterducannabis.fr\/huile-thc\/\">Olje THC<\/a>Olje Ricka Simpsona se v Evropi razlikuje. Pred nakupom olja Rick Simpson se je treba pozanimati o lokalnih zakonih, da bi zagotovili varno in skladno izku\u0161njo.<\/p>\n<p>Olje iz <a href=\"https:\/\/www.kalapa-clinic.com\/fr\/rick-simpson-oil-contre-cancer\/#:~:text=Rick%20Simpson%20Oil%20(RSO)%20est,une%20concentration%20%C3%A9lev%C3%A9e%20de%20THC.\" data-type=\"link\" data-id=\"https:\/\/www.kalapa-clinic.com\/fr\/rick-simpson-oil-contre-cancer\/#:~:text=Rick%20Simpson%20Oil%20(RSO)%20est,une%20concentration%20%C3%A9lev%C3%A9e%20de%20THC.\">Rick Simpson<\/a> predstavlja pomemben napredek v svetu alternativne medicine, saj ponuja ogromen terapevtski potencial za razli\u010dna bolezenska stanja. To olje, ki je na voljo pri Acheterducannabis, je naravna in u\u010dinkovita re\u0161itev za tiste, ki i\u0161\u010dejo alternativno zdravljenje svojih bolezni.<\/p>\n<p><img decoding=\"async\" class=\"wp-image-10267\" style=\"width: 1000px\" src=\"https:\/\/acheterducannabis.fr\/wp-content\/uploads\/2024\/03\/RSO-Dosage-chart.webp\" alt=\"\"><\/p>","protected":false},"excerpt":{"rendered":"<p><strong>THC:<\/strong> 80%<br \/> <strong>CBD:<\/strong> 15%<\/p>\n<p><strong>Zdravstveni u\u010dinki: <\/strong>Olje Rick Simpson RSO je potencialno zdravilo za zdravljenje raka, sladkorne bolezni, kroni\u010dnih bole\u010din, HIV\/AIDS in \u0161tevilnih drugih bolezni.<\/p>","protected":false},"featured_media":1398,"comment_status":"closed","ping_status":"closed","template":"","meta":{"site-sidebar-layout":"default","site-content-layout":"","ast-site-content-layout":"","site-content-style":"default","site-sidebar-style":"default","ast-global-header-display":"","ast-banner-title-visibility":"","ast-main-header-display":"","ast-hfb-above-header-display":"","ast-hfb-below-header-display":"","ast-hfb-mobile-header-display":"","site-post-title":"","ast-breadcrumbs-content":"","ast-featured-img":"","footer-sml-layout":"","theme-transparent-header-meta":"","adv-header-id-meta":"","stick-header-meta":"","header-above-stick-meta":"","header-main-stick-meta":"","header-below-stick-meta":"","astra-migrate-meta-layouts":"default","ast-page-background-enabled":"default","ast-page-background-meta":{"desktop":{"background-color":"","background-image":"","background-repeat":"repeat","background-position":"center center","background-size":"auto","background-attachment":"scroll","background-type":"","background-media":"","overlay-type":"","overlay-color":"","overlay-opacity":"","overlay-gradient":""},"tablet":{"background-color":"","background-image":"","background-repeat":"repeat","background-position":"center center","background-size":"auto","background-attachment":"scroll","background-type":"","background-media":"","overlay-type":"","overlay-color":"","overlay-opacity":"","overlay-gradient":""},"mobile":{"background-color":"","background-image":"","background-repeat":"repeat","background-position":"center center","background-size":"auto","background-attachment":"scroll","background-type":"","background-media":"","overlay-type":"","overlay-color":"","overlay-opacity":"","overlay-gradient":""}},"ast-content-background-meta":{"desktop":{"background-color":"var(--ast-global-color-5)","background-image":"","background-repeat":"repeat","background-position":"center center","background-size":"auto","background-attachment":"scroll","background-type":"","background-media":"","overlay-type":"","overlay-color":"","overlay-opacity":"","overlay-gradient":""},"tablet":{"background-color":"var(--ast-global-color-5)","background-image":"","background-repeat":"repeat","background-position":"center center","background-size":"auto","background-attachment":"scroll","background-type":"","background-media":"","overlay-type":"","overlay-color":"","overlay-opacity":"","overlay-gradient":""},"mobile":{"background-color":"var(--ast-global-color-5)","background-image":"","background-repeat":"repeat","background-position":"center center","background-size":"auto","background-attachment":"scroll","background-type":"","background-media":"","overlay-type":"","overlay-color":"","overlay-opacity":"","overlay-gradient":""}},"_joinchat":[]},"product_brand":[],"product_cat":[36],"product_tag":[],"class_list":{"0":"post-1368","1":"product","2":"type-product","3":"status-publish","4":"has-post-thumbnail","6":"product_cat-huile-thc","7":"desktop-align-left","8":"tablet-align-left","9":"mobile-align-left","11":"first","12":"instock","13":"shipping-taxable","14":"purchasable","15":"product-type-variable"},"yoast_head":"<!-- This site is optimized with the Yoast SEO Premium plugin v24.1 (Yoast SEO v26.8) - https:\/\/yoast.com\/product\/yoast-seo-premium-wordpress\/ -->\n<title>Huile de cannabis Rick Simpson - Beuh Paradis<\/title>\n<meta name=\"robots\" content=\"index, follow, max-snippet:-1, max-image-preview:large, max-video-preview:-1\" \/>\n<link rel=\"canonical\" href=\"https:\/\/beuhparadis.com\/sl\/product\/huile-de-cannabis-rick-simpson\/\" \/>\n<meta property=\"og:locale\" content=\"sl_SI\" \/>\n<meta property=\"og:type\" content=\"article\" \/>\n<meta property=\"og:title\" content=\"Huile de cannabis Rick Simpson\" \/>\n<meta property=\"og:description\" content=\"THC: 80% CBD: 15% Effets M\u00e9dicaux: L&rsquo;huile Rick Simpson RSO est un traitement potentiel pour le cancer, le diab\u00e8te, la douleur chronique, le VIH\/SIDA, et bien d&rsquo;autres conditions.\" \/>\n<meta property=\"og:url\" content=\"https:\/\/beuhparadis.com\/sl\/product\/huile-de-cannabis-rick-simpson\/\" \/>\n<meta property=\"og:site_name\" content=\"Beuh Paradis\" \/>\n<meta property=\"article:modified_time\" content=\"2024-12-10T23:40:29+00:00\" \/>\n<meta property=\"og:image\" content=\"https:\/\/acheterducannabis.fr\/wp-content\/uploads\/2024\/03\/RSO-Dosage-chart.webp\" \/>\n<meta name=\"twitter:card\" content=\"summary_large_image\" \/>\n<meta name=\"twitter:label1\" content=\"Est. reading time\" \/>\n\t<meta name=\"twitter:data1\" content=\"3 minutes\" \/>\n<script type=\"application\/ld+json\" class=\"yoast-schema-graph\">{\"@context\":\"https:\/\/schema.org\",\"@graph\":[{\"@type\":\"WebPage\",\"@id\":\"https:\/\/beuhparadis.com\/product\/huile-de-cannabis-rick-simpson\/\",\"url\":\"https:\/\/beuhparadis.com\/product\/huile-de-cannabis-rick-simpson\/\",\"name\":\"Huile de cannabis Rick Simpson - Beuh Paradis\",\"isPartOf\":{\"@id\":\"https:\/\/beuhparadis.com\/#website\"},\"primaryImageOfPage\":{\"@id\":\"https:\/\/beuhparadis.com\/product\/huile-de-cannabis-rick-simpson\/#primaryimage\"},\"image\":{\"@id\":\"https:\/\/beuhparadis.com\/product\/huile-de-cannabis-rick-simpson\/#primaryimage\"},\"thumbnailUrl\":\"https:\/\/beuhparadis.com\/wp-content\/uploads\/2024\/12\/Rick-Simpson-Cannabis-Oil.webp\",\"datePublished\":\"2024-12-10T23:40:08+00:00\",\"dateModified\":\"2024-12-10T23:40:29+00:00\",\"breadcrumb\":{\"@id\":\"https:\/\/beuhparadis.com\/product\/huile-de-cannabis-rick-simpson\/#breadcrumb\"},\"inLanguage\":\"sl-SI\",\"potentialAction\":[{\"@type\":\"ReadAction\",\"target\":[\"https:\/\/beuhparadis.com\/product\/huile-de-cannabis-rick-simpson\/\"]}]},{\"@type\":\"ImageObject\",\"inLanguage\":\"sl-SI\",\"@id\":\"https:\/\/beuhparadis.com\/product\/huile-de-cannabis-rick-simpson\/#primaryimage\",\"url\":\"https:\/\/beuhparadis.com\/wp-content\/uploads\/2024\/12\/Rick-Simpson-Cannabis-Oil.webp\",\"contentUrl\":\"https:\/\/beuhparadis.com\/wp-content\/uploads\/2024\/12\/Rick-Simpson-Cannabis-Oil.webp\",\"width\":1000,\"height\":1000},{\"@type\":\"BreadcrumbList\",\"@id\":\"https:\/\/beuhparadis.com\/product\/huile-de-cannabis-rick-simpson\/#breadcrumb\",\"itemListElement\":[{\"@type\":\"ListItem\",\"position\":1,\"name\":\"Home\",\"item\":\"https:\/\/beuhparadis.com\/\"},{\"@type\":\"ListItem\",\"position\":2,\"name\":\"Shop\",\"item\":\"https:\/\/beuhparadis.com\/shop\/\"},{\"@type\":\"ListItem\",\"position\":3,\"name\":\"Huile de cannabis Rick Simpson\"}]},{\"@type\":\"WebSite\",\"@id\":\"https:\/\/beuhparadis.com\/#website\",\"url\":\"https:\/\/beuhparadis.com\/\",\"name\":\"Beuh Paradis\",\"description\":\"\",\"potentialAction\":[{\"@type\":\"SearchAction\",\"target\":{\"@type\":\"EntryPoint\",\"urlTemplate\":\"https:\/\/beuhparadis.com\/?s={search_term_string}\"},\"query-input\":{\"@type\":\"PropertyValueSpecification\",\"valueRequired\":true,\"valueName\":\"search_term_string\"}}],\"inLanguage\":\"sl-SI\"}]}<\/script>\n<!-- \/ Yoast SEO Premium plugin. -->","yoast_head_json":{"title":"Olje iz konoplje Rick Simpson - Beuh Paradis","robots":{"index":"index","follow":"follow","max-snippet":"max-snippet:-1","max-image-preview":"max-image-preview:large","max-video-preview":"max-video-preview:-1"},"canonical":"https:\/\/beuhparadis.com\/sl\/product\/huile-de-cannabis-rick-simpson\/","og_locale":"sl_SI","og_type":"article","og_title":"Huile de cannabis Rick Simpson","og_description":"THC: 80% CBD: 15% Effets M\u00e9dicaux: L&rsquo;huile Rick Simpson RSO est un traitement potentiel pour le cancer, le diab\u00e8te, la douleur chronique, le VIH\/SIDA, et bien d&rsquo;autres conditions.","og_url":"https:\/\/beuhparadis.com\/sl\/product\/huile-de-cannabis-rick-simpson\/","og_site_name":"Beuh Paradis","article_modified_time":"2024-12-10T23:40:29+00:00","og_image":[{"url":"https:\/\/acheterducannabis.fr\/wp-content\/uploads\/2024\/03\/RSO-Dosage-chart.webp","type":"","width":"","height":""}],"twitter_card":"summary_large_image","twitter_misc":{"Est. reading time":"3 minutes"},"schema":{"@context":"https:\/\/schema.org","@graph":[{"@type":"WebPage","@id":"https:\/\/beuhparadis.com\/product\/huile-de-cannabis-rick-simpson\/","url":"https:\/\/beuhparadis.com\/product\/huile-de-cannabis-rick-simpson\/","name":"Olje iz konoplje Rick Simpson - Beuh Paradis","isPartOf":{"@id":"https:\/\/beuhparadis.com\/#website"},"primaryImageOfPage":{"@id":"https:\/\/beuhparadis.com\/product\/huile-de-cannabis-rick-simpson\/#primaryimage"},"image":{"@id":"https:\/\/beuhparadis.com\/product\/huile-de-cannabis-rick-simpson\/#primaryimage"},"thumbnailUrl":"https:\/\/beuhparadis.com\/wp-content\/uploads\/2024\/12\/Rick-Simpson-Cannabis-Oil.webp","datePublished":"2024-12-10T23:40:08+00:00","dateModified":"2024-12-10T23:40:29+00:00","breadcrumb":{"@id":"https:\/\/beuhparadis.com\/product\/huile-de-cannabis-rick-simpson\/#breadcrumb"},"inLanguage":"sl-SI","potentialAction":[{"@type":"ReadAction","target":["https:\/\/beuhparadis.com\/product\/huile-de-cannabis-rick-simpson\/"]}]},{"@type":"ImageObject","inLanguage":"sl-SI","@id":"https:\/\/beuhparadis.com\/product\/huile-de-cannabis-rick-simpson\/#primaryimage","url":"https:\/\/beuhparadis.com\/wp-content\/uploads\/2024\/12\/Rick-Simpson-Cannabis-Oil.webp","contentUrl":"https:\/\/beuhparadis.com\/wp-content\/uploads\/2024\/12\/Rick-Simpson-Cannabis-Oil.webp","width":1000,"height":1000},{"@type":"BreadcrumbList","@id":"https:\/\/beuhparadis.com\/product\/huile-de-cannabis-rick-simpson\/#breadcrumb","itemListElement":[{"@type":"ListItem","position":1,"name":"Home","item":"https:\/\/beuhparadis.com\/"},{"@type":"ListItem","position":2,"name":"Shop","item":"https:\/\/beuhparadis.com\/shop\/"},{"@type":"ListItem","position":3,"name":"Huile de cannabis Rick Simpson"}]},{"@type":"WebSite","@id":"https:\/\/beuhparadis.com\/#website","url":"https:\/\/beuhparadis.com\/","name":"Beuh Paradis","description":"","potentialAction":[{"@type":"SearchAction","target":{"@type":"EntryPoint","urlTemplate":"https:\/\/beuhparadis.com\/?s={search_term_string}"},"query-input":{"@type":"PropertyValueSpecification","valueRequired":true,"valueName":"search_term_string"}}],"inLanguage":"sl-SI"}]}},"_links":{"self":[{"href":"https:\/\/beuhparadis.com\/sl\/wp-json\/wp\/v2\/product\/1368","targetHints":{"allow":["GET"]}}],"collection":[{"href":"https:\/\/beuhparadis.com\/sl\/wp-json\/wp\/v2\/product"}],"about":[{"href":"https:\/\/beuhparadis.com\/sl\/wp-json\/wp\/v2\/types\/product"}],"replies":[{"embeddable":true,"href":"https:\/\/beuhparadis.com\/sl\/wp-json\/wp\/v2\/comments?post=1368"}],"wp:featuredmedia":[{"embeddable":true,"href":"https:\/\/beuhparadis.com\/sl\/wp-json\/wp\/v2\/media\/1398"}],"wp:attachment":[{"href":"https:\/\/beuhparadis.com\/sl\/wp-json\/wp\/v2\/media?parent=1368"}],"wp:term":[{"taxonomy":"product_brand","embeddable":true,"href":"https:\/\/beuhparadis.com\/sl\/wp-json\/wp\/v2\/product_brand?post=1368"},{"taxonomy":"product_cat","embeddable":true,"href":"https:\/\/beuhparadis.com\/sl\/wp-json\/wp\/v2\/product_cat?post=1368"},{"taxonomy":"product_tag","embeddable":true,"href":"https:\/\/beuhparadis.com\/sl\/wp-json\/wp\/v2\/product_tag?post=1368"}],"curies":[{"name":"wp","href":"https:\/\/api.w.org\/{rel}","templated":true}]}}