{"id":1251,"date":"2024-12-10T23:39:22","date_gmt":"2024-12-10T23:39:22","guid":{"rendered":"https:\/\/beuhparadis.com\/?post_type=product&#038;p=1251"},"modified":"2025-01-27T04:53:39","modified_gmt":"2025-01-27T04:53:39","slug":"miel-bananes-thc-live-rosin-diamonds","status":"publish","type":"product","link":"https:\/\/beuhparadis.com\/sl\/product\/miel-bananes-thc-live-rosin-diamonds\/","title":{"rendered":"Honey Bananas THC \u017eivi karotinski diamanti - Cannabis Premium"},"content":{"rendered":"<h3><strong>Honey Bananas THC Live Rosin Diamonds - vrhunski koncentrat konoplje<\/strong><\/h3>\n<h4><strong>\u00a0Odkrijte Miel Bananes THC Live Rosin Diamonds na Beuh Paradis<\/strong><\/h4>\n<p><strong>Honey Bananas THC \u017eivi karotinski diamanti - Cannabis Premium<\/strong>na voljo na <strong>Beuh Paradis<\/strong>je vrhunski koncentrat konoplje, znan po sladkem sadnem okusu in izjemni \u010distosti. Koncentrat je narejen iz sve\u017eih cvetov konoplje najvi\u0161je kakovosti in ponuja nepozabno izku\u0161njo, saj zdru\u017euje mo\u010d in okus. Njegova ekstrakcija brez topil ohranja naravne terpene in zagotavlja \u010disto in prijetno u\u017eivanje.<\/p>\n<h4><strong>\u00a0Zna\u010dilnosti diamantov<\/strong><\/h4>\n<ul>\n<li><strong>Edinstven okus :<\/strong> U\u017eivajte v slastni aromi sladke banane z ne\u017enim pridihom medu, ki zagotavlja neprimerljivo do\u017eivetje okusa.<\/li>\n<li><strong>Izjemna mo\u010d :<\/strong> Z visoko <strong>THC<\/strong>Ta koncentrat zagotavlja mo\u010dne, hitro delujo\u010de u\u010dinke, ki so idealni za izku\u0161ene uporabnike.<\/li>\n<li><strong>\u010cista ekstrakcija :<\/strong> Ta koncentrat je narejen brez topil, kar ohranja \u010distost konoplje in njene naravne lastnosti.<\/li>\n<li><strong>Spro\u0161\u010dujo\u010di in evfori\u010dni u\u010dinki:<\/strong> Odli\u010dno za sprostitev po napornem dnevu, hkrati pa spodbuja ustvarjalnost in dobro voljo.<\/li>\n<\/ul>\n<h4><strong>\u00a0Zakaj izbrati Beuh Paradis?<\/strong><\/h4>\n<p>Na spletni strani <strong>Beuh Paradis<\/strong>Zavezani smo, da vam zagotavljamo koncentrate konoplje najvi\u0161je kakovosti. Vsako serijo <strong>plevela Diamonds<\/strong> je skrbno izbrana in preizku\u0161ena, da se zagotovi optimalna \u010distost in izjemna izku\u0161nja pitja.<\/p>\n<ul>\n<li><strong>Kakovostni izdelki :<\/strong> Na\u0161i koncentrati so skrbno izdelani in zagotavljajo zanesljive u\u010dinke ter vrhunsko izku\u0161njo.<\/li>\n<li><strong>Hitra in diskretna dostava:<\/strong> Naro\u010dite prek spleta na <strong>Beuh Paradis<\/strong> in izdelke prejmite hitro in diskretno.<\/li>\n<li><strong>Laboratorijsko preizku\u0161eno :<\/strong> Varnost in kakovost na\u0161ih izdelkov zagotavljamo s strogimi laboratorijskimi testi.<\/li>\n<\/ul>\n<hr \/>\n<h4><strong>Naro\u010dite plevel na Beuh Paradis<\/strong><\/h4>\n<p>Pripravljeni odkriti izjemne <strong>Med Banane Plevel<\/strong>? Pojdi na <strong><a href=\"https:\/\/beuhparadis.com\/sl\" target=\"_new\" rel=\"noopener\">Beuh Paradis<\/a><\/strong> za naro\u010dilo tega vrhunskega koncentrata. U\u017eivajte v hitri in diskretni dostavi ter brezhibni storitvi za stranke.<\/p>","protected":false},"excerpt":{"rendered":"<p>Miel Bananes THC Live Rosin Diamonds \u2013 Concentr\u00e9 Premium de Cannabis \u00a0D\u00e9couvrez Miel Bananes THC Live Rosin Diamonds sur Beuh Paradis Miel Bananes THC Live Rosin Diamonds, disponible sur Beuh Paradis, est un concentr\u00e9 de cannabis haut de gamme, r\u00e9put\u00e9 pour son go\u00fbt sucr\u00e9 et fruit\u00e9 ainsi que sa puret\u00e9 exceptionnelle. Fabriqu\u00e9 \u00e0 partir de [&hellip;]<\/p>\n","protected":false},"featured_media":1281,"comment_status":"closed","ping_status":"closed","template":"","meta":{"site-sidebar-layout":"default","site-content-layout":"","ast-site-content-layout":"default","site-content-style":"default","site-sidebar-style":"default","ast-global-header-display":"","ast-banner-title-visibility":"","ast-main-header-display":"","ast-hfb-above-header-display":"","ast-hfb-below-header-display":"","ast-hfb-mobile-header-display":"","site-post-title":"","ast-breadcrumbs-content":"","ast-featured-img":"","footer-sml-layout":"","theme-transparent-header-meta":"default","adv-header-id-meta":"","stick-header-meta":"","header-above-stick-meta":"","header-main-stick-meta":"","header-below-stick-meta":"","astra-migrate-meta-layouts":"set","ast-page-background-enabled":"default","ast-page-background-meta":{"desktop":{"background-color":"","background-image":"","background-repeat":"repeat","background-position":"center center","background-size":"auto","background-attachment":"scroll","background-type":"","background-media":"","overlay-type":"","overlay-color":"","overlay-opacity":"","overlay-gradient":""},"tablet":{"background-color":"","background-image":"","background-repeat":"repeat","background-position":"center center","background-size":"auto","background-attachment":"scroll","background-type":"","background-media":"","overlay-type":"","overlay-color":"","overlay-opacity":"","overlay-gradient":""},"mobile":{"background-color":"","background-image":"","background-repeat":"repeat","background-position":"center center","background-size":"auto","background-attachment":"scroll","background-type":"","background-media":"","overlay-type":"","overlay-color":"","overlay-opacity":"","overlay-gradient":""}},"ast-content-background-meta":{"desktop":{"background-color":"var(--ast-global-color-5)","background-image":"","background-repeat":"repeat","background-position":"center center","background-size":"auto","background-attachment":"scroll","background-type":"","background-media":"","overlay-type":"","overlay-color":"","overlay-opacity":"","overlay-gradient":""},"tablet":{"background-color":"var(--ast-global-color-5)","background-image":"","background-repeat":"repeat","background-position":"center center","background-size":"auto","background-attachment":"scroll","background-type":"","background-media":"","overlay-type":"","overlay-color":"","overlay-opacity":"","overlay-gradient":""},"mobile":{"background-color":"var(--ast-global-color-5)","background-image":"","background-repeat":"repeat","background-position":"center center","background-size":"auto","background-attachment":"scroll","background-type":"","background-media":"","overlay-type":"","overlay-color":"","overlay-opacity":"","overlay-gradient":""}},"_joinchat":[]},"product_brand":[],"product_cat":[34],"product_tag":[],"class_list":{"0":"post-1251","1":"product","2":"type-product","3":"status-publish","4":"has-post-thumbnail","6":"product_cat-diamant-de-thc","7":"desktop-align-left","8":"tablet-align-left","9":"mobile-align-left","11":"first","12":"instock","13":"shipping-taxable","14":"purchasable","15":"product-type-variable"},"yoast_head":"<!-- This site is optimized with the Yoast SEO Premium plugin v24.1 (Yoast SEO v26.8) - https:\/\/yoast.com\/product\/yoast-seo-premium-wordpress\/ -->\n<title>Miel Bananes THC Live Rosin Diamonds \u2013 Cannabis Premium<\/title>\n<meta name=\"description\" content=\"D\u00e9couvrez Miel Bananes THC Live Rosin Diamonds sur Beuh Paradis, un concentr\u00e9 de cannabis de qualit\u00e9 sup\u00e9rieure avec des saveurs sucr\u00e9es et fruit\u00e9es.\" \/>\n<meta name=\"robots\" content=\"index, follow, max-snippet:-1, max-image-preview:large, max-video-preview:-1\" \/>\n<link rel=\"canonical\" href=\"https:\/\/beuhparadis.com\/sl\/product\/miel-bananes-thc-live-rosin-diamonds\/\" \/>\n<meta property=\"og:locale\" content=\"sl_SI\" \/>\n<meta property=\"og:type\" content=\"article\" \/>\n<meta property=\"og:title\" content=\"Miel Bananes THC Live Rosin Diamonds\" \/>\n<meta property=\"og:description\" content=\"D\u00e9couvrez Miel Bananes THC Live Rosin Diamonds sur Beuh Paradis, un concentr\u00e9 de cannabis de qualit\u00e9 sup\u00e9rieure avec des saveurs sucr\u00e9es et fruit\u00e9es.\" \/>\n<meta property=\"og:url\" content=\"https:\/\/beuhparadis.com\/sl\/product\/miel-bananes-thc-live-rosin-diamonds\/\" \/>\n<meta property=\"og:site_name\" content=\"Beuh Paradis\" \/>\n<meta property=\"article:modified_time\" content=\"2025-01-27T04:53:39+00:00\" \/>\n<meta property=\"og:image\" content=\"https:\/\/beuhparadis.com\/wp-content\/uploads\/2024\/12\/Honey-Bananas-THC-Live-Rosin-Diamonds.webp\" \/>\n\t<meta property=\"og:image:width\" content=\"399\" \/>\n\t<meta property=\"og:image:height\" content=\"362\" \/>\n\t<meta property=\"og:image:type\" content=\"image\/webp\" \/>\n<meta name=\"twitter:card\" content=\"summary_large_image\" \/>\n<meta name=\"twitter:label1\" content=\"Est. reading time\" \/>\n\t<meta name=\"twitter:data1\" content=\"2 minutes\" \/>\n<script type=\"application\/ld+json\" class=\"yoast-schema-graph\">{\"@context\":\"https:\/\/schema.org\",\"@graph\":[{\"@type\":\"WebPage\",\"@id\":\"https:\/\/beuhparadis.com\/product\/miel-bananes-thc-live-rosin-diamonds\/\",\"url\":\"https:\/\/beuhparadis.com\/product\/miel-bananes-thc-live-rosin-diamonds\/\",\"name\":\"Miel Bananes THC Live Rosin Diamonds \u2013 Cannabis Premium\",\"isPartOf\":{\"@id\":\"https:\/\/beuhparadis.com\/#website\"},\"primaryImageOfPage\":{\"@id\":\"https:\/\/beuhparadis.com\/product\/miel-bananes-thc-live-rosin-diamonds\/#primaryimage\"},\"image\":{\"@id\":\"https:\/\/beuhparadis.com\/product\/miel-bananes-thc-live-rosin-diamonds\/#primaryimage\"},\"thumbnailUrl\":\"https:\/\/beuhparadis.com\/wp-content\/uploads\/2024\/12\/Honey-Bananas-THC-Live-Rosin-Diamonds.webp\",\"datePublished\":\"2024-12-10T23:39:22+00:00\",\"dateModified\":\"2025-01-27T04:53:39+00:00\",\"description\":\"D\u00e9couvrez Miel Bananes THC Live Rosin Diamonds sur Beuh Paradis, un concentr\u00e9 de cannabis de qualit\u00e9 sup\u00e9rieure avec des saveurs sucr\u00e9es et fruit\u00e9es.\",\"breadcrumb\":{\"@id\":\"https:\/\/beuhparadis.com\/product\/miel-bananes-thc-live-rosin-diamonds\/#breadcrumb\"},\"inLanguage\":\"sl-SI\",\"potentialAction\":[{\"@type\":\"ReadAction\",\"target\":[\"https:\/\/beuhparadis.com\/product\/miel-bananes-thc-live-rosin-diamonds\/\"]}]},{\"@type\":\"ImageObject\",\"inLanguage\":\"sl-SI\",\"@id\":\"https:\/\/beuhparadis.com\/product\/miel-bananes-thc-live-rosin-diamonds\/#primaryimage\",\"url\":\"https:\/\/beuhparadis.com\/wp-content\/uploads\/2024\/12\/Honey-Bananas-THC-Live-Rosin-Diamonds.webp\",\"contentUrl\":\"https:\/\/beuhparadis.com\/wp-content\/uploads\/2024\/12\/Honey-Bananas-THC-Live-Rosin-Diamonds.webp\",\"width\":399,\"height\":362},{\"@type\":\"BreadcrumbList\",\"@id\":\"https:\/\/beuhparadis.com\/product\/miel-bananes-thc-live-rosin-diamonds\/#breadcrumb\",\"itemListElement\":[{\"@type\":\"ListItem\",\"position\":1,\"name\":\"Home\",\"item\":\"https:\/\/beuhparadis.com\/\"},{\"@type\":\"ListItem\",\"position\":2,\"name\":\"Shop\",\"item\":\"https:\/\/beuhparadis.com\/shop\/\"},{\"@type\":\"ListItem\",\"position\":3,\"name\":\"Miel Bananes THC Live Rosin Diamonds\"}]},{\"@type\":\"WebSite\",\"@id\":\"https:\/\/beuhparadis.com\/#website\",\"url\":\"https:\/\/beuhparadis.com\/\",\"name\":\"Beuh Paradis\",\"description\":\"\",\"potentialAction\":[{\"@type\":\"SearchAction\",\"target\":{\"@type\":\"EntryPoint\",\"urlTemplate\":\"https:\/\/beuhparadis.com\/?s={search_term_string}\"},\"query-input\":{\"@type\":\"PropertyValueSpecification\",\"valueRequired\":true,\"valueName\":\"search_term_string\"}}],\"inLanguage\":\"sl-SI\"}]}<\/script>\n<!-- \/ Yoast SEO Premium plugin. -->","yoast_head_json":{"title":"Honey Bananas THC \u017eivi karotinski diamanti - Cannabis Premium","description":"Odkrijte Miel Bananes THC Live Rosin Diamonds na Beuh Paradis, visokokakovostni koncentrat konoplje s sladkimi sadnimi okusi.","robots":{"index":"index","follow":"follow","max-snippet":"max-snippet:-1","max-image-preview":"max-image-preview:large","max-video-preview":"max-video-preview:-1"},"canonical":"https:\/\/beuhparadis.com\/sl\/product\/miel-bananes-thc-live-rosin-diamonds\/","og_locale":"sl_SI","og_type":"article","og_title":"Miel Bananes THC Live Rosin Diamonds","og_description":"D\u00e9couvrez Miel Bananes THC Live Rosin Diamonds sur Beuh Paradis, un concentr\u00e9 de cannabis de qualit\u00e9 sup\u00e9rieure avec des saveurs sucr\u00e9es et fruit\u00e9es.","og_url":"https:\/\/beuhparadis.com\/sl\/product\/miel-bananes-thc-live-rosin-diamonds\/","og_site_name":"Beuh Paradis","article_modified_time":"2025-01-27T04:53:39+00:00","og_image":[{"width":399,"height":362,"url":"https:\/\/beuhparadis.com\/wp-content\/uploads\/2024\/12\/Honey-Bananas-THC-Live-Rosin-Diamonds.webp","type":"image\/webp"}],"twitter_card":"summary_large_image","twitter_misc":{"Est. reading time":"2 minutes"},"schema":{"@context":"https:\/\/schema.org","@graph":[{"@type":"WebPage","@id":"https:\/\/beuhparadis.com\/product\/miel-bananes-thc-live-rosin-diamonds\/","url":"https:\/\/beuhparadis.com\/product\/miel-bananes-thc-live-rosin-diamonds\/","name":"Honey Bananas THC \u017eivi karotinski diamanti - Cannabis Premium","isPartOf":{"@id":"https:\/\/beuhparadis.com\/#website"},"primaryImageOfPage":{"@id":"https:\/\/beuhparadis.com\/product\/miel-bananes-thc-live-rosin-diamonds\/#primaryimage"},"image":{"@id":"https:\/\/beuhparadis.com\/product\/miel-bananes-thc-live-rosin-diamonds\/#primaryimage"},"thumbnailUrl":"https:\/\/beuhparadis.com\/wp-content\/uploads\/2024\/12\/Honey-Bananas-THC-Live-Rosin-Diamonds.webp","datePublished":"2024-12-10T23:39:22+00:00","dateModified":"2025-01-27T04:53:39+00:00","description":"Odkrijte Miel Bananes THC Live Rosin Diamonds na Beuh Paradis, visokokakovostni koncentrat konoplje s sladkimi sadnimi okusi.","breadcrumb":{"@id":"https:\/\/beuhparadis.com\/product\/miel-bananes-thc-live-rosin-diamonds\/#breadcrumb"},"inLanguage":"sl-SI","potentialAction":[{"@type":"ReadAction","target":["https:\/\/beuhparadis.com\/product\/miel-bananes-thc-live-rosin-diamonds\/"]}]},{"@type":"ImageObject","inLanguage":"sl-SI","@id":"https:\/\/beuhparadis.com\/product\/miel-bananes-thc-live-rosin-diamonds\/#primaryimage","url":"https:\/\/beuhparadis.com\/wp-content\/uploads\/2024\/12\/Honey-Bananas-THC-Live-Rosin-Diamonds.webp","contentUrl":"https:\/\/beuhparadis.com\/wp-content\/uploads\/2024\/12\/Honey-Bananas-THC-Live-Rosin-Diamonds.webp","width":399,"height":362},{"@type":"BreadcrumbList","@id":"https:\/\/beuhparadis.com\/product\/miel-bananes-thc-live-rosin-diamonds\/#breadcrumb","itemListElement":[{"@type":"ListItem","position":1,"name":"Home","item":"https:\/\/beuhparadis.com\/"},{"@type":"ListItem","position":2,"name":"Shop","item":"https:\/\/beuhparadis.com\/shop\/"},{"@type":"ListItem","position":3,"name":"Miel Bananes THC Live Rosin Diamonds"}]},{"@type":"WebSite","@id":"https:\/\/beuhparadis.com\/#website","url":"https:\/\/beuhparadis.com\/","name":"Beuh Paradis","description":"","potentialAction":[{"@type":"SearchAction","target":{"@type":"EntryPoint","urlTemplate":"https:\/\/beuhparadis.com\/?s={search_term_string}"},"query-input":{"@type":"PropertyValueSpecification","valueRequired":true,"valueName":"search_term_string"}}],"inLanguage":"sl-SI"}]}},"_links":{"self":[{"href":"https:\/\/beuhparadis.com\/sl\/wp-json\/wp\/v2\/product\/1251","targetHints":{"allow":["GET"]}}],"collection":[{"href":"https:\/\/beuhparadis.com\/sl\/wp-json\/wp\/v2\/product"}],"about":[{"href":"https:\/\/beuhparadis.com\/sl\/wp-json\/wp\/v2\/types\/product"}],"replies":[{"embeddable":true,"href":"https:\/\/beuhparadis.com\/sl\/wp-json\/wp\/v2\/comments?post=1251"}],"wp:featuredmedia":[{"embeddable":true,"href":"https:\/\/beuhparadis.com\/sl\/wp-json\/wp\/v2\/media\/1281"}],"wp:attachment":[{"href":"https:\/\/beuhparadis.com\/sl\/wp-json\/wp\/v2\/media?parent=1251"}],"wp:term":[{"taxonomy":"product_brand","embeddable":true,"href":"https:\/\/beuhparadis.com\/sl\/wp-json\/wp\/v2\/product_brand?post=1251"},{"taxonomy":"product_cat","embeddable":true,"href":"https:\/\/beuhparadis.com\/sl\/wp-json\/wp\/v2\/product_cat?post=1251"},{"taxonomy":"product_tag","embeddable":true,"href":"https:\/\/beuhparadis.com\/sl\/wp-json\/wp\/v2\/product_tag?post=1251"}],"curies":[{"name":"wp","href":"https:\/\/api.w.org\/{rel}","templated":true}]}}