{"id":1235,"date":"2024-12-10T23:39:00","date_gmt":"2024-12-10T23:39:00","guid":{"rendered":"https:\/\/beuhparadis.com\/?post_type=product&#038;p=1235"},"modified":"2025-01-27T04:27:10","modified_gmt":"2025-01-27T04:27:10","slug":"pasteque-zkittlez-thc-diamant","status":"publish","type":"product","link":"https:\/\/beuhparadis.com\/sl\/product\/pasteque-zkittlez-thc-diamant\/","title":{"rendered":"Lubenica Zkittlez THC Diamond"},"content":{"rendered":"<h1>Lubenica Zkittlez THC Diamond<\/h1>\n<p>Le\u00a0<strong>Lubenica Zkittlez THC Diamond<\/strong>\u00a0je vrhunski sev konoplje, ki zdru\u017euje eksoti\u010dne okuse lubenice in bonbonov Zkittlez z izjemno mo\u010djo THC. Ta izdelek je idealen za ljubitelje edinstvenih okusov in mo\u010dnih u\u010dinkov ter je postal nepogre\u0161ljiv v svetu konoplje. Ugotovite, zakaj je Watermelon Zkittlez THC Diamond tako iskan, in ga \u0161e danes naro\u010dite prek spleta za nepozabno izku\u0161njo.<\/p>\n<h2>Kaj je Watermelon Zkittlez THC Diamond?<\/h2>\n<p>Le\u00a0<strong>plevel THC diamant<\/strong>\u00a0je hibridna sorta, ki zdru\u017euje najbolj\u0161e lastnosti sort Watermelon in Zkittlez. Ta sev s sladkim sadnim okusom, ki spominja na lubenico in bonbone, ponuja edinstveno senzori\u010dno izku\u0161njo. Zaradi visoke vsebnosti THC je idealna izbira za tiste, ki i\u0161\u010dejo mo\u010dne in spro\u0161\u010dujo\u010de u\u010dinke.<\/p>\n<h3>\nPrednosti Beuh Diamant?<\/h3>\n<ul>\n<li><strong>Edinstveni okusi :<\/strong>\u00a0Eksplozija sladkih sadnih okusov.<\/li>\n<li><strong>Velika mo\u010d :<\/strong>\u00a0Optimalna raven THC za intenzivne u\u010dinke.<\/li>\n<li><strong>Vrhunska kakovost:<\/strong>\u00a0Skrbno gojene in preizku\u0161ene za zagotavljanje vrhunske kakovosti.<\/li>\n<li><strong>Vsestranskost :<\/strong>\u00a0Idealno za sprostitev, ustvarjalnost in dru\u017eenje.<\/li>\n<\/ul>\n<p>Zakaj izbrati na\u0161 plevel?<\/p>\n<p>V podjetju beuhparadis vam \u017eelimo ponuditi izdelke iz konoplje najvi\u0161je kakovosti. Na\u0161a spletna stran <a href=\"https:\/\/beuhparadis.com\/sl\"><strong>Lubenica Zkittlez THC Diamond<\/strong><\/a>\u00a0je :<\/p>\n<ul>\n<li><strong>100 % Naravni :<\/strong>\u00a0Pridelano brez pesticidov in kemikalij.<\/li>\n<li><strong>Laboratorijsko preizku\u0161eno :<\/strong>\u00a0Zagotovljeno brez kontaminantov in z natan\u010dno dolo\u010deno vsebnostjo THC.<\/li>\n<li><strong>Hitra in diskretna dostava:<\/strong>\u00a0Naro\u010dilo lahko prejmete v popolni zaupnosti.<\/li>\n<\/ul>\n<p>Kako lahko prek spleta kupim travo?<\/p>\n<p>Kupi <strong>Plevel THC Diamond<\/strong>\u00a0\u0161e nikoli ni bilo la\u017eje. Sledite naslednjim korakom:<\/p>\n<ol start=\"1\">\n<li><strong>Prebrskajte na\u0161 katalog :<\/strong>\u00a0Odkrijte na\u0161 izbor vrhunskih izdelkov.<\/li>\n<li><strong>Dodaj v ko\u0161arico :<\/strong>\u00a0Izberite \u017eeleno koli\u010dino.<\/li>\n<li><strong>Potrdite svoje naro\u010dilo:<\/strong>\u00a0Varno pla\u010dilo in prilagodljive mo\u017enosti dostave.<\/li>\n<li><strong>Prejmite in u\u017eivajte:<\/strong>\u00a0Hitra in diskretna dostava do va\u0161ih vrat.<\/li>\n<\/ol>\n<p>Ste pripravljeni na edinstveno izku\u0161njo? Naro\u010dite svojo travo zdaj in u\u017eivajte v vrhunski kakovosti, ki si jo zaslu\u017eite.<\/p>\n<hr \/>\n<p>Pogosto zastavljena vpra\u0161anja<\/p>\n<p><strong>V1: Kak\u0161na je vsebnost THC v travi?<\/strong><br \/>\nO: Vsebnost THC se razlikuje med tistimi, ki zagotavljajo mo\u010dne in dolgotrajne u\u010dinke.<\/p>\n<p><strong>V2: Ali je dostava diskretna?<\/strong><br \/>\nO: Da, vsa na\u0161a naro\u010dila so diskretno zapakirana, da se za\u0161\u010diti va\u0161a zaupnost.<\/p>\n<p><strong>V3: Ali lahko kupujem v razsutem stanju?<\/strong><br \/>\nO: Da, rednim strankam ponujamo mo\u017enosti za prodajo v razsutem stanju. Za ve\u010d informacij nas kontaktirajte.<\/p>\n<hr \/>\n<p>&nbsp;<\/p>\n<div class=\"cbcaa82c\">\n<div class=\"aaff8b8f\">\n<div class=\"cefa5c26\">\n<div class=\"dd442025 b699646e\">\n<div class=\"ec4f5d61\">\n<div class=\"ds-button ds-button--primary ds-button--filled ds-button--rect ds-button--m d9f56c96\" tabindex=\"0\" role=\"button\"><\/div>\n<div class=\"bf38813a\">\n<div class=\"f02f0e25\">\n<div class=\"ds-icon\"><\/div>\n<\/div>\n<div class=\"f6d670\" role=\"button\" aria-disabled=\"false\">\n<div class=\"f286936b\"><\/div>\n<\/div>\n<\/div>\n<\/div>\n<\/div>\n<\/div>\n<\/div>\n<\/div>","protected":false},"excerpt":{"rendered":"<p>Past\u00e8que Zkittlez THC Diamant Le\u00a0Past\u00e8que Zkittlez THC Diamant\u00a0est une vari\u00e9t\u00e9 de cannabis haut de gamme qui combine des ar\u00f4mes exotiques de past\u00e8que et de bonbons Zkittlez avec une puissance THC exceptionnelle. Id\u00e9al pour les amateurs de saveurs uniques et d&#8217;effets puissants, ce produit est devenu un incontournable dans le monde du cannabis. D\u00e9couvrez pourquoi le [&hellip;]<\/p>\n","protected":false},"featured_media":1249,"comment_status":"closed","ping_status":"closed","template":"","meta":{"site-sidebar-layout":"default","site-content-layout":"","ast-site-content-layout":"default","site-content-style":"default","site-sidebar-style":"default","ast-global-header-display":"","ast-banner-title-visibility":"","ast-main-header-display":"","ast-hfb-above-header-display":"","ast-hfb-below-header-display":"","ast-hfb-mobile-header-display":"","site-post-title":"","ast-breadcrumbs-content":"","ast-featured-img":"","footer-sml-layout":"","theme-transparent-header-meta":"default","adv-header-id-meta":"","stick-header-meta":"","header-above-stick-meta":"","header-main-stick-meta":"","header-below-stick-meta":"","astra-migrate-meta-layouts":"set","ast-page-background-enabled":"default","ast-page-background-meta":{"desktop":{"background-color":"","background-image":"","background-repeat":"repeat","background-position":"center center","background-size":"auto","background-attachment":"scroll","background-type":"","background-media":"","overlay-type":"","overlay-color":"","overlay-opacity":"","overlay-gradient":""},"tablet":{"background-color":"","background-image":"","background-repeat":"repeat","background-position":"center center","background-size":"auto","background-attachment":"scroll","background-type":"","background-media":"","overlay-type":"","overlay-color":"","overlay-opacity":"","overlay-gradient":""},"mobile":{"background-color":"","background-image":"","background-repeat":"repeat","background-position":"center center","background-size":"auto","background-attachment":"scroll","background-type":"","background-media":"","overlay-type":"","overlay-color":"","overlay-opacity":"","overlay-gradient":""}},"ast-content-background-meta":{"desktop":{"background-color":"var(--ast-global-color-5)","background-image":"","background-repeat":"repeat","background-position":"center center","background-size":"auto","background-attachment":"scroll","background-type":"","background-media":"","overlay-type":"","overlay-color":"","overlay-opacity":"","overlay-gradient":""},"tablet":{"background-color":"var(--ast-global-color-5)","background-image":"","background-repeat":"repeat","background-position":"center center","background-size":"auto","background-attachment":"scroll","background-type":"","background-media":"","overlay-type":"","overlay-color":"","overlay-opacity":"","overlay-gradient":""},"mobile":{"background-color":"var(--ast-global-color-5)","background-image":"","background-repeat":"repeat","background-position":"center center","background-size":"auto","background-attachment":"scroll","background-type":"","background-media":"","overlay-type":"","overlay-color":"","overlay-opacity":"","overlay-gradient":""}},"_joinchat":[]},"product_brand":[],"product_cat":[34],"product_tag":[],"class_list":{"0":"post-1235","1":"product","2":"type-product","3":"status-publish","4":"has-post-thumbnail","6":"product_cat-diamant-de-thc","7":"desktop-align-left","8":"tablet-align-left","9":"mobile-align-left","11":"first","12":"instock","13":"shipping-taxable","14":"purchasable","15":"product-type-variable"},"yoast_head":"<!-- This site is optimized with the Yoast SEO Premium plugin v24.1 (Yoast SEO v26.8) - https:\/\/yoast.com\/product\/yoast-seo-premium-wordpress\/ -->\n<title>Acheter Past\u00e8que Zkittlez THC Diamant \u2013 Cannabis Premium<\/title>\n<meta name=\"description\" content=\"D\u00e9couvrez Past\u00e8que Zkittlez THC Diamant, une vari\u00e9t\u00e9 exceptionnelle avec des saveurs fruit\u00e9es et un effet puissant. Livraison rapide et discr\u00e8te en France.\" \/>\n<meta name=\"robots\" content=\"index, follow, max-snippet:-1, max-image-preview:large, max-video-preview:-1\" \/>\n<link rel=\"canonical\" href=\"https:\/\/beuhparadis.com\/sl\/product\/pasteque-zkittlez-thc-diamant\/\" \/>\n<meta property=\"og:locale\" content=\"sl_SI\" \/>\n<meta property=\"og:type\" content=\"article\" \/>\n<meta property=\"og:title\" content=\"Past\u00e8que Zkittlez THC Diamant\" \/>\n<meta property=\"og:description\" content=\"D\u00e9couvrez Past\u00e8que Zkittlez THC Diamant, une vari\u00e9t\u00e9 exceptionnelle avec des saveurs fruit\u00e9es et un effet puissant. Livraison rapide et discr\u00e8te en France.\" \/>\n<meta property=\"og:url\" content=\"https:\/\/beuhparadis.com\/sl\/product\/pasteque-zkittlez-thc-diamant\/\" \/>\n<meta property=\"og:site_name\" content=\"Beuh Paradis\" \/>\n<meta property=\"article:modified_time\" content=\"2025-01-27T04:27:10+00:00\" \/>\n<meta property=\"og:image\" content=\"https:\/\/beuhparadis.com\/wp-content\/uploads\/2024\/12\/Watermelon-Zkittlez-THC-Diamond.webp\" \/>\n\t<meta property=\"og:image:width\" content=\"361\" \/>\n\t<meta property=\"og:image:height\" content=\"336\" \/>\n\t<meta property=\"og:image:type\" content=\"image\/webp\" \/>\n<meta name=\"twitter:card\" content=\"summary_large_image\" \/>\n<meta name=\"twitter:label1\" content=\"Est. reading time\" \/>\n\t<meta name=\"twitter:data1\" content=\"2 minutes\" \/>\n<script type=\"application\/ld+json\" class=\"yoast-schema-graph\">{\"@context\":\"https:\/\/schema.org\",\"@graph\":[{\"@type\":\"WebPage\",\"@id\":\"https:\/\/beuhparadis.com\/product\/pasteque-zkittlez-thc-diamant\/\",\"url\":\"https:\/\/beuhparadis.com\/product\/pasteque-zkittlez-thc-diamant\/\",\"name\":\"Acheter Past\u00e8que Zkittlez THC Diamant \u2013 Cannabis Premium\",\"isPartOf\":{\"@id\":\"https:\/\/beuhparadis.com\/#website\"},\"primaryImageOfPage\":{\"@id\":\"https:\/\/beuhparadis.com\/product\/pasteque-zkittlez-thc-diamant\/#primaryimage\"},\"image\":{\"@id\":\"https:\/\/beuhparadis.com\/product\/pasteque-zkittlez-thc-diamant\/#primaryimage\"},\"thumbnailUrl\":\"https:\/\/beuhparadis.com\/wp-content\/uploads\/2024\/12\/Watermelon-Zkittlez-THC-Diamond.webp\",\"datePublished\":\"2024-12-10T23:39:00+00:00\",\"dateModified\":\"2025-01-27T04:27:10+00:00\",\"description\":\"D\u00e9couvrez Past\u00e8que Zkittlez THC Diamant, une vari\u00e9t\u00e9 exceptionnelle avec des saveurs fruit\u00e9es et un effet puissant. Livraison rapide et discr\u00e8te en France.\",\"breadcrumb\":{\"@id\":\"https:\/\/beuhparadis.com\/product\/pasteque-zkittlez-thc-diamant\/#breadcrumb\"},\"inLanguage\":\"sl-SI\",\"potentialAction\":[{\"@type\":\"ReadAction\",\"target\":[\"https:\/\/beuhparadis.com\/product\/pasteque-zkittlez-thc-diamant\/\"]}]},{\"@type\":\"ImageObject\",\"inLanguage\":\"sl-SI\",\"@id\":\"https:\/\/beuhparadis.com\/product\/pasteque-zkittlez-thc-diamant\/#primaryimage\",\"url\":\"https:\/\/beuhparadis.com\/wp-content\/uploads\/2024\/12\/Watermelon-Zkittlez-THC-Diamond.webp\",\"contentUrl\":\"https:\/\/beuhparadis.com\/wp-content\/uploads\/2024\/12\/Watermelon-Zkittlez-THC-Diamond.webp\",\"width\":361,\"height\":336},{\"@type\":\"BreadcrumbList\",\"@id\":\"https:\/\/beuhparadis.com\/product\/pasteque-zkittlez-thc-diamant\/#breadcrumb\",\"itemListElement\":[{\"@type\":\"ListItem\",\"position\":1,\"name\":\"Home\",\"item\":\"https:\/\/beuhparadis.com\/\"},{\"@type\":\"ListItem\",\"position\":2,\"name\":\"Shop\",\"item\":\"https:\/\/beuhparadis.com\/shop\/\"},{\"@type\":\"ListItem\",\"position\":3,\"name\":\"Past\u00e8que Zkittlez THC Diamant\"}]},{\"@type\":\"WebSite\",\"@id\":\"https:\/\/beuhparadis.com\/#website\",\"url\":\"https:\/\/beuhparadis.com\/\",\"name\":\"Beuh Paradis\",\"description\":\"\",\"potentialAction\":[{\"@type\":\"SearchAction\",\"target\":{\"@type\":\"EntryPoint\",\"urlTemplate\":\"https:\/\/beuhparadis.com\/?s={search_term_string}\"},\"query-input\":{\"@type\":\"PropertyValueSpecification\",\"valueRequired\":true,\"valueName\":\"search_term_string\"}}],\"inLanguage\":\"sl-SI\"}]}<\/script>\n<!-- \/ Yoast SEO Premium plugin. -->","yoast_head_json":{"title":"Kupi Watermelon Zkittlez THC Diamond - Cannabis Premium","description":"Odkrijte Watermelon Zkittlez THC Diamond, izjemno sorto s sadnim okusom in mo\u010dnim u\u010dinkom. Hitra in diskretna dostava v Franciji.","robots":{"index":"index","follow":"follow","max-snippet":"max-snippet:-1","max-image-preview":"max-image-preview:large","max-video-preview":"max-video-preview:-1"},"canonical":"https:\/\/beuhparadis.com\/sl\/product\/pasteque-zkittlez-thc-diamant\/","og_locale":"sl_SI","og_type":"article","og_title":"Past\u00e8que Zkittlez THC Diamant","og_description":"D\u00e9couvrez Past\u00e8que Zkittlez THC Diamant, une vari\u00e9t\u00e9 exceptionnelle avec des saveurs fruit\u00e9es et un effet puissant. Livraison rapide et discr\u00e8te en France.","og_url":"https:\/\/beuhparadis.com\/sl\/product\/pasteque-zkittlez-thc-diamant\/","og_site_name":"Beuh Paradis","article_modified_time":"2025-01-27T04:27:10+00:00","og_image":[{"width":361,"height":336,"url":"https:\/\/beuhparadis.com\/wp-content\/uploads\/2024\/12\/Watermelon-Zkittlez-THC-Diamond.webp","type":"image\/webp"}],"twitter_card":"summary_large_image","twitter_misc":{"Est. reading time":"2 minutes"},"schema":{"@context":"https:\/\/schema.org","@graph":[{"@type":"WebPage","@id":"https:\/\/beuhparadis.com\/product\/pasteque-zkittlez-thc-diamant\/","url":"https:\/\/beuhparadis.com\/product\/pasteque-zkittlez-thc-diamant\/","name":"Kupi Watermelon Zkittlez THC Diamond - Cannabis Premium","isPartOf":{"@id":"https:\/\/beuhparadis.com\/#website"},"primaryImageOfPage":{"@id":"https:\/\/beuhparadis.com\/product\/pasteque-zkittlez-thc-diamant\/#primaryimage"},"image":{"@id":"https:\/\/beuhparadis.com\/product\/pasteque-zkittlez-thc-diamant\/#primaryimage"},"thumbnailUrl":"https:\/\/beuhparadis.com\/wp-content\/uploads\/2024\/12\/Watermelon-Zkittlez-THC-Diamond.webp","datePublished":"2024-12-10T23:39:00+00:00","dateModified":"2025-01-27T04:27:10+00:00","description":"Odkrijte Watermelon Zkittlez THC Diamond, izjemno sorto s sadnim okusom in mo\u010dnim u\u010dinkom. Hitra in diskretna dostava v Franciji.","breadcrumb":{"@id":"https:\/\/beuhparadis.com\/product\/pasteque-zkittlez-thc-diamant\/#breadcrumb"},"inLanguage":"sl-SI","potentialAction":[{"@type":"ReadAction","target":["https:\/\/beuhparadis.com\/product\/pasteque-zkittlez-thc-diamant\/"]}]},{"@type":"ImageObject","inLanguage":"sl-SI","@id":"https:\/\/beuhparadis.com\/product\/pasteque-zkittlez-thc-diamant\/#primaryimage","url":"https:\/\/beuhparadis.com\/wp-content\/uploads\/2024\/12\/Watermelon-Zkittlez-THC-Diamond.webp","contentUrl":"https:\/\/beuhparadis.com\/wp-content\/uploads\/2024\/12\/Watermelon-Zkittlez-THC-Diamond.webp","width":361,"height":336},{"@type":"BreadcrumbList","@id":"https:\/\/beuhparadis.com\/product\/pasteque-zkittlez-thc-diamant\/#breadcrumb","itemListElement":[{"@type":"ListItem","position":1,"name":"Home","item":"https:\/\/beuhparadis.com\/"},{"@type":"ListItem","position":2,"name":"Shop","item":"https:\/\/beuhparadis.com\/shop\/"},{"@type":"ListItem","position":3,"name":"Past\u00e8que Zkittlez THC Diamant"}]},{"@type":"WebSite","@id":"https:\/\/beuhparadis.com\/#website","url":"https:\/\/beuhparadis.com\/","name":"Beuh Paradis","description":"","potentialAction":[{"@type":"SearchAction","target":{"@type":"EntryPoint","urlTemplate":"https:\/\/beuhparadis.com\/?s={search_term_string}"},"query-input":{"@type":"PropertyValueSpecification","valueRequired":true,"valueName":"search_term_string"}}],"inLanguage":"sl-SI"}]}},"_links":{"self":[{"href":"https:\/\/beuhparadis.com\/sl\/wp-json\/wp\/v2\/product\/1235","targetHints":{"allow":["GET"]}}],"collection":[{"href":"https:\/\/beuhparadis.com\/sl\/wp-json\/wp\/v2\/product"}],"about":[{"href":"https:\/\/beuhparadis.com\/sl\/wp-json\/wp\/v2\/types\/product"}],"replies":[{"embeddable":true,"href":"https:\/\/beuhparadis.com\/sl\/wp-json\/wp\/v2\/comments?post=1235"}],"wp:featuredmedia":[{"embeddable":true,"href":"https:\/\/beuhparadis.com\/sl\/wp-json\/wp\/v2\/media\/1249"}],"wp:attachment":[{"href":"https:\/\/beuhparadis.com\/sl\/wp-json\/wp\/v2\/media?parent=1235"}],"wp:term":[{"taxonomy":"product_brand","embeddable":true,"href":"https:\/\/beuhparadis.com\/sl\/wp-json\/wp\/v2\/product_brand?post=1235"},{"taxonomy":"product_cat","embeddable":true,"href":"https:\/\/beuhparadis.com\/sl\/wp-json\/wp\/v2\/product_cat?post=1235"},{"taxonomy":"product_tag","embeddable":true,"href":"https:\/\/beuhparadis.com\/sl\/wp-json\/wp\/v2\/product_tag?post=1235"}],"curies":[{"name":"wp","href":"https:\/\/api.w.org\/{rel}","templated":true}]}}