{"id":1230,"date":"2024-12-10T23:39:00","date_gmt":"2024-12-10T23:39:00","guid":{"rendered":"https:\/\/beuhparadis.com\/?post_type=product&#038;p=1230"},"modified":"2025-01-27T04:11:58","modified_gmt":"2025-01-27T04:11:58","slug":"alien-og","status":"publish","type":"product","link":"https:\/\/beuhparadis.com\/sl\/product\/alien-og\/","title":{"rendered":"Alien OG"},"content":{"rendered":"<h1 class=\"wp-block-heading\">Alien OG Weed: intenziven hibrid s cerebralnimi u\u010dinki<\/h1>\n<h3 class=\"wp-block-heading\">Informacije o La Souche<\/h3>\n<ul class=\"wp-block-list\">\n<li>Alien OG Weed, znan tudi kot Alien OG Kush, je hibrid, ki je rezultat kri\u017eanja med Tahoe OG in Alien Kush.<\/li>\n<li>Prvi\u010d je na voljo v obliki klona v Kalifornijskem zalivu, zdaj pa je na voljo prek acheterducannabis.<\/li>\n<li>Ima zna\u010dilno aromo in okus po limoni in boru, ki sta zna\u010dilna za OG.<\/li>\n<li>Intenzivnost njegovega u\u010dinka zdru\u017euje te\u017eke telesne ob\u010dutke s psihedeli\u010dnim mo\u017eganskim \u0161umenjem. Za\u010detniki naj se ga lotijo previdno.<\/li>\n<\/ul>\n<h2 class=\"wp-block-heading\">THC in CBD<\/h2>\n<ul class=\"wp-block-list\">\n<li>Alien OG ima visok odstotek 24% THC, kar zagotavlja mo\u010dno izku\u0161njo z malo CBD.<\/li>\n<\/ul>\n<h2 class=\"wp-block-heading\">Kje lahko na spletu kupim OG Weed?<\/h2>\n<ul class=\"wp-block-list\">\n<li>Nakup Alien OG Weed na spletu je enostaven zaradi <a href=\"https:\/\/beuhparadis.com\/sl\/product\/lions-cake\/\" data-type=\"link\" data-id=\"https:\/\/acheterducannabis.fr\/\">beuhparadis<\/a>va\u0161 zaupanja vreden vir za vrhunske sorte konoplje v Evropi.<\/li>\n<\/ul>\n<h2 class=\"wp-block-heading\">U\u010dinki, vonj in okus<\/h2>\n<h3 class=\"wp-block-heading\">U\u010dinek<\/h3>\n<ul class=\"wp-block-list\">\n<li>Evfori\u010dni<\/li>\n<li>Spodbuja apetit<\/li>\n<li>Razveseljiv<\/li>\n<\/ul>\n<h3 class=\"wp-block-heading\">Aroma<\/h3>\n<ul class=\"wp-block-list\">\n<li>Pine<\/li>\n<li>Lemon<\/li>\n<li>Zemeljski<\/li>\n<\/ul>\n<h3 class=\"wp-block-heading\">Okusi<\/h3>\n<ul class=\"wp-block-list\">\n<li>Pine<\/li>\n<li>Lemon<\/li>\n<li>Zemeljski<\/li>\n<\/ul>\n<h2 class=\"wp-block-heading\">Zdravstveni u\u010dinki<\/h2>\n<p>Alien OG se posku\u0161a razbremeniti :<\/p>\n<ul class=\"wp-block-list\">\n<li>Stres<\/li>\n<li>Anksioznost<\/li>\n<li>Bole\u010dina<\/li>\n<\/ul>\n<h2 class=\"wp-block-heading\">Zakaj kupiti travo pri beuhparadisu?<\/h2>\n<p>Acheterducannabis se zavzema za zagotavljanje visokokakovostnih sevov konoplje, kot je Alien OG, ter zagotavlja optimalno uporabni\u0161ko izku\u0161njo in skladnost z evropskimi zakoni.<\/p>\n<h2 class=\"wp-block-heading\">Evropska zakonodaja o prodaji tega seva<\/h2>\n<p>V skladu z evropsko zakonodajo se Alien OG prodaja zakonito, kar zagotavlja varno in urejeno distribucijo po vsej celini.<\/p>\n<p>Plevel Alien OG odlikuje mo\u010dan u\u010dinek, ki odli\u010dno zdru\u017euje intenzivne telesne ob\u010dutke s skoraj psihedeli\u010dnim mo\u017eganskim u\u010dinkom. Z okusom borovca in limone ponuja edinstveno izku\u0161njo za izku\u0161ene uporabnike, ki i\u0161\u010dejo zelo vplivne sorte. Naro\u010dite zdaj pri Acheterducannabis za hitro in natan\u010dno dostavo va\u0161ega A<a href=\"https:\/\/www.leafly.com\/strains\/alien-og\" data-type=\"link\" data-id=\"https:\/\/www.leafly.com\/strains\/alien-og\">OG povezava<\/a> Plevel v Evropi.<\/p>","protected":false},"excerpt":{"rendered":"<p><strong>THC :<\/strong> 22 % - 28 %, CBD : 1 %, CBN : 1 % <strong>U\u010dinki<\/strong> Evforija, Sre\u010dno, spro\u0161\u010dujo\u010de, mravljin\u010denje <strong>Lahko olaj\u0161a<\/strong> Anksioznost, kroni\u010dna bole\u010dina, utrujenost, slabost, stres<\/p>","protected":false},"featured_media":1248,"comment_status":"closed","ping_status":"closed","template":"","meta":{"site-sidebar-layout":"default","site-content-layout":"","ast-site-content-layout":"default","site-content-style":"default","site-sidebar-style":"default","ast-global-header-display":"","ast-banner-title-visibility":"","ast-main-header-display":"","ast-hfb-above-header-display":"","ast-hfb-below-header-display":"","ast-hfb-mobile-header-display":"","site-post-title":"","ast-breadcrumbs-content":"","ast-featured-img":"","footer-sml-layout":"","theme-transparent-header-meta":"default","adv-header-id-meta":"","stick-header-meta":"","header-above-stick-meta":"","header-main-stick-meta":"","header-below-stick-meta":"","astra-migrate-meta-layouts":"set","ast-page-background-enabled":"default","ast-page-background-meta":{"desktop":{"background-color":"","background-image":"","background-repeat":"repeat","background-position":"center center","background-size":"auto","background-attachment":"scroll","background-type":"","background-media":"","overlay-type":"","overlay-color":"","overlay-opacity":"","overlay-gradient":""},"tablet":{"background-color":"","background-image":"","background-repeat":"repeat","background-position":"center center","background-size":"auto","background-attachment":"scroll","background-type":"","background-media":"","overlay-type":"","overlay-color":"","overlay-opacity":"","overlay-gradient":""},"mobile":{"background-color":"","background-image":"","background-repeat":"repeat","background-position":"center center","background-size":"auto","background-attachment":"scroll","background-type":"","background-media":"","overlay-type":"","overlay-color":"","overlay-opacity":"","overlay-gradient":""}},"ast-content-background-meta":{"desktop":{"background-color":"var(--ast-global-color-5)","background-image":"","background-repeat":"repeat","background-position":"center center","background-size":"auto","background-attachment":"scroll","background-type":"","background-media":"","overlay-type":"","overlay-color":"","overlay-opacity":"","overlay-gradient":""},"tablet":{"background-color":"var(--ast-global-color-5)","background-image":"","background-repeat":"repeat","background-position":"center center","background-size":"auto","background-attachment":"scroll","background-type":"","background-media":"","overlay-type":"","overlay-color":"","overlay-opacity":"","overlay-gradient":""},"mobile":{"background-color":"var(--ast-global-color-5)","background-image":"","background-repeat":"repeat","background-position":"center center","background-size":"auto","background-attachment":"scroll","background-type":"","background-media":"","overlay-type":"","overlay-color":"","overlay-opacity":"","overlay-gradient":""}},"_joinchat":[]},"product_brand":[],"product_cat":[32,33],"product_tag":[],"class_list":{"0":"post-1230","1":"product","2":"type-product","3":"status-publish","4":"has-post-thumbnail","6":"product_cat-fleur-de-chanvre","7":"product_cat-thc-beuh","8":"desktop-align-left","9":"tablet-align-left","10":"mobile-align-left","12":"first","13":"instock","14":"shipping-taxable","15":"purchasable","16":"product-type-variable"},"yoast_head":"<!-- This site is optimized with the Yoast SEO Premium plugin v24.1 (Yoast SEO v26.8) - https:\/\/yoast.com\/product\/yoast-seo-premium-wordpress\/ -->\n<title>Acheter Alien OG Weed \u2013 Cannabis Puissant et Aromatique<\/title>\n<meta name=\"description\" content=\"D\u00e9couvrez Alien OG Weed, une vari\u00e9t\u00e9 de cannabis premium reconnue pour sa puissance et ses ar\u00f4mes terreux et citronn\u00e9s. Commandez avec livraison rapide\" \/>\n<meta name=\"robots\" content=\"index, follow, max-snippet:-1, max-image-preview:large, max-video-preview:-1\" \/>\n<link rel=\"canonical\" href=\"https:\/\/beuhparadis.com\/sl\/product\/alien-og\/\" \/>\n<meta property=\"og:locale\" content=\"sl_SI\" \/>\n<meta property=\"og:type\" content=\"article\" \/>\n<meta property=\"og:title\" content=\"Alien OG\" \/>\n<meta property=\"og:description\" content=\"D\u00e9couvrez Alien OG Weed, une vari\u00e9t\u00e9 de cannabis premium reconnue pour sa puissance et ses ar\u00f4mes terreux et citronn\u00e9s. Commandez avec livraison rapide\" \/>\n<meta property=\"og:url\" content=\"https:\/\/beuhparadis.com\/sl\/product\/alien-og\/\" \/>\n<meta property=\"og:site_name\" content=\"Beuh Paradis\" \/>\n<meta property=\"article:modified_time\" content=\"2025-01-27T04:11:58+00:00\" \/>\n<meta property=\"og:image\" content=\"https:\/\/beuhparadis.com\/wp-content\/uploads\/2024\/12\/Alien-OG.webp\" \/>\n\t<meta property=\"og:image:width\" content=\"629\" \/>\n\t<meta property=\"og:image:height\" content=\"680\" \/>\n\t<meta property=\"og:image:type\" content=\"image\/webp\" \/>\n<meta name=\"twitter:card\" content=\"summary_large_image\" \/>\n<meta name=\"twitter:label1\" content=\"Est. reading time\" \/>\n\t<meta name=\"twitter:data1\" content=\"2 minutes\" \/>\n<script type=\"application\/ld+json\" class=\"yoast-schema-graph\">{\"@context\":\"https:\/\/schema.org\",\"@graph\":[{\"@type\":\"WebPage\",\"@id\":\"https:\/\/beuhparadis.com\/product\/alien-og\/\",\"url\":\"https:\/\/beuhparadis.com\/product\/alien-og\/\",\"name\":\"Acheter Alien OG Weed \u2013 Cannabis Puissant et Aromatique\",\"isPartOf\":{\"@id\":\"https:\/\/beuhparadis.com\/#website\"},\"primaryImageOfPage\":{\"@id\":\"https:\/\/beuhparadis.com\/product\/alien-og\/#primaryimage\"},\"image\":{\"@id\":\"https:\/\/beuhparadis.com\/product\/alien-og\/#primaryimage\"},\"thumbnailUrl\":\"https:\/\/beuhparadis.com\/wp-content\/uploads\/2024\/12\/Alien-OG.webp\",\"datePublished\":\"2024-12-10T23:39:00+00:00\",\"dateModified\":\"2025-01-27T04:11:58+00:00\",\"description\":\"D\u00e9couvrez Alien OG Weed, une vari\u00e9t\u00e9 de cannabis premium reconnue pour sa puissance et ses ar\u00f4mes terreux et citronn\u00e9s. Commandez avec livraison rapide\",\"breadcrumb\":{\"@id\":\"https:\/\/beuhparadis.com\/product\/alien-og\/#breadcrumb\"},\"inLanguage\":\"sl-SI\",\"potentialAction\":[{\"@type\":\"ReadAction\",\"target\":[\"https:\/\/beuhparadis.com\/product\/alien-og\/\"]}]},{\"@type\":\"ImageObject\",\"inLanguage\":\"sl-SI\",\"@id\":\"https:\/\/beuhparadis.com\/product\/alien-og\/#primaryimage\",\"url\":\"https:\/\/beuhparadis.com\/wp-content\/uploads\/2024\/12\/Alien-OG.webp\",\"contentUrl\":\"https:\/\/beuhparadis.com\/wp-content\/uploads\/2024\/12\/Alien-OG.webp\",\"width\":629,\"height\":680,\"caption\":\"Alien OG Weed\"},{\"@type\":\"BreadcrumbList\",\"@id\":\"https:\/\/beuhparadis.com\/product\/alien-og\/#breadcrumb\",\"itemListElement\":[{\"@type\":\"ListItem\",\"position\":1,\"name\":\"Home\",\"item\":\"https:\/\/beuhparadis.com\/\"},{\"@type\":\"ListItem\",\"position\":2,\"name\":\"Shop\",\"item\":\"https:\/\/beuhparadis.com\/shop\/\"},{\"@type\":\"ListItem\",\"position\":3,\"name\":\"Alien OG\"}]},{\"@type\":\"WebSite\",\"@id\":\"https:\/\/beuhparadis.com\/#website\",\"url\":\"https:\/\/beuhparadis.com\/\",\"name\":\"Beuh Paradis\",\"description\":\"\",\"potentialAction\":[{\"@type\":\"SearchAction\",\"target\":{\"@type\":\"EntryPoint\",\"urlTemplate\":\"https:\/\/beuhparadis.com\/?s={search_term_string}\"},\"query-input\":{\"@type\":\"PropertyValueSpecification\",\"valueRequired\":true,\"valueName\":\"search_term_string\"}}],\"inLanguage\":\"sl-SI\"}]}<\/script>\n<!-- \/ Yoast SEO Premium plugin. -->","yoast_head_json":{"title":"Nakup Alien OG Weed - Mo\u010dna in aromati\u010dna konoplja","description":"Odkrijte Alien OG Weed, vrhunsko sorto konoplje, ki slovi po svoji mo\u010di in zemeljskih, limoninih okusih. Naro\u010dite s hitro dostavo","robots":{"index":"index","follow":"follow","max-snippet":"max-snippet:-1","max-image-preview":"max-image-preview:large","max-video-preview":"max-video-preview:-1"},"canonical":"https:\/\/beuhparadis.com\/sl\/product\/alien-og\/","og_locale":"sl_SI","og_type":"article","og_title":"Alien OG","og_description":"D\u00e9couvrez Alien OG Weed, une vari\u00e9t\u00e9 de cannabis premium reconnue pour sa puissance et ses ar\u00f4mes terreux et citronn\u00e9s. Commandez avec livraison rapide","og_url":"https:\/\/beuhparadis.com\/sl\/product\/alien-og\/","og_site_name":"Beuh Paradis","article_modified_time":"2025-01-27T04:11:58+00:00","og_image":[{"width":629,"height":680,"url":"https:\/\/beuhparadis.com\/wp-content\/uploads\/2024\/12\/Alien-OG.webp","type":"image\/webp"}],"twitter_card":"summary_large_image","twitter_misc":{"Est. reading time":"2 minutes"},"schema":{"@context":"https:\/\/schema.org","@graph":[{"@type":"WebPage","@id":"https:\/\/beuhparadis.com\/product\/alien-og\/","url":"https:\/\/beuhparadis.com\/product\/alien-og\/","name":"Nakup Alien OG Weed - Mo\u010dna in aromati\u010dna konoplja","isPartOf":{"@id":"https:\/\/beuhparadis.com\/#website"},"primaryImageOfPage":{"@id":"https:\/\/beuhparadis.com\/product\/alien-og\/#primaryimage"},"image":{"@id":"https:\/\/beuhparadis.com\/product\/alien-og\/#primaryimage"},"thumbnailUrl":"https:\/\/beuhparadis.com\/wp-content\/uploads\/2024\/12\/Alien-OG.webp","datePublished":"2024-12-10T23:39:00+00:00","dateModified":"2025-01-27T04:11:58+00:00","description":"Odkrijte Alien OG Weed, vrhunsko sorto konoplje, ki slovi po svoji mo\u010di in zemeljskih, limoninih okusih. Naro\u010dite s hitro dostavo","breadcrumb":{"@id":"https:\/\/beuhparadis.com\/product\/alien-og\/#breadcrumb"},"inLanguage":"sl-SI","potentialAction":[{"@type":"ReadAction","target":["https:\/\/beuhparadis.com\/product\/alien-og\/"]}]},{"@type":"ImageObject","inLanguage":"sl-SI","@id":"https:\/\/beuhparadis.com\/product\/alien-og\/#primaryimage","url":"https:\/\/beuhparadis.com\/wp-content\/uploads\/2024\/12\/Alien-OG.webp","contentUrl":"https:\/\/beuhparadis.com\/wp-content\/uploads\/2024\/12\/Alien-OG.webp","width":629,"height":680,"caption":"Alien OG Weed"},{"@type":"BreadcrumbList","@id":"https:\/\/beuhparadis.com\/product\/alien-og\/#breadcrumb","itemListElement":[{"@type":"ListItem","position":1,"name":"Home","item":"https:\/\/beuhparadis.com\/"},{"@type":"ListItem","position":2,"name":"Shop","item":"https:\/\/beuhparadis.com\/shop\/"},{"@type":"ListItem","position":3,"name":"Alien OG"}]},{"@type":"WebSite","@id":"https:\/\/beuhparadis.com\/#website","url":"https:\/\/beuhparadis.com\/","name":"Beuh Paradis","description":"","potentialAction":[{"@type":"SearchAction","target":{"@type":"EntryPoint","urlTemplate":"https:\/\/beuhparadis.com\/?s={search_term_string}"},"query-input":{"@type":"PropertyValueSpecification","valueRequired":true,"valueName":"search_term_string"}}],"inLanguage":"sl-SI"}]}},"_links":{"self":[{"href":"https:\/\/beuhparadis.com\/sl\/wp-json\/wp\/v2\/product\/1230","targetHints":{"allow":["GET"]}}],"collection":[{"href":"https:\/\/beuhparadis.com\/sl\/wp-json\/wp\/v2\/product"}],"about":[{"href":"https:\/\/beuhparadis.com\/sl\/wp-json\/wp\/v2\/types\/product"}],"replies":[{"embeddable":true,"href":"https:\/\/beuhparadis.com\/sl\/wp-json\/wp\/v2\/comments?post=1230"}],"wp:featuredmedia":[{"embeddable":true,"href":"https:\/\/beuhparadis.com\/sl\/wp-json\/wp\/v2\/media\/1248"}],"wp:attachment":[{"href":"https:\/\/beuhparadis.com\/sl\/wp-json\/wp\/v2\/media?parent=1230"}],"wp:term":[{"taxonomy":"product_brand","embeddable":true,"href":"https:\/\/beuhparadis.com\/sl\/wp-json\/wp\/v2\/product_brand?post=1230"},{"taxonomy":"product_cat","embeddable":true,"href":"https:\/\/beuhparadis.com\/sl\/wp-json\/wp\/v2\/product_cat?post=1230"},{"taxonomy":"product_tag","embeddable":true,"href":"https:\/\/beuhparadis.com\/sl\/wp-json\/wp\/v2\/product_tag?post=1230"}],"curies":[{"name":"wp","href":"https:\/\/api.w.org\/{rel}","templated":true}]}}