{"id":1225,"date":"2024-12-10T23:39:00","date_gmt":"2024-12-10T23:39:00","guid":{"rendered":"https:\/\/beuhparadis.com\/?post_type=product&#038;p=1225"},"modified":"2025-01-27T04:06:51","modified_gmt":"2025-01-27T04:06:51","slug":"apple-fritter","status":"publish","type":"product","link":"https:\/\/beuhparadis.com\/sl\/product\/apple-fritter\/","title":{"rendered":"Apple Fritter"},"content":{"rendered":"<h1 class=\"wp-block-heading\">Plevel Apple Fritter: mo\u010dan in spro\u0161\u010dujo\u010d hibrid<\/h1>\n<h3 class=\"wp-block-heading\">Informacije o La Souche<\/h3>\n<ul class=\"wp-block-list\">\n<li>Apple Fritter je hibridni sev konoplje, znan po mo\u010dnem, spro\u0161\u010dujo\u010dem u\u010dinku.<\/li>\n<li>Ta sorta, ki jo proizvaja Lumpy's Flowers, je kri\u017eanec med sortama Sour Apple in Animal Cookies.<\/li>\n<li>Uporabniki poro\u010dajo, da se po zau\u017eitju po\u010dutijo spro\u0161\u010deno, sre\u010dno in po\u017eivljeno.<\/li>\n<li>Vsebnost THC je 24%, medtem ko je vsebnost CBD ni\u017eja, kar zagotavlja popolno ravnovesje za popoln u\u010dinek.<\/li>\n<\/ul>\n<h2 class=\"wp-block-heading\">Kje lahko kupim Apple Fritter Weed na spletu?<\/h2>\n<p>Na voljo pri <a href=\"https:\/\/beuhparadis.com\/sl\/product\/huile-de-cannabis-tangie-og-thc\/\">beuhparadis<\/a>\u00a0va\u0161a zaupanja vredna spletna trgovina za vrhunske sorte, ki vam jih dostavijo naravnost na vrata v skladu z evropsko zakonodajo.<\/p>\n<h2 class=\"wp-block-heading\">U\u010dinki, vonj in okus<\/h2>\n<h3 class=\"wp-block-heading\">U\u010dinek<\/h3>\n<ul class=\"wp-block-list\">\n<li>Sprostitev<\/li>\n<li>Ob\u010dutek mravljin\u010denja<\/li>\n<li>Evforija<\/li>\n<\/ul>\n<h3 class=\"wp-block-heading\">Aroma<\/h3>\n<ul class=\"wp-block-list\">\n<li>Zemeljsko in sladko, z rahlim pridihom jabol\u010dnega peciva in sira.<\/li>\n<\/ul>\n<h3 class=\"wp-block-heading\">Okusi<\/h3>\n<ul class=\"wp-block-list\">\n<li>Apple<\/li>\n<li>Maslo<\/li>\n<li>Sir<\/li>\n<\/ul>\n<h2 class=\"wp-block-heading\">Zdravstveni u\u010dinki<\/h2>\n<p>Apple Fritter je izbran za pomo\u010d pri laj\u0161anju :<\/p>\n<ul class=\"wp-block-list\">\n<li>Anksioznost<\/li>\n<li>Stres<\/li>\n<li>Depresija<\/li>\n<\/ul>\n<h2 class=\"wp-block-heading\">Zakaj kupiti Apple Fritter Weed pri Acheterducannabis?<\/h2>\n<p>Acheterducannabis je va\u0161a idealna destinacija za visokokakovostne sorte konoplje, kot je Apple Fritter. Zavezani smo k zagotavljanju preizku\u0161enih in skladnih izdelkov, da bi zagotovili va\u0161e popolno zadovoljstvo.<\/p>\n<h2 class=\"wp-block-heading\">Evropska zakonodaja o prodaji tega seva<\/h2>\n<p>Apple Fritter se prodaja v skladu z evropskimi zakoni in zagotavlja zakonito in varno distribucijo, kar na\u0161im strankam po vsej Evropi zagotavlja nemoten dostop do vrhunskih sort.<\/p>\n<p>Trave Apple Fritter predstavlja vrhunec hibridne konoplje, saj ponuja popolno ravnovesje med spro\u0161\u010denostjo in evforijo. Ta sev je s svojim edinstvenim profilom okusa in blagodejnimi medicinskimi u\u010dinki idealen za tiste, ki i\u0161\u010dejo olaj\u0161anje pri tesnobi, stresu in depresiji. Odkrijte <a href=\"https:\/\/www.allbud.com\/marijuana-strains\/hybrid\/apple-fritter\" data-type=\"link\" data-id=\"https:\/\/www.allbud.com\/marijuana-strains\/hybrid\/apple-fritter\">Apple Fritter<\/a> in druge izjemne sorte na Acheterducannabis za vrhunsko izku\u0161njo s konopljo.<\/p>","protected":false},"excerpt":{"rendered":"<p><strong>THC:<\/strong> 24% <strong>Zdravstveni u\u010dinki <\/strong>Apple Fritter je izbran za pomo\u010d pri laj\u0161anju :<\/p>\n<ul class=\"wp-block-list\">\n<li>Anksioznost<\/li>\n<li>Stres<\/li>\n<li>Depresija<\/li>\n<\/ul>\n<p>&nbsp;<\/p>","protected":false},"featured_media":1247,"comment_status":"closed","ping_status":"closed","template":"","meta":{"site-sidebar-layout":"default","site-content-layout":"","ast-site-content-layout":"default","site-content-style":"default","site-sidebar-style":"default","ast-global-header-display":"","ast-banner-title-visibility":"","ast-main-header-display":"","ast-hfb-above-header-display":"","ast-hfb-below-header-display":"","ast-hfb-mobile-header-display":"","site-post-title":"","ast-breadcrumbs-content":"","ast-featured-img":"","footer-sml-layout":"","theme-transparent-header-meta":"default","adv-header-id-meta":"","stick-header-meta":"","header-above-stick-meta":"","header-main-stick-meta":"","header-below-stick-meta":"","astra-migrate-meta-layouts":"set","ast-page-background-enabled":"default","ast-page-background-meta":{"desktop":{"background-color":"","background-image":"","background-repeat":"repeat","background-position":"center center","background-size":"auto","background-attachment":"scroll","background-type":"","background-media":"","overlay-type":"","overlay-color":"","overlay-opacity":"","overlay-gradient":""},"tablet":{"background-color":"","background-image":"","background-repeat":"repeat","background-position":"center center","background-size":"auto","background-attachment":"scroll","background-type":"","background-media":"","overlay-type":"","overlay-color":"","overlay-opacity":"","overlay-gradient":""},"mobile":{"background-color":"","background-image":"","background-repeat":"repeat","background-position":"center center","background-size":"auto","background-attachment":"scroll","background-type":"","background-media":"","overlay-type":"","overlay-color":"","overlay-opacity":"","overlay-gradient":""}},"ast-content-background-meta":{"desktop":{"background-color":"var(--ast-global-color-5)","background-image":"","background-repeat":"repeat","background-position":"center center","background-size":"auto","background-attachment":"scroll","background-type":"","background-media":"","overlay-type":"","overlay-color":"","overlay-opacity":"","overlay-gradient":""},"tablet":{"background-color":"var(--ast-global-color-5)","background-image":"","background-repeat":"repeat","background-position":"center center","background-size":"auto","background-attachment":"scroll","background-type":"","background-media":"","overlay-type":"","overlay-color":"","overlay-opacity":"","overlay-gradient":""},"mobile":{"background-color":"var(--ast-global-color-5)","background-image":"","background-repeat":"repeat","background-position":"center center","background-size":"auto","background-attachment":"scroll","background-type":"","background-media":"","overlay-type":"","overlay-color":"","overlay-opacity":"","overlay-gradient":""}},"_joinchat":[]},"product_brand":[],"product_cat":[32,33],"product_tag":[],"class_list":{"0":"post-1225","1":"product","2":"type-product","3":"status-publish","4":"has-post-thumbnail","6":"product_cat-fleur-de-chanvre","7":"product_cat-thc-beuh","8":"desktop-align-left","9":"tablet-align-left","10":"mobile-align-left","12":"first","13":"instock","14":"shipping-taxable","15":"purchasable","16":"product-type-variable"},"yoast_head":"<!-- This site is optimized with the Yoast SEO Premium plugin v24.1 (Yoast SEO v26.8) - https:\/\/yoast.com\/product\/yoast-seo-premium-wordpress\/ -->\n<title>Acheter Apple Fritter Weed en Ligne | Qualit\u00e9 Premium<\/title>\n<meta name=\"description\" content=\"D\u00e9couvrez l&#039;Apple Fritter Weed, une vari\u00e9t\u00e9 puissante et savoureuse. Livraison rapide et discr\u00e8te. Profitez des meilleurs prix et d&#039;un service fiable.\" \/>\n<meta name=\"robots\" content=\"index, follow, max-snippet:-1, max-image-preview:large, max-video-preview:-1\" \/>\n<link rel=\"canonical\" href=\"https:\/\/beuhparadis.com\/sl\/product\/apple-fritter\/\" \/>\n<meta property=\"og:locale\" content=\"sl_SI\" \/>\n<meta property=\"og:type\" content=\"article\" \/>\n<meta property=\"og:title\" content=\"Apple Fritter\" \/>\n<meta property=\"og:description\" content=\"D\u00e9couvrez l&#039;Apple Fritter Weed, une vari\u00e9t\u00e9 puissante et savoureuse. Livraison rapide et discr\u00e8te. Profitez des meilleurs prix et d&#039;un service fiable.\" \/>\n<meta property=\"og:url\" content=\"https:\/\/beuhparadis.com\/sl\/product\/apple-fritter\/\" \/>\n<meta property=\"og:site_name\" content=\"Beuh Paradis\" \/>\n<meta property=\"article:modified_time\" content=\"2025-01-27T04:06:51+00:00\" \/>\n<meta property=\"og:image\" content=\"https:\/\/beuhparadis.com\/wp-content\/uploads\/2024\/12\/Apple-Fritter.webp\" \/>\n\t<meta property=\"og:image:width\" content=\"1800\" \/>\n\t<meta property=\"og:image:height\" content=\"1000\" \/>\n\t<meta property=\"og:image:type\" content=\"image\/webp\" \/>\n<meta name=\"twitter:card\" content=\"summary_large_image\" \/>\n<meta name=\"twitter:label1\" content=\"Est. reading time\" \/>\n\t<meta name=\"twitter:data1\" content=\"2 minutes\" \/>\n<script type=\"application\/ld+json\" class=\"yoast-schema-graph\">{\"@context\":\"https:\/\/schema.org\",\"@graph\":[{\"@type\":\"WebPage\",\"@id\":\"https:\/\/beuhparadis.com\/product\/apple-fritter\/\",\"url\":\"https:\/\/beuhparadis.com\/product\/apple-fritter\/\",\"name\":\"Acheter Apple Fritter Weed en Ligne | Qualit\u00e9 Premium\",\"isPartOf\":{\"@id\":\"https:\/\/beuhparadis.com\/#website\"},\"primaryImageOfPage\":{\"@id\":\"https:\/\/beuhparadis.com\/product\/apple-fritter\/#primaryimage\"},\"image\":{\"@id\":\"https:\/\/beuhparadis.com\/product\/apple-fritter\/#primaryimage\"},\"thumbnailUrl\":\"https:\/\/beuhparadis.com\/wp-content\/uploads\/2024\/12\/Apple-Fritter.webp\",\"datePublished\":\"2024-12-10T23:39:00+00:00\",\"dateModified\":\"2025-01-27T04:06:51+00:00\",\"description\":\"D\u00e9couvrez l'Apple Fritter Weed, une vari\u00e9t\u00e9 puissante et savoureuse. Livraison rapide et discr\u00e8te. Profitez des meilleurs prix et d'un service fiable.\",\"breadcrumb\":{\"@id\":\"https:\/\/beuhparadis.com\/product\/apple-fritter\/#breadcrumb\"},\"inLanguage\":\"sl-SI\",\"potentialAction\":[{\"@type\":\"ReadAction\",\"target\":[\"https:\/\/beuhparadis.com\/product\/apple-fritter\/\"]}]},{\"@type\":\"ImageObject\",\"inLanguage\":\"sl-SI\",\"@id\":\"https:\/\/beuhparadis.com\/product\/apple-fritter\/#primaryimage\",\"url\":\"https:\/\/beuhparadis.com\/wp-content\/uploads\/2024\/12\/Apple-Fritter.webp\",\"contentUrl\":\"https:\/\/beuhparadis.com\/wp-content\/uploads\/2024\/12\/Apple-Fritter.webp\",\"width\":1800,\"height\":1000},{\"@type\":\"BreadcrumbList\",\"@id\":\"https:\/\/beuhparadis.com\/product\/apple-fritter\/#breadcrumb\",\"itemListElement\":[{\"@type\":\"ListItem\",\"position\":1,\"name\":\"Home\",\"item\":\"https:\/\/beuhparadis.com\/\"},{\"@type\":\"ListItem\",\"position\":2,\"name\":\"Shop\",\"item\":\"https:\/\/beuhparadis.com\/shop\/\"},{\"@type\":\"ListItem\",\"position\":3,\"name\":\"Apple Fritter\"}]},{\"@type\":\"WebSite\",\"@id\":\"https:\/\/beuhparadis.com\/#website\",\"url\":\"https:\/\/beuhparadis.com\/\",\"name\":\"Beuh Paradis\",\"description\":\"\",\"potentialAction\":[{\"@type\":\"SearchAction\",\"target\":{\"@type\":\"EntryPoint\",\"urlTemplate\":\"https:\/\/beuhparadis.com\/?s={search_term_string}\"},\"query-input\":{\"@type\":\"PropertyValueSpecification\",\"valueRequired\":true,\"valueName\":\"search_term_string\"}}],\"inLanguage\":\"sl-SI\"}]}<\/script>\n<!-- \/ Yoast SEO Premium plugin. -->","yoast_head_json":{"title":"Nakup Apple Fritter Weed na spletu | Premium Quality","description":"Odkrijte Apple Fritter Weed, mo\u010dno in okusno sorto. Hitra in diskretna dostava. U\u017eivajte v najbolj\u0161ih cenah in zanesljivih storitvah.","robots":{"index":"index","follow":"follow","max-snippet":"max-snippet:-1","max-image-preview":"max-image-preview:large","max-video-preview":"max-video-preview:-1"},"canonical":"https:\/\/beuhparadis.com\/sl\/product\/apple-fritter\/","og_locale":"sl_SI","og_type":"article","og_title":"Apple Fritter","og_description":"D\u00e9couvrez l'Apple Fritter Weed, une vari\u00e9t\u00e9 puissante et savoureuse. Livraison rapide et discr\u00e8te. Profitez des meilleurs prix et d'un service fiable.","og_url":"https:\/\/beuhparadis.com\/sl\/product\/apple-fritter\/","og_site_name":"Beuh Paradis","article_modified_time":"2025-01-27T04:06:51+00:00","og_image":[{"width":1800,"height":1000,"url":"https:\/\/beuhparadis.com\/wp-content\/uploads\/2024\/12\/Apple-Fritter.webp","type":"image\/webp"}],"twitter_card":"summary_large_image","twitter_misc":{"Est. reading time":"2 minutes"},"schema":{"@context":"https:\/\/schema.org","@graph":[{"@type":"WebPage","@id":"https:\/\/beuhparadis.com\/product\/apple-fritter\/","url":"https:\/\/beuhparadis.com\/product\/apple-fritter\/","name":"Nakup Apple Fritter Weed na spletu | Premium Quality","isPartOf":{"@id":"https:\/\/beuhparadis.com\/#website"},"primaryImageOfPage":{"@id":"https:\/\/beuhparadis.com\/product\/apple-fritter\/#primaryimage"},"image":{"@id":"https:\/\/beuhparadis.com\/product\/apple-fritter\/#primaryimage"},"thumbnailUrl":"https:\/\/beuhparadis.com\/wp-content\/uploads\/2024\/12\/Apple-Fritter.webp","datePublished":"2024-12-10T23:39:00+00:00","dateModified":"2025-01-27T04:06:51+00:00","description":"Odkrijte Apple Fritter Weed, mo\u010dno in okusno sorto. Hitra in diskretna dostava. U\u017eivajte v najbolj\u0161ih cenah in zanesljivih storitvah.","breadcrumb":{"@id":"https:\/\/beuhparadis.com\/product\/apple-fritter\/#breadcrumb"},"inLanguage":"sl-SI","potentialAction":[{"@type":"ReadAction","target":["https:\/\/beuhparadis.com\/product\/apple-fritter\/"]}]},{"@type":"ImageObject","inLanguage":"sl-SI","@id":"https:\/\/beuhparadis.com\/product\/apple-fritter\/#primaryimage","url":"https:\/\/beuhparadis.com\/wp-content\/uploads\/2024\/12\/Apple-Fritter.webp","contentUrl":"https:\/\/beuhparadis.com\/wp-content\/uploads\/2024\/12\/Apple-Fritter.webp","width":1800,"height":1000},{"@type":"BreadcrumbList","@id":"https:\/\/beuhparadis.com\/product\/apple-fritter\/#breadcrumb","itemListElement":[{"@type":"ListItem","position":1,"name":"Home","item":"https:\/\/beuhparadis.com\/"},{"@type":"ListItem","position":2,"name":"Shop","item":"https:\/\/beuhparadis.com\/shop\/"},{"@type":"ListItem","position":3,"name":"Apple Fritter"}]},{"@type":"WebSite","@id":"https:\/\/beuhparadis.com\/#website","url":"https:\/\/beuhparadis.com\/","name":"Beuh Paradis","description":"","potentialAction":[{"@type":"SearchAction","target":{"@type":"EntryPoint","urlTemplate":"https:\/\/beuhparadis.com\/?s={search_term_string}"},"query-input":{"@type":"PropertyValueSpecification","valueRequired":true,"valueName":"search_term_string"}}],"inLanguage":"sl-SI"}]}},"_links":{"self":[{"href":"https:\/\/beuhparadis.com\/sl\/wp-json\/wp\/v2\/product\/1225","targetHints":{"allow":["GET"]}}],"collection":[{"href":"https:\/\/beuhparadis.com\/sl\/wp-json\/wp\/v2\/product"}],"about":[{"href":"https:\/\/beuhparadis.com\/sl\/wp-json\/wp\/v2\/types\/product"}],"replies":[{"embeddable":true,"href":"https:\/\/beuhparadis.com\/sl\/wp-json\/wp\/v2\/comments?post=1225"}],"wp:featuredmedia":[{"embeddable":true,"href":"https:\/\/beuhparadis.com\/sl\/wp-json\/wp\/v2\/media\/1247"}],"wp:attachment":[{"href":"https:\/\/beuhparadis.com\/sl\/wp-json\/wp\/v2\/media?parent=1225"}],"wp:term":[{"taxonomy":"product_brand","embeddable":true,"href":"https:\/\/beuhparadis.com\/sl\/wp-json\/wp\/v2\/product_brand?post=1225"},{"taxonomy":"product_cat","embeddable":true,"href":"https:\/\/beuhparadis.com\/sl\/wp-json\/wp\/v2\/product_cat?post=1225"},{"taxonomy":"product_tag","embeddable":true,"href":"https:\/\/beuhparadis.com\/sl\/wp-json\/wp\/v2\/product_tag?post=1225"}],"curies":[{"name":"wp","href":"https:\/\/api.w.org\/{rel}","templated":true}]}}