{"id":1220,"date":"2024-12-10T23:39:00","date_gmt":"2024-12-10T23:39:00","guid":{"rendered":"https:\/\/beuhparadis.com\/?post_type=product&#038;p=1220"},"modified":"2025-01-27T04:30:46","modified_gmt":"2025-01-27T04:30:46","slug":"bio-jesus-hybrid-weed","status":"publish","type":"product","link":"https:\/\/beuhparadis.com\/sl\/product\/bio-jesus-hybrid-weed\/","title":{"rendered":"Hibridna plevelna rastlina Bio-Jesus"},"content":{"rendered":"<h1 class=\"wp-block-heading\">Kupi Organic Jesus Weed: Odkritje mo\u010dne no\u010dne sorte<\/h1>\n<p>Informacije o La Souche<\/p>\n<p>Bio Jesus je hibridni sev konoplje, ki slovi po svoji anesteti\u010dni mo\u010di in izjemni uporabi pri laj\u0161anju bole\u010din. Ta sorta je rezultat kri\u017eanja sort Gumbo in Bio-Diesel. Bio Jesus je \u0161e posebej cenjen zaradi intenzivnih u\u010dinkov na telo in evfori\u010dne meglice, kar je idealno za no\u010dno uporabo. Bolniki, ki uporabljajo konopljo v zdravstvene namene, izberejo ta sev za laj\u0161anje simptomov, povezanih z nespe\u010dnostjo.<\/p>\n<h2 class=\"wp-block-heading\">THC in CBD<\/h2>\n<p>Bio Jesus ima visoko vsebnost THC, medtem ko je dele\u017e CBD na splo\u0161no nizek, kar poudarja njegov potencial za globoko sprostitev brez ve\u010djih psihotropnih u\u010dinkov.<\/p>\n<h2 class=\"wp-block-heading\">Kje lahko kupim Bio Jesus Weed na spletu?<\/h2>\n<p>Sev Bio Jesus je na voljo za spletni nakup pri Acheterducannabis, va\u0161em zaupanja vrednem dobavitelju visokokakovostnih sevov neposredno na va\u0161a vrata, v skladu z evropskimi zakoni o prodaji konoplje.<\/p>\n<h2 class=\"wp-block-heading\">U\u010dinki, vonj in okus<\/h2>\n<h4 class=\"wp-block-heading\">U\u010dinek<\/h4>\n<ul class=\"wp-block-list\">\n<li>Zaspanost<\/li>\n<li>Sprostitev<\/li>\n<li>Ob\u010dutek lakote<\/li>\n<\/ul>\n<h4 class=\"wp-block-heading\">Aroma<\/h4>\n<ul class=\"wp-block-list\">\n<li>Dizel<\/li>\n<li>Kemi\u010dni<\/li>\n<li>Zemeljski<\/li>\n<\/ul>\n<h4 class=\"wp-block-heading\">Okusi<\/h4>\n<p>Okusi Bio Jesus vklju\u010dujejo dizelske, kemi\u010dne in zemeljske note, kar ustvarja edinstveno okusno izku\u0161njo za poznavalce.<\/p>\n<h2 class=\"wp-block-heading\">Zdravstveni u\u010dinki<\/h2>\n<p>Bio Jezus je zelo priporo\u010dljiv za :<\/p>\n<ul class=\"wp-block-list\">\n<li>laj\u0161anje bole\u010din<\/li>\n<li>Zmanj\u0161evanje stresa<\/li>\n<li>Boj proti nespe\u010dnosti<\/li>\n<\/ul>\n<h2 class=\"wp-block-heading\">Zakaj kupiti Bio Jesus plevel pri Acheter Beuhparadis?<\/h2>\n<p><a href=\"https:\/\/beuhparadis.com\/sl\/product\/birthday-cake-kush\/\" data-type=\"link\" data-id=\"https:\/\/acheterducannabis.fr\/\">Beuhparadis<\/a> je va\u0161a destinacija za vrhunske sorte konoplje, kot je Bio Jesus. Zagotavljamo kakovost, sledljivost in pravno skladnost na\u0161ih izdelkov ter vam zagotavljamo varno in zadovoljivo izku\u0161njo.<\/p>\n<h2 class=\"wp-block-heading\">Vladni zakon o prodaji tega seva v Evropi<\/h2>\n<p>V skladu z evropsko zakonodajo se sev Bio Jesus prodaja v popolni skladnosti z veljavnimi standardi, kar na\u0161im strankam po vsej Evropi zagotavlja varen in zakonit dostop.<\/p>\n<p>Bio Jezusova trava je tipi\u010dna no\u010dna sprostitev, ki ponuja dobrodo\u0161el pobeg od vsakodnevnih bole\u010din in stresa. S svojimi globokimi u\u010dinki na telo in bogatim terpenskim profilom je sev par excellence za tiste, ki i\u0161\u010dejo olaj\u0161anje v medicinski konoplji. Obi\u0161\u010dite Acheterducannabis in odkrijte <a href=\"https:\/\/www.hytiva.com\/strains\/hybrid\/bio-jesus\" data-type=\"link\" data-id=\"https:\/\/www.hytiva.com\/strains\/hybrid\/bio-jesus\">Bio Jezus<\/a> in \u0161tevilne druge sorte, izbrane posebej za vas.<\/p>","protected":false},"excerpt":{"rendered":"<div class=\"col-xs-12 col-sm-12 wider\">\n<div class=\"flipblock-wrapper\">\n<section id=\"positive-effects\" class=\"panel panel-default\" data-label=\"positive_effects\">\n<div class=\"face front\">\n<div class=\"panel-heading\"><strong>THC: <\/strong>25%<strong> U\u010dinki<\/strong> Ustvarjalnost, evforija, sre\u010da <strong>Lahko olaj\u0161a<\/strong> Anksioznost, bipolarna motnja, kroni\u010dna bole\u010dina, utrujenost, fibromialgija, glavoboli, nespe\u010dnost, migrena, mi\u0161i\u010dni kr\u010di, slabost, stres, posttravmatska stresna motnja<\/div>\n<\/div>\n<\/section>\n<\/div>\n<\/div>","protected":false},"featured_media":1246,"comment_status":"closed","ping_status":"closed","template":"","meta":{"site-sidebar-layout":"default","site-content-layout":"","ast-site-content-layout":"default","site-content-style":"default","site-sidebar-style":"default","ast-global-header-display":"","ast-banner-title-visibility":"","ast-main-header-display":"","ast-hfb-above-header-display":"","ast-hfb-below-header-display":"","ast-hfb-mobile-header-display":"","site-post-title":"","ast-breadcrumbs-content":"","ast-featured-img":"","footer-sml-layout":"","theme-transparent-header-meta":"default","adv-header-id-meta":"","stick-header-meta":"","header-above-stick-meta":"","header-main-stick-meta":"","header-below-stick-meta":"","astra-migrate-meta-layouts":"set","ast-page-background-enabled":"default","ast-page-background-meta":{"desktop":{"background-color":"","background-image":"","background-repeat":"repeat","background-position":"center center","background-size":"auto","background-attachment":"scroll","background-type":"","background-media":"","overlay-type":"","overlay-color":"","overlay-opacity":"","overlay-gradient":""},"tablet":{"background-color":"","background-image":"","background-repeat":"repeat","background-position":"center center","background-size":"auto","background-attachment":"scroll","background-type":"","background-media":"","overlay-type":"","overlay-color":"","overlay-opacity":"","overlay-gradient":""},"mobile":{"background-color":"","background-image":"","background-repeat":"repeat","background-position":"center center","background-size":"auto","background-attachment":"scroll","background-type":"","background-media":"","overlay-type":"","overlay-color":"","overlay-opacity":"","overlay-gradient":""}},"ast-content-background-meta":{"desktop":{"background-color":"var(--ast-global-color-5)","background-image":"","background-repeat":"repeat","background-position":"center center","background-size":"auto","background-attachment":"scroll","background-type":"","background-media":"","overlay-type":"","overlay-color":"","overlay-opacity":"","overlay-gradient":""},"tablet":{"background-color":"var(--ast-global-color-5)","background-image":"","background-repeat":"repeat","background-position":"center center","background-size":"auto","background-attachment":"scroll","background-type":"","background-media":"","overlay-type":"","overlay-color":"","overlay-opacity":"","overlay-gradient":""},"mobile":{"background-color":"var(--ast-global-color-5)","background-image":"","background-repeat":"repeat","background-position":"center center","background-size":"auto","background-attachment":"scroll","background-type":"","background-media":"","overlay-type":"","overlay-color":"","overlay-opacity":"","overlay-gradient":""}},"_joinchat":[]},"product_brand":[],"product_cat":[32,33],"product_tag":[],"class_list":{"0":"post-1220","1":"product","2":"type-product","3":"status-publish","4":"has-post-thumbnail","6":"product_cat-fleur-de-chanvre","7":"product_cat-thc-beuh","8":"desktop-align-left","9":"tablet-align-left","10":"mobile-align-left","12":"first","13":"instock","14":"shipping-taxable","15":"purchasable","16":"product-type-variable"},"yoast_head":"<!-- This site is optimized with the Yoast SEO Premium plugin v24.1 (Yoast SEO v26.8) - https:\/\/yoast.com\/product\/yoast-seo-premium-wordpress\/ -->\n<title>Acheter Bio Jesus Weed \u2013 Cannabis Relaxant\/Qualit\u00e9 Sup\u00e9rieure<\/title>\n<meta name=\"description\" content=\"Commandez Bio Jesus Weed, une vari\u00e9t\u00e9 de cannabis r\u00e9put\u00e9e pour ses effets apaisants et ses ar\u00f4mes terreux. Livraison rapide et discr\u00e8te en France.\" \/>\n<meta name=\"robots\" content=\"index, follow, max-snippet:-1, max-image-preview:large, max-video-preview:-1\" \/>\n<link rel=\"canonical\" href=\"https:\/\/beuhparadis.com\/sl\/product\/bio-jesus-hybrid-weed\/\" \/>\n<meta property=\"og:locale\" content=\"sl_SI\" \/>\n<meta property=\"og:type\" content=\"article\" \/>\n<meta property=\"og:title\" content=\"Bio-Jesus Hybrid Weed\" \/>\n<meta property=\"og:description\" content=\"Commandez Bio Jesus Weed, une vari\u00e9t\u00e9 de cannabis r\u00e9put\u00e9e pour ses effets apaisants et ses ar\u00f4mes terreux. Livraison rapide et discr\u00e8te en France.\" \/>\n<meta property=\"og:url\" content=\"https:\/\/beuhparadis.com\/sl\/product\/bio-jesus-hybrid-weed\/\" \/>\n<meta property=\"og:site_name\" content=\"Beuh Paradis\" \/>\n<meta property=\"article:modified_time\" content=\"2025-01-27T04:30:46+00:00\" \/>\n<meta property=\"og:image\" content=\"https:\/\/beuhparadis.com\/wp-content\/uploads\/2024\/12\/Bio-Jesus-Hybrid-Weed.webp\" \/>\n\t<meta property=\"og:image:width\" content=\"966\" \/>\n\t<meta property=\"og:image:height\" content=\"1175\" \/>\n\t<meta property=\"og:image:type\" content=\"image\/webp\" \/>\n<meta name=\"twitter:card\" content=\"summary_large_image\" \/>\n<meta name=\"twitter:label1\" content=\"Est. reading time\" \/>\n\t<meta name=\"twitter:data1\" content=\"2 minutes\" \/>\n<script type=\"application\/ld+json\" class=\"yoast-schema-graph\">{\"@context\":\"https:\/\/schema.org\",\"@graph\":[{\"@type\":\"WebPage\",\"@id\":\"https:\/\/beuhparadis.com\/product\/bio-jesus-hybrid-weed\/\",\"url\":\"https:\/\/beuhparadis.com\/product\/bio-jesus-hybrid-weed\/\",\"name\":\"Acheter Bio Jesus Weed \u2013 Cannabis Relaxant\/Qualit\u00e9 Sup\u00e9rieure\",\"isPartOf\":{\"@id\":\"https:\/\/beuhparadis.com\/#website\"},\"primaryImageOfPage\":{\"@id\":\"https:\/\/beuhparadis.com\/product\/bio-jesus-hybrid-weed\/#primaryimage\"},\"image\":{\"@id\":\"https:\/\/beuhparadis.com\/product\/bio-jesus-hybrid-weed\/#primaryimage\"},\"thumbnailUrl\":\"https:\/\/beuhparadis.com\/wp-content\/uploads\/2024\/12\/Bio-Jesus-Hybrid-Weed.webp\",\"datePublished\":\"2024-12-10T23:39:00+00:00\",\"dateModified\":\"2025-01-27T04:30:46+00:00\",\"description\":\"Commandez Bio Jesus Weed, une vari\u00e9t\u00e9 de cannabis r\u00e9put\u00e9e pour ses effets apaisants et ses ar\u00f4mes terreux. Livraison rapide et discr\u00e8te en France.\",\"breadcrumb\":{\"@id\":\"https:\/\/beuhparadis.com\/product\/bio-jesus-hybrid-weed\/#breadcrumb\"},\"inLanguage\":\"sl-SI\",\"potentialAction\":[{\"@type\":\"ReadAction\",\"target\":[\"https:\/\/beuhparadis.com\/product\/bio-jesus-hybrid-weed\/\"]}]},{\"@type\":\"ImageObject\",\"inLanguage\":\"sl-SI\",\"@id\":\"https:\/\/beuhparadis.com\/product\/bio-jesus-hybrid-weed\/#primaryimage\",\"url\":\"https:\/\/beuhparadis.com\/wp-content\/uploads\/2024\/12\/Bio-Jesus-Hybrid-Weed.webp\",\"contentUrl\":\"https:\/\/beuhparadis.com\/wp-content\/uploads\/2024\/12\/Bio-Jesus-Hybrid-Weed.webp\",\"width\":966,\"height\":1175},{\"@type\":\"BreadcrumbList\",\"@id\":\"https:\/\/beuhparadis.com\/product\/bio-jesus-hybrid-weed\/#breadcrumb\",\"itemListElement\":[{\"@type\":\"ListItem\",\"position\":1,\"name\":\"Home\",\"item\":\"https:\/\/beuhparadis.com\/\"},{\"@type\":\"ListItem\",\"position\":2,\"name\":\"Shop\",\"item\":\"https:\/\/beuhparadis.com\/shop\/\"},{\"@type\":\"ListItem\",\"position\":3,\"name\":\"Bio-Jesus Hybrid Weed\"}]},{\"@type\":\"WebSite\",\"@id\":\"https:\/\/beuhparadis.com\/#website\",\"url\":\"https:\/\/beuhparadis.com\/\",\"name\":\"Beuh Paradis\",\"description\":\"\",\"potentialAction\":[{\"@type\":\"SearchAction\",\"target\":{\"@type\":\"EntryPoint\",\"urlTemplate\":\"https:\/\/beuhparadis.com\/?s={search_term_string}\"},\"query-input\":{\"@type\":\"PropertyValueSpecification\",\"valueRequired\":true,\"valueName\":\"search_term_string\"}}],\"inLanguage\":\"sl-SI\"}]}<\/script>\n<!-- \/ Yoast SEO Premium plugin. -->","yoast_head_json":{"title":"Kupi Bio Jesus Weed - Konoplja za spro\u0161\u010danje\/najvi\u0161ja kakovost","description":"Naro\u010dite Bio Jesus Weed, sorto konoplje, ki slovi po blagodejnih u\u010dinkih in zemeljskih vonjavah. Hitra in diskretna dostava v Franciji.","robots":{"index":"index","follow":"follow","max-snippet":"max-snippet:-1","max-image-preview":"max-image-preview:large","max-video-preview":"max-video-preview:-1"},"canonical":"https:\/\/beuhparadis.com\/sl\/product\/bio-jesus-hybrid-weed\/","og_locale":"sl_SI","og_type":"article","og_title":"Bio-Jesus Hybrid Weed","og_description":"Commandez Bio Jesus Weed, une vari\u00e9t\u00e9 de cannabis r\u00e9put\u00e9e pour ses effets apaisants et ses ar\u00f4mes terreux. Livraison rapide et discr\u00e8te en France.","og_url":"https:\/\/beuhparadis.com\/sl\/product\/bio-jesus-hybrid-weed\/","og_site_name":"Beuh Paradis","article_modified_time":"2025-01-27T04:30:46+00:00","og_image":[{"width":966,"height":1175,"url":"https:\/\/beuhparadis.com\/wp-content\/uploads\/2024\/12\/Bio-Jesus-Hybrid-Weed.webp","type":"image\/webp"}],"twitter_card":"summary_large_image","twitter_misc":{"Est. reading time":"2 minutes"},"schema":{"@context":"https:\/\/schema.org","@graph":[{"@type":"WebPage","@id":"https:\/\/beuhparadis.com\/product\/bio-jesus-hybrid-weed\/","url":"https:\/\/beuhparadis.com\/product\/bio-jesus-hybrid-weed\/","name":"Kupi Bio Jesus Weed - Konoplja za spro\u0161\u010danje\/najvi\u0161ja kakovost","isPartOf":{"@id":"https:\/\/beuhparadis.com\/#website"},"primaryImageOfPage":{"@id":"https:\/\/beuhparadis.com\/product\/bio-jesus-hybrid-weed\/#primaryimage"},"image":{"@id":"https:\/\/beuhparadis.com\/product\/bio-jesus-hybrid-weed\/#primaryimage"},"thumbnailUrl":"https:\/\/beuhparadis.com\/wp-content\/uploads\/2024\/12\/Bio-Jesus-Hybrid-Weed.webp","datePublished":"2024-12-10T23:39:00+00:00","dateModified":"2025-01-27T04:30:46+00:00","description":"Naro\u010dite Bio Jesus Weed, sorto konoplje, ki slovi po blagodejnih u\u010dinkih in zemeljskih vonjavah. Hitra in diskretna dostava v Franciji.","breadcrumb":{"@id":"https:\/\/beuhparadis.com\/product\/bio-jesus-hybrid-weed\/#breadcrumb"},"inLanguage":"sl-SI","potentialAction":[{"@type":"ReadAction","target":["https:\/\/beuhparadis.com\/product\/bio-jesus-hybrid-weed\/"]}]},{"@type":"ImageObject","inLanguage":"sl-SI","@id":"https:\/\/beuhparadis.com\/product\/bio-jesus-hybrid-weed\/#primaryimage","url":"https:\/\/beuhparadis.com\/wp-content\/uploads\/2024\/12\/Bio-Jesus-Hybrid-Weed.webp","contentUrl":"https:\/\/beuhparadis.com\/wp-content\/uploads\/2024\/12\/Bio-Jesus-Hybrid-Weed.webp","width":966,"height":1175},{"@type":"BreadcrumbList","@id":"https:\/\/beuhparadis.com\/product\/bio-jesus-hybrid-weed\/#breadcrumb","itemListElement":[{"@type":"ListItem","position":1,"name":"Home","item":"https:\/\/beuhparadis.com\/"},{"@type":"ListItem","position":2,"name":"Shop","item":"https:\/\/beuhparadis.com\/shop\/"},{"@type":"ListItem","position":3,"name":"Bio-Jesus Hybrid Weed"}]},{"@type":"WebSite","@id":"https:\/\/beuhparadis.com\/#website","url":"https:\/\/beuhparadis.com\/","name":"Beuh Paradis","description":"","potentialAction":[{"@type":"SearchAction","target":{"@type":"EntryPoint","urlTemplate":"https:\/\/beuhparadis.com\/?s={search_term_string}"},"query-input":{"@type":"PropertyValueSpecification","valueRequired":true,"valueName":"search_term_string"}}],"inLanguage":"sl-SI"}]}},"_links":{"self":[{"href":"https:\/\/beuhparadis.com\/sl\/wp-json\/wp\/v2\/product\/1220","targetHints":{"allow":["GET"]}}],"collection":[{"href":"https:\/\/beuhparadis.com\/sl\/wp-json\/wp\/v2\/product"}],"about":[{"href":"https:\/\/beuhparadis.com\/sl\/wp-json\/wp\/v2\/types\/product"}],"replies":[{"embeddable":true,"href":"https:\/\/beuhparadis.com\/sl\/wp-json\/wp\/v2\/comments?post=1220"}],"wp:featuredmedia":[{"embeddable":true,"href":"https:\/\/beuhparadis.com\/sl\/wp-json\/wp\/v2\/media\/1246"}],"wp:attachment":[{"href":"https:\/\/beuhparadis.com\/sl\/wp-json\/wp\/v2\/media?parent=1220"}],"wp:term":[{"taxonomy":"product_brand","embeddable":true,"href":"https:\/\/beuhparadis.com\/sl\/wp-json\/wp\/v2\/product_brand?post=1220"},{"taxonomy":"product_cat","embeddable":true,"href":"https:\/\/beuhparadis.com\/sl\/wp-json\/wp\/v2\/product_cat?post=1220"},{"taxonomy":"product_tag","embeddable":true,"href":"https:\/\/beuhparadis.com\/sl\/wp-json\/wp\/v2\/product_tag?post=1220"}],"curies":[{"name":"wp","href":"https:\/\/api.w.org\/{rel}","templated":true}]}}