{"id":1204,"date":"2024-12-10T23:38:48","date_gmt":"2024-12-10T23:38:48","guid":{"rendered":"https:\/\/beuhparadis.com\/?post_type=product&#038;p=1204"},"modified":"2025-01-26T16:30:14","modified_gmt":"2025-01-26T16:30:14","slug":"birthday-cake-kush","status":"publish","type":"product","link":"https:\/\/beuhparadis.com\/sl\/product\/birthday-cake-kush\/","title":{"rendered":"Rojstnodnevna torta Kush"},"content":{"rendered":"<h1 class=\"wp-block-heading\">Plevel rojstnodnevne torte: u\u017eitek, ki ga povzro\u010da Indica<\/h1>\n<p>Birthday Cake Kush, znan tudi pod imenom Birthday Cake, je hibridni sev s prevladujo\u010do indico, znan po mo\u010dnih telesnih u\u010dinkih in sladkem okusu, ki spominja na torto. Rodovni\u0161ka torta Birthday Cake Kush, ki je rezultat kri\u017eanja sevov Girl Scout Cookies in Cherry Pie, se odlikuje po cvetovih, prekritih s smolo, bogato s THC, podobno kristalni glazuri.<\/p>\n<p><strong>Informacije o La Souche<\/strong><\/p>\n<ul class=\"wp-block-list\">\n<li><strong>Vrsta :<\/strong> Hibrid s prevladujo\u010do indico<\/li>\n<li><strong>Genetika :<\/strong> Kri\u017eanec med pi\u0161kotki skavtinje in \u010de\u0161njevo pito<\/li>\n<li><strong>Proizvodnja :<\/strong> Cveti z glazuro iz smole, bogate s THC<\/li>\n<\/ul>\n<h2 class=\"wp-block-heading\">THC in CBD<\/h2>\n<ul class=\"wp-block-list\">\n<li><strong>THC :<\/strong> Visok, ki nudi globoke spro\u0161\u010dujo\u010de u\u010dinke<\/li>\n<li><strong>CBD :<\/strong> Nizka, osredoto\u010dena na koristi THC<\/li>\n<\/ul>\n<h2 class=\"wp-block-heading\">Kje lahko kupim Birthday Cake Kush na spletu?<\/h2>\n<p>Birthday Cake Kush je na voljo na specializiranih spletnih straneh, kot je Acheterducannabis, ki ponuja \u0161irok izbor vrhunskih sort konoplje za potrebe najzahtevnej\u0161ih potro\u0161nikov.<\/p>\n<h2 class=\"wp-block-heading\">U\u010dinki, vonj in okus plevela Birthday Cake<\/h2>\n<h3 class=\"wp-block-heading\">U\u010dinek<\/h3>\n<ul class=\"wp-block-list\">\n<li><strong>Ob\u010dutek :<\/strong> Globoka sprostitev, lakota, zaspanost<\/li>\n<li><strong>Idealno za :<\/strong> laj\u0161a bole\u010dine, tesnobo, izgubo apetita, vnetja in glavobole<\/li>\n<\/ul>\n<h3 class=\"wp-block-heading\">Aroma<\/h3>\n<p>Gurmanski vonj vanilije in sladkosti s pridihom masla, ki spominja na ne\u017enost rojstnodnevne torte.<\/p>\n<h3 class=\"wp-block-heading\">Okusi<\/h3>\n<p>V ustih se za\u010dutijo vonji vanilije in sladkosti, ki jih dopolnjuje ne\u017een masleni priokus, zato se vsakemu oblatu ni mogo\u010de upreti.<\/p>\n<h2 class=\"wp-block-heading\">Zdravstveni u\u010dinki<\/h2>\n<p>Bolniki se za Birthday Cake Kush odlo\u010dajo zaradi njegovih potencialnih terapevtskih koristi, vklju\u010dno z :<\/p>\n<ul class=\"wp-block-list\">\n<li>Anksioznost<\/li>\n<li>Stres<\/li>\n<li>Depresija<\/li>\n<\/ul>\n<h2 class=\"wp-block-heading\">Zakaj kupiti Birthday Cake Kush na beuhparadis?<\/h2>\n<p><a href=\"https:\/\/beuhparadis.com\/sl\/product\/lions-cake\/\">Beuhparadis<\/a> je zaradi svoje zavezanosti kakovosti, sledljivosti izdelkov in skladnosti z evropskimi zakoni o prodaji konoplje najprimernej\u0161a destinacija za Birthday Cake Kush.<\/p>\n<h2 class=\"wp-block-heading\">Evropska zakonodaja o prodaji torte za rojstni dan<\/h2>\n<p>Prodaja trave Birthday Cake je v Evropi tako kot vseh sort konoplje strogo regulirana. Izdelki, ki jih ponuja Acheterducannabis, so skladni z vsemi veljavnimi pravnimi standardi, kar zagotavlja varno in zakonito izku\u0161njo za odrasle potro\u0161nike.<\/p>\n<p>Weed Birthday Cake ponuja izjemno izku\u0161njo u\u017eivanja, saj odli\u010dno zdru\u017euje globoko sprostitev in u\u017eitek za okus. Ne glede na to, ali \u017eelite ubla\u017eiti bole\u010dine ali preprosto u\u017eivati v spro\u0161\u010dujo\u010dem zaklju\u010dku dneva, <a href=\"https:\/\/www.hytiva.com\/strains\/hybrid\/birthday-cake-kush\">Rojstnodnevna torta<\/a> Kush je odli\u010dna izbira. Odkrijte ta sev in \u0161tevilne druge na Acheterducannabis, va\u0161i referenci za nakup kakovostne konoplje v Evropi.<\/p>","protected":false},"excerpt":{"rendered":"<p><strong>THC :<\/strong>\u00a024\u00a0% <strong>U\u010dinki<\/strong> Evforija, veselje, lakota, spro\u0161\u010denost <strong>Lahko olaj\u0161a<\/strong> artritis, kroni\u010dna bole\u010dina, depresija, fibromialgija, gastrointestinalne motnje, glavoboli, nespe\u010dnost, stres<\/p>","protected":false},"featured_media":1214,"comment_status":"closed","ping_status":"closed","template":"","meta":{"site-sidebar-layout":"default","site-content-layout":"","ast-site-content-layout":"default","site-content-style":"default","site-sidebar-style":"default","ast-global-header-display":"","ast-banner-title-visibility":"","ast-main-header-display":"","ast-hfb-above-header-display":"","ast-hfb-below-header-display":"","ast-hfb-mobile-header-display":"","site-post-title":"","ast-breadcrumbs-content":"","ast-featured-img":"","footer-sml-layout":"","theme-transparent-header-meta":"default","adv-header-id-meta":"","stick-header-meta":"","header-above-stick-meta":"","header-main-stick-meta":"","header-below-stick-meta":"","astra-migrate-meta-layouts":"set","ast-page-background-enabled":"default","ast-page-background-meta":{"desktop":{"background-color":"","background-image":"","background-repeat":"repeat","background-position":"center center","background-size":"auto","background-attachment":"scroll","background-type":"","background-media":"","overlay-type":"","overlay-color":"","overlay-opacity":"","overlay-gradient":""},"tablet":{"background-color":"","background-image":"","background-repeat":"repeat","background-position":"center center","background-size":"auto","background-attachment":"scroll","background-type":"","background-media":"","overlay-type":"","overlay-color":"","overlay-opacity":"","overlay-gradient":""},"mobile":{"background-color":"","background-image":"","background-repeat":"repeat","background-position":"center center","background-size":"auto","background-attachment":"scroll","background-type":"","background-media":"","overlay-type":"","overlay-color":"","overlay-opacity":"","overlay-gradient":""}},"ast-content-background-meta":{"desktop":{"background-color":"var(--ast-global-color-5)","background-image":"","background-repeat":"repeat","background-position":"center center","background-size":"auto","background-attachment":"scroll","background-type":"","background-media":"","overlay-type":"","overlay-color":"","overlay-opacity":"","overlay-gradient":""},"tablet":{"background-color":"var(--ast-global-color-5)","background-image":"","background-repeat":"repeat","background-position":"center center","background-size":"auto","background-attachment":"scroll","background-type":"","background-media":"","overlay-type":"","overlay-color":"","overlay-opacity":"","overlay-gradient":""},"mobile":{"background-color":"var(--ast-global-color-5)","background-image":"","background-repeat":"repeat","background-position":"center center","background-size":"auto","background-attachment":"scroll","background-type":"","background-media":"","overlay-type":"","overlay-color":"","overlay-opacity":"","overlay-gradient":""}},"_joinchat":[]},"product_brand":[],"product_cat":[32,33],"product_tag":[],"class_list":{"0":"post-1204","1":"product","2":"type-product","3":"status-publish","4":"has-post-thumbnail","6":"product_cat-fleur-de-chanvre","7":"product_cat-thc-beuh","8":"desktop-align-left","9":"tablet-align-left","10":"mobile-align-left","12":"first","13":"instock","14":"shipping-taxable","15":"purchasable","16":"product-type-variable"},"yoast_head":"<!-- This site is optimized with the Yoast SEO Premium plugin v24.1 (Yoast SEO v26.8) - https:\/\/yoast.com\/product\/yoast-seo-premium-wordpress\/ -->\n<title>Acheter Birthday Cake Weed | Vari\u00e9t\u00e9 de Cannabis Premium<\/title>\n<meta name=\"description\" content=\"Birthday Cake Weed, un vari\u00e9t\u00e9 de cannabis savoureuse et puissante aux ar\u00f4mes sucr\u00e9s. Parfaite pour se d\u00e9tendre, commandez avec livraison discr\u00e8te et rapide\" \/>\n<meta name=\"robots\" content=\"index, follow, max-snippet:-1, max-image-preview:large, max-video-preview:-1\" \/>\n<link rel=\"canonical\" href=\"https:\/\/beuhparadis.com\/sl\/product\/birthday-cake-kush\/\" \/>\n<meta property=\"og:locale\" content=\"sl_SI\" \/>\n<meta property=\"og:type\" content=\"article\" \/>\n<meta property=\"og:title\" content=\"Birthday Cake Kush\" \/>\n<meta property=\"og:description\" content=\"Birthday Cake Weed, un vari\u00e9t\u00e9 de cannabis savoureuse et puissante aux ar\u00f4mes sucr\u00e9s. Parfaite pour se d\u00e9tendre, commandez avec livraison discr\u00e8te et rapide\" \/>\n<meta property=\"og:url\" content=\"https:\/\/beuhparadis.com\/sl\/product\/birthday-cake-kush\/\" \/>\n<meta property=\"og:site_name\" content=\"Beuh Paradis\" \/>\n<meta property=\"article:modified_time\" content=\"2025-01-26T16:30:14+00:00\" \/>\n<meta property=\"og:image\" content=\"https:\/\/beuhparadis.com\/wp-content\/uploads\/2024\/12\/Birthday-Cake-Kush.webp\" \/>\n\t<meta property=\"og:image:width\" content=\"500\" \/>\n\t<meta property=\"og:image:height\" content=\"500\" \/>\n\t<meta property=\"og:image:type\" content=\"image\/webp\" \/>\n<meta name=\"twitter:card\" content=\"summary_large_image\" \/>\n<meta name=\"twitter:label1\" content=\"Est. reading time\" \/>\n\t<meta name=\"twitter:data1\" content=\"2 minutes\" \/>\n<script type=\"application\/ld+json\" class=\"yoast-schema-graph\">{\"@context\":\"https:\/\/schema.org\",\"@graph\":[{\"@type\":\"WebPage\",\"@id\":\"https:\/\/beuhparadis.com\/product\/birthday-cake-kush\/\",\"url\":\"https:\/\/beuhparadis.com\/product\/birthday-cake-kush\/\",\"name\":\"Acheter Birthday Cake Weed | Vari\u00e9t\u00e9 de Cannabis Premium\",\"isPartOf\":{\"@id\":\"https:\/\/beuhparadis.com\/#website\"},\"primaryImageOfPage\":{\"@id\":\"https:\/\/beuhparadis.com\/product\/birthday-cake-kush\/#primaryimage\"},\"image\":{\"@id\":\"https:\/\/beuhparadis.com\/product\/birthday-cake-kush\/#primaryimage\"},\"thumbnailUrl\":\"https:\/\/beuhparadis.com\/wp-content\/uploads\/2024\/12\/Birthday-Cake-Kush.webp\",\"datePublished\":\"2024-12-10T23:38:48+00:00\",\"dateModified\":\"2025-01-26T16:30:14+00:00\",\"description\":\"Birthday Cake Weed, un vari\u00e9t\u00e9 de cannabis savoureuse et puissante aux ar\u00f4mes sucr\u00e9s. Parfaite pour se d\u00e9tendre, commandez avec livraison discr\u00e8te et rapide\",\"breadcrumb\":{\"@id\":\"https:\/\/beuhparadis.com\/product\/birthday-cake-kush\/#breadcrumb\"},\"inLanguage\":\"sl-SI\",\"potentialAction\":[{\"@type\":\"ReadAction\",\"target\":[\"https:\/\/beuhparadis.com\/product\/birthday-cake-kush\/\"]}]},{\"@type\":\"ImageObject\",\"inLanguage\":\"sl-SI\",\"@id\":\"https:\/\/beuhparadis.com\/product\/birthday-cake-kush\/#primaryimage\",\"url\":\"https:\/\/beuhparadis.com\/wp-content\/uploads\/2024\/12\/Birthday-Cake-Kush.webp\",\"contentUrl\":\"https:\/\/beuhparadis.com\/wp-content\/uploads\/2024\/12\/Birthday-Cake-Kush.webp\",\"width\":500,\"height\":500},{\"@type\":\"BreadcrumbList\",\"@id\":\"https:\/\/beuhparadis.com\/product\/birthday-cake-kush\/#breadcrumb\",\"itemListElement\":[{\"@type\":\"ListItem\",\"position\":1,\"name\":\"Home\",\"item\":\"https:\/\/beuhparadis.com\/\"},{\"@type\":\"ListItem\",\"position\":2,\"name\":\"Shop\",\"item\":\"https:\/\/beuhparadis.com\/shop\/\"},{\"@type\":\"ListItem\",\"position\":3,\"name\":\"Birthday Cake Kush\"}]},{\"@type\":\"WebSite\",\"@id\":\"https:\/\/beuhparadis.com\/#website\",\"url\":\"https:\/\/beuhparadis.com\/\",\"name\":\"Beuh Paradis\",\"description\":\"\",\"potentialAction\":[{\"@type\":\"SearchAction\",\"target\":{\"@type\":\"EntryPoint\",\"urlTemplate\":\"https:\/\/beuhparadis.com\/?s={search_term_string}\"},\"query-input\":{\"@type\":\"PropertyValueSpecification\",\"valueRequired\":true,\"valueName\":\"search_term_string\"}}],\"inLanguage\":\"sl-SI\"}]}<\/script>\n<!-- \/ Yoast SEO Premium plugin. -->","yoast_head_json":{"title":"Nakup Weed Birthday Cake | Premium Cannabis Variety","description":"Birthday Cake Weed, okusna, mo\u010dna sorta konoplje s sladko aromo. Odli\u010dna za sprostitev, naro\u010dite s hitro in diskretno dostavo.","robots":{"index":"index","follow":"follow","max-snippet":"max-snippet:-1","max-image-preview":"max-image-preview:large","max-video-preview":"max-video-preview:-1"},"canonical":"https:\/\/beuhparadis.com\/sl\/product\/birthday-cake-kush\/","og_locale":"sl_SI","og_type":"article","og_title":"Birthday Cake Kush","og_description":"Birthday Cake Weed, un vari\u00e9t\u00e9 de cannabis savoureuse et puissante aux ar\u00f4mes sucr\u00e9s. Parfaite pour se d\u00e9tendre, commandez avec livraison discr\u00e8te et rapide","og_url":"https:\/\/beuhparadis.com\/sl\/product\/birthday-cake-kush\/","og_site_name":"Beuh Paradis","article_modified_time":"2025-01-26T16:30:14+00:00","og_image":[{"width":500,"height":500,"url":"https:\/\/beuhparadis.com\/wp-content\/uploads\/2024\/12\/Birthday-Cake-Kush.webp","type":"image\/webp"}],"twitter_card":"summary_large_image","twitter_misc":{"Est. reading time":"2 minutes"},"schema":{"@context":"https:\/\/schema.org","@graph":[{"@type":"WebPage","@id":"https:\/\/beuhparadis.com\/product\/birthday-cake-kush\/","url":"https:\/\/beuhparadis.com\/product\/birthday-cake-kush\/","name":"Nakup Weed Birthday Cake | Premium Cannabis Variety","isPartOf":{"@id":"https:\/\/beuhparadis.com\/#website"},"primaryImageOfPage":{"@id":"https:\/\/beuhparadis.com\/product\/birthday-cake-kush\/#primaryimage"},"image":{"@id":"https:\/\/beuhparadis.com\/product\/birthday-cake-kush\/#primaryimage"},"thumbnailUrl":"https:\/\/beuhparadis.com\/wp-content\/uploads\/2024\/12\/Birthday-Cake-Kush.webp","datePublished":"2024-12-10T23:38:48+00:00","dateModified":"2025-01-26T16:30:14+00:00","description":"Birthday Cake Weed, okusna, mo\u010dna sorta konoplje s sladko aromo. Odli\u010dna za sprostitev, naro\u010dite s hitro in diskretno dostavo.","breadcrumb":{"@id":"https:\/\/beuhparadis.com\/product\/birthday-cake-kush\/#breadcrumb"},"inLanguage":"sl-SI","potentialAction":[{"@type":"ReadAction","target":["https:\/\/beuhparadis.com\/product\/birthday-cake-kush\/"]}]},{"@type":"ImageObject","inLanguage":"sl-SI","@id":"https:\/\/beuhparadis.com\/product\/birthday-cake-kush\/#primaryimage","url":"https:\/\/beuhparadis.com\/wp-content\/uploads\/2024\/12\/Birthday-Cake-Kush.webp","contentUrl":"https:\/\/beuhparadis.com\/wp-content\/uploads\/2024\/12\/Birthday-Cake-Kush.webp","width":500,"height":500},{"@type":"BreadcrumbList","@id":"https:\/\/beuhparadis.com\/product\/birthday-cake-kush\/#breadcrumb","itemListElement":[{"@type":"ListItem","position":1,"name":"Home","item":"https:\/\/beuhparadis.com\/"},{"@type":"ListItem","position":2,"name":"Shop","item":"https:\/\/beuhparadis.com\/shop\/"},{"@type":"ListItem","position":3,"name":"Birthday Cake Kush"}]},{"@type":"WebSite","@id":"https:\/\/beuhparadis.com\/#website","url":"https:\/\/beuhparadis.com\/","name":"Beuh Paradis","description":"","potentialAction":[{"@type":"SearchAction","target":{"@type":"EntryPoint","urlTemplate":"https:\/\/beuhparadis.com\/?s={search_term_string}"},"query-input":{"@type":"PropertyValueSpecification","valueRequired":true,"valueName":"search_term_string"}}],"inLanguage":"sl-SI"}]}},"_links":{"self":[{"href":"https:\/\/beuhparadis.com\/sl\/wp-json\/wp\/v2\/product\/1204","targetHints":{"allow":["GET"]}}],"collection":[{"href":"https:\/\/beuhparadis.com\/sl\/wp-json\/wp\/v2\/product"}],"about":[{"href":"https:\/\/beuhparadis.com\/sl\/wp-json\/wp\/v2\/types\/product"}],"replies":[{"embeddable":true,"href":"https:\/\/beuhparadis.com\/sl\/wp-json\/wp\/v2\/comments?post=1204"}],"wp:featuredmedia":[{"embeddable":true,"href":"https:\/\/beuhparadis.com\/sl\/wp-json\/wp\/v2\/media\/1214"}],"wp:attachment":[{"href":"https:\/\/beuhparadis.com\/sl\/wp-json\/wp\/v2\/media?parent=1204"}],"wp:term":[{"taxonomy":"product_brand","embeddable":true,"href":"https:\/\/beuhparadis.com\/sl\/wp-json\/wp\/v2\/product_brand?post=1204"},{"taxonomy":"product_cat","embeddable":true,"href":"https:\/\/beuhparadis.com\/sl\/wp-json\/wp\/v2\/product_cat?post=1204"},{"taxonomy":"product_tag","embeddable":true,"href":"https:\/\/beuhparadis.com\/sl\/wp-json\/wp\/v2\/product_tag?post=1204"}],"curies":[{"name":"wp","href":"https:\/\/api.w.org\/{rel}","templated":true}]}}