{"id":1194,"date":"2024-12-10T23:38:48","date_gmt":"2024-12-10T23:38:48","guid":{"rendered":"https:\/\/beuhparadis.com\/?post_type=product&#038;p=1194"},"modified":"2025-01-26T16:26:26","modified_gmt":"2025-01-26T16:26:26","slug":"lions-cake","status":"publish","type":"product","link":"https:\/\/beuhparadis.com\/sl\/product\/lions-cake\/","title":{"rendered":"Levova torta"},"content":{"rendered":"<h1 class=\"wp-block-heading\">Kupi Plevel Lion's Cake: hibrid z evfori\u010dnimi u\u010dinki<\/h1>\n<p>Lion's Cake Weed, edinstven hibridni sev, je kri\u017eanec med The Original Z in Lava Cake. Cenjena je zaradi svojih stimulativnih u\u010dinkov, ponuja evfori\u010dno in zadovoljujo\u010do izku\u0161njo, idealno za poznavalce, ki i\u0161\u010dejo nove ob\u010dutke.<\/p>\n<h2 class=\"wp-block-heading\">Informacije o sorti Lion's Cake<\/h2>\n<ul class=\"wp-block-list\">\n<li><strong>Vrsta :<\/strong> Hibridni<\/li>\n<li><strong>Genetika :<\/strong> Kri\u017eanec med Original Z in Lava Cake<\/li>\n<li><strong>Proizvajalec :<\/strong> Strokovnjaki za gojenje konoplje<\/li>\n<\/ul>\n<h2 class=\"wp-block-heading\">THC in CBD<\/h2>\n<ul class=\"wp-block-list\">\n<li><strong>THC :<\/strong> 26%, ki zagotavlja visoko mo\u010d<\/li>\n<li><strong>CBG :<\/strong> 1%, ki obogati svoj kanabinoidni profil<\/li>\n<\/ul>\n<h2 class=\"wp-block-heading\">Kje lahko na spletu kupim travo Lion's Cake Weed?<\/h2>\n<p>Odkrijte Lion's Cake Weed na uglednih spletnih platformah, kot je Acheterducannabis, ki ponujajo natan\u010den izbor najbolj\u0161ih sevov za najve\u010dje zadovoljstvo.<\/p>\n<h2 class=\"wp-block-heading\">U\u010dinki, aroma in okus Lion's Cake<\/h2>\n<h3 class=\"wp-block-heading\">U\u010dinek<\/h3>\n<ul class=\"wp-block-list\">\n<li><strong>Ob\u010dutek :<\/strong> Evforija, lakota, navdu\u0161enje<\/li>\n<li><strong>Idealno za :<\/strong> Globoka sprostitev ali spodbuda za ustvarjalno energijo<\/li>\n<\/ul>\n<h3 class=\"wp-block-heading\">Aroma<\/h3>\n<p>O\u010darljiva me\u0161anica amonijaka in lesa pri\u010da o njegovi edinstvenosti in aromati\u010dni kompleksnosti.<\/p>\n<h3 class=\"wp-block-heading\">Okusi<\/h3>\n<p>Okusi Lion's Cake Weed so harmonija lesa in subtilnih odtenkov ter ponujajo bogato in zadovoljivo izku\u0161njo okusa.<\/p>\n<h2 class=\"wp-block-heading\">Zdravstveni u\u010dinki<\/h2>\n<p>Levji kola\u010d je priljubljen zaradi svojih potencialnih koristi za :<\/p>\n<ul class=\"wp-block-list\">\n<li>Kr\u010di<\/li>\n<li>Bole\u010dina<\/li>\n<li>Stres<\/li>\n<\/ul>\n<h2 class=\"wp-block-heading\">Zakaj kupiti plevel Lion's Cake pri beuhparadis?<\/h2>\n<p><a href=\"https:\/\/beuhparadis.com\/sl\/product\/trideri-weed\/\">Beuhparadis<\/a> je zaradi svoje zavezanosti h kakovosti, sledljivosti in skladnosti s predpisi prednostna izbira za Lion's Cake Weed, saj zagotavlja optimalno in varno uporabni\u0161ko izku\u0161njo.<\/p>\n<h2 class=\"wp-block-heading\">Evropska zakonodaja o prodaji levjega kola\u010da<\/h2>\n<p>Prodaja konoplje Lion's Cake Weed je v Evropi, tako kot vseh drugih sort konoplje, strogo regulirana, koncentracija THC pa je v skladu z zakonskimi standardi, zato je ta sorta dostopna in zakonita za odrasle potro\u0161nike.<\/p>\n<p>Trava Lion's Cake ima bogat terpenski profil, v katerem prevladuje limonen, s prijetnimi limoninimi in pikantnimi notami zaradi pinena in kariofilena. Ne glede na to, ali \u017eelite ubla\u017eiti bole\u010dine, zmanj\u0161ati stres ali preprosto u\u017eivati v evfori\u010dni izku\u0161nji, <a href=\"https:\/\/www.allbud.com\/marijuana-strains\/hybrid\/lions-cake\" data-type=\"link\" data-id=\"https:\/\/www.allbud.com\/marijuana-strains\/hybrid\/lions-cake\">Levova torta<\/a> sev je odli\u010dna izbira. Ta sev, ki je na voljo pri Acheterducannabis, ne obljublja le mo\u010dnih u\u010dinkov, temve\u010d tudi nepozabno pustolov\u0161\u010dino okusa za vse ljubitelje konoplje v Evropi.<\/p>","protected":false},"excerpt":{"rendered":"<ul>\n<li>Stres<\/li>\n<\/ul>\n<p><strong>THC:<\/strong> 26%<\/p>\n<p><strong>Zdravstveni u\u010dinki<\/strong><br \/>\nLevji kola\u010d je iskan zaradi svojih potencialnih koristi za:<\/p>\n<ul class=\"wp-block-list\">\n<li>Kr\u010di<\/li>\n<li>Bole\u010dina<\/li>\n<li>Stres<\/li>\n<\/ul>","protected":false},"featured_media":1212,"comment_status":"closed","ping_status":"closed","template":"","meta":{"site-sidebar-layout":"default","site-content-layout":"","ast-site-content-layout":"default","site-content-style":"default","site-sidebar-style":"default","ast-global-header-display":"","ast-banner-title-visibility":"","ast-main-header-display":"","ast-hfb-above-header-display":"","ast-hfb-below-header-display":"","ast-hfb-mobile-header-display":"","site-post-title":"","ast-breadcrumbs-content":"","ast-featured-img":"","footer-sml-layout":"","theme-transparent-header-meta":"default","adv-header-id-meta":"","stick-header-meta":"","header-above-stick-meta":"","header-main-stick-meta":"","header-below-stick-meta":"","astra-migrate-meta-layouts":"set","ast-page-background-enabled":"default","ast-page-background-meta":{"desktop":{"background-color":"","background-image":"","background-repeat":"repeat","background-position":"center center","background-size":"auto","background-attachment":"scroll","background-type":"","background-media":"","overlay-type":"","overlay-color":"","overlay-opacity":"","overlay-gradient":""},"tablet":{"background-color":"","background-image":"","background-repeat":"repeat","background-position":"center center","background-size":"auto","background-attachment":"scroll","background-type":"","background-media":"","overlay-type":"","overlay-color":"","overlay-opacity":"","overlay-gradient":""},"mobile":{"background-color":"","background-image":"","background-repeat":"repeat","background-position":"center center","background-size":"auto","background-attachment":"scroll","background-type":"","background-media":"","overlay-type":"","overlay-color":"","overlay-opacity":"","overlay-gradient":""}},"ast-content-background-meta":{"desktop":{"background-color":"var(--ast-global-color-5)","background-image":"","background-repeat":"repeat","background-position":"center center","background-size":"auto","background-attachment":"scroll","background-type":"","background-media":"","overlay-type":"","overlay-color":"","overlay-opacity":"","overlay-gradient":""},"tablet":{"background-color":"var(--ast-global-color-5)","background-image":"","background-repeat":"repeat","background-position":"center center","background-size":"auto","background-attachment":"scroll","background-type":"","background-media":"","overlay-type":"","overlay-color":"","overlay-opacity":"","overlay-gradient":""},"mobile":{"background-color":"var(--ast-global-color-5)","background-image":"","background-repeat":"repeat","background-position":"center center","background-size":"auto","background-attachment":"scroll","background-type":"","background-media":"","overlay-type":"","overlay-color":"","overlay-opacity":"","overlay-gradient":""}},"_joinchat":[]},"product_brand":[],"product_cat":[32,33],"product_tag":[],"class_list":{"0":"post-1194","1":"product","2":"type-product","3":"status-publish","4":"has-post-thumbnail","6":"product_cat-fleur-de-chanvre","7":"product_cat-thc-beuh","8":"desktop-align-left","9":"tablet-align-left","10":"mobile-align-left","12":"first","13":"instock","14":"shipping-taxable","15":"purchasable","16":"product-type-variable"},"yoast_head":"<!-- This site is optimized with the Yoast SEO Premium plugin v24.1 (Yoast SEO v26.8) - https:\/\/yoast.com\/product\/yoast-seo-premium-wordpress\/ -->\n<title>Acheter Lion\u2019s Cake Weed | Cannabis de Qualit\u00e9 Sup\u00e9rieure<\/title>\n<meta name=\"description\" content=\"Acheter Lion\u2019s Cake Weed, une vari\u00e9t\u00e9 de cannabis puissante et savoureuse. Profitez d\u2019une livraison discr\u00e8te et de produits de qualit\u00e9 sup\u00e9rieure.\" \/>\n<meta name=\"robots\" content=\"index, follow, max-snippet:-1, max-image-preview:large, max-video-preview:-1\" \/>\n<link rel=\"canonical\" href=\"https:\/\/beuhparadis.com\/sl\/product\/lions-cake\/\" \/>\n<meta property=\"og:locale\" content=\"sl_SI\" \/>\n<meta property=\"og:type\" content=\"article\" \/>\n<meta property=\"og:title\" content=\"Lion\u2019s Cake\" \/>\n<meta property=\"og:description\" content=\"Acheter Lion\u2019s Cake Weed, une vari\u00e9t\u00e9 de cannabis puissante et savoureuse. Profitez d\u2019une livraison discr\u00e8te et de produits de qualit\u00e9 sup\u00e9rieure.\" \/>\n<meta property=\"og:url\" content=\"https:\/\/beuhparadis.com\/sl\/product\/lions-cake\/\" \/>\n<meta property=\"og:site_name\" content=\"Beuh Paradis\" \/>\n<meta property=\"article:modified_time\" content=\"2025-01-26T16:26:26+00:00\" \/>\n<meta property=\"og:image\" content=\"https:\/\/beuhparadis.com\/wp-content\/uploads\/2024\/12\/Lions-Cake.webp\" \/>\n\t<meta property=\"og:image:width\" content=\"500\" \/>\n\t<meta property=\"og:image:height\" content=\"500\" \/>\n\t<meta property=\"og:image:type\" content=\"image\/webp\" \/>\n<meta name=\"twitter:card\" content=\"summary_large_image\" \/>\n<meta name=\"twitter:label1\" content=\"Est. reading time\" \/>\n\t<meta name=\"twitter:data1\" content=\"2 minutes\" \/>\n<script type=\"application\/ld+json\" class=\"yoast-schema-graph\">{\"@context\":\"https:\/\/schema.org\",\"@graph\":[{\"@type\":\"WebPage\",\"@id\":\"https:\/\/beuhparadis.com\/product\/lions-cake\/\",\"url\":\"https:\/\/beuhparadis.com\/product\/lions-cake\/\",\"name\":\"Acheter Lion\u2019s Cake Weed | Cannabis de Qualit\u00e9 Sup\u00e9rieure\",\"isPartOf\":{\"@id\":\"https:\/\/beuhparadis.com\/#website\"},\"primaryImageOfPage\":{\"@id\":\"https:\/\/beuhparadis.com\/product\/lions-cake\/#primaryimage\"},\"image\":{\"@id\":\"https:\/\/beuhparadis.com\/product\/lions-cake\/#primaryimage\"},\"thumbnailUrl\":\"https:\/\/beuhparadis.com\/wp-content\/uploads\/2024\/12\/Lions-Cake.webp\",\"datePublished\":\"2024-12-10T23:38:48+00:00\",\"dateModified\":\"2025-01-26T16:26:26+00:00\",\"description\":\"Acheter Lion\u2019s Cake Weed, une vari\u00e9t\u00e9 de cannabis puissante et savoureuse. Profitez d\u2019une livraison discr\u00e8te et de produits de qualit\u00e9 sup\u00e9rieure.\",\"breadcrumb\":{\"@id\":\"https:\/\/beuhparadis.com\/product\/lions-cake\/#breadcrumb\"},\"inLanguage\":\"sl-SI\",\"potentialAction\":[{\"@type\":\"ReadAction\",\"target\":[\"https:\/\/beuhparadis.com\/product\/lions-cake\/\"]}]},{\"@type\":\"ImageObject\",\"inLanguage\":\"sl-SI\",\"@id\":\"https:\/\/beuhparadis.com\/product\/lions-cake\/#primaryimage\",\"url\":\"https:\/\/beuhparadis.com\/wp-content\/uploads\/2024\/12\/Lions-Cake.webp\",\"contentUrl\":\"https:\/\/beuhparadis.com\/wp-content\/uploads\/2024\/12\/Lions-Cake.webp\",\"width\":500,\"height\":500},{\"@type\":\"BreadcrumbList\",\"@id\":\"https:\/\/beuhparadis.com\/product\/lions-cake\/#breadcrumb\",\"itemListElement\":[{\"@type\":\"ListItem\",\"position\":1,\"name\":\"Home\",\"item\":\"https:\/\/beuhparadis.com\/\"},{\"@type\":\"ListItem\",\"position\":2,\"name\":\"Shop\",\"item\":\"https:\/\/beuhparadis.com\/shop\/\"},{\"@type\":\"ListItem\",\"position\":3,\"name\":\"Lion\u2019s Cake\"}]},{\"@type\":\"WebSite\",\"@id\":\"https:\/\/beuhparadis.com\/#website\",\"url\":\"https:\/\/beuhparadis.com\/\",\"name\":\"Beuh Paradis\",\"description\":\"\",\"potentialAction\":[{\"@type\":\"SearchAction\",\"target\":{\"@type\":\"EntryPoint\",\"urlTemplate\":\"https:\/\/beuhparadis.com\/?s={search_term_string}\"},\"query-input\":{\"@type\":\"PropertyValueSpecification\",\"valueRequired\":true,\"valueName\":\"search_term_string\"}}],\"inLanguage\":\"sl-SI\"}]}<\/script>\n<!-- \/ Yoast SEO Premium plugin. -->","yoast_head_json":{"title":"Nakup trava Lion's Cake | Visoka kakovost konoplje","description":"Kupite konopljo Lion's Cake Weed, mo\u010dno in okusno sorto konoplje. U\u017eivajte v diskretni dostavi in visokokakovostnih izdelkih.","robots":{"index":"index","follow":"follow","max-snippet":"max-snippet:-1","max-image-preview":"max-image-preview:large","max-video-preview":"max-video-preview:-1"},"canonical":"https:\/\/beuhparadis.com\/sl\/product\/lions-cake\/","og_locale":"sl_SI","og_type":"article","og_title":"Lion\u2019s Cake","og_description":"Acheter Lion\u2019s Cake Weed, une vari\u00e9t\u00e9 de cannabis puissante et savoureuse. Profitez d\u2019une livraison discr\u00e8te et de produits de qualit\u00e9 sup\u00e9rieure.","og_url":"https:\/\/beuhparadis.com\/sl\/product\/lions-cake\/","og_site_name":"Beuh Paradis","article_modified_time":"2025-01-26T16:26:26+00:00","og_image":[{"width":500,"height":500,"url":"https:\/\/beuhparadis.com\/wp-content\/uploads\/2024\/12\/Lions-Cake.webp","type":"image\/webp"}],"twitter_card":"summary_large_image","twitter_misc":{"Est. reading time":"2 minutes"},"schema":{"@context":"https:\/\/schema.org","@graph":[{"@type":"WebPage","@id":"https:\/\/beuhparadis.com\/product\/lions-cake\/","url":"https:\/\/beuhparadis.com\/product\/lions-cake\/","name":"Nakup trava Lion's Cake | Visoka kakovost konoplje","isPartOf":{"@id":"https:\/\/beuhparadis.com\/#website"},"primaryImageOfPage":{"@id":"https:\/\/beuhparadis.com\/product\/lions-cake\/#primaryimage"},"image":{"@id":"https:\/\/beuhparadis.com\/product\/lions-cake\/#primaryimage"},"thumbnailUrl":"https:\/\/beuhparadis.com\/wp-content\/uploads\/2024\/12\/Lions-Cake.webp","datePublished":"2024-12-10T23:38:48+00:00","dateModified":"2025-01-26T16:26:26+00:00","description":"Kupite konopljo Lion's Cake Weed, mo\u010dno in okusno sorto konoplje. U\u017eivajte v diskretni dostavi in visokokakovostnih izdelkih.","breadcrumb":{"@id":"https:\/\/beuhparadis.com\/product\/lions-cake\/#breadcrumb"},"inLanguage":"sl-SI","potentialAction":[{"@type":"ReadAction","target":["https:\/\/beuhparadis.com\/product\/lions-cake\/"]}]},{"@type":"ImageObject","inLanguage":"sl-SI","@id":"https:\/\/beuhparadis.com\/product\/lions-cake\/#primaryimage","url":"https:\/\/beuhparadis.com\/wp-content\/uploads\/2024\/12\/Lions-Cake.webp","contentUrl":"https:\/\/beuhparadis.com\/wp-content\/uploads\/2024\/12\/Lions-Cake.webp","width":500,"height":500},{"@type":"BreadcrumbList","@id":"https:\/\/beuhparadis.com\/product\/lions-cake\/#breadcrumb","itemListElement":[{"@type":"ListItem","position":1,"name":"Home","item":"https:\/\/beuhparadis.com\/"},{"@type":"ListItem","position":2,"name":"Shop","item":"https:\/\/beuhparadis.com\/shop\/"},{"@type":"ListItem","position":3,"name":"Lion\u2019s Cake"}]},{"@type":"WebSite","@id":"https:\/\/beuhparadis.com\/#website","url":"https:\/\/beuhparadis.com\/","name":"Beuh Paradis","description":"","potentialAction":[{"@type":"SearchAction","target":{"@type":"EntryPoint","urlTemplate":"https:\/\/beuhparadis.com\/?s={search_term_string}"},"query-input":{"@type":"PropertyValueSpecification","valueRequired":true,"valueName":"search_term_string"}}],"inLanguage":"sl-SI"}]}},"_links":{"self":[{"href":"https:\/\/beuhparadis.com\/sl\/wp-json\/wp\/v2\/product\/1194","targetHints":{"allow":["GET"]}}],"collection":[{"href":"https:\/\/beuhparadis.com\/sl\/wp-json\/wp\/v2\/product"}],"about":[{"href":"https:\/\/beuhparadis.com\/sl\/wp-json\/wp\/v2\/types\/product"}],"replies":[{"embeddable":true,"href":"https:\/\/beuhparadis.com\/sl\/wp-json\/wp\/v2\/comments?post=1194"}],"wp:featuredmedia":[{"embeddable":true,"href":"https:\/\/beuhparadis.com\/sl\/wp-json\/wp\/v2\/media\/1212"}],"wp:attachment":[{"href":"https:\/\/beuhparadis.com\/sl\/wp-json\/wp\/v2\/media?parent=1194"}],"wp:term":[{"taxonomy":"product_brand","embeddable":true,"href":"https:\/\/beuhparadis.com\/sl\/wp-json\/wp\/v2\/product_brand?post=1194"},{"taxonomy":"product_cat","embeddable":true,"href":"https:\/\/beuhparadis.com\/sl\/wp-json\/wp\/v2\/product_cat?post=1194"},{"taxonomy":"product_tag","embeddable":true,"href":"https:\/\/beuhparadis.com\/sl\/wp-json\/wp\/v2\/product_tag?post=1194"}],"curies":[{"name":"wp","href":"https:\/\/api.w.org\/{rel}","templated":true}]}}