{"id":1168,"date":"2024-12-10T23:38:32","date_gmt":"2024-12-10T23:38:32","guid":{"rendered":"https:\/\/beuhparadis.com\/?post_type=product&#038;p=1168"},"modified":"2025-01-26T16:08:28","modified_gmt":"2025-01-26T16:08:28","slug":"cherry-gorilla","status":"publish","type":"product","link":"https:\/\/beuhparadis.com\/sl\/product\/cherry-gorilla\/","title":{"rendered":"Cherry Gorilla"},"content":{"rendered":"<h1 class=\"wp-block-heading\">Kupi Cherry Gorilla Weed: hibrid s pomirjujo\u010dimi u\u010dinki<\/h1>\n<p>Kupite plevel Cherry Gorilla, znan tudi kot \"Cherry Gorilla Glue\", hibridni sev, ki je rezultat kri\u017eanja dveh znanih sort: GG4 (znan tudi kot Gorilla Glue #4) in Black Cherry Pie. Ta sev se odlikuje po pomirjujo\u010dih in ne energizirajo\u010dih u\u010dinkih.<\/p>\n<h2 class=\"wp-block-heading\">Informacije o sorti Cherry Gorilla<\/h2>\n<ul class=\"wp-block-list\">\n<li><strong>Vrsta :<\/strong> Hibridni<\/li>\n<li><strong>Genetika :<\/strong> Kri\u017eanec med GG4 in Black Cherry Pie<\/li>\n<li><strong>Proizvajalec :<\/strong> Doma\u010da genetika<\/li>\n<\/ul>\n<h2 class=\"wp-block-heading\">THC in CBD<\/h2>\n<ul class=\"wp-block-list\">\n<li><strong>THC :<\/strong> 22%, pri nekaterih sortah do 22% ali ve\u010d<\/li>\n<li><strong>CBD :<\/strong> Nizek odstotek, osredoto\u010den na u\u010dinke THC<\/li>\n<\/ul>\n<h2 class=\"wp-block-heading\">Kje lahko kupim Cherry Gorilla na spletu?<\/h2>\n<p>Plevel Cherry Gorilla je na voljo za spletni nakup na specializiranih platformah, kot je Acheterducannabis, in izku\u0161enim potro\u0161nikom ponuja visokokakovosten sev z visoko toleranco THC.<\/p>\n<h2 class=\"wp-block-heading\">U\u010dinki, aroma in okus trave Cherry Gorilla Weed<\/h2>\n<h3 class=\"wp-block-heading\">U\u010dinek<\/h3>\n<ul class=\"wp-block-list\">\n<li><strong>Ob\u010dutki :<\/strong> Sre\u010da, sprostitev, koncentracija<\/li>\n<li><strong>Negativi :<\/strong> Suha usta, suhe o\u010di<\/li>\n<\/ul>\n<h3 class=\"wp-block-heading\">Aroma<\/h3>\n<p>Cherry Gorilla ima zemeljski aromati\u010dni profil, ki ga dopolnjujejo note jagodi\u010devja in dizla.<\/p>\n<h3 class=\"wp-block-heading\">Okusi<\/h3>\n<p>Okus te sorte sledi njeni aromi, saj ponuja me\u0161anico jagodi\u010devja, dizla in zemlje.<\/p>\n<h2 class=\"wp-block-heading\">Zdravstveni u\u010dinki Cherry Gorilla<\/h2>\n<p>Zdravstveni bolniki izberejo Cherry Gorilla Weed za laj\u0161anje simptomov, povezanih z :<\/p>\n<ul class=\"wp-block-list\">\n<li>Depresija<\/li>\n<li>Stres<\/li>\n<li>Bole\u010dina<\/li>\n<\/ul>\n<h3 class=\"wp-block-heading\">Lahko olaj\u0161a<\/h3>\n<ul class=\"wp-block-list\">\n<li>Depresija (17% uporabnikov)<\/li>\n<li>Bole\u010dina (17% uporabnikov)<\/li>\n<li>Anksioznost (17% uporabnikov)<\/li>\n<\/ul>\n<h2 class=\"wp-block-heading\">Zakaj kupiti Cherry Gorilla Strain pri Acheterducannabis?<\/h2>\n<p><a href=\"https:\/\/beuhparadis.com\/sl\">Beuhparadis<\/a> strogo izbira vrhunske sorte, kot je Cherry Gorilla, in tako izku\u0161enim potro\u0161nikom zagotavlja dostop do izdelkov z visoko vsebnostjo THC in globokimi blagodejnimi u\u010dinki.<\/p>\n<h2 class=\"wp-block-heading\">Zakonodaja, ki ureja prodajo Cherry Gorilla v Evropi<\/h2>\n<p>Za prodajo konoplje Cherry Gorilla, tako kot za vse sorte konoplje, velja evropska zakonodaja, ki ureja vsebnost THC. Ker je vsebnost THC v \u0161tevilnih evropskih dr\u017eavah pod zakonsko dovoljeno mejo, je ta sev \u0161e vedno dostopen tistim, ki i\u0161\u010dejo njegove posebne terapevtske in rekreativne u\u010dinke.<\/p>\n<p><a href=\"https:\/\/www.leafly.com\/strains\/cheetah-piss\" data-type=\"link\" data-id=\"https:\/\/www.leafly.com\/strains\/cheetah-piss\">Cherry Gorilla<\/a> weed je nepogre\u0161ljiv za ljubitelje konoplje, ki i\u0161\u010dejo pomirjujo\u010do izku\u0161njo, za katero je zna\u010dilna takoj\u0161nja evforija, ki ji sledi zaspanost. Ta sev, ki je idealen za izku\u0161ene uporabnike, odli\u010dno ponazarja strokovno znanje njegovih ustvarjalcev, podjetja In House Genetics, na podro\u010dju genskega kri\u017eanja.<\/p>","protected":false},"excerpt":{"rendered":"<p><strong>THC :<\/strong> 17 % - 18 <strong>U\u010dinki<\/strong> Vzneseno telo, sre\u010dno, spro\u0161\u010dujo\u010de, spodbudno <strong>Lahko olaj\u0161a<\/strong> Kroni\u010dna bole\u010dina, depresija, utrujenost, nespe\u010dnost, slabost, stres<\/p>","protected":false},"featured_media":1178,"comment_status":"closed","ping_status":"closed","template":"","meta":{"site-sidebar-layout":"default","site-content-layout":"","ast-site-content-layout":"default","site-content-style":"default","site-sidebar-style":"default","ast-global-header-display":"","ast-banner-title-visibility":"","ast-main-header-display":"","ast-hfb-above-header-display":"","ast-hfb-below-header-display":"","ast-hfb-mobile-header-display":"","site-post-title":"","ast-breadcrumbs-content":"","ast-featured-img":"","footer-sml-layout":"","theme-transparent-header-meta":"default","adv-header-id-meta":"","stick-header-meta":"","header-above-stick-meta":"","header-main-stick-meta":"","header-below-stick-meta":"","astra-migrate-meta-layouts":"set","ast-page-background-enabled":"default","ast-page-background-meta":{"desktop":{"background-color":"","background-image":"","background-repeat":"repeat","background-position":"center center","background-size":"auto","background-attachment":"scroll","background-type":"","background-media":"","overlay-type":"","overlay-color":"","overlay-opacity":"","overlay-gradient":""},"tablet":{"background-color":"","background-image":"","background-repeat":"repeat","background-position":"center center","background-size":"auto","background-attachment":"scroll","background-type":"","background-media":"","overlay-type":"","overlay-color":"","overlay-opacity":"","overlay-gradient":""},"mobile":{"background-color":"","background-image":"","background-repeat":"repeat","background-position":"center center","background-size":"auto","background-attachment":"scroll","background-type":"","background-media":"","overlay-type":"","overlay-color":"","overlay-opacity":"","overlay-gradient":""}},"ast-content-background-meta":{"desktop":{"background-color":"var(--ast-global-color-5)","background-image":"","background-repeat":"repeat","background-position":"center center","background-size":"auto","background-attachment":"scroll","background-type":"","background-media":"","overlay-type":"","overlay-color":"","overlay-opacity":"","overlay-gradient":""},"tablet":{"background-color":"var(--ast-global-color-5)","background-image":"","background-repeat":"repeat","background-position":"center center","background-size":"auto","background-attachment":"scroll","background-type":"","background-media":"","overlay-type":"","overlay-color":"","overlay-opacity":"","overlay-gradient":""},"mobile":{"background-color":"var(--ast-global-color-5)","background-image":"","background-repeat":"repeat","background-position":"center center","background-size":"auto","background-attachment":"scroll","background-type":"","background-media":"","overlay-type":"","overlay-color":"","overlay-opacity":"","overlay-gradient":""}},"_joinchat":[]},"product_brand":[],"product_cat":[32,33],"product_tag":[],"class_list":{"0":"post-1168","1":"product","2":"type-product","3":"status-publish","4":"has-post-thumbnail","6":"product_cat-fleur-de-chanvre","7":"product_cat-thc-beuh","8":"desktop-align-left","9":"tablet-align-left","10":"mobile-align-left","12":"first","13":"instock","14":"shipping-taxable","15":"purchasable","16":"product-type-variable"},"yoast_head":"<!-- This site is optimized with the Yoast SEO Premium plugin v24.1 (Yoast SEO v26.8) - https:\/\/yoast.com\/product\/yoast-seo-premium-wordpress\/ -->\n<title>Acheter Cherry Gorilla Weed \u2013 Cannabis Puissant et Savoureux<\/title>\n<meta name=\"description\" content=\"Acheter Cherry Gorilla Weed, une vari\u00e9t\u00e9 de cannabis premium offrant un m\u00e9lange unique de saveurs sucr\u00e9es et terreuses. Livraison rapide et discr\u00e8te\" \/>\n<meta name=\"robots\" content=\"index, follow, max-snippet:-1, max-image-preview:large, max-video-preview:-1\" \/>\n<link rel=\"canonical\" href=\"https:\/\/beuhparadis.com\/sl\/product\/cherry-gorilla\/\" \/>\n<meta property=\"og:locale\" content=\"sl_SI\" \/>\n<meta property=\"og:type\" content=\"article\" \/>\n<meta property=\"og:title\" content=\"Cherry Gorilla\" \/>\n<meta property=\"og:description\" content=\"Acheter Cherry Gorilla Weed, une vari\u00e9t\u00e9 de cannabis premium offrant un m\u00e9lange unique de saveurs sucr\u00e9es et terreuses. Livraison rapide et discr\u00e8te\" \/>\n<meta property=\"og:url\" content=\"https:\/\/beuhparadis.com\/sl\/product\/cherry-gorilla\/\" \/>\n<meta property=\"og:site_name\" content=\"Beuh Paradis\" \/>\n<meta property=\"article:modified_time\" content=\"2025-01-26T16:08:28+00:00\" \/>\n<meta property=\"og:image\" content=\"https:\/\/beuhparadis.com\/wp-content\/uploads\/2024\/12\/Cherry-Gorilla.webp\" \/>\n\t<meta property=\"og:image:width\" content=\"500\" \/>\n\t<meta property=\"og:image:height\" content=\"500\" \/>\n\t<meta property=\"og:image:type\" content=\"image\/webp\" \/>\n<meta name=\"twitter:card\" content=\"summary_large_image\" \/>\n<meta name=\"twitter:label1\" content=\"Est. reading time\" \/>\n\t<meta name=\"twitter:data1\" content=\"2 minutes\" \/>\n<script type=\"application\/ld+json\" class=\"yoast-schema-graph\">{\"@context\":\"https:\/\/schema.org\",\"@graph\":[{\"@type\":\"WebPage\",\"@id\":\"https:\/\/beuhparadis.com\/product\/cherry-gorilla\/\",\"url\":\"https:\/\/beuhparadis.com\/product\/cherry-gorilla\/\",\"name\":\"Acheter Cherry Gorilla Weed \u2013 Cannabis Puissant et Savoureux\",\"isPartOf\":{\"@id\":\"https:\/\/beuhparadis.com\/#website\"},\"primaryImageOfPage\":{\"@id\":\"https:\/\/beuhparadis.com\/product\/cherry-gorilla\/#primaryimage\"},\"image\":{\"@id\":\"https:\/\/beuhparadis.com\/product\/cherry-gorilla\/#primaryimage\"},\"thumbnailUrl\":\"https:\/\/beuhparadis.com\/wp-content\/uploads\/2024\/12\/Cherry-Gorilla.webp\",\"datePublished\":\"2024-12-10T23:38:32+00:00\",\"dateModified\":\"2025-01-26T16:08:28+00:00\",\"description\":\"Acheter Cherry Gorilla Weed, une vari\u00e9t\u00e9 de cannabis premium offrant un m\u00e9lange unique de saveurs sucr\u00e9es et terreuses. Livraison rapide et discr\u00e8te\",\"breadcrumb\":{\"@id\":\"https:\/\/beuhparadis.com\/product\/cherry-gorilla\/#breadcrumb\"},\"inLanguage\":\"sl-SI\",\"potentialAction\":[{\"@type\":\"ReadAction\",\"target\":[\"https:\/\/beuhparadis.com\/product\/cherry-gorilla\/\"]}]},{\"@type\":\"ImageObject\",\"inLanguage\":\"sl-SI\",\"@id\":\"https:\/\/beuhparadis.com\/product\/cherry-gorilla\/#primaryimage\",\"url\":\"https:\/\/beuhparadis.com\/wp-content\/uploads\/2024\/12\/Cherry-Gorilla.webp\",\"contentUrl\":\"https:\/\/beuhparadis.com\/wp-content\/uploads\/2024\/12\/Cherry-Gorilla.webp\",\"width\":500,\"height\":500},{\"@type\":\"BreadcrumbList\",\"@id\":\"https:\/\/beuhparadis.com\/product\/cherry-gorilla\/#breadcrumb\",\"itemListElement\":[{\"@type\":\"ListItem\",\"position\":1,\"name\":\"Home\",\"item\":\"https:\/\/beuhparadis.com\/\"},{\"@type\":\"ListItem\",\"position\":2,\"name\":\"Shop\",\"item\":\"https:\/\/beuhparadis.com\/shop\/\"},{\"@type\":\"ListItem\",\"position\":3,\"name\":\"Cherry Gorilla\"}]},{\"@type\":\"WebSite\",\"@id\":\"https:\/\/beuhparadis.com\/#website\",\"url\":\"https:\/\/beuhparadis.com\/\",\"name\":\"Beuh Paradis\",\"description\":\"\",\"potentialAction\":[{\"@type\":\"SearchAction\",\"target\":{\"@type\":\"EntryPoint\",\"urlTemplate\":\"https:\/\/beuhparadis.com\/?s={search_term_string}\"},\"query-input\":{\"@type\":\"PropertyValueSpecification\",\"valueRequired\":true,\"valueName\":\"search_term_string\"}}],\"inLanguage\":\"sl-SI\"}]}<\/script>\n<!-- \/ Yoast SEO Premium plugin. -->","yoast_head_json":{"title":"Kupi Cherry Gorilla Weed - mo\u010dna in okusna konoplja","description":"Kupite Cherry Gorilla Weed, vrhunski sev konoplje, ki ponuja edinstveno me\u0161anico sladkih in zemeljskih okusov. Hitra in diskretna dostava","robots":{"index":"index","follow":"follow","max-snippet":"max-snippet:-1","max-image-preview":"max-image-preview:large","max-video-preview":"max-video-preview:-1"},"canonical":"https:\/\/beuhparadis.com\/sl\/product\/cherry-gorilla\/","og_locale":"sl_SI","og_type":"article","og_title":"Cherry Gorilla","og_description":"Acheter Cherry Gorilla Weed, une vari\u00e9t\u00e9 de cannabis premium offrant un m\u00e9lange unique de saveurs sucr\u00e9es et terreuses. Livraison rapide et discr\u00e8te","og_url":"https:\/\/beuhparadis.com\/sl\/product\/cherry-gorilla\/","og_site_name":"Beuh Paradis","article_modified_time":"2025-01-26T16:08:28+00:00","og_image":[{"width":500,"height":500,"url":"https:\/\/beuhparadis.com\/wp-content\/uploads\/2024\/12\/Cherry-Gorilla.webp","type":"image\/webp"}],"twitter_card":"summary_large_image","twitter_misc":{"Est. reading time":"2 minutes"},"schema":{"@context":"https:\/\/schema.org","@graph":[{"@type":"WebPage","@id":"https:\/\/beuhparadis.com\/product\/cherry-gorilla\/","url":"https:\/\/beuhparadis.com\/product\/cherry-gorilla\/","name":"Kupi Cherry Gorilla Weed - mo\u010dna in okusna konoplja","isPartOf":{"@id":"https:\/\/beuhparadis.com\/#website"},"primaryImageOfPage":{"@id":"https:\/\/beuhparadis.com\/product\/cherry-gorilla\/#primaryimage"},"image":{"@id":"https:\/\/beuhparadis.com\/product\/cherry-gorilla\/#primaryimage"},"thumbnailUrl":"https:\/\/beuhparadis.com\/wp-content\/uploads\/2024\/12\/Cherry-Gorilla.webp","datePublished":"2024-12-10T23:38:32+00:00","dateModified":"2025-01-26T16:08:28+00:00","description":"Kupite Cherry Gorilla Weed, vrhunski sev konoplje, ki ponuja edinstveno me\u0161anico sladkih in zemeljskih okusov. Hitra in diskretna dostava","breadcrumb":{"@id":"https:\/\/beuhparadis.com\/product\/cherry-gorilla\/#breadcrumb"},"inLanguage":"sl-SI","potentialAction":[{"@type":"ReadAction","target":["https:\/\/beuhparadis.com\/product\/cherry-gorilla\/"]}]},{"@type":"ImageObject","inLanguage":"sl-SI","@id":"https:\/\/beuhparadis.com\/product\/cherry-gorilla\/#primaryimage","url":"https:\/\/beuhparadis.com\/wp-content\/uploads\/2024\/12\/Cherry-Gorilla.webp","contentUrl":"https:\/\/beuhparadis.com\/wp-content\/uploads\/2024\/12\/Cherry-Gorilla.webp","width":500,"height":500},{"@type":"BreadcrumbList","@id":"https:\/\/beuhparadis.com\/product\/cherry-gorilla\/#breadcrumb","itemListElement":[{"@type":"ListItem","position":1,"name":"Home","item":"https:\/\/beuhparadis.com\/"},{"@type":"ListItem","position":2,"name":"Shop","item":"https:\/\/beuhparadis.com\/shop\/"},{"@type":"ListItem","position":3,"name":"Cherry Gorilla"}]},{"@type":"WebSite","@id":"https:\/\/beuhparadis.com\/#website","url":"https:\/\/beuhparadis.com\/","name":"Beuh Paradis","description":"","potentialAction":[{"@type":"SearchAction","target":{"@type":"EntryPoint","urlTemplate":"https:\/\/beuhparadis.com\/?s={search_term_string}"},"query-input":{"@type":"PropertyValueSpecification","valueRequired":true,"valueName":"search_term_string"}}],"inLanguage":"sl-SI"}]}},"_links":{"self":[{"href":"https:\/\/beuhparadis.com\/sl\/wp-json\/wp\/v2\/product\/1168","targetHints":{"allow":["GET"]}}],"collection":[{"href":"https:\/\/beuhparadis.com\/sl\/wp-json\/wp\/v2\/product"}],"about":[{"href":"https:\/\/beuhparadis.com\/sl\/wp-json\/wp\/v2\/types\/product"}],"replies":[{"embeddable":true,"href":"https:\/\/beuhparadis.com\/sl\/wp-json\/wp\/v2\/comments?post=1168"}],"wp:featuredmedia":[{"embeddable":true,"href":"https:\/\/beuhparadis.com\/sl\/wp-json\/wp\/v2\/media\/1178"}],"wp:attachment":[{"href":"https:\/\/beuhparadis.com\/sl\/wp-json\/wp\/v2\/media?parent=1168"}],"wp:term":[{"taxonomy":"product_brand","embeddable":true,"href":"https:\/\/beuhparadis.com\/sl\/wp-json\/wp\/v2\/product_brand?post=1168"},{"taxonomy":"product_cat","embeddable":true,"href":"https:\/\/beuhparadis.com\/sl\/wp-json\/wp\/v2\/product_cat?post=1168"},{"taxonomy":"product_tag","embeddable":true,"href":"https:\/\/beuhparadis.com\/sl\/wp-json\/wp\/v2\/product_tag?post=1168"}],"curies":[{"name":"wp","href":"https:\/\/api.w.org\/{rel}","templated":true}]}}