{"id":1163,"date":"2024-12-10T23:38:32","date_gmt":"2024-12-10T23:38:32","guid":{"rendered":"https:\/\/beuhparadis.com\/?post_type=product&#038;p=1163"},"modified":"2025-01-25T23:27:23","modified_gmt":"2025-01-25T23:27:23","slug":"clementine","status":"publish","type":"product","link":"https:\/\/beuhparadis.com\/sl\/product\/clementine\/","title":{"rendered":"Clementine"},"content":{"rendered":"<h1 class=\"wp-block-heading\">Kupi Clementine Weed: Prebudite svoje \u010dute z energizirajo\u010do sativo<\/h1>\n<p>Clementine Weed, prevladujo\u010da sativa, je rezultat uspe\u0161nega kri\u017eanja med sortama Tangie in Lemon Skunk. Clementine je znan po sladkem okusu in aromi citrusov, zato se je uveljavil kot najbolj\u0161a izbira za tiste, ki i\u0161\u010dejo energi\u010dno in po\u017eivljajo\u010do izku\u0161njo.<\/p>\n<h2 class=\"wp-block-heading\">Informacije o plevelu Clementine<\/h2>\n<ul class=\"wp-block-list\">\n<li><strong>Vrsta: Vklju\u010dite se v sistem:<\/strong> Prevladujo\u010de sativa<\/li>\n<li><strong>Genetika:<\/strong> Kri\u017eanec med Tangie in Lemon Skunk<\/li>\n<li><strong>Aromatski profil:<\/strong> Citrusi s prevladujo\u010dimi notami pomaran\u010de in limone<\/li>\n<li><strong>Nagrade:<\/strong> Najbolj\u0161i koncentrat sative v letu 2015<\/li>\n<\/ul>\n<h2 class=\"wp-block-heading\">THC in CBD<\/h2>\n<ul class=\"wp-block-list\">\n<li><strong>THC:<\/strong> Visoka stopnja, ki prispeva k njegovim po\u017eivljajo\u010dim u\u010dinkom<\/li>\n<li><strong>CBD:<\/strong> \u0160ibka, ki poudarja zna\u010dilnosti sative v tej vrsti.<\/li>\n<\/ul>\n<h2 class=\"wp-block-heading\">Kje lahko kupim klementinsko travo na spletu?<\/h2>\n<p>Clementine Weed je na voljo za spletni nakup pri Acheterducannabis, kjer lahko potro\u0161niki najdejo visokokakovostne izdelke, ki so bili testirani in odobreni zaradi svoje \u010distosti in u\u010dinkovitosti.<\/p>\n<h2 class=\"wp-block-heading\">U\u010dinki, arome in okusi klementinske trave<\/h2>\n<h3 class=\"wp-block-heading\">U\u010dinek<\/h3>\n<ul class=\"wp-block-list\">\n<li><strong>Ob\u010dutki:<\/strong> Energija, dvig, koncentracija<\/li>\n<li><strong>Negativno:<\/strong> Anksioznost, paranoja, glavoboli<\/li>\n<\/ul>\n<h3 class=\"wp-block-heading\">Aroma<\/h3>\n<ul class=\"wp-block-list\">\n<li>Clementine Weed ima sve\u017e vonj citrusov s prevladujo\u010dimi notami pomaran\u010de in limone, ki vas vabi k u\u017eivanju v neprimerljivi vonjalni izku\u0161nji.<\/li>\n<\/ul>\n<h3 class=\"wp-block-heading\">Okusi<\/h3>\n<ul class=\"wp-block-list\">\n<li>Okus klementine je zvest njeni aromi, saj ponuja okus pomaran\u010de, limone in drugih agrumov za osve\u017eujo\u010do in prijetno izku\u0161njo okusa.<\/li>\n<\/ul>\n<h2 class=\"wp-block-heading\">Zdravstveni u\u010dinki klementine plevela<\/h2>\n<p>Klementinska trava je znana po \u0161tevilnih zdravstvenih koristih, vklju\u010dno z :<\/p>\n<ul class=\"wp-block-list\">\n<li>Olaj\u0161anje stresa<\/li>\n<li>Zmanj\u0161ana tesnoba<\/li>\n<li>Zmanj\u0161anje simptomov depresije<\/li>\n<\/ul>\n<h3 class=\"wp-block-heading\">Lahko olaj\u0161a<\/h3>\n<ul class=\"wp-block-list\">\n<li>Stres<\/li>\n<li>Anksioznost<\/li>\n<li>Depresija<\/li>\n<\/ul>\n<h2 class=\"wp-block-heading\">Zakaj kupiti klementinski plevel pri beuhparadis?<\/h2>\n<p><a href=\"https:\/\/beuhparadis.com\/sl\">Beuhparadis<\/a> ponuja strog izbor klementinskega plevela, ki zagotavlja optimalno uporabni\u0161ko izku\u0161njo z izdelki najvi\u0161je kakovosti, ki so v skladu z zakonskimi zahtevami.<\/p>\n<h2 class=\"wp-block-heading\">Zakonodaja o prodaji klementinskega plevela v Evropi<\/h2>\n<p>Prodaja konoplje, vklju\u010dno s konopljo Clementine Weed, je v vsaki evropski dr\u017eavi urejena s posebnimi zakoni. Acheterducannabis te zakone dosledno spo\u0161tuje, da bi vsem svojim strankam zagotovil varno in zakonito nakupno izku\u0161njo.<\/p>\n<p>Klementinska trava vas zaradi svojega energizirajo\u010dega u\u010dinka in izvrstnega aromati\u010dnega profila vabi, da si dan popestrite z energijo. Ne glede na to, ali \u017eelite spodbuditi svojo ustvarjalnost, se osredoto\u010diti ali preprosto u\u017eivati v trenutkih sprostitve, je Clementine idealen sev. Na voljo pri Acheterducannabis, odkrijte to nagrajeno sorto in se prepustite njenemu svetu citrusov in dobrega po\u010dutja.<\/p>","protected":false},"excerpt":{"rendered":"<p><strong>THC :<\/strong> 17 % - 19 % <strong>U\u010dinki<\/strong> Evforija, Koncentracija, Sre\u010dno, Spro\u0161\u010dujo\u010de, Pou\u010dno <strong>Lahko olaj\u0161a<\/strong> Bipolarna motnja, depresija, kroni\u010dna bole\u010dina, utrujenost, glavoboli, vnetje, migrena, slabost, posttravmatska stresna motnja<\/p>","protected":false},"featured_media":1177,"comment_status":"closed","ping_status":"closed","template":"","meta":{"site-sidebar-layout":"default","site-content-layout":"","ast-site-content-layout":"default","site-content-style":"default","site-sidebar-style":"default","ast-global-header-display":"","ast-banner-title-visibility":"","ast-main-header-display":"","ast-hfb-above-header-display":"","ast-hfb-below-header-display":"","ast-hfb-mobile-header-display":"","site-post-title":"","ast-breadcrumbs-content":"","ast-featured-img":"","footer-sml-layout":"","theme-transparent-header-meta":"default","adv-header-id-meta":"","stick-header-meta":"","header-above-stick-meta":"","header-main-stick-meta":"","header-below-stick-meta":"","astra-migrate-meta-layouts":"set","ast-page-background-enabled":"default","ast-page-background-meta":{"desktop":{"background-color":"","background-image":"","background-repeat":"repeat","background-position":"center center","background-size":"auto","background-attachment":"scroll","background-type":"","background-media":"","overlay-type":"","overlay-color":"","overlay-opacity":"","overlay-gradient":""},"tablet":{"background-color":"","background-image":"","background-repeat":"repeat","background-position":"center center","background-size":"auto","background-attachment":"scroll","background-type":"","background-media":"","overlay-type":"","overlay-color":"","overlay-opacity":"","overlay-gradient":""},"mobile":{"background-color":"","background-image":"","background-repeat":"repeat","background-position":"center center","background-size":"auto","background-attachment":"scroll","background-type":"","background-media":"","overlay-type":"","overlay-color":"","overlay-opacity":"","overlay-gradient":""}},"ast-content-background-meta":{"desktop":{"background-color":"var(--ast-global-color-5)","background-image":"","background-repeat":"repeat","background-position":"center center","background-size":"auto","background-attachment":"scroll","background-type":"","background-media":"","overlay-type":"","overlay-color":"","overlay-opacity":"","overlay-gradient":""},"tablet":{"background-color":"var(--ast-global-color-5)","background-image":"","background-repeat":"repeat","background-position":"center center","background-size":"auto","background-attachment":"scroll","background-type":"","background-media":"","overlay-type":"","overlay-color":"","overlay-opacity":"","overlay-gradient":""},"mobile":{"background-color":"var(--ast-global-color-5)","background-image":"","background-repeat":"repeat","background-position":"center center","background-size":"auto","background-attachment":"scroll","background-type":"","background-media":"","overlay-type":"","overlay-color":"","overlay-opacity":"","overlay-gradient":""}},"_joinchat":[]},"product_brand":[],"product_cat":[32,33],"product_tag":[],"class_list":{"0":"post-1163","1":"product","2":"type-product","3":"status-publish","4":"has-post-thumbnail","6":"product_cat-fleur-de-chanvre","7":"product_cat-thc-beuh","8":"desktop-align-left","9":"tablet-align-left","10":"mobile-align-left","12":"first","13":"instock","14":"shipping-taxable","15":"purchasable","16":"product-type-variable"},"yoast_head":"<!-- This site is optimized with the Yoast SEO Premium plugin v24.1 (Yoast SEO v26.8) - https:\/\/yoast.com\/product\/yoast-seo-premium-wordpress\/ -->\n<title>Acheter Clementine Weed \u2013 Cannabis Premium \u00e0 la Saveur Fruit\u00e9e<\/title>\n<meta name=\"description\" content=\"Acheter Clementine Weed, une vari\u00e9t\u00e9 de cannabis aromatique avec des notes fruit\u00e9es et un effet \u00e9nergisant. Livraison rapide et discr\u00e8te\" \/>\n<meta name=\"robots\" content=\"index, follow, max-snippet:-1, max-image-preview:large, max-video-preview:-1\" \/>\n<link rel=\"canonical\" href=\"https:\/\/beuhparadis.com\/sl\/product\/clementine\/\" \/>\n<meta property=\"og:locale\" content=\"sl_SI\" \/>\n<meta property=\"og:type\" content=\"article\" \/>\n<meta property=\"og:title\" content=\"Clementine\" \/>\n<meta property=\"og:description\" content=\"Acheter Clementine Weed, une vari\u00e9t\u00e9 de cannabis aromatique avec des notes fruit\u00e9es et un effet \u00e9nergisant. Livraison rapide et discr\u00e8te\" \/>\n<meta property=\"og:url\" content=\"https:\/\/beuhparadis.com\/sl\/product\/clementine\/\" \/>\n<meta property=\"og:site_name\" content=\"Beuh Paradis\" \/>\n<meta property=\"article:modified_time\" content=\"2025-01-25T23:27:23+00:00\" \/>\n<meta property=\"og:image\" content=\"https:\/\/beuhparadis.com\/wp-content\/uploads\/2024\/12\/Clementine.webp\" \/>\n\t<meta property=\"og:image:width\" content=\"500\" \/>\n\t<meta property=\"og:image:height\" content=\"500\" \/>\n\t<meta property=\"og:image:type\" content=\"image\/webp\" \/>\n<meta name=\"twitter:card\" content=\"summary_large_image\" \/>\n<meta name=\"twitter:label1\" content=\"Est. reading time\" \/>\n\t<meta name=\"twitter:data1\" content=\"2 minutes\" \/>\n<script type=\"application\/ld+json\" class=\"yoast-schema-graph\">{\"@context\":\"https:\/\/schema.org\",\"@graph\":[{\"@type\":\"WebPage\",\"@id\":\"https:\/\/beuhparadis.com\/product\/clementine\/\",\"url\":\"https:\/\/beuhparadis.com\/product\/clementine\/\",\"name\":\"Acheter Clementine Weed \u2013 Cannabis Premium \u00e0 la Saveur Fruit\u00e9e\",\"isPartOf\":{\"@id\":\"https:\/\/beuhparadis.com\/#website\"},\"primaryImageOfPage\":{\"@id\":\"https:\/\/beuhparadis.com\/product\/clementine\/#primaryimage\"},\"image\":{\"@id\":\"https:\/\/beuhparadis.com\/product\/clementine\/#primaryimage\"},\"thumbnailUrl\":\"https:\/\/beuhparadis.com\/wp-content\/uploads\/2024\/12\/Clementine.webp\",\"datePublished\":\"2024-12-10T23:38:32+00:00\",\"dateModified\":\"2025-01-25T23:27:23+00:00\",\"description\":\"Acheter Clementine Weed, une vari\u00e9t\u00e9 de cannabis aromatique avec des notes fruit\u00e9es et un effet \u00e9nergisant. Livraison rapide et discr\u00e8te\",\"breadcrumb\":{\"@id\":\"https:\/\/beuhparadis.com\/product\/clementine\/#breadcrumb\"},\"inLanguage\":\"sl-SI\",\"potentialAction\":[{\"@type\":\"ReadAction\",\"target\":[\"https:\/\/beuhparadis.com\/product\/clementine\/\"]}]},{\"@type\":\"ImageObject\",\"inLanguage\":\"sl-SI\",\"@id\":\"https:\/\/beuhparadis.com\/product\/clementine\/#primaryimage\",\"url\":\"https:\/\/beuhparadis.com\/wp-content\/uploads\/2024\/12\/Clementine.webp\",\"contentUrl\":\"https:\/\/beuhparadis.com\/wp-content\/uploads\/2024\/12\/Clementine.webp\",\"width\":500,\"height\":500},{\"@type\":\"BreadcrumbList\",\"@id\":\"https:\/\/beuhparadis.com\/product\/clementine\/#breadcrumb\",\"itemListElement\":[{\"@type\":\"ListItem\",\"position\":1,\"name\":\"Home\",\"item\":\"https:\/\/beuhparadis.com\/\"},{\"@type\":\"ListItem\",\"position\":2,\"name\":\"Shop\",\"item\":\"https:\/\/beuhparadis.com\/shop\/\"},{\"@type\":\"ListItem\",\"position\":3,\"name\":\"Clementine\"}]},{\"@type\":\"WebSite\",\"@id\":\"https:\/\/beuhparadis.com\/#website\",\"url\":\"https:\/\/beuhparadis.com\/\",\"name\":\"Beuh Paradis\",\"description\":\"\",\"potentialAction\":[{\"@type\":\"SearchAction\",\"target\":{\"@type\":\"EntryPoint\",\"urlTemplate\":\"https:\/\/beuhparadis.com\/?s={search_term_string}\"},\"query-input\":{\"@type\":\"PropertyValueSpecification\",\"valueRequired\":true,\"valueName\":\"search_term_string\"}}],\"inLanguage\":\"sl-SI\"}]}<\/script>\n<!-- \/ Yoast SEO Premium plugin. -->","yoast_head_json":{"title":"Kupi Clementine Weed - vrhunska konoplja s sadnim okusom","description":"Kupite Clementine Weed, aromati\u010dno sorto konoplje s sadnimi notami in energizirajo\u010dim u\u010dinkom. Hitra in diskretna dostava","robots":{"index":"index","follow":"follow","max-snippet":"max-snippet:-1","max-image-preview":"max-image-preview:large","max-video-preview":"max-video-preview:-1"},"canonical":"https:\/\/beuhparadis.com\/sl\/product\/clementine\/","og_locale":"sl_SI","og_type":"article","og_title":"Clementine","og_description":"Acheter Clementine Weed, une vari\u00e9t\u00e9 de cannabis aromatique avec des notes fruit\u00e9es et un effet \u00e9nergisant. Livraison rapide et discr\u00e8te","og_url":"https:\/\/beuhparadis.com\/sl\/product\/clementine\/","og_site_name":"Beuh Paradis","article_modified_time":"2025-01-25T23:27:23+00:00","og_image":[{"width":500,"height":500,"url":"https:\/\/beuhparadis.com\/wp-content\/uploads\/2024\/12\/Clementine.webp","type":"image\/webp"}],"twitter_card":"summary_large_image","twitter_misc":{"Est. reading time":"2 minutes"},"schema":{"@context":"https:\/\/schema.org","@graph":[{"@type":"WebPage","@id":"https:\/\/beuhparadis.com\/product\/clementine\/","url":"https:\/\/beuhparadis.com\/product\/clementine\/","name":"Kupi Clementine Weed - vrhunska konoplja s sadnim okusom","isPartOf":{"@id":"https:\/\/beuhparadis.com\/#website"},"primaryImageOfPage":{"@id":"https:\/\/beuhparadis.com\/product\/clementine\/#primaryimage"},"image":{"@id":"https:\/\/beuhparadis.com\/product\/clementine\/#primaryimage"},"thumbnailUrl":"https:\/\/beuhparadis.com\/wp-content\/uploads\/2024\/12\/Clementine.webp","datePublished":"2024-12-10T23:38:32+00:00","dateModified":"2025-01-25T23:27:23+00:00","description":"Kupite Clementine Weed, aromati\u010dno sorto konoplje s sadnimi notami in energizirajo\u010dim u\u010dinkom. Hitra in diskretna dostava","breadcrumb":{"@id":"https:\/\/beuhparadis.com\/product\/clementine\/#breadcrumb"},"inLanguage":"sl-SI","potentialAction":[{"@type":"ReadAction","target":["https:\/\/beuhparadis.com\/product\/clementine\/"]}]},{"@type":"ImageObject","inLanguage":"sl-SI","@id":"https:\/\/beuhparadis.com\/product\/clementine\/#primaryimage","url":"https:\/\/beuhparadis.com\/wp-content\/uploads\/2024\/12\/Clementine.webp","contentUrl":"https:\/\/beuhparadis.com\/wp-content\/uploads\/2024\/12\/Clementine.webp","width":500,"height":500},{"@type":"BreadcrumbList","@id":"https:\/\/beuhparadis.com\/product\/clementine\/#breadcrumb","itemListElement":[{"@type":"ListItem","position":1,"name":"Home","item":"https:\/\/beuhparadis.com\/"},{"@type":"ListItem","position":2,"name":"Shop","item":"https:\/\/beuhparadis.com\/shop\/"},{"@type":"ListItem","position":3,"name":"Clementine"}]},{"@type":"WebSite","@id":"https:\/\/beuhparadis.com\/#website","url":"https:\/\/beuhparadis.com\/","name":"Beuh Paradis","description":"","potentialAction":[{"@type":"SearchAction","target":{"@type":"EntryPoint","urlTemplate":"https:\/\/beuhparadis.com\/?s={search_term_string}"},"query-input":{"@type":"PropertyValueSpecification","valueRequired":true,"valueName":"search_term_string"}}],"inLanguage":"sl-SI"}]}},"_links":{"self":[{"href":"https:\/\/beuhparadis.com\/sl\/wp-json\/wp\/v2\/product\/1163","targetHints":{"allow":["GET"]}}],"collection":[{"href":"https:\/\/beuhparadis.com\/sl\/wp-json\/wp\/v2\/product"}],"about":[{"href":"https:\/\/beuhparadis.com\/sl\/wp-json\/wp\/v2\/types\/product"}],"replies":[{"embeddable":true,"href":"https:\/\/beuhparadis.com\/sl\/wp-json\/wp\/v2\/comments?post=1163"}],"wp:featuredmedia":[{"embeddable":true,"href":"https:\/\/beuhparadis.com\/sl\/wp-json\/wp\/v2\/media\/1177"}],"wp:attachment":[{"href":"https:\/\/beuhparadis.com\/sl\/wp-json\/wp\/v2\/media?parent=1163"}],"wp:term":[{"taxonomy":"product_brand","embeddable":true,"href":"https:\/\/beuhparadis.com\/sl\/wp-json\/wp\/v2\/product_brand?post=1163"},{"taxonomy":"product_cat","embeddable":true,"href":"https:\/\/beuhparadis.com\/sl\/wp-json\/wp\/v2\/product_cat?post=1163"},{"taxonomy":"product_tag","embeddable":true,"href":"https:\/\/beuhparadis.com\/sl\/wp-json\/wp\/v2\/product_tag?post=1163"}],"curies":[{"name":"wp","href":"https:\/\/api.w.org\/{rel}","templated":true}]}}