{"id":1158,"date":"2024-12-10T23:38:32","date_gmt":"2024-12-10T23:38:32","guid":{"rendered":"https:\/\/beuhparadis.com\/?post_type=product&#038;p=1158"},"modified":"2025-01-25T23:21:18","modified_gmt":"2025-01-25T23:21:18","slug":"cookie-glue","status":"publish","type":"product","link":"https:\/\/beuhparadis.com\/sl\/product\/cookie-glue\/","title":{"rendered":"Lepilo za pi\u0161kote"},"content":{"rendered":"<h1 class=\"wp-block-heading\">Kupi Plevel za lepilo za pi\u0161kote: odli\u010den hibrid za evfori\u010dno rast<\/h1>\n<p>Cookie Glue je uravnote\u017een hibridni sev konoplje, ki je nastal s kri\u017eanjem pi\u0161kotkov in Glue Bx2. Ta edinstven sev je znan po evfori\u010dnem u\u010dinku in zna\u010dilnem okusu, zato je priljubljena izbira med poznavalci konoplje.<\/p>\n<h2 class=\"wp-block-heading\">Informacije o sevu Cookie Glue<\/h2>\n<ul class=\"wp-block-list\">\n<li><strong>Vrsta: Vklju\u010dite se v sistem:<\/strong> Uravnote\u017eeni hibrid<\/li>\n<li><strong>Genetika:<\/strong> Kri\u017eanec med pi\u0161kotki in lepilom Bx2<\/li>\n<li><strong>Vzreditelj:<\/strong> Equillibrium Genetics s sede\u017eem v Mendocinu v Kaliforniji<\/li>\n<li><strong>U\u010dinek:<\/strong> Evforija, sprostitev, ob\u010dutek mravljin\u010denja<\/li>\n<li><strong>Okus:<\/strong> Sadna, kisla, za\u010dinjena s pridihom skunka<\/li>\n<\/ul>\n<h2 class=\"wp-block-heading\">THC in CBD<\/h2>\n<ul class=\"wp-block-list\">\n<li><strong>THC:<\/strong> Posebej visoka stopnja, ki nudi spro\u0161\u010dujo\u010d ob\u010dutek mravljin\u010denja<\/li>\n<li><strong>CBD:<\/strong> Nizka, kar poudari psihoaktivne in spro\u0161\u010dujo\u010de u\u010dinke seva<\/li>\n<\/ul>\n<h2 class=\"wp-block-heading\">Kje kupiti Cookie Glue Weed na spletu?<\/h2>\n<p>Cookie Glue je na voljo za spletni nakup na specializiranih platformah, kot je Acheterducannabis, kjer sta vedno zagotovljeni kakovost in zakonska skladnost.<\/p>\n<h2 class=\"wp-block-heading\">U\u010dinki, arome in okusi lepila za pi\u0161kote<\/h2>\n<h3 class=\"wp-block-heading\">U\u010dinek<\/h3>\n<ul class=\"wp-block-list\">\n<li>Uporabniki poro\u010dajo o ob\u010dutku spro\u0161\u010denosti, lakote in mravljin\u010denja, kar je idealno za izbolj\u0161anje razpolo\u017eenja in globoko sprostitev.<\/li>\n<\/ul>\n<h3 class=\"wp-block-heading\">Aroma<\/h3>\n<ul class=\"wp-block-list\">\n<li>Aromati\u010dni profil Cookie Glue zaznamujejo note popra, skunka in zemlje.<\/li>\n<\/ul>\n<h3 class=\"wp-block-heading\">Okusi<\/h3>\n<ul class=\"wp-block-list\">\n<li>Ta sev ima kompleksen okus, ki zdru\u017euje sadnost, kislost in pikantnost, z ravno prav\u0161njo mero skunkovitosti, ki navdu\u0161i brbon\u010dice.<\/li>\n<\/ul>\n<h2 class=\"wp-block-heading\">Zdravstveni u\u010dinki lepila za pi\u0161kote<\/h2>\n<p>Zdravstveni delavci se odlo\u010dajo za lepilo Cookie Glue zaradi njegove zmo\u017enosti :<\/p>\n<ul class=\"wp-block-list\">\n<li>Pomirja bole\u010dine v telesu<\/li>\n<li>Povzro\u010di ob\u010dutek sprostitve in mravljin\u010denja<\/li>\n<\/ul>\n<h3 class=\"wp-block-heading\">Lahko olaj\u0161a<\/h3>\n<ul class=\"wp-block-list\">\n<li>Anksioznost<\/li>\n<li>Depresija<\/li>\n<li>Nespe\u010dnost<\/li>\n<\/ul>\n<h2 class=\"wp-block-heading\">Zakaj kupiti Cookie Glue Weed pri beuhparadis?<\/h2>\n<p>Kupite pri <a href=\"https:\/\/beuhparadis.com\/sl\" data-type=\"link\" data-id=\"https:\/\/acheterducannabis.fr\/\">Nakup konoplje<\/a> zagotavlja varno in skladno nakupno izku\u0161njo z vrhunskimi izdelki, ki jih vzgajajo priznani rejci, kot je Equillibrium Genetics.<\/p>\n<h2 class=\"wp-block-heading\">Zakonodaja o prodaji sevasta lepila Cookie Glue v Evropi<\/h2>\n<p>Za prodajo konoplje, vklju\u010dno s sevom Cookie Glue, veljajo zakoni posameznih evropskih dr\u017eav. Acheterducannabis te predpise strogo upo\u0161teva, da bi vsem svojim strankam zagotovil varno in zakonito izku\u0161njo.<\/p>\n<p>La <a href=\"https:\/\/www.leafly.com\/strains\/cookie-glue\" data-type=\"link\" data-id=\"https:\/\/www.leafly.com\/strains\/cookie-glue\">Lepilo za pi\u0161kote Weed<\/a> odlikujejo postopno nara\u0161\u010dajo\u010d evfori\u010dni u\u010dinek, edinstvena aroma in okus ter medicinske koristi, zaradi \u010desar je priljubljen med uporabniki, ki i\u0161\u010dejo spro\u0161\u010dujo\u010do, a spodbudno izku\u0161njo s konopljo. S terpenskim profilom, v katerem prevladujejo kariofilen, mircen in humulen, ima protivnetne u\u010dinke, hkrati pa razveseljuje \u010dute. Odkrijte ta izjemen sev in \u0161tevilne druge pri Acheterducannabis, va\u0161i destinaciji za kakovostne izdelke iz konoplje v Evropi.<\/p>","protected":false},"excerpt":{"rendered":"<p>Acheter Cookie Glue Weed: L\u2019Hybride Parfait pour un High Euphorique La Cookie Glue est une vari\u00e9t\u00e9 de cannabis hybride \u00e9quilibr\u00e9e, n\u00e9e du croisement entre Cookies et Glue Bx2. Cette souche unique est r\u00e9put\u00e9e pour son effet euphorique et son go\u00fbt distinctif, faisant d\u2019elle un choix populaire parmi les connaisseurs de cannabis. Informations sur la Souche [&hellip;]<\/p>\n","protected":false},"featured_media":1176,"comment_status":"closed","ping_status":"closed","template":"","meta":{"site-sidebar-layout":"default","site-content-layout":"","ast-site-content-layout":"default","site-content-style":"default","site-sidebar-style":"default","ast-global-header-display":"","ast-banner-title-visibility":"","ast-main-header-display":"","ast-hfb-above-header-display":"","ast-hfb-below-header-display":"","ast-hfb-mobile-header-display":"","site-post-title":"","ast-breadcrumbs-content":"","ast-featured-img":"","footer-sml-layout":"","theme-transparent-header-meta":"default","adv-header-id-meta":"","stick-header-meta":"","header-above-stick-meta":"","header-main-stick-meta":"","header-below-stick-meta":"","astra-migrate-meta-layouts":"set","ast-page-background-enabled":"default","ast-page-background-meta":{"desktop":{"background-color":"","background-image":"","background-repeat":"repeat","background-position":"center center","background-size":"auto","background-attachment":"scroll","background-type":"","background-media":"","overlay-type":"","overlay-color":"","overlay-opacity":"","overlay-gradient":""},"tablet":{"background-color":"","background-image":"","background-repeat":"repeat","background-position":"center center","background-size":"auto","background-attachment":"scroll","background-type":"","background-media":"","overlay-type":"","overlay-color":"","overlay-opacity":"","overlay-gradient":""},"mobile":{"background-color":"","background-image":"","background-repeat":"repeat","background-position":"center center","background-size":"auto","background-attachment":"scroll","background-type":"","background-media":"","overlay-type":"","overlay-color":"","overlay-opacity":"","overlay-gradient":""}},"ast-content-background-meta":{"desktop":{"background-color":"var(--ast-global-color-5)","background-image":"","background-repeat":"repeat","background-position":"center center","background-size":"auto","background-attachment":"scroll","background-type":"","background-media":"","overlay-type":"","overlay-color":"","overlay-opacity":"","overlay-gradient":""},"tablet":{"background-color":"var(--ast-global-color-5)","background-image":"","background-repeat":"repeat","background-position":"center center","background-size":"auto","background-attachment":"scroll","background-type":"","background-media":"","overlay-type":"","overlay-color":"","overlay-opacity":"","overlay-gradient":""},"mobile":{"background-color":"var(--ast-global-color-5)","background-image":"","background-repeat":"repeat","background-position":"center center","background-size":"auto","background-attachment":"scroll","background-type":"","background-media":"","overlay-type":"","overlay-color":"","overlay-opacity":"","overlay-gradient":""}},"_joinchat":[]},"product_brand":[],"product_cat":[32,33],"product_tag":[],"class_list":{"0":"post-1158","1":"product","2":"type-product","3":"status-publish","4":"has-post-thumbnail","6":"product_cat-fleur-de-chanvre","7":"product_cat-thc-beuh","8":"desktop-align-left","9":"tablet-align-left","10":"mobile-align-left","12":"first","13":"instock","14":"shipping-taxable","15":"purchasable","16":"product-type-variable"},"yoast_head":"<!-- This site is optimized with the Yoast SEO Premium plugin v24.1 (Yoast SEO v26.8) - https:\/\/yoast.com\/product\/yoast-seo-premium-wordpress\/ -->\n<title>Acheter Cookie Glue Weed \u2013 Cannabis Puissant et Premium<\/title>\n<meta name=\"description\" content=\"D\u00e9couvrez Cookie Glue Weed, une vari\u00e9t\u00e9 de cannabis puissante alliant saveur sucr\u00e9e et effet relaxant. Achetez en ligne avec livraison rapide et discr\u00e8te\" \/>\n<meta name=\"robots\" content=\"index, follow, max-snippet:-1, max-image-preview:large, max-video-preview:-1\" \/>\n<link rel=\"canonical\" href=\"https:\/\/beuhparadis.com\/sl\/product\/cookie-glue\/\" \/>\n<meta property=\"og:locale\" content=\"sl_SI\" \/>\n<meta property=\"og:type\" content=\"article\" \/>\n<meta property=\"og:title\" content=\"Cookie Glue\" \/>\n<meta property=\"og:description\" content=\"D\u00e9couvrez Cookie Glue Weed, une vari\u00e9t\u00e9 de cannabis puissante alliant saveur sucr\u00e9e et effet relaxant. Achetez en ligne avec livraison rapide et discr\u00e8te\" \/>\n<meta property=\"og:url\" content=\"https:\/\/beuhparadis.com\/sl\/product\/cookie-glue\/\" \/>\n<meta property=\"og:site_name\" content=\"Beuh Paradis\" \/>\n<meta property=\"article:modified_time\" content=\"2025-01-25T23:21:18+00:00\" \/>\n<meta property=\"og:image\" content=\"https:\/\/beuhparadis.com\/wp-content\/uploads\/2024\/12\/Cookie-Glue.webp\" \/>\n\t<meta property=\"og:image:width\" content=\"768\" \/>\n\t<meta property=\"og:image:height\" content=\"768\" \/>\n\t<meta property=\"og:image:type\" content=\"image\/webp\" \/>\n<meta name=\"twitter:card\" content=\"summary_large_image\" \/>\n<meta name=\"twitter:label1\" content=\"Est. reading time\" \/>\n\t<meta name=\"twitter:data1\" content=\"3 minutes\" \/>\n<script type=\"application\/ld+json\" class=\"yoast-schema-graph\">{\"@context\":\"https:\/\/schema.org\",\"@graph\":[{\"@type\":\"WebPage\",\"@id\":\"https:\/\/beuhparadis.com\/product\/cookie-glue\/\",\"url\":\"https:\/\/beuhparadis.com\/product\/cookie-glue\/\",\"name\":\"Acheter Cookie Glue Weed \u2013 Cannabis Puissant et Premium\",\"isPartOf\":{\"@id\":\"https:\/\/beuhparadis.com\/#website\"},\"primaryImageOfPage\":{\"@id\":\"https:\/\/beuhparadis.com\/product\/cookie-glue\/#primaryimage\"},\"image\":{\"@id\":\"https:\/\/beuhparadis.com\/product\/cookie-glue\/#primaryimage\"},\"thumbnailUrl\":\"https:\/\/beuhparadis.com\/wp-content\/uploads\/2024\/12\/Cookie-Glue.webp\",\"datePublished\":\"2024-12-10T23:38:32+00:00\",\"dateModified\":\"2025-01-25T23:21:18+00:00\",\"description\":\"D\u00e9couvrez Cookie Glue Weed, une vari\u00e9t\u00e9 de cannabis puissante alliant saveur sucr\u00e9e et effet relaxant. Achetez en ligne avec livraison rapide et discr\u00e8te\",\"breadcrumb\":{\"@id\":\"https:\/\/beuhparadis.com\/product\/cookie-glue\/#breadcrumb\"},\"inLanguage\":\"sl-SI\",\"potentialAction\":[{\"@type\":\"ReadAction\",\"target\":[\"https:\/\/beuhparadis.com\/product\/cookie-glue\/\"]}]},{\"@type\":\"ImageObject\",\"inLanguage\":\"sl-SI\",\"@id\":\"https:\/\/beuhparadis.com\/product\/cookie-glue\/#primaryimage\",\"url\":\"https:\/\/beuhparadis.com\/wp-content\/uploads\/2024\/12\/Cookie-Glue.webp\",\"contentUrl\":\"https:\/\/beuhparadis.com\/wp-content\/uploads\/2024\/12\/Cookie-Glue.webp\",\"width\":768,\"height\":768},{\"@type\":\"BreadcrumbList\",\"@id\":\"https:\/\/beuhparadis.com\/product\/cookie-glue\/#breadcrumb\",\"itemListElement\":[{\"@type\":\"ListItem\",\"position\":1,\"name\":\"Home\",\"item\":\"https:\/\/beuhparadis.com\/\"},{\"@type\":\"ListItem\",\"position\":2,\"name\":\"Shop\",\"item\":\"https:\/\/beuhparadis.com\/shop\/\"},{\"@type\":\"ListItem\",\"position\":3,\"name\":\"Cookie Glue\"}]},{\"@type\":\"WebSite\",\"@id\":\"https:\/\/beuhparadis.com\/#website\",\"url\":\"https:\/\/beuhparadis.com\/\",\"name\":\"Beuh Paradis\",\"description\":\"\",\"potentialAction\":[{\"@type\":\"SearchAction\",\"target\":{\"@type\":\"EntryPoint\",\"urlTemplate\":\"https:\/\/beuhparadis.com\/?s={search_term_string}\"},\"query-input\":{\"@type\":\"PropertyValueSpecification\",\"valueRequired\":true,\"valueName\":\"search_term_string\"}}],\"inLanguage\":\"sl-SI\"}]}<\/script>\n<!-- \/ Yoast SEO Premium plugin. -->","yoast_head_json":{"title":"Kupi Plevel za lepilo za pi\u0161kote - Cannabis Puissant et Premium","description":"Odkrijte Cookie Glue Weed, mo\u010dno sorto konoplje, ki zdru\u017euje sladek okus s spro\u0161\u010dujo\u010dim u\u010dinkom. Kupite prek spleta s hitro in diskretno dostavo","robots":{"index":"index","follow":"follow","max-snippet":"max-snippet:-1","max-image-preview":"max-image-preview:large","max-video-preview":"max-video-preview:-1"},"canonical":"https:\/\/beuhparadis.com\/sl\/product\/cookie-glue\/","og_locale":"sl_SI","og_type":"article","og_title":"Cookie Glue","og_description":"D\u00e9couvrez Cookie Glue Weed, une vari\u00e9t\u00e9 de cannabis puissante alliant saveur sucr\u00e9e et effet relaxant. Achetez en ligne avec livraison rapide et discr\u00e8te","og_url":"https:\/\/beuhparadis.com\/sl\/product\/cookie-glue\/","og_site_name":"Beuh Paradis","article_modified_time":"2025-01-25T23:21:18+00:00","og_image":[{"width":768,"height":768,"url":"https:\/\/beuhparadis.com\/wp-content\/uploads\/2024\/12\/Cookie-Glue.webp","type":"image\/webp"}],"twitter_card":"summary_large_image","twitter_misc":{"Est. reading time":"3 minutes"},"schema":{"@context":"https:\/\/schema.org","@graph":[{"@type":"WebPage","@id":"https:\/\/beuhparadis.com\/product\/cookie-glue\/","url":"https:\/\/beuhparadis.com\/product\/cookie-glue\/","name":"Kupi Plevel za lepilo za pi\u0161kote - Cannabis Puissant et Premium","isPartOf":{"@id":"https:\/\/beuhparadis.com\/#website"},"primaryImageOfPage":{"@id":"https:\/\/beuhparadis.com\/product\/cookie-glue\/#primaryimage"},"image":{"@id":"https:\/\/beuhparadis.com\/product\/cookie-glue\/#primaryimage"},"thumbnailUrl":"https:\/\/beuhparadis.com\/wp-content\/uploads\/2024\/12\/Cookie-Glue.webp","datePublished":"2024-12-10T23:38:32+00:00","dateModified":"2025-01-25T23:21:18+00:00","description":"Odkrijte Cookie Glue Weed, mo\u010dno sorto konoplje, ki zdru\u017euje sladek okus s spro\u0161\u010dujo\u010dim u\u010dinkom. Kupite prek spleta s hitro in diskretno dostavo","breadcrumb":{"@id":"https:\/\/beuhparadis.com\/product\/cookie-glue\/#breadcrumb"},"inLanguage":"sl-SI","potentialAction":[{"@type":"ReadAction","target":["https:\/\/beuhparadis.com\/product\/cookie-glue\/"]}]},{"@type":"ImageObject","inLanguage":"sl-SI","@id":"https:\/\/beuhparadis.com\/product\/cookie-glue\/#primaryimage","url":"https:\/\/beuhparadis.com\/wp-content\/uploads\/2024\/12\/Cookie-Glue.webp","contentUrl":"https:\/\/beuhparadis.com\/wp-content\/uploads\/2024\/12\/Cookie-Glue.webp","width":768,"height":768},{"@type":"BreadcrumbList","@id":"https:\/\/beuhparadis.com\/product\/cookie-glue\/#breadcrumb","itemListElement":[{"@type":"ListItem","position":1,"name":"Home","item":"https:\/\/beuhparadis.com\/"},{"@type":"ListItem","position":2,"name":"Shop","item":"https:\/\/beuhparadis.com\/shop\/"},{"@type":"ListItem","position":3,"name":"Cookie Glue"}]},{"@type":"WebSite","@id":"https:\/\/beuhparadis.com\/#website","url":"https:\/\/beuhparadis.com\/","name":"Beuh Paradis","description":"","potentialAction":[{"@type":"SearchAction","target":{"@type":"EntryPoint","urlTemplate":"https:\/\/beuhparadis.com\/?s={search_term_string}"},"query-input":{"@type":"PropertyValueSpecification","valueRequired":true,"valueName":"search_term_string"}}],"inLanguage":"sl-SI"}]}},"_links":{"self":[{"href":"https:\/\/beuhparadis.com\/sl\/wp-json\/wp\/v2\/product\/1158","targetHints":{"allow":["GET"]}}],"collection":[{"href":"https:\/\/beuhparadis.com\/sl\/wp-json\/wp\/v2\/product"}],"about":[{"href":"https:\/\/beuhparadis.com\/sl\/wp-json\/wp\/v2\/types\/product"}],"replies":[{"embeddable":true,"href":"https:\/\/beuhparadis.com\/sl\/wp-json\/wp\/v2\/comments?post=1158"}],"wp:featuredmedia":[{"embeddable":true,"href":"https:\/\/beuhparadis.com\/sl\/wp-json\/wp\/v2\/media\/1176"}],"wp:attachment":[{"href":"https:\/\/beuhparadis.com\/sl\/wp-json\/wp\/v2\/media?parent=1158"}],"wp:term":[{"taxonomy":"product_brand","embeddable":true,"href":"https:\/\/beuhparadis.com\/sl\/wp-json\/wp\/v2\/product_brand?post=1158"},{"taxonomy":"product_cat","embeddable":true,"href":"https:\/\/beuhparadis.com\/sl\/wp-json\/wp\/v2\/product_cat?post=1158"},{"taxonomy":"product_tag","embeddable":true,"href":"https:\/\/beuhparadis.com\/sl\/wp-json\/wp\/v2\/product_tag?post=1158"}],"curies":[{"name":"wp","href":"https:\/\/api.w.org\/{rel}","templated":true}]}}