{"id":1148,"date":"2024-12-10T23:38:31","date_gmt":"2024-12-10T23:38:31","guid":{"rendered":"https:\/\/beuhparadis.com\/?post_type=product&#038;p=1148"},"modified":"2025-01-25T23:12:07","modified_gmt":"2025-01-25T23:12:07","slug":"cookies-and-cream","status":"publish","type":"product","link":"https:\/\/beuhparadis.com\/sl\/product\/cookies-and-cream\/","title":{"rendered":"Pi\u0161kotki in smetana"},"content":{"rendered":"<h1 class=\"wp-block-heading\">Kupi Plevel s pi\u0161koti in smetano: sladka poslastica za poznavalce<\/h1>\n<p>Cookie and Cream Weed je obvezna oprema za ljubitelje konoplje, ki i\u0161\u010dejo sladek okus in mo\u010d. Ta popolnoma uravnote\u017een hibrid se pona\u0161a z izjemnim profilom okusa in arome ter uravnote\u017eenimi u\u010dinki, ki bodo navdu\u0161ili tako rekreativne kot medicinske uporabnike. Podrobneje si oglejmo zna\u010dilnosti sorte Cookie and Cream Weed, njene u\u010dinke, prednosti in kje jo lahko najdete.<\/p>\n<h2 class=\"wp-block-heading\">Informacije o sorti Cookie and Cream Weed<\/h2>\n<ul class=\"wp-block-list\">\n<li><strong>Genetski izvor:<\/strong> Ta sev je kri\u017eanec med pi\u0161koti Girl Scout in Starfighterjem, ki ga je ustvaril Exotic Genetix.<\/li>\n<li><strong>Nagrade:<\/strong> Strast Cookie and Cream Weed Strain je prejela \u0161tevilne nagrade, kar dokazuje njeno kakovost in priljubljenost.<\/li>\n<\/ul>\n<h2 class=\"wp-block-heading\">THC in CBD v travi Cookie and Cream<\/h2>\n<ul class=\"wp-block-list\">\n<li><strong>THC:<\/strong> Z vsebnostjo od 20% do 25% Pi\u0161kotki in smetana Weed ponuja mo\u010dno in zadovoljivo izku\u0161njo.<\/li>\n<li><strong>CBD:<\/strong> Skoraj neobstoje\u010da vsebnost CBD poudarja psihoaktivne u\u010dinke te sorte.<\/li>\n<\/ul>\n<h2 class=\"wp-block-heading\">Kje lahko kupim Cookie and Cream Weed na spletu?<\/h2>\n<p>Pi\u0161kotke in smetano lahko kupite na spletu na specializiranih spletnih straneh, kot so <a href=\"https:\/\/acheterducannabis.fr\/\" data-type=\"link\" data-id=\"https:\/\/acheterducannabis.fr\/\">Nakup konoplje<\/a>kjer sta vedno zagotovljeni kakovost in skladnost z zakonodajo.<\/p>\n<h2 class=\"wp-block-heading\">U\u010dinki, arome in okusi sorte Cookies and Cream Weed Strain<\/h2>\n<h3 class=\"wp-block-heading\">U\u010dinek<\/h3>\n<ul class=\"wp-block-list\">\n<li>Strast Cookie and Cream Weed Strain je znana po svojem za\u010detnem evfori\u010dnem u\u010dinku, ki se razvije v globoko sprostitev telesa, kar je idealno za uporabo ob koncu dneva.<\/li>\n<\/ul>\n<h3 class=\"wp-block-heading\">Aroma<\/h3>\n<ul class=\"wp-block-list\">\n<li>Plevelna sorta Pi\u0161kotki in smetana zapeljuje z limonasto, za\u010dinjeno aromo, ki je posledica kompleksne me\u0161anice terpenov.<\/li>\n<\/ul>\n<h3 class=\"wp-block-heading\">Okusi<\/h3>\n<ul class=\"wp-block-list\">\n<li>Okus vrste Cookies and Cream Weed Strain je zvest svojemu imenu, saj ponuja kremno sladkost s pridihom vanilije in zemeljskimi aromami.<\/li>\n<\/ul>\n<h2 class=\"wp-block-heading\">Zdravstveni u\u010dinki pi\u0161kotkov in smetane<\/h2>\n<p>Pi\u0161kotki in smetana Weed Strain so iskani zaradi \u0161tevilnih zdravilnih u\u010dinkov, vklju\u010dno z :<\/p>\n<ul class=\"wp-block-list\">\n<li>Zmanj\u0161anje stresa in tesnobe<\/li>\n<li>laj\u0161anje bole\u010din<\/li>\n<li>Spodbujanje apetita<\/li>\n<li>Izbolj\u0161ana kakovost spanja<\/li>\n<\/ul>\n<h3 class=\"wp-block-heading\">Lahko olaj\u0161a<\/h3>\n<ul class=\"wp-block-list\">\n<li>Simptomi depresije<\/li>\n<li>Kroni\u010dni stres<\/li>\n<\/ul>\n<h2 class=\"wp-block-heading\">Zakaj kupiti Cookie and Cream Weed pri Acheterducannabis?<\/h2>\n<p>Izbira Acheterducannabis za nakup Pi\u0161kotki in smetana Weed zagotavlja sev najvi\u0161je kakovosti, strokovno in zakonito pridelan, z brezhibno storitvijo za stranke.<\/p>\n<h2 class=\"wp-block-heading\">Zakonodaja o prodaji pi\u0161kotkov in smetane s plevelom v Evropi<\/h2>\n<p>Za prodajo sorte Cookies and Cream Weed Strain, tako kot za vse druge izdelke iz konoplje, veljajo posebni predpisi posamezne evropske dr\u017eave. Acheterducannabis se zavezuje k spo\u0161tovanju teh zakonov ter zagotavlja varno in zakonito nakupovanje.<\/p>\n<p>La <a href=\"https:\/\/www.cannaconnection.com\/strains\/cookies-and-cream#:~:text=Q%3A%20What%20is%20Cookies%20and,of%20euphoric%20and%20relaxing%20effects.\" data-type=\"link\" data-id=\"https:\/\/www.cannaconnection.com\/strains\/cookies-and-cream#:~:text=Q%3A%20What%20is%20Cookies%20and,of%20euphoric%20and%20relaxing%20effects.\">Pi\u0161kotki in kremna trava<\/a> Sorta je popolna sorta za tiste, ki \u017eelijo zdru\u017eiti odli\u010den okus z blagodejnimi u\u010dinki, bodisi za rekreativno ali medicinsko uporabo. Ta sev je na voljo pri Acheterducannabis in obljublja vrhunsko izku\u0161njo.<\/p>","protected":false},"excerpt":{"rendered":"<p><strong>THC :<\/strong> 26\u00a0% <strong>U\u010dinki<\/strong> ustvarjalno, evfori\u010dno, sre\u010dno, spro\u0161\u010dujo\u010de, pou\u010dno <strong>Lahko olaj\u0161a<\/strong> ADD\/ADHD, kroni\u010dna bole\u010dina, depresija, fibromialgija, motnje prebavil, nespe\u010dnost, izguba apetita, mi\u0161i\u010dni kr\u010di, slabost, posttravmatska stresna motnja, stres<\/p>","protected":false},"featured_media":1174,"comment_status":"closed","ping_status":"closed","template":"","meta":{"site-sidebar-layout":"default","site-content-layout":"","ast-site-content-layout":"default","site-content-style":"default","site-sidebar-style":"default","ast-global-header-display":"","ast-banner-title-visibility":"","ast-main-header-display":"","ast-hfb-above-header-display":"","ast-hfb-below-header-display":"","ast-hfb-mobile-header-display":"","site-post-title":"","ast-breadcrumbs-content":"","ast-featured-img":"","footer-sml-layout":"","theme-transparent-header-meta":"default","adv-header-id-meta":"","stick-header-meta":"","header-above-stick-meta":"","header-main-stick-meta":"","header-below-stick-meta":"","astra-migrate-meta-layouts":"set","ast-page-background-enabled":"default","ast-page-background-meta":{"desktop":{"background-color":"","background-image":"","background-repeat":"repeat","background-position":"center center","background-size":"auto","background-attachment":"scroll","background-type":"","background-media":"","overlay-type":"","overlay-color":"","overlay-opacity":"","overlay-gradient":""},"tablet":{"background-color":"","background-image":"","background-repeat":"repeat","background-position":"center center","background-size":"auto","background-attachment":"scroll","background-type":"","background-media":"","overlay-type":"","overlay-color":"","overlay-opacity":"","overlay-gradient":""},"mobile":{"background-color":"","background-image":"","background-repeat":"repeat","background-position":"center center","background-size":"auto","background-attachment":"scroll","background-type":"","background-media":"","overlay-type":"","overlay-color":"","overlay-opacity":"","overlay-gradient":""}},"ast-content-background-meta":{"desktop":{"background-color":"var(--ast-global-color-5)","background-image":"","background-repeat":"repeat","background-position":"center center","background-size":"auto","background-attachment":"scroll","background-type":"","background-media":"","overlay-type":"","overlay-color":"","overlay-opacity":"","overlay-gradient":""},"tablet":{"background-color":"var(--ast-global-color-5)","background-image":"","background-repeat":"repeat","background-position":"center center","background-size":"auto","background-attachment":"scroll","background-type":"","background-media":"","overlay-type":"","overlay-color":"","overlay-opacity":"","overlay-gradient":""},"mobile":{"background-color":"var(--ast-global-color-5)","background-image":"","background-repeat":"repeat","background-position":"center center","background-size":"auto","background-attachment":"scroll","background-type":"","background-media":"","overlay-type":"","overlay-color":"","overlay-opacity":"","overlay-gradient":""}},"_joinchat":[]},"product_brand":[],"product_cat":[32,33],"product_tag":[],"class_list":{"0":"post-1148","1":"product","2":"type-product","3":"status-publish","4":"has-post-thumbnail","6":"product_cat-fleur-de-chanvre","7":"product_cat-thc-beuh","8":"desktop-align-left","9":"tablet-align-left","10":"mobile-align-left","12":"first","13":"instock","14":"shipping-taxable","15":"purchasable","16":"product-type-variable"},"yoast_head":"<!-- This site is optimized with the Yoast SEO Premium plugin v24.1 (Yoast SEO v26.8) - https:\/\/yoast.com\/product\/yoast-seo-premium-wordpress\/ -->\n<title>Cookies and Cream \u2013 Vari\u00e9t\u00e9 de Cannabis Premium \u00e0 Acheter<\/title>\n<meta name=\"description\" content=\"R\u00e9couvrez la vari\u00e9t\u00e9 Cookies and Cream, c\u00e9l\u00e8bre pour son go\u00fbt doux et cr\u00e9meux. Achetez du cannabis premium en ligne avec livraison rapide et discr\u00e8te\" \/>\n<meta name=\"robots\" content=\"index, follow, max-snippet:-1, max-image-preview:large, max-video-preview:-1\" \/>\n<link rel=\"canonical\" href=\"https:\/\/beuhparadis.com\/sl\/product\/cookies-and-cream\/\" \/>\n<meta property=\"og:locale\" content=\"sl_SI\" \/>\n<meta property=\"og:type\" content=\"article\" \/>\n<meta property=\"og:title\" content=\"Cookies and Cream\" \/>\n<meta property=\"og:description\" content=\"R\u00e9couvrez la vari\u00e9t\u00e9 Cookies and Cream, c\u00e9l\u00e8bre pour son go\u00fbt doux et cr\u00e9meux. Achetez du cannabis premium en ligne avec livraison rapide et discr\u00e8te\" \/>\n<meta property=\"og:url\" content=\"https:\/\/beuhparadis.com\/sl\/product\/cookies-and-cream\/\" \/>\n<meta property=\"og:site_name\" content=\"Beuh Paradis\" \/>\n<meta property=\"article:modified_time\" content=\"2025-01-25T23:12:07+00:00\" \/>\n<meta property=\"og:image\" content=\"https:\/\/beuhparadis.com\/wp-content\/uploads\/2024\/12\/Cookies-and-Cream.webp\" \/>\n\t<meta property=\"og:image:width\" content=\"1620\" \/>\n\t<meta property=\"og:image:height\" content=\"1080\" \/>\n\t<meta property=\"og:image:type\" content=\"image\/webp\" \/>\n<meta name=\"twitter:card\" content=\"summary_large_image\" \/>\n<meta name=\"twitter:label1\" content=\"Est. reading time\" \/>\n\t<meta name=\"twitter:data1\" content=\"3 minutes\" \/>\n<script type=\"application\/ld+json\" class=\"yoast-schema-graph\">{\"@context\":\"https:\/\/schema.org\",\"@graph\":[{\"@type\":\"WebPage\",\"@id\":\"https:\/\/beuhparadis.com\/product\/cookies-and-cream\/\",\"url\":\"https:\/\/beuhparadis.com\/product\/cookies-and-cream\/\",\"name\":\"Cookies and Cream \u2013 Vari\u00e9t\u00e9 de Cannabis Premium \u00e0 Acheter\",\"isPartOf\":{\"@id\":\"https:\/\/beuhparadis.com\/#website\"},\"primaryImageOfPage\":{\"@id\":\"https:\/\/beuhparadis.com\/product\/cookies-and-cream\/#primaryimage\"},\"image\":{\"@id\":\"https:\/\/beuhparadis.com\/product\/cookies-and-cream\/#primaryimage\"},\"thumbnailUrl\":\"https:\/\/beuhparadis.com\/wp-content\/uploads\/2024\/12\/Cookies-and-Cream.webp\",\"datePublished\":\"2024-12-10T23:38:31+00:00\",\"dateModified\":\"2025-01-25T23:12:07+00:00\",\"description\":\"R\u00e9couvrez la vari\u00e9t\u00e9 Cookies and Cream, c\u00e9l\u00e8bre pour son go\u00fbt doux et cr\u00e9meux. Achetez du cannabis premium en ligne avec livraison rapide et discr\u00e8te\",\"breadcrumb\":{\"@id\":\"https:\/\/beuhparadis.com\/product\/cookies-and-cream\/#breadcrumb\"},\"inLanguage\":\"sl-SI\",\"potentialAction\":[{\"@type\":\"ReadAction\",\"target\":[\"https:\/\/beuhparadis.com\/product\/cookies-and-cream\/\"]}]},{\"@type\":\"ImageObject\",\"inLanguage\":\"sl-SI\",\"@id\":\"https:\/\/beuhparadis.com\/product\/cookies-and-cream\/#primaryimage\",\"url\":\"https:\/\/beuhparadis.com\/wp-content\/uploads\/2024\/12\/Cookies-and-Cream.webp\",\"contentUrl\":\"https:\/\/beuhparadis.com\/wp-content\/uploads\/2024\/12\/Cookies-and-Cream.webp\",\"width\":1620,\"height\":1080},{\"@type\":\"BreadcrumbList\",\"@id\":\"https:\/\/beuhparadis.com\/product\/cookies-and-cream\/#breadcrumb\",\"itemListElement\":[{\"@type\":\"ListItem\",\"position\":1,\"name\":\"Home\",\"item\":\"https:\/\/beuhparadis.com\/\"},{\"@type\":\"ListItem\",\"position\":2,\"name\":\"Shop\",\"item\":\"https:\/\/beuhparadis.com\/shop\/\"},{\"@type\":\"ListItem\",\"position\":3,\"name\":\"Cookies and Cream\"}]},{\"@type\":\"WebSite\",\"@id\":\"https:\/\/beuhparadis.com\/#website\",\"url\":\"https:\/\/beuhparadis.com\/\",\"name\":\"Beuh Paradis\",\"description\":\"\",\"potentialAction\":[{\"@type\":\"SearchAction\",\"target\":{\"@type\":\"EntryPoint\",\"urlTemplate\":\"https:\/\/beuhparadis.com\/?s={search_term_string}\"},\"query-input\":{\"@type\":\"PropertyValueSpecification\",\"valueRequired\":true,\"valueName\":\"search_term_string\"}}],\"inLanguage\":\"sl-SI\"}]}<\/script>\n<!-- \/ Yoast SEO Premium plugin. -->","yoast_head_json":{"title":"Pi\u0161kotki in smetana - vrhunske sorte konoplje za nakup","description":"Odkrijte vrsto Pi\u0161kotki in smetana, ki slovi po sladkem, kremastem okusu. Kupite vrhunsko konopljo na spletu s hitro in diskretno dostavo","robots":{"index":"index","follow":"follow","max-snippet":"max-snippet:-1","max-image-preview":"max-image-preview:large","max-video-preview":"max-video-preview:-1"},"canonical":"https:\/\/beuhparadis.com\/sl\/product\/cookies-and-cream\/","og_locale":"sl_SI","og_type":"article","og_title":"Cookies and Cream","og_description":"R\u00e9couvrez la vari\u00e9t\u00e9 Cookies and Cream, c\u00e9l\u00e8bre pour son go\u00fbt doux et cr\u00e9meux. Achetez du cannabis premium en ligne avec livraison rapide et discr\u00e8te","og_url":"https:\/\/beuhparadis.com\/sl\/product\/cookies-and-cream\/","og_site_name":"Beuh Paradis","article_modified_time":"2025-01-25T23:12:07+00:00","og_image":[{"width":1620,"height":1080,"url":"https:\/\/beuhparadis.com\/wp-content\/uploads\/2024\/12\/Cookies-and-Cream.webp","type":"image\/webp"}],"twitter_card":"summary_large_image","twitter_misc":{"Est. reading time":"3 minutes"},"schema":{"@context":"https:\/\/schema.org","@graph":[{"@type":"WebPage","@id":"https:\/\/beuhparadis.com\/product\/cookies-and-cream\/","url":"https:\/\/beuhparadis.com\/product\/cookies-and-cream\/","name":"Pi\u0161kotki in smetana - vrhunske sorte konoplje za nakup","isPartOf":{"@id":"https:\/\/beuhparadis.com\/#website"},"primaryImageOfPage":{"@id":"https:\/\/beuhparadis.com\/product\/cookies-and-cream\/#primaryimage"},"image":{"@id":"https:\/\/beuhparadis.com\/product\/cookies-and-cream\/#primaryimage"},"thumbnailUrl":"https:\/\/beuhparadis.com\/wp-content\/uploads\/2024\/12\/Cookies-and-Cream.webp","datePublished":"2024-12-10T23:38:31+00:00","dateModified":"2025-01-25T23:12:07+00:00","description":"Odkrijte vrsto Pi\u0161kotki in smetana, ki slovi po sladkem, kremastem okusu. Kupite vrhunsko konopljo na spletu s hitro in diskretno dostavo","breadcrumb":{"@id":"https:\/\/beuhparadis.com\/product\/cookies-and-cream\/#breadcrumb"},"inLanguage":"sl-SI","potentialAction":[{"@type":"ReadAction","target":["https:\/\/beuhparadis.com\/product\/cookies-and-cream\/"]}]},{"@type":"ImageObject","inLanguage":"sl-SI","@id":"https:\/\/beuhparadis.com\/product\/cookies-and-cream\/#primaryimage","url":"https:\/\/beuhparadis.com\/wp-content\/uploads\/2024\/12\/Cookies-and-Cream.webp","contentUrl":"https:\/\/beuhparadis.com\/wp-content\/uploads\/2024\/12\/Cookies-and-Cream.webp","width":1620,"height":1080},{"@type":"BreadcrumbList","@id":"https:\/\/beuhparadis.com\/product\/cookies-and-cream\/#breadcrumb","itemListElement":[{"@type":"ListItem","position":1,"name":"Home","item":"https:\/\/beuhparadis.com\/"},{"@type":"ListItem","position":2,"name":"Shop","item":"https:\/\/beuhparadis.com\/shop\/"},{"@type":"ListItem","position":3,"name":"Cookies and Cream"}]},{"@type":"WebSite","@id":"https:\/\/beuhparadis.com\/#website","url":"https:\/\/beuhparadis.com\/","name":"Beuh Paradis","description":"","potentialAction":[{"@type":"SearchAction","target":{"@type":"EntryPoint","urlTemplate":"https:\/\/beuhparadis.com\/?s={search_term_string}"},"query-input":{"@type":"PropertyValueSpecification","valueRequired":true,"valueName":"search_term_string"}}],"inLanguage":"sl-SI"}]}},"_links":{"self":[{"href":"https:\/\/beuhparadis.com\/sl\/wp-json\/wp\/v2\/product\/1148","targetHints":{"allow":["GET"]}}],"collection":[{"href":"https:\/\/beuhparadis.com\/sl\/wp-json\/wp\/v2\/product"}],"about":[{"href":"https:\/\/beuhparadis.com\/sl\/wp-json\/wp\/v2\/types\/product"}],"replies":[{"embeddable":true,"href":"https:\/\/beuhparadis.com\/sl\/wp-json\/wp\/v2\/comments?post=1148"}],"wp:featuredmedia":[{"embeddable":true,"href":"https:\/\/beuhparadis.com\/sl\/wp-json\/wp\/v2\/media\/1174"}],"wp:attachment":[{"href":"https:\/\/beuhparadis.com\/sl\/wp-json\/wp\/v2\/media?parent=1148"}],"wp:term":[{"taxonomy":"product_brand","embeddable":true,"href":"https:\/\/beuhparadis.com\/sl\/wp-json\/wp\/v2\/product_brand?post=1148"},{"taxonomy":"product_cat","embeddable":true,"href":"https:\/\/beuhparadis.com\/sl\/wp-json\/wp\/v2\/product_cat?post=1148"},{"taxonomy":"product_tag","embeddable":true,"href":"https:\/\/beuhparadis.com\/sl\/wp-json\/wp\/v2\/product_tag?post=1148"}],"curies":[{"name":"wp","href":"https:\/\/api.w.org\/{rel}","templated":true}]}}