{"id":1143,"date":"2024-12-10T23:38:31","date_gmt":"2024-12-10T23:38:31","guid":{"rendered":"https:\/\/beuhparadis.com\/?post_type=product&#038;p=1143"},"modified":"2025-01-25T22:58:44","modified_gmt":"2025-01-25T22:58:44","slug":"cookies-gary-payton","status":"publish","type":"product","link":"https:\/\/beuhparadis.com\/sl\/product\/cookies-gary-payton\/","title":{"rendered":"Pi\u0161kotki Gary Payton"},"content":{"rendered":"<h1 class=\"wp-block-heading\">Kupi Gary Payton Cookie Weed: Cannabis Excellence<\/h1>\n<p>Gary Payton Cookies Weed, rezultat edinstvenega sodelovanja med pi\u0161kotki in Kennyjem Dumetzom iz podjetja Powerzzzup Genetics, nosi ime po legendi NBA Garyju Paytonu. Ta izjemen hibridni sev je nastal s kri\u017eanjem sevov Y in Snowman, rezultat pa je sev, ki je mo\u010dan, okusen in vizualno privla\u010den.<\/p>\n<h2 class=\"wp-block-heading\">Informacije o sevu pi\u0161kotkov Gary Payton<\/h2>\n<ul class=\"wp-block-list\">\n<li><strong>Genetika:<\/strong> Hibrid, ustvarjen iz sevov Y in Snowman<\/li>\n<li><strong>Producent:<\/strong> Powerzzzup Genetics v sodelovanju s pi\u0161kotki<\/li>\n<li><strong>Nagrade:<\/strong> Zmagovalec 1. mesta na Errl Cup 2022 v Arizoni v obliki ha\u0161i\u0161a, 2. mesta na Emerald Cup 2022; prav tako pomembne zmage v Oklahomi in Oregonu zaradi izjemne kakovosti pi\u0161kotkov Gary Payton Weed.<\/li>\n<\/ul>\n<h2 class=\"wp-block-heading\">THC in CBD iz pi\u0161kotkov Gary Payton Weed<\/h2>\n<ul class=\"wp-block-list\">\n<li><strong>THC:<\/strong> Visoke cene, ki obljubljajo intenzivno izku\u0161njo<\/li>\n<li><strong>CBD:<\/strong> Prakti\u010dno odsoten, s poudarkom na psihoaktivnih u\u010dinkih Garyja Paytona <a href=\"https:\/\/beuhparadis.com\/sl\/product\/cookie-og-weed\/\">Pi\u0161kotki<\/a> Plevel<\/li>\n<\/ul>\n<h2 class=\"wp-block-heading\">Kje lahko kupim pi\u0161kotke Gary Payton na spletu?<\/h2>\n<p>Nakup Gary Payton Pi\u0161kotki Weed je enostaven zaradi uglednih spletnih platform, kot so <a href=\"https:\/\/acheterducannabis.fr\/\" data-type=\"link\" data-id=\"https:\/\/acheterducannabis.fr\/\">Nakup konoplje<\/a>kjer sta kakovost in skladnost z zakonodajo vedno na prvem mestu.<\/p>\n<h2 class=\"wp-block-heading\">U\u010dinki, arome in okusi trave<\/h2>\n<h3 class=\"wp-block-heading\">U\u010dinek<\/h3>\n<ul class=\"wp-block-list\">\n<li><strong>Ob\u010dutki:<\/strong> Znano je, da trava povzro\u010da komunikacijsko evforijo, pove\u010duje veselje in \u017eeljo po deljenju.<\/li>\n<li><strong>Negativno:<\/strong> Pojavijo se lahko ne\u017eeleni u\u010dinki, kot so anksioznost, paranoja in glavoboli, zlasti ob prekomerni uporabi.<\/li>\n<\/ul>\n<h3 class=\"wp-block-heading\">Aroma<\/h3>\n<ul class=\"wp-block-list\">\n<li><strong>Aromatski profil:<\/strong> Edinstvena me\u0161anica popra, sivke in marelice razlikuje pi\u0161kotke Gary Payton Weed od drugih vrst.<\/li>\n<\/ul>\n<h3 class=\"wp-block-heading\">Okusi<\/h3>\n<ul class=\"wp-block-list\">\n<li><strong>Paleta okusov:<\/strong> Gary Payton Cookie Weed ponuja kompleksen okus, ki sega od peko\u010dega do cvetli\u010dnega, s pridihom limone zaradi prevladujo\u010dih terpenov.<\/li>\n<\/ul>\n<h2 class=\"wp-block-heading\">Zdravstveni u\u010dinki pi\u0161kotka Gary Payton Cookie Weed<\/h2>\n<p>Uporabniki medicinske trave imajo \u0161tevilne pozitivne u\u010dinke, kot so<\/p>\n<ul class=\"wp-block-list\">\n<li><strong>Anksioznost:<\/strong> Znatno zmanj\u0161anje med potro\u0161niki<\/li>\n<li><strong>Depresija:<\/strong> Zmanj\u0161anje depresivnih simptomov<\/li>\n<li><strong>Stres:<\/strong> U\u010dinkovito laj\u0161anje vsakodnevnega stresa<\/li>\n<\/ul>\n<h2 class=\"wp-block-heading\">Zakaj izbrati Acheterducannabis za Weed?<\/h2>\n<p>Acheterducannabis je idealna izbira za nakup trave, saj zagotavlja vrhunske, preizku\u0161ene in varne izdelke z zanesljivo in diskretno dostavo.<\/p>\n<h2 class=\"wp-block-heading\">Zakonodaja o prodaji plevela v Evropi<\/h2>\n<p>Za prodajo konoplje, vklju\u010dno s travo, veljajo v vsaki evropski dr\u017eavi posebni zakoni. Acheterducannabis se zavezuje, da bo te zakone dosledno spo\u0161toval in vsem svojim strankam zagotovil varno in zakonito nakupno izku\u0161njo.<\/p>\n<p>Gary Payton Cookie Weed se ne odlikuje le po edinstveni genetski dedi\u0161\u010dini, temve\u010d tudi po bogatem terpenskem profilu, ki potro\u0161nikom ponuja neprekosljivo izku\u0161njo okusa in u\u010dinka. U\u017eivajte v odli\u010dnosti <a href=\"https:\/\/www.leafly.com\/strains\/gary-payton\" data-type=\"link\" data-id=\"https:\/\/www.leafly.com\/strains\/gary-payton\">Gary Payton<\/a> Pi\u0161kotki za plevel z zaupanjem iz Acheterducannabis, va\u0161ega zanesljivega vira za visokokakovostne sorte konoplje.<\/p>","protected":false},"excerpt":{"rendered":"<p><strong>THC :<\/strong> 20 % - 25 %, CBD: 5 % <strong>U\u010dinki<\/strong> Kreativnost, evforija, koncentracija, smeh &amp;amp;;lt;strong&amp;gt;Potencialno pomirjujo\u010de&lt;\/strong&gt; ADD\/ADHD, anksioznost, depresija, glavoboli, migrene, stres<\/p>","protected":false},"featured_media":1173,"comment_status":"closed","ping_status":"closed","template":"","meta":{"site-sidebar-layout":"default","site-content-layout":"","ast-site-content-layout":"default","site-content-style":"default","site-sidebar-style":"default","ast-global-header-display":"","ast-banner-title-visibility":"","ast-main-header-display":"","ast-hfb-above-header-display":"","ast-hfb-below-header-display":"","ast-hfb-mobile-header-display":"","site-post-title":"","ast-breadcrumbs-content":"","ast-featured-img":"","footer-sml-layout":"","theme-transparent-header-meta":"default","adv-header-id-meta":"","stick-header-meta":"","header-above-stick-meta":"","header-main-stick-meta":"","header-below-stick-meta":"","astra-migrate-meta-layouts":"set","ast-page-background-enabled":"default","ast-page-background-meta":{"desktop":{"background-color":"","background-image":"","background-repeat":"repeat","background-position":"center center","background-size":"auto","background-attachment":"scroll","background-type":"","background-media":"","overlay-type":"","overlay-color":"","overlay-opacity":"","overlay-gradient":""},"tablet":{"background-color":"","background-image":"","background-repeat":"repeat","background-position":"center center","background-size":"auto","background-attachment":"scroll","background-type":"","background-media":"","overlay-type":"","overlay-color":"","overlay-opacity":"","overlay-gradient":""},"mobile":{"background-color":"","background-image":"","background-repeat":"repeat","background-position":"center center","background-size":"auto","background-attachment":"scroll","background-type":"","background-media":"","overlay-type":"","overlay-color":"","overlay-opacity":"","overlay-gradient":""}},"ast-content-background-meta":{"desktop":{"background-color":"var(--ast-global-color-5)","background-image":"","background-repeat":"repeat","background-position":"center center","background-size":"auto","background-attachment":"scroll","background-type":"","background-media":"","overlay-type":"","overlay-color":"","overlay-opacity":"","overlay-gradient":""},"tablet":{"background-color":"var(--ast-global-color-5)","background-image":"","background-repeat":"repeat","background-position":"center center","background-size":"auto","background-attachment":"scroll","background-type":"","background-media":"","overlay-type":"","overlay-color":"","overlay-opacity":"","overlay-gradient":""},"mobile":{"background-color":"var(--ast-global-color-5)","background-image":"","background-repeat":"repeat","background-position":"center center","background-size":"auto","background-attachment":"scroll","background-type":"","background-media":"","overlay-type":"","overlay-color":"","overlay-opacity":"","overlay-gradient":""}},"_joinchat":[]},"product_brand":[],"product_cat":[32,33],"product_tag":[],"class_list":{"0":"post-1143","1":"product","2":"type-product","3":"status-publish","4":"has-post-thumbnail","6":"product_cat-fleur-de-chanvre","7":"product_cat-thc-beuh","8":"desktop-align-left","9":"tablet-align-left","10":"mobile-align-left","12":"first","13":"instock","14":"shipping-taxable","15":"purchasable","16":"product-type-variable"},"yoast_head":"<!-- This site is optimized with the Yoast SEO Premium plugin v24.1 (Yoast SEO v26.8) - https:\/\/yoast.com\/product\/yoast-seo-premium-wordpress\/ -->\n<title>Cookies Gary Payton \u2013 Achetez des Fleurs de Cannabis Premium<\/title>\n<meta name=\"description\" content=\"D\u00e9couvrez les Cookies Gary Payton, une vari\u00e9t\u00e9 de cannabis premium r\u00e9put\u00e9e pour sa puissance et son ar\u00f4me unique. Commandez en ligne en toute s\u00e9curit\u00e9\" \/>\n<meta name=\"robots\" content=\"index, follow, max-snippet:-1, max-image-preview:large, max-video-preview:-1\" \/>\n<link rel=\"canonical\" href=\"https:\/\/beuhparadis.com\/sl\/product\/cookies-gary-payton\/\" \/>\n<meta property=\"og:locale\" content=\"sl_SI\" \/>\n<meta property=\"og:type\" content=\"article\" \/>\n<meta property=\"og:title\" content=\"Cookies Gary Payton\" \/>\n<meta property=\"og:description\" content=\"D\u00e9couvrez les Cookies Gary Payton, une vari\u00e9t\u00e9 de cannabis premium r\u00e9put\u00e9e pour sa puissance et son ar\u00f4me unique. Commandez en ligne en toute s\u00e9curit\u00e9\" \/>\n<meta property=\"og:url\" content=\"https:\/\/beuhparadis.com\/sl\/product\/cookies-gary-payton\/\" \/>\n<meta property=\"og:site_name\" content=\"Beuh Paradis\" \/>\n<meta property=\"article:modified_time\" content=\"2025-01-25T22:58:44+00:00\" \/>\n<meta property=\"og:image\" content=\"https:\/\/beuhparadis.com\/wp-content\/uploads\/2024\/12\/Cookies-Gary-Payton.webp\" \/>\n\t<meta property=\"og:image:width\" content=\"500\" \/>\n\t<meta property=\"og:image:height\" content=\"500\" \/>\n\t<meta property=\"og:image:type\" content=\"image\/webp\" \/>\n<meta name=\"twitter:card\" content=\"summary_large_image\" \/>\n<meta name=\"twitter:label1\" content=\"Est. reading time\" \/>\n\t<meta name=\"twitter:data1\" content=\"3 minutes\" \/>\n<script type=\"application\/ld+json\" class=\"yoast-schema-graph\">{\"@context\":\"https:\/\/schema.org\",\"@graph\":[{\"@type\":\"WebPage\",\"@id\":\"https:\/\/beuhparadis.com\/product\/cookies-gary-payton\/\",\"url\":\"https:\/\/beuhparadis.com\/product\/cookies-gary-payton\/\",\"name\":\"Cookies Gary Payton \u2013 Achetez des Fleurs de Cannabis Premium\",\"isPartOf\":{\"@id\":\"https:\/\/beuhparadis.com\/#website\"},\"primaryImageOfPage\":{\"@id\":\"https:\/\/beuhparadis.com\/product\/cookies-gary-payton\/#primaryimage\"},\"image\":{\"@id\":\"https:\/\/beuhparadis.com\/product\/cookies-gary-payton\/#primaryimage\"},\"thumbnailUrl\":\"https:\/\/beuhparadis.com\/wp-content\/uploads\/2024\/12\/Cookies-Gary-Payton.webp\",\"datePublished\":\"2024-12-10T23:38:31+00:00\",\"dateModified\":\"2025-01-25T22:58:44+00:00\",\"description\":\"D\u00e9couvrez les Cookies Gary Payton, une vari\u00e9t\u00e9 de cannabis premium r\u00e9put\u00e9e pour sa puissance et son ar\u00f4me unique. Commandez en ligne en toute s\u00e9curit\u00e9\",\"breadcrumb\":{\"@id\":\"https:\/\/beuhparadis.com\/product\/cookies-gary-payton\/#breadcrumb\"},\"inLanguage\":\"sl-SI\",\"potentialAction\":[{\"@type\":\"ReadAction\",\"target\":[\"https:\/\/beuhparadis.com\/product\/cookies-gary-payton\/\"]}]},{\"@type\":\"ImageObject\",\"inLanguage\":\"sl-SI\",\"@id\":\"https:\/\/beuhparadis.com\/product\/cookies-gary-payton\/#primaryimage\",\"url\":\"https:\/\/beuhparadis.com\/wp-content\/uploads\/2024\/12\/Cookies-Gary-Payton.webp\",\"contentUrl\":\"https:\/\/beuhparadis.com\/wp-content\/uploads\/2024\/12\/Cookies-Gary-Payton.webp\",\"width\":500,\"height\":500,\"caption\":\"Cookies Gary Payton\"},{\"@type\":\"BreadcrumbList\",\"@id\":\"https:\/\/beuhparadis.com\/product\/cookies-gary-payton\/#breadcrumb\",\"itemListElement\":[{\"@type\":\"ListItem\",\"position\":1,\"name\":\"Home\",\"item\":\"https:\/\/beuhparadis.com\/\"},{\"@type\":\"ListItem\",\"position\":2,\"name\":\"Shop\",\"item\":\"https:\/\/beuhparadis.com\/shop\/\"},{\"@type\":\"ListItem\",\"position\":3,\"name\":\"Cookies Gary Payton\"}]},{\"@type\":\"WebSite\",\"@id\":\"https:\/\/beuhparadis.com\/#website\",\"url\":\"https:\/\/beuhparadis.com\/\",\"name\":\"Beuh Paradis\",\"description\":\"\",\"potentialAction\":[{\"@type\":\"SearchAction\",\"target\":{\"@type\":\"EntryPoint\",\"urlTemplate\":\"https:\/\/beuhparadis.com\/?s={search_term_string}\"},\"query-input\":{\"@type\":\"PropertyValueSpecification\",\"valueRequired\":true,\"valueName\":\"search_term_string\"}}],\"inLanguage\":\"sl-SI\"}]}<\/script>\n<!-- \/ Yoast SEO Premium plugin. -->","yoast_head_json":{"title":"Gary Payton Pi\u0161kotki - Nakup vrhunskih cvetov konoplje","description":"Odkrijte pi\u0161kotke Gary Payton, vrhunsko sorto konoplje, ki slovi po svoji mo\u010di in edinstvenem okusu. Varno spletno naro\u010danje","robots":{"index":"index","follow":"follow","max-snippet":"max-snippet:-1","max-image-preview":"max-image-preview:large","max-video-preview":"max-video-preview:-1"},"canonical":"https:\/\/beuhparadis.com\/sl\/product\/cookies-gary-payton\/","og_locale":"sl_SI","og_type":"article","og_title":"Cookies Gary Payton","og_description":"D\u00e9couvrez les Cookies Gary Payton, une vari\u00e9t\u00e9 de cannabis premium r\u00e9put\u00e9e pour sa puissance et son ar\u00f4me unique. Commandez en ligne en toute s\u00e9curit\u00e9","og_url":"https:\/\/beuhparadis.com\/sl\/product\/cookies-gary-payton\/","og_site_name":"Beuh Paradis","article_modified_time":"2025-01-25T22:58:44+00:00","og_image":[{"width":500,"height":500,"url":"https:\/\/beuhparadis.com\/wp-content\/uploads\/2024\/12\/Cookies-Gary-Payton.webp","type":"image\/webp"}],"twitter_card":"summary_large_image","twitter_misc":{"Est. reading time":"3 minutes"},"schema":{"@context":"https:\/\/schema.org","@graph":[{"@type":"WebPage","@id":"https:\/\/beuhparadis.com\/product\/cookies-gary-payton\/","url":"https:\/\/beuhparadis.com\/product\/cookies-gary-payton\/","name":"Gary Payton Pi\u0161kotki - Nakup vrhunskih cvetov konoplje","isPartOf":{"@id":"https:\/\/beuhparadis.com\/#website"},"primaryImageOfPage":{"@id":"https:\/\/beuhparadis.com\/product\/cookies-gary-payton\/#primaryimage"},"image":{"@id":"https:\/\/beuhparadis.com\/product\/cookies-gary-payton\/#primaryimage"},"thumbnailUrl":"https:\/\/beuhparadis.com\/wp-content\/uploads\/2024\/12\/Cookies-Gary-Payton.webp","datePublished":"2024-12-10T23:38:31+00:00","dateModified":"2025-01-25T22:58:44+00:00","description":"Odkrijte pi\u0161kotke Gary Payton, vrhunsko sorto konoplje, ki slovi po svoji mo\u010di in edinstvenem okusu. Varno spletno naro\u010danje","breadcrumb":{"@id":"https:\/\/beuhparadis.com\/product\/cookies-gary-payton\/#breadcrumb"},"inLanguage":"sl-SI","potentialAction":[{"@type":"ReadAction","target":["https:\/\/beuhparadis.com\/product\/cookies-gary-payton\/"]}]},{"@type":"ImageObject","inLanguage":"sl-SI","@id":"https:\/\/beuhparadis.com\/product\/cookies-gary-payton\/#primaryimage","url":"https:\/\/beuhparadis.com\/wp-content\/uploads\/2024\/12\/Cookies-Gary-Payton.webp","contentUrl":"https:\/\/beuhparadis.com\/wp-content\/uploads\/2024\/12\/Cookies-Gary-Payton.webp","width":500,"height":500,"caption":"Cookies Gary Payton"},{"@type":"BreadcrumbList","@id":"https:\/\/beuhparadis.com\/product\/cookies-gary-payton\/#breadcrumb","itemListElement":[{"@type":"ListItem","position":1,"name":"Home","item":"https:\/\/beuhparadis.com\/"},{"@type":"ListItem","position":2,"name":"Shop","item":"https:\/\/beuhparadis.com\/shop\/"},{"@type":"ListItem","position":3,"name":"Cookies Gary Payton"}]},{"@type":"WebSite","@id":"https:\/\/beuhparadis.com\/#website","url":"https:\/\/beuhparadis.com\/","name":"Beuh Paradis","description":"","potentialAction":[{"@type":"SearchAction","target":{"@type":"EntryPoint","urlTemplate":"https:\/\/beuhparadis.com\/?s={search_term_string}"},"query-input":{"@type":"PropertyValueSpecification","valueRequired":true,"valueName":"search_term_string"}}],"inLanguage":"sl-SI"}]}},"_links":{"self":[{"href":"https:\/\/beuhparadis.com\/sl\/wp-json\/wp\/v2\/product\/1143","targetHints":{"allow":["GET"]}}],"collection":[{"href":"https:\/\/beuhparadis.com\/sl\/wp-json\/wp\/v2\/product"}],"about":[{"href":"https:\/\/beuhparadis.com\/sl\/wp-json\/wp\/v2\/types\/product"}],"replies":[{"embeddable":true,"href":"https:\/\/beuhparadis.com\/sl\/wp-json\/wp\/v2\/comments?post=1143"}],"wp:featuredmedia":[{"embeddable":true,"href":"https:\/\/beuhparadis.com\/sl\/wp-json\/wp\/v2\/media\/1173"}],"wp:attachment":[{"href":"https:\/\/beuhparadis.com\/sl\/wp-json\/wp\/v2\/media?parent=1143"}],"wp:term":[{"taxonomy":"product_brand","embeddable":true,"href":"https:\/\/beuhparadis.com\/sl\/wp-json\/wp\/v2\/product_brand?post=1143"},{"taxonomy":"product_cat","embeddable":true,"href":"https:\/\/beuhparadis.com\/sl\/wp-json\/wp\/v2\/product_cat?post=1143"},{"taxonomy":"product_tag","embeddable":true,"href":"https:\/\/beuhparadis.com\/sl\/wp-json\/wp\/v2\/product_tag?post=1143"}],"curies":[{"name":"wp","href":"https:\/\/api.w.org\/{rel}","templated":true}]}}