{"id":2130,"date":"2024-12-10T23:51:22","date_gmt":"2024-12-10T23:51:22","guid":{"rendered":"https:\/\/beuhparadis.com\/?post_type=product&#038;p=2130"},"modified":"2025-01-28T08:09:00","modified_gmt":"2025-01-28T08:09:00","slug":"charas-hash","status":"publish","type":"product","link":"https:\/\/beuhparadis.com\/sk\/product\/charas-hash\/","title":{"rendered":"Charas Hash"},"content":{"rendered":"<h3><strong>K\u00fapi\u0165 Charas Hash online - jedine\u010dn\u00fd z\u00e1\u017eitok s Beuh Paradis<\/strong><\/h3>\n<h4><\/h4>\n<p>K\u00fapi\u0165 charas Hash Online: Na <strong>Charas Hash<\/strong>si teraz m\u00f4\u017eete k\u00fapi\u0165 online na adrese <strong><a href=\"https:\/\/beuhparadis.com\/sk\" target=\"_new\" rel=\"noopener\">Beuh Paradis<\/a><\/strong>. Tento tradi\u010dn\u00fd ha\u0161i\u0161 vyroben\u00fd z vysokokvalitnej konopnej \u017eivice je cenen\u00fd pre svoju autentick\u00fa chu\u0165 a siln\u00e9 \u00fa\u010dinky. \u010ci u\u017e ste znalec, alebo nov\u00fd nad\u0161enec, Charas Hash s\u013eubuje nezabudnute\u013en\u00fd z\u00e1\u017eitok, ktor\u00fd v\u00e1m doru\u010d\u00edme priamo domov.<\/p>\n<h4><strong>\u00a0\u010co je Charas Hash?<\/strong><\/h4>\n<p>Le <strong>Charas Hash<\/strong> je jedine\u010dn\u00fd druh ha\u0161i\u0161a, ktor\u00fd poch\u00e1dza z horsk\u00fdch oblast\u00ed Himal\u00e1j\u00ed. Na rozdiel od in\u00fdch druhov ha\u0161i\u0161a sa vyr\u00e1ba ru\u010dn\u00fdm tren\u00edm \u010derstv\u00fdch konopn\u00fdch kvetov s cie\u013eom z\u00edska\u0165 \u017eivicu. T\u00fdmto tradi\u010dn\u00fdm postupom sa z\u00edskava produkt bohat\u00fd na terp\u00e9ny, so zemitou, korenistou v\u00f4\u0148ou a siln\u00fdmi, uvo\u013e\u0148uj\u00facimi \u00fa\u010dinkami.<\/p>\n<h4><strong>\u00a0Pre\u010do k\u00fapi\u0165 Charas Hash na Beuh Paradis?<\/strong><\/h4>\n<p>Na str\u00e1nke <strong>Beuh Paradis<\/strong>Zav\u00e4zujeme sa poskytova\u0165 v\u00fdrobky v\u00fdnimo\u010dnej kvality pre va\u0161u \u00fapln\u00fa spokojnos\u0165. Tu je d\u00f4vod, pre\u010do by ste si mali vybra\u0165 <strong>Charas Hash<\/strong> na na\u0161ej platforme:<\/p>\n<ul>\n<li><strong>Pr\u00e9miov\u00e1 kvalita:<\/strong> N\u00e1\u0161 Charas Hash je vyroben\u00fd z konope pestovan\u00e9ho so starostlivos\u0165ou, \u010do zaru\u010duje \u010dist\u00fd a siln\u00fd produkt.<\/li>\n<li><strong>S\u00fa\u0165a\u017en\u00e9 ocenenia :<\/strong> Vyu\u017eite vynikaj\u00faci pomer ceny a kvality na v\u0161etky na\u0161e produkty vr\u00e1tane zariadenia Charas Hash.<\/li>\n<li><strong>R\u00fdchle a diskr\u00e9tne doru\u010denie:<\/strong> Objednajte si jednoducho online a dostanete svoj Charas Hash r\u00fdchlo a diskr\u00e9tne.<\/li>\n<li><strong>Zabezpe\u010den\u00e9 str\u00e1nky :<\/strong> Nav\u0161t\u00edvte str\u00e1nku <strong><a href=\"https:\/\/beuhparadis.com\/sk\" target=\"_new\" rel=\"noopener\">Beuh Paradis<\/a><\/strong>Va\u0161e platby a osobn\u00e9 \u00fadaje s\u00fa chr\u00e1nen\u00e9 na\u0161imi pokro\u010dil\u00fdmi bezpe\u010dnostn\u00fdmi syst\u00e9mami.<\/li>\n<\/ul>\n<h4><strong>\u00a0V\u00fdhody Charas Hash<\/strong><\/h4>\n<p>Le <strong>Charas Hash<\/strong> sa oce\u0148uje za :<\/p>\n<ul>\n<li><strong>Bohat\u00e9 chute :<\/strong> Korenist\u00e9, zemit\u00e9 t\u00f3ny, ktor\u00e9 pote\u0161ia milovn\u00edkov prav\u00e9ho ha\u0161i\u0161a.<\/li>\n<li><strong>Jeho siln\u00e9 \u00fa\u010dinky :<\/strong> Hlbok\u00e9 uvo\u013enenie spojen\u00e9 s pocitom du\u0161evnej \u013eahkosti.<\/li>\n<li><strong>Autentick\u00e9 remeseln\u00e9 spracovanie:<\/strong> Ru\u010dne vyroben\u00fd pod\u013ea osved\u010den\u00fdch trad\u00edci\u00ed je Charas Hash skuto\u010dn\u00fdm umeleck\u00fdm dielom.<\/li>\n<\/ul>\n<h4><strong>\u00a0Objednajte si Charas Hash online teraz<\/strong><\/h4>\n<p>S <strong><a href=\"https:\/\/beuhparadis.com\/sk\" target=\"_new\" rel=\"noopener\">Beuh Paradis<\/a><\/strong>k\u00fapi\u0165 <strong>Charas Hash online<\/strong> nikdy nebolo jednoduch\u0161ie a bezpe\u010dnej\u0161ie. Objavte n\u00e1\u0161 sortiment pr\u00e9miov\u00fdch produktov a vychutnajte si v\u00fdnimo\u010dn\u00fd z\u00e1\u017eitok z konope. Objednajte si e\u0161te dnes a nechajte sa zvies\u0165 autentickos\u0165ou a silou konope Charas Hash.<\/p>","protected":false},"excerpt":{"rendered":"<p><strong>THC:<\/strong> 29%<\/p>","protected":false},"featured_media":2148,"comment_status":"closed","ping_status":"closed","template":"","meta":{"site-sidebar-layout":"default","site-content-layout":"","ast-site-content-layout":"default","site-content-style":"default","site-sidebar-style":"default","ast-global-header-display":"","ast-banner-title-visibility":"","ast-main-header-display":"","ast-hfb-above-header-display":"","ast-hfb-below-header-display":"","ast-hfb-mobile-header-display":"","site-post-title":"","ast-breadcrumbs-content":"","ast-featured-img":"","footer-sml-layout":"","theme-transparent-header-meta":"default","adv-header-id-meta":"","stick-header-meta":"","header-above-stick-meta":"","header-main-stick-meta":"","header-below-stick-meta":"","astra-migrate-meta-layouts":"set","ast-page-background-enabled":"default","ast-page-background-meta":{"desktop":{"background-color":"","background-image":"","background-repeat":"repeat","background-position":"center center","background-size":"auto","background-attachment":"scroll","background-type":"","background-media":"","overlay-type":"","overlay-color":"","overlay-opacity":"","overlay-gradient":""},"tablet":{"background-color":"","background-image":"","background-repeat":"repeat","background-position":"center center","background-size":"auto","background-attachment":"scroll","background-type":"","background-media":"","overlay-type":"","overlay-color":"","overlay-opacity":"","overlay-gradient":""},"mobile":{"background-color":"","background-image":"","background-repeat":"repeat","background-position":"center center","background-size":"auto","background-attachment":"scroll","background-type":"","background-media":"","overlay-type":"","overlay-color":"","overlay-opacity":"","overlay-gradient":""}},"ast-content-background-meta":{"desktop":{"background-color":"var(--ast-global-color-5)","background-image":"","background-repeat":"repeat","background-position":"center center","background-size":"auto","background-attachment":"scroll","background-type":"","background-media":"","overlay-type":"","overlay-color":"","overlay-opacity":"","overlay-gradient":""},"tablet":{"background-color":"var(--ast-global-color-5)","background-image":"","background-repeat":"repeat","background-position":"center center","background-size":"auto","background-attachment":"scroll","background-type":"","background-media":"","overlay-type":"","overlay-color":"","overlay-opacity":"","overlay-gradient":""},"mobile":{"background-color":"var(--ast-global-color-5)","background-image":"","background-repeat":"repeat","background-position":"center center","background-size":"auto","background-attachment":"scroll","background-type":"","background-media":"","overlay-type":"","overlay-color":"","overlay-opacity":"","overlay-gradient":""}},"_joinchat":[]},"product_brand":[],"product_cat":[48],"product_tag":[],"class_list":{"0":"post-2130","1":"product","2":"type-product","3":"status-publish","4":"has-post-thumbnail","6":"product_cat-shit-thc","7":"desktop-align-left","8":"tablet-align-left","9":"mobile-align-left","11":"first","12":"instock","13":"shipping-taxable","14":"purchasable","15":"product-type-variable"},"yoast_head":"<!-- This site is optimized with the Yoast SEO Premium plugin v24.1 (Yoast SEO v26.8) - https:\/\/yoast.com\/product\/yoast-seo-premium-wordpress\/ -->\n<title>Acheter Charas Hash en Ligne \u2013 Qualit\u00e9 Premium | Beuh Paradis<\/title>\n<meta name=\"description\" content=\"Achate du Charas Hash artisanal en ligne sur Beuh Paradis. Profitez d\u2019un haschich authentique.. Livraison rapide et discr\u00e8te\" \/>\n<meta name=\"robots\" content=\"index, follow, max-snippet:-1, max-image-preview:large, max-video-preview:-1\" \/>\n<link rel=\"canonical\" href=\"https:\/\/beuhparadis.com\/sk\/product\/charas-hash\/\" \/>\n<meta property=\"og:locale\" content=\"sk_SK\" \/>\n<meta property=\"og:type\" content=\"article\" \/>\n<meta property=\"og:title\" content=\"Charas Hash\" \/>\n<meta property=\"og:description\" content=\"Achate du Charas Hash artisanal en ligne sur Beuh Paradis. Profitez d\u2019un haschich authentique.. Livraison rapide et discr\u00e8te\" \/>\n<meta property=\"og:url\" content=\"https:\/\/beuhparadis.com\/sk\/product\/charas-hash\/\" \/>\n<meta property=\"og:site_name\" content=\"Beuh Paradis\" \/>\n<meta property=\"article:modified_time\" content=\"2025-01-28T08:09:00+00:00\" \/>\n<meta property=\"og:image\" content=\"https:\/\/beuhparadis.com\/wp-content\/uploads\/2024\/12\/Charas-Hash-2.jpeg\" \/>\n\t<meta property=\"og:image:width\" content=\"247\" \/>\n\t<meta property=\"og:image:height\" content=\"296\" \/>\n\t<meta property=\"og:image:type\" content=\"image\/jpeg\" \/>\n<meta name=\"twitter:card\" content=\"summary_large_image\" \/>\n<meta name=\"twitter:label1\" content=\"Predpokladan\u00fd \u010das \u010d\u00edtania\" \/>\n\t<meta name=\"twitter:data1\" content=\"2 minutes\" \/>\n<script type=\"application\/ld+json\" class=\"yoast-schema-graph\">{\"@context\":\"https:\/\/schema.org\",\"@graph\":[{\"@type\":\"WebPage\",\"@id\":\"https:\/\/beuhparadis.com\/product\/charas-hash\/\",\"url\":\"https:\/\/beuhparadis.com\/product\/charas-hash\/\",\"name\":\"Acheter Charas Hash en Ligne \u2013 Qualit\u00e9 Premium | Beuh Paradis\",\"isPartOf\":{\"@id\":\"https:\/\/beuhparadis.com\/#website\"},\"primaryImageOfPage\":{\"@id\":\"https:\/\/beuhparadis.com\/product\/charas-hash\/#primaryimage\"},\"image\":{\"@id\":\"https:\/\/beuhparadis.com\/product\/charas-hash\/#primaryimage\"},\"thumbnailUrl\":\"https:\/\/beuhparadis.com\/wp-content\/uploads\/2024\/12\/Charas-Hash-2.jpeg\",\"datePublished\":\"2024-12-10T23:51:22+00:00\",\"dateModified\":\"2025-01-28T08:09:00+00:00\",\"description\":\"Achate du Charas Hash artisanal en ligne sur Beuh Paradis. Profitez d\u2019un haschich authentique.. Livraison rapide et discr\u00e8te\",\"breadcrumb\":{\"@id\":\"https:\/\/beuhparadis.com\/product\/charas-hash\/#breadcrumb\"},\"inLanguage\":\"sk-SK\",\"potentialAction\":[{\"@type\":\"ReadAction\",\"target\":[\"https:\/\/beuhparadis.com\/product\/charas-hash\/\"]}]},{\"@type\":\"ImageObject\",\"inLanguage\":\"sk-SK\",\"@id\":\"https:\/\/beuhparadis.com\/product\/charas-hash\/#primaryimage\",\"url\":\"https:\/\/beuhparadis.com\/wp-content\/uploads\/2024\/12\/Charas-Hash-2.jpeg\",\"contentUrl\":\"https:\/\/beuhparadis.com\/wp-content\/uploads\/2024\/12\/Charas-Hash-2.jpeg\",\"width\":247,\"height\":296,\"caption\":\"Acheter Charas Hash en Ligne\"},{\"@type\":\"BreadcrumbList\",\"@id\":\"https:\/\/beuhparadis.com\/product\/charas-hash\/#breadcrumb\",\"itemListElement\":[{\"@type\":\"ListItem\",\"position\":1,\"name\":\"Home\",\"item\":\"https:\/\/beuhparadis.com\/\"},{\"@type\":\"ListItem\",\"position\":2,\"name\":\"Shop\",\"item\":\"https:\/\/beuhparadis.com\/shop\/\"},{\"@type\":\"ListItem\",\"position\":3,\"name\":\"Charas Hash\"}]},{\"@type\":\"WebSite\",\"@id\":\"https:\/\/beuhparadis.com\/#website\",\"url\":\"https:\/\/beuhparadis.com\/\",\"name\":\"Beuh Paradis\",\"description\":\"\",\"potentialAction\":[{\"@type\":\"SearchAction\",\"target\":{\"@type\":\"EntryPoint\",\"urlTemplate\":\"https:\/\/beuhparadis.com\/?s={search_term_string}\"},\"query-input\":{\"@type\":\"PropertyValueSpecification\",\"valueRequired\":true,\"valueName\":\"search_term_string\"}}],\"inLanguage\":\"sk-SK\"}]}<\/script>\n<!-- \/ Yoast SEO Premium plugin. -->","yoast_head_json":{"title":"K\u00fapi\u0165 Charas Hash online - pr\u00e9miov\u00e1 kvalita | Beuh Paradis","description":"K\u00fapte si remeseln\u00edcky v\u00fdrobok Charas Hash online v Beuh Paradis. Vychutnajte si autentick\u00fd ha\u0161i\u0161... R\u00fdchle a diskr\u00e9tne doru\u010denie","robots":{"index":"index","follow":"follow","max-snippet":"max-snippet:-1","max-image-preview":"max-image-preview:large","max-video-preview":"max-video-preview:-1"},"canonical":"https:\/\/beuhparadis.com\/sk\/product\/charas-hash\/","og_locale":"sk_SK","og_type":"article","og_title":"Charas Hash","og_description":"Achate du Charas Hash artisanal en ligne sur Beuh Paradis. Profitez d\u2019un haschich authentique.. Livraison rapide et discr\u00e8te","og_url":"https:\/\/beuhparadis.com\/sk\/product\/charas-hash\/","og_site_name":"Beuh Paradis","article_modified_time":"2025-01-28T08:09:00+00:00","og_image":[{"width":247,"height":296,"url":"https:\/\/beuhparadis.com\/wp-content\/uploads\/2024\/12\/Charas-Hash-2.jpeg","type":"image\/jpeg"}],"twitter_card":"summary_large_image","twitter_misc":{"Predpokladan\u00fd \u010das \u010d\u00edtania":"2 minutes"},"schema":{"@context":"https:\/\/schema.org","@graph":[{"@type":"WebPage","@id":"https:\/\/beuhparadis.com\/product\/charas-hash\/","url":"https:\/\/beuhparadis.com\/product\/charas-hash\/","name":"K\u00fapi\u0165 Charas Hash online - pr\u00e9miov\u00e1 kvalita | Beuh Paradis","isPartOf":{"@id":"https:\/\/beuhparadis.com\/#website"},"primaryImageOfPage":{"@id":"https:\/\/beuhparadis.com\/product\/charas-hash\/#primaryimage"},"image":{"@id":"https:\/\/beuhparadis.com\/product\/charas-hash\/#primaryimage"},"thumbnailUrl":"https:\/\/beuhparadis.com\/wp-content\/uploads\/2024\/12\/Charas-Hash-2.jpeg","datePublished":"2024-12-10T23:51:22+00:00","dateModified":"2025-01-28T08:09:00+00:00","description":"K\u00fapte si remeseln\u00edcky v\u00fdrobok Charas Hash online v Beuh Paradis. Vychutnajte si autentick\u00fd ha\u0161i\u0161... R\u00fdchle a diskr\u00e9tne doru\u010denie","breadcrumb":{"@id":"https:\/\/beuhparadis.com\/product\/charas-hash\/#breadcrumb"},"inLanguage":"sk-SK","potentialAction":[{"@type":"ReadAction","target":["https:\/\/beuhparadis.com\/product\/charas-hash\/"]}]},{"@type":"ImageObject","inLanguage":"sk-SK","@id":"https:\/\/beuhparadis.com\/product\/charas-hash\/#primaryimage","url":"https:\/\/beuhparadis.com\/wp-content\/uploads\/2024\/12\/Charas-Hash-2.jpeg","contentUrl":"https:\/\/beuhparadis.com\/wp-content\/uploads\/2024\/12\/Charas-Hash-2.jpeg","width":247,"height":296,"caption":"Acheter Charas Hash en Ligne"},{"@type":"BreadcrumbList","@id":"https:\/\/beuhparadis.com\/product\/charas-hash\/#breadcrumb","itemListElement":[{"@type":"ListItem","position":1,"name":"Home","item":"https:\/\/beuhparadis.com\/"},{"@type":"ListItem","position":2,"name":"Shop","item":"https:\/\/beuhparadis.com\/shop\/"},{"@type":"ListItem","position":3,"name":"Charas Hash"}]},{"@type":"WebSite","@id":"https:\/\/beuhparadis.com\/#website","url":"https:\/\/beuhparadis.com\/","name":"Beuh Paradis","description":"","potentialAction":[{"@type":"SearchAction","target":{"@type":"EntryPoint","urlTemplate":"https:\/\/beuhparadis.com\/?s={search_term_string}"},"query-input":{"@type":"PropertyValueSpecification","valueRequired":true,"valueName":"search_term_string"}}],"inLanguage":"sk-SK"}]}},"_links":{"self":[{"href":"https:\/\/beuhparadis.com\/sk\/wp-json\/wp\/v2\/product\/2130","targetHints":{"allow":["GET"]}}],"collection":[{"href":"https:\/\/beuhparadis.com\/sk\/wp-json\/wp\/v2\/product"}],"about":[{"href":"https:\/\/beuhparadis.com\/sk\/wp-json\/wp\/v2\/types\/product"}],"replies":[{"embeddable":true,"href":"https:\/\/beuhparadis.com\/sk\/wp-json\/wp\/v2\/comments?post=2130"}],"wp:featuredmedia":[{"embeddable":true,"href":"https:\/\/beuhparadis.com\/sk\/wp-json\/wp\/v2\/media\/2148"}],"wp:attachment":[{"href":"https:\/\/beuhparadis.com\/sk\/wp-json\/wp\/v2\/media?parent=2130"}],"wp:term":[{"taxonomy":"product_brand","embeddable":true,"href":"https:\/\/beuhparadis.com\/sk\/wp-json\/wp\/v2\/product_brand?post=2130"},{"taxonomy":"product_cat","embeddable":true,"href":"https:\/\/beuhparadis.com\/sk\/wp-json\/wp\/v2\/product_cat?post=2130"},{"taxonomy":"product_tag","embeddable":true,"href":"https:\/\/beuhparadis.com\/sk\/wp-json\/wp\/v2\/product_tag?post=2130"}],"curies":[{"name":"wp","href":"https:\/\/api.w.org\/{rel}","templated":true}]}}