{"id":2120,"date":"2024-12-10T23:51:21","date_gmt":"2024-12-10T23:51:21","guid":{"rendered":"https:\/\/beuhparadis.com\/?post_type=product&#038;p=2120"},"modified":"2025-01-28T08:33:58","modified_gmt":"2025-01-28T08:33:58","slug":"ice-hash","status":"publish","type":"product","link":"https:\/\/beuhparadis.com\/sk\/product\/ice-hash\/","title":{"rendered":"\u013dadov\u00fd hash"},"content":{"rendered":"<h1 class=\"wp-block-heading\">K\u00fapi\u0165 Ice Hash: \u010cist\u00fd, siln\u00fd konopn\u00fd koncentr\u00e1t<\/h1>\n<p>K\u00fapte si Ice Hash, preferovan\u00fa vo\u013ebu pre intenz\u00edvnej\u0161\u00ed z\u00e1\u017eitok z konope. Ice Hash sa vyr\u00e1ba \u0161etrnou met\u00f3dou extrakcie bez rozp\u00fa\u0161\u0165adiel a s\u013eubuje v\u00fdnimo\u010dn\u00fa kvalitu a \u010distotu. Ponorte sa do sveta koncentr\u00e1tov s produktom, ktor\u00fd sp\u00e1ja trad\u00edciu a inov\u00e1cie.<\/p>\n<h2 class=\"wp-block-heading\">Inform\u00e1cie o Ice Hash<\/h2>\n<ul class=\"wp-block-list\">\n<li><strong>V\u00fdroba<\/strong>Ice Hash, zn\u00e1my aj ako bublinkov\u00fd ha\u0161i\u0161, sa vyr\u00e1ba met\u00f3dou extrakcie studenou vodou. Pri tejto technike sa pou\u017e\u00edvaj\u00fa vreck\u00e1 s r\u00f4znymi ve\u013ekos\u0165ami mikr\u00f3nov\u00fdch \u00f4k na oddelenie trich\u00f3mov od rastlinn\u00e9ho materi\u00e1lu, \u010do zaru\u010duje vysok\u00fa kvalitu kone\u010dn\u00e9ho produktu.<\/li>\n<li><strong>P\u00f4vod<\/strong>Ice Hash sa zrodil v Kalifornii v 90. rokoch minul\u00e9ho storo\u010dia a jeho korene siahaj\u00fa po \u010distote a sile. Postupom \u010dasu sa t\u00e1to met\u00f3da zdokonalila, aby sa vytvoril jeden z naj\u010distej\u0161\u00edch konopn\u00fdch koncentr\u00e1tov na trhu.<\/li>\n<li><strong>Aspekt<\/strong>Vzh\u013ead bublinkov\u00e9ho ha\u0161i\u0161a sa l\u00ed\u0161i od svetlej blond a\u017e po tmavohned\u00fa, \u010do odr\u00e1\u017ea kvalitu a rozmanitos\u0165 pou\u017eit\u00e9ho konope. Jeho m\u00e4kk\u00e1, lepkav\u00e1 \u0161trukt\u00fara u\u013eah\u010duje manipul\u00e1ciu pri r\u00f4znych sp\u00f4soboch konzum\u00e1cie.<\/li>\n<\/ul>\n<h2 class=\"wp-block-heading\">THC a CBD<\/h2>\n<ul class=\"wp-block-list\">\n<li><strong>THC<\/strong>Ice Hash sa vyzna\u010duje vysokou koncentr\u00e1ciou THC, ktor\u00e1 dosahuje a\u017e 60%, \u010do zaru\u010duje siln\u00fd a dlhotrvaj\u00faci z\u00e1\u017eitok.<\/li>\n<li><strong>CBD<\/strong>Obsah CBD zost\u00e1va v s\u00falade s franc\u00fazskou legislat\u00edvou ni\u017e\u0161\u00ed ako 0,3%, \u010d\u00edm sa zabezpe\u010duje produkt s prevahou THC pre silnej\u0161ie \u00fa\u010dinky.<\/li>\n<\/ul>\n<h2 class=\"wp-block-heading\">\u00da\u010dinky, v\u00f4\u0148a a chu\u0165<\/h2>\n<h3 class=\"wp-block-heading\">\u00da\u010dinok<\/h3>\n<p>Ice Hash je zn\u00e1my svojimi \u00fa\u010dinkami proti \u00fazkosti, ktor\u00e9 poskytuj\u00fa hlbok\u00fa relax\u00e1ciu bez toho, aby pou\u017e\u00edvate\u013ea za\u0165a\u017eovali. Je ide\u00e1lny na boj proti stresu a \u00fazkosti, pon\u00faka \u00fato\u010disko pokoja v ka\u017edodennom zhonu.<\/p>\n<h3 class=\"wp-block-heading\">Ar\u00f3ma<\/h3>\n<p>Bubble hash zv\u00e1dza v\u00f4\u0148ou borovice a kadidla a poz\u00fdva na zmyslov\u00fa cestu do srdca star\u00fdch lesov.<\/p>\n<h3 class=\"wp-block-heading\">Chu\u0165<\/h3>\n<p>Jeho chu\u0165, intenz\u00edvne koncentrovan\u00e1 v\u010faka extrakcii trich\u00f3mov, je \u010distej\u0161ia a jemnej\u0161ia ako u in\u00fdch foriem ha\u0161i\u0161a, pri\u010dom vynik\u00e1 bohat\u00fdm, jemn\u00fdm buketom terp\u00e9nov a kanabinoidov.<\/p>\n<h2 class=\"wp-block-heading\">Zdravotn\u00e9 \u00fa\u010dinky<\/h2>\n<h3 class=\"wp-block-heading\">Zdravotn\u00e9 \u00fa\u010dinky<\/h3>\n<p>Okrem relaxa\u010dn\u00fdch \u00fa\u010dinkov m\u00f4\u017ee Ice Hash zmierni\u0165 cel\u00fd rad ochoren\u00ed a prispie\u0165 k celkov\u00e9mu zlep\u0161eniu pohody.<\/p>\n<h3 class=\"wp-block-heading\">M\u00f4\u017ee zmierni\u0165<\/h3>\n<p>Je obzvl\u00e1\u0161\u0165 \u00fa\u010dinn\u00fd proti stresu a \u00fazkosti, je cenn\u00fdm spojencom pri zvl\u00e1dan\u00ed t\u00fdchto stavov a pon\u00faka prirodzen\u00fa alternat\u00edvu ku konven\u010dnej lie\u010dbe.<\/p>\n<h2 class=\"wp-block-heading\">Ako faj\u010di\u0165 hash ice o lator<\/h2>\n<p>Hash ice o lator sa hod\u00ed na r\u00f4zne sp\u00f4soby konzum\u00e1cie, \u010di u\u017e je integrovan\u00fd do jointu, odparovan\u00fd alebo sa pou\u017e\u00edva samostatne v fajke. Sp\u00f4sob konzum\u00e1cie je mo\u017en\u00e9 upravi\u0165 pod\u013ea osobn\u00fdch preferenci\u00ed a z\u00edska\u0165 tak z\u00e1\u017eitok \u0161it\u00fd na mieru.<\/p>\n<h2 class=\"wp-block-heading\">Kde si m\u00f4\u017eem k\u00fapi\u0165 Ice Hash online?<\/h2>\n<p><a href=\"https:\/\/beuhparadis.com\/sk\/product\/acheter-cheetah-piss-weed\/\">Beuhparadis<\/a>\u00a0 je va\u0161ou ob\u013e\u00fabenou destin\u00e1ciou pre \u013eadov\u00fd h\u00e1\u0161ing najvy\u0161\u0161ej kvality. N\u00e1\u0161 pr\u00edsny v\u00fdber zaru\u010duje \u010dist\u00fd, siln\u00fd produkt, ktor\u00fd sp\u013a\u0148a s\u00fa\u010dasn\u00e9 normy.<\/p>\n<h2 class=\"wp-block-heading\">Pre\u010do si vybra\u0165 beuhparadis ice o lator hash?<\/h2>\n<p>Sna\u017e\u00edme sa pon\u00faka\u0165 v\u00fdnimo\u010dn\u00fd produkt, ktor\u00fd sp\u013a\u0148a najpr\u00edsnej\u0161ie krit\u00e9ri\u00e1 kvality a \u010distoty. Vybra\u0165 si heuhparais znamen\u00e1 rozhodn\u00fa\u0165 sa pre dokonalos\u0165.<\/p>\n<h2 class=\"wp-block-heading\">Eur\u00f3pske pr\u00e1vne predpisy o predaji zna\u010dky Hash<\/h2>\n<p>Ha\u0161i\u0161 Ice o lator s vysok\u00fdm obsahom THC a CBD v s\u00falade s legislat\u00edvou je v Eur\u00f3pe leg\u00e1lnym produktom, ktor\u00fd umo\u017e\u0148uje zodpovedn\u00fa a bezpe\u010dn\u00fa konzum\u00e1ciu.<\/p>\n<p>Na z\u00e1ver mo\u017eno poveda\u0165, \u017ee Ice Hash predstavuje dokonal\u00fd z\u00e1\u017eitok z konope, ktor\u00fd v sebe sp\u00e1ja silu, \u010distotu a p\u00f4\u017eitok. Objavte tento v\u00fdnimo\u010dn\u00fd koncentr\u00e1t na Acheterducannabis.fr a ponorte sa do jedine\u010dn\u00e9ho z\u00e1\u017eitku.<\/p>","protected":false},"excerpt":{"rendered":"<p>Ice Hash m\u00e1 \u0161tip\u013eav\u00fa chu\u0165 a v\u00f4\u0148u od citr\u00f3novej po kvetinov\u00fa, ako aj svetl\u00fa farbu kiefu s kry\u0161talick\u00fdmi t\u00f3nmi. Na dosiahnutie v\u00fdnimo\u010dnej chuti kone\u010dn\u00e9ho produktu si v\u00fdrobn\u00fd proces vy\u017eaduje vysokokvalitn\u00e9 zru\u010dnosti a vybavenie.<\/p>","protected":false},"featured_media":2146,"comment_status":"closed","ping_status":"closed","template":"","meta":{"site-sidebar-layout":"default","site-content-layout":"","ast-site-content-layout":"default","site-content-style":"default","site-sidebar-style":"default","ast-global-header-display":"","ast-banner-title-visibility":"","ast-main-header-display":"","ast-hfb-above-header-display":"","ast-hfb-below-header-display":"","ast-hfb-mobile-header-display":"","site-post-title":"","ast-breadcrumbs-content":"","ast-featured-img":"","footer-sml-layout":"","theme-transparent-header-meta":"default","adv-header-id-meta":"","stick-header-meta":"","header-above-stick-meta":"","header-main-stick-meta":"","header-below-stick-meta":"","astra-migrate-meta-layouts":"set","ast-page-background-enabled":"default","ast-page-background-meta":{"desktop":{"background-color":"","background-image":"","background-repeat":"repeat","background-position":"center center","background-size":"auto","background-attachment":"scroll","background-type":"","background-media":"","overlay-type":"","overlay-color":"","overlay-opacity":"","overlay-gradient":""},"tablet":{"background-color":"","background-image":"","background-repeat":"repeat","background-position":"center center","background-size":"auto","background-attachment":"scroll","background-type":"","background-media":"","overlay-type":"","overlay-color":"","overlay-opacity":"","overlay-gradient":""},"mobile":{"background-color":"","background-image":"","background-repeat":"repeat","background-position":"center center","background-size":"auto","background-attachment":"scroll","background-type":"","background-media":"","overlay-type":"","overlay-color":"","overlay-opacity":"","overlay-gradient":""}},"ast-content-background-meta":{"desktop":{"background-color":"var(--ast-global-color-5)","background-image":"","background-repeat":"repeat","background-position":"center center","background-size":"auto","background-attachment":"scroll","background-type":"","background-media":"","overlay-type":"","overlay-color":"","overlay-opacity":"","overlay-gradient":""},"tablet":{"background-color":"var(--ast-global-color-5)","background-image":"","background-repeat":"repeat","background-position":"center center","background-size":"auto","background-attachment":"scroll","background-type":"","background-media":"","overlay-type":"","overlay-color":"","overlay-opacity":"","overlay-gradient":""},"mobile":{"background-color":"var(--ast-global-color-5)","background-image":"","background-repeat":"repeat","background-position":"center center","background-size":"auto","background-attachment":"scroll","background-type":"","background-media":"","overlay-type":"","overlay-color":"","overlay-opacity":"","overlay-gradient":""}},"_joinchat":[]},"product_brand":[],"product_cat":[48],"product_tag":[],"class_list":{"0":"post-2120","1":"product","2":"type-product","3":"status-publish","4":"has-post-thumbnail","6":"product_cat-shit-thc","7":"desktop-align-left","8":"tablet-align-left","9":"mobile-align-left","11":"first","12":"instock","13":"shipping-taxable","14":"purchasable","15":"product-type-variable"},"yoast_head":"<!-- This site is optimized with the Yoast SEO Premium plugin v24.1 (Yoast SEO v26.8) - https:\/\/yoast.com\/product\/yoast-seo-premium-wordpress\/ -->\n<title>Acheter Ice Hash en Ligne | Ice-O-Lator de Qualit\u00e9 Sup\u00e9rieure<\/title>\n<meta name=\"description\" content=\"Acheter Ice Hash, un concentr\u00e9 de cannabis pur et puissant, fabriqu\u00e9 \u00e0 partir de m\u00e9thodes de tamisage \u00e0 glace. Achetez en ligne avec livraison discr\u00e8te\/rapide\" \/>\n<meta name=\"robots\" content=\"index, follow, max-snippet:-1, max-image-preview:large, max-video-preview:-1\" \/>\n<link rel=\"canonical\" href=\"https:\/\/beuhparadis.com\/sk\/product\/ice-hash\/\" \/>\n<meta property=\"og:locale\" content=\"sk_SK\" \/>\n<meta property=\"og:type\" content=\"article\" \/>\n<meta property=\"og:title\" content=\"Ice Hash\" \/>\n<meta property=\"og:description\" content=\"Acheter Ice Hash, un concentr\u00e9 de cannabis pur et puissant, fabriqu\u00e9 \u00e0 partir de m\u00e9thodes de tamisage \u00e0 glace. Achetez en ligne avec livraison discr\u00e8te\/rapide\" \/>\n<meta property=\"og:url\" content=\"https:\/\/beuhparadis.com\/sk\/product\/ice-hash\/\" \/>\n<meta property=\"og:site_name\" content=\"Beuh Paradis\" \/>\n<meta property=\"article:modified_time\" content=\"2025-01-28T08:33:58+00:00\" \/>\n<meta property=\"og:image\" content=\"https:\/\/beuhparadis.com\/wp-content\/uploads\/2024\/12\/Ice-Hash-2.jpeg\" \/>\n\t<meta property=\"og:image:width\" content=\"247\" \/>\n\t<meta property=\"og:image:height\" content=\"296\" \/>\n\t<meta property=\"og:image:type\" content=\"image\/jpeg\" \/>\n<meta name=\"twitter:card\" content=\"summary_large_image\" \/>\n<meta name=\"twitter:label1\" content=\"Predpokladan\u00fd \u010das \u010d\u00edtania\" \/>\n\t<meta name=\"twitter:data1\" content=\"3 minutes\" \/>\n<script type=\"application\/ld+json\" class=\"yoast-schema-graph\">{\"@context\":\"https:\/\/schema.org\",\"@graph\":[{\"@type\":\"WebPage\",\"@id\":\"https:\/\/beuhparadis.com\/product\/ice-hash\/\",\"url\":\"https:\/\/beuhparadis.com\/product\/ice-hash\/\",\"name\":\"Acheter Ice Hash en Ligne | Ice-O-Lator de Qualit\u00e9 Sup\u00e9rieure\",\"isPartOf\":{\"@id\":\"https:\/\/beuhparadis.com\/#website\"},\"primaryImageOfPage\":{\"@id\":\"https:\/\/beuhparadis.com\/product\/ice-hash\/#primaryimage\"},\"image\":{\"@id\":\"https:\/\/beuhparadis.com\/product\/ice-hash\/#primaryimage\"},\"thumbnailUrl\":\"https:\/\/beuhparadis.com\/wp-content\/uploads\/2024\/12\/Ice-Hash-2.jpeg\",\"datePublished\":\"2024-12-10T23:51:21+00:00\",\"dateModified\":\"2025-01-28T08:33:58+00:00\",\"description\":\"Acheter Ice Hash, un concentr\u00e9 de cannabis pur et puissant, fabriqu\u00e9 \u00e0 partir de m\u00e9thodes de tamisage \u00e0 glace. Achetez en ligne avec livraison discr\u00e8te\/rapide\",\"breadcrumb\":{\"@id\":\"https:\/\/beuhparadis.com\/product\/ice-hash\/#breadcrumb\"},\"inLanguage\":\"sk-SK\",\"potentialAction\":[{\"@type\":\"ReadAction\",\"target\":[\"https:\/\/beuhparadis.com\/product\/ice-hash\/\"]}]},{\"@type\":\"ImageObject\",\"inLanguage\":\"sk-SK\",\"@id\":\"https:\/\/beuhparadis.com\/product\/ice-hash\/#primaryimage\",\"url\":\"https:\/\/beuhparadis.com\/wp-content\/uploads\/2024\/12\/Ice-Hash-2.jpeg\",\"contentUrl\":\"https:\/\/beuhparadis.com\/wp-content\/uploads\/2024\/12\/Ice-Hash-2.jpeg\",\"width\":247,\"height\":296},{\"@type\":\"BreadcrumbList\",\"@id\":\"https:\/\/beuhparadis.com\/product\/ice-hash\/#breadcrumb\",\"itemListElement\":[{\"@type\":\"ListItem\",\"position\":1,\"name\":\"Home\",\"item\":\"https:\/\/beuhparadis.com\/\"},{\"@type\":\"ListItem\",\"position\":2,\"name\":\"Shop\",\"item\":\"https:\/\/beuhparadis.com\/shop\/\"},{\"@type\":\"ListItem\",\"position\":3,\"name\":\"Ice Hash\"}]},{\"@type\":\"WebSite\",\"@id\":\"https:\/\/beuhparadis.com\/#website\",\"url\":\"https:\/\/beuhparadis.com\/\",\"name\":\"Beuh Paradis\",\"description\":\"\",\"potentialAction\":[{\"@type\":\"SearchAction\",\"target\":{\"@type\":\"EntryPoint\",\"urlTemplate\":\"https:\/\/beuhparadis.com\/?s={search_term_string}\"},\"query-input\":{\"@type\":\"PropertyValueSpecification\",\"valueRequired\":true,\"valueName\":\"search_term_string\"}}],\"inLanguage\":\"sk-SK\"}]}<\/script>\n<!-- \/ Yoast SEO Premium plugin. -->","yoast_head_json":{"title":"K\u00fapi\u0165 Ice Hash online | Vysokokvalitn\u00fd Ice-O-Lator","description":"K\u00fapte si Ice Hash, \u010dist\u00fd a siln\u00fd konopn\u00fd koncentr\u00e1t vyroben\u00fd met\u00f3dou sitovania \u013eadu. K\u00fapte online s diskr\u00e9tnym\/r\u00fdchlym doru\u010den\u00edm","robots":{"index":"index","follow":"follow","max-snippet":"max-snippet:-1","max-image-preview":"max-image-preview:large","max-video-preview":"max-video-preview:-1"},"canonical":"https:\/\/beuhparadis.com\/sk\/product\/ice-hash\/","og_locale":"sk_SK","og_type":"article","og_title":"Ice Hash","og_description":"Acheter Ice Hash, un concentr\u00e9 de cannabis pur et puissant, fabriqu\u00e9 \u00e0 partir de m\u00e9thodes de tamisage \u00e0 glace. Achetez en ligne avec livraison discr\u00e8te\/rapide","og_url":"https:\/\/beuhparadis.com\/sk\/product\/ice-hash\/","og_site_name":"Beuh Paradis","article_modified_time":"2025-01-28T08:33:58+00:00","og_image":[{"width":247,"height":296,"url":"https:\/\/beuhparadis.com\/wp-content\/uploads\/2024\/12\/Ice-Hash-2.jpeg","type":"image\/jpeg"}],"twitter_card":"summary_large_image","twitter_misc":{"Predpokladan\u00fd \u010das \u010d\u00edtania":"3 minutes"},"schema":{"@context":"https:\/\/schema.org","@graph":[{"@type":"WebPage","@id":"https:\/\/beuhparadis.com\/product\/ice-hash\/","url":"https:\/\/beuhparadis.com\/product\/ice-hash\/","name":"K\u00fapi\u0165 Ice Hash online | Vysokokvalitn\u00fd Ice-O-Lator","isPartOf":{"@id":"https:\/\/beuhparadis.com\/#website"},"primaryImageOfPage":{"@id":"https:\/\/beuhparadis.com\/product\/ice-hash\/#primaryimage"},"image":{"@id":"https:\/\/beuhparadis.com\/product\/ice-hash\/#primaryimage"},"thumbnailUrl":"https:\/\/beuhparadis.com\/wp-content\/uploads\/2024\/12\/Ice-Hash-2.jpeg","datePublished":"2024-12-10T23:51:21+00:00","dateModified":"2025-01-28T08:33:58+00:00","description":"K\u00fapte si Ice Hash, \u010dist\u00fd a siln\u00fd konopn\u00fd koncentr\u00e1t vyroben\u00fd met\u00f3dou sitovania \u013eadu. K\u00fapte online s diskr\u00e9tnym\/r\u00fdchlym doru\u010den\u00edm","breadcrumb":{"@id":"https:\/\/beuhparadis.com\/product\/ice-hash\/#breadcrumb"},"inLanguage":"sk-SK","potentialAction":[{"@type":"ReadAction","target":["https:\/\/beuhparadis.com\/product\/ice-hash\/"]}]},{"@type":"ImageObject","inLanguage":"sk-SK","@id":"https:\/\/beuhparadis.com\/product\/ice-hash\/#primaryimage","url":"https:\/\/beuhparadis.com\/wp-content\/uploads\/2024\/12\/Ice-Hash-2.jpeg","contentUrl":"https:\/\/beuhparadis.com\/wp-content\/uploads\/2024\/12\/Ice-Hash-2.jpeg","width":247,"height":296},{"@type":"BreadcrumbList","@id":"https:\/\/beuhparadis.com\/product\/ice-hash\/#breadcrumb","itemListElement":[{"@type":"ListItem","position":1,"name":"Home","item":"https:\/\/beuhparadis.com\/"},{"@type":"ListItem","position":2,"name":"Shop","item":"https:\/\/beuhparadis.com\/shop\/"},{"@type":"ListItem","position":3,"name":"Ice Hash"}]},{"@type":"WebSite","@id":"https:\/\/beuhparadis.com\/#website","url":"https:\/\/beuhparadis.com\/","name":"Beuh Paradis","description":"","potentialAction":[{"@type":"SearchAction","target":{"@type":"EntryPoint","urlTemplate":"https:\/\/beuhparadis.com\/?s={search_term_string}"},"query-input":{"@type":"PropertyValueSpecification","valueRequired":true,"valueName":"search_term_string"}}],"inLanguage":"sk-SK"}]}},"_links":{"self":[{"href":"https:\/\/beuhparadis.com\/sk\/wp-json\/wp\/v2\/product\/2120","targetHints":{"allow":["GET"]}}],"collection":[{"href":"https:\/\/beuhparadis.com\/sk\/wp-json\/wp\/v2\/product"}],"about":[{"href":"https:\/\/beuhparadis.com\/sk\/wp-json\/wp\/v2\/types\/product"}],"replies":[{"embeddable":true,"href":"https:\/\/beuhparadis.com\/sk\/wp-json\/wp\/v2\/comments?post=2120"}],"wp:featuredmedia":[{"embeddable":true,"href":"https:\/\/beuhparadis.com\/sk\/wp-json\/wp\/v2\/media\/2146"}],"wp:attachment":[{"href":"https:\/\/beuhparadis.com\/sk\/wp-json\/wp\/v2\/media?parent=2120"}],"wp:term":[{"taxonomy":"product_brand","embeddable":true,"href":"https:\/\/beuhparadis.com\/sk\/wp-json\/wp\/v2\/product_brand?post=2120"},{"taxonomy":"product_cat","embeddable":true,"href":"https:\/\/beuhparadis.com\/sk\/wp-json\/wp\/v2\/product_cat?post=2120"},{"taxonomy":"product_tag","embeddable":true,"href":"https:\/\/beuhparadis.com\/sk\/wp-json\/wp\/v2\/product_tag?post=2120"}],"curies":[{"name":"wp","href":"https:\/\/api.w.org\/{rel}","templated":true}]}}