{"id":2110,"date":"2024-12-10T23:51:12","date_gmt":"2024-12-10T23:51:12","guid":{"rendered":"https:\/\/beuhparadis.com\/?post_type=product&#038;p=2110"},"modified":"2025-01-28T08:48:49","modified_gmt":"2025-01-28T08:48:49","slug":"moroccan-hash","status":"publish","type":"product","link":"https:\/\/beuhparadis.com\/sk\/product\/moroccan-hash\/","title":{"rendered":"Marock\u00fd ha\u0161i\u0161"},"content":{"rendered":"<h1 class=\"wp-block-heading\">K\u00fapi\u0165 Marock\u00fd ha\u0161i\u0161: Nad\u010dasov\u00fd elix\u00edr severnej Afriky<\/h1>\n<p>Marock\u00fd ha\u0161i\u0161 je z\u00e1kladn\u00fdm kame\u0148om konopnej kult\u00fary, ktor\u00fd je zn\u00e1my svojou bohatou hist\u00f3riou, tradi\u010dn\u00fdmi v\u00fdrobn\u00fdmi met\u00f3dami a jedine\u010dnou silou. Po\u010fme spolo\u010dne objavi\u0165 tento skryt\u00fd poklad zo severnej Afriky.<\/p>\n<h2 class=\"wp-block-heading\">V\u00fdroba marockej ha\u0161e<\/h2>\n<ul class=\"wp-block-list\">\n<li>P\u00f4vod pred tis\u00edckami rokov v oblasti Maghrebu.<\/li>\n<li>Pestuje sa z odr\u00f4d konope s vysok\u00fdm obsahom \u017eivice.<\/li>\n<li>Zber, po ktorom nasleduje such\u00e9 preosievanie na oddelenie \u017eivicov\u00fdch trich\u00f3mov.<\/li>\n<li>Trich\u00f3my sa starostlivo lisuj\u00fa, aby sa vytvoril ha\u0161i\u0161.<\/li>\n<\/ul>\n<h2 class=\"wp-block-heading\">THC a CBD<\/h2>\n<ul class=\"wp-block-list\">\n<li>Podiel THC sa v jednotliv\u00fdch odrod\u00e1ch l\u00ed\u0161i a pon\u00faka bohat\u00fd a rozmanit\u00fd z\u00e1\u017eitok.<\/li>\n<li>Obsah CBD zost\u00e1va vo v\u0161eobecnosti n\u00edzky, \u010do zv\u00fdraz\u0148uje psychoakt\u00edvne \u00fa\u010dinky THC bez ich zmiernenia.<\/li>\n<\/ul>\n<h2 class=\"wp-block-heading\">\u00da\u010dinky, v\u00f4\u0148a a chu\u0165<\/h2>\n<h3 class=\"wp-block-heading\">\u00da\u010dinok<\/h3>\n<ul class=\"wp-block-list\">\n<li>Marock\u00fd ha\u0161i\u0161 je zn\u00e1my svoj\u00edm siln\u00fdm, obklopuj\u00facim \u00fa\u010dinkom, ktor\u00fd podporuje hlbok\u00fa relax\u00e1ciu.<\/li>\n<\/ul>\n<h3 class=\"wp-block-heading\">Ar\u00f3ma<\/h3>\n<ul class=\"wp-block-list\">\n<li>Svetl\u00e9 odrody maj\u00fa jemn\u00fa, decentn\u00fa v\u00f4\u0148u, zatia\u013e \u010do \u010dierne odrody maj\u00fa zemit\u00fa, siln\u00fa ar\u00f3mu.<\/li>\n<\/ul>\n<h3 class=\"wp-block-heading\">Chu\u0165<\/h3>\n<ul class=\"wp-block-list\">\n<li>Chu\u0165 sa l\u00ed\u0161i od jemnej a \u013eahkej v pr\u00edpade svetl\u00e9ho ha\u0161i\u0161a po s\u00fdtu a zemit\u00fa v pr\u00edpade \u010dierneho ha\u0161i\u0161a.<\/li>\n<\/ul>\n<h2 class=\"wp-block-heading\">Zdravotn\u00e9 \u00fa\u010dinky<\/h2>\n<h3 class=\"wp-block-heading\">Zdravotn\u00e9 \u00fa\u010dinky<\/h3>\n<ul class=\"wp-block-list\">\n<li>Je zn\u00e1ma svojimi relaxa\u010dn\u00fdmi a upokojuj\u00facimi \u00fa\u010dinkami.<\/li>\n<\/ul>\n<h3 class=\"wp-block-heading\">M\u00f4\u017ee zmierni\u0165<\/h3>\n<ul class=\"wp-block-list\">\n<li>\u00da\u010dinne p\u00f4sob\u00ed proti stresu a \u00fazkosti, podporuje celkov\u00fa pohodu.<\/li>\n<\/ul>\n<h2 class=\"wp-block-heading\">Ako faj\u010di\u0165 ha\u0161i\u0161<\/h2>\n<p>Marock\u00fd ha\u0161i\u0161 sa d\u00e1 konzumova\u0165 r\u00f4znymi sp\u00f4sobmi vr\u00e1tane vapovania, faj\u010denia v jointe alebo mie\u0161ania s tabakom \u010di konopn\u00fdmi kvetmi pre individu\u00e1lny z\u00e1\u017eitok.<\/p>\n<h2 class=\"wp-block-heading\">Kde si m\u00f4\u017eem k\u00fapi\u0165 marock\u00fd ha\u0161i\u0161 online?<\/h2>\n<p>Objavte\u00a0 <a href=\"https:\/\/beuhparadis.com\/sk\/product\/charas-hash\/\">beuhparadis<\/a>Marock\u00fd ha\u0161i\u0161, va\u0161a ob\u013e\u00faben\u00e1 destin\u00e1cia na n\u00e1kup autentick\u00e9ho marock\u00e9ho ha\u0161i\u0161a online s pr\u00eds\u013eubom kvality a diskr\u00e9tnosti.<\/p>\n<h2 class=\"wp-block-heading\">Pre\u010do kupova\u0165 marock\u00fd ha\u0161i\u0161 na Beuhparadis.com?<\/h2>\n<p>Zaviazali sme sa dod\u00e1va\u0165 len ten najkvalitnej\u0161\u00ed marock\u00fd ha\u0161i\u0161 a re\u0161pektova\u0165 osved\u010den\u00e9 trad\u00edcie, aby sme dosiahli autentick\u00fd a uspokojuj\u00faci kanabisov\u00fd z\u00e1\u017eitok.<\/p>\n<h2 class=\"wp-block-heading\">Eur\u00f3pske z\u00e1kony o predaji zna\u010dky Hash<\/h2>\n<p>Hoci sa pr\u00e1vna situ\u00e1cia v jednotliv\u00fdch krajin\u00e1ch l\u00ed\u0161i, v z\u00e1ujme bezpe\u010dnej a leg\u00e1lnej transakcie zabezpe\u010dujeme dodr\u017eiavanie eur\u00f3pskych pr\u00e1vnych predpisov.<\/p>\n<p>Moroccan Hash je viac ako len konopn\u00fd produkt, je to oslava hist\u00f3rie, kult\u00fary a remeselnej zru\u010dnosti. Ke\u010f si vyberiete marock\u00fd ha\u0161i\u0161, ponor\u00edte sa do sveta trad\u00edci\u00ed a bezkonkuren\u010dnej kvality.<\/p>","protected":false},"excerpt":{"rendered":"<p><strong>THC:<\/strong> 28%<\/p>\n<p><strong>Zdravotn\u00e9 \u00fa\u010dinky<\/strong><br \/>\nJe zn\u00e1ma svojimi relaxa\u010dn\u00fdmi a upokojuj\u00facimi \u00fa\u010dinkami.<\/p>","protected":false},"featured_media":2115,"comment_status":"closed","ping_status":"closed","template":"","meta":{"site-sidebar-layout":"default","site-content-layout":"","ast-site-content-layout":"default","site-content-style":"default","site-sidebar-style":"default","ast-global-header-display":"","ast-banner-title-visibility":"","ast-main-header-display":"","ast-hfb-above-header-display":"","ast-hfb-below-header-display":"","ast-hfb-mobile-header-display":"","site-post-title":"","ast-breadcrumbs-content":"","ast-featured-img":"","footer-sml-layout":"","theme-transparent-header-meta":"default","adv-header-id-meta":"","stick-header-meta":"","header-above-stick-meta":"","header-main-stick-meta":"","header-below-stick-meta":"","astra-migrate-meta-layouts":"set","ast-page-background-enabled":"default","ast-page-background-meta":{"desktop":{"background-color":"","background-image":"","background-repeat":"repeat","background-position":"center center","background-size":"auto","background-attachment":"scroll","background-type":"","background-media":"","overlay-type":"","overlay-color":"","overlay-opacity":"","overlay-gradient":""},"tablet":{"background-color":"","background-image":"","background-repeat":"repeat","background-position":"center center","background-size":"auto","background-attachment":"scroll","background-type":"","background-media":"","overlay-type":"","overlay-color":"","overlay-opacity":"","overlay-gradient":""},"mobile":{"background-color":"","background-image":"","background-repeat":"repeat","background-position":"center center","background-size":"auto","background-attachment":"scroll","background-type":"","background-media":"","overlay-type":"","overlay-color":"","overlay-opacity":"","overlay-gradient":""}},"ast-content-background-meta":{"desktop":{"background-color":"var(--ast-global-color-5)","background-image":"","background-repeat":"repeat","background-position":"center center","background-size":"auto","background-attachment":"scroll","background-type":"","background-media":"","overlay-type":"","overlay-color":"","overlay-opacity":"","overlay-gradient":""},"tablet":{"background-color":"var(--ast-global-color-5)","background-image":"","background-repeat":"repeat","background-position":"center center","background-size":"auto","background-attachment":"scroll","background-type":"","background-media":"","overlay-type":"","overlay-color":"","overlay-opacity":"","overlay-gradient":""},"mobile":{"background-color":"var(--ast-global-color-5)","background-image":"","background-repeat":"repeat","background-position":"center center","background-size":"auto","background-attachment":"scroll","background-type":"","background-media":"","overlay-type":"","overlay-color":"","overlay-opacity":"","overlay-gradient":""}},"_joinchat":[]},"product_brand":[],"product_cat":[48],"product_tag":[],"class_list":{"0":"post-2110","1":"product","2":"type-product","3":"status-publish","4":"has-post-thumbnail","6":"product_cat-shit-thc","7":"desktop-align-left","8":"tablet-align-left","9":"mobile-align-left","11":"first","12":"instock","13":"shipping-taxable","14":"purchasable","15":"product-type-variable"},"yoast_head":"<!-- This site is optimized with the Yoast SEO Premium plugin v24.1 (Yoast SEO v26.8) - https:\/\/yoast.com\/product\/yoast-seo-premium-wordpress\/ -->\n<title>Acheter Hash Marocain en Ligne | Qualit\u00e9 Sup\u00e9rieure<\/title>\n<meta name=\"description\" content=\"Acheter hash marocain authentique, fabriqu\u00e9 selon des m\u00e9thodes traditionnelles. Achetez en ligne avec livraison discr\u00e8te et rapide.\" \/>\n<meta name=\"robots\" content=\"index, follow, max-snippet:-1, max-image-preview:large, max-video-preview:-1\" \/>\n<link rel=\"canonical\" href=\"https:\/\/beuhparadis.com\/sk\/product\/moroccan-hash\/\" \/>\n<meta property=\"og:locale\" content=\"sk_SK\" \/>\n<meta property=\"og:type\" content=\"article\" \/>\n<meta property=\"og:title\" content=\"Moroccan Hash\" \/>\n<meta property=\"og:description\" content=\"Acheter hash marocain authentique, fabriqu\u00e9 selon des m\u00e9thodes traditionnelles. Achetez en ligne avec livraison discr\u00e8te et rapide.\" \/>\n<meta property=\"og:url\" content=\"https:\/\/beuhparadis.com\/sk\/product\/moroccan-hash\/\" \/>\n<meta property=\"og:site_name\" content=\"Beuh Paradis\" \/>\n<meta property=\"article:modified_time\" content=\"2025-01-28T08:48:49+00:00\" \/>\n<meta property=\"og:image\" content=\"https:\/\/beuhparadis.com\/wp-content\/uploads\/2024\/12\/Moroccan-Hash-2.jpeg\" \/>\n\t<meta property=\"og:image:width\" content=\"247\" \/>\n\t<meta property=\"og:image:height\" content=\"296\" \/>\n\t<meta property=\"og:image:type\" content=\"image\/jpeg\" \/>\n<meta name=\"twitter:card\" content=\"summary_large_image\" \/>\n<meta name=\"twitter:label1\" content=\"Predpokladan\u00fd \u010das \u010d\u00edtania\" \/>\n\t<meta name=\"twitter:data1\" content=\"2 minutes\" \/>\n<script type=\"application\/ld+json\" class=\"yoast-schema-graph\">{\"@context\":\"https:\/\/schema.org\",\"@graph\":[{\"@type\":\"WebPage\",\"@id\":\"https:\/\/beuhparadis.com\/product\/moroccan-hash\/\",\"url\":\"https:\/\/beuhparadis.com\/product\/moroccan-hash\/\",\"name\":\"Acheter Hash Marocain en Ligne | Qualit\u00e9 Sup\u00e9rieure\",\"isPartOf\":{\"@id\":\"https:\/\/beuhparadis.com\/#website\"},\"primaryImageOfPage\":{\"@id\":\"https:\/\/beuhparadis.com\/product\/moroccan-hash\/#primaryimage\"},\"image\":{\"@id\":\"https:\/\/beuhparadis.com\/product\/moroccan-hash\/#primaryimage\"},\"thumbnailUrl\":\"https:\/\/beuhparadis.com\/wp-content\/uploads\/2024\/12\/Moroccan-Hash-2.jpeg\",\"datePublished\":\"2024-12-10T23:51:12+00:00\",\"dateModified\":\"2025-01-28T08:48:49+00:00\",\"description\":\"Acheter hash marocain authentique, fabriqu\u00e9 selon des m\u00e9thodes traditionnelles. Achetez en ligne avec livraison discr\u00e8te et rapide.\",\"breadcrumb\":{\"@id\":\"https:\/\/beuhparadis.com\/product\/moroccan-hash\/#breadcrumb\"},\"inLanguage\":\"sk-SK\",\"potentialAction\":[{\"@type\":\"ReadAction\",\"target\":[\"https:\/\/beuhparadis.com\/product\/moroccan-hash\/\"]}]},{\"@type\":\"ImageObject\",\"inLanguage\":\"sk-SK\",\"@id\":\"https:\/\/beuhparadis.com\/product\/moroccan-hash\/#primaryimage\",\"url\":\"https:\/\/beuhparadis.com\/wp-content\/uploads\/2024\/12\/Moroccan-Hash-2.jpeg\",\"contentUrl\":\"https:\/\/beuhparadis.com\/wp-content\/uploads\/2024\/12\/Moroccan-Hash-2.jpeg\",\"width\":247,\"height\":296},{\"@type\":\"BreadcrumbList\",\"@id\":\"https:\/\/beuhparadis.com\/product\/moroccan-hash\/#breadcrumb\",\"itemListElement\":[{\"@type\":\"ListItem\",\"position\":1,\"name\":\"Home\",\"item\":\"https:\/\/beuhparadis.com\/\"},{\"@type\":\"ListItem\",\"position\":2,\"name\":\"Shop\",\"item\":\"https:\/\/beuhparadis.com\/shop\/\"},{\"@type\":\"ListItem\",\"position\":3,\"name\":\"Moroccan Hash\"}]},{\"@type\":\"WebSite\",\"@id\":\"https:\/\/beuhparadis.com\/#website\",\"url\":\"https:\/\/beuhparadis.com\/\",\"name\":\"Beuh Paradis\",\"description\":\"\",\"potentialAction\":[{\"@type\":\"SearchAction\",\"target\":{\"@type\":\"EntryPoint\",\"urlTemplate\":\"https:\/\/beuhparadis.com\/?s={search_term_string}\"},\"query-input\":{\"@type\":\"PropertyValueSpecification\",\"valueRequired\":true,\"valueName\":\"search_term_string\"}}],\"inLanguage\":\"sk-SK\"}]}<\/script>\n<!-- \/ Yoast SEO Premium plugin. -->","yoast_head_json":{"title":"K\u00fapi\u0165 marock\u00fa ha\u0161i\u0161 online | Vynikaj\u00faca kvalita","description":"K\u00fapte si prav\u00fd marock\u00fd ha\u0161i\u0161 vyroben\u00fd tradi\u010dn\u00fdmi met\u00f3dami. Nakupujte online s r\u00fdchlym a diskr\u00e9tnym doru\u010den\u00edm.","robots":{"index":"index","follow":"follow","max-snippet":"max-snippet:-1","max-image-preview":"max-image-preview:large","max-video-preview":"max-video-preview:-1"},"canonical":"https:\/\/beuhparadis.com\/sk\/product\/moroccan-hash\/","og_locale":"sk_SK","og_type":"article","og_title":"Moroccan Hash","og_description":"Acheter hash marocain authentique, fabriqu\u00e9 selon des m\u00e9thodes traditionnelles. Achetez en ligne avec livraison discr\u00e8te et rapide.","og_url":"https:\/\/beuhparadis.com\/sk\/product\/moroccan-hash\/","og_site_name":"Beuh Paradis","article_modified_time":"2025-01-28T08:48:49+00:00","og_image":[{"width":247,"height":296,"url":"https:\/\/beuhparadis.com\/wp-content\/uploads\/2024\/12\/Moroccan-Hash-2.jpeg","type":"image\/jpeg"}],"twitter_card":"summary_large_image","twitter_misc":{"Predpokladan\u00fd \u010das \u010d\u00edtania":"2 minutes"},"schema":{"@context":"https:\/\/schema.org","@graph":[{"@type":"WebPage","@id":"https:\/\/beuhparadis.com\/product\/moroccan-hash\/","url":"https:\/\/beuhparadis.com\/product\/moroccan-hash\/","name":"K\u00fapi\u0165 marock\u00fa ha\u0161i\u0161 online | Vynikaj\u00faca kvalita","isPartOf":{"@id":"https:\/\/beuhparadis.com\/#website"},"primaryImageOfPage":{"@id":"https:\/\/beuhparadis.com\/product\/moroccan-hash\/#primaryimage"},"image":{"@id":"https:\/\/beuhparadis.com\/product\/moroccan-hash\/#primaryimage"},"thumbnailUrl":"https:\/\/beuhparadis.com\/wp-content\/uploads\/2024\/12\/Moroccan-Hash-2.jpeg","datePublished":"2024-12-10T23:51:12+00:00","dateModified":"2025-01-28T08:48:49+00:00","description":"K\u00fapte si prav\u00fd marock\u00fd ha\u0161i\u0161 vyroben\u00fd tradi\u010dn\u00fdmi met\u00f3dami. Nakupujte online s r\u00fdchlym a diskr\u00e9tnym doru\u010den\u00edm.","breadcrumb":{"@id":"https:\/\/beuhparadis.com\/product\/moroccan-hash\/#breadcrumb"},"inLanguage":"sk-SK","potentialAction":[{"@type":"ReadAction","target":["https:\/\/beuhparadis.com\/product\/moroccan-hash\/"]}]},{"@type":"ImageObject","inLanguage":"sk-SK","@id":"https:\/\/beuhparadis.com\/product\/moroccan-hash\/#primaryimage","url":"https:\/\/beuhparadis.com\/wp-content\/uploads\/2024\/12\/Moroccan-Hash-2.jpeg","contentUrl":"https:\/\/beuhparadis.com\/wp-content\/uploads\/2024\/12\/Moroccan-Hash-2.jpeg","width":247,"height":296},{"@type":"BreadcrumbList","@id":"https:\/\/beuhparadis.com\/product\/moroccan-hash\/#breadcrumb","itemListElement":[{"@type":"ListItem","position":1,"name":"Home","item":"https:\/\/beuhparadis.com\/"},{"@type":"ListItem","position":2,"name":"Shop","item":"https:\/\/beuhparadis.com\/shop\/"},{"@type":"ListItem","position":3,"name":"Moroccan Hash"}]},{"@type":"WebSite","@id":"https:\/\/beuhparadis.com\/#website","url":"https:\/\/beuhparadis.com\/","name":"Beuh Paradis","description":"","potentialAction":[{"@type":"SearchAction","target":{"@type":"EntryPoint","urlTemplate":"https:\/\/beuhparadis.com\/?s={search_term_string}"},"query-input":{"@type":"PropertyValueSpecification","valueRequired":true,"valueName":"search_term_string"}}],"inLanguage":"sk-SK"}]}},"_links":{"self":[{"href":"https:\/\/beuhparadis.com\/sk\/wp-json\/wp\/v2\/product\/2110","targetHints":{"allow":["GET"]}}],"collection":[{"href":"https:\/\/beuhparadis.com\/sk\/wp-json\/wp\/v2\/product"}],"about":[{"href":"https:\/\/beuhparadis.com\/sk\/wp-json\/wp\/v2\/types\/product"}],"replies":[{"embeddable":true,"href":"https:\/\/beuhparadis.com\/sk\/wp-json\/wp\/v2\/comments?post=2110"}],"wp:featuredmedia":[{"embeddable":true,"href":"https:\/\/beuhparadis.com\/sk\/wp-json\/wp\/v2\/media\/2115"}],"wp:attachment":[{"href":"https:\/\/beuhparadis.com\/sk\/wp-json\/wp\/v2\/media?parent=2110"}],"wp:term":[{"taxonomy":"product_brand","embeddable":true,"href":"https:\/\/beuhparadis.com\/sk\/wp-json\/wp\/v2\/product_brand?post=2110"},{"taxonomy":"product_cat","embeddable":true,"href":"https:\/\/beuhparadis.com\/sk\/wp-json\/wp\/v2\/product_cat?post=2110"},{"taxonomy":"product_tag","embeddable":true,"href":"https:\/\/beuhparadis.com\/sk\/wp-json\/wp\/v2\/product_tag?post=2110"}],"curies":[{"name":"wp","href":"https:\/\/api.w.org\/{rel}","templated":true}]}}