{"id":2105,"date":"2024-12-10T23:51:12","date_gmt":"2024-12-10T23:51:12","guid":{"rendered":"https:\/\/beuhparadis.com\/?post_type=product&#038;p=2105"},"modified":"2025-01-28T08:44:31","modified_gmt":"2025-01-28T08:44:31","slug":"moroccan-primero-hash","status":"publish","type":"product","link":"https:\/\/beuhparadis.com\/sk\/product\/moroccan-primero-hash\/","title":{"rendered":"Marock\u00fd Primero Hash"},"content":{"rendered":"<h1 class=\"wp-block-heading\">K\u00fapi\u0165 Moroccan Primero Hash : The Excellence of Moroccan Hash<\/h1>\n<p>K\u00fapte si Moroccan Primero Hash, konopn\u00fd koncentr\u00e1t, ktor\u00fd znalcov uchv\u00e1ti svojou v\u00fdnimo\u010dnou kvalitou, d\u00f4kladnou v\u00fdrobou a pozoruhodn\u00fdmi \u00fa\u010dinkami.<\/p>\n<h2 class=\"wp-block-heading\">Inform\u00e1cie o marockom Primero Hash<\/h2>\n<ul class=\"wp-block-list\">\n<li>Farba sa men\u00ed od svetlohnedej po tmavohned\u00fa, niekedy so zelenkast\u00fdm n\u00e1dychom.<\/li>\n<li>Vyr\u00e1ba sa z rastl\u00edn konope pestovan\u00fdch po\u010das kr\u00e1tkej sez\u00f3ny, ktor\u00e9 si pri zbere zachov\u00e1vaj\u00fa zelen\u00fa farbu.<\/li>\n<li>Tradi\u010dn\u00fd sp\u00f4sob v\u00fdroby, ktor\u00fd zaru\u010duje vynikaj\u00facu kvalitu.<\/li>\n<\/ul>\n<h2 class=\"wp-block-heading\">THC a CBD<\/h2>\n<ul class=\"wp-block-list\">\n<li>Vysok\u00fd obsah THC, ktor\u00fd zaru\u010duje siln\u00e9 \u00fa\u010dinky.<\/li>\n<li>N\u00edzka koncentr\u00e1cia CBD, ktor\u00e1 zd\u00f4raz\u0148uje psychoakt\u00edvny z\u00e1\u017eitok bez naru\u0161enia du\u0161evnej \u010distoty.<\/li>\n<\/ul>\n<h2 class=\"wp-block-heading\">\u00da\u010dinky, v\u00f4\u0148a a chu\u0165<\/h2>\n<h3 class=\"wp-block-heading\">\u00da\u010dinok<\/h3>\n<ul class=\"wp-block-list\">\n<li>Relaxa\u010dn\u00e9 a euforick\u00e9 \u00fa\u010dinky, ide\u00e1lne na uvo\u013enenie po dlhom dni.<\/li>\n<\/ul>\n<h3 class=\"wp-block-heading\">Ar\u00f3ma<\/h3>\n<ul class=\"wp-block-list\">\n<li>Mierne aromatick\u00e1 a v\u00fdrazn\u00e1 v\u00f4\u0148a, nie korenist\u00e1, znak ha\u0161i\u0161a najvy\u0161\u0161ej kvality.<\/li>\n<\/ul>\n<h3 class=\"wp-block-heading\">Chu\u0165<\/h3>\n<ul class=\"wp-block-list\">\n<li>Jemn\u00e1, \u013eahk\u00e1 chu\u0165 pripom\u00ednaj\u00faca tr\u00e1vu najvy\u0161\u0161ej kvality so sladkos\u0165ou, ktor\u00e1 napln\u00ed hrdlo.<\/li>\n<\/ul>\n<h2 class=\"wp-block-heading\">Zdravotn\u00e9 \u00fa\u010dinky<\/h2>\n<h3 class=\"wp-block-heading\">Zdravotn\u00e9 \u00fa\u010dinky<\/h3>\n<ul class=\"wp-block-list\">\n<li>Relaxa\u010dn\u00e9 a upokojuj\u00face vlastnosti, ktor\u00e9 prispievaj\u00fa k pocitu pohody.<\/li>\n<\/ul>\n<h3 class=\"wp-block-heading\">M\u00f4\u017ee zmierni\u0165<\/h3>\n<ul class=\"wp-block-list\">\n<li>Zvl\u00e1\u0161\u0165 \u00fa\u010dinn\u00fd proti stresu, \u00fazkosti a poruch\u00e1m sp\u00e1nku, podporuje relax\u00e1ciu a pokojn\u00fd sp\u00e1nok.<\/li>\n<\/ul>\n<h2 class=\"wp-block-heading\">Ako faj\u010di\u0165 ha\u0161i\u0161<\/h2>\n<p>Moroccan Primero Hash si m\u00f4\u017eete vychutna\u0165 r\u00f4znymi sp\u00f4sobmi, \u010di u\u017e faj\u010di\u0165 \u010dist\u00fa, zmie\u0161an\u00fa s tabakom na joint alebo vaporizovan\u00fa pre hlad\u0161\u00ed a \u010distej\u0161\u00ed z\u00e1\u017eitok.<\/p>\n<h2 class=\"wp-block-heading\">Kde si m\u00f4\u017eem k\u00fapi\u0165 Moroccan Primero Hash online?<\/h2>\n<p>Nav\u0161t\u00edvte str\u00e1nku <a href=\"https:\/\/beuhparadis.com\/sk\/product\/apple-jack\/\">Beuhparadis<\/a> z\u00edska\u0165 autentick\u00fd marock\u00fd Primero Hash najvy\u0161\u0161ej kvality, ktor\u00fd v\u00e1m diskr\u00e9tne doru\u010dia a\u017e domov.<\/p>\n<h2 class=\"wp-block-heading\">Pre\u010do k\u00fapi\u0165 Moroccan Primero Hash na Acheterducannabis.fr?<\/h2>\n<p>Pon\u00fakame len t\u00fa najkvalitnej\u0161iu marock\u00fa ko\u017eu Primero Hash, pri\u010dom pou\u017e\u00edvame tradi\u010dn\u00e9 v\u00fdrobn\u00e9 met\u00f3dy, aby sme na\u0161im z\u00e1kazn\u00edkom zabezpe\u010dili jedine\u010dn\u00fd z\u00e1\u017eitok.<\/p>\n<h2 class=\"wp-block-heading\">Eur\u00f3pske z\u00e1kony o predaji zna\u010dky Hash<\/h2>\n<p>Pracujeme v \u00faplnom s\u00falade s eur\u00f3pskymi z\u00e1konmi, \u010d\u00edm zaru\u010dujeme bezpe\u010dn\u00fd a leg\u00e1lny n\u00e1kup pre v\u0161etk\u00fdch na\u0161ich z\u00e1kazn\u00edkov, ktor\u00ed chc\u00fa vyu\u017e\u00edva\u0165 v\u00fdhody marock\u00e9ho ha\u0161i\u0161a.<\/p>\n<p>Moroccan Primero Hash je ide\u00e1lnou vo\u013ebou pre milovn\u00edkov ha\u0161i\u0161a, ktor\u00ed h\u013eadaj\u00fa \u0161pi\u010dkov\u00fa kvalitu, siln\u00e9 \u00fa\u010dinky a autentick\u00fd z\u00e1\u017eitok. V\u010faka svojej jemnosti, jemnej ar\u00f3me a relaxa\u010dn\u00fdm \u00fa\u010dinkom je nevyhnutnos\u0165ou pre t\u00fdch, ktor\u00ed oce\u0148uj\u00fa konope v jeho najrafinovanej\u0161ej podobe.<\/p>","protected":false},"excerpt":{"rendered":"<p><strong>THC:<\/strong> 18%<\/p>\n<p><strong>Zdravotn\u00e9 \u00fa\u010dinky<\/strong><br \/>\nRelaxa\u010dn\u00e9 a upokojuj\u00face vlastnosti, ktor\u00e9 prispievaj\u00fa k pocitu pohody.<\/p>","protected":false},"featured_media":2114,"comment_status":"closed","ping_status":"closed","template":"","meta":{"site-sidebar-layout":"default","site-content-layout":"","ast-site-content-layout":"default","site-content-style":"default","site-sidebar-style":"default","ast-global-header-display":"","ast-banner-title-visibility":"","ast-main-header-display":"","ast-hfb-above-header-display":"","ast-hfb-below-header-display":"","ast-hfb-mobile-header-display":"","site-post-title":"","ast-breadcrumbs-content":"","ast-featured-img":"","footer-sml-layout":"","theme-transparent-header-meta":"default","adv-header-id-meta":"","stick-header-meta":"","header-above-stick-meta":"","header-main-stick-meta":"","header-below-stick-meta":"","astra-migrate-meta-layouts":"set","ast-page-background-enabled":"default","ast-page-background-meta":{"desktop":{"background-color":"","background-image":"","background-repeat":"repeat","background-position":"center center","background-size":"auto","background-attachment":"scroll","background-type":"","background-media":"","overlay-type":"","overlay-color":"","overlay-opacity":"","overlay-gradient":""},"tablet":{"background-color":"","background-image":"","background-repeat":"repeat","background-position":"center center","background-size":"auto","background-attachment":"scroll","background-type":"","background-media":"","overlay-type":"","overlay-color":"","overlay-opacity":"","overlay-gradient":""},"mobile":{"background-color":"","background-image":"","background-repeat":"repeat","background-position":"center center","background-size":"auto","background-attachment":"scroll","background-type":"","background-media":"","overlay-type":"","overlay-color":"","overlay-opacity":"","overlay-gradient":""}},"ast-content-background-meta":{"desktop":{"background-color":"var(--ast-global-color-5)","background-image":"","background-repeat":"repeat","background-position":"center center","background-size":"auto","background-attachment":"scroll","background-type":"","background-media":"","overlay-type":"","overlay-color":"","overlay-opacity":"","overlay-gradient":""},"tablet":{"background-color":"var(--ast-global-color-5)","background-image":"","background-repeat":"repeat","background-position":"center center","background-size":"auto","background-attachment":"scroll","background-type":"","background-media":"","overlay-type":"","overlay-color":"","overlay-opacity":"","overlay-gradient":""},"mobile":{"background-color":"var(--ast-global-color-5)","background-image":"","background-repeat":"repeat","background-position":"center center","background-size":"auto","background-attachment":"scroll","background-type":"","background-media":"","overlay-type":"","overlay-color":"","overlay-opacity":"","overlay-gradient":""}},"_joinchat":[]},"product_brand":[],"product_cat":[48],"product_tag":[],"class_list":{"0":"post-2105","1":"product","2":"type-product","3":"status-publish","4":"has-post-thumbnail","6":"product_cat-shit-thc","7":"desktop-align-left","8":"tablet-align-left","9":"mobile-align-left","11":"first","12":"instock","13":"shipping-taxable","14":"purchasable","15":"product-type-variable"},"yoast_head":"<!-- This site is optimized with the Yoast SEO Premium plugin v24.1 (Yoast SEO v26.8) - https:\/\/yoast.com\/product\/yoast-seo-premium-wordpress\/ -->\n<title>Acheter Moroccan Primero Hash | Hash Marocain Premium<\/title>\n<meta name=\"description\" content=\"Acheter Moroccan Primero Hash en ligne \u2013 hash marocain premium, riche en saveurs. Livraison discr\u00e8te et rapide. Parfait pour les connaisseurs.\" \/>\n<meta name=\"robots\" content=\"index, follow, max-snippet:-1, max-image-preview:large, max-video-preview:-1\" \/>\n<link rel=\"canonical\" href=\"https:\/\/beuhparadis.com\/sk\/product\/moroccan-primero-hash\/\" \/>\n<meta property=\"og:locale\" content=\"sk_SK\" \/>\n<meta property=\"og:type\" content=\"article\" \/>\n<meta property=\"og:title\" content=\"Moroccan Primero Hash\" \/>\n<meta property=\"og:description\" content=\"Acheter Moroccan Primero Hash en ligne \u2013 hash marocain premium, riche en saveurs. Livraison discr\u00e8te et rapide. Parfait pour les connaisseurs.\" \/>\n<meta property=\"og:url\" content=\"https:\/\/beuhparadis.com\/sk\/product\/moroccan-primero-hash\/\" \/>\n<meta property=\"og:site_name\" content=\"Beuh Paradis\" \/>\n<meta property=\"article:modified_time\" content=\"2025-01-28T08:44:31+00:00\" \/>\n<meta property=\"og:image\" content=\"https:\/\/beuhparadis.com\/wp-content\/uploads\/2024\/12\/Moroccan-Primero-Hash-2.jpeg\" \/>\n\t<meta property=\"og:image:width\" content=\"247\" \/>\n\t<meta property=\"og:image:height\" content=\"296\" \/>\n\t<meta property=\"og:image:type\" content=\"image\/jpeg\" \/>\n<meta name=\"twitter:card\" content=\"summary_large_image\" \/>\n<meta name=\"twitter:label1\" content=\"Predpokladan\u00fd \u010das \u010d\u00edtania\" \/>\n\t<meta name=\"twitter:data1\" content=\"2 minutes\" \/>\n<script type=\"application\/ld+json\" class=\"yoast-schema-graph\">{\"@context\":\"https:\/\/schema.org\",\"@graph\":[{\"@type\":\"WebPage\",\"@id\":\"https:\/\/beuhparadis.com\/product\/moroccan-primero-hash\/\",\"url\":\"https:\/\/beuhparadis.com\/product\/moroccan-primero-hash\/\",\"name\":\"Acheter Moroccan Primero Hash | Hash Marocain Premium\",\"isPartOf\":{\"@id\":\"https:\/\/beuhparadis.com\/#website\"},\"primaryImageOfPage\":{\"@id\":\"https:\/\/beuhparadis.com\/product\/moroccan-primero-hash\/#primaryimage\"},\"image\":{\"@id\":\"https:\/\/beuhparadis.com\/product\/moroccan-primero-hash\/#primaryimage\"},\"thumbnailUrl\":\"https:\/\/beuhparadis.com\/wp-content\/uploads\/2024\/12\/Moroccan-Primero-Hash-2.jpeg\",\"datePublished\":\"2024-12-10T23:51:12+00:00\",\"dateModified\":\"2025-01-28T08:44:31+00:00\",\"description\":\"Acheter Moroccan Primero Hash en ligne \u2013 hash marocain premium, riche en saveurs. Livraison discr\u00e8te et rapide. Parfait pour les connaisseurs.\",\"breadcrumb\":{\"@id\":\"https:\/\/beuhparadis.com\/product\/moroccan-primero-hash\/#breadcrumb\"},\"inLanguage\":\"sk-SK\",\"potentialAction\":[{\"@type\":\"ReadAction\",\"target\":[\"https:\/\/beuhparadis.com\/product\/moroccan-primero-hash\/\"]}]},{\"@type\":\"ImageObject\",\"inLanguage\":\"sk-SK\",\"@id\":\"https:\/\/beuhparadis.com\/product\/moroccan-primero-hash\/#primaryimage\",\"url\":\"https:\/\/beuhparadis.com\/wp-content\/uploads\/2024\/12\/Moroccan-Primero-Hash-2.jpeg\",\"contentUrl\":\"https:\/\/beuhparadis.com\/wp-content\/uploads\/2024\/12\/Moroccan-Primero-Hash-2.jpeg\",\"width\":247,\"height\":296},{\"@type\":\"BreadcrumbList\",\"@id\":\"https:\/\/beuhparadis.com\/product\/moroccan-primero-hash\/#breadcrumb\",\"itemListElement\":[{\"@type\":\"ListItem\",\"position\":1,\"name\":\"Home\",\"item\":\"https:\/\/beuhparadis.com\/\"},{\"@type\":\"ListItem\",\"position\":2,\"name\":\"Shop\",\"item\":\"https:\/\/beuhparadis.com\/shop\/\"},{\"@type\":\"ListItem\",\"position\":3,\"name\":\"Moroccan Primero Hash\"}]},{\"@type\":\"WebSite\",\"@id\":\"https:\/\/beuhparadis.com\/#website\",\"url\":\"https:\/\/beuhparadis.com\/\",\"name\":\"Beuh Paradis\",\"description\":\"\",\"potentialAction\":[{\"@type\":\"SearchAction\",\"target\":{\"@type\":\"EntryPoint\",\"urlTemplate\":\"https:\/\/beuhparadis.com\/?s={search_term_string}\"},\"query-input\":{\"@type\":\"PropertyValueSpecification\",\"valueRequired\":true,\"valueName\":\"search_term_string\"}}],\"inLanguage\":\"sk-SK\"}]}<\/script>\n<!-- \/ Yoast SEO Premium plugin. -->","yoast_head_json":{"title":"K\u00fapi\u0165 Moroccan Primero Hash | Premium Moroccan Hash","description":"K\u00fapte si marock\u00fd ha\u0161i\u0161 Primero online - pr\u00e9miov\u00fd marock\u00fd ha\u0161i\u0161 bohatej chuti. R\u00fdchle a diskr\u00e9tne doru\u010denie. Ide\u00e1lne pre znalcov.","robots":{"index":"index","follow":"follow","max-snippet":"max-snippet:-1","max-image-preview":"max-image-preview:large","max-video-preview":"max-video-preview:-1"},"canonical":"https:\/\/beuhparadis.com\/sk\/product\/moroccan-primero-hash\/","og_locale":"sk_SK","og_type":"article","og_title":"Moroccan Primero Hash","og_description":"Acheter Moroccan Primero Hash en ligne \u2013 hash marocain premium, riche en saveurs. Livraison discr\u00e8te et rapide. Parfait pour les connaisseurs.","og_url":"https:\/\/beuhparadis.com\/sk\/product\/moroccan-primero-hash\/","og_site_name":"Beuh Paradis","article_modified_time":"2025-01-28T08:44:31+00:00","og_image":[{"width":247,"height":296,"url":"https:\/\/beuhparadis.com\/wp-content\/uploads\/2024\/12\/Moroccan-Primero-Hash-2.jpeg","type":"image\/jpeg"}],"twitter_card":"summary_large_image","twitter_misc":{"Predpokladan\u00fd \u010das \u010d\u00edtania":"2 minutes"},"schema":{"@context":"https:\/\/schema.org","@graph":[{"@type":"WebPage","@id":"https:\/\/beuhparadis.com\/product\/moroccan-primero-hash\/","url":"https:\/\/beuhparadis.com\/product\/moroccan-primero-hash\/","name":"K\u00fapi\u0165 Moroccan Primero Hash | Premium Moroccan Hash","isPartOf":{"@id":"https:\/\/beuhparadis.com\/#website"},"primaryImageOfPage":{"@id":"https:\/\/beuhparadis.com\/product\/moroccan-primero-hash\/#primaryimage"},"image":{"@id":"https:\/\/beuhparadis.com\/product\/moroccan-primero-hash\/#primaryimage"},"thumbnailUrl":"https:\/\/beuhparadis.com\/wp-content\/uploads\/2024\/12\/Moroccan-Primero-Hash-2.jpeg","datePublished":"2024-12-10T23:51:12+00:00","dateModified":"2025-01-28T08:44:31+00:00","description":"K\u00fapte si marock\u00fd ha\u0161i\u0161 Primero online - pr\u00e9miov\u00fd marock\u00fd ha\u0161i\u0161 bohatej chuti. R\u00fdchle a diskr\u00e9tne doru\u010denie. Ide\u00e1lne pre znalcov.","breadcrumb":{"@id":"https:\/\/beuhparadis.com\/product\/moroccan-primero-hash\/#breadcrumb"},"inLanguage":"sk-SK","potentialAction":[{"@type":"ReadAction","target":["https:\/\/beuhparadis.com\/product\/moroccan-primero-hash\/"]}]},{"@type":"ImageObject","inLanguage":"sk-SK","@id":"https:\/\/beuhparadis.com\/product\/moroccan-primero-hash\/#primaryimage","url":"https:\/\/beuhparadis.com\/wp-content\/uploads\/2024\/12\/Moroccan-Primero-Hash-2.jpeg","contentUrl":"https:\/\/beuhparadis.com\/wp-content\/uploads\/2024\/12\/Moroccan-Primero-Hash-2.jpeg","width":247,"height":296},{"@type":"BreadcrumbList","@id":"https:\/\/beuhparadis.com\/product\/moroccan-primero-hash\/#breadcrumb","itemListElement":[{"@type":"ListItem","position":1,"name":"Home","item":"https:\/\/beuhparadis.com\/"},{"@type":"ListItem","position":2,"name":"Shop","item":"https:\/\/beuhparadis.com\/shop\/"},{"@type":"ListItem","position":3,"name":"Moroccan Primero Hash"}]},{"@type":"WebSite","@id":"https:\/\/beuhparadis.com\/#website","url":"https:\/\/beuhparadis.com\/","name":"Beuh Paradis","description":"","potentialAction":[{"@type":"SearchAction","target":{"@type":"EntryPoint","urlTemplate":"https:\/\/beuhparadis.com\/?s={search_term_string}"},"query-input":{"@type":"PropertyValueSpecification","valueRequired":true,"valueName":"search_term_string"}}],"inLanguage":"sk-SK"}]}},"_links":{"self":[{"href":"https:\/\/beuhparadis.com\/sk\/wp-json\/wp\/v2\/product\/2105","targetHints":{"allow":["GET"]}}],"collection":[{"href":"https:\/\/beuhparadis.com\/sk\/wp-json\/wp\/v2\/product"}],"about":[{"href":"https:\/\/beuhparadis.com\/sk\/wp-json\/wp\/v2\/types\/product"}],"replies":[{"embeddable":true,"href":"https:\/\/beuhparadis.com\/sk\/wp-json\/wp\/v2\/comments?post=2105"}],"wp:featuredmedia":[{"embeddable":true,"href":"https:\/\/beuhparadis.com\/sk\/wp-json\/wp\/v2\/media\/2114"}],"wp:attachment":[{"href":"https:\/\/beuhparadis.com\/sk\/wp-json\/wp\/v2\/media?parent=2105"}],"wp:term":[{"taxonomy":"product_brand","embeddable":true,"href":"https:\/\/beuhparadis.com\/sk\/wp-json\/wp\/v2\/product_brand?post=2105"},{"taxonomy":"product_cat","embeddable":true,"href":"https:\/\/beuhparadis.com\/sk\/wp-json\/wp\/v2\/product_cat?post=2105"},{"taxonomy":"product_tag","embeddable":true,"href":"https:\/\/beuhparadis.com\/sk\/wp-json\/wp\/v2\/product_tag?post=2105"}],"curies":[{"name":"wp","href":"https:\/\/api.w.org\/{rel}","templated":true}]}}