{"id":2100,"date":"2024-12-10T23:51:12","date_gmt":"2024-12-10T23:51:12","guid":{"rendered":"https:\/\/beuhparadis.com\/?post_type=product&#038;p=2100"},"modified":"2025-01-28T08:35:57","modified_gmt":"2025-01-28T08:35:57","slug":"moroccan-slate-hash","status":"publish","type":"product","link":"https:\/\/beuhparadis.com\/sk\/product\/moroccan-slate-hash\/","title":{"rendered":"Marock\u00e1 bridlicov\u00e1 ka\u0161a"},"content":{"rendered":"<h1 class=\"wp-block-heading\">K\u00fapi\u0165 Marock\u00e1 bridlica Hash<\/h1>\n<p>Moroccan Slate Hash je vysoko cenen\u00e1 odroda ha\u0161i\u0161a z Maroka, ktor\u00e1 je zn\u00e1ma svojou vynikaj\u00facou kvalitou a relaxa\u010dn\u00fdmi \u00fa\u010dinkami. Produkt sa komer\u010dne pestoval v Maroku predt\u00fdm, ako sa za\u010dal vyv\u00e1\u017ea\u0165 do in\u00fdch kraj\u00edn. Objavte jedine\u010dn\u00e9 vlastnosti, v\u010faka ktor\u00fdm je Moroccan Slate Hash ob\u013e\u00fabenou vo\u013ebou medzi konzumentmi konope.<\/p>\n<h2 class=\"wp-block-heading\">Inform\u00e1cie o marockej bridlici Hash<\/h2>\n<ul class=\"wp-block-list\">\n<li><strong>P\u00f4vod<\/strong> Pestuje sa komer\u010dne v Maroku.<\/li>\n<li><strong>Farba<\/strong> Zvonka zelen\u00e1 a zvn\u00fatra hned\u00e1, \u010do odr\u00e1\u017ea farbu rastliny konope.<\/li>\n<li><strong>Ar\u00f3ma<\/strong> Aromatick\u00e1 a jemn\u00e1.<\/li>\n<li><strong>Chu\u0165<\/strong> Je aromatickej\u0161\u00ed a v\u00fdraznej\u0161\u00ed ako in\u00e9 druhy ha\u0161i\u0161a.<\/li>\n<li><strong>Konzistentnos\u0165<\/strong> L\u00ed\u0161i sa v z\u00e1vislosti od druhu buriny a v\u00fdrobn\u00e9ho procesu.<\/li>\n<li><strong>Hmotnos\u0165<\/strong> : L\u00e9ger.<\/li>\n<li><strong>Odrody<\/strong> Obsahuje pe\u013e, sputnik a zero zero, ka\u017ed\u00fd s inou \u0161trukt\u00farou a konzistenciou.<\/li>\n<\/ul>\n<h2 class=\"wp-block-heading\">THC a CBD<\/h2>\n<ul class=\"wp-block-list\">\n<li><strong>THC :<\/strong> Koncentr\u00e1cie 10 a\u017e 11%, ktor\u00e9 pon\u00fakaj\u00fa stredn\u00fd v\u00fdkon.<\/li>\n<li><strong>CBD :<\/strong> Konkr\u00e9tne inform\u00e1cie o CBD sa neuv\u00e1dzaj\u00fa, d\u00f4raz sa kladie na mierne \u00fa\u010dinky THC.<\/li>\n<\/ul>\n<h2 class=\"wp-block-heading\">\u00da\u010dinky, v\u00f4\u0148a a chu\u0165<\/h2>\n<h3 class=\"wp-block-heading\">\u00da\u010dinok<\/h3>\n<p>Marock\u00e1 bridlica Hash pon\u00faka \u013eahk\u00fa silu, vyvol\u00e1va pocity ospalosti a hlbokej relax\u00e1cie bez toho, aby bola pr\u00edli\u0161 siln\u00e1.<\/p>\n<h3 class=\"wp-block-heading\">Ar\u00f3ma<\/h3>\n<p>Jeho v\u00f4\u0148a je jemn\u00e1 a aromatick\u00e1, \u010do prispieva k pr\u00edjemn\u00e9mu z\u00e1\u017eitku z faj\u010denia.<\/p>\n<h3 class=\"wp-block-heading\">Chu\u0165<\/h3>\n<p>Chu\u0165 marock\u00e9ho ha\u0161i\u0161a je v\u00fdrazne pikantn\u00e1 a chu\u0165ovo prevy\u0161uje in\u00e9 druhy ha\u0161i\u0161a.<\/p>\n<h2 class=\"wp-block-heading\">Zdravotn\u00e9 \u00fa\u010dinky<\/h2>\n<h3 class=\"wp-block-heading\">Zdravotn\u00e9 \u00fa\u010dinky<\/h3>\n<ul class=\"wp-block-list\">\n<li>Mierne sedat\u00edvne \u00fa\u010dinky.<\/li>\n<li>Pocit uvo\u013enenia.<\/li>\n<\/ul>\n<h3 class=\"wp-block-heading\">M\u00f4\u017ee zmierni\u0165<\/h3>\n<ul class=\"wp-block-list\">\n<li>Stres.<\/li>\n<li>Svalov\u00e9 nap\u00e4tie.<\/li>\n<li>Nespavos\u0165.<\/li>\n<\/ul>\n<h2 class=\"wp-block-heading\">Ako faj\u010di\u0165 ha\u0161i\u0161<\/h2>\n<p>Marock\u00fa bridlicu mo\u017eno konzumova\u0165 r\u00f4znymi sp\u00f4sobmi: faj\u010di\u0165 v bongoch, jointoch, odparova\u0165 alebo po\u017e\u00edva\u0165 \u00fastne na lie\u010debn\u00e9 \u00fa\u010dely. Je ve\u013emi d\u00f4le\u017eit\u00e9 tento produkt nikdy nadmerne neu\u017e\u00edva\u0165.<\/p>\n<h2 class=\"wp-block-heading\">Kde si m\u00f4\u017eem k\u00fapi\u0165 marock\u00fa bridlicu Hash online?<\/h2>\n<p>Moroccan Slate Hash je k dispoz\u00edcii na Acheterducannabis.fr, kde pon\u00faka autentick\u00fd, jedine\u010dn\u00fd a bezpe\u010dn\u00fd produkt. Objavte r\u00f4zne druhy marock\u00e9ho ha\u0161i\u0161a za dostupn\u00e9 ceny.<\/p>\n<h2 class=\"wp-block-heading\">Pre\u010do si k\u00fapi\u0165 Hash Moroccan Slate od Acheterducannabis.fr?<\/h2>\n<p><a href=\"https:\/\/beuhparadis.com\/sk\/product\/charas-hash\/\">Beuhparadis<\/a> sa zaviazala poskytova\u0165 v\u00fdrobky z marock\u00e9ho ha\u0161i\u0161a najvy\u0161\u0161ej kvality a zaru\u010di\u0165 optim\u00e1lny pou\u017e\u00edvate\u013esk\u00fd z\u00e1\u017eitok v\u010faka \u010dist\u00fdm, \u010derstv\u00fdm a jedine\u010dn\u00fdm produktom.<\/p>\n<h2 class=\"wp-block-heading\">Vl\u00e1dne z\u00e1kony o predaji zna\u010dky Hash v Eur\u00f3pe<\/h2>\n<p>Predaj ha\u0161i\u0161a vr\u00e1tane marock\u00e9ho bridlicov\u00e9ho ha\u0161i\u0161a je v Eur\u00f3pe regulovan\u00fd. N\u00e1kup na Acheterducannabis.fr zaru\u010duje s\u00falad s miestnymi z\u00e1konmi a umo\u017e\u0148uje eur\u00f3pskym spotrebite\u013eom leg\u00e1lne a bezpe\u010dn\u00e9 nadobudnutie ha\u0161i\u0161a.<\/p>\n<p>Moroccan Slate Hash sa vyzna\u010duje miernou silou, pr\u00edjemnou ar\u00f3mou a relaxa\u010dn\u00fdmi \u00fa\u010dinkami, tak\u017ee je ide\u00e1lnou vo\u013ebou pre nad\u0161encov konope, ktor\u00ed h\u013eadaj\u00fa mierny, ale uspokojiv\u00fd z\u00e1\u017eitok. \u010ci u\u017e si chcete odd\u00fdchnu\u0165 po dlhom dni alebo si chcete \u013eahko u\u013eavi\u0165 od bolest\u00ed, Moroccan Slate Hash pon\u00faka prirodzen\u00e9 a pr\u00edjemn\u00e9 rie\u0161enie.<\/p>","protected":false},"excerpt":{"rendered":"<p><strong>THC: <\/strong>45%<\/p>\n<p><strong>Zdravotn\u00e9 \u00fa\u010dinky<\/strong><\/p>\n<ul class=\"wp-block-list\">\n<li>Mierne sedat\u00edvne \u00fa\u010dinky.<\/li>\n<li>Pocit uvo\u013enenia.<\/li>\n<\/ul>","protected":false},"featured_media":2113,"comment_status":"closed","ping_status":"closed","template":"","meta":{"site-sidebar-layout":"default","site-content-layout":"","ast-site-content-layout":"default","site-content-style":"default","site-sidebar-style":"default","ast-global-header-display":"","ast-banner-title-visibility":"","ast-main-header-display":"","ast-hfb-above-header-display":"","ast-hfb-below-header-display":"","ast-hfb-mobile-header-display":"","site-post-title":"","ast-breadcrumbs-content":"","ast-featured-img":"","footer-sml-layout":"","theme-transparent-header-meta":"default","adv-header-id-meta":"","stick-header-meta":"","header-above-stick-meta":"","header-main-stick-meta":"","header-below-stick-meta":"","astra-migrate-meta-layouts":"set","ast-page-background-enabled":"default","ast-page-background-meta":{"desktop":{"background-color":"","background-image":"","background-repeat":"repeat","background-position":"center center","background-size":"auto","background-attachment":"scroll","background-type":"","background-media":"","overlay-type":"","overlay-color":"","overlay-opacity":"","overlay-gradient":""},"tablet":{"background-color":"","background-image":"","background-repeat":"repeat","background-position":"center center","background-size":"auto","background-attachment":"scroll","background-type":"","background-media":"","overlay-type":"","overlay-color":"","overlay-opacity":"","overlay-gradient":""},"mobile":{"background-color":"","background-image":"","background-repeat":"repeat","background-position":"center center","background-size":"auto","background-attachment":"scroll","background-type":"","background-media":"","overlay-type":"","overlay-color":"","overlay-opacity":"","overlay-gradient":""}},"ast-content-background-meta":{"desktop":{"background-color":"var(--ast-global-color-5)","background-image":"","background-repeat":"repeat","background-position":"center center","background-size":"auto","background-attachment":"scroll","background-type":"","background-media":"","overlay-type":"","overlay-color":"","overlay-opacity":"","overlay-gradient":""},"tablet":{"background-color":"var(--ast-global-color-5)","background-image":"","background-repeat":"repeat","background-position":"center center","background-size":"auto","background-attachment":"scroll","background-type":"","background-media":"","overlay-type":"","overlay-color":"","overlay-opacity":"","overlay-gradient":""},"mobile":{"background-color":"var(--ast-global-color-5)","background-image":"","background-repeat":"repeat","background-position":"center center","background-size":"auto","background-attachment":"scroll","background-type":"","background-media":"","overlay-type":"","overlay-color":"","overlay-opacity":"","overlay-gradient":""}},"_joinchat":[]},"product_brand":[],"product_cat":[48],"product_tag":[],"class_list":{"0":"post-2100","1":"product","2":"type-product","3":"status-publish","4":"has-post-thumbnail","6":"product_cat-shit-thc","7":"desktop-align-left","8":"tablet-align-left","9":"mobile-align-left","11":"first","12":"instock","13":"shipping-taxable","14":"purchasable","15":"product-type-variable"},"yoast_head":"<!-- This site is optimized with the Yoast SEO Premium plugin v24.1 (Yoast SEO v26.8) - https:\/\/yoast.com\/product\/yoast-seo-premium-wordpress\/ -->\n<title>Acheter Moroccan Slate Hash | Hash Marocain en Slate Premium<\/title>\n<meta name=\"description\" content=\"Acheter Moroccan Slate Hash, un hash marocain traditionnel press\u00e9 en plaques, connu pour sa texture unique et ses ar\u00f4mes riches. Achetez en ligne avec livraison discr\u00e8te et rapide.\" \/>\n<meta name=\"robots\" content=\"index, follow, max-snippet:-1, max-image-preview:large, max-video-preview:-1\" \/>\n<link rel=\"canonical\" href=\"https:\/\/beuhparadis.com\/sk\/product\/moroccan-slate-hash\/\" \/>\n<meta property=\"og:locale\" content=\"sk_SK\" \/>\n<meta property=\"og:type\" content=\"article\" \/>\n<meta property=\"og:title\" content=\"Moroccan Slate Hash\" \/>\n<meta property=\"og:description\" content=\"Acheter Moroccan Slate Hash, un hash marocain traditionnel press\u00e9 en plaques, connu pour sa texture unique et ses ar\u00f4mes riches. Achetez en ligne avec livraison discr\u00e8te et rapide.\" \/>\n<meta property=\"og:url\" content=\"https:\/\/beuhparadis.com\/sk\/product\/moroccan-slate-hash\/\" \/>\n<meta property=\"og:site_name\" content=\"Beuh Paradis\" \/>\n<meta property=\"article:modified_time\" content=\"2025-01-28T08:35:57+00:00\" \/>\n<meta property=\"og:image\" content=\"https:\/\/beuhparadis.com\/wp-content\/uploads\/2024\/12\/Moroccan-Slate-Hash-2.jpeg\" \/>\n\t<meta property=\"og:image:width\" content=\"247\" \/>\n\t<meta property=\"og:image:height\" content=\"296\" \/>\n\t<meta property=\"og:image:type\" content=\"image\/jpeg\" \/>\n<meta name=\"twitter:card\" content=\"summary_large_image\" \/>\n<meta name=\"twitter:label1\" content=\"Predpokladan\u00fd \u010das \u010d\u00edtania\" \/>\n\t<meta name=\"twitter:data1\" content=\"3 minutes\" \/>\n<script type=\"application\/ld+json\" class=\"yoast-schema-graph\">{\"@context\":\"https:\/\/schema.org\",\"@graph\":[{\"@type\":\"WebPage\",\"@id\":\"https:\/\/beuhparadis.com\/product\/moroccan-slate-hash\/\",\"url\":\"https:\/\/beuhparadis.com\/product\/moroccan-slate-hash\/\",\"name\":\"Acheter Moroccan Slate Hash | Hash Marocain en Slate Premium\",\"isPartOf\":{\"@id\":\"https:\/\/beuhparadis.com\/#website\"},\"primaryImageOfPage\":{\"@id\":\"https:\/\/beuhparadis.com\/product\/moroccan-slate-hash\/#primaryimage\"},\"image\":{\"@id\":\"https:\/\/beuhparadis.com\/product\/moroccan-slate-hash\/#primaryimage\"},\"thumbnailUrl\":\"https:\/\/beuhparadis.com\/wp-content\/uploads\/2024\/12\/Moroccan-Slate-Hash-2.jpeg\",\"datePublished\":\"2024-12-10T23:51:12+00:00\",\"dateModified\":\"2025-01-28T08:35:57+00:00\",\"description\":\"Acheter Moroccan Slate Hash, un hash marocain traditionnel press\u00e9 en plaques, connu pour sa texture unique et ses ar\u00f4mes riches. Achetez en ligne avec livraison discr\u00e8te et rapide.\",\"breadcrumb\":{\"@id\":\"https:\/\/beuhparadis.com\/product\/moroccan-slate-hash\/#breadcrumb\"},\"inLanguage\":\"sk-SK\",\"potentialAction\":[{\"@type\":\"ReadAction\",\"target\":[\"https:\/\/beuhparadis.com\/product\/moroccan-slate-hash\/\"]}]},{\"@type\":\"ImageObject\",\"inLanguage\":\"sk-SK\",\"@id\":\"https:\/\/beuhparadis.com\/product\/moroccan-slate-hash\/#primaryimage\",\"url\":\"https:\/\/beuhparadis.com\/wp-content\/uploads\/2024\/12\/Moroccan-Slate-Hash-2.jpeg\",\"contentUrl\":\"https:\/\/beuhparadis.com\/wp-content\/uploads\/2024\/12\/Moroccan-Slate-Hash-2.jpeg\",\"width\":247,\"height\":296},{\"@type\":\"BreadcrumbList\",\"@id\":\"https:\/\/beuhparadis.com\/product\/moroccan-slate-hash\/#breadcrumb\",\"itemListElement\":[{\"@type\":\"ListItem\",\"position\":1,\"name\":\"Home\",\"item\":\"https:\/\/beuhparadis.com\/\"},{\"@type\":\"ListItem\",\"position\":2,\"name\":\"Shop\",\"item\":\"https:\/\/beuhparadis.com\/shop\/\"},{\"@type\":\"ListItem\",\"position\":3,\"name\":\"Moroccan Slate Hash\"}]},{\"@type\":\"WebSite\",\"@id\":\"https:\/\/beuhparadis.com\/#website\",\"url\":\"https:\/\/beuhparadis.com\/\",\"name\":\"Beuh Paradis\",\"description\":\"\",\"potentialAction\":[{\"@type\":\"SearchAction\",\"target\":{\"@type\":\"EntryPoint\",\"urlTemplate\":\"https:\/\/beuhparadis.com\/?s={search_term_string}\"},\"query-input\":{\"@type\":\"PropertyValueSpecification\",\"valueRequired\":true,\"valueName\":\"search_term_string\"}}],\"inLanguage\":\"sk-SK\"}]}<\/script>\n<!-- \/ Yoast SEO Premium plugin. -->","yoast_head_json":{"title":"K\u00fapi\u0165 Moroccan Slate Hash | Moroccan Slate Hash Premium","description":"K\u00fapte si marock\u00fd ha\u0161i\u0161 z bridlice, tradi\u010dn\u00fd marock\u00fd ha\u0161i\u0161 lisovan\u00fd na doske, ktor\u00fd je zn\u00e1my svojou jedine\u010dnou \u0161trukt\u00farou a bohatou chu\u0165ou. Nakupujte online s r\u00fdchlym a diskr\u00e9tnym doru\u010den\u00edm.","robots":{"index":"index","follow":"follow","max-snippet":"max-snippet:-1","max-image-preview":"max-image-preview:large","max-video-preview":"max-video-preview:-1"},"canonical":"https:\/\/beuhparadis.com\/sk\/product\/moroccan-slate-hash\/","og_locale":"sk_SK","og_type":"article","og_title":"Moroccan Slate Hash","og_description":"Acheter Moroccan Slate Hash, un hash marocain traditionnel press\u00e9 en plaques, connu pour sa texture unique et ses ar\u00f4mes riches. Achetez en ligne avec livraison discr\u00e8te et rapide.","og_url":"https:\/\/beuhparadis.com\/sk\/product\/moroccan-slate-hash\/","og_site_name":"Beuh Paradis","article_modified_time":"2025-01-28T08:35:57+00:00","og_image":[{"width":247,"height":296,"url":"https:\/\/beuhparadis.com\/wp-content\/uploads\/2024\/12\/Moroccan-Slate-Hash-2.jpeg","type":"image\/jpeg"}],"twitter_card":"summary_large_image","twitter_misc":{"Predpokladan\u00fd \u010das \u010d\u00edtania":"3 minutes"},"schema":{"@context":"https:\/\/schema.org","@graph":[{"@type":"WebPage","@id":"https:\/\/beuhparadis.com\/product\/moroccan-slate-hash\/","url":"https:\/\/beuhparadis.com\/product\/moroccan-slate-hash\/","name":"K\u00fapi\u0165 Moroccan Slate Hash | Moroccan Slate Hash Premium","isPartOf":{"@id":"https:\/\/beuhparadis.com\/#website"},"primaryImageOfPage":{"@id":"https:\/\/beuhparadis.com\/product\/moroccan-slate-hash\/#primaryimage"},"image":{"@id":"https:\/\/beuhparadis.com\/product\/moroccan-slate-hash\/#primaryimage"},"thumbnailUrl":"https:\/\/beuhparadis.com\/wp-content\/uploads\/2024\/12\/Moroccan-Slate-Hash-2.jpeg","datePublished":"2024-12-10T23:51:12+00:00","dateModified":"2025-01-28T08:35:57+00:00","description":"K\u00fapte si marock\u00fd ha\u0161i\u0161 z bridlice, tradi\u010dn\u00fd marock\u00fd ha\u0161i\u0161 lisovan\u00fd na doske, ktor\u00fd je zn\u00e1my svojou jedine\u010dnou \u0161trukt\u00farou a bohatou chu\u0165ou. Nakupujte online s r\u00fdchlym a diskr\u00e9tnym doru\u010den\u00edm.","breadcrumb":{"@id":"https:\/\/beuhparadis.com\/product\/moroccan-slate-hash\/#breadcrumb"},"inLanguage":"sk-SK","potentialAction":[{"@type":"ReadAction","target":["https:\/\/beuhparadis.com\/product\/moroccan-slate-hash\/"]}]},{"@type":"ImageObject","inLanguage":"sk-SK","@id":"https:\/\/beuhparadis.com\/product\/moroccan-slate-hash\/#primaryimage","url":"https:\/\/beuhparadis.com\/wp-content\/uploads\/2024\/12\/Moroccan-Slate-Hash-2.jpeg","contentUrl":"https:\/\/beuhparadis.com\/wp-content\/uploads\/2024\/12\/Moroccan-Slate-Hash-2.jpeg","width":247,"height":296},{"@type":"BreadcrumbList","@id":"https:\/\/beuhparadis.com\/product\/moroccan-slate-hash\/#breadcrumb","itemListElement":[{"@type":"ListItem","position":1,"name":"Home","item":"https:\/\/beuhparadis.com\/"},{"@type":"ListItem","position":2,"name":"Shop","item":"https:\/\/beuhparadis.com\/shop\/"},{"@type":"ListItem","position":3,"name":"Moroccan Slate Hash"}]},{"@type":"WebSite","@id":"https:\/\/beuhparadis.com\/#website","url":"https:\/\/beuhparadis.com\/","name":"Beuh Paradis","description":"","potentialAction":[{"@type":"SearchAction","target":{"@type":"EntryPoint","urlTemplate":"https:\/\/beuhparadis.com\/?s={search_term_string}"},"query-input":{"@type":"PropertyValueSpecification","valueRequired":true,"valueName":"search_term_string"}}],"inLanguage":"sk-SK"}]}},"_links":{"self":[{"href":"https:\/\/beuhparadis.com\/sk\/wp-json\/wp\/v2\/product\/2100","targetHints":{"allow":["GET"]}}],"collection":[{"href":"https:\/\/beuhparadis.com\/sk\/wp-json\/wp\/v2\/product"}],"about":[{"href":"https:\/\/beuhparadis.com\/sk\/wp-json\/wp\/v2\/types\/product"}],"replies":[{"embeddable":true,"href":"https:\/\/beuhparadis.com\/sk\/wp-json\/wp\/v2\/comments?post=2100"}],"wp:featuredmedia":[{"embeddable":true,"href":"https:\/\/beuhparadis.com\/sk\/wp-json\/wp\/v2\/media\/2113"}],"wp:attachment":[{"href":"https:\/\/beuhparadis.com\/sk\/wp-json\/wp\/v2\/media?parent=2100"}],"wp:term":[{"taxonomy":"product_brand","embeddable":true,"href":"https:\/\/beuhparadis.com\/sk\/wp-json\/wp\/v2\/product_brand?post=2100"},{"taxonomy":"product_cat","embeddable":true,"href":"https:\/\/beuhparadis.com\/sk\/wp-json\/wp\/v2\/product_cat?post=2100"},{"taxonomy":"product_tag","embeddable":true,"href":"https:\/\/beuhparadis.com\/sk\/wp-json\/wp\/v2\/product_tag?post=2100"}],"curies":[{"name":"wp","href":"https:\/\/api.w.org\/{rel}","templated":true}]}}