{"id":2095,"date":"2024-12-10T23:51:12","date_gmt":"2024-12-10T23:51:12","guid":{"rendered":"https:\/\/beuhparadis.com\/?post_type=product&#038;p=2095"},"modified":"2025-01-28T08:54:03","modified_gmt":"2025-01-28T08:54:03","slug":"nepalese-hash","status":"publish","type":"product","link":"https:\/\/beuhparadis.com\/sk\/product\/nepalese-hash\/","title":{"rendered":"Nep\u00e1lsky ha\u0161i\u0161"},"content":{"rendered":"<h1 class=\"wp-block-heading\">K\u00fapi\u0165 nep\u00e1lsky ha\u0161i\u0161<\/h1>\n<p>K\u00fapte si nep\u00e1lsky ha\u0161i\u0161, vz\u00e1cny variant ha\u0161i\u0161a z horsk\u00fdch oblast\u00ed Nep\u00e1lu. Nep\u00e1lsky ha\u0161i\u0161 je zn\u00e1my svojou \u013eahko spracovate\u013enou konzistenciou a jedine\u010dnou korenistou chu\u0165ou, ktor\u00e1 je v\u00fdsledkom st\u00e1ro\u010dnej trad\u00edcie a sk\u00fasenost\u00ed. V tomto popise sa venujeme podrobnostiam tohto v\u00fdnimo\u010dn\u00e9ho produktu.<\/p>\n<h2 class=\"wp-block-heading\">Inform\u00e1cie o nep\u00e1lskom ha\u0161i<\/h2>\n<ul class=\"wp-block-list\">\n<li><strong>P\u00f4vod<\/strong> Vysokohorsk\u00e9 oblasti Nep\u00e1lu.<\/li>\n<li><strong>Konzistentnos\u0165<\/strong> \u013dahko sa s \u0148ou pracuje v\u010faka zachovaniu \u017eivicov\u00fdch trich\u00f3mov THC.<\/li>\n<li><strong>V\u00fdroba<\/strong> Ru\u010dn\u00fd zber trich\u00f3mov z rastliny pred spracovan\u00edm.<\/li>\n<li><strong>Kvalita<\/strong> : Pova\u017eovan\u00fd za jeden z najlep\u0161\u00edch v\u010faka \u0161pecializovan\u00fdm v\u00fdrobn\u00fdm postupom.<\/li>\n<\/ul>\n<h2 class=\"wp-block-heading\">THC a CBD<\/h2>\n<p>Nep\u00e1lsky ha\u0161i\u0161 sa vyzna\u010duje vysokou koncentr\u00e1ciou THC v\u010faka \u010distote zozbieranej \u017eivice. Hoci sa presn\u00e9 percentu\u00e1lne podiely THC a CBD m\u00f4\u017eu l\u00ed\u0161i\u0165, d\u00f4raz sa kladie na siln\u00fa pr\u00edtomnos\u0165 THC, ktor\u00e1 pon\u00faka bohat\u00fd a hlbok\u00fd z\u00e1\u017eitok.<\/p>\n<h2 class=\"wp-block-heading\">\u00da\u010dinky, v\u00f4\u0148a a chu\u0165<\/h2>\n<h3 class=\"wp-block-heading\">\u00da\u010dinok<\/h3>\n<p>Nep\u00e1lsky ha\u0161i\u0161 je cenen\u00fd pre svoje relaxa\u010dn\u00e9 \u00fa\u010dinky a pohlcuj\u00faci z\u00e1\u017eitok, v\u010faka \u010domu je t\u00e1to odroda ide\u00e1lna pre za\u010diato\u010dn\u00edkov aj sk\u00fasen\u00fdch u\u017e\u00edvate\u013eov.<\/p>\n<h3 class=\"wp-block-heading\">Ar\u00f3ma<\/h3>\n<p>V\u00f4\u0148a nep\u00e1lskeho ha\u0161i\u0161a sa vyzna\u010duje korenist\u00fdmi t\u00f3nmi s prekvapivou sladkos\u0165ou pripom\u00ednaj\u00facou borovicu, \u010do odr\u00e1\u017ea rozmanitos\u0165 regi\u00f3nov a pou\u017eit\u00fdch rastl\u00edn.<\/p>\n<h3 class=\"wp-block-heading\">Chu\u0165<\/h3>\n<p>Pikantn\u00e1 chu\u0165 doplnen\u00e1 sladkou chu\u0165ou borovice definuje jedine\u010dn\u00fd chu\u0165ov\u00fd profil nep\u00e1lskeho ha\u0161i\u0161a a pon\u00faka bohat\u00fd zmyslov\u00fd z\u00e1\u017eitok.<\/p>\n<h2 class=\"wp-block-heading\">Zdravotn\u00e9 \u00fa\u010dinky nep\u00e1lskeho ha\u0161i\u0161a<\/h2>\n<h3 class=\"wp-block-heading\">Zdravotn\u00e9 \u00fa\u010dinky<\/h3>\n<p>Nep\u00e1lsky ha\u0161i\u0161 je vyh\u013ead\u00e1van\u00fd pre svoje blahodarn\u00e9 \u00fa\u010dinky, najm\u00e4 pre schopnos\u0165 navodi\u0165 relax\u00e1ciu a pohodu, v\u010faka \u010domu je ob\u013e\u00fabenou vo\u013ebou pre u\u017e\u00edvate\u013eov v medic\u00edne.<\/p>\n<h3 class=\"wp-block-heading\">M\u00f4\u017ee zmierni\u0165<\/h3>\n<p>V\u010faka vysok\u00e9mu obsahu THC m\u00f4\u017ee nep\u00e1lsky ha\u0161i\u0161 pom\u00f4c\u0165 zmierni\u0165 r\u00f4zne \u0165a\u017ekosti vr\u00e1tane stresu, \u00fazkosti a bolesti.<\/p>\n<h2 class=\"wp-block-heading\">Ako faj\u010di\u0165 ha\u0161i\u0161<\/h2>\n<p>Ha\u0161i\u0161 sa d\u00e1 konzumova\u0165 r\u00f4znymi sp\u00f4sobmi: rozdrvi\u0165 do bonga alebo fajky, zmie\u0161a\u0165 s jointmi alebo vaporizova\u0165 pre \u010distej\u0161\u00ed z\u00e1\u017eitok.<\/p>\n<h2 class=\"wp-block-heading\">Kde si m\u00f4\u017eem k\u00fapi\u0165 nep\u00e1lsky chr\u00e1mov\u00fd ha\u0161i\u0161 online?<\/h2>\n<p>\u0160pi\u010dkov\u00fd nep\u00e1lsky ha\u0161i\u0161 je k dispoz\u00edcii na beuhparadis, kde je zaru\u010den\u00e1 pravos\u0165 a kvalita.<\/p>\n<h2 class=\"wp-block-heading\">Pre\u010do si k\u00fapi\u0165 nep\u00e1lsky ha\u0161i\u0161 na beuhparadis.com?<\/h2>\n<p><a href=\"https:\/\/beuhparadis.com\/sk\/product\/charas-hash\/\">Beuhparadis.com<\/a> sa zaviazala poskytova\u0165 najlep\u0161\u00ed nep\u00e1lsky ha\u0161i\u0161 a zaru\u010di\u0165 bezkonkuren\u010dn\u00fd pou\u017e\u00edvate\u013esk\u00fd z\u00e1\u017eitok v\u010faka produktom najvy\u0161\u0161ej kvality, ktor\u00e9 sp\u013a\u0148aj\u00fa o\u010dak\u00e1vania najn\u00e1ro\u010dnej\u0161\u00edch spotrebite\u013eov.<\/p>\n<h2 class=\"wp-block-heading\">Vl\u00e1dne z\u00e1kony o predaji zna\u010dky Hash v Eur\u00f3pe<\/h2>\n<p>Predaj ha\u0161i\u0161a vr\u00e1tane nep\u00e1lskeho ha\u0161i\u0161a je v Eur\u00f3pe regulovan\u00fd. Je nevyhnutn\u00e9 zisti\u0165 si platn\u00e9 z\u00e1kony vo va\u0161ej krajine, aby ste zabezpe\u010dili zodpovedn\u00fa konzum\u00e1ciu a n\u00e1kup.<\/p>\n<p>Le <strong>Nep\u00e1lsky ha\u0161i\u0161<\/strong> predstavuje vrchol trad\u00edcie a kvality ha\u0161i\u0161a. V\u010faka svojim relaxa\u010dn\u00fdm \u00fa\u010dinkom, jedine\u010dnej v\u00f4ni a lie\u010div\u00fdm \u00fa\u010dinkom pon\u00faka nezabudnute\u013en\u00fd z\u00e1\u017eitok. \u010ci u\u017e ste za\u010diato\u010dn\u00edk alebo sk\u00fasen\u00fd u\u017e\u00edvate\u013e, \u010dierny nep\u00e1lsky ha\u0161i\u0161 s\u013eubuje objavovanie bohat\u00e9 na chute a pocity. Objavte ho na Acheterducannabis.fr pre zaru\u010den\u00fa kvalitu a spokojnos\u0165.<\/p>","protected":false},"excerpt":{"rendered":"<p><strong>THC:<\/strong> 70%<\/p>\n<p><strong>Zdravotn\u00e9 \u00fa\u010dinky<\/strong><\/p>\n<p>Nep\u00e1lsky ha\u0161i\u0161 je vyh\u013ead\u00e1van\u00fd pre svoje blahodarn\u00e9 \u00fa\u010dinky, najm\u00e4 pre schopnos\u0165 navodi\u0165 relax\u00e1ciu a pohodu, v\u010faka \u010domu je ob\u013e\u00fabenou vo\u013ebou pre u\u017e\u00edvate\u013eov v medic\u00edne.<\/p>","protected":false},"featured_media":2112,"comment_status":"closed","ping_status":"closed","template":"","meta":{"site-sidebar-layout":"default","site-content-layout":"","ast-site-content-layout":"default","site-content-style":"default","site-sidebar-style":"default","ast-global-header-display":"","ast-banner-title-visibility":"","ast-main-header-display":"","ast-hfb-above-header-display":"","ast-hfb-below-header-display":"","ast-hfb-mobile-header-display":"","site-post-title":"","ast-breadcrumbs-content":"","ast-featured-img":"","footer-sml-layout":"","theme-transparent-header-meta":"default","adv-header-id-meta":"","stick-header-meta":"","header-above-stick-meta":"","header-main-stick-meta":"","header-below-stick-meta":"","astra-migrate-meta-layouts":"set","ast-page-background-enabled":"default","ast-page-background-meta":{"desktop":{"background-color":"","background-image":"","background-repeat":"repeat","background-position":"center center","background-size":"auto","background-attachment":"scroll","background-type":"","background-media":"","overlay-type":"","overlay-color":"","overlay-opacity":"","overlay-gradient":""},"tablet":{"background-color":"","background-image":"","background-repeat":"repeat","background-position":"center center","background-size":"auto","background-attachment":"scroll","background-type":"","background-media":"","overlay-type":"","overlay-color":"","overlay-opacity":"","overlay-gradient":""},"mobile":{"background-color":"","background-image":"","background-repeat":"repeat","background-position":"center center","background-size":"auto","background-attachment":"scroll","background-type":"","background-media":"","overlay-type":"","overlay-color":"","overlay-opacity":"","overlay-gradient":""}},"ast-content-background-meta":{"desktop":{"background-color":"var(--ast-global-color-5)","background-image":"","background-repeat":"repeat","background-position":"center center","background-size":"auto","background-attachment":"scroll","background-type":"","background-media":"","overlay-type":"","overlay-color":"","overlay-opacity":"","overlay-gradient":""},"tablet":{"background-color":"var(--ast-global-color-5)","background-image":"","background-repeat":"repeat","background-position":"center center","background-size":"auto","background-attachment":"scroll","background-type":"","background-media":"","overlay-type":"","overlay-color":"","overlay-opacity":"","overlay-gradient":""},"mobile":{"background-color":"var(--ast-global-color-5)","background-image":"","background-repeat":"repeat","background-position":"center center","background-size":"auto","background-attachment":"scroll","background-type":"","background-media":"","overlay-type":"","overlay-color":"","overlay-opacity":"","overlay-gradient":""}},"_joinchat":[]},"product_brand":[],"product_cat":[48],"product_tag":[],"class_list":{"0":"post-2095","1":"product","2":"type-product","3":"status-publish","4":"has-post-thumbnail","6":"product_cat-shit-thc","7":"desktop-align-left","8":"tablet-align-left","9":"mobile-align-left","11":"first","12":"instock","13":"shipping-taxable","14":"purchasable","15":"product-type-variable"},"yoast_head":"<!-- This site is optimized with the Yoast SEO Premium plugin v24.1 (Yoast SEO v26.8) - https:\/\/yoast.com\/product\/yoast-seo-premium-wordpress\/ -->\n<title>Acheter Hash nepalese en Ligne | Hash Traditionnel du N\u00e9pal<\/title>\n<meta name=\"description\" content=\"Acheter hash nepalese , un produit artisanal et puissant, fabriqu\u00e9 selon des m\u00e9thodes ancestrales. Achetez en ligne avec livraison discr\u00e8te et rapide.\" \/>\n<meta name=\"robots\" content=\"index, follow, max-snippet:-1, max-image-preview:large, max-video-preview:-1\" \/>\n<link rel=\"canonical\" href=\"https:\/\/beuhparadis.com\/sk\/product\/nepalese-hash\/\" \/>\n<meta property=\"og:locale\" content=\"sk_SK\" \/>\n<meta property=\"og:type\" content=\"article\" \/>\n<meta property=\"og:title\" content=\"Nepalese Hash\" \/>\n<meta property=\"og:description\" content=\"Acheter hash nepalese , un produit artisanal et puissant, fabriqu\u00e9 selon des m\u00e9thodes ancestrales. Achetez en ligne avec livraison discr\u00e8te et rapide.\" \/>\n<meta property=\"og:url\" content=\"https:\/\/beuhparadis.com\/sk\/product\/nepalese-hash\/\" \/>\n<meta property=\"og:site_name\" content=\"Beuh Paradis\" \/>\n<meta property=\"article:modified_time\" content=\"2025-01-28T08:54:03+00:00\" \/>\n<meta property=\"og:image\" content=\"https:\/\/beuhparadis.com\/wp-content\/uploads\/2024\/12\/Nepalese-Hash-Online-2.jpeg\" \/>\n\t<meta property=\"og:image:width\" content=\"247\" \/>\n\t<meta property=\"og:image:height\" content=\"296\" \/>\n\t<meta property=\"og:image:type\" content=\"image\/jpeg\" \/>\n<meta name=\"twitter:card\" content=\"summary_large_image\" \/>\n<meta name=\"twitter:label1\" content=\"Predpokladan\u00fd \u010das \u010d\u00edtania\" \/>\n\t<meta name=\"twitter:data1\" content=\"3 minutes\" \/>\n<script type=\"application\/ld+json\" class=\"yoast-schema-graph\">{\"@context\":\"https:\/\/schema.org\",\"@graph\":[{\"@type\":\"WebPage\",\"@id\":\"https:\/\/beuhparadis.com\/product\/nepalese-hash\/\",\"url\":\"https:\/\/beuhparadis.com\/product\/nepalese-hash\/\",\"name\":\"Acheter Hash nepalese en Ligne | Hash Traditionnel du N\u00e9pal\",\"isPartOf\":{\"@id\":\"https:\/\/beuhparadis.com\/#website\"},\"primaryImageOfPage\":{\"@id\":\"https:\/\/beuhparadis.com\/product\/nepalese-hash\/#primaryimage\"},\"image\":{\"@id\":\"https:\/\/beuhparadis.com\/product\/nepalese-hash\/#primaryimage\"},\"thumbnailUrl\":\"https:\/\/beuhparadis.com\/wp-content\/uploads\/2024\/12\/Nepalese-Hash-Online-2.jpeg\",\"datePublished\":\"2024-12-10T23:51:12+00:00\",\"dateModified\":\"2025-01-28T08:54:03+00:00\",\"description\":\"Acheter hash nepalese , un produit artisanal et puissant, fabriqu\u00e9 selon des m\u00e9thodes ancestrales. Achetez en ligne avec livraison discr\u00e8te et rapide.\",\"breadcrumb\":{\"@id\":\"https:\/\/beuhparadis.com\/product\/nepalese-hash\/#breadcrumb\"},\"inLanguage\":\"sk-SK\",\"potentialAction\":[{\"@type\":\"ReadAction\",\"target\":[\"https:\/\/beuhparadis.com\/product\/nepalese-hash\/\"]}]},{\"@type\":\"ImageObject\",\"inLanguage\":\"sk-SK\",\"@id\":\"https:\/\/beuhparadis.com\/product\/nepalese-hash\/#primaryimage\",\"url\":\"https:\/\/beuhparadis.com\/wp-content\/uploads\/2024\/12\/Nepalese-Hash-Online-2.jpeg\",\"contentUrl\":\"https:\/\/beuhparadis.com\/wp-content\/uploads\/2024\/12\/Nepalese-Hash-Online-2.jpeg\",\"width\":247,\"height\":296},{\"@type\":\"BreadcrumbList\",\"@id\":\"https:\/\/beuhparadis.com\/product\/nepalese-hash\/#breadcrumb\",\"itemListElement\":[{\"@type\":\"ListItem\",\"position\":1,\"name\":\"Home\",\"item\":\"https:\/\/beuhparadis.com\/\"},{\"@type\":\"ListItem\",\"position\":2,\"name\":\"Shop\",\"item\":\"https:\/\/beuhparadis.com\/shop\/\"},{\"@type\":\"ListItem\",\"position\":3,\"name\":\"Nepalese Hash\"}]},{\"@type\":\"WebSite\",\"@id\":\"https:\/\/beuhparadis.com\/#website\",\"url\":\"https:\/\/beuhparadis.com\/\",\"name\":\"Beuh Paradis\",\"description\":\"\",\"potentialAction\":[{\"@type\":\"SearchAction\",\"target\":{\"@type\":\"EntryPoint\",\"urlTemplate\":\"https:\/\/beuhparadis.com\/?s={search_term_string}\"},\"query-input\":{\"@type\":\"PropertyValueSpecification\",\"valueRequired\":true,\"valueName\":\"search_term_string\"}}],\"inLanguage\":\"sk-SK\"}]}<\/script>\n<!-- \/ Yoast SEO Premium plugin. -->","yoast_head_json":{"title":"K\u00fapi\u0165 nep\u00e1lsky ha\u0161i\u0161 online | Tradi\u010dn\u00fd nep\u00e1lsky ha\u0161i\u0161","description":"K\u00fapte si nep\u00e1lsky ha\u0161i\u0161, siln\u00fd tradi\u010dn\u00fd produkt vyr\u00e1ban\u00fd tradi\u010dn\u00fdmi met\u00f3dami. K\u00fapte si ho online s r\u00fdchlym a diskr\u00e9tnym doru\u010den\u00edm.","robots":{"index":"index","follow":"follow","max-snippet":"max-snippet:-1","max-image-preview":"max-image-preview:large","max-video-preview":"max-video-preview:-1"},"canonical":"https:\/\/beuhparadis.com\/sk\/product\/nepalese-hash\/","og_locale":"sk_SK","og_type":"article","og_title":"Nepalese Hash","og_description":"Acheter hash nepalese , un produit artisanal et puissant, fabriqu\u00e9 selon des m\u00e9thodes ancestrales. Achetez en ligne avec livraison discr\u00e8te et rapide.","og_url":"https:\/\/beuhparadis.com\/sk\/product\/nepalese-hash\/","og_site_name":"Beuh Paradis","article_modified_time":"2025-01-28T08:54:03+00:00","og_image":[{"width":247,"height":296,"url":"https:\/\/beuhparadis.com\/wp-content\/uploads\/2024\/12\/Nepalese-Hash-Online-2.jpeg","type":"image\/jpeg"}],"twitter_card":"summary_large_image","twitter_misc":{"Predpokladan\u00fd \u010das \u010d\u00edtania":"3 minutes"},"schema":{"@context":"https:\/\/schema.org","@graph":[{"@type":"WebPage","@id":"https:\/\/beuhparadis.com\/product\/nepalese-hash\/","url":"https:\/\/beuhparadis.com\/product\/nepalese-hash\/","name":"K\u00fapi\u0165 nep\u00e1lsky ha\u0161i\u0161 online | Tradi\u010dn\u00fd nep\u00e1lsky ha\u0161i\u0161","isPartOf":{"@id":"https:\/\/beuhparadis.com\/#website"},"primaryImageOfPage":{"@id":"https:\/\/beuhparadis.com\/product\/nepalese-hash\/#primaryimage"},"image":{"@id":"https:\/\/beuhparadis.com\/product\/nepalese-hash\/#primaryimage"},"thumbnailUrl":"https:\/\/beuhparadis.com\/wp-content\/uploads\/2024\/12\/Nepalese-Hash-Online-2.jpeg","datePublished":"2024-12-10T23:51:12+00:00","dateModified":"2025-01-28T08:54:03+00:00","description":"K\u00fapte si nep\u00e1lsky ha\u0161i\u0161, siln\u00fd tradi\u010dn\u00fd produkt vyr\u00e1ban\u00fd tradi\u010dn\u00fdmi met\u00f3dami. K\u00fapte si ho online s r\u00fdchlym a diskr\u00e9tnym doru\u010den\u00edm.","breadcrumb":{"@id":"https:\/\/beuhparadis.com\/product\/nepalese-hash\/#breadcrumb"},"inLanguage":"sk-SK","potentialAction":[{"@type":"ReadAction","target":["https:\/\/beuhparadis.com\/product\/nepalese-hash\/"]}]},{"@type":"ImageObject","inLanguage":"sk-SK","@id":"https:\/\/beuhparadis.com\/product\/nepalese-hash\/#primaryimage","url":"https:\/\/beuhparadis.com\/wp-content\/uploads\/2024\/12\/Nepalese-Hash-Online-2.jpeg","contentUrl":"https:\/\/beuhparadis.com\/wp-content\/uploads\/2024\/12\/Nepalese-Hash-Online-2.jpeg","width":247,"height":296},{"@type":"BreadcrumbList","@id":"https:\/\/beuhparadis.com\/product\/nepalese-hash\/#breadcrumb","itemListElement":[{"@type":"ListItem","position":1,"name":"Home","item":"https:\/\/beuhparadis.com\/"},{"@type":"ListItem","position":2,"name":"Shop","item":"https:\/\/beuhparadis.com\/shop\/"},{"@type":"ListItem","position":3,"name":"Nepalese Hash"}]},{"@type":"WebSite","@id":"https:\/\/beuhparadis.com\/#website","url":"https:\/\/beuhparadis.com\/","name":"Beuh Paradis","description":"","potentialAction":[{"@type":"SearchAction","target":{"@type":"EntryPoint","urlTemplate":"https:\/\/beuhparadis.com\/?s={search_term_string}"},"query-input":{"@type":"PropertyValueSpecification","valueRequired":true,"valueName":"search_term_string"}}],"inLanguage":"sk-SK"}]}},"_links":{"self":[{"href":"https:\/\/beuhparadis.com\/sk\/wp-json\/wp\/v2\/product\/2095","targetHints":{"allow":["GET"]}}],"collection":[{"href":"https:\/\/beuhparadis.com\/sk\/wp-json\/wp\/v2\/product"}],"about":[{"href":"https:\/\/beuhparadis.com\/sk\/wp-json\/wp\/v2\/types\/product"}],"replies":[{"embeddable":true,"href":"https:\/\/beuhparadis.com\/sk\/wp-json\/wp\/v2\/comments?post=2095"}],"wp:featuredmedia":[{"embeddable":true,"href":"https:\/\/beuhparadis.com\/sk\/wp-json\/wp\/v2\/media\/2112"}],"wp:attachment":[{"href":"https:\/\/beuhparadis.com\/sk\/wp-json\/wp\/v2\/media?parent=2095"}],"wp:term":[{"taxonomy":"product_brand","embeddable":true,"href":"https:\/\/beuhparadis.com\/sk\/wp-json\/wp\/v2\/product_brand?post=2095"},{"taxonomy":"product_cat","embeddable":true,"href":"https:\/\/beuhparadis.com\/sk\/wp-json\/wp\/v2\/product_cat?post=2095"},{"taxonomy":"product_tag","embeddable":true,"href":"https:\/\/beuhparadis.com\/sk\/wp-json\/wp\/v2\/product_tag?post=2095"}],"curies":[{"name":"wp","href":"https:\/\/api.w.org\/{rel}","templated":true}]}}