{"id":2076,"date":"2024-12-10T23:50:48","date_gmt":"2024-12-10T23:50:48","guid":{"rendered":"https:\/\/beuhparadis.com\/?post_type=product&#038;p=2076"},"modified":"2025-01-28T09:20:44","modified_gmt":"2025-01-28T09:20:44","slug":"bentley-hash","status":"publish","type":"product","link":"https:\/\/beuhparadis.com\/sk\/product\/bentley-hash\/","title":{"rendered":"Bentley Hash"},"content":{"rendered":"<h1 class=\"wp-block-heading\">K\u00fapi\u0165 Bentley Hash<\/h1>\n<p>Achater Bentley Hash je \u010disten\u00e1 \u017eivica extrahovan\u00e1 a lisovan\u00e1 z rastl\u00edn konope poch\u00e1dzaj\u00facich z celej Britskej Kolumbie. Tento ha\u0161i\u0161 sa vyr\u00e1ba na mieste a lisuje sa bez pou\u017eitia rozp\u00fa\u0161\u0165adiel, \u010do pon\u00faka autentick\u00fd a \u010dist\u00fd z\u00e1\u017eitok.<\/p>\n<h2 class=\"wp-block-heading\">Hash inform\u00e1cie<\/h2>\n<ul class=\"wp-block-list\">\n<li>P\u00f4vod: Britsk\u00e1 Kolumbia, Kanada.<\/li>\n<li>Sp\u00f4sob v\u00fdroby: extrakcia studenou vodou a \u013eadom, bez rozp\u00fa\u0161\u0165adiel.<\/li>\n<li>\u010cistota: Pr\u00edsna filtr\u00e1cia na odstr\u00e1nenie ne\u017eiaduceho materi\u00e1lu, ktorej v\u00fdsledkom je takmer \u010dist\u00fd ha\u0161i\u0161.<\/li>\n<\/ul>\n<h2 class=\"wp-block-heading\">THC a CBD<\/h2>\n<ul class=\"wp-block-list\">\n<li><strong>THC :<\/strong> Vysok\u00e9 koncentr\u00e1cie typick\u00e9 pre koncentrovan\u00e9 konopn\u00e9 \u017eivice.<\/li>\n<li><strong>CBD :<\/strong> N\u00edzke alebo ne\u0161pecifikovan\u00e9 koncentr\u00e1cie so zameran\u00edm na psychoakt\u00edvne \u00fa\u010dinky THC.<\/li>\n<\/ul>\n<h2 class=\"wp-block-heading\">\u00da\u010dinky, v\u00f4\u0148a a chu\u0165<\/h2>\n<h3 class=\"wp-block-heading\">\u00da\u010dinok<\/h3>\n<ul class=\"wp-block-list\">\n<li>Postupn\u00fd a trval\u00fd n\u00e1rast.<\/li>\n<li>Energetick\u00fd bzukot, ide\u00e1lny na denn\u00e9 pou\u017e\u00edvanie.<\/li>\n<li>\u00da\u010dinne bojuje proti \u00fazkosti.<\/li>\n<\/ul>\n<h3 class=\"wp-block-heading\">Ar\u00f3ma<\/h3>\n<ul class=\"wp-block-list\">\n<li>Prevl\u00e1da borovica s relat\u00edvne jemnou v\u00f4\u0148ou.<\/li>\n<\/ul>\n<h3 class=\"wp-block-heading\">Chu\u0165<\/h3>\n<ul class=\"wp-block-list\">\n<li>Borovicov\u00e1 ar\u00f3ma, jemn\u00e1 na zmysly.<\/li>\n<\/ul>\n<h2 class=\"wp-block-heading\">Zdravotn\u00e9 \u00fa\u010dinky<\/h2>\n<h3 class=\"wp-block-heading\">Zdravotn\u00e9 \u00fa\u010dinky<\/h3>\n<ul class=\"wp-block-list\">\n<li>\u00da\u013eava od \u00fazkosti.<\/li>\n<li>Dod\u00e1vka energie pre t\u00fdch, ktor\u00ed ju potrebuj\u00fa.<\/li>\n<\/ul>\n<h3 class=\"wp-block-heading\">M\u00f4\u017ee zmierni\u0165<\/h3>\n<ul class=\"wp-block-list\">\n<li>\u00dazkos\u0165.<\/li>\n<li>Nedostatok energie alebo \u00fanava.<\/li>\n<\/ul>\n<h2 class=\"wp-block-heading\">Ako faj\u010di\u0165 Ha\u0161i\u0161<\/h2>\n<p>Bentley Hash sa d\u00e1 konzumova\u0165 r\u00f4znymi sp\u00f4sobmi: tradi\u010dne or\u00e1lne, faj\u010di\u0165 samostatne alebo s konopn\u00fdmi kvetmi, pr\u00edpadne vaporizova\u0165\/nakvapka\u0165 na tepl\u00fd povrch pre t\u00fdch, ktor\u00ed uprednost\u0148uj\u00fa konzum\u00e1ciu bez zvy\u0161kov.<\/p>\n<h2 class=\"wp-block-heading\">Kde si m\u00f4\u017eem k\u00fapi\u0165 Bentley Hash online?<\/h2>\n<p>Bentley Hash je <a href=\"https:\/\/chemsxpress.com\/\">k dispoz\u00edcii na<\/a> k\u00fapi\u0165 na Acheterducannabis.fr, ktor\u00fd pon\u00faka vynikaj\u00facu kvalitu a bezpe\u010dn\u00e9 nakupovanie.<\/p>\n<h2 class=\"wp-block-heading\">Pre\u010do by ste si mali k\u00fapi\u0165 Bentley Hash od Acheterducannabis.fr?<\/h2>\n<p><a href=\"https:\/\/beuhparadis.com\/sk\/product\/honey-moroccan-blonde-hash\/\" data-type=\"link\" data-id=\"https:\/\/acheterducannabis.fr\/\">Beuhparadis.com<\/a> zaru\u010duje vysokokvalitn\u00fd, \u010dist\u00fd v\u00fdrobok bez rozp\u00fa\u0161\u0165adiel, s v\u00fdnimo\u010dn\u00fdm z\u00e1kazn\u00edckym servisom a diskr\u00e9tnym doru\u010den\u00edm.<\/p>\n<h2 class=\"wp-block-heading\">Vl\u00e1dny z\u00e1kon o predaji ha\u0161i\u0161a v Eur\u00f3pe<\/h2>\n<p>N\u00e1kup a konzum\u00e1cia konope vr\u00e1tane Bentley Hash s\u00fa v Eur\u00f3pe regulovan\u00e9. N\u00e1kup na renomovan\u00fdch str\u00e1nkach, ako je Acheterducannabis.fr, zaru\u010duje dodr\u017eiavanie miestnych z\u00e1konov a noriem kvality.<\/p>","protected":false},"excerpt":{"rendered":"<p><strong>THC:<\/strong> 24%<\/p>\n<p><strong>Zdravotn\u00e9 \u00fa\u010dinky<\/strong><\/p>\n<ul class=\"wp-block-list\">\n<li>\u00da\u013eava od \u00fazkosti.<\/li>\n<li>Dod\u00e1vka energie pre t\u00fdch, ktor\u00ed ju potrebuj\u00fa.<\/li>\n<\/ul>","protected":false},"featured_media":2080,"comment_status":"closed","ping_status":"closed","template":"","meta":{"site-sidebar-layout":"default","site-content-layout":"","ast-site-content-layout":"default","site-content-style":"default","site-sidebar-style":"default","ast-global-header-display":"","ast-banner-title-visibility":"","ast-main-header-display":"","ast-hfb-above-header-display":"","ast-hfb-below-header-display":"","ast-hfb-mobile-header-display":"","site-post-title":"","ast-breadcrumbs-content":"","ast-featured-img":"","footer-sml-layout":"","theme-transparent-header-meta":"default","adv-header-id-meta":"","stick-header-meta":"","header-above-stick-meta":"","header-main-stick-meta":"","header-below-stick-meta":"","astra-migrate-meta-layouts":"set","ast-page-background-enabled":"default","ast-page-background-meta":{"desktop":{"background-color":"","background-image":"","background-repeat":"repeat","background-position":"center center","background-size":"auto","background-attachment":"scroll","background-type":"","background-media":"","overlay-type":"","overlay-color":"","overlay-opacity":"","overlay-gradient":""},"tablet":{"background-color":"","background-image":"","background-repeat":"repeat","background-position":"center center","background-size":"auto","background-attachment":"scroll","background-type":"","background-media":"","overlay-type":"","overlay-color":"","overlay-opacity":"","overlay-gradient":""},"mobile":{"background-color":"","background-image":"","background-repeat":"repeat","background-position":"center center","background-size":"auto","background-attachment":"scroll","background-type":"","background-media":"","overlay-type":"","overlay-color":"","overlay-opacity":"","overlay-gradient":""}},"ast-content-background-meta":{"desktop":{"background-color":"var(--ast-global-color-5)","background-image":"","background-repeat":"repeat","background-position":"center center","background-size":"auto","background-attachment":"scroll","background-type":"","background-media":"","overlay-type":"","overlay-color":"","overlay-opacity":"","overlay-gradient":""},"tablet":{"background-color":"var(--ast-global-color-5)","background-image":"","background-repeat":"repeat","background-position":"center center","background-size":"auto","background-attachment":"scroll","background-type":"","background-media":"","overlay-type":"","overlay-color":"","overlay-opacity":"","overlay-gradient":""},"mobile":{"background-color":"var(--ast-global-color-5)","background-image":"","background-repeat":"repeat","background-position":"center center","background-size":"auto","background-attachment":"scroll","background-type":"","background-media":"","overlay-type":"","overlay-color":"","overlay-opacity":"","overlay-gradient":""}},"_joinchat":[]},"product_brand":[],"product_cat":[48],"product_tag":[],"class_list":{"0":"post-2076","1":"product","2":"type-product","3":"status-publish","4":"has-post-thumbnail","6":"product_cat-shit-thc","7":"desktop-align-left","8":"tablet-align-left","9":"mobile-align-left","11":"first","12":"instock","13":"shipping-taxable","14":"product-type-variable"},"yoast_head":"<!-- This site is optimized with the Yoast SEO Premium plugin v24.1 (Yoast SEO v26.8) - https:\/\/yoast.com\/product\/yoast-seo-premium-wordpress\/ -->\n<title>Achater Bentley Hash en Ligne | Hash Premium de Luxe<\/title>\n<meta name=\"description\" content=\"Achater Bentley Hash, un hash haut de gamme, puissant et riche en ar\u00f4mes. Achetez en ligne avec livraison discr\u00e8te et rapide chez beuhparadis.com\" \/>\n<meta name=\"robots\" content=\"index, follow, max-snippet:-1, max-image-preview:large, max-video-preview:-1\" \/>\n<link rel=\"canonical\" href=\"https:\/\/beuhparadis.com\/sk\/product\/bentley-hash\/\" \/>\n<meta property=\"og:locale\" content=\"sk_SK\" \/>\n<meta property=\"og:type\" content=\"article\" \/>\n<meta property=\"og:title\" content=\"Bentley Hash\" \/>\n<meta property=\"og:description\" content=\"Achater Bentley Hash, un hash haut de gamme, puissant et riche en ar\u00f4mes. Achetez en ligne avec livraison discr\u00e8te et rapide chez beuhparadis.com\" \/>\n<meta property=\"og:url\" content=\"https:\/\/beuhparadis.com\/sk\/product\/bentley-hash\/\" \/>\n<meta property=\"og:site_name\" content=\"Beuh Paradis\" \/>\n<meta property=\"article:modified_time\" content=\"2025-01-28T09:20:44+00:00\" \/>\n<meta property=\"og:image\" content=\"https:\/\/beuhparadis.com\/wp-content\/uploads\/2024\/12\/Bentley-Hash-2.jpeg\" \/>\n\t<meta property=\"og:image:width\" content=\"900\" \/>\n\t<meta property=\"og:image:height\" content=\"900\" \/>\n\t<meta property=\"og:image:type\" content=\"image\/jpeg\" \/>\n<meta name=\"twitter:card\" content=\"summary_large_image\" \/>\n<meta name=\"twitter:label1\" content=\"Predpokladan\u00fd \u010das \u010d\u00edtania\" \/>\n\t<meta name=\"twitter:data1\" content=\"2 minutes\" \/>\n<script type=\"application\/ld+json\" class=\"yoast-schema-graph\">{\"@context\":\"https:\/\/schema.org\",\"@graph\":[{\"@type\":\"WebPage\",\"@id\":\"https:\/\/beuhparadis.com\/product\/bentley-hash\/\",\"url\":\"https:\/\/beuhparadis.com\/product\/bentley-hash\/\",\"name\":\"Achater Bentley Hash en Ligne | Hash Premium de Luxe\",\"isPartOf\":{\"@id\":\"https:\/\/beuhparadis.com\/#website\"},\"primaryImageOfPage\":{\"@id\":\"https:\/\/beuhparadis.com\/product\/bentley-hash\/#primaryimage\"},\"image\":{\"@id\":\"https:\/\/beuhparadis.com\/product\/bentley-hash\/#primaryimage\"},\"thumbnailUrl\":\"https:\/\/beuhparadis.com\/wp-content\/uploads\/2024\/12\/Bentley-Hash-2.jpeg\",\"datePublished\":\"2024-12-10T23:50:48+00:00\",\"dateModified\":\"2025-01-28T09:20:44+00:00\",\"description\":\"Achater Bentley Hash, un hash haut de gamme, puissant et riche en ar\u00f4mes. Achetez en ligne avec livraison discr\u00e8te et rapide chez beuhparadis.com\",\"breadcrumb\":{\"@id\":\"https:\/\/beuhparadis.com\/product\/bentley-hash\/#breadcrumb\"},\"inLanguage\":\"sk-SK\",\"potentialAction\":[{\"@type\":\"ReadAction\",\"target\":[\"https:\/\/beuhparadis.com\/product\/bentley-hash\/\"]}]},{\"@type\":\"ImageObject\",\"inLanguage\":\"sk-SK\",\"@id\":\"https:\/\/beuhparadis.com\/product\/bentley-hash\/#primaryimage\",\"url\":\"https:\/\/beuhparadis.com\/wp-content\/uploads\/2024\/12\/Bentley-Hash-2.jpeg\",\"contentUrl\":\"https:\/\/beuhparadis.com\/wp-content\/uploads\/2024\/12\/Bentley-Hash-2.jpeg\",\"width\":900,\"height\":900,\"caption\":\"Achater Bentley Hash\"},{\"@type\":\"BreadcrumbList\",\"@id\":\"https:\/\/beuhparadis.com\/product\/bentley-hash\/#breadcrumb\",\"itemListElement\":[{\"@type\":\"ListItem\",\"position\":1,\"name\":\"Home\",\"item\":\"https:\/\/beuhparadis.com\/\"},{\"@type\":\"ListItem\",\"position\":2,\"name\":\"Shop\",\"item\":\"https:\/\/beuhparadis.com\/shop\/\"},{\"@type\":\"ListItem\",\"position\":3,\"name\":\"Bentley Hash\"}]},{\"@type\":\"WebSite\",\"@id\":\"https:\/\/beuhparadis.com\/#website\",\"url\":\"https:\/\/beuhparadis.com\/\",\"name\":\"Beuh Paradis\",\"description\":\"\",\"potentialAction\":[{\"@type\":\"SearchAction\",\"target\":{\"@type\":\"EntryPoint\",\"urlTemplate\":\"https:\/\/beuhparadis.com\/?s={search_term_string}\"},\"query-input\":{\"@type\":\"PropertyValueSpecification\",\"valueRequired\":true,\"valueName\":\"search_term_string\"}}],\"inLanguage\":\"sk-SK\"}]}<\/script>\n<!-- \/ Yoast SEO Premium plugin. -->","yoast_head_json":{"title":"K\u00fapi\u0165 Bentley Hash online | Hash Premium de Luxe","description":"K\u00fapte si Bentley Hash, \u0161pi\u010dkov\u00fd ha\u0161i\u0161 s v\u00fdraznou a bohatou chu\u0165ou. Nak\u00fapte online s r\u00fdchlym a diskr\u00e9tnym doru\u010den\u00edm na beuhparadis.com","robots":{"index":"index","follow":"follow","max-snippet":"max-snippet:-1","max-image-preview":"max-image-preview:large","max-video-preview":"max-video-preview:-1"},"canonical":"https:\/\/beuhparadis.com\/sk\/product\/bentley-hash\/","og_locale":"sk_SK","og_type":"article","og_title":"Bentley Hash","og_description":"Achater Bentley Hash, un hash haut de gamme, puissant et riche en ar\u00f4mes. Achetez en ligne avec livraison discr\u00e8te et rapide chez beuhparadis.com","og_url":"https:\/\/beuhparadis.com\/sk\/product\/bentley-hash\/","og_site_name":"Beuh Paradis","article_modified_time":"2025-01-28T09:20:44+00:00","og_image":[{"width":900,"height":900,"url":"https:\/\/beuhparadis.com\/wp-content\/uploads\/2024\/12\/Bentley-Hash-2.jpeg","type":"image\/jpeg"}],"twitter_card":"summary_large_image","twitter_misc":{"Predpokladan\u00fd \u010das \u010d\u00edtania":"2 minutes"},"schema":{"@context":"https:\/\/schema.org","@graph":[{"@type":"WebPage","@id":"https:\/\/beuhparadis.com\/product\/bentley-hash\/","url":"https:\/\/beuhparadis.com\/product\/bentley-hash\/","name":"K\u00fapi\u0165 Bentley Hash online | Hash Premium de Luxe","isPartOf":{"@id":"https:\/\/beuhparadis.com\/#website"},"primaryImageOfPage":{"@id":"https:\/\/beuhparadis.com\/product\/bentley-hash\/#primaryimage"},"image":{"@id":"https:\/\/beuhparadis.com\/product\/bentley-hash\/#primaryimage"},"thumbnailUrl":"https:\/\/beuhparadis.com\/wp-content\/uploads\/2024\/12\/Bentley-Hash-2.jpeg","datePublished":"2024-12-10T23:50:48+00:00","dateModified":"2025-01-28T09:20:44+00:00","description":"K\u00fapte si Bentley Hash, \u0161pi\u010dkov\u00fd ha\u0161i\u0161 s v\u00fdraznou a bohatou chu\u0165ou. Nak\u00fapte online s r\u00fdchlym a diskr\u00e9tnym doru\u010den\u00edm na beuhparadis.com","breadcrumb":{"@id":"https:\/\/beuhparadis.com\/product\/bentley-hash\/#breadcrumb"},"inLanguage":"sk-SK","potentialAction":[{"@type":"ReadAction","target":["https:\/\/beuhparadis.com\/product\/bentley-hash\/"]}]},{"@type":"ImageObject","inLanguage":"sk-SK","@id":"https:\/\/beuhparadis.com\/product\/bentley-hash\/#primaryimage","url":"https:\/\/beuhparadis.com\/wp-content\/uploads\/2024\/12\/Bentley-Hash-2.jpeg","contentUrl":"https:\/\/beuhparadis.com\/wp-content\/uploads\/2024\/12\/Bentley-Hash-2.jpeg","width":900,"height":900,"caption":"Achater Bentley Hash"},{"@type":"BreadcrumbList","@id":"https:\/\/beuhparadis.com\/product\/bentley-hash\/#breadcrumb","itemListElement":[{"@type":"ListItem","position":1,"name":"Home","item":"https:\/\/beuhparadis.com\/"},{"@type":"ListItem","position":2,"name":"Shop","item":"https:\/\/beuhparadis.com\/shop\/"},{"@type":"ListItem","position":3,"name":"Bentley Hash"}]},{"@type":"WebSite","@id":"https:\/\/beuhparadis.com\/#website","url":"https:\/\/beuhparadis.com\/","name":"Beuh Paradis","description":"","potentialAction":[{"@type":"SearchAction","target":{"@type":"EntryPoint","urlTemplate":"https:\/\/beuhparadis.com\/?s={search_term_string}"},"query-input":{"@type":"PropertyValueSpecification","valueRequired":true,"valueName":"search_term_string"}}],"inLanguage":"sk-SK"}]}},"_links":{"self":[{"href":"https:\/\/beuhparadis.com\/sk\/wp-json\/wp\/v2\/product\/2076","targetHints":{"allow":["GET"]}}],"collection":[{"href":"https:\/\/beuhparadis.com\/sk\/wp-json\/wp\/v2\/product"}],"about":[{"href":"https:\/\/beuhparadis.com\/sk\/wp-json\/wp\/v2\/types\/product"}],"replies":[{"embeddable":true,"href":"https:\/\/beuhparadis.com\/sk\/wp-json\/wp\/v2\/comments?post=2076"}],"wp:featuredmedia":[{"embeddable":true,"href":"https:\/\/beuhparadis.com\/sk\/wp-json\/wp\/v2\/media\/2080"}],"wp:attachment":[{"href":"https:\/\/beuhparadis.com\/sk\/wp-json\/wp\/v2\/media?parent=2076"}],"wp:term":[{"taxonomy":"product_brand","embeddable":true,"href":"https:\/\/beuhparadis.com\/sk\/wp-json\/wp\/v2\/product_brand?post=2076"},{"taxonomy":"product_cat","embeddable":true,"href":"https:\/\/beuhparadis.com\/sk\/wp-json\/wp\/v2\/product_cat?post=2076"},{"taxonomy":"product_tag","embeddable":true,"href":"https:\/\/beuhparadis.com\/sk\/wp-json\/wp\/v2\/product_tag?post=2076"}],"curies":[{"name":"wp","href":"https:\/\/api.w.org\/{rel}","templated":true}]}}