{"id":2061,"date":"2024-12-10T23:50:47","date_gmt":"2024-12-10T23:50:47","guid":{"rendered":"https:\/\/beuhparadis.com\/?post_type=product&#038;p=2061"},"modified":"2025-01-28T09:32:05","modified_gmt":"2025-01-28T09:32:05","slug":"red-lebanese-hash","status":"publish","type":"product","link":"https:\/\/beuhparadis.com\/sk\/product\/red-lebanese-hash\/","title":{"rendered":"\u010cerven\u00fd libanonsk\u00fd ha\u0161i\u0161"},"content":{"rendered":"<h1 class=\"wp-block-heading\">K\u00fapi\u0165 \u010cerven\u00fd libanonsk\u00fd ha\u0161i\u0161<\/h1>\n<p>K\u00fapi\u0165 \u010cerven\u00fd libanonsk\u00fd ha\u0161i\u0161 je odroda ha\u0161i\u0161a, ktor\u00e1 je obzvl\u00e1\u0161\u0165 cenen\u00e1 pre svoje cerebr\u00e1lne \u00fa\u010dinky, na rozdiel od v\u00e4\u010d\u0161iny ha\u0161i\u0161a dostupn\u00e9ho na celom svete, ktor\u00fd m\u00e1 sk\u00f4r sedat\u00edvny charakter. Vytv\u00e1ra v\u0161ak aj dokonal\u00fd telesn\u00fd kame\u0148 a ve\u013emi siln\u00e9 vlny uvo\u013enenia, porovnate\u013en\u00e9 s marock\u00fdm ha\u0161i\u0161om.<\/p>\n<h2 class=\"wp-block-heading\">Hash inform\u00e1cie<\/h2>\n<ul class=\"wp-block-list\">\n<li>P\u00f4vod: \u00fadolie Baalbek, Libanon.<\/li>\n<li>Produkcia: Pri pestovan\u00ed v n\u00e1ro\u010dn\u00fdch podmienkach si krajov\u00e9 kmene vytv\u00e1raj\u00fa hrub\u00e9 vrstvy trich\u00f3mov THC, ktor\u00e9 ich chr\u00e1nia pred pr\u00edrodn\u00fdmi \u017eivlami.<\/li>\n<li>Postup: Pr\u00edrodn\u00e9 su\u0161enie a su\u0161enie, ktor\u00e9 dod\u00e1va ha\u0161i\u0161u jedine\u010dn\u00fd \u010derven\u00fd odtie\u0148.<\/li>\n<li>Starnutie: Ha\u0161i\u0161 zreje jednu alebo dve sez\u00f3ny zberu (4-8 mesiacov), aby z\u00edskal ide\u00e1lnu konzistenciu a obohatil ar\u00f3mu a chu\u0165.<\/li>\n<\/ul>\n<h2 class=\"wp-block-heading\">THC a CBD<\/h2>\n<ul class=\"wp-block-list\">\n<li><strong>THC :<\/strong> Vysok\u00e9 koncentr\u00e1cie typick\u00e9 pre ha\u0161i\u0161ov\u00e9 produkty.<\/li>\n<li><strong>CBD :<\/strong> Inform\u00e1cie nie s\u00fa \u0161pecifikovan\u00e9, v\u0161eobecne n\u00edzky obsah CBD.<\/li>\n<\/ul>\n<h2 class=\"wp-block-heading\">\u00da\u010dinky, v\u00f4\u0148a a chu\u0165<\/h2>\n<h3 class=\"wp-block-heading\">\u00da\u010dinok<\/h3>\n<ul class=\"wp-block-list\">\n<li>V\u00fdrazn\u00e9 cerebr\u00e1lne \u00fa\u010dinky.<\/li>\n<li>Hlbok\u00e1 relax\u00e1cia a siln\u00fd telesn\u00fd kame\u0148.<\/li>\n<\/ul>\n<h3 class=\"wp-block-heading\">Ar\u00f3ma<\/h3>\n<ul class=\"wp-block-list\">\n<li>Pr\u00edrodn\u00e1 drevnatos\u0165.<\/li>\n<li>Jedine\u010dn\u00e9 korenist\u00e9 terp\u00e9ny.<\/li>\n<\/ul>\n<h3 class=\"wp-block-heading\">Chu\u0165<\/h3>\n<ul class=\"wp-block-list\">\n<li>Drevit\u00e9, korenist\u00e9 t\u00f3ny obohaten\u00e9 procesom zrenia.<\/li>\n<\/ul>\n<h2 class=\"wp-block-heading\">Zdravotn\u00e9 \u00fa\u010dinky<\/h2>\n<h3 class=\"wp-block-heading\">Zdravotn\u00e9 \u00fa\u010dinky<\/h3>\n<ul class=\"wp-block-list\">\n<li>\u00da\u010dinn\u00e1 \u00fa\u013eava od bolesti.<\/li>\n<li>Zn\u00ed\u017eenie stresu a \u00fazkosti.<\/li>\n<\/ul>\n<h3 class=\"wp-block-heading\">M\u00f4\u017ee zmierni\u0165<\/h3>\n<ul class=\"wp-block-list\">\n<li>Nespavos\u0165.<\/li>\n<li>Chronick\u00e1 boles\u0165.<\/li>\n<li>Poruchy n\u00e1lady.<\/li>\n<\/ul>\n<h2 class=\"wp-block-heading\">Ako faj\u010di\u0165 libanonsk\u00fd \u010derven\u00fd ha\u0161i\u0161<\/h2>\n<p>Konzum\u00e1cia ha\u0161i\u0161a pon\u00faka mno\u017estvo mo\u017enost\u00ed. Odpor\u00fa\u010dame ho drvi\u0165 na bongu alebo fajkov\u00fdch misk\u00e1ch, pr\u00edpadne ho primie\u0161a\u0165 do jointov, aby ste si u\u017eili relaxa\u010dn\u00fd z\u00e1\u017eitok.<\/p>\n<h2 class=\"wp-block-heading\">Kde si m\u00f4\u017eem k\u00fapi\u0165 \u010derven\u00fa libanonsk\u00fa ka\u0161u online?<\/h2>\n<p>Libanonsk\u00fd \u010derven\u00fd ha\u0161i\u0161 si m\u00f4\u017eete k\u00fapi\u0165 online na spo\u013eahliv\u00fdch str\u00e1nkach, ako je Acheterducannabis.fr, ktor\u00e9 pon\u00fakaj\u00fa vynikaj\u00facu kvalitu a diskr\u00e9tne doru\u010denie.<\/p>\n<h2 class=\"wp-block-heading\">Pre\u010do si k\u00fapi\u0165 ha\u0161i\u0161 \u010derven\u00fd libanonsk\u00fd na Acheterducannabis.fr?<\/h2>\n<p><a href=\"https:\/\/beuhparadis.com\/sk\/product\/honey-moroccan-blonde-hash\/\" data-type=\"link\" data-id=\"https:\/\/acheterducannabis.fr\/\">Beuhparadis.com<\/a> je zn\u00e1ma svoj\u00edm prvotriednym v\u00fdberom konope vr\u00e1tane \u010derven\u00e9ho libanonsk\u00e9ho ha\u0161i\u0161a, ktor\u00fd zaru\u010duje bezpe\u010dn\u00e9 nakupovanie a prvotriedny z\u00e1kazn\u00edcky servis.<\/p>\n<h2 class=\"wp-block-heading\">Vl\u00e1dny z\u00e1kon o predaji ha\u0161i\u0161a v Eur\u00f3pe<\/h2>\n<p>Predaj marihuany vr\u00e1tane \u010derven\u00e9ho libanonsk\u00e9ho ha\u0161u podlieha v Eur\u00f3pe pr\u00edsnym predpisom. N\u00e1kup od renomovan\u00fdch dod\u00e1vate\u013eov, ako je Acheterducannabis.fr, zaru\u010duje dodr\u017eiavanie z\u00e1konov a noriem kvality a bezpe\u010dnosti.<\/p>","protected":false},"excerpt":{"rendered":"<p><strong>THC:<\/strong> 25%<\/p>\n<p><strong>Zdravotn\u00e9 \u00fa\u010dinky<\/strong><\/p>\n<ul class=\"wp-block-list\">\n<li>\u00da\u010dinn\u00e1 \u00fa\u013eava od bolesti.<\/li>\n<li>Zn\u00ed\u017eenie stresu a \u00fazkosti.<\/li>\n<\/ul>","protected":false},"featured_media":2078,"comment_status":"closed","ping_status":"closed","template":"","meta":{"site-sidebar-layout":"default","site-content-layout":"","ast-site-content-layout":"default","site-content-style":"default","site-sidebar-style":"default","ast-global-header-display":"","ast-banner-title-visibility":"","ast-main-header-display":"","ast-hfb-above-header-display":"","ast-hfb-below-header-display":"","ast-hfb-mobile-header-display":"","site-post-title":"","ast-breadcrumbs-content":"","ast-featured-img":"","footer-sml-layout":"","theme-transparent-header-meta":"default","adv-header-id-meta":"","stick-header-meta":"","header-above-stick-meta":"","header-main-stick-meta":"","header-below-stick-meta":"","astra-migrate-meta-layouts":"set","ast-page-background-enabled":"default","ast-page-background-meta":{"desktop":{"background-color":"","background-image":"","background-repeat":"repeat","background-position":"center center","background-size":"auto","background-attachment":"scroll","background-type":"","background-media":"","overlay-type":"","overlay-color":"","overlay-opacity":"","overlay-gradient":""},"tablet":{"background-color":"","background-image":"","background-repeat":"repeat","background-position":"center center","background-size":"auto","background-attachment":"scroll","background-type":"","background-media":"","overlay-type":"","overlay-color":"","overlay-opacity":"","overlay-gradient":""},"mobile":{"background-color":"","background-image":"","background-repeat":"repeat","background-position":"center center","background-size":"auto","background-attachment":"scroll","background-type":"","background-media":"","overlay-type":"","overlay-color":"","overlay-opacity":"","overlay-gradient":""}},"ast-content-background-meta":{"desktop":{"background-color":"var(--ast-global-color-5)","background-image":"","background-repeat":"repeat","background-position":"center center","background-size":"auto","background-attachment":"scroll","background-type":"","background-media":"","overlay-type":"","overlay-color":"","overlay-opacity":"","overlay-gradient":""},"tablet":{"background-color":"var(--ast-global-color-5)","background-image":"","background-repeat":"repeat","background-position":"center center","background-size":"auto","background-attachment":"scroll","background-type":"","background-media":"","overlay-type":"","overlay-color":"","overlay-opacity":"","overlay-gradient":""},"mobile":{"background-color":"var(--ast-global-color-5)","background-image":"","background-repeat":"repeat","background-position":"center center","background-size":"auto","background-attachment":"scroll","background-type":"","background-media":"","overlay-type":"","overlay-color":"","overlay-opacity":"","overlay-gradient":""}},"_joinchat":[]},"product_brand":[],"product_cat":[48],"product_tag":[],"class_list":{"0":"post-2061","1":"product","2":"type-product","3":"status-publish","4":"has-post-thumbnail","6":"product_cat-shit-thc","7":"desktop-align-left","8":"tablet-align-left","9":"mobile-align-left","11":"first","12":"instock","13":"shipping-taxable","14":"purchasable","15":"product-type-variable"},"yoast_head":"<!-- This site is optimized with the Yoast SEO Premium plugin v24.1 (Yoast SEO v26.8) - https:\/\/yoast.com\/product\/yoast-seo-premium-wordpress\/ -->\n<title>Acheter Red Lebanese Hash | Hash Libanais Rouge Premium<\/title>\n<meta name=\"description\" content=\"Acheter Red Lebanese Hash, un hash libanais rouge traditionnel, connu pour sa texture douce et ses ar\u00f4mes riches. Livraison discr\u00e8te et rapide.\" \/>\n<meta name=\"robots\" content=\"index, follow, max-snippet:-1, max-image-preview:large, max-video-preview:-1\" \/>\n<link rel=\"canonical\" href=\"https:\/\/beuhparadis.com\/sk\/product\/red-lebanese-hash\/\" \/>\n<meta property=\"og:locale\" content=\"sk_SK\" \/>\n<meta property=\"og:type\" content=\"article\" \/>\n<meta property=\"og:title\" content=\"Red Lebanese Hash\" \/>\n<meta property=\"og:description\" content=\"Acheter Red Lebanese Hash, un hash libanais rouge traditionnel, connu pour sa texture douce et ses ar\u00f4mes riches. Livraison discr\u00e8te et rapide.\" \/>\n<meta property=\"og:url\" content=\"https:\/\/beuhparadis.com\/sk\/product\/red-lebanese-hash\/\" \/>\n<meta property=\"og:site_name\" content=\"Beuh Paradis\" \/>\n<meta property=\"article:modified_time\" content=\"2025-01-28T09:32:05+00:00\" \/>\n<meta property=\"og:image\" content=\"https:\/\/beuhparadis.com\/wp-content\/uploads\/2024\/12\/Red-Lebanese-Hash-2.jpeg\" \/>\n\t<meta property=\"og:image:width\" content=\"924\" \/>\n\t<meta property=\"og:image:height\" content=\"924\" \/>\n\t<meta property=\"og:image:type\" content=\"image\/jpeg\" \/>\n<meta name=\"twitter:card\" content=\"summary_large_image\" \/>\n<meta name=\"twitter:label1\" content=\"Predpokladan\u00fd \u010das \u010d\u00edtania\" \/>\n\t<meta name=\"twitter:data1\" content=\"2 minutes\" \/>\n<script type=\"application\/ld+json\" class=\"yoast-schema-graph\">{\"@context\":\"https:\/\/schema.org\",\"@graph\":[{\"@type\":\"WebPage\",\"@id\":\"https:\/\/beuhparadis.com\/product\/red-lebanese-hash\/\",\"url\":\"https:\/\/beuhparadis.com\/product\/red-lebanese-hash\/\",\"name\":\"Acheter Red Lebanese Hash | Hash Libanais Rouge Premium\",\"isPartOf\":{\"@id\":\"https:\/\/beuhparadis.com\/#website\"},\"primaryImageOfPage\":{\"@id\":\"https:\/\/beuhparadis.com\/product\/red-lebanese-hash\/#primaryimage\"},\"image\":{\"@id\":\"https:\/\/beuhparadis.com\/product\/red-lebanese-hash\/#primaryimage\"},\"thumbnailUrl\":\"https:\/\/beuhparadis.com\/wp-content\/uploads\/2024\/12\/Red-Lebanese-Hash-2.jpeg\",\"datePublished\":\"2024-12-10T23:50:47+00:00\",\"dateModified\":\"2025-01-28T09:32:05+00:00\",\"description\":\"Acheter Red Lebanese Hash, un hash libanais rouge traditionnel, connu pour sa texture douce et ses ar\u00f4mes riches. Livraison discr\u00e8te et rapide.\",\"breadcrumb\":{\"@id\":\"https:\/\/beuhparadis.com\/product\/red-lebanese-hash\/#breadcrumb\"},\"inLanguage\":\"sk-SK\",\"potentialAction\":[{\"@type\":\"ReadAction\",\"target\":[\"https:\/\/beuhparadis.com\/product\/red-lebanese-hash\/\"]}]},{\"@type\":\"ImageObject\",\"inLanguage\":\"sk-SK\",\"@id\":\"https:\/\/beuhparadis.com\/product\/red-lebanese-hash\/#primaryimage\",\"url\":\"https:\/\/beuhparadis.com\/wp-content\/uploads\/2024\/12\/Red-Lebanese-Hash-2.jpeg\",\"contentUrl\":\"https:\/\/beuhparadis.com\/wp-content\/uploads\/2024\/12\/Red-Lebanese-Hash-2.jpeg\",\"width\":924,\"height\":924},{\"@type\":\"BreadcrumbList\",\"@id\":\"https:\/\/beuhparadis.com\/product\/red-lebanese-hash\/#breadcrumb\",\"itemListElement\":[{\"@type\":\"ListItem\",\"position\":1,\"name\":\"Home\",\"item\":\"https:\/\/beuhparadis.com\/\"},{\"@type\":\"ListItem\",\"position\":2,\"name\":\"Shop\",\"item\":\"https:\/\/beuhparadis.com\/shop\/\"},{\"@type\":\"ListItem\",\"position\":3,\"name\":\"Red Lebanese Hash\"}]},{\"@type\":\"WebSite\",\"@id\":\"https:\/\/beuhparadis.com\/#website\",\"url\":\"https:\/\/beuhparadis.com\/\",\"name\":\"Beuh Paradis\",\"description\":\"\",\"potentialAction\":[{\"@type\":\"SearchAction\",\"target\":{\"@type\":\"EntryPoint\",\"urlTemplate\":\"https:\/\/beuhparadis.com\/?s={search_term_string}\"},\"query-input\":{\"@type\":\"PropertyValueSpecification\",\"valueRequired\":true,\"valueName\":\"search_term_string\"}}],\"inLanguage\":\"sk-SK\"}]}<\/script>\n<!-- \/ Yoast SEO Premium plugin. -->","yoast_head_json":{"title":"K\u00fapi\u0165 \u010derven\u00fd libanonsk\u00fd ha\u0161i\u0161 | Hash Libanais Rouge Premium","description":"K\u00fapte si \u010derven\u00fd libanonsk\u00fd ha\u0161i\u0161, tradi\u010dn\u00fd \u010derven\u00fd libanonsk\u00fd ha\u0161i\u0161 zn\u00e1my svojou jemnou \u0161trukt\u00farou a bohatou ar\u00f3mou. R\u00fdchle a diskr\u00e9tne dodanie.","robots":{"index":"index","follow":"follow","max-snippet":"max-snippet:-1","max-image-preview":"max-image-preview:large","max-video-preview":"max-video-preview:-1"},"canonical":"https:\/\/beuhparadis.com\/sk\/product\/red-lebanese-hash\/","og_locale":"sk_SK","og_type":"article","og_title":"Red Lebanese Hash","og_description":"Acheter Red Lebanese Hash, un hash libanais rouge traditionnel, connu pour sa texture douce et ses ar\u00f4mes riches. Livraison discr\u00e8te et rapide.","og_url":"https:\/\/beuhparadis.com\/sk\/product\/red-lebanese-hash\/","og_site_name":"Beuh Paradis","article_modified_time":"2025-01-28T09:32:05+00:00","og_image":[{"width":924,"height":924,"url":"https:\/\/beuhparadis.com\/wp-content\/uploads\/2024\/12\/Red-Lebanese-Hash-2.jpeg","type":"image\/jpeg"}],"twitter_card":"summary_large_image","twitter_misc":{"Predpokladan\u00fd \u010das \u010d\u00edtania":"2 minutes"},"schema":{"@context":"https:\/\/schema.org","@graph":[{"@type":"WebPage","@id":"https:\/\/beuhparadis.com\/product\/red-lebanese-hash\/","url":"https:\/\/beuhparadis.com\/product\/red-lebanese-hash\/","name":"K\u00fapi\u0165 \u010derven\u00fd libanonsk\u00fd ha\u0161i\u0161 | Hash Libanais Rouge Premium","isPartOf":{"@id":"https:\/\/beuhparadis.com\/#website"},"primaryImageOfPage":{"@id":"https:\/\/beuhparadis.com\/product\/red-lebanese-hash\/#primaryimage"},"image":{"@id":"https:\/\/beuhparadis.com\/product\/red-lebanese-hash\/#primaryimage"},"thumbnailUrl":"https:\/\/beuhparadis.com\/wp-content\/uploads\/2024\/12\/Red-Lebanese-Hash-2.jpeg","datePublished":"2024-12-10T23:50:47+00:00","dateModified":"2025-01-28T09:32:05+00:00","description":"K\u00fapte si \u010derven\u00fd libanonsk\u00fd ha\u0161i\u0161, tradi\u010dn\u00fd \u010derven\u00fd libanonsk\u00fd ha\u0161i\u0161 zn\u00e1my svojou jemnou \u0161trukt\u00farou a bohatou ar\u00f3mou. R\u00fdchle a diskr\u00e9tne dodanie.","breadcrumb":{"@id":"https:\/\/beuhparadis.com\/product\/red-lebanese-hash\/#breadcrumb"},"inLanguage":"sk-SK","potentialAction":[{"@type":"ReadAction","target":["https:\/\/beuhparadis.com\/product\/red-lebanese-hash\/"]}]},{"@type":"ImageObject","inLanguage":"sk-SK","@id":"https:\/\/beuhparadis.com\/product\/red-lebanese-hash\/#primaryimage","url":"https:\/\/beuhparadis.com\/wp-content\/uploads\/2024\/12\/Red-Lebanese-Hash-2.jpeg","contentUrl":"https:\/\/beuhparadis.com\/wp-content\/uploads\/2024\/12\/Red-Lebanese-Hash-2.jpeg","width":924,"height":924},{"@type":"BreadcrumbList","@id":"https:\/\/beuhparadis.com\/product\/red-lebanese-hash\/#breadcrumb","itemListElement":[{"@type":"ListItem","position":1,"name":"Home","item":"https:\/\/beuhparadis.com\/"},{"@type":"ListItem","position":2,"name":"Shop","item":"https:\/\/beuhparadis.com\/shop\/"},{"@type":"ListItem","position":3,"name":"Red Lebanese Hash"}]},{"@type":"WebSite","@id":"https:\/\/beuhparadis.com\/#website","url":"https:\/\/beuhparadis.com\/","name":"Beuh Paradis","description":"","potentialAction":[{"@type":"SearchAction","target":{"@type":"EntryPoint","urlTemplate":"https:\/\/beuhparadis.com\/?s={search_term_string}"},"query-input":{"@type":"PropertyValueSpecification","valueRequired":true,"valueName":"search_term_string"}}],"inLanguage":"sk-SK"}]}},"_links":{"self":[{"href":"https:\/\/beuhparadis.com\/sk\/wp-json\/wp\/v2\/product\/2061","targetHints":{"allow":["GET"]}}],"collection":[{"href":"https:\/\/beuhparadis.com\/sk\/wp-json\/wp\/v2\/product"}],"about":[{"href":"https:\/\/beuhparadis.com\/sk\/wp-json\/wp\/v2\/types\/product"}],"replies":[{"embeddable":true,"href":"https:\/\/beuhparadis.com\/sk\/wp-json\/wp\/v2\/comments?post=2061"}],"wp:featuredmedia":[{"embeddable":true,"href":"https:\/\/beuhparadis.com\/sk\/wp-json\/wp\/v2\/media\/2078"}],"wp:attachment":[{"href":"https:\/\/beuhparadis.com\/sk\/wp-json\/wp\/v2\/media?parent=2061"}],"wp:term":[{"taxonomy":"product_brand","embeddable":true,"href":"https:\/\/beuhparadis.com\/sk\/wp-json\/wp\/v2\/product_brand?post=2061"},{"taxonomy":"product_cat","embeddable":true,"href":"https:\/\/beuhparadis.com\/sk\/wp-json\/wp\/v2\/product_cat?post=2061"},{"taxonomy":"product_tag","embeddable":true,"href":"https:\/\/beuhparadis.com\/sk\/wp-json\/wp\/v2\/product_tag?post=2061"}],"curies":[{"name":"wp","href":"https:\/\/api.w.org\/{rel}","templated":true}]}}