{"id":2047,"date":"2024-12-10T23:50:24","date_gmt":"2024-12-10T23:50:24","guid":{"rendered":"https:\/\/beuhparadis.com\/?post_type=product&#038;p=2047"},"modified":"2025-01-28T10:06:59","modified_gmt":"2025-01-28T10:06:59","slug":"doja-exclusive-apple-fritter","status":"publish","type":"product","link":"https:\/\/beuhparadis.com\/sk\/product\/doja-exclusive-apple-fritter\/","title":{"rendered":"Doja Exclusive | Apple Fritter"},"content":{"rendered":"<h1 class=\"wp-block-heading\">K\u00fapi\u0165 Doja Apple Fritter: Sladk\u00e1 odroda s upokojuj\u00facimi \u00fa\u010dinkami<\/h1>\n<p>Doja Apple Fritter, ktor\u00e1 je vo svete konope pr\u00edtomn\u00e1 od roku 2016, vynik\u00e1 svojou v\u00fdnimo\u010dnou kvalitou a celosvetovou popularitou. Tento kme\u0148, ktor\u00fd je \u0165a\u017ek\u00e9 n\u00e1js\u0165 mimo v\u00fdchodn\u00e9ho pobre\u017eia Spojen\u00fdch \u0161t\u00e1tov, sa m\u00f4\u017ee pochv\u00e1li\u0165 lahodnou chu\u0165ou a pr\u00edjemn\u00fdmi \u00fa\u010dinkami, \u010do z neho rob\u00ed povinn\u00fa v\u00fdbavu pre znalcov.<\/p>\n<h2 class=\"wp-block-heading\">Inform\u00e1cie o La Souche<\/h2>\n<ul class=\"wp-block-list\">\n<li><strong>Genetika<\/strong> Doja Apple Fritter je vyv\u00e1\u017een\u00fd hybrid s prevahou 50\/50 Indica\/Sativa, ktor\u00e9ho v\u00fdsledkom je harmonick\u00e1 zmes sladkej a ovocnej chuti s t\u00f3nmi karamelu a jablka.<\/li>\n<li><strong>V\u00fdroba<\/strong> Pestuje sa so starostlivos\u0165ou, aby sa zachoval jej jedine\u010dn\u00fd aromatick\u00fd profil a vysok\u00e1 koncentr\u00e1cia kanabinoidov.<\/li>\n<li><strong>Typ<\/strong> Vyv\u00e1\u017een\u00fd hybrid, ide\u00e1lny pre t\u00fdch, ktor\u00ed h\u013eadaj\u00fa relax\u00e1ciu aj ment\u00e1lnu stimul\u00e1ciu.<\/li>\n<\/ul>\n<h2 class=\"wp-block-heading\">THC a CBD<\/h2>\n<ul class=\"wp-block-list\">\n<li><strong>THC<\/strong> Vysok\u00e1 koncentr\u00e1cia pre siln\u00e9, okam\u017eit\u00e9 \u00fa\u010dinky, ide\u00e1lne pre nezabudnute\u013en\u00fd z\u00e1\u017eitok.<\/li>\n<li><strong>CBD<\/strong> N\u00edzka, zd\u00f4raz\u0148uj\u00faca psychoakt\u00edvne a relaxa\u010dn\u00e9 \u00fa\u010dinky kme\u0148a.<\/li>\n<\/ul>\n<h2 class=\"wp-block-heading\">Kde si m\u00f4\u017eem k\u00fapi\u0165 Doja Apple Fritter online?<\/h2>\n<p><a href=\"https:\/\/beuhparadis.com\/sk\/product\/honey-moroccan-blonde-hash\/\" data-type=\"link\" data-id=\"https:\/\/acheterducannabis.fr\/\">Beuhparadis.com<\/a> je va\u0161\u00edm cie\u013eom pri z\u00edskavan\u00ed <strong>Doja Apple Fritter<\/strong> online, \u010do zaru\u010duje vynikaj\u00facu kvalitu, diskr\u00e9tne dodanie a v\u00fdnimo\u010dn\u00fd z\u00e1kazn\u00edcky servis.<\/p>\n<h2 class=\"wp-block-heading\">\u00da\u010dinky, v\u00f4\u0148a a chu\u0165<\/h2>\n<h3 class=\"wp-block-heading\">\u00da\u010dinok<\/h3>\n<ul class=\"wp-block-list\">\n<li><strong>Doja Apple Fritter<\/strong> pon\u00faka hrejiv\u00fd, obklopuj\u00faci pocit, ide\u00e1lny na zimn\u00e9 ve\u010dery. Tento kme\u0148 tie\u017e navodzuje stav euf\u00f3rie a relax\u00e1cie, ide\u00e1lny na uvo\u013enenie alebo stimul\u00e1ciu kreativity.<\/li>\n<\/ul>\n<h3 class=\"wp-block-heading\">Ar\u00f3ma<\/h3>\n<ul class=\"wp-block-list\">\n<li>Intenz\u00edvne sladk\u00e1 a ovocn\u00e1 v\u00f4\u0148a s t\u00f3nmi nafty, jab\u013ak a in\u00e9ho tropick\u00e9ho ovocia, ako je anan\u00e1s a mango, rob\u00ed Doja Apple Fritter mimoriadne pr\u00ed\u0165a\u017eliv\u00fdm.<\/li>\n<\/ul>\n<h3 class=\"wp-block-heading\">Chu\u0165<\/h3>\n<ul class=\"wp-block-list\">\n<li>Vynikaj\u00faca chu\u0165 pripom\u00ednaj\u00faca jablkov\u00e9 placky, s dokonalou rovnov\u00e1hou medzi sladkos\u0165ou ovocia a \u013eahkou citr\u00f3novou pr\u00edchu\u0165ou, ktor\u00fa vo v\u00fddychu dotv\u00e1ra n\u00e1znak nafty.<\/li>\n<\/ul>\n<h2 class=\"wp-block-heading\">Zdravotn\u00e9 \u00fa\u010dinky<\/h2>\n<h3 class=\"wp-block-heading\">Zdravotn\u00e9 \u00fa\u010dinky<\/h3>\n<ul class=\"wp-block-list\">\n<li>\u00da\u010dinn\u00fd proti \u00fazkosti a stresu, Doja Applefritter poskytuje hlbok\u00fa \u00fa\u013eavu a pocit pohody.<\/li>\n<li>M\u00f4\u017ee tie\u017e pom\u00f4c\u0165 zmierni\u0165 chronick\u00fa boles\u0165 a podpori\u0165 pokojn\u00fd sp\u00e1nok.<\/li>\n<\/ul>\n<h3 class=\"wp-block-heading\">M\u00f4\u017ee zmierni\u0165<\/h3>\n<ul class=\"wp-block-list\">\n<li>\u00dazkostn\u00e9 poruchy, v mal\u00fdch d\u00e1vkach, bez zhor\u0161enia stavu.<\/li>\n<li>Trval\u00e9 bolesti a poruchy sp\u00e1nku, ktor\u00e9 poskytuj\u00fa pohodlie a relax\u00e1ciu.<\/li>\n<\/ul>\n<h2 class=\"wp-block-heading\">Pre\u010do si k\u00fapi\u0165 Doja Apple Fritter od Acheterducannabis?<\/h2>\n<p>V\u00fdberom Acheterducannabis pre n\u00e1kup Doja Apple Fritter si vyber\u00e1te konopn\u00fd produkt najvy\u0161\u0161ej kvality. Na\u0161\u00edm z\u00e1v\u00e4zkom je poskytova\u0165 bezkonkuren\u010dn\u00fd n\u00e1kupn\u00fd z\u00e1\u017eitok, od objedn\u00e1vky a\u017e po doru\u010denie k va\u0161im dver\u00e1m.<\/p>\n<h2 class=\"wp-block-heading\">Vl\u00e1dne pr\u00e1vne predpisy t\u00fdkaj\u00face sa predaja konope v Eur\u00f3pe<\/h2>\n<p>Predaj konope v Eur\u00f3pe je regulovan\u00fd s cie\u013eom zabezpe\u010di\u0165 bezpe\u010dnos\u0165 spotrebite\u013eov a kvalitu v\u00fdrobkov. Spolo\u010dnos\u0165 Acheterducannabis tieto normy d\u00f4sledne dodr\u017eiava a pon\u00faka \u00faplne leg\u00e1lne a bezpe\u010dn\u00e9 slu\u017eby online n\u00e1kupu konope Doja Apple Fritter.<\/p>\n<hr class=\"wp-block-separator has-alpha-channel-opacity\" \/>\n<p>Acheterducannabis v\u00e1s poz\u00fdva presk\u00fama\u0165 lahodn\u00fd svet <strong>Doja Apple Fritter<\/strong>To zaru\u010duje najvy\u0161\u0161iu kvalitu, spo\u013eahliv\u00e9 dod\u00e1vky a s\u00falad s eur\u00f3pskymi pr\u00e1vnymi normami.<\/p>","protected":false},"excerpt":{"rendered":"<h3 class=\"wp-block-heading\">Zdravotn\u00e9 \u00fa\u010dinky<\/h3>\n<ul class=\"wp-block-list\">\n<li>\u00da\u010dinn\u00fd proti \u00fazkosti a stresu, Doja Apple Fritter poskytuje hlbok\u00fa \u00fa\u013eavu a pocit pohody.<\/li>\n<li>M\u00f4\u017ee tie\u017e pom\u00f4c\u0165 zmierni\u0165 chronick\u00fa boles\u0165 a podpori\u0165 pokojn\u00fd sp\u00e1nok.<\/li>\n<\/ul>","protected":false},"featured_media":2077,"comment_status":"closed","ping_status":"closed","template":"","meta":{"site-sidebar-layout":"default","site-content-layout":"","ast-site-content-layout":"default","site-content-style":"default","site-sidebar-style":"default","ast-global-header-display":"","ast-banner-title-visibility":"","ast-main-header-display":"","ast-hfb-above-header-display":"","ast-hfb-below-header-display":"","ast-hfb-mobile-header-display":"","site-post-title":"","ast-breadcrumbs-content":"","ast-featured-img":"","footer-sml-layout":"","theme-transparent-header-meta":"default","adv-header-id-meta":"","stick-header-meta":"","header-above-stick-meta":"","header-main-stick-meta":"","header-below-stick-meta":"","astra-migrate-meta-layouts":"set","ast-page-background-enabled":"default","ast-page-background-meta":{"desktop":{"background-color":"","background-image":"","background-repeat":"repeat","background-position":"center center","background-size":"auto","background-attachment":"scroll","background-type":"","background-media":"","overlay-type":"","overlay-color":"","overlay-opacity":"","overlay-gradient":""},"tablet":{"background-color":"","background-image":"","background-repeat":"repeat","background-position":"center center","background-size":"auto","background-attachment":"scroll","background-type":"","background-media":"","overlay-type":"","overlay-color":"","overlay-opacity":"","overlay-gradient":""},"mobile":{"background-color":"","background-image":"","background-repeat":"repeat","background-position":"center center","background-size":"auto","background-attachment":"scroll","background-type":"","background-media":"","overlay-type":"","overlay-color":"","overlay-opacity":"","overlay-gradient":""}},"ast-content-background-meta":{"desktop":{"background-color":"var(--ast-global-color-5)","background-image":"","background-repeat":"repeat","background-position":"center center","background-size":"auto","background-attachment":"scroll","background-type":"","background-media":"","overlay-type":"","overlay-color":"","overlay-opacity":"","overlay-gradient":""},"tablet":{"background-color":"var(--ast-global-color-5)","background-image":"","background-repeat":"repeat","background-position":"center center","background-size":"auto","background-attachment":"scroll","background-type":"","background-media":"","overlay-type":"","overlay-color":"","overlay-opacity":"","overlay-gradient":""},"mobile":{"background-color":"var(--ast-global-color-5)","background-image":"","background-repeat":"repeat","background-position":"center center","background-size":"auto","background-attachment":"scroll","background-type":"","background-media":"","overlay-type":"","overlay-color":"","overlay-opacity":"","overlay-gradient":""}},"_joinchat":[]},"product_brand":[],"product_cat":[41,47],"product_tag":[],"class_list":{"0":"post-2047","1":"product","2":"type-product","3":"status-publish","4":"has-post-thumbnail","6":"product_cat-cali-weed","7":"product_cat-doja-weed-doja-exclusive","8":"desktop-align-left","9":"tablet-align-left","10":"mobile-align-left","12":"first","13":"instock","14":"shipping-taxable","15":"purchasable","16":"product-type-variable"},"yoast_head":"<!-- This site is optimized with the Yoast SEO Premium plugin v24.1 (Yoast SEO v26.8) - https:\/\/yoast.com\/product\/yoast-seo-premium-wordpress\/ -->\n<title>Acheter Doja Apple Fritter en Ligne | Vari\u00e9t\u00e9 de Cannabis Gourmet<\/title>\n<meta name=\"description\" content=\"D\u00e9couvrez le Doja Apple Fritter, une vari\u00e9t\u00e9 de cannabis gourmet aux ar\u00f4mes sucr\u00e9s et \u00e9pic\u00e9s. Achetez en ligne avec livraison discr\u00e8te et rapide.\" \/>\n<meta name=\"robots\" content=\"index, follow, max-snippet:-1, max-image-preview:large, max-video-preview:-1\" \/>\n<link rel=\"canonical\" href=\"https:\/\/beuhparadis.com\/sk\/product\/doja-exclusive-apple-fritter\/\" \/>\n<meta property=\"og:locale\" content=\"sk_SK\" \/>\n<meta property=\"og:type\" content=\"article\" \/>\n<meta property=\"og:title\" content=\"Doja Exclusive | Apple Fritter\" \/>\n<meta property=\"og:description\" content=\"D\u00e9couvrez le Doja Apple Fritter, une vari\u00e9t\u00e9 de cannabis gourmet aux ar\u00f4mes sucr\u00e9s et \u00e9pic\u00e9s. Achetez en ligne avec livraison discr\u00e8te et rapide.\" \/>\n<meta property=\"og:url\" content=\"https:\/\/beuhparadis.com\/sk\/product\/doja-exclusive-apple-fritter\/\" \/>\n<meta property=\"og:site_name\" content=\"Beuh Paradis\" \/>\n<meta property=\"article:modified_time\" content=\"2025-01-28T10:06:59+00:00\" \/>\n<meta property=\"og:image\" content=\"https:\/\/beuhparadis.com\/wp-content\/uploads\/2024\/12\/Doja-Exclusive-Apple-Fritter-3.jpg\" \/>\n\t<meta property=\"og:image:width\" content=\"1284\" \/>\n\t<meta property=\"og:image:height\" content=\"1593\" \/>\n\t<meta property=\"og:image:type\" content=\"image\/jpeg\" \/>\n<meta name=\"twitter:card\" content=\"summary_large_image\" \/>\n<meta name=\"twitter:label1\" content=\"Predpokladan\u00fd \u010das \u010d\u00edtania\" \/>\n\t<meta name=\"twitter:data1\" content=\"3 minutes\" \/>\n<script type=\"application\/ld+json\" class=\"yoast-schema-graph\">{\"@context\":\"https:\/\/schema.org\",\"@graph\":[{\"@type\":\"WebPage\",\"@id\":\"https:\/\/beuhparadis.com\/product\/doja-exclusive-apple-fritter\/\",\"url\":\"https:\/\/beuhparadis.com\/product\/doja-exclusive-apple-fritter\/\",\"name\":\"Acheter Doja Apple Fritter en Ligne | Vari\u00e9t\u00e9 de Cannabis Gourmet\",\"isPartOf\":{\"@id\":\"https:\/\/beuhparadis.com\/#website\"},\"primaryImageOfPage\":{\"@id\":\"https:\/\/beuhparadis.com\/product\/doja-exclusive-apple-fritter\/#primaryimage\"},\"image\":{\"@id\":\"https:\/\/beuhparadis.com\/product\/doja-exclusive-apple-fritter\/#primaryimage\"},\"thumbnailUrl\":\"https:\/\/beuhparadis.com\/wp-content\/uploads\/2024\/12\/Doja-Exclusive-Apple-Fritter-3.jpg\",\"datePublished\":\"2024-12-10T23:50:24+00:00\",\"dateModified\":\"2025-01-28T10:06:59+00:00\",\"description\":\"D\u00e9couvrez le Doja Apple Fritter, une vari\u00e9t\u00e9 de cannabis gourmet aux ar\u00f4mes sucr\u00e9s et \u00e9pic\u00e9s. Achetez en ligne avec livraison discr\u00e8te et rapide.\",\"breadcrumb\":{\"@id\":\"https:\/\/beuhparadis.com\/product\/doja-exclusive-apple-fritter\/#breadcrumb\"},\"inLanguage\":\"sk-SK\",\"potentialAction\":[{\"@type\":\"ReadAction\",\"target\":[\"https:\/\/beuhparadis.com\/product\/doja-exclusive-apple-fritter\/\"]}]},{\"@type\":\"ImageObject\",\"inLanguage\":\"sk-SK\",\"@id\":\"https:\/\/beuhparadis.com\/product\/doja-exclusive-apple-fritter\/#primaryimage\",\"url\":\"https:\/\/beuhparadis.com\/wp-content\/uploads\/2024\/12\/Doja-Exclusive-Apple-Fritter-3.jpg\",\"contentUrl\":\"https:\/\/beuhparadis.com\/wp-content\/uploads\/2024\/12\/Doja-Exclusive-Apple-Fritter-3.jpg\",\"width\":1284,\"height\":1593},{\"@type\":\"BreadcrumbList\",\"@id\":\"https:\/\/beuhparadis.com\/product\/doja-exclusive-apple-fritter\/#breadcrumb\",\"itemListElement\":[{\"@type\":\"ListItem\",\"position\":1,\"name\":\"Home\",\"item\":\"https:\/\/beuhparadis.com\/\"},{\"@type\":\"ListItem\",\"position\":2,\"name\":\"Shop\",\"item\":\"https:\/\/beuhparadis.com\/shop\/\"},{\"@type\":\"ListItem\",\"position\":3,\"name\":\"Doja Exclusive | Apple Fritter\"}]},{\"@type\":\"WebSite\",\"@id\":\"https:\/\/beuhparadis.com\/#website\",\"url\":\"https:\/\/beuhparadis.com\/\",\"name\":\"Beuh Paradis\",\"description\":\"\",\"potentialAction\":[{\"@type\":\"SearchAction\",\"target\":{\"@type\":\"EntryPoint\",\"urlTemplate\":\"https:\/\/beuhparadis.com\/?s={search_term_string}\"},\"query-input\":{\"@type\":\"PropertyValueSpecification\",\"valueRequired\":true,\"valueName\":\"search_term_string\"}}],\"inLanguage\":\"sk-SK\"}]}<\/script>\n<!-- \/ Yoast SEO Premium plugin. -->","yoast_head_json":{"title":"K\u00fapi\u0165 Doja Apple Fritter online | Vari\u00e9t\u00e9 de Cannabis Gourmet","description":"Objavte Doja Apple Fritter, gurm\u00e1nsku odrodu konope so sladkou a korenistou ar\u00f3mou. K\u00fapte si ju online s r\u00fdchlym a diskr\u00e9tnym doru\u010den\u00edm.","robots":{"index":"index","follow":"follow","max-snippet":"max-snippet:-1","max-image-preview":"max-image-preview:large","max-video-preview":"max-video-preview:-1"},"canonical":"https:\/\/beuhparadis.com\/sk\/product\/doja-exclusive-apple-fritter\/","og_locale":"sk_SK","og_type":"article","og_title":"Doja Exclusive | Apple Fritter","og_description":"D\u00e9couvrez le Doja Apple Fritter, une vari\u00e9t\u00e9 de cannabis gourmet aux ar\u00f4mes sucr\u00e9s et \u00e9pic\u00e9s. Achetez en ligne avec livraison discr\u00e8te et rapide.","og_url":"https:\/\/beuhparadis.com\/sk\/product\/doja-exclusive-apple-fritter\/","og_site_name":"Beuh Paradis","article_modified_time":"2025-01-28T10:06:59+00:00","og_image":[{"width":1284,"height":1593,"url":"https:\/\/beuhparadis.com\/wp-content\/uploads\/2024\/12\/Doja-Exclusive-Apple-Fritter-3.jpg","type":"image\/jpeg"}],"twitter_card":"summary_large_image","twitter_misc":{"Predpokladan\u00fd \u010das \u010d\u00edtania":"3 minutes"},"schema":{"@context":"https:\/\/schema.org","@graph":[{"@type":"WebPage","@id":"https:\/\/beuhparadis.com\/product\/doja-exclusive-apple-fritter\/","url":"https:\/\/beuhparadis.com\/product\/doja-exclusive-apple-fritter\/","name":"K\u00fapi\u0165 Doja Apple Fritter online | Vari\u00e9t\u00e9 de Cannabis Gourmet","isPartOf":{"@id":"https:\/\/beuhparadis.com\/#website"},"primaryImageOfPage":{"@id":"https:\/\/beuhparadis.com\/product\/doja-exclusive-apple-fritter\/#primaryimage"},"image":{"@id":"https:\/\/beuhparadis.com\/product\/doja-exclusive-apple-fritter\/#primaryimage"},"thumbnailUrl":"https:\/\/beuhparadis.com\/wp-content\/uploads\/2024\/12\/Doja-Exclusive-Apple-Fritter-3.jpg","datePublished":"2024-12-10T23:50:24+00:00","dateModified":"2025-01-28T10:06:59+00:00","description":"Objavte Doja Apple Fritter, gurm\u00e1nsku odrodu konope so sladkou a korenistou ar\u00f3mou. K\u00fapte si ju online s r\u00fdchlym a diskr\u00e9tnym doru\u010den\u00edm.","breadcrumb":{"@id":"https:\/\/beuhparadis.com\/product\/doja-exclusive-apple-fritter\/#breadcrumb"},"inLanguage":"sk-SK","potentialAction":[{"@type":"ReadAction","target":["https:\/\/beuhparadis.com\/product\/doja-exclusive-apple-fritter\/"]}]},{"@type":"ImageObject","inLanguage":"sk-SK","@id":"https:\/\/beuhparadis.com\/product\/doja-exclusive-apple-fritter\/#primaryimage","url":"https:\/\/beuhparadis.com\/wp-content\/uploads\/2024\/12\/Doja-Exclusive-Apple-Fritter-3.jpg","contentUrl":"https:\/\/beuhparadis.com\/wp-content\/uploads\/2024\/12\/Doja-Exclusive-Apple-Fritter-3.jpg","width":1284,"height":1593},{"@type":"BreadcrumbList","@id":"https:\/\/beuhparadis.com\/product\/doja-exclusive-apple-fritter\/#breadcrumb","itemListElement":[{"@type":"ListItem","position":1,"name":"Home","item":"https:\/\/beuhparadis.com\/"},{"@type":"ListItem","position":2,"name":"Shop","item":"https:\/\/beuhparadis.com\/shop\/"},{"@type":"ListItem","position":3,"name":"Doja Exclusive | Apple Fritter"}]},{"@type":"WebSite","@id":"https:\/\/beuhparadis.com\/#website","url":"https:\/\/beuhparadis.com\/","name":"Beuh Paradis","description":"","potentialAction":[{"@type":"SearchAction","target":{"@type":"EntryPoint","urlTemplate":"https:\/\/beuhparadis.com\/?s={search_term_string}"},"query-input":{"@type":"PropertyValueSpecification","valueRequired":true,"valueName":"search_term_string"}}],"inLanguage":"sk-SK"}]}},"_links":{"self":[{"href":"https:\/\/beuhparadis.com\/sk\/wp-json\/wp\/v2\/product\/2047","targetHints":{"allow":["GET"]}}],"collection":[{"href":"https:\/\/beuhparadis.com\/sk\/wp-json\/wp\/v2\/product"}],"about":[{"href":"https:\/\/beuhparadis.com\/sk\/wp-json\/wp\/v2\/types\/product"}],"replies":[{"embeddable":true,"href":"https:\/\/beuhparadis.com\/sk\/wp-json\/wp\/v2\/comments?post=2047"}],"wp:featuredmedia":[{"embeddable":true,"href":"https:\/\/beuhparadis.com\/sk\/wp-json\/wp\/v2\/media\/2077"}],"wp:attachment":[{"href":"https:\/\/beuhparadis.com\/sk\/wp-json\/wp\/v2\/media?parent=2047"}],"wp:term":[{"taxonomy":"product_brand","embeddable":true,"href":"https:\/\/beuhparadis.com\/sk\/wp-json\/wp\/v2\/product_brand?post=2047"},{"taxonomy":"product_cat","embeddable":true,"href":"https:\/\/beuhparadis.com\/sk\/wp-json\/wp\/v2\/product_cat?post=2047"},{"taxonomy":"product_tag","embeddable":true,"href":"https:\/\/beuhparadis.com\/sk\/wp-json\/wp\/v2\/product_tag?post=2047"}],"curies":[{"name":"wp","href":"https:\/\/api.w.org\/{rel}","templated":true}]}}