{"id":2042,"date":"2024-12-10T23:50:24","date_gmt":"2024-12-10T23:50:24","guid":{"rendered":"https:\/\/beuhparadis.com\/?post_type=product&#038;p=2042"},"modified":"2025-01-28T09:56:06","modified_gmt":"2025-01-28T09:56:06","slug":"doja-exclusive-mochi","status":"publish","type":"product","link":"https:\/\/beuhparadis.com\/sk\/product\/doja-exclusive-mochi\/","title":{"rendered":"Doja Exclusive | Mochi"},"content":{"rendered":"<h1 class=\"wp-block-heading\">Doja Mochi: kreat\u00edvny a upokojuj\u00faci hybridn\u00fd z\u00e1\u017eitok<\/h1>\n<p>Doja Mochi je hybridn\u00fd kme\u0148 konope, ktor\u00fd vynik\u00e1 schopnos\u0165ou stimulova\u0165 kreativitu a z\u00e1rove\u0148 pon\u00faka v\u00fdrazn\u00fa \u00fa\u013eavu od bolesti. Tento kme\u0148 je v\u00fdsledkom kr\u00ed\u017eenia Sunset Sherbet a Thin Mint Girl Scout Cookies, \u010d\u00edm vznikol kme\u0148 zn\u00e1my svojimi hust\u00fdmi, kr\u00e1snymi p\u00fa\u010dikmi, ktor\u00e9 sa p\u00fd\u0161ia mrazivou zmesou farieb vr\u00e1tane fialovej, nefritovej a jasne \u010dervenej.<\/p>\n<h2 class=\"wp-block-heading\">Inform\u00e1cie o La Souche<\/h2>\n<ul class=\"wp-block-list\">\n<li><strong>Genetika<\/strong> Hybrid zo Sunset Sherbet a Thin Mint Girl Scout Cookies.<\/li>\n<li><strong>V\u00fdroba<\/strong> Starostlivo pestovan\u00e1 na produkciu hust\u00fdch, farebn\u00fdch p\u00fa\u010dikov s vysokou koncentr\u00e1ciou THC.<\/li>\n<li><strong>Typ<\/strong> Hybrid, niekedy naz\u00fdvan\u00fd Gelato 47 alebo Mochi Gelato, zn\u00e1my t\u00fdm, \u017ee podporuje relax\u00e1ciu a kreativitu.<\/li>\n<\/ul>\n<h2 class=\"wp-block-heading\">THC a CBD<\/h2>\n<ul class=\"wp-block-list\">\n<li><strong>THC<\/strong> Priemern\u00e1 r\u00fdchlos\u0165 okolo 12% pon\u00faka dokonal\u00fa rovnov\u00e1hu medzi relax\u00e1ciou a ment\u00e1lnou stimul\u00e1ciou bez toho, aby bola ohromuj\u00faca.<\/li>\n<li><strong>CBD<\/strong> Ve\u013emi n\u00edzka, zd\u00f4raz\u0148uj\u00faca najm\u00e4 rekrea\u010dn\u00e9 a terapeutick\u00e9 \u00fa\u010dinky THC.<\/li>\n<\/ul>\n<h2 class=\"wp-block-heading\">Kde si m\u00f4\u017eem k\u00fapi\u0165 Doja Mochi online?<\/h2>\n<p><a href=\"https:\/\/beuhparadis.com\/sk\/product\/bubble-hash\/\">Beuhparadis.com<\/a> je va\u0161\u00edm cie\u013eom pri n\u00e1kupe <strong>Doja Mochi<\/strong> online, \u010do zaru\u010duje najvy\u0161\u0161iu kvalitu v\u00fdrobku, diskr\u00e9tne dodanie a dokonal\u00fd z\u00e1kazn\u00edcky servis.<\/p>\n<h2 class=\"wp-block-heading\">\u00da\u010dinky, v\u00f4\u0148a a chu\u0165<\/h2>\n<h3 class=\"wp-block-heading\">\u00da\u010dinok<\/h3>\n<ul class=\"wp-block-list\">\n<li><strong>Doja Mochi<\/strong> je cenen\u00e1 pre svoju schopnos\u0165 hlboko relaxova\u0165, navodzova\u0165 sp\u00e1nok, zlep\u0161ova\u0165 n\u00e1ladu, stimulova\u0165 a navodzova\u0165 euforick\u00fd pocit.<\/li>\n<li>Minim\u00e1lne ved\u013eaj\u0161ie \u00fa\u010dinky vr\u00e1tane sucha v \u00fastach a such\u00fdch o\u010d\u00ed, so zriedkav\u00fdmi pr\u00edpadmi \u00fazkosti a paranoje.<\/li>\n<\/ul>\n<h3 class=\"wp-block-heading\">Ar\u00f3ma<\/h3>\n<ul class=\"wp-block-list\">\n<li>Komplexn\u00e1, o\u010daruj\u00faca v\u00f4\u0148a, ktor\u00e1 kombinuje sladk\u00e9 ovocn\u00e9 t\u00f3ny s n\u00e1dychom nafty, vych\u00e1dzaj\u00face z mraziv\u00fdch farebn\u00fdch p\u00fa\u010dikov.<\/li>\n<\/ul>\n<h3 class=\"wp-block-heading\">Chu\u0165<\/h3>\n<ul class=\"wp-block-list\">\n<li>V\u00fdrazn\u00e1 sladk\u00e1 a ovocn\u00e1 chu\u0165 s t\u00f3nmi karamelu a jab\u013ak, vyv\u00e1\u017een\u00e1 \u013eahkou citr\u00f3novou kyselinkou, ktor\u00e1 je ozvenou jeho pr\u00edzna\u010dn\u00e9ho n\u00e1zvu. <strong>Doja Mochi<\/strong>.<\/li>\n<\/ul>\n<h2 class=\"wp-block-heading\">Zdravotn\u00e9 \u00fa\u010dinky<\/h2>\n<h3 class=\"wp-block-heading\">Zdravotn\u00e9 \u00fa\u010dinky<\/h3>\n<ul class=\"wp-block-list\">\n<li>\u00da\u010dinn\u00fd proti \u00fazkosti, nespavosti, stresu, depresii a nevo\u013enosti, <strong>Doja Mochi<\/strong> pon\u00faka \u00fa\u013eavu pri mnoh\u00fdch ochoreniach.<\/li>\n<\/ul>\n<h3 class=\"wp-block-heading\">M\u00f4\u017ee zmierni\u0165<\/h3>\n<ul class=\"wp-block-list\">\n<li>Je obzvl\u00e1\u0161\u0165 u\u017eito\u010dn\u00e1 pre \u013eud\u00ed trpiacich \u00fazkos\u0165ou, nespavos\u0165ou a stresom, preto\u017ee poskytuje uvo\u013enenie a pohodu.<\/li>\n<\/ul>\n<h2 class=\"wp-block-heading\">Pre\u010do si k\u00fapi\u0165 Doja Mochi od Acheterducannabis?<\/h2>\n<p>Vyberte si <strong>Buyducannabis<\/strong> za n\u00e1kup <strong>Doja Mochi<\/strong> znamen\u00e1 vybra\u0165 si spo\u013eahliv\u00e9ho dod\u00e1vate\u013ea konopn\u00fdch produktov najvy\u0161\u0161ej kvality, ktor\u00e9 s\u00fa pestovan\u00e9 s odbornos\u0165ou a v\u00e1\u0161\u0148ou. Zav\u00e4zujeme sa k bezkonkuren\u010dn\u00e9mu z\u00e1\u017eitku z n\u00e1kupu od za\u010diatku a\u017e do konca.<\/p>\n<h2 class=\"wp-block-heading\">Vl\u00e1dne pr\u00e1vne predpisy t\u00fdkaj\u00face sa predaja konope v Eur\u00f3pe<\/h2>\n<p>Predaj konope v Eur\u00f3pe sa riadi pr\u00edsnymi z\u00e1konmi, ktor\u00e9 zabezpe\u010duj\u00fa bezpe\u010dnos\u0165 spotrebite\u013eov a zhodu v\u00fdrobkov. Spolo\u010dnos\u0165 Acheterducannabis tieto predpisy d\u00f4sledne dodr\u017eiava a pon\u00faka \u00faplne leg\u00e1lne a bezpe\u010dn\u00e9 slu\u017eby online n\u00e1kupu konope Doja Mochi.<\/p>\n<hr class=\"wp-block-separator has-alpha-channel-opacity\" \/>\n<p>Acheterducannabis v\u00e1s poz\u00fdva, aby ste objavili Doja Mochi, z\u00e1ruku \u0161pi\u010dkovej kvality, v\u00fdnimo\u010dn\u00e9ho pou\u017e\u00edvate\u013esk\u00e9ho z\u00e1\u017eitku a dodr\u017eiavania eur\u00f3pskych pr\u00e1vnych noriem pre n\u00e1kup konope.<\/p>","protected":false},"excerpt":{"rendered":"<p><strong>Zdravotn\u00e9 \u00fa\u010dinky<\/strong><\/p>\n<p>Doja Mochi je \u00fa\u010dinn\u00e1 proti \u00fazkosti, nespavosti, stresu, depresii a nevo\u013enosti a poskytuje \u00fa\u013eavu pri mnoh\u00fdch ochoreniach.<\/p>","protected":false},"featured_media":2055,"comment_status":"closed","ping_status":"closed","template":"","meta":{"site-sidebar-layout":"default","site-content-layout":"","ast-site-content-layout":"default","site-content-style":"default","site-sidebar-style":"default","ast-global-header-display":"","ast-banner-title-visibility":"","ast-main-header-display":"","ast-hfb-above-header-display":"","ast-hfb-below-header-display":"","ast-hfb-mobile-header-display":"","site-post-title":"","ast-breadcrumbs-content":"","ast-featured-img":"","footer-sml-layout":"","theme-transparent-header-meta":"default","adv-header-id-meta":"","stick-header-meta":"","header-above-stick-meta":"","header-main-stick-meta":"","header-below-stick-meta":"","astra-migrate-meta-layouts":"set","ast-page-background-enabled":"default","ast-page-background-meta":{"desktop":{"background-color":"","background-image":"","background-repeat":"repeat","background-position":"center center","background-size":"auto","background-attachment":"scroll","background-type":"","background-media":"","overlay-type":"","overlay-color":"","overlay-opacity":"","overlay-gradient":""},"tablet":{"background-color":"","background-image":"","background-repeat":"repeat","background-position":"center center","background-size":"auto","background-attachment":"scroll","background-type":"","background-media":"","overlay-type":"","overlay-color":"","overlay-opacity":"","overlay-gradient":""},"mobile":{"background-color":"","background-image":"","background-repeat":"repeat","background-position":"center center","background-size":"auto","background-attachment":"scroll","background-type":"","background-media":"","overlay-type":"","overlay-color":"","overlay-opacity":"","overlay-gradient":""}},"ast-content-background-meta":{"desktop":{"background-color":"var(--ast-global-color-5)","background-image":"","background-repeat":"repeat","background-position":"center center","background-size":"auto","background-attachment":"scroll","background-type":"","background-media":"","overlay-type":"","overlay-color":"","overlay-opacity":"","overlay-gradient":""},"tablet":{"background-color":"var(--ast-global-color-5)","background-image":"","background-repeat":"repeat","background-position":"center center","background-size":"auto","background-attachment":"scroll","background-type":"","background-media":"","overlay-type":"","overlay-color":"","overlay-opacity":"","overlay-gradient":""},"mobile":{"background-color":"var(--ast-global-color-5)","background-image":"","background-repeat":"repeat","background-position":"center center","background-size":"auto","background-attachment":"scroll","background-type":"","background-media":"","overlay-type":"","overlay-color":"","overlay-opacity":"","overlay-gradient":""}},"_joinchat":[]},"product_brand":[],"product_cat":[41,47],"product_tag":[],"class_list":{"0":"post-2042","1":"product","2":"type-product","3":"status-publish","4":"has-post-thumbnail","6":"product_cat-cali-weed","7":"product_cat-doja-weed-doja-exclusive","8":"desktop-align-left","9":"tablet-align-left","10":"mobile-align-left","12":"first","13":"instock","14":"shipping-taxable","15":"purchasable","16":"product-type-variable"},"yoast_head":"<!-- This site is optimized with the Yoast SEO Premium plugin v24.1 (Yoast SEO v26.8) - https:\/\/yoast.com\/product\/yoast-seo-premium-wordpress\/ -->\n<title>Acheter Doja Mochi en Ligne | Vari\u00e9t\u00e9 de Cannabis Exotique<\/title>\n<meta name=\"description\" content=\"Acheter Doja Mochi, une vari\u00e9t\u00e9 de cannabis exotique aux ar\u00f4mes uniques et aux effets puissants. Achetez en ligne avec livraison discr\u00e8te et rapide.\" \/>\n<meta name=\"robots\" content=\"index, follow, max-snippet:-1, max-image-preview:large, max-video-preview:-1\" \/>\n<link rel=\"canonical\" href=\"https:\/\/beuhparadis.com\/sk\/product\/doja-exclusive-mochi\/\" \/>\n<meta property=\"og:locale\" content=\"sk_SK\" \/>\n<meta property=\"og:type\" content=\"article\" \/>\n<meta property=\"og:title\" content=\"Doja Exclusive | Mochi\" \/>\n<meta property=\"og:description\" content=\"Acheter Doja Mochi, une vari\u00e9t\u00e9 de cannabis exotique aux ar\u00f4mes uniques et aux effets puissants. Achetez en ligne avec livraison discr\u00e8te et rapide.\" \/>\n<meta property=\"og:url\" content=\"https:\/\/beuhparadis.com\/sk\/product\/doja-exclusive-mochi\/\" \/>\n<meta property=\"og:site_name\" content=\"Beuh Paradis\" \/>\n<meta property=\"article:modified_time\" content=\"2025-01-28T09:56:06+00:00\" \/>\n<meta property=\"og:image\" content=\"https:\/\/beuhparadis.com\/wp-content\/uploads\/2024\/12\/Doja-Exclusive-Mochi-3.jpg\" \/>\n\t<meta property=\"og:image:width\" content=\"1284\" \/>\n\t<meta property=\"og:image:height\" content=\"1464\" \/>\n\t<meta property=\"og:image:type\" content=\"image\/jpeg\" \/>\n<meta name=\"twitter:card\" content=\"summary_large_image\" \/>\n<meta name=\"twitter:label1\" content=\"Predpokladan\u00fd \u010das \u010d\u00edtania\" \/>\n\t<meta name=\"twitter:data1\" content=\"3 minutes\" \/>\n<script type=\"application\/ld+json\" class=\"yoast-schema-graph\">{\"@context\":\"https:\/\/schema.org\",\"@graph\":[{\"@type\":\"WebPage\",\"@id\":\"https:\/\/beuhparadis.com\/product\/doja-exclusive-mochi\/\",\"url\":\"https:\/\/beuhparadis.com\/product\/doja-exclusive-mochi\/\",\"name\":\"Acheter Doja Mochi en Ligne | Vari\u00e9t\u00e9 de Cannabis Exotique\",\"isPartOf\":{\"@id\":\"https:\/\/beuhparadis.com\/#website\"},\"primaryImageOfPage\":{\"@id\":\"https:\/\/beuhparadis.com\/product\/doja-exclusive-mochi\/#primaryimage\"},\"image\":{\"@id\":\"https:\/\/beuhparadis.com\/product\/doja-exclusive-mochi\/#primaryimage\"},\"thumbnailUrl\":\"https:\/\/beuhparadis.com\/wp-content\/uploads\/2024\/12\/Doja-Exclusive-Mochi-3.jpg\",\"datePublished\":\"2024-12-10T23:50:24+00:00\",\"dateModified\":\"2025-01-28T09:56:06+00:00\",\"description\":\"Acheter Doja Mochi, une vari\u00e9t\u00e9 de cannabis exotique aux ar\u00f4mes uniques et aux effets puissants. Achetez en ligne avec livraison discr\u00e8te et rapide.\",\"breadcrumb\":{\"@id\":\"https:\/\/beuhparadis.com\/product\/doja-exclusive-mochi\/#breadcrumb\"},\"inLanguage\":\"sk-SK\",\"potentialAction\":[{\"@type\":\"ReadAction\",\"target\":[\"https:\/\/beuhparadis.com\/product\/doja-exclusive-mochi\/\"]}]},{\"@type\":\"ImageObject\",\"inLanguage\":\"sk-SK\",\"@id\":\"https:\/\/beuhparadis.com\/product\/doja-exclusive-mochi\/#primaryimage\",\"url\":\"https:\/\/beuhparadis.com\/wp-content\/uploads\/2024\/12\/Doja-Exclusive-Mochi-3.jpg\",\"contentUrl\":\"https:\/\/beuhparadis.com\/wp-content\/uploads\/2024\/12\/Doja-Exclusive-Mochi-3.jpg\",\"width\":1284,\"height\":1464},{\"@type\":\"BreadcrumbList\",\"@id\":\"https:\/\/beuhparadis.com\/product\/doja-exclusive-mochi\/#breadcrumb\",\"itemListElement\":[{\"@type\":\"ListItem\",\"position\":1,\"name\":\"Home\",\"item\":\"https:\/\/beuhparadis.com\/\"},{\"@type\":\"ListItem\",\"position\":2,\"name\":\"Shop\",\"item\":\"https:\/\/beuhparadis.com\/shop\/\"},{\"@type\":\"ListItem\",\"position\":3,\"name\":\"Doja Exclusive | Mochi\"}]},{\"@type\":\"WebSite\",\"@id\":\"https:\/\/beuhparadis.com\/#website\",\"url\":\"https:\/\/beuhparadis.com\/\",\"name\":\"Beuh Paradis\",\"description\":\"\",\"potentialAction\":[{\"@type\":\"SearchAction\",\"target\":{\"@type\":\"EntryPoint\",\"urlTemplate\":\"https:\/\/beuhparadis.com\/?s={search_term_string}\"},\"query-input\":{\"@type\":\"PropertyValueSpecification\",\"valueRequired\":true,\"valueName\":\"search_term_string\"}}],\"inLanguage\":\"sk-SK\"}]}<\/script>\n<!-- \/ Yoast SEO Premium plugin. -->","yoast_head_json":{"title":"K\u00fapi\u0165 Doja Mochi online | Exotick\u00e9 odrody konope","description":"K\u00fapte si Doja Mochi, exotick\u00fa odrodu konope s jedine\u010dnou v\u00f4\u0148ou a siln\u00fdmi \u00fa\u010dinkami. K\u00fapte si ju online s r\u00fdchlym a diskr\u00e9tnym doru\u010den\u00edm.","robots":{"index":"index","follow":"follow","max-snippet":"max-snippet:-1","max-image-preview":"max-image-preview:large","max-video-preview":"max-video-preview:-1"},"canonical":"https:\/\/beuhparadis.com\/sk\/product\/doja-exclusive-mochi\/","og_locale":"sk_SK","og_type":"article","og_title":"Doja Exclusive | Mochi","og_description":"Acheter Doja Mochi, une vari\u00e9t\u00e9 de cannabis exotique aux ar\u00f4mes uniques et aux effets puissants. Achetez en ligne avec livraison discr\u00e8te et rapide.","og_url":"https:\/\/beuhparadis.com\/sk\/product\/doja-exclusive-mochi\/","og_site_name":"Beuh Paradis","article_modified_time":"2025-01-28T09:56:06+00:00","og_image":[{"width":1284,"height":1464,"url":"https:\/\/beuhparadis.com\/wp-content\/uploads\/2024\/12\/Doja-Exclusive-Mochi-3.jpg","type":"image\/jpeg"}],"twitter_card":"summary_large_image","twitter_misc":{"Predpokladan\u00fd \u010das \u010d\u00edtania":"3 minutes"},"schema":{"@context":"https:\/\/schema.org","@graph":[{"@type":"WebPage","@id":"https:\/\/beuhparadis.com\/product\/doja-exclusive-mochi\/","url":"https:\/\/beuhparadis.com\/product\/doja-exclusive-mochi\/","name":"K\u00fapi\u0165 Doja Mochi online | Exotick\u00e9 odrody konope","isPartOf":{"@id":"https:\/\/beuhparadis.com\/#website"},"primaryImageOfPage":{"@id":"https:\/\/beuhparadis.com\/product\/doja-exclusive-mochi\/#primaryimage"},"image":{"@id":"https:\/\/beuhparadis.com\/product\/doja-exclusive-mochi\/#primaryimage"},"thumbnailUrl":"https:\/\/beuhparadis.com\/wp-content\/uploads\/2024\/12\/Doja-Exclusive-Mochi-3.jpg","datePublished":"2024-12-10T23:50:24+00:00","dateModified":"2025-01-28T09:56:06+00:00","description":"K\u00fapte si Doja Mochi, exotick\u00fa odrodu konope s jedine\u010dnou v\u00f4\u0148ou a siln\u00fdmi \u00fa\u010dinkami. K\u00fapte si ju online s r\u00fdchlym a diskr\u00e9tnym doru\u010den\u00edm.","breadcrumb":{"@id":"https:\/\/beuhparadis.com\/product\/doja-exclusive-mochi\/#breadcrumb"},"inLanguage":"sk-SK","potentialAction":[{"@type":"ReadAction","target":["https:\/\/beuhparadis.com\/product\/doja-exclusive-mochi\/"]}]},{"@type":"ImageObject","inLanguage":"sk-SK","@id":"https:\/\/beuhparadis.com\/product\/doja-exclusive-mochi\/#primaryimage","url":"https:\/\/beuhparadis.com\/wp-content\/uploads\/2024\/12\/Doja-Exclusive-Mochi-3.jpg","contentUrl":"https:\/\/beuhparadis.com\/wp-content\/uploads\/2024\/12\/Doja-Exclusive-Mochi-3.jpg","width":1284,"height":1464},{"@type":"BreadcrumbList","@id":"https:\/\/beuhparadis.com\/product\/doja-exclusive-mochi\/#breadcrumb","itemListElement":[{"@type":"ListItem","position":1,"name":"Home","item":"https:\/\/beuhparadis.com\/"},{"@type":"ListItem","position":2,"name":"Shop","item":"https:\/\/beuhparadis.com\/shop\/"},{"@type":"ListItem","position":3,"name":"Doja Exclusive | Mochi"}]},{"@type":"WebSite","@id":"https:\/\/beuhparadis.com\/#website","url":"https:\/\/beuhparadis.com\/","name":"Beuh Paradis","description":"","potentialAction":[{"@type":"SearchAction","target":{"@type":"EntryPoint","urlTemplate":"https:\/\/beuhparadis.com\/?s={search_term_string}"},"query-input":{"@type":"PropertyValueSpecification","valueRequired":true,"valueName":"search_term_string"}}],"inLanguage":"sk-SK"}]}},"_links":{"self":[{"href":"https:\/\/beuhparadis.com\/sk\/wp-json\/wp\/v2\/product\/2042","targetHints":{"allow":["GET"]}}],"collection":[{"href":"https:\/\/beuhparadis.com\/sk\/wp-json\/wp\/v2\/product"}],"about":[{"href":"https:\/\/beuhparadis.com\/sk\/wp-json\/wp\/v2\/types\/product"}],"replies":[{"embeddable":true,"href":"https:\/\/beuhparadis.com\/sk\/wp-json\/wp\/v2\/comments?post=2042"}],"wp:featuredmedia":[{"embeddable":true,"href":"https:\/\/beuhparadis.com\/sk\/wp-json\/wp\/v2\/media\/2055"}],"wp:attachment":[{"href":"https:\/\/beuhparadis.com\/sk\/wp-json\/wp\/v2\/media?parent=2042"}],"wp:term":[{"taxonomy":"product_brand","embeddable":true,"href":"https:\/\/beuhparadis.com\/sk\/wp-json\/wp\/v2\/product_brand?post=2042"},{"taxonomy":"product_cat","embeddable":true,"href":"https:\/\/beuhparadis.com\/sk\/wp-json\/wp\/v2\/product_cat?post=2042"},{"taxonomy":"product_tag","embeddable":true,"href":"https:\/\/beuhparadis.com\/sk\/wp-json\/wp\/v2\/product_tag?post=2042"}],"curies":[{"name":"wp","href":"https:\/\/api.w.org\/{rel}","templated":true}]}}