{"id":2037,"date":"2024-12-10T23:50:24","date_gmt":"2024-12-10T23:50:24","guid":{"rendered":"https:\/\/beuhparadis.com\/?post_type=product&#038;p=2037"},"modified":"2025-01-28T09:37:39","modified_gmt":"2025-01-28T09:37:39","slug":"doja-exclusive-biscotti","status":"publish","type":"product","link":"https:\/\/beuhparadis.com\/sk\/product\/doja-exclusive-biscotti\/","title":{"rendered":"Doja Exclusive Biscotti"},"content":{"rendered":"<h1 class=\"wp-block-heading\">K\u00fapi\u0165 Biscotti Doja: Hybridn\u00e1 dokonalos\u0165 s vyv\u00e1\u017een\u00fdmi \u00fa\u010dinkami<\/h1>\n<p>K\u00fapi\u0165 Biscotti Doja, najnov\u0161\u00ed exkluz\u00edvny v\u00fdtvor renomovanej zna\u010dky Doja, sa r\u00fdchlo stal ob\u013e\u00faben\u00fdm medzi nad\u0161encami konope pre svoju prvotriednu kvalitu a harmonick\u00e9 \u00fa\u010dinky. Biscotti Doja, ktor\u00e1 je kr\u00ed\u017eencom sl\u00e1vnych kme\u0148ov Biscotti a Gelato, pon\u00faka nezabudnute\u013en\u00fd z\u00e1\u017eitok z konzum\u00e1cie a kombinuje cerebr\u00e1lne vplyvy s fyzickou relax\u00e1ciou. Tento kme\u0148 je dokonalou uk\u00e1\u017ekou odborn\u00fdch znalost\u00ed spolo\u010dnosti Doja pri vytv\u00e1ran\u00ed jedine\u010dn\u00fdch odr\u00f4d, \u010do dokazuje aj kme\u0148 Doja Biscotti.<\/p>\n<h2 class=\"wp-block-heading\">Inform\u00e1cie o La Souche<\/h2>\n<ul class=\"wp-block-list\">\n<li><strong>Genetika<\/strong> Kr\u00ed\u017eenec Biscotti Doja, ktor\u00fd vznikol kr\u00ed\u017een\u00edm Biscotti a Gelato, zaru\u010duje vyv\u00e1\u017een\u00fd z\u00e1\u017eitok s bohatou chu\u0165ou.<\/li>\n<li><strong>V\u00fdroba<\/strong> Pestuje sa pod\u013ea vysok\u00fdch \u0161tandardov spolo\u010dnosti Doja, \u010d\u00edm sa zabezpe\u010duje vynikaj\u00faca kvalita a optim\u00e1lna koncentr\u00e1cia kanabinoidov pre Doja Biscotti.<\/li>\n<li><strong>Typ<\/strong> Vyv\u00e1\u017een\u00fd hybrid Biscotti Doja je ide\u00e1lny pre t\u00fdch, ktor\u00ed chc\u00fa kombinova\u0165 relaxa\u010dn\u00e9 \u00fa\u010dinky s ment\u00e1lnou stimul\u00e1ciou.<\/li>\n<\/ul>\n<h2 class=\"wp-block-heading\">THC a CBD<\/h2>\n<ul class=\"wp-block-list\">\n<li><strong>THC<\/strong> Vysok\u00e1 r\u00fdchlos\u0165, pribli\u017ene 20-25%, pre v\u00fdrazn\u00e9, dlhotrvaj\u00face \u00fa\u010dinky Biscotti Doja.<\/li>\n<li><strong>CBD<\/strong> N\u00edzka, menej ako 1%, zv\u00fdraz\u0148uje psychoakt\u00edvny z\u00e1\u017eitok a z\u00e1rove\u0148 pon\u00faka cielen\u00e9 terapeutick\u00e9 \u00fa\u010dinky Doja Biscotti.<\/li>\n<\/ul>\n<h2 class=\"wp-block-heading\">Kde si m\u00f4\u017eem k\u00fapi\u0165 Biscotti Doja online?<\/h2>\n<p><a href=\"https:\/\/beuhparadis.com\/sk\/product\/honey-moroccan-blonde-hash\/\">Beuhparadis.com<\/a> je spo\u013eahliv\u00fdm zdrojom na z\u00edskanie <strong>Biscotti Exclusive Doja<\/strong> online, pon\u00faka v\u00fdnimo\u010dn\u00fa z\u00e1ruku kvality, diskr\u00e9tne doru\u010denie a bezkonkuren\u010dn\u00fd z\u00e1kazn\u00edcky servis.<\/p>\n<h2 class=\"wp-block-heading\">\u00da\u010dinky, v\u00f4\u0148a a chu\u0165<\/h2>\n<h3 class=\"wp-block-heading\">\u00da\u010dinok<\/h3>\n<ul class=\"wp-block-list\">\n<li>Biscotti Exclusive Doja pon\u00faka hlbok\u00fa relax\u00e1ciu a euf\u00f3riu, ide\u00e1lnu na uvo\u013enenie po n\u00e1ro\u010dnom dni alebo na stimul\u00e1ciu kreativity a koncentr\u00e1cie.<\/li>\n<li>Doja Biscotti zlep\u0161uje n\u00e1ladu a dod\u00e1va pocit celkovej pohody.<\/li>\n<\/ul>\n<h3 class=\"wp-block-heading\">Ar\u00f3ma<\/h3>\n<ul class=\"wp-block-list\">\n<li><strong>Biscotti Doja<\/strong> vyd\u00e1va bohat\u00fa, komplexn\u00fa v\u00f4\u0148u s t\u00f3nmi k\u00e1vy a \u010dokol\u00e1dy, ktor\u00e1 pripom\u00edna sladk\u00fa kr\u00e9mov\u00fa zmes tiramisu.<\/li>\n<\/ul>\n<h3 class=\"wp-block-heading\">Chu\u0165<\/h3>\n<ul class=\"wp-block-list\">\n<li>Chu\u0165 Doja Biscotti je gurm\u00e1nska a autentick\u00e1, sp\u00e1ja sladkos\u0165 mascarpone kr\u00e9mu s t\u00f3nmi k\u00e1vy a kakaa, \u010do prin\u00e1\u0161a vynikaj\u00faci chu\u0165ov\u00fd z\u00e1\u017eitok z Exclusive Doja Biscotti.<\/li>\n<\/ul>\n<h2 class=\"wp-block-heading\">Zdravotn\u00e9 \u00fa\u010dinky<\/h2>\n<h3 class=\"wp-block-heading\">Zdravotn\u00e9 \u00fa\u010dinky<\/h3>\n<ul class=\"wp-block-list\">\n<li><strong>Biscottidoja<\/strong> poskytuje \u00fa\u010dinn\u00fa \u00fa\u013eavu od stresu a \u00fazkosti, ako aj analgetick\u00e9 \u00fa\u010dinky na lie\u010dbu bolesti.<\/li>\n<\/ul>\n<h3 class=\"wp-block-heading\">M\u00f4\u017ee zmierni\u0165<\/h3>\n<ul class=\"wp-block-list\">\n<li>Cherry Biscotti Strain Doja je ide\u00e1lny na boj proti nespavosti, chronickej bolesti a poruch\u00e1m n\u00e1lady, zlep\u0161uje celkov\u00fd stav mysle.<\/li>\n<\/ul>\n<h2 class=\"wp-block-heading\">Pre\u010do si k\u00fapi\u0165 Biscotti Doja od Acheterducannabis?<\/h2>\n<p>V\u00fdber Acheterducannabis pre n\u00e1kup Cherry Biscotti Strain Doja znamen\u00e1 v\u00fdber dokonalosti a spo\u013eahlivosti. Zav\u00e4zujeme sa poskytova\u0165 konopn\u00e9 produkty najvy\u0161\u0161ej kvality, testovan\u00e9 a schv\u00e1len\u00e9 na \u010distotu a \u00fa\u010dinnos\u0165, \u010d\u00edm zabezpe\u010dujeme \u00fapln\u00fa spokojnos\u0165 s ka\u017edou objedn\u00e1vkou Biscotti Strain Doja.<\/p>\n<h2 class=\"wp-block-heading\">Vl\u00e1dne pr\u00e1vne predpisy t\u00fdkaj\u00face sa predaja konope v Eur\u00f3pe<\/h2>\n<p>Predaj konope v Eur\u00f3pe je regulovan\u00fd pr\u00edsnymi z\u00e1konmi. Acheterducannabis dodr\u017eiava v\u0161etky platn\u00e9 predpisy a pon\u00faka \u00faplne leg\u00e1lne a bezpe\u010dn\u00e9 slu\u017eby online n\u00e1kupu konope Cherry Biscotti Strain Doja.<\/p>\n<hr class=\"wp-block-separator has-alpha-channel-opacity\" \/>\n<p><strong>Buyducannabis<\/strong> v\u00e1s poz\u00fdva, aby ste objavili Biscotti Exclusive Doja, z\u00e1ruku najvy\u0161\u0161ej kvality, obohacuj\u00faceho z\u00e1\u017eitku z jedla a s\u00faladu s eur\u00f3pskymi pr\u00e1vnymi smernicami pre <a href=\"https:\/\/www.dojaexclusives.com\" data-type=\"link\" data-id=\"https:\/\/www.dojaexclusives.com\">Doja Biscotti<\/a>.<\/p>","protected":false},"excerpt":{"rendered":"<p><strong>Zdravotn\u00e9 \u00fa\u010dinky<\/strong><br \/>\nPoskytuje \u00fa\u010dinn\u00fa \u00fa\u013eavu od stresu a \u00fazkosti, ako aj analgetick\u00e9 vlastnosti na lie\u010dbu bolesti.<\/p>","protected":false},"featured_media":2054,"comment_status":"closed","ping_status":"closed","template":"","meta":{"site-sidebar-layout":"default","site-content-layout":"","ast-site-content-layout":"default","site-content-style":"default","site-sidebar-style":"default","ast-global-header-display":"","ast-banner-title-visibility":"","ast-main-header-display":"","ast-hfb-above-header-display":"","ast-hfb-below-header-display":"","ast-hfb-mobile-header-display":"","site-post-title":"","ast-breadcrumbs-content":"","ast-featured-img":"","footer-sml-layout":"","theme-transparent-header-meta":"default","adv-header-id-meta":"","stick-header-meta":"","header-above-stick-meta":"","header-main-stick-meta":"","header-below-stick-meta":"","astra-migrate-meta-layouts":"set","ast-page-background-enabled":"default","ast-page-background-meta":{"desktop":{"background-color":"","background-image":"","background-repeat":"repeat","background-position":"center center","background-size":"auto","background-attachment":"scroll","background-type":"","background-media":"","overlay-type":"","overlay-color":"","overlay-opacity":"","overlay-gradient":""},"tablet":{"background-color":"","background-image":"","background-repeat":"repeat","background-position":"center center","background-size":"auto","background-attachment":"scroll","background-type":"","background-media":"","overlay-type":"","overlay-color":"","overlay-opacity":"","overlay-gradient":""},"mobile":{"background-color":"","background-image":"","background-repeat":"repeat","background-position":"center center","background-size":"auto","background-attachment":"scroll","background-type":"","background-media":"","overlay-type":"","overlay-color":"","overlay-opacity":"","overlay-gradient":""}},"ast-content-background-meta":{"desktop":{"background-color":"var(--ast-global-color-5)","background-image":"","background-repeat":"repeat","background-position":"center center","background-size":"auto","background-attachment":"scroll","background-type":"","background-media":"","overlay-type":"","overlay-color":"","overlay-opacity":"","overlay-gradient":""},"tablet":{"background-color":"var(--ast-global-color-5)","background-image":"","background-repeat":"repeat","background-position":"center center","background-size":"auto","background-attachment":"scroll","background-type":"","background-media":"","overlay-type":"","overlay-color":"","overlay-opacity":"","overlay-gradient":""},"mobile":{"background-color":"var(--ast-global-color-5)","background-image":"","background-repeat":"repeat","background-position":"center center","background-size":"auto","background-attachment":"scroll","background-type":"","background-media":"","overlay-type":"","overlay-color":"","overlay-opacity":"","overlay-gradient":""}},"_joinchat":[]},"product_brand":[],"product_cat":[41,47],"product_tag":[],"class_list":{"0":"post-2037","1":"product","2":"type-product","3":"status-publish","4":"has-post-thumbnail","6":"product_cat-cali-weed","7":"product_cat-doja-weed-doja-exclusive","8":"desktop-align-left","9":"tablet-align-left","10":"mobile-align-left","12":"first","13":"instock","14":"shipping-taxable","15":"purchasable","16":"product-type-variable"},"yoast_head":"<!-- This site is optimized with the Yoast SEO Premium plugin v24.1 (Yoast SEO v26.8) - https:\/\/yoast.com\/product\/yoast-seo-premium-wordpress\/ -->\n<title>Acheter Biscotti Doja en Ligne | Vari\u00e9t\u00e9 de Cannabis Premium<\/title>\n<meta name=\"description\" content=\"Acheter Biscotti Doja, une vari\u00e9t\u00e9 de cannabis premium r\u00e9put\u00e9e pour ses ar\u00f4mes sucr\u00e9s et ses effets \u00e9quilibr\u00e9s. Achetez en ligne avec livraison discr\u00e8te et rapide. Parfait pour les amateurs de cannabis raffin\u00e9.\" \/>\n<meta name=\"robots\" content=\"index, follow, max-snippet:-1, max-image-preview:large, max-video-preview:-1\" \/>\n<link rel=\"canonical\" href=\"https:\/\/beuhparadis.com\/sk\/product\/doja-exclusive-biscotti\/\" \/>\n<meta property=\"og:locale\" content=\"sk_SK\" \/>\n<meta property=\"og:type\" content=\"article\" \/>\n<meta property=\"og:title\" content=\"Doja Exclusive Biscotti\" \/>\n<meta property=\"og:description\" content=\"Acheter Biscotti Doja, une vari\u00e9t\u00e9 de cannabis premium r\u00e9put\u00e9e pour ses ar\u00f4mes sucr\u00e9s et ses effets \u00e9quilibr\u00e9s. Achetez en ligne avec livraison discr\u00e8te et rapide. Parfait pour les amateurs de cannabis raffin\u00e9.\" \/>\n<meta property=\"og:url\" content=\"https:\/\/beuhparadis.com\/sk\/product\/doja-exclusive-biscotti\/\" \/>\n<meta property=\"og:site_name\" content=\"Beuh Paradis\" \/>\n<meta property=\"article:modified_time\" content=\"2025-01-28T09:37:39+00:00\" \/>\n<meta property=\"og:image\" content=\"https:\/\/beuhparadis.com\/wp-content\/uploads\/2024\/12\/Doja-Exclusive-Biscotti-3.jpg\" \/>\n\t<meta property=\"og:image:width\" content=\"1242\" \/>\n\t<meta property=\"og:image:height\" content=\"1376\" \/>\n\t<meta property=\"og:image:type\" content=\"image\/jpeg\" \/>\n<meta name=\"twitter:card\" content=\"summary_large_image\" \/>\n<meta name=\"twitter:label1\" content=\"Predpokladan\u00fd \u010das \u010d\u00edtania\" \/>\n\t<meta name=\"twitter:data1\" content=\"3 minutes\" \/>\n<script type=\"application\/ld+json\" class=\"yoast-schema-graph\">{\"@context\":\"https:\/\/schema.org\",\"@graph\":[{\"@type\":\"WebPage\",\"@id\":\"https:\/\/beuhparadis.com\/product\/doja-exclusive-biscotti\/\",\"url\":\"https:\/\/beuhparadis.com\/product\/doja-exclusive-biscotti\/\",\"name\":\"Acheter Biscotti Doja en Ligne | Vari\u00e9t\u00e9 de Cannabis Premium\",\"isPartOf\":{\"@id\":\"https:\/\/beuhparadis.com\/#website\"},\"primaryImageOfPage\":{\"@id\":\"https:\/\/beuhparadis.com\/product\/doja-exclusive-biscotti\/#primaryimage\"},\"image\":{\"@id\":\"https:\/\/beuhparadis.com\/product\/doja-exclusive-biscotti\/#primaryimage\"},\"thumbnailUrl\":\"https:\/\/beuhparadis.com\/wp-content\/uploads\/2024\/12\/Doja-Exclusive-Biscotti-3.jpg\",\"datePublished\":\"2024-12-10T23:50:24+00:00\",\"dateModified\":\"2025-01-28T09:37:39+00:00\",\"description\":\"Acheter Biscotti Doja, une vari\u00e9t\u00e9 de cannabis premium r\u00e9put\u00e9e pour ses ar\u00f4mes sucr\u00e9s et ses effets \u00e9quilibr\u00e9s. Achetez en ligne avec livraison discr\u00e8te et rapide. Parfait pour les amateurs de cannabis raffin\u00e9.\",\"breadcrumb\":{\"@id\":\"https:\/\/beuhparadis.com\/product\/doja-exclusive-biscotti\/#breadcrumb\"},\"inLanguage\":\"sk-SK\",\"potentialAction\":[{\"@type\":\"ReadAction\",\"target\":[\"https:\/\/beuhparadis.com\/product\/doja-exclusive-biscotti\/\"]}]},{\"@type\":\"ImageObject\",\"inLanguage\":\"sk-SK\",\"@id\":\"https:\/\/beuhparadis.com\/product\/doja-exclusive-biscotti\/#primaryimage\",\"url\":\"https:\/\/beuhparadis.com\/wp-content\/uploads\/2024\/12\/Doja-Exclusive-Biscotti-3.jpg\",\"contentUrl\":\"https:\/\/beuhparadis.com\/wp-content\/uploads\/2024\/12\/Doja-Exclusive-Biscotti-3.jpg\",\"width\":1242,\"height\":1376},{\"@type\":\"BreadcrumbList\",\"@id\":\"https:\/\/beuhparadis.com\/product\/doja-exclusive-biscotti\/#breadcrumb\",\"itemListElement\":[{\"@type\":\"ListItem\",\"position\":1,\"name\":\"Home\",\"item\":\"https:\/\/beuhparadis.com\/\"},{\"@type\":\"ListItem\",\"position\":2,\"name\":\"Shop\",\"item\":\"https:\/\/beuhparadis.com\/shop\/\"},{\"@type\":\"ListItem\",\"position\":3,\"name\":\"Doja Exclusive Biscotti\"}]},{\"@type\":\"WebSite\",\"@id\":\"https:\/\/beuhparadis.com\/#website\",\"url\":\"https:\/\/beuhparadis.com\/\",\"name\":\"Beuh Paradis\",\"description\":\"\",\"potentialAction\":[{\"@type\":\"SearchAction\",\"target\":{\"@type\":\"EntryPoint\",\"urlTemplate\":\"https:\/\/beuhparadis.com\/?s={search_term_string}\"},\"query-input\":{\"@type\":\"PropertyValueSpecification\",\"valueRequired\":true,\"valueName\":\"search_term_string\"}}],\"inLanguage\":\"sk-SK\"}]}<\/script>\n<!-- \/ Yoast SEO Premium plugin. -->","yoast_head_json":{"title":"K\u00fapi\u0165 Biscotti Doja online | Pr\u00e9miov\u00e1 odroda konope","description":"K\u00fapte si Biscotti Doja, pr\u00e9miov\u00fd kme\u0148 konope zn\u00e1my svojou sladkou chu\u0165ou a vyv\u00e1\u017een\u00fdmi \u00fa\u010dinkami. Nakupujte online s r\u00fdchlym a diskr\u00e9tnym doru\u010den\u00edm. Ide\u00e1lne pre milovn\u00edkov rafinovanej konopy.","robots":{"index":"index","follow":"follow","max-snippet":"max-snippet:-1","max-image-preview":"max-image-preview:large","max-video-preview":"max-video-preview:-1"},"canonical":"https:\/\/beuhparadis.com\/sk\/product\/doja-exclusive-biscotti\/","og_locale":"sk_SK","og_type":"article","og_title":"Doja Exclusive Biscotti","og_description":"Acheter Biscotti Doja, une vari\u00e9t\u00e9 de cannabis premium r\u00e9put\u00e9e pour ses ar\u00f4mes sucr\u00e9s et ses effets \u00e9quilibr\u00e9s. Achetez en ligne avec livraison discr\u00e8te et rapide. Parfait pour les amateurs de cannabis raffin\u00e9.","og_url":"https:\/\/beuhparadis.com\/sk\/product\/doja-exclusive-biscotti\/","og_site_name":"Beuh Paradis","article_modified_time":"2025-01-28T09:37:39+00:00","og_image":[{"width":1242,"height":1376,"url":"https:\/\/beuhparadis.com\/wp-content\/uploads\/2024\/12\/Doja-Exclusive-Biscotti-3.jpg","type":"image\/jpeg"}],"twitter_card":"summary_large_image","twitter_misc":{"Predpokladan\u00fd \u010das \u010d\u00edtania":"3 minutes"},"schema":{"@context":"https:\/\/schema.org","@graph":[{"@type":"WebPage","@id":"https:\/\/beuhparadis.com\/product\/doja-exclusive-biscotti\/","url":"https:\/\/beuhparadis.com\/product\/doja-exclusive-biscotti\/","name":"K\u00fapi\u0165 Biscotti Doja online | Pr\u00e9miov\u00e1 odroda konope","isPartOf":{"@id":"https:\/\/beuhparadis.com\/#website"},"primaryImageOfPage":{"@id":"https:\/\/beuhparadis.com\/product\/doja-exclusive-biscotti\/#primaryimage"},"image":{"@id":"https:\/\/beuhparadis.com\/product\/doja-exclusive-biscotti\/#primaryimage"},"thumbnailUrl":"https:\/\/beuhparadis.com\/wp-content\/uploads\/2024\/12\/Doja-Exclusive-Biscotti-3.jpg","datePublished":"2024-12-10T23:50:24+00:00","dateModified":"2025-01-28T09:37:39+00:00","description":"K\u00fapte si Biscotti Doja, pr\u00e9miov\u00fd kme\u0148 konope zn\u00e1my svojou sladkou chu\u0165ou a vyv\u00e1\u017een\u00fdmi \u00fa\u010dinkami. Nakupujte online s r\u00fdchlym a diskr\u00e9tnym doru\u010den\u00edm. Ide\u00e1lne pre milovn\u00edkov rafinovanej konopy.","breadcrumb":{"@id":"https:\/\/beuhparadis.com\/product\/doja-exclusive-biscotti\/#breadcrumb"},"inLanguage":"sk-SK","potentialAction":[{"@type":"ReadAction","target":["https:\/\/beuhparadis.com\/product\/doja-exclusive-biscotti\/"]}]},{"@type":"ImageObject","inLanguage":"sk-SK","@id":"https:\/\/beuhparadis.com\/product\/doja-exclusive-biscotti\/#primaryimage","url":"https:\/\/beuhparadis.com\/wp-content\/uploads\/2024\/12\/Doja-Exclusive-Biscotti-3.jpg","contentUrl":"https:\/\/beuhparadis.com\/wp-content\/uploads\/2024\/12\/Doja-Exclusive-Biscotti-3.jpg","width":1242,"height":1376},{"@type":"BreadcrumbList","@id":"https:\/\/beuhparadis.com\/product\/doja-exclusive-biscotti\/#breadcrumb","itemListElement":[{"@type":"ListItem","position":1,"name":"Home","item":"https:\/\/beuhparadis.com\/"},{"@type":"ListItem","position":2,"name":"Shop","item":"https:\/\/beuhparadis.com\/shop\/"},{"@type":"ListItem","position":3,"name":"Doja Exclusive Biscotti"}]},{"@type":"WebSite","@id":"https:\/\/beuhparadis.com\/#website","url":"https:\/\/beuhparadis.com\/","name":"Beuh Paradis","description":"","potentialAction":[{"@type":"SearchAction","target":{"@type":"EntryPoint","urlTemplate":"https:\/\/beuhparadis.com\/?s={search_term_string}"},"query-input":{"@type":"PropertyValueSpecification","valueRequired":true,"valueName":"search_term_string"}}],"inLanguage":"sk-SK"}]}},"_links":{"self":[{"href":"https:\/\/beuhparadis.com\/sk\/wp-json\/wp\/v2\/product\/2037","targetHints":{"allow":["GET"]}}],"collection":[{"href":"https:\/\/beuhparadis.com\/sk\/wp-json\/wp\/v2\/product"}],"about":[{"href":"https:\/\/beuhparadis.com\/sk\/wp-json\/wp\/v2\/types\/product"}],"replies":[{"embeddable":true,"href":"https:\/\/beuhparadis.com\/sk\/wp-json\/wp\/v2\/comments?post=2037"}],"wp:featuredmedia":[{"embeddable":true,"href":"https:\/\/beuhparadis.com\/sk\/wp-json\/wp\/v2\/media\/2054"}],"wp:attachment":[{"href":"https:\/\/beuhparadis.com\/sk\/wp-json\/wp\/v2\/media?parent=2037"}],"wp:term":[{"taxonomy":"product_brand","embeddable":true,"href":"https:\/\/beuhparadis.com\/sk\/wp-json\/wp\/v2\/product_brand?post=2037"},{"taxonomy":"product_cat","embeddable":true,"href":"https:\/\/beuhparadis.com\/sk\/wp-json\/wp\/v2\/product_cat?post=2037"},{"taxonomy":"product_tag","embeddable":true,"href":"https:\/\/beuhparadis.com\/sk\/wp-json\/wp\/v2\/product_tag?post=2037"}],"curies":[{"name":"wp","href":"https:\/\/api.w.org\/{rel}","templated":true}]}}