{"id":2032,"date":"2024-12-10T23:50:24","date_gmt":"2024-12-10T23:50:24","guid":{"rendered":"https:\/\/beuhparadis.com\/?post_type=product&#038;p=2032"},"modified":"2025-01-28T10:02:58","modified_gmt":"2025-01-28T10:02:58","slug":"doja-exclusive-karmas-headstash","status":"publish","type":"product","link":"https:\/\/beuhparadis.com\/sk\/product\/doja-exclusive-karmas-headstash\/","title":{"rendered":"Doja Exclusive | Karmas Headstash"},"content":{"rendered":"<h1 class=\"wp-block-heading\">K\u00fapi\u0165 Doja Karmas Headstash: Genetick\u00fd poklad s dominanciou Indica<\/h1>\n<p>K\u00fapi\u0165 Doja Karmas Headstash je indica-dominantn\u00fd kme\u0148 s komplexn\u00fdm, oce\u0148ovan\u00fdm genetick\u00fdm profilom. Tento kme\u0148, ktor\u00fd z\u00edskal 1. miesto v kateg\u00f3rii Best Indica na Elite Cup v Amsterdame v roku 2015, je v\u00fdsledkom starostliv\u00e9ho kr\u00ed\u017eenia zameran\u00e9ho na kombin\u00e1ciu toho najlep\u0161ieho z oboch konopn\u00fdch svetov.<\/p>\n<h2 class=\"wp-block-heading\">Inform\u00e1cie o La Souche<\/h2>\n<ul class=\"wp-block-list\">\n<li><strong>Genetika<\/strong> V\u00fdsledok trojcestn\u00e9ho kr\u00ed\u017eenia medzi Girl Scout Cookies, Cannarado's Cherry Pie a samcom KarmaRado OG, nesk\u00f4r obohaten\u00e9ho o k\u00fasok Biker Kush od Karma Genetics, aby sa zv\u00fdraznil vplyv OG Kush.<\/li>\n<li><strong>V\u00fdroba<\/strong> Pestuje sa v optimalizovan\u00fdch podmienkach, aby sa zabezpe\u010dila maxim\u00e1lna expresia kanabinoidov a terp\u00e9nov, \u010do zaru\u010duje prvotriednu kvalitu kanabinoidov a terp\u00e9nov. <strong>Doja Karmas Headstash<\/strong>.<\/li>\n<li><strong>Typ<\/strong> Dominancia Indica, ktor\u00e1 pon\u00faka hlboko relaxa\u010dn\u00fd z\u00e1\u017eitok a z\u00e1rove\u0148 stimuluje zmysly.<\/li>\n<\/ul>\n<h2 class=\"wp-block-heading\">THC a CBD<\/h2>\n<ul class=\"wp-block-list\">\n<li><strong>THC<\/strong> Vysok\u00fd v\u00fdnos, ktor\u00fd odr\u00e1\u017ea silu a vynikaj\u00facu kvalitu tohto kme\u0148a, ide\u00e1lny pre znalcov, ktor\u00ed h\u013eadaj\u00fa intenz\u00edvne \u00fa\u010dinky.<\/li>\n<li><strong>CBD<\/strong> Ve\u013emi n\u00edzka, \u010do zv\u00fdraz\u0148uje psychoakt\u00edvne a relaxa\u010dn\u00e9 \u00fa\u010dinky kme\u0148a.<\/li>\n<\/ul>\n<h2 class=\"wp-block-heading\">Kde si m\u00f4\u017eem k\u00fapi\u0165 Doja Karmas Headstash online?<\/h2>\n<p><a href=\"https:\/\/beuhparadis.com\/sk\/product\/charas-hash\/\" data-type=\"link\" data-id=\"https:\/\/acheterducannabis.fr\/\">Beuhparadis.com<\/a> je ide\u00e1lnou destin\u00e1ciou na z\u00edskanie <strong>Doja Karmas Headstash<\/strong> online, \u010do zaru\u010duje bezpe\u010dn\u00e9, diskr\u00e9tne a kvalitn\u00e9 nakupovanie.<\/p>\n<h2 class=\"wp-block-heading\">\u00da\u010dinky, v\u00f4\u0148a a chu\u0165<\/h2>\n<h3 class=\"wp-block-heading\">\u00da\u010dinok<\/h3>\n<ul class=\"wp-block-list\">\n<li>Intenz\u00edvne uvo\u013enenie tela a du\u0161evn\u00e1 euf\u00f3ria, charakteristick\u00e9 znaky pr\u00e9miov\u00fdch kme\u0148ov Indica, ide\u00e1lne na relax\u00e1ciu na konci d\u0148a.<\/li>\n<li>V\u010faka svojmu bohat\u00e9mu genetick\u00e9mu dedi\u010dstvu stimuluje kreativitu a prin\u00e1\u0161a du\u0161evn\u00fd pokoj.<\/li>\n<\/ul>\n<h3 class=\"wp-block-heading\">Ar\u00f3ma<\/h3>\n<ul class=\"wp-block-list\">\n<li>Komplexn\u00fd chu\u0165ov\u00fd profil, v ktorom sa mie\u0161aj\u00fa zemit\u00e9 a sladk\u00e9 t\u00f3ny zdeden\u00e9 po predkoch Girl Scout Cookies a Cherry Pie s v\u00fdrazn\u00fdm n\u00e1dychom OG Kush.<\/li>\n<\/ul>\n<h3 class=\"wp-block-heading\">Chu\u0165<\/h3>\n<ul class=\"wp-block-list\">\n<li>Bohat\u00e1, obklopuj\u00faca chu\u0165 pripom\u00ednaj\u00faca aromatick\u00e9 nuansy su\u0161ienok a \u010dere\u0161n\u00ed s robustn\u00fdm, korenist\u00fdm z\u00e1verom kush.<\/li>\n<\/ul>\n<h2 class=\"wp-block-heading\">Zdravotn\u00e9 \u00fa\u010dinky<\/h2>\n<h3 class=\"wp-block-heading\">Zdravotn\u00e9 \u00fa\u010dinky<\/h3>\n<ul class=\"wp-block-list\">\n<li>\u00da\u010dinn\u00e1 \u00fa\u013eava od stresu, \u00fazkosti a chronickej bolesti v\u010faka z\u00e1kladni s dominanciou Indica.<\/li>\n<li>M\u00f4\u017ee pom\u00f4c\u0165 v boji proti nespavosti, podporuje pokojn\u00fd a mierny sp\u00e1nok.<\/li>\n<\/ul>\n<h3 class=\"wp-block-heading\">M\u00f4\u017ee zmierni\u0165<\/h3>\n<ul class=\"wp-block-list\">\n<li>Poruchy sp\u00e1nku a pretrv\u00e1vaj\u00face bolesti, ktor\u00e9 poskytuj\u00fa hlbok\u00fd a trval\u00fd komfort.<\/li>\n<li>Poruchy n\u00e1lady, zlep\u0161enie celkov\u00e9ho stavu mysle a pohody.<\/li>\n<\/ul>\n<h2 class=\"wp-block-heading\">Pre\u010do by ste si mali k\u00fapi\u0165 Doja Karmas Headstash od Acheterducannabis?<\/h2>\n<p>Vyberte si <strong>Buyducannabis<\/strong> za n\u00e1kup <strong>Doja Karmas Headstash<\/strong> znamen\u00e1, \u017ee si vyberiete konopn\u00fd produkt najvy\u0161\u0161ej kvality, ktor\u00fd je pestovan\u00fd s v\u00e1\u0161\u0148ou a odbornos\u0165ou. Sna\u017e\u00edme sa v\u00e1m poskytn\u00fa\u0165 v\u00fdnimo\u010dn\u00fd z\u00e1\u017eitok z nakupovania, od procesu objedn\u00e1vania a\u017e po doru\u010denie k va\u0161im dver\u00e1m.<\/p>\n<h2 class=\"wp-block-heading\">Vl\u00e1dne pr\u00e1vne predpisy t\u00fdkaj\u00face sa predaja konope v Eur\u00f3pe<\/h2>\n<p>Predaj konope v Eur\u00f3pe je pr\u00edsne regulovan\u00fd, aby sa zabezpe\u010dila bezpe\u010dnos\u0165 spotrebite\u013eov a kvalita v\u00fdrobkov. <strong>Buyducannabis<\/strong> sp\u013a\u0148a v\u0161etky platn\u00e9 normy a predpisy a pon\u00faka \u00faplne leg\u00e1lne a bezpe\u010dn\u00e9 online nakupovanie pre <strong>Doja Karmas Headstash<\/strong>. Pred n\u00e1kupom sa uistite, \u017ee pozn\u00e1te z\u00e1kony platn\u00e9 vo va\u0161ej krajine alebo regi\u00f3ne.<\/p>\n<hr class=\"wp-block-separator has-alpha-channel-opacity\" \/>\n<p><strong>Buyducannabis<\/strong> v\u00e1s poz\u00fdva objavova\u0165 <strong>Doja Karmas Headstash<\/strong>Zaru\u010dujeme \u00fapln\u00fa spokojnos\u0165 v\u010faka bezkonkuren\u010dnej kvalite, spo\u013eahlivej dod\u00e1vke a dodr\u017eiavaniu eur\u00f3pskych pr\u00e1vnych noriem.<\/p>","protected":false},"excerpt":{"rendered":"<p><strong>Doja Karmas Headstash lek\u00e1rske \u00fa\u010dinky<\/strong><\/p>\n<ul>\n<li>\u00da\u010dinn\u00e1 \u00fa\u013eava od stresu, \u00fazkosti a chronickej bolesti v\u010faka z\u00e1kladni s dominanciou Indica.<\/li>\n<\/ul>\n<ul>\n<li>M\u00f4\u017ee pom\u00f4c\u0165 v boji proti nespavosti, podporuje pokojn\u00fd a mierny sp\u00e1nok.<\/li>\n<\/ul>","protected":false},"featured_media":2053,"comment_status":"closed","ping_status":"closed","template":"","meta":{"site-sidebar-layout":"default","site-content-layout":"","ast-site-content-layout":"default","site-content-style":"default","site-sidebar-style":"default","ast-global-header-display":"","ast-banner-title-visibility":"","ast-main-header-display":"","ast-hfb-above-header-display":"","ast-hfb-below-header-display":"","ast-hfb-mobile-header-display":"","site-post-title":"","ast-breadcrumbs-content":"","ast-featured-img":"","footer-sml-layout":"","theme-transparent-header-meta":"default","adv-header-id-meta":"","stick-header-meta":"","header-above-stick-meta":"","header-main-stick-meta":"","header-below-stick-meta":"","astra-migrate-meta-layouts":"set","ast-page-background-enabled":"default","ast-page-background-meta":{"desktop":{"background-color":"","background-image":"","background-repeat":"repeat","background-position":"center center","background-size":"auto","background-attachment":"scroll","background-type":"","background-media":"","overlay-type":"","overlay-color":"","overlay-opacity":"","overlay-gradient":""},"tablet":{"background-color":"","background-image":"","background-repeat":"repeat","background-position":"center center","background-size":"auto","background-attachment":"scroll","background-type":"","background-media":"","overlay-type":"","overlay-color":"","overlay-opacity":"","overlay-gradient":""},"mobile":{"background-color":"","background-image":"","background-repeat":"repeat","background-position":"center center","background-size":"auto","background-attachment":"scroll","background-type":"","background-media":"","overlay-type":"","overlay-color":"","overlay-opacity":"","overlay-gradient":""}},"ast-content-background-meta":{"desktop":{"background-color":"var(--ast-global-color-5)","background-image":"","background-repeat":"repeat","background-position":"center center","background-size":"auto","background-attachment":"scroll","background-type":"","background-media":"","overlay-type":"","overlay-color":"","overlay-opacity":"","overlay-gradient":""},"tablet":{"background-color":"var(--ast-global-color-5)","background-image":"","background-repeat":"repeat","background-position":"center center","background-size":"auto","background-attachment":"scroll","background-type":"","background-media":"","overlay-type":"","overlay-color":"","overlay-opacity":"","overlay-gradient":""},"mobile":{"background-color":"var(--ast-global-color-5)","background-image":"","background-repeat":"repeat","background-position":"center center","background-size":"auto","background-attachment":"scroll","background-type":"","background-media":"","overlay-type":"","overlay-color":"","overlay-opacity":"","overlay-gradient":""}},"_joinchat":[]},"product_brand":[],"product_cat":[41,47],"product_tag":[],"class_list":{"0":"post-2032","1":"product","2":"type-product","3":"status-publish","4":"has-post-thumbnail","6":"product_cat-cali-weed","7":"product_cat-doja-weed-doja-exclusive","8":"desktop-align-left","9":"tablet-align-left","10":"mobile-align-left","12":"first","13":"instock","14":"shipping-taxable","15":"purchasable","16":"product-type-variable"},"yoast_head":"<!-- This site is optimized with the Yoast SEO Premium plugin v24.1 (Yoast SEO v26.8) - https:\/\/yoast.com\/product\/yoast-seo-premium-wordpress\/ -->\n<title>Acheter Doja Karmas Headstash | Vari\u00e9t\u00e9 de Cannabis Exclusif<\/title>\n<meta name=\"description\" content=\"Acheter Doja Karmas Headstash, une vari\u00e9t\u00e9 de cannabis exclusif aux ar\u00f4mes riches et aux effets puissants. Achetez avec livraison discr\u00e8te et rapide.\" \/>\n<meta name=\"robots\" content=\"index, follow, max-snippet:-1, max-image-preview:large, max-video-preview:-1\" \/>\n<link rel=\"canonical\" href=\"https:\/\/beuhparadis.com\/sk\/product\/doja-exclusive-karmas-headstash\/\" \/>\n<meta property=\"og:locale\" content=\"sk_SK\" \/>\n<meta property=\"og:type\" content=\"article\" \/>\n<meta property=\"og:title\" content=\"Doja Exclusive | Karmas Headstash\" \/>\n<meta property=\"og:description\" content=\"Acheter Doja Karmas Headstash, une vari\u00e9t\u00e9 de cannabis exclusif aux ar\u00f4mes riches et aux effets puissants. Achetez avec livraison discr\u00e8te et rapide.\" \/>\n<meta property=\"og:url\" content=\"https:\/\/beuhparadis.com\/sk\/product\/doja-exclusive-karmas-headstash\/\" \/>\n<meta property=\"og:site_name\" content=\"Beuh Paradis\" \/>\n<meta property=\"article:modified_time\" content=\"2025-01-28T10:02:58+00:00\" \/>\n<meta property=\"og:image\" content=\"https:\/\/beuhparadis.com\/wp-content\/uploads\/2024\/12\/Doja-Exclusive-Karmas-Headstash-3.jpg\" \/>\n\t<meta property=\"og:image:width\" content=\"1284\" \/>\n\t<meta property=\"og:image:height\" content=\"1571\" \/>\n\t<meta property=\"og:image:type\" content=\"image\/jpeg\" \/>\n<meta name=\"twitter:card\" content=\"summary_large_image\" \/>\n<meta name=\"twitter:label1\" content=\"Predpokladan\u00fd \u010das \u010d\u00edtania\" \/>\n\t<meta name=\"twitter:data1\" content=\"3 minutes\" \/>\n<script type=\"application\/ld+json\" class=\"yoast-schema-graph\">{\"@context\":\"https:\/\/schema.org\",\"@graph\":[{\"@type\":\"WebPage\",\"@id\":\"https:\/\/beuhparadis.com\/product\/doja-exclusive-karmas-headstash\/\",\"url\":\"https:\/\/beuhparadis.com\/product\/doja-exclusive-karmas-headstash\/\",\"name\":\"Acheter Doja Karmas Headstash | Vari\u00e9t\u00e9 de Cannabis Exclusif\",\"isPartOf\":{\"@id\":\"https:\/\/beuhparadis.com\/#website\"},\"primaryImageOfPage\":{\"@id\":\"https:\/\/beuhparadis.com\/product\/doja-exclusive-karmas-headstash\/#primaryimage\"},\"image\":{\"@id\":\"https:\/\/beuhparadis.com\/product\/doja-exclusive-karmas-headstash\/#primaryimage\"},\"thumbnailUrl\":\"https:\/\/beuhparadis.com\/wp-content\/uploads\/2024\/12\/Doja-Exclusive-Karmas-Headstash-3.jpg\",\"datePublished\":\"2024-12-10T23:50:24+00:00\",\"dateModified\":\"2025-01-28T10:02:58+00:00\",\"description\":\"Acheter Doja Karmas Headstash, une vari\u00e9t\u00e9 de cannabis exclusif aux ar\u00f4mes riches et aux effets puissants. Achetez avec livraison discr\u00e8te et rapide.\",\"breadcrumb\":{\"@id\":\"https:\/\/beuhparadis.com\/product\/doja-exclusive-karmas-headstash\/#breadcrumb\"},\"inLanguage\":\"sk-SK\",\"potentialAction\":[{\"@type\":\"ReadAction\",\"target\":[\"https:\/\/beuhparadis.com\/product\/doja-exclusive-karmas-headstash\/\"]}]},{\"@type\":\"ImageObject\",\"inLanguage\":\"sk-SK\",\"@id\":\"https:\/\/beuhparadis.com\/product\/doja-exclusive-karmas-headstash\/#primaryimage\",\"url\":\"https:\/\/beuhparadis.com\/wp-content\/uploads\/2024\/12\/Doja-Exclusive-Karmas-Headstash-3.jpg\",\"contentUrl\":\"https:\/\/beuhparadis.com\/wp-content\/uploads\/2024\/12\/Doja-Exclusive-Karmas-Headstash-3.jpg\",\"width\":1284,\"height\":1571},{\"@type\":\"BreadcrumbList\",\"@id\":\"https:\/\/beuhparadis.com\/product\/doja-exclusive-karmas-headstash\/#breadcrumb\",\"itemListElement\":[{\"@type\":\"ListItem\",\"position\":1,\"name\":\"Home\",\"item\":\"https:\/\/beuhparadis.com\/\"},{\"@type\":\"ListItem\",\"position\":2,\"name\":\"Shop\",\"item\":\"https:\/\/beuhparadis.com\/shop\/\"},{\"@type\":\"ListItem\",\"position\":3,\"name\":\"Doja Exclusive | Karmas Headstash\"}]},{\"@type\":\"WebSite\",\"@id\":\"https:\/\/beuhparadis.com\/#website\",\"url\":\"https:\/\/beuhparadis.com\/\",\"name\":\"Beuh Paradis\",\"description\":\"\",\"potentialAction\":[{\"@type\":\"SearchAction\",\"target\":{\"@type\":\"EntryPoint\",\"urlTemplate\":\"https:\/\/beuhparadis.com\/?s={search_term_string}\"},\"query-input\":{\"@type\":\"PropertyValueSpecification\",\"valueRequired\":true,\"valueName\":\"search_term_string\"}}],\"inLanguage\":\"sk-SK\"}]}<\/script>\n<!-- \/ Yoast SEO Premium plugin. -->","yoast_head_json":{"title":"K\u00fapi\u0165 Doja Karmas Headstash | Exkluz\u00edvna odroda konope","description":"K\u00fapte si Doja Karmas Headstash, exkluz\u00edvny kme\u0148 konope s bohatou ar\u00f3mou a siln\u00fdmi \u00fa\u010dinkami. K\u00fapte si s r\u00fdchlym a diskr\u00e9tnym doru\u010den\u00edm.","robots":{"index":"index","follow":"follow","max-snippet":"max-snippet:-1","max-image-preview":"max-image-preview:large","max-video-preview":"max-video-preview:-1"},"canonical":"https:\/\/beuhparadis.com\/sk\/product\/doja-exclusive-karmas-headstash\/","og_locale":"sk_SK","og_type":"article","og_title":"Doja Exclusive | Karmas Headstash","og_description":"Acheter Doja Karmas Headstash, une vari\u00e9t\u00e9 de cannabis exclusif aux ar\u00f4mes riches et aux effets puissants. Achetez avec livraison discr\u00e8te et rapide.","og_url":"https:\/\/beuhparadis.com\/sk\/product\/doja-exclusive-karmas-headstash\/","og_site_name":"Beuh Paradis","article_modified_time":"2025-01-28T10:02:58+00:00","og_image":[{"width":1284,"height":1571,"url":"https:\/\/beuhparadis.com\/wp-content\/uploads\/2024\/12\/Doja-Exclusive-Karmas-Headstash-3.jpg","type":"image\/jpeg"}],"twitter_card":"summary_large_image","twitter_misc":{"Predpokladan\u00fd \u010das \u010d\u00edtania":"3 minutes"},"schema":{"@context":"https:\/\/schema.org","@graph":[{"@type":"WebPage","@id":"https:\/\/beuhparadis.com\/product\/doja-exclusive-karmas-headstash\/","url":"https:\/\/beuhparadis.com\/product\/doja-exclusive-karmas-headstash\/","name":"K\u00fapi\u0165 Doja Karmas Headstash | Exkluz\u00edvna odroda konope","isPartOf":{"@id":"https:\/\/beuhparadis.com\/#website"},"primaryImageOfPage":{"@id":"https:\/\/beuhparadis.com\/product\/doja-exclusive-karmas-headstash\/#primaryimage"},"image":{"@id":"https:\/\/beuhparadis.com\/product\/doja-exclusive-karmas-headstash\/#primaryimage"},"thumbnailUrl":"https:\/\/beuhparadis.com\/wp-content\/uploads\/2024\/12\/Doja-Exclusive-Karmas-Headstash-3.jpg","datePublished":"2024-12-10T23:50:24+00:00","dateModified":"2025-01-28T10:02:58+00:00","description":"K\u00fapte si Doja Karmas Headstash, exkluz\u00edvny kme\u0148 konope s bohatou ar\u00f3mou a siln\u00fdmi \u00fa\u010dinkami. K\u00fapte si s r\u00fdchlym a diskr\u00e9tnym doru\u010den\u00edm.","breadcrumb":{"@id":"https:\/\/beuhparadis.com\/product\/doja-exclusive-karmas-headstash\/#breadcrumb"},"inLanguage":"sk-SK","potentialAction":[{"@type":"ReadAction","target":["https:\/\/beuhparadis.com\/product\/doja-exclusive-karmas-headstash\/"]}]},{"@type":"ImageObject","inLanguage":"sk-SK","@id":"https:\/\/beuhparadis.com\/product\/doja-exclusive-karmas-headstash\/#primaryimage","url":"https:\/\/beuhparadis.com\/wp-content\/uploads\/2024\/12\/Doja-Exclusive-Karmas-Headstash-3.jpg","contentUrl":"https:\/\/beuhparadis.com\/wp-content\/uploads\/2024\/12\/Doja-Exclusive-Karmas-Headstash-3.jpg","width":1284,"height":1571},{"@type":"BreadcrumbList","@id":"https:\/\/beuhparadis.com\/product\/doja-exclusive-karmas-headstash\/#breadcrumb","itemListElement":[{"@type":"ListItem","position":1,"name":"Home","item":"https:\/\/beuhparadis.com\/"},{"@type":"ListItem","position":2,"name":"Shop","item":"https:\/\/beuhparadis.com\/shop\/"},{"@type":"ListItem","position":3,"name":"Doja Exclusive | Karmas Headstash"}]},{"@type":"WebSite","@id":"https:\/\/beuhparadis.com\/#website","url":"https:\/\/beuhparadis.com\/","name":"Beuh Paradis","description":"","potentialAction":[{"@type":"SearchAction","target":{"@type":"EntryPoint","urlTemplate":"https:\/\/beuhparadis.com\/?s={search_term_string}"},"query-input":{"@type":"PropertyValueSpecification","valueRequired":true,"valueName":"search_term_string"}}],"inLanguage":"sk-SK"}]}},"_links":{"self":[{"href":"https:\/\/beuhparadis.com\/sk\/wp-json\/wp\/v2\/product\/2032","targetHints":{"allow":["GET"]}}],"collection":[{"href":"https:\/\/beuhparadis.com\/sk\/wp-json\/wp\/v2\/product"}],"about":[{"href":"https:\/\/beuhparadis.com\/sk\/wp-json\/wp\/v2\/types\/product"}],"replies":[{"embeddable":true,"href":"https:\/\/beuhparadis.com\/sk\/wp-json\/wp\/v2\/comments?post=2032"}],"wp:featuredmedia":[{"embeddable":true,"href":"https:\/\/beuhparadis.com\/sk\/wp-json\/wp\/v2\/media\/2053"}],"wp:attachment":[{"href":"https:\/\/beuhparadis.com\/sk\/wp-json\/wp\/v2\/media?parent=2032"}],"wp:term":[{"taxonomy":"product_brand","embeddable":true,"href":"https:\/\/beuhparadis.com\/sk\/wp-json\/wp\/v2\/product_brand?post=2032"},{"taxonomy":"product_cat","embeddable":true,"href":"https:\/\/beuhparadis.com\/sk\/wp-json\/wp\/v2\/product_cat?post=2032"},{"taxonomy":"product_tag","embeddable":true,"href":"https:\/\/beuhparadis.com\/sk\/wp-json\/wp\/v2\/product_tag?post=2032"}],"curies":[{"name":"wp","href":"https:\/\/api.w.org\/{rel}","templated":true}]}}