{"id":2027,"date":"2024-12-10T23:50:01","date_gmt":"2024-12-10T23:50:01","guid":{"rendered":"https:\/\/beuhparadis.com\/?post_type=product&#038;p=2027"},"modified":"2025-01-28T10:10:56","modified_gmt":"2025-01-28T10:10:56","slug":"doja-rs11","status":"publish","type":"product","link":"https:\/\/beuhparadis.com\/sk\/product\/doja-rs11\/","title":{"rendered":"Doja Rs11"},"content":{"rendered":"<h1 class=\"wp-block-heading\">K\u00fapi\u0165 Doja RS11: jedine\u010dn\u00fd, vysokokvalitn\u00fd z\u00e1\u017eitok<\/h1>\n<p>Doja RS11 je exkluz\u00edvny kme\u0148 konope zn\u00e1my svojou p\u00f4sobivou genetickou v\u00fdbavou a trvalou popularitou. RS11, ktor\u00fd vznikol v spolupr\u00e1ci spolo\u010dnost\u00ed Doja Pak, Wizard Trees a Deep East, sa m\u00f4\u017ee pochv\u00e1li\u0165 dynamick\u00fdmi \u00fa\u010dinkami, komplexnou v\u00f4\u0148ou a bohatou chu\u0165ou. Tento <strong>exkluz\u00edvne RS11<\/strong> si milovn\u00edkov konope podma\u0148uje aj dlho po svojom prvom uveden\u00ed na trh.<\/p>\n<h2 class=\"wp-block-heading\">Inform\u00e1cie o La Souche<\/h2>\n<ul class=\"wp-block-list\">\n<li><strong>Genetika<\/strong> Doja exclusive RS11 alebo RS11 Doja Pak je v\u00fdsledkom prec\u00edzneho kr\u00ed\u017eenia Black Sherbert, OZ Kush a Pink Guava, ktor\u00e9 pon\u00faka pozoruhodn\u00fd genetick\u00fd profil a je to prv\u00e1 Doja, ktor\u00e1 sa vyr\u00e1ba na svete. <strong>kme\u0148 RS11<\/strong> skuto\u010dn\u00fd trh\u00e1k.<\/li>\n<li><strong>V\u00fdroba<\/strong> Doja RS11: V\u010faka odborn\u00fdm znalostiam spolo\u010dnost\u00ed Doja Pak, Wizard Trees a Deep East sa pri pestovan\u00ed Doja RS11 maximalizuje koncentr\u00e1cia THC a z\u00e1rove\u0148 sa zachov\u00e1va jemn\u00e1 ar\u00f3ma.<\/li>\n<li><strong>Typ<\/strong> Hybridn\u00fd kme\u0148 RS11 Doja s dominanciou indiky pon\u00faka hlbok\u00fa relax\u00e1ciu s du\u0161evnou euf\u00f3riou.<\/li>\n<\/ul>\n<h2 class=\"wp-block-heading\">THC a CBD<\/h2>\n<ul class=\"wp-block-list\">\n<li><strong>THC<\/strong> Vysok\u00e1 r\u00fdchlos\u0165, pribli\u017ene 24-29%, pre intenz\u00edvne a dlhotrvaj\u00face \u00fa\u010dinky balenia Doja RS11.<\/li>\n<li><strong>CBD<\/strong> Ve\u013emi n\u00edzka, ni\u017e\u0161ia ako 1%, \u010do zv\u00fdraz\u0148uje psychoakt\u00edvny z\u00e1\u017eitok a z\u00e1rove\u0148 pon\u00faka cielen\u00e9 terapeutick\u00e9 \u00fa\u010dinky RS11 Doja.<\/li>\n<\/ul>\n<h2 class=\"wp-block-heading\">Kde si m\u00f4\u017eem k\u00fapi\u0165 Doja RS11 online?<\/h2>\n<p><a href=\"https:\/\/beuhparadis.com\/sk\/product\/bentley-hash\/\">Beuhparadis.com<\/a> je va\u0161ou preferovanou destin\u00e1ciou na n\u00e1kup Doja exclusive RS11 online, ktor\u00e1 zaru\u010duje v\u00fdnimo\u010dn\u00fa kvalitu, diskr\u00e9tne doru\u010denie a dokonal\u00fd z\u00e1kazn\u00edcky servis pre tento Doja exclusive RS11.<\/p>\n<h2 class=\"wp-block-heading\">\u00da\u010dinky, v\u00f4\u0148a a chu\u0165<\/h2>\n<h3 class=\"wp-block-heading\">\u00da\u010dinok<\/h3>\n<ul class=\"wp-block-list\">\n<li>Doja Pack RS11 pon\u00faka intenz\u00edvnu relax\u00e1ciu tela, ktor\u00e1 je ide\u00e1lna na uvo\u013enenie na konci d\u0148a. Tento kme\u0148 Doja RS11 stimuluje myse\u013e, podporuje radostn\u00fa n\u00e1ladu a zv\u00fd\u0161en\u00fa kreativitu.<\/li>\n<li>Kme\u0148 RS11 Doja zlep\u0161uje n\u00e1ladu a poskytuje pocit celkovej pohody.<\/li>\n<\/ul>\n<h3 class=\"wp-block-heading\">Ar\u00f3ma<\/h3>\n<ul class=\"wp-block-list\">\n<li>Doja Exclusive RS11 m\u00e1 bohat\u00fa, komplexn\u00fa v\u00f4\u0148u s t\u00f3nmi k\u00e1vy a \u010dokol\u00e1dy, ktor\u00e1 pripom\u00edna sladk\u00fa kr\u00e9mov\u00fa zmes tiramisu.<\/li>\n<\/ul>\n<h3 class=\"wp-block-heading\">Chu\u0165<\/h3>\n<ul class=\"wp-block-list\">\n<li>Chu\u0165 RS11 Doja Pak je gurm\u00e1nska a autentick\u00e1, sp\u00e1ja sladkos\u0165 mascarpone kr\u00e9mu s t\u00f3nmi k\u00e1vy a kakaa, \u010do prin\u00e1\u0161a vynikaj\u00faci chu\u0165ov\u00fd z\u00e1\u017eitok. <strong>Doja RS11<\/strong>.<\/li>\n<\/ul>\n<h2 class=\"wp-block-heading\">Zdravotn\u00e9 \u00fa\u010dinky<\/h2>\n<h3 class=\"wp-block-heading\">Zdravotn\u00e9 \u00fa\u010dinky<\/h3>\n<ul class=\"wp-block-list\">\n<li>RS11 Doja Pack poskytuje \u00fa\u010dinn\u00fa \u00fa\u013eavu od stresu a \u00fazkosti, ako aj analgetick\u00e9 \u00fa\u010dinky na tlmenie bolesti.<\/li>\n<\/ul>\n<h3 class=\"wp-block-heading\">M\u00f4\u017ee zmierni\u0165<\/h3>\n<ul class=\"wp-block-list\">\n<li><strong>RS11 Doja<\/strong> je ide\u00e1lny na boj proti nespavosti, chronickej bolesti a poruch\u00e1m n\u00e1lady, zlep\u0161uje celkov\u00fd stav mysle.<\/li>\n<\/ul>\n<h2 class=\"wp-block-heading\">Pre\u010do si k\u00fapi\u0165 Doja RS11 od Acheterducannabis?<\/h2>\n<p>V\u00fdberom Acheterducannabis pre n\u00e1kup Doja RS11 si vyber\u00e1te z\u00e1ruku kvality a spokojnosti. Sme odhodlan\u00ed poskytn\u00fa\u0165 v\u00fdnimo\u010dn\u00fd z\u00e1\u017eitok z nakupovania tohto <strong>exkluz\u00edvne RS11<\/strong>.<\/p>\n<h2 class=\"wp-block-heading\">Vl\u00e1dne pr\u00e1vne predpisy t\u00fdkaj\u00face sa predaja konope v Eur\u00f3pe<\/h2>\n<p>Predaj konope v Eur\u00f3pe je pr\u00edsne regulovan\u00fd. Spolo\u010dnos\u0165 Acheterducannabis dodr\u017eiava v\u0161etky platn\u00e9 predpisy a pon\u00faka \u00faplne leg\u00e1lne a bezpe\u010dn\u00e9 slu\u017eby online n\u00e1kupu va\u0161ej Doja RS11.<\/p>\n<hr class=\"wp-block-separator has-alpha-channel-opacity\" \/>\n<p><strong>Buyducannabis<\/strong> v\u00e1s poz\u00fdva do jedine\u010dn\u00e9ho sveta <a href=\"https:\/\/hightimes.com\/product-review\/review-doja-paks-rs-11\/\" data-type=\"link\" data-id=\"https:\/\/hightimes.com\/product-review\/review-doja-paks-rs-11\/\">Doja RS11<\/a>RS11 Doja Pak zaru\u010duje najvy\u0161\u0161iu kvalitu, uspokojiv\u00fd z\u00e1\u017eitok pre spotrebite\u013ea a s\u00falad s eur\u00f3pskymi pr\u00e1vnymi smernicami.<\/p>","protected":false},"excerpt":{"rendered":"<p><strong>Doja Rs11 Zdravotn\u00e9 \u00fa\u010dinky<\/strong><\/p>\n<ul class=\"wp-block-list\">\n<li>Doja Pack RS11 pon\u00faka intenz\u00edvnu relax\u00e1ciu tela, ktor\u00e1 je ide\u00e1lna na uvo\u013enenie na konci d\u0148a. Tento kme\u0148 Doja RS11 stimuluje myse\u013e, podporuje radostn\u00fa n\u00e1ladu a zv\u00fd\u0161en\u00fa kreativitu.<\/li>\n<li>Kme\u0148 RS11 Doja zlep\u0161uje n\u00e1ladu a poskytuje pocit celkovej pohody.<\/li>\n<\/ul>","protected":false},"featured_media":2052,"comment_status":"closed","ping_status":"closed","template":"","meta":{"site-sidebar-layout":"default","site-content-layout":"","ast-site-content-layout":"default","site-content-style":"default","site-sidebar-style":"default","ast-global-header-display":"","ast-banner-title-visibility":"","ast-main-header-display":"","ast-hfb-above-header-display":"","ast-hfb-below-header-display":"","ast-hfb-mobile-header-display":"","site-post-title":"","ast-breadcrumbs-content":"","ast-featured-img":"","footer-sml-layout":"","theme-transparent-header-meta":"default","adv-header-id-meta":"","stick-header-meta":"","header-above-stick-meta":"","header-main-stick-meta":"","header-below-stick-meta":"","astra-migrate-meta-layouts":"set","ast-page-background-enabled":"default","ast-page-background-meta":{"desktop":{"background-color":"","background-image":"","background-repeat":"repeat","background-position":"center center","background-size":"auto","background-attachment":"scroll","background-type":"","background-media":"","overlay-type":"","overlay-color":"","overlay-opacity":"","overlay-gradient":""},"tablet":{"background-color":"","background-image":"","background-repeat":"repeat","background-position":"center center","background-size":"auto","background-attachment":"scroll","background-type":"","background-media":"","overlay-type":"","overlay-color":"","overlay-opacity":"","overlay-gradient":""},"mobile":{"background-color":"","background-image":"","background-repeat":"repeat","background-position":"center center","background-size":"auto","background-attachment":"scroll","background-type":"","background-media":"","overlay-type":"","overlay-color":"","overlay-opacity":"","overlay-gradient":""}},"ast-content-background-meta":{"desktop":{"background-color":"var(--ast-global-color-5)","background-image":"","background-repeat":"repeat","background-position":"center center","background-size":"auto","background-attachment":"scroll","background-type":"","background-media":"","overlay-type":"","overlay-color":"","overlay-opacity":"","overlay-gradient":""},"tablet":{"background-color":"var(--ast-global-color-5)","background-image":"","background-repeat":"repeat","background-position":"center center","background-size":"auto","background-attachment":"scroll","background-type":"","background-media":"","overlay-type":"","overlay-color":"","overlay-opacity":"","overlay-gradient":""},"mobile":{"background-color":"var(--ast-global-color-5)","background-image":"","background-repeat":"repeat","background-position":"center center","background-size":"auto","background-attachment":"scroll","background-type":"","background-media":"","overlay-type":"","overlay-color":"","overlay-opacity":"","overlay-gradient":""}},"_joinchat":[]},"product_brand":[],"product_cat":[41,47],"product_tag":[],"class_list":{"0":"post-2027","1":"product","2":"type-product","3":"status-publish","4":"has-post-thumbnail","6":"product_cat-cali-weed","7":"product_cat-doja-weed-doja-exclusive","8":"desktop-align-left","9":"tablet-align-left","10":"mobile-align-left","12":"first","13":"instock","14":"shipping-taxable","15":"purchasable","16":"product-type-variable"},"yoast_head":"<!-- This site is optimized with the Yoast SEO Premium plugin v24.1 (Yoast SEO v26.8) - https:\/\/yoast.com\/product\/yoast-seo-premium-wordpress\/ -->\n<title>Acheter Doja RS11 en Ligne | Vari\u00e9t\u00e9 de Cannabis Premium<\/title>\n<meta name=\"description\" content=\"Acheter Doja RS11, une vari\u00e9t\u00e9 de cannabis premium aux ar\u00f4mes fruit\u00e9s et aux effets \u00e9quilibr\u00e9s. Achetez en ligne avec livraison discr\u00e8te et rapide.\" \/>\n<meta name=\"robots\" content=\"index, follow, max-snippet:-1, max-image-preview:large, max-video-preview:-1\" \/>\n<link rel=\"canonical\" href=\"https:\/\/beuhparadis.com\/sk\/product\/doja-rs11\/\" \/>\n<meta property=\"og:locale\" content=\"sk_SK\" \/>\n<meta property=\"og:type\" content=\"article\" \/>\n<meta property=\"og:title\" content=\"Doja Rs11\" \/>\n<meta property=\"og:description\" content=\"Acheter Doja RS11, une vari\u00e9t\u00e9 de cannabis premium aux ar\u00f4mes fruit\u00e9s et aux effets \u00e9quilibr\u00e9s. Achetez en ligne avec livraison discr\u00e8te et rapide.\" \/>\n<meta property=\"og:url\" content=\"https:\/\/beuhparadis.com\/sk\/product\/doja-rs11\/\" \/>\n<meta property=\"og:site_name\" content=\"Beuh Paradis\" \/>\n<meta property=\"article:modified_time\" content=\"2025-01-28T10:10:56+00:00\" \/>\n<meta property=\"og:image\" content=\"https:\/\/beuhparadis.com\/wp-content\/uploads\/2024\/12\/Doja-Rs11-3.jpg\" \/>\n\t<meta property=\"og:image:width\" content=\"1242\" \/>\n\t<meta property=\"og:image:height\" content=\"1295\" \/>\n\t<meta property=\"og:image:type\" content=\"image\/jpeg\" \/>\n<meta name=\"twitter:card\" content=\"summary_large_image\" \/>\n<meta name=\"twitter:label1\" content=\"Predpokladan\u00fd \u010das \u010d\u00edtania\" \/>\n\t<meta name=\"twitter:data1\" content=\"3 minutes\" \/>\n<script type=\"application\/ld+json\" class=\"yoast-schema-graph\">{\"@context\":\"https:\/\/schema.org\",\"@graph\":[{\"@type\":\"WebPage\",\"@id\":\"https:\/\/beuhparadis.com\/product\/doja-rs11\/\",\"url\":\"https:\/\/beuhparadis.com\/product\/doja-rs11\/\",\"name\":\"Acheter Doja RS11 en Ligne | Vari\u00e9t\u00e9 de Cannabis Premium\",\"isPartOf\":{\"@id\":\"https:\/\/beuhparadis.com\/#website\"},\"primaryImageOfPage\":{\"@id\":\"https:\/\/beuhparadis.com\/product\/doja-rs11\/#primaryimage\"},\"image\":{\"@id\":\"https:\/\/beuhparadis.com\/product\/doja-rs11\/#primaryimage\"},\"thumbnailUrl\":\"https:\/\/beuhparadis.com\/wp-content\/uploads\/2024\/12\/Doja-Rs11-3.jpg\",\"datePublished\":\"2024-12-10T23:50:01+00:00\",\"dateModified\":\"2025-01-28T10:10:56+00:00\",\"description\":\"Acheter Doja RS11, une vari\u00e9t\u00e9 de cannabis premium aux ar\u00f4mes fruit\u00e9s et aux effets \u00e9quilibr\u00e9s. Achetez en ligne avec livraison discr\u00e8te et rapide.\",\"breadcrumb\":{\"@id\":\"https:\/\/beuhparadis.com\/product\/doja-rs11\/#breadcrumb\"},\"inLanguage\":\"sk-SK\",\"potentialAction\":[{\"@type\":\"ReadAction\",\"target\":[\"https:\/\/beuhparadis.com\/product\/doja-rs11\/\"]}]},{\"@type\":\"ImageObject\",\"inLanguage\":\"sk-SK\",\"@id\":\"https:\/\/beuhparadis.com\/product\/doja-rs11\/#primaryimage\",\"url\":\"https:\/\/beuhparadis.com\/wp-content\/uploads\/2024\/12\/Doja-Rs11-3.jpg\",\"contentUrl\":\"https:\/\/beuhparadis.com\/wp-content\/uploads\/2024\/12\/Doja-Rs11-3.jpg\",\"width\":1242,\"height\":1295},{\"@type\":\"BreadcrumbList\",\"@id\":\"https:\/\/beuhparadis.com\/product\/doja-rs11\/#breadcrumb\",\"itemListElement\":[{\"@type\":\"ListItem\",\"position\":1,\"name\":\"Home\",\"item\":\"https:\/\/beuhparadis.com\/\"},{\"@type\":\"ListItem\",\"position\":2,\"name\":\"Shop\",\"item\":\"https:\/\/beuhparadis.com\/shop\/\"},{\"@type\":\"ListItem\",\"position\":3,\"name\":\"Doja Rs11\"}]},{\"@type\":\"WebSite\",\"@id\":\"https:\/\/beuhparadis.com\/#website\",\"url\":\"https:\/\/beuhparadis.com\/\",\"name\":\"Beuh Paradis\",\"description\":\"\",\"potentialAction\":[{\"@type\":\"SearchAction\",\"target\":{\"@type\":\"EntryPoint\",\"urlTemplate\":\"https:\/\/beuhparadis.com\/?s={search_term_string}\"},\"query-input\":{\"@type\":\"PropertyValueSpecification\",\"valueRequired\":true,\"valueName\":\"search_term_string\"}}],\"inLanguage\":\"sk-SK\"}]}<\/script>\n<!-- \/ Yoast SEO Premium plugin. -->","yoast_head_json":{"title":"K\u00fapi\u0165 Doja RS11 online | Pr\u00e9miov\u00e1 odroda konope","description":"K\u00fapte si Doja RS11, pr\u00e9miov\u00fd kme\u0148 konope s ovocnou ar\u00f3mou a vyv\u00e1\u017een\u00fdmi \u00fa\u010dinkami. Nakupujte online s r\u00fdchlym a diskr\u00e9tnym doru\u010den\u00edm.","robots":{"index":"index","follow":"follow","max-snippet":"max-snippet:-1","max-image-preview":"max-image-preview:large","max-video-preview":"max-video-preview:-1"},"canonical":"https:\/\/beuhparadis.com\/sk\/product\/doja-rs11\/","og_locale":"sk_SK","og_type":"article","og_title":"Doja Rs11","og_description":"Acheter Doja RS11, une vari\u00e9t\u00e9 de cannabis premium aux ar\u00f4mes fruit\u00e9s et aux effets \u00e9quilibr\u00e9s. Achetez en ligne avec livraison discr\u00e8te et rapide.","og_url":"https:\/\/beuhparadis.com\/sk\/product\/doja-rs11\/","og_site_name":"Beuh Paradis","article_modified_time":"2025-01-28T10:10:56+00:00","og_image":[{"width":1242,"height":1295,"url":"https:\/\/beuhparadis.com\/wp-content\/uploads\/2024\/12\/Doja-Rs11-3.jpg","type":"image\/jpeg"}],"twitter_card":"summary_large_image","twitter_misc":{"Predpokladan\u00fd \u010das \u010d\u00edtania":"3 minutes"},"schema":{"@context":"https:\/\/schema.org","@graph":[{"@type":"WebPage","@id":"https:\/\/beuhparadis.com\/product\/doja-rs11\/","url":"https:\/\/beuhparadis.com\/product\/doja-rs11\/","name":"K\u00fapi\u0165 Doja RS11 online | Pr\u00e9miov\u00e1 odroda konope","isPartOf":{"@id":"https:\/\/beuhparadis.com\/#website"},"primaryImageOfPage":{"@id":"https:\/\/beuhparadis.com\/product\/doja-rs11\/#primaryimage"},"image":{"@id":"https:\/\/beuhparadis.com\/product\/doja-rs11\/#primaryimage"},"thumbnailUrl":"https:\/\/beuhparadis.com\/wp-content\/uploads\/2024\/12\/Doja-Rs11-3.jpg","datePublished":"2024-12-10T23:50:01+00:00","dateModified":"2025-01-28T10:10:56+00:00","description":"K\u00fapte si Doja RS11, pr\u00e9miov\u00fd kme\u0148 konope s ovocnou ar\u00f3mou a vyv\u00e1\u017een\u00fdmi \u00fa\u010dinkami. Nakupujte online s r\u00fdchlym a diskr\u00e9tnym doru\u010den\u00edm.","breadcrumb":{"@id":"https:\/\/beuhparadis.com\/product\/doja-rs11\/#breadcrumb"},"inLanguage":"sk-SK","potentialAction":[{"@type":"ReadAction","target":["https:\/\/beuhparadis.com\/product\/doja-rs11\/"]}]},{"@type":"ImageObject","inLanguage":"sk-SK","@id":"https:\/\/beuhparadis.com\/product\/doja-rs11\/#primaryimage","url":"https:\/\/beuhparadis.com\/wp-content\/uploads\/2024\/12\/Doja-Rs11-3.jpg","contentUrl":"https:\/\/beuhparadis.com\/wp-content\/uploads\/2024\/12\/Doja-Rs11-3.jpg","width":1242,"height":1295},{"@type":"BreadcrumbList","@id":"https:\/\/beuhparadis.com\/product\/doja-rs11\/#breadcrumb","itemListElement":[{"@type":"ListItem","position":1,"name":"Home","item":"https:\/\/beuhparadis.com\/"},{"@type":"ListItem","position":2,"name":"Shop","item":"https:\/\/beuhparadis.com\/shop\/"},{"@type":"ListItem","position":3,"name":"Doja Rs11"}]},{"@type":"WebSite","@id":"https:\/\/beuhparadis.com\/#website","url":"https:\/\/beuhparadis.com\/","name":"Beuh Paradis","description":"","potentialAction":[{"@type":"SearchAction","target":{"@type":"EntryPoint","urlTemplate":"https:\/\/beuhparadis.com\/?s={search_term_string}"},"query-input":{"@type":"PropertyValueSpecification","valueRequired":true,"valueName":"search_term_string"}}],"inLanguage":"sk-SK"}]}},"_links":{"self":[{"href":"https:\/\/beuhparadis.com\/sk\/wp-json\/wp\/v2\/product\/2027","targetHints":{"allow":["GET"]}}],"collection":[{"href":"https:\/\/beuhparadis.com\/sk\/wp-json\/wp\/v2\/product"}],"about":[{"href":"https:\/\/beuhparadis.com\/sk\/wp-json\/wp\/v2\/types\/product"}],"replies":[{"embeddable":true,"href":"https:\/\/beuhparadis.com\/sk\/wp-json\/wp\/v2\/comments?post=2027"}],"wp:featuredmedia":[{"embeddable":true,"href":"https:\/\/beuhparadis.com\/sk\/wp-json\/wp\/v2\/media\/2052"}],"wp:attachment":[{"href":"https:\/\/beuhparadis.com\/sk\/wp-json\/wp\/v2\/media?parent=2027"}],"wp:term":[{"taxonomy":"product_brand","embeddable":true,"href":"https:\/\/beuhparadis.com\/sk\/wp-json\/wp\/v2\/product_brand?post=2027"},{"taxonomy":"product_cat","embeddable":true,"href":"https:\/\/beuhparadis.com\/sk\/wp-json\/wp\/v2\/product_cat?post=2027"},{"taxonomy":"product_tag","embeddable":true,"href":"https:\/\/beuhparadis.com\/sk\/wp-json\/wp\/v2\/product_tag?post=2027"}],"curies":[{"name":"wp","href":"https:\/\/api.w.org\/{rel}","templated":true}]}}