{"id":1971,"date":"2024-12-10T23:49:15","date_gmt":"2024-12-10T23:49:15","guid":{"rendered":"https:\/\/beuhparadis.com\/?post_type=product&#038;p=1971"},"modified":"2025-01-28T10:16:42","modified_gmt":"2025-01-28T10:16:42","slug":"italian-cherryz-backpackboyz","status":"publish","type":"product","link":"https:\/\/beuhparadis.com\/sk\/product\/italian-cherryz-backpackboyz\/","title":{"rendered":"Taliansky cherryz backpackboyz"},"content":{"rendered":"<h1 class=\"wp-block-heading\">K\u00fapi\u0165 Italian Cherryz Backpackboyz: Elegancia a chu\u0165<\/h1>\n<p>K\u00fapi\u0165 Italian Cherryz Backpackboyz je kme\u0148 konope, ktor\u00fd sa vyzna\u010duje eleganciou a v\u00fdnimo\u010dnou chu\u0165ou. Tento jedine\u010dn\u00fd kme\u0148 v sebe sp\u00e1ja bohatos\u0165 talianskej \u010dere\u0161ne s n\u00e1dychom rafinovanosti, ktor\u00e1 je v\u00fdsledkom starostliv\u00e9ho v\u00fdberu a kultiv\u00e1cie.<\/p>\n<h2 class=\"wp-block-heading\">Inform\u00e1cie o La Souche<\/h2>\n<ul class=\"wp-block-list\">\n<li><strong>Genetika<\/strong> Dokonal\u00e1 zmes odr\u00f4d vybran\u00fdch pre ich \u010dere\u0161\u0148ov\u00fd chu\u0165ov\u00fd profil a vynikaj\u00facu kvalitu zaru\u010den\u00fa pokro\u010dil\u00fdmi met\u00f3dami pestovania.<\/li>\n<li><strong>V\u00fdroba<\/strong> Pestuje sa v optim\u00e1lnych vn\u00fatorn\u00fdch podmienkach, ktor\u00e9 umo\u017e\u0148uj\u00fa presn\u00fa kontrolu prostredia na zabezpe\u010denie \u010distoty a maxim\u00e1lnej koncentr\u00e1cie kanabinoidov.<\/li>\n<li><strong>Typ<\/strong> Hybrid s dominanciou Indica, ktor\u00fd pon\u00faka hlbok\u00fa relax\u00e1ciu aj \u013eahk\u00fa euf\u00f3riu.<\/li>\n<\/ul>\n<h2 class=\"wp-block-heading\">THC a CBD<\/h2>\n<ul class=\"wp-block-list\">\n<li><strong>THC<\/strong> Vysok\u00fd obsah, dosahuj\u00faci pribli\u017ene 22-26%, pre siln\u00fd a uspokojuj\u00faci z\u00e1\u017eitok.<\/li>\n<li><strong>CBD<\/strong> N\u00edzka, ni\u017e\u0161ia ako 1%, s\u00fastre\u010fuj\u00faca svoje \u00fa\u010dinky na psychoakt\u00edvne a rekrea\u010dn\u00e9 vlastnosti.<\/li>\n<\/ul>\n<h2 class=\"wp-block-heading\">Kde si m\u00f4\u017eem k\u00fapi\u0165 Italian Cherryz Backpackboyz online?<\/h2>\n<p><strong>Buyducannabis<\/strong> je va\u0161\u00edm d\u00f4veryhodn\u00fdm zdrojom talianskej \u010dere\u0161ne Cherryz <a href=\"https:\/\/acheterducannabis.fr\/cali-weed\/doja-weed\/\" data-type=\"link\" data-id=\"https:\/\/acheterducannabis.fr\/cali-weed\/doja-weed\/\">Backpackboyz<\/a> online, ktor\u00e9 pon\u00fakaj\u00fa dokonal\u00fa kvalitu a diskr\u00e9tne, bezpe\u010dn\u00e9 doru\u010denie.<\/p>\n<h2 class=\"wp-block-heading\">\u00da\u010dinky, v\u00f4\u0148a a chu\u0165<\/h2>\n<h3 class=\"wp-block-heading\">\u00da\u010dinok<\/h3>\n<ul class=\"wp-block-list\">\n<li>\u00dapln\u00e9 uvo\u013enenie tela s jemnou euf\u00f3riou, ide\u00e1lne pre chv\u00edle relax\u00e1cie na konci d\u0148a.<\/li>\n<li>Stimuluje kreativitu a prin\u00e1\u0161a pocit pohody.<\/li>\n<\/ul>\n<h3 class=\"wp-block-heading\">Ar\u00f3ma<\/h3>\n<ul class=\"wp-block-list\">\n<li>Bohat\u00fd, komplexn\u00fd buket pripom\u00edna \u010derstvo natrhan\u00e9 \u010dere\u0161ne s jemn\u00fdm zemit\u00fdm n\u00e1dychom.<\/li>\n<\/ul>\n<h3 class=\"wp-block-heading\">Chu\u0165<\/h3>\n<ul class=\"wp-block-list\">\n<li>Jemn\u00e1, sladk\u00e1 \u010dere\u0161\u0148ov\u00e1 chu\u0165 doplnen\u00e1 zemit\u00fdmi a korenist\u00fdmi t\u00f3nmi pre bezkonkuren\u010dn\u00fd chu\u0165ov\u00fd z\u00e1\u017eitok.<\/li>\n<\/ul>\n<h2 class=\"wp-block-heading\">Zdravotn\u00e9 \u00fa\u010dinky<\/h2>\n<h3 class=\"wp-block-heading\">Zdravotn\u00e9 \u00fa\u010dinky<\/h3>\n<ul class=\"wp-block-list\">\n<li>\u00da\u010dinn\u00e9 zmiernenie stresu a \u00fazkosti.<\/li>\n<li>Analgetick\u00e9 vlastnosti, u\u017eito\u010dn\u00e9 pri lie\u010dbe bolesti.<\/li>\n<\/ul>\n<h3 class=\"wp-block-heading\">M\u00f4\u017ee zmierni\u0165<\/h3>\n<ul class=\"wp-block-list\">\n<li>Poruchy sp\u00e1nku, podpora pokojn\u00e9ho sp\u00e1nku.<\/li>\n<li>Chronick\u00e1 boles\u0165, zn\u00ed\u017eenie nepohodlia a zlep\u0161enie kvality \u017eivota.<\/li>\n<li>Depresia t\u00fdm, \u017ee zlep\u0161uje n\u00e1ladu a poskytuje pocit pohody.<\/li>\n<\/ul>\n<h2 class=\"wp-block-heading\">Pre\u010do si k\u00fapi\u0165 taliansky batoh Cherryz Backpackboyz od Beuhparadis?<\/h2>\n<p>V\u00fdberom <a href=\"https:\/\/beuhparadis.com\/sk\/product\/doja-rs11\/\"><strong>beuhparadis<\/strong><\/a>V\u00fdberom produktu Italian Cherryz Backpackboyz si vyber\u00e1te slu\u017ebu najvy\u0161\u0161ej kvality, ktor\u00e1 zaru\u010duje pravos\u0165 v\u00e1\u0161ho produktu Italian Cherryz Backpackboyz. Zav\u00e4zujeme sa dod\u00e1va\u0165 len testovan\u00e9 a certifikovan\u00e9 v\u00fdrobky, \u010d\u00edm zabezpe\u010dujeme va\u0161u \u00fapln\u00fa spokojnos\u0165.<\/p>\n<h2 class=\"wp-block-heading\">Vl\u00e1dne pr\u00e1vne predpisy t\u00fdkaj\u00face sa predaja konope v Eur\u00f3pe<\/h2>\n<p>Predaj konope v Eur\u00f3pe je regulovan\u00fd pr\u00edsnymi z\u00e1konmi na zaistenie bezpe\u010dnosti spotrebite\u013eov. <strong>Buyducannabis<\/strong> d\u00f4sledne dodr\u017eiava tieto predpisy a pon\u00faka \u00faplne leg\u00e1lne a bezpe\u010dn\u00e9 slu\u017eby online n\u00e1kupu. Pred zadan\u00edm objedn\u00e1vky v\u00e1m odpor\u00fa\u010dame overi\u0165 si miestne z\u00e1kony t\u00fdkaj\u00face sa n\u00e1kupu a konzum\u00e1cie konope vo va\u0161ej krajine.<\/p>\n<hr class=\"wp-block-separator has-alpha-channel-opacity\" \/>\n<p><strong>Buyducannabis<\/strong> v\u00e1s poz\u00fdva objavi\u0165 exkluzivitu a sofistikovanos\u0165 talianskeho batohu Cherryz Backpackboyz, ktor\u00fd s\u013eubuje prvotriedny z\u00e1\u017eitok z nakupovania od objedn\u00e1vky a\u017e po doru\u010denie, pri\u010dom dodr\u017eiava eur\u00f3pske pr\u00e1vne normy.<\/p>","protected":false},"excerpt":{"rendered":"<p><strong>Zdravotn\u00e9 \u00fa\u010dinky<\/strong><\/p>\n<ul class=\"wp-block-list\">\n<li>\u00da\u010dinn\u00e9 zmiernenie stresu a \u00fazkosti.<\/li>\n<li>Analgetick\u00e9 vlastnosti, u\u017eito\u010dn\u00e9 pri lie\u010dbe bolesti.<\/li>\n<\/ul>","protected":false},"featured_media":1985,"comment_status":"closed","ping_status":"closed","template":"","meta":{"site-sidebar-layout":"default","site-content-layout":"","ast-site-content-layout":"default","site-content-style":"default","site-sidebar-style":"default","ast-global-header-display":"","ast-banner-title-visibility":"","ast-main-header-display":"","ast-hfb-above-header-display":"","ast-hfb-below-header-display":"","ast-hfb-mobile-header-display":"","site-post-title":"","ast-breadcrumbs-content":"","ast-featured-img":"","footer-sml-layout":"","theme-transparent-header-meta":"default","adv-header-id-meta":"","stick-header-meta":"","header-above-stick-meta":"","header-main-stick-meta":"","header-below-stick-meta":"","astra-migrate-meta-layouts":"set","ast-page-background-enabled":"default","ast-page-background-meta":{"desktop":{"background-color":"","background-image":"","background-repeat":"repeat","background-position":"center center","background-size":"auto","background-attachment":"scroll","background-type":"","background-media":"","overlay-type":"","overlay-color":"","overlay-opacity":"","overlay-gradient":""},"tablet":{"background-color":"","background-image":"","background-repeat":"repeat","background-position":"center center","background-size":"auto","background-attachment":"scroll","background-type":"","background-media":"","overlay-type":"","overlay-color":"","overlay-opacity":"","overlay-gradient":""},"mobile":{"background-color":"","background-image":"","background-repeat":"repeat","background-position":"center center","background-size":"auto","background-attachment":"scroll","background-type":"","background-media":"","overlay-type":"","overlay-color":"","overlay-opacity":"","overlay-gradient":""}},"ast-content-background-meta":{"desktop":{"background-color":"var(--ast-global-color-5)","background-image":"","background-repeat":"repeat","background-position":"center center","background-size":"auto","background-attachment":"scroll","background-type":"","background-media":"","overlay-type":"","overlay-color":"","overlay-opacity":"","overlay-gradient":""},"tablet":{"background-color":"var(--ast-global-color-5)","background-image":"","background-repeat":"repeat","background-position":"center center","background-size":"auto","background-attachment":"scroll","background-type":"","background-media":"","overlay-type":"","overlay-color":"","overlay-opacity":"","overlay-gradient":""},"mobile":{"background-color":"var(--ast-global-color-5)","background-image":"","background-repeat":"repeat","background-position":"center center","background-size":"auto","background-attachment":"scroll","background-type":"","background-media":"","overlay-type":"","overlay-color":"","overlay-opacity":"","overlay-gradient":""}},"_joinchat":[]},"product_brand":[],"product_cat":[41],"product_tag":[],"class_list":{"0":"post-1971","1":"product","2":"type-product","3":"status-publish","4":"has-post-thumbnail","6":"product_cat-cali-weed","7":"desktop-align-left","8":"tablet-align-left","9":"mobile-align-left","11":"first","12":"instock","13":"shipping-taxable","14":"purchasable","15":"product-type-variable"},"yoast_head":"<!-- This site is optimized with the Yoast SEO Premium plugin v24.1 (Yoast SEO v26.8) - https:\/\/yoast.com\/product\/yoast-seo-premium-wordpress\/ -->\n<title>Acheter Italian Cherryz Backpackboyz| Vari\u00e9t\u00e9 Exclusif<\/title>\n<meta name=\"description\" content=\"Acheter Italian Cherryz de Backpackboyz, une vari\u00e9t\u00e9 de cannabis exclusif aux ar\u00f4mes fruit\u00e9s et aux effets puissants. Avec livraison discr\u00e8te et rapide\" \/>\n<meta name=\"robots\" content=\"index, follow, max-snippet:-1, max-image-preview:large, max-video-preview:-1\" \/>\n<link rel=\"canonical\" href=\"https:\/\/beuhparadis.com\/sk\/product\/italian-cherryz-backpackboyz\/\" \/>\n<meta property=\"og:locale\" content=\"sk_SK\" \/>\n<meta property=\"og:type\" content=\"article\" \/>\n<meta property=\"og:title\" content=\"Italian cherryz backpackboyz\" \/>\n<meta property=\"og:description\" content=\"Acheter Italian Cherryz de Backpackboyz, une vari\u00e9t\u00e9 de cannabis exclusif aux ar\u00f4mes fruit\u00e9s et aux effets puissants. Avec livraison discr\u00e8te et rapide\" \/>\n<meta property=\"og:url\" content=\"https:\/\/beuhparadis.com\/sk\/product\/italian-cherryz-backpackboyz\/\" \/>\n<meta property=\"og:site_name\" content=\"Beuh Paradis\" \/>\n<meta property=\"article:modified_time\" content=\"2025-01-28T10:16:42+00:00\" \/>\n<meta property=\"og:image\" content=\"https:\/\/beuhparadis.com\/wp-content\/uploads\/2024\/12\/Italian-cherryz-backpackboyz-3.jpeg\" \/>\n\t<meta property=\"og:image:width\" content=\"828\" \/>\n\t<meta property=\"og:image:height\" content=\"814\" \/>\n\t<meta property=\"og:image:type\" content=\"image\/jpeg\" \/>\n<meta name=\"twitter:card\" content=\"summary_large_image\" \/>\n<meta name=\"twitter:label1\" content=\"Predpokladan\u00fd \u010das \u010d\u00edtania\" \/>\n\t<meta name=\"twitter:data1\" content=\"3 minutes\" \/>\n<script type=\"application\/ld+json\" class=\"yoast-schema-graph\">{\"@context\":\"https:\/\/schema.org\",\"@graph\":[{\"@type\":\"WebPage\",\"@id\":\"https:\/\/beuhparadis.com\/product\/italian-cherryz-backpackboyz\/\",\"url\":\"https:\/\/beuhparadis.com\/product\/italian-cherryz-backpackboyz\/\",\"name\":\"Acheter Italian Cherryz Backpackboyz| Vari\u00e9t\u00e9 Exclusif\",\"isPartOf\":{\"@id\":\"https:\/\/beuhparadis.com\/#website\"},\"primaryImageOfPage\":{\"@id\":\"https:\/\/beuhparadis.com\/product\/italian-cherryz-backpackboyz\/#primaryimage\"},\"image\":{\"@id\":\"https:\/\/beuhparadis.com\/product\/italian-cherryz-backpackboyz\/#primaryimage\"},\"thumbnailUrl\":\"https:\/\/beuhparadis.com\/wp-content\/uploads\/2024\/12\/Italian-cherryz-backpackboyz-3.jpeg\",\"datePublished\":\"2024-12-10T23:49:15+00:00\",\"dateModified\":\"2025-01-28T10:16:42+00:00\",\"description\":\"Acheter Italian Cherryz de Backpackboyz, une vari\u00e9t\u00e9 de cannabis exclusif aux ar\u00f4mes fruit\u00e9s et aux effets puissants. Avec livraison discr\u00e8te et rapide\",\"breadcrumb\":{\"@id\":\"https:\/\/beuhparadis.com\/product\/italian-cherryz-backpackboyz\/#breadcrumb\"},\"inLanguage\":\"sk-SK\",\"potentialAction\":[{\"@type\":\"ReadAction\",\"target\":[\"https:\/\/beuhparadis.com\/product\/italian-cherryz-backpackboyz\/\"]}]},{\"@type\":\"ImageObject\",\"inLanguage\":\"sk-SK\",\"@id\":\"https:\/\/beuhparadis.com\/product\/italian-cherryz-backpackboyz\/#primaryimage\",\"url\":\"https:\/\/beuhparadis.com\/wp-content\/uploads\/2024\/12\/Italian-cherryz-backpackboyz-3.jpeg\",\"contentUrl\":\"https:\/\/beuhparadis.com\/wp-content\/uploads\/2024\/12\/Italian-cherryz-backpackboyz-3.jpeg\",\"width\":828,\"height\":814},{\"@type\":\"BreadcrumbList\",\"@id\":\"https:\/\/beuhparadis.com\/product\/italian-cherryz-backpackboyz\/#breadcrumb\",\"itemListElement\":[{\"@type\":\"ListItem\",\"position\":1,\"name\":\"Home\",\"item\":\"https:\/\/beuhparadis.com\/\"},{\"@type\":\"ListItem\",\"position\":2,\"name\":\"Shop\",\"item\":\"https:\/\/beuhparadis.com\/shop\/\"},{\"@type\":\"ListItem\",\"position\":3,\"name\":\"Italian cherryz backpackboyz\"}]},{\"@type\":\"WebSite\",\"@id\":\"https:\/\/beuhparadis.com\/#website\",\"url\":\"https:\/\/beuhparadis.com\/\",\"name\":\"Beuh Paradis\",\"description\":\"\",\"potentialAction\":[{\"@type\":\"SearchAction\",\"target\":{\"@type\":\"EntryPoint\",\"urlTemplate\":\"https:\/\/beuhparadis.com\/?s={search_term_string}\"},\"query-input\":{\"@type\":\"PropertyValueSpecification\",\"valueRequired\":true,\"valueName\":\"search_term_string\"}}],\"inLanguage\":\"sk-SK\"}]}<\/script>\n<!-- \/ Yoast SEO Premium plugin. -->","yoast_head_json":{"title":"K\u00fapi\u0165 Italian Cherryz Backpackboyz| Exkluz\u00edvne odrody","description":"K\u00fapte si Italian Cherryz od Backpackboyz, exkluz\u00edvny kme\u0148 konope s ovocnou v\u00f4\u0148ou a siln\u00fdmi \u00fa\u010dinkami. S r\u00fdchlym a diskr\u00e9tnym doru\u010den\u00edm","robots":{"index":"index","follow":"follow","max-snippet":"max-snippet:-1","max-image-preview":"max-image-preview:large","max-video-preview":"max-video-preview:-1"},"canonical":"https:\/\/beuhparadis.com\/sk\/product\/italian-cherryz-backpackboyz\/","og_locale":"sk_SK","og_type":"article","og_title":"Italian cherryz backpackboyz","og_description":"Acheter Italian Cherryz de Backpackboyz, une vari\u00e9t\u00e9 de cannabis exclusif aux ar\u00f4mes fruit\u00e9s et aux effets puissants. Avec livraison discr\u00e8te et rapide","og_url":"https:\/\/beuhparadis.com\/sk\/product\/italian-cherryz-backpackboyz\/","og_site_name":"Beuh Paradis","article_modified_time":"2025-01-28T10:16:42+00:00","og_image":[{"width":828,"height":814,"url":"https:\/\/beuhparadis.com\/wp-content\/uploads\/2024\/12\/Italian-cherryz-backpackboyz-3.jpeg","type":"image\/jpeg"}],"twitter_card":"summary_large_image","twitter_misc":{"Predpokladan\u00fd \u010das \u010d\u00edtania":"3 minutes"},"schema":{"@context":"https:\/\/schema.org","@graph":[{"@type":"WebPage","@id":"https:\/\/beuhparadis.com\/product\/italian-cherryz-backpackboyz\/","url":"https:\/\/beuhparadis.com\/product\/italian-cherryz-backpackboyz\/","name":"K\u00fapi\u0165 Italian Cherryz Backpackboyz| Exkluz\u00edvne odrody","isPartOf":{"@id":"https:\/\/beuhparadis.com\/#website"},"primaryImageOfPage":{"@id":"https:\/\/beuhparadis.com\/product\/italian-cherryz-backpackboyz\/#primaryimage"},"image":{"@id":"https:\/\/beuhparadis.com\/product\/italian-cherryz-backpackboyz\/#primaryimage"},"thumbnailUrl":"https:\/\/beuhparadis.com\/wp-content\/uploads\/2024\/12\/Italian-cherryz-backpackboyz-3.jpeg","datePublished":"2024-12-10T23:49:15+00:00","dateModified":"2025-01-28T10:16:42+00:00","description":"K\u00fapte si Italian Cherryz od Backpackboyz, exkluz\u00edvny kme\u0148 konope s ovocnou v\u00f4\u0148ou a siln\u00fdmi \u00fa\u010dinkami. S r\u00fdchlym a diskr\u00e9tnym doru\u010den\u00edm","breadcrumb":{"@id":"https:\/\/beuhparadis.com\/product\/italian-cherryz-backpackboyz\/#breadcrumb"},"inLanguage":"sk-SK","potentialAction":[{"@type":"ReadAction","target":["https:\/\/beuhparadis.com\/product\/italian-cherryz-backpackboyz\/"]}]},{"@type":"ImageObject","inLanguage":"sk-SK","@id":"https:\/\/beuhparadis.com\/product\/italian-cherryz-backpackboyz\/#primaryimage","url":"https:\/\/beuhparadis.com\/wp-content\/uploads\/2024\/12\/Italian-cherryz-backpackboyz-3.jpeg","contentUrl":"https:\/\/beuhparadis.com\/wp-content\/uploads\/2024\/12\/Italian-cherryz-backpackboyz-3.jpeg","width":828,"height":814},{"@type":"BreadcrumbList","@id":"https:\/\/beuhparadis.com\/product\/italian-cherryz-backpackboyz\/#breadcrumb","itemListElement":[{"@type":"ListItem","position":1,"name":"Home","item":"https:\/\/beuhparadis.com\/"},{"@type":"ListItem","position":2,"name":"Shop","item":"https:\/\/beuhparadis.com\/shop\/"},{"@type":"ListItem","position":3,"name":"Italian cherryz backpackboyz"}]},{"@type":"WebSite","@id":"https:\/\/beuhparadis.com\/#website","url":"https:\/\/beuhparadis.com\/","name":"Beuh Paradis","description":"","potentialAction":[{"@type":"SearchAction","target":{"@type":"EntryPoint","urlTemplate":"https:\/\/beuhparadis.com\/?s={search_term_string}"},"query-input":{"@type":"PropertyValueSpecification","valueRequired":true,"valueName":"search_term_string"}}],"inLanguage":"sk-SK"}]}},"_links":{"self":[{"href":"https:\/\/beuhparadis.com\/sk\/wp-json\/wp\/v2\/product\/1971","targetHints":{"allow":["GET"]}}],"collection":[{"href":"https:\/\/beuhparadis.com\/sk\/wp-json\/wp\/v2\/product"}],"about":[{"href":"https:\/\/beuhparadis.com\/sk\/wp-json\/wp\/v2\/types\/product"}],"replies":[{"embeddable":true,"href":"https:\/\/beuhparadis.com\/sk\/wp-json\/wp\/v2\/comments?post=1971"}],"wp:featuredmedia":[{"embeddable":true,"href":"https:\/\/beuhparadis.com\/sk\/wp-json\/wp\/v2\/media\/1985"}],"wp:attachment":[{"href":"https:\/\/beuhparadis.com\/sk\/wp-json\/wp\/v2\/media?parent=1971"}],"wp:term":[{"taxonomy":"product_brand","embeddable":true,"href":"https:\/\/beuhparadis.com\/sk\/wp-json\/wp\/v2\/product_brand?post=1971"},{"taxonomy":"product_cat","embeddable":true,"href":"https:\/\/beuhparadis.com\/sk\/wp-json\/wp\/v2\/product_cat?post=1971"},{"taxonomy":"product_tag","embeddable":true,"href":"https:\/\/beuhparadis.com\/sk\/wp-json\/wp\/v2\/product_tag?post=1971"}],"curies":[{"name":"wp","href":"https:\/\/api.w.org\/{rel}","templated":true}]}}