{"id":1754,"date":"2024-12-10T23:45:10","date_gmt":"2024-12-10T23:45:10","guid":{"rendered":"https:\/\/beuhparadis.com\/?post_type=product&#038;p=1754"},"modified":"2025-01-28T10:18:36","modified_gmt":"2025-01-28T10:18:36","slug":"the-ten-co-blue-zushi","status":"publish","type":"product","link":"https:\/\/beuhparadis.com\/sk\/product\/the-ten-co-blue-zushi\/","title":{"rendered":"Ten.Co | Blue Zushi"},"content":{"rendered":"<h1 class=\"wp-block-heading\">K\u00fapi\u0165 Blue Zushi Tenco<\/h1>\n<h4 class=\"wp-block-heading\">Inform\u00e1cie o odrode Blue Zushi Tenco<\/h4>\n<p>K\u00fapi\u0165 Blue Zushi Tenco, hybridn\u00fd kme\u0148 konope s dominanciou indiky, starostlivo pestuje spolo\u010dnos\u0165 The Ten Co. Tento kme\u0148 Blue Zushi, ktor\u00fd je v\u00fdsledkom kr\u00ed\u017eenia Zkittlez a Kush Mints #11, je zn\u00e1my svojou nezabudnute\u013enou chu\u0165ou a v\u00fdnimo\u010dn\u00fdmi \u00fa\u010dinkami, za ktor\u00e9 z\u00edskal viacero ocenen\u00ed na prest\u00ed\u017enych podujatiach.<\/p>\n<ul class=\"wp-block-list\">\n<li><strong>Genetika<\/strong>Blue Zushi je kr\u00ed\u017eenec Zkittlez a Kush Mints #11.<\/li>\n<li><strong>Kult\u00fara<\/strong>Modr\u00e9 zushi cali vyr\u00e1ba spolo\u010dnos\u0165 The Ten Co, \u010do zaru\u010duje vynikaj\u00facu kvalitu a v\u00fdnimo\u010dn\u00fa konzistenciu.<\/li>\n<li><strong>Terp\u00e9nov\u00fd profil<\/strong>Hoci nie je \u0161pecifikovan\u00e9, tenco blue zushi je zn\u00e1me svojou sladkou, silnou v\u00f4\u0148ou.<\/li>\n<\/ul>\n<h2 class=\"wp-block-heading\">THC a CBD<\/h2>\n<ul class=\"wp-block-list\">\n<li><strong>THC<\/strong>Kme\u0148 Blue zushi m\u00e1 vysok\u00fd obsah THC pre siln\u00fd z\u00e1\u017eitok.<\/li>\n<li><strong>CBD<\/strong>N\u00edzka, zd\u00f4raz\u0148uj\u00faca psychoakt\u00edvne vlastnosti modrej tr\u00e1vy zushi.<\/li>\n<\/ul>\n<h2 class=\"wp-block-heading\">Kde si m\u00f4\u017eem k\u00fapi\u0165 Blue Zushi Tenco online?<\/h2>\n<p>Tenco blue zushi je k dispoz\u00edcii na <a href=\"https:\/\/beuhparadis.com\/sk\/product\/bubble-hash\/\" data-type=\"link\" data-id=\"https:\/\/acheterducannabis.fr\/\">beuhparadis.com<\/a>pon\u00faka bezpe\u010dn\u00fa platformu na z\u00edskanie tohto zn\u00e1meho kme\u0148a.<\/p>\n<h2 class=\"wp-block-heading\">\u00da\u010dinky, v\u00f4\u0148a a chu\u0165 produktu Tenco Blue Zushi<\/h2>\n<h3 class=\"wp-block-heading\">\u00da\u010dinok<\/h3>\n<ul class=\"wp-block-list\">\n<li>Blue zushi cali poskytuje hlbok\u00fa relax\u00e1ciu sprev\u00e1dzan\u00fa radostnou euf\u00f3riou, ktor\u00e1 je ide\u00e1lna na zmiernenie stresu.<\/li>\n<\/ul>\n<h3 class=\"wp-block-heading\">Ar\u00f3ma<\/h3>\n<ul class=\"wp-block-list\">\n<li>Modrej zushi desiatke dominuj\u00fa sladk\u00e9 terp\u00e9ny s n\u00e1dychom pomaran\u010da a plynu.<\/li>\n<\/ul>\n<h3 class=\"wp-block-heading\">Chu\u0165<\/h3>\n<ul class=\"wp-block-list\">\n<li>Tenco blue zushi sa vyzna\u010duje chu\u0165ou podobnou cukr\u00edkom a bohat\u00fdm gurm\u00e1nskym z\u00e1\u017eitkom.<\/li>\n<\/ul>\n<h2 class=\"wp-block-heading\">Zdravotn\u00e9 \u00fa\u010dinky desiatich modr\u00fdch zushi<\/h2>\n<ul class=\"wp-block-list\">\n<li><strong>Zdravotn\u00e9 \u00fa\u010dinky<\/strong>:\n<ul class=\"wp-block-list\">\n<li>Desa\u0165 ko modr\u00fdch zushi m\u00f4\u017ee pom\u00f4c\u0165 zn\u00ed\u017ei\u0165 \u00fazkos\u0165 a stres.<\/li>\n<\/ul>\n<\/li>\n<li><strong>M\u00f4\u017ee zmierni\u0165<\/strong>:\n<ul class=\"wp-block-list\">\n<li>Modr\u00fd kme\u0148 zushi je \u00fa\u010dinn\u00fd proti bolesti a poruch\u00e1m n\u00e1lady, pon\u00faka uvo\u013enenie a euf\u00f3riu.<\/li>\n<\/ul>\n<\/li>\n<\/ul>\n<h2 class=\"wp-block-heading\">Pre\u010do si k\u00fapi\u0165 Blue Zushi Tenco od Acheterducannabis?<\/h2>\n<p>V\u00fdber Acheterducannabis pre blue zushi tenco zaru\u010duje \u0161pi\u010dkov\u00fa kvalitu kme\u0148a, ktor\u00fd je zn\u00e1my svoj\u00edm v\u00fdnimo\u010dn\u00fdm z\u00e1\u017eitkom z konzum\u00e1cie.<\/p>\n<h2 class=\"wp-block-heading\">Vl\u00e1dne pr\u00e1vne predpisy pre predaj spolo\u010dnosti Blue Zushi Tenco v Eur\u00f3pe<\/h2>\n<p>Predaj modrej tr\u00e1vy zushi vr\u00e1tane modrej tr\u00e1vy zushi tenco je v Eur\u00f3pe regulovan\u00fd. Spolo\u010dnos\u0165 Acheterducannabis sa zav\u00e4zuje dodr\u017eiava\u0165 v\u0161etky predpisy pre leg\u00e1lny a zodpovedn\u00fd predaj.<\/p>\n<p>Kme\u0148 Blue Zushi od spolo\u010dnosti The Ten Co je oslavou jedine\u010dn\u00fdch chut\u00ed a vyv\u00e1\u017een\u00fdch \u00fa\u010dinkov, v\u010faka \u010domu je tento kme\u0148 povinnou v\u00fdbavou pre nad\u0161encov konope. V\u010faka dokonalej kombin\u00e1cii novosti a zn\u00e1mosti je Blue Zushi the Ten k dispoz\u00edcii exkluz\u00edvne od spolo\u010dnosti Acheterducannabis a s\u013eubuje nezabudnute\u013en\u00fd z\u00e1\u017eitok, ktor\u00fd uspokoj\u00ed v\u0161etky zmysly.<\/p>","protected":false},"excerpt":{"rendered":"<p><strong>Zdravotn\u00e9 \u00fa\u010dinky<\/strong>:<\/p>\n<p>Desa\u0165 ko modr\u00fdch zushi m\u00f4\u017ee pom\u00f4c\u0165 zn\u00ed\u017ei\u0165 \u00fazkos\u0165 a stres.<\/p>","protected":false},"featured_media":1767,"comment_status":"closed","ping_status":"closed","template":"","meta":{"site-sidebar-layout":"default","site-content-layout":"","ast-site-content-layout":"default","site-content-style":"default","site-sidebar-style":"default","ast-global-header-display":"","ast-banner-title-visibility":"","ast-main-header-display":"","ast-hfb-above-header-display":"","ast-hfb-below-header-display":"","ast-hfb-mobile-header-display":"","site-post-title":"","ast-breadcrumbs-content":"","ast-featured-img":"","footer-sml-layout":"","theme-transparent-header-meta":"default","adv-header-id-meta":"","stick-header-meta":"","header-above-stick-meta":"","header-main-stick-meta":"","header-below-stick-meta":"","astra-migrate-meta-layouts":"set","ast-page-background-enabled":"default","ast-page-background-meta":{"desktop":{"background-color":"","background-image":"","background-repeat":"repeat","background-position":"center center","background-size":"auto","background-attachment":"scroll","background-type":"","background-media":"","overlay-type":"","overlay-color":"","overlay-opacity":"","overlay-gradient":""},"tablet":{"background-color":"","background-image":"","background-repeat":"repeat","background-position":"center center","background-size":"auto","background-attachment":"scroll","background-type":"","background-media":"","overlay-type":"","overlay-color":"","overlay-opacity":"","overlay-gradient":""},"mobile":{"background-color":"","background-image":"","background-repeat":"repeat","background-position":"center center","background-size":"auto","background-attachment":"scroll","background-type":"","background-media":"","overlay-type":"","overlay-color":"","overlay-opacity":"","overlay-gradient":""}},"ast-content-background-meta":{"desktop":{"background-color":"var(--ast-global-color-5)","background-image":"","background-repeat":"repeat","background-position":"center center","background-size":"auto","background-attachment":"scroll","background-type":"","background-media":"","overlay-type":"","overlay-color":"","overlay-opacity":"","overlay-gradient":""},"tablet":{"background-color":"var(--ast-global-color-5)","background-image":"","background-repeat":"repeat","background-position":"center center","background-size":"auto","background-attachment":"scroll","background-type":"","background-media":"","overlay-type":"","overlay-color":"","overlay-opacity":"","overlay-gradient":""},"mobile":{"background-color":"var(--ast-global-color-5)","background-image":"","background-repeat":"repeat","background-position":"center center","background-size":"auto","background-attachment":"scroll","background-type":"","background-media":"","overlay-type":"","overlay-color":"","overlay-opacity":"","overlay-gradient":""}},"_joinchat":[]},"product_brand":[],"product_cat":[41,42],"product_tag":[],"class_list":{"0":"post-1754","1":"product","2":"type-product","3":"status-publish","4":"has-post-thumbnail","6":"product_cat-cali-weed","7":"product_cat-the-ten-co-weed","8":"desktop-align-left","9":"tablet-align-left","10":"mobile-align-left","12":"first","13":"instock","14":"shipping-taxable","15":"product-type-variable"},"yoast_head":"<!-- This site is optimized with the Yoast SEO Premium plugin v24.1 (Yoast SEO v26.8) - https:\/\/yoast.com\/product\/yoast-seo-premium-wordpress\/ -->\n<title>Acheter Blue Zushi Tenco en Ligne | Vari\u00e9t\u00e9 de Cannabis Premium<\/title>\n<meta name=\"description\" content=\"Blue Zushi de Tenco, une vari\u00e9t\u00e9 de cannabis premium aux ar\u00f4mes uniques et aux effets puissants. Livraison discr\u00e8te et rapide. Parfait pour les amateurs de cannabis raffin\u00e9.\" \/>\n<meta name=\"robots\" content=\"index, follow, max-snippet:-1, max-image-preview:large, max-video-preview:-1\" \/>\n<link rel=\"canonical\" href=\"https:\/\/beuhparadis.com\/sk\/product\/the-ten-co-blue-zushi\/\" \/>\n<meta property=\"og:locale\" content=\"sk_SK\" \/>\n<meta property=\"og:type\" content=\"article\" \/>\n<meta property=\"og:title\" content=\"The Ten.Co | Blue Zushi\" \/>\n<meta property=\"og:description\" content=\"Blue Zushi de Tenco, une vari\u00e9t\u00e9 de cannabis premium aux ar\u00f4mes uniques et aux effets puissants. Livraison discr\u00e8te et rapide. Parfait pour les amateurs de cannabis raffin\u00e9.\" \/>\n<meta property=\"og:url\" content=\"https:\/\/beuhparadis.com\/sk\/product\/the-ten-co-blue-zushi\/\" \/>\n<meta property=\"og:site_name\" content=\"Beuh Paradis\" \/>\n<meta property=\"article:modified_time\" content=\"2025-01-28T10:18:36+00:00\" \/>\n<meta property=\"og:image\" content=\"https:\/\/beuhparadis.com\/wp-content\/uploads\/2024\/12\/The-Ten.Co-Blue-Zushi-2.webp\" \/>\n\t<meta property=\"og:image:width\" content=\"2560\" \/>\n\t<meta property=\"og:image:height\" content=\"2560\" \/>\n\t<meta property=\"og:image:type\" content=\"image\/webp\" \/>\n<meta name=\"twitter:card\" content=\"summary_large_image\" \/>\n<meta name=\"twitter:label1\" content=\"Predpokladan\u00fd \u010das \u010d\u00edtania\" \/>\n\t<meta name=\"twitter:data1\" content=\"2 minutes\" \/>\n<script type=\"application\/ld+json\" class=\"yoast-schema-graph\">{\"@context\":\"https:\/\/schema.org\",\"@graph\":[{\"@type\":\"WebPage\",\"@id\":\"https:\/\/beuhparadis.com\/product\/the-ten-co-blue-zushi\/\",\"url\":\"https:\/\/beuhparadis.com\/product\/the-ten-co-blue-zushi\/\",\"name\":\"Acheter Blue Zushi Tenco en Ligne | Vari\u00e9t\u00e9 de Cannabis Premium\",\"isPartOf\":{\"@id\":\"https:\/\/beuhparadis.com\/#website\"},\"primaryImageOfPage\":{\"@id\":\"https:\/\/beuhparadis.com\/product\/the-ten-co-blue-zushi\/#primaryimage\"},\"image\":{\"@id\":\"https:\/\/beuhparadis.com\/product\/the-ten-co-blue-zushi\/#primaryimage\"},\"thumbnailUrl\":\"https:\/\/beuhparadis.com\/wp-content\/uploads\/2024\/12\/The-Ten.Co-Blue-Zushi-2.webp\",\"datePublished\":\"2024-12-10T23:45:10+00:00\",\"dateModified\":\"2025-01-28T10:18:36+00:00\",\"description\":\"Blue Zushi de Tenco, une vari\u00e9t\u00e9 de cannabis premium aux ar\u00f4mes uniques et aux effets puissants. Livraison discr\u00e8te et rapide. Parfait pour les amateurs de cannabis raffin\u00e9.\",\"breadcrumb\":{\"@id\":\"https:\/\/beuhparadis.com\/product\/the-ten-co-blue-zushi\/#breadcrumb\"},\"inLanguage\":\"sk-SK\",\"potentialAction\":[{\"@type\":\"ReadAction\",\"target\":[\"https:\/\/beuhparadis.com\/product\/the-ten-co-blue-zushi\/\"]}]},{\"@type\":\"ImageObject\",\"inLanguage\":\"sk-SK\",\"@id\":\"https:\/\/beuhparadis.com\/product\/the-ten-co-blue-zushi\/#primaryimage\",\"url\":\"https:\/\/beuhparadis.com\/wp-content\/uploads\/2024\/12\/The-Ten.Co-Blue-Zushi-2.webp\",\"contentUrl\":\"https:\/\/beuhparadis.com\/wp-content\/uploads\/2024\/12\/The-Ten.Co-Blue-Zushi-2.webp\",\"width\":2560,\"height\":2560},{\"@type\":\"BreadcrumbList\",\"@id\":\"https:\/\/beuhparadis.com\/product\/the-ten-co-blue-zushi\/#breadcrumb\",\"itemListElement\":[{\"@type\":\"ListItem\",\"position\":1,\"name\":\"Home\",\"item\":\"https:\/\/beuhparadis.com\/\"},{\"@type\":\"ListItem\",\"position\":2,\"name\":\"Shop\",\"item\":\"https:\/\/beuhparadis.com\/shop\/\"},{\"@type\":\"ListItem\",\"position\":3,\"name\":\"The Ten.Co | Blue Zushi\"}]},{\"@type\":\"WebSite\",\"@id\":\"https:\/\/beuhparadis.com\/#website\",\"url\":\"https:\/\/beuhparadis.com\/\",\"name\":\"Beuh Paradis\",\"description\":\"\",\"potentialAction\":[{\"@type\":\"SearchAction\",\"target\":{\"@type\":\"EntryPoint\",\"urlTemplate\":\"https:\/\/beuhparadis.com\/?s={search_term_string}\"},\"query-input\":{\"@type\":\"PropertyValueSpecification\",\"valueRequired\":true,\"valueName\":\"search_term_string\"}}],\"inLanguage\":\"sk-SK\"}]}<\/script>\n<!-- \/ Yoast SEO Premium plugin. -->","yoast_head_json":{"title":"K\u00fapi\u0165 Blue Zushi Tenco online | Pr\u00e9miov\u00e1 odroda konope","description":"Blue Zushi od spolo\u010dnosti Tenco, pr\u00e9miov\u00e1 odroda konope s jedine\u010dnou v\u00f4\u0148ou a siln\u00fdmi \u00fa\u010dinkami. R\u00fdchle a diskr\u00e9tne dodanie. Ide\u00e1lna pre milovn\u00edkov rafinovan\u00e9ho konope.","robots":{"index":"index","follow":"follow","max-snippet":"max-snippet:-1","max-image-preview":"max-image-preview:large","max-video-preview":"max-video-preview:-1"},"canonical":"https:\/\/beuhparadis.com\/sk\/product\/the-ten-co-blue-zushi\/","og_locale":"sk_SK","og_type":"article","og_title":"The Ten.Co | Blue Zushi","og_description":"Blue Zushi de Tenco, une vari\u00e9t\u00e9 de cannabis premium aux ar\u00f4mes uniques et aux effets puissants. Livraison discr\u00e8te et rapide. Parfait pour les amateurs de cannabis raffin\u00e9.","og_url":"https:\/\/beuhparadis.com\/sk\/product\/the-ten-co-blue-zushi\/","og_site_name":"Beuh Paradis","article_modified_time":"2025-01-28T10:18:36+00:00","og_image":[{"width":2560,"height":2560,"url":"https:\/\/beuhparadis.com\/wp-content\/uploads\/2024\/12\/The-Ten.Co-Blue-Zushi-2.webp","type":"image\/webp"}],"twitter_card":"summary_large_image","twitter_misc":{"Predpokladan\u00fd \u010das \u010d\u00edtania":"2 minutes"},"schema":{"@context":"https:\/\/schema.org","@graph":[{"@type":"WebPage","@id":"https:\/\/beuhparadis.com\/product\/the-ten-co-blue-zushi\/","url":"https:\/\/beuhparadis.com\/product\/the-ten-co-blue-zushi\/","name":"K\u00fapi\u0165 Blue Zushi Tenco online | Pr\u00e9miov\u00e1 odroda konope","isPartOf":{"@id":"https:\/\/beuhparadis.com\/#website"},"primaryImageOfPage":{"@id":"https:\/\/beuhparadis.com\/product\/the-ten-co-blue-zushi\/#primaryimage"},"image":{"@id":"https:\/\/beuhparadis.com\/product\/the-ten-co-blue-zushi\/#primaryimage"},"thumbnailUrl":"https:\/\/beuhparadis.com\/wp-content\/uploads\/2024\/12\/The-Ten.Co-Blue-Zushi-2.webp","datePublished":"2024-12-10T23:45:10+00:00","dateModified":"2025-01-28T10:18:36+00:00","description":"Blue Zushi od spolo\u010dnosti Tenco, pr\u00e9miov\u00e1 odroda konope s jedine\u010dnou v\u00f4\u0148ou a siln\u00fdmi \u00fa\u010dinkami. R\u00fdchle a diskr\u00e9tne dodanie. Ide\u00e1lna pre milovn\u00edkov rafinovan\u00e9ho konope.","breadcrumb":{"@id":"https:\/\/beuhparadis.com\/product\/the-ten-co-blue-zushi\/#breadcrumb"},"inLanguage":"sk-SK","potentialAction":[{"@type":"ReadAction","target":["https:\/\/beuhparadis.com\/product\/the-ten-co-blue-zushi\/"]}]},{"@type":"ImageObject","inLanguage":"sk-SK","@id":"https:\/\/beuhparadis.com\/product\/the-ten-co-blue-zushi\/#primaryimage","url":"https:\/\/beuhparadis.com\/wp-content\/uploads\/2024\/12\/The-Ten.Co-Blue-Zushi-2.webp","contentUrl":"https:\/\/beuhparadis.com\/wp-content\/uploads\/2024\/12\/The-Ten.Co-Blue-Zushi-2.webp","width":2560,"height":2560},{"@type":"BreadcrumbList","@id":"https:\/\/beuhparadis.com\/product\/the-ten-co-blue-zushi\/#breadcrumb","itemListElement":[{"@type":"ListItem","position":1,"name":"Home","item":"https:\/\/beuhparadis.com\/"},{"@type":"ListItem","position":2,"name":"Shop","item":"https:\/\/beuhparadis.com\/shop\/"},{"@type":"ListItem","position":3,"name":"The Ten.Co | Blue Zushi"}]},{"@type":"WebSite","@id":"https:\/\/beuhparadis.com\/#website","url":"https:\/\/beuhparadis.com\/","name":"Beuh Paradis","description":"","potentialAction":[{"@type":"SearchAction","target":{"@type":"EntryPoint","urlTemplate":"https:\/\/beuhparadis.com\/?s={search_term_string}"},"query-input":{"@type":"PropertyValueSpecification","valueRequired":true,"valueName":"search_term_string"}}],"inLanguage":"sk-SK"}]}},"_links":{"self":[{"href":"https:\/\/beuhparadis.com\/sk\/wp-json\/wp\/v2\/product\/1754","targetHints":{"allow":["GET"]}}],"collection":[{"href":"https:\/\/beuhparadis.com\/sk\/wp-json\/wp\/v2\/product"}],"about":[{"href":"https:\/\/beuhparadis.com\/sk\/wp-json\/wp\/v2\/types\/product"}],"replies":[{"embeddable":true,"href":"https:\/\/beuhparadis.com\/sk\/wp-json\/wp\/v2\/comments?post=1754"}],"wp:featuredmedia":[{"embeddable":true,"href":"https:\/\/beuhparadis.com\/sk\/wp-json\/wp\/v2\/media\/1767"}],"wp:attachment":[{"href":"https:\/\/beuhparadis.com\/sk\/wp-json\/wp\/v2\/media?parent=1754"}],"wp:term":[{"taxonomy":"product_brand","embeddable":true,"href":"https:\/\/beuhparadis.com\/sk\/wp-json\/wp\/v2\/product_brand?post=1754"},{"taxonomy":"product_cat","embeddable":true,"href":"https:\/\/beuhparadis.com\/sk\/wp-json\/wp\/v2\/product_cat?post=1754"},{"taxonomy":"product_tag","embeddable":true,"href":"https:\/\/beuhparadis.com\/sk\/wp-json\/wp\/v2\/product_tag?post=1754"}],"curies":[{"name":"wp","href":"https:\/\/api.w.org\/{rel}","templated":true}]}}