{"id":1739,"date":"2024-12-10T23:44:47","date_gmt":"2024-12-10T23:44:47","guid":{"rendered":"https:\/\/beuhparadis.com\/?post_type=product&#038;p=1739"},"modified":"2025-01-28T10:36:45","modified_gmt":"2025-01-28T10:36:45","slug":"the-ten-co-skillati-3-0","status":"publish","type":"product","link":"https:\/\/beuhparadis.com\/sk\/product\/the-ten-co-skillati-3-0\/","title":{"rendered":"Ten.Co | Skillati 3.0"},"content":{"rendered":"<h1 class=\"wp-block-heading\">K\u00fapi\u0165 Skillati 3.0 Tenco<\/h1>\n<h4 class=\"wp-block-heading\">Inform\u00e1cie o kmeni Skillati 3.0 Tenco<\/h4>\n<p>K\u00fapi\u0165 Skillati 3.0 Tenco je exotick\u00fd kme\u0148 konope, ktor\u00fd je v\u00fdsledkom odborn\u00fdch znalost\u00ed spolo\u010dnosti The Ten Co. Tento kme\u0148 je v\u00fdsledkom \u00faspe\u0161n\u00e9ho kr\u00ed\u017eenia Zkittlez a Gelatti a pon\u00faka z\u00e1\u017eitok bohat\u00fd na chu\u0165 a \u00fa\u010dinok.<\/p>\n<ul class=\"wp-block-list\">\n<li><strong>Genetika<\/strong>Kr\u00ed\u017eenie Zkittlez a Gelatti.<\/li>\n<li><strong>Kult\u00fara<\/strong>Starostlivo pestovan\u00e9 spolo\u010dnos\u0165ou The Ten Co, \u010do zaru\u010duje v\u00fdnimo\u010dn\u00fa kvalitu a silu.<\/li>\n<li><strong>Terp\u00e9nov\u00fd profil<\/strong>Ne\u0161pecifikovan\u00e9, ale dominantn\u00e1 pr\u00edtomnos\u0165 sladk\u00fdch terp\u00e9nov je zrejm\u00e1.<\/li>\n<\/ul>\n<h2 class=\"wp-block-heading\">THC a CBD<\/h2>\n<ul class=\"wp-block-list\">\n<li><strong>THC<\/strong>Vysok\u00e1 koncentr\u00e1cia, s\u013eubuj\u00faca euforick\u00fd a relaxa\u010dn\u00fd z\u00e1\u017eitok.<\/li>\n<li><strong>CBD<\/strong>N\u00edzke hladiny CBD so zameran\u00edm na psychoakt\u00edvne \u00fa\u010dinky.<\/li>\n<\/ul>\n<h2 class=\"wp-block-heading\">Kde si m\u00f4\u017eem k\u00fapi\u0165 Skillati 3.0 Tenco online?<\/h2>\n<p>Kme\u0148 Skillati 3.0 je k dispoz\u00edcii na zak\u00fapenie od <a href=\"https:\/\/beuhparadis.com\/sk\/product\/charas-hash\/\" data-type=\"link\" data-id=\"https:\/\/acheterducannabis.fr\/\">Beuhparadis<\/a>pon\u00faka spotrebite\u013eom jednoduch\u00fd pr\u00edstup k tomuto pr\u00e9miov\u00e9mu kme\u0148u online.<\/p>\n<h2 class=\"wp-block-heading\">\u00da\u010dinky, v\u00f4\u0148a a chu\u0165 Skillati 3.0 Tenco<\/h2>\n<h3 class=\"wp-block-heading\">\u00da\u010dinok<\/h3>\n<ul class=\"wp-block-list\">\n<li>Uvo\u013e\u0148uj\u00faci za\u010diatok, po ktorom nasleduje r\u00fdchly du\u0161evn\u00fd vzostup, \u010do je charakteristick\u00fdm znakom kvalitnej drogy.<\/li>\n<\/ul>\n<h3 class=\"wp-block-heading\">Ar\u00f3ma<\/h3>\n<ul class=\"wp-block-list\">\n<li>Preva\u017ene sladk\u00fd buket s n\u00e1dychom funku, ktor\u00fd pripom\u00edna chu\u0165 cukrovej vaty.<\/li>\n<\/ul>\n<h3 class=\"wp-block-heading\">Chu\u0165<\/h3>\n<ul class=\"wp-block-list\">\n<li>Preva\u017ene cukr\u00edkov\u00e9 pr\u00edchute s \u013eahk\u00fdm n\u00e1stupom cukrovej vaty, ktor\u00e9 pon\u00fakaj\u00fa kompletn\u00fd chu\u0165ov\u00fd z\u00e1\u017eitok.<\/li>\n<\/ul>\n<h3 class=\"wp-block-heading\">Zdravotn\u00e9 \u00fa\u010dinky Skillati 3.0 Tenco<\/h3>\n<ul class=\"wp-block-list\">\n<li><strong>Zdravotn\u00e9 \u00fa\u010dinky<\/strong>:\n<ul class=\"wp-block-list\">\n<li>Potenci\u00e1l na zmiernenie stresu a podporu relax\u00e1cie.<\/li>\n<\/ul>\n<\/li>\n<li><strong>M\u00f4\u017ee zmierni\u0165<\/strong>:\n<ul class=\"wp-block-list\">\n<li>Stres, \u00fazkos\u0165 a drobn\u00e9 bolesti v\u010faka svojmu uvo\u013e\u0148uj\u00facemu \u00fa\u010dinku a du\u0161evn\u00e9mu povzbudeniu.<\/li>\n<\/ul>\n<\/li>\n<\/ul>\n<h3 class=\"wp-block-heading\">Pre\u010do si k\u00fapi\u0165 kme\u0148 Skillati 3.0 od Acheterducannabis?<\/h3>\n<p>Ak sa rozhodnete pre Skillati 3.0 Tenco v Acheterducannabis, znamen\u00e1 to, \u017ee si vyberiete vysokokvalitn\u00fd kme\u0148 garantovan\u00fd spolo\u010dnos\u0165ou The Ten Co a spo\u013eahliv\u00e9 a bezpe\u010dn\u00e9 doru\u010denie priamo k va\u0161im dver\u00e1m.<\/p>\n<h3 class=\"wp-block-heading\">Vl\u00e1dna legislat\u00edva pre predaj Skillati 3.0 Tenco v Eur\u00f3pe<\/h3>\n<p>Acheterducannabis d\u00f4sledne dodr\u017eiava platn\u00e9 eur\u00f3pske z\u00e1kony t\u00fdkaj\u00face sa predaja konope, \u010d\u00edm zabezpe\u010duje leg\u00e1lnu a bezpe\u010dn\u00fa transakciu pri n\u00e1kupe kme\u0148a Skillati 3.0.<\/p>\n<p>Skillati 3.0 Tenco od spolo\u010dnosti The Ten Co je kme\u0148, ktor\u00fd vynik\u00e1 intenz\u00edvnou sladkou chu\u0165ou a vyv\u00e1\u017een\u00fdmi \u00fa\u010dinkami, pon\u00faka relax\u00e1ciu aj euf\u00f3riu. V\u010faka pr\u00e9miovej genetike a jedine\u010dn\u00e9mu terp\u00e9nov\u00e9mu profilu je kme\u0148 Skillati 3.0 povinnos\u0165ou pre milovn\u00edkov komplexn\u00fdch chut\u00ed a uspokojiv\u00e9ho opojenia. Tento kme\u0148, ktor\u00fd je k dispoz\u00edcii exkluz\u00edvne od spolo\u010dnosti Acheterducannabis, je skvel\u00fdm doplnkom ka\u017edej pr\u00e9miovej zbierky konope.<\/p>","protected":false},"excerpt":{"rendered":"<p><strong>Zdravotn\u00e9 \u00fa\u010dinky<\/strong>:<\/p>\n<p>Potenci\u00e1l na zmiernenie stresu a podporu relax\u00e1cie.<\/p>","protected":false},"featured_media":1766,"comment_status":"closed","ping_status":"closed","template":"","meta":{"site-sidebar-layout":"default","site-content-layout":"","ast-site-content-layout":"default","site-content-style":"default","site-sidebar-style":"default","ast-global-header-display":"","ast-banner-title-visibility":"","ast-main-header-display":"","ast-hfb-above-header-display":"","ast-hfb-below-header-display":"","ast-hfb-mobile-header-display":"","site-post-title":"","ast-breadcrumbs-content":"","ast-featured-img":"","footer-sml-layout":"","theme-transparent-header-meta":"default","adv-header-id-meta":"","stick-header-meta":"","header-above-stick-meta":"","header-main-stick-meta":"","header-below-stick-meta":"","astra-migrate-meta-layouts":"set","ast-page-background-enabled":"default","ast-page-background-meta":{"desktop":{"background-color":"","background-image":"","background-repeat":"repeat","background-position":"center center","background-size":"auto","background-attachment":"scroll","background-type":"","background-media":"","overlay-type":"","overlay-color":"","overlay-opacity":"","overlay-gradient":""},"tablet":{"background-color":"","background-image":"","background-repeat":"repeat","background-position":"center center","background-size":"auto","background-attachment":"scroll","background-type":"","background-media":"","overlay-type":"","overlay-color":"","overlay-opacity":"","overlay-gradient":""},"mobile":{"background-color":"","background-image":"","background-repeat":"repeat","background-position":"center center","background-size":"auto","background-attachment":"scroll","background-type":"","background-media":"","overlay-type":"","overlay-color":"","overlay-opacity":"","overlay-gradient":""}},"ast-content-background-meta":{"desktop":{"background-color":"var(--ast-global-color-5)","background-image":"","background-repeat":"repeat","background-position":"center center","background-size":"auto","background-attachment":"scroll","background-type":"","background-media":"","overlay-type":"","overlay-color":"","overlay-opacity":"","overlay-gradient":""},"tablet":{"background-color":"var(--ast-global-color-5)","background-image":"","background-repeat":"repeat","background-position":"center center","background-size":"auto","background-attachment":"scroll","background-type":"","background-media":"","overlay-type":"","overlay-color":"","overlay-opacity":"","overlay-gradient":""},"mobile":{"background-color":"var(--ast-global-color-5)","background-image":"","background-repeat":"repeat","background-position":"center center","background-size":"auto","background-attachment":"scroll","background-type":"","background-media":"","overlay-type":"","overlay-color":"","overlay-opacity":"","overlay-gradient":""}},"_joinchat":[]},"product_brand":[],"product_cat":[41,42],"product_tag":[],"class_list":{"0":"post-1739","1":"product","2":"type-product","3":"status-publish","4":"has-post-thumbnail","6":"product_cat-cali-weed","7":"product_cat-the-ten-co-weed","8":"desktop-align-left","9":"tablet-align-left","10":"mobile-align-left","12":"first","13":"instock","14":"shipping-taxable","15":"purchasable","16":"product-type-variable"},"yoast_head":"<!-- This site is optimized with the Yoast SEO Premium plugin v24.1 (Yoast SEO v26.8) - https:\/\/yoast.com\/product\/yoast-seo-premium-wordpress\/ -->\n<title>Acheter Skillati 3.0 Tenco en Ligne | Vari\u00e9t\u00e9 de Cannabis Exclusif<\/title>\n<meta name=\"description\" content=\"Acheter Skillati 3.0 de Tenco, une vari\u00e9t\u00e9 de cannabis exclusif aux ar\u00f4mes riches et aux effets \u00e9quilibr\u00e9s. Achetez avec livraison discr\u00e8te et rapide.\" \/>\n<meta name=\"robots\" content=\"index, follow, max-snippet:-1, max-image-preview:large, max-video-preview:-1\" \/>\n<link rel=\"canonical\" href=\"https:\/\/beuhparadis.com\/sk\/product\/the-ten-co-skillati-3-0\/\" \/>\n<meta property=\"og:locale\" content=\"sk_SK\" \/>\n<meta property=\"og:type\" content=\"article\" \/>\n<meta property=\"og:title\" content=\"The Ten.Co | Skillati 3.0\" \/>\n<meta property=\"og:description\" content=\"Acheter Skillati 3.0 de Tenco, une vari\u00e9t\u00e9 de cannabis exclusif aux ar\u00f4mes riches et aux effets \u00e9quilibr\u00e9s. Achetez avec livraison discr\u00e8te et rapide.\" \/>\n<meta property=\"og:url\" content=\"https:\/\/beuhparadis.com\/sk\/product\/the-ten-co-skillati-3-0\/\" \/>\n<meta property=\"og:site_name\" content=\"Beuh Paradis\" \/>\n<meta property=\"article:modified_time\" content=\"2025-01-28T10:36:45+00:00\" \/>\n<meta property=\"og:image\" content=\"https:\/\/beuhparadis.com\/wp-content\/uploads\/2024\/12\/The-Ten.Co-Skillati-3.0-2.webp\" \/>\n\t<meta property=\"og:image:width\" content=\"999\" \/>\n\t<meta property=\"og:image:height\" content=\"999\" \/>\n\t<meta property=\"og:image:type\" content=\"image\/webp\" \/>\n<meta name=\"twitter:card\" content=\"summary_large_image\" \/>\n<meta name=\"twitter:label1\" content=\"Predpokladan\u00fd \u010das \u010d\u00edtania\" \/>\n\t<meta name=\"twitter:data1\" content=\"2 minutes\" \/>\n<script type=\"application\/ld+json\" class=\"yoast-schema-graph\">{\"@context\":\"https:\/\/schema.org\",\"@graph\":[{\"@type\":\"WebPage\",\"@id\":\"https:\/\/beuhparadis.com\/product\/the-ten-co-skillati-3-0\/\",\"url\":\"https:\/\/beuhparadis.com\/product\/the-ten-co-skillati-3-0\/\",\"name\":\"Acheter Skillati 3.0 Tenco en Ligne | Vari\u00e9t\u00e9 de Cannabis Exclusif\",\"isPartOf\":{\"@id\":\"https:\/\/beuhparadis.com\/#website\"},\"primaryImageOfPage\":{\"@id\":\"https:\/\/beuhparadis.com\/product\/the-ten-co-skillati-3-0\/#primaryimage\"},\"image\":{\"@id\":\"https:\/\/beuhparadis.com\/product\/the-ten-co-skillati-3-0\/#primaryimage\"},\"thumbnailUrl\":\"https:\/\/beuhparadis.com\/wp-content\/uploads\/2024\/12\/The-Ten.Co-Skillati-3.0-2.webp\",\"datePublished\":\"2024-12-10T23:44:47+00:00\",\"dateModified\":\"2025-01-28T10:36:45+00:00\",\"description\":\"Acheter Skillati 3.0 de Tenco, une vari\u00e9t\u00e9 de cannabis exclusif aux ar\u00f4mes riches et aux effets \u00e9quilibr\u00e9s. Achetez avec livraison discr\u00e8te et rapide.\",\"breadcrumb\":{\"@id\":\"https:\/\/beuhparadis.com\/product\/the-ten-co-skillati-3-0\/#breadcrumb\"},\"inLanguage\":\"sk-SK\",\"potentialAction\":[{\"@type\":\"ReadAction\",\"target\":[\"https:\/\/beuhparadis.com\/product\/the-ten-co-skillati-3-0\/\"]}]},{\"@type\":\"ImageObject\",\"inLanguage\":\"sk-SK\",\"@id\":\"https:\/\/beuhparadis.com\/product\/the-ten-co-skillati-3-0\/#primaryimage\",\"url\":\"https:\/\/beuhparadis.com\/wp-content\/uploads\/2024\/12\/The-Ten.Co-Skillati-3.0-2.webp\",\"contentUrl\":\"https:\/\/beuhparadis.com\/wp-content\/uploads\/2024\/12\/The-Ten.Co-Skillati-3.0-2.webp\",\"width\":999,\"height\":999},{\"@type\":\"BreadcrumbList\",\"@id\":\"https:\/\/beuhparadis.com\/product\/the-ten-co-skillati-3-0\/#breadcrumb\",\"itemListElement\":[{\"@type\":\"ListItem\",\"position\":1,\"name\":\"Home\",\"item\":\"https:\/\/beuhparadis.com\/\"},{\"@type\":\"ListItem\",\"position\":2,\"name\":\"Shop\",\"item\":\"https:\/\/beuhparadis.com\/shop\/\"},{\"@type\":\"ListItem\",\"position\":3,\"name\":\"The Ten.Co | Skillati 3.0\"}]},{\"@type\":\"WebSite\",\"@id\":\"https:\/\/beuhparadis.com\/#website\",\"url\":\"https:\/\/beuhparadis.com\/\",\"name\":\"Beuh Paradis\",\"description\":\"\",\"potentialAction\":[{\"@type\":\"SearchAction\",\"target\":{\"@type\":\"EntryPoint\",\"urlTemplate\":\"https:\/\/beuhparadis.com\/?s={search_term_string}\"},\"query-input\":{\"@type\":\"PropertyValueSpecification\",\"valueRequired\":true,\"valueName\":\"search_term_string\"}}],\"inLanguage\":\"sk-SK\"}]}<\/script>\n<!-- \/ Yoast SEO Premium plugin. -->","yoast_head_json":{"title":"K\u00fapi\u0165 Skillati 3.0 Tenco online | Exkluz\u00edvna odroda konope","description":"K\u00fapte si Skillati 3.0 od spolo\u010dnosti Tenco, exkluz\u00edvny kme\u0148 konope s bohatou chu\u0165ou a vyv\u00e1\u017een\u00fdmi \u00fa\u010dinkami. K\u00fapte s r\u00fdchlym a diskr\u00e9tnym doru\u010den\u00edm.","robots":{"index":"index","follow":"follow","max-snippet":"max-snippet:-1","max-image-preview":"max-image-preview:large","max-video-preview":"max-video-preview:-1"},"canonical":"https:\/\/beuhparadis.com\/sk\/product\/the-ten-co-skillati-3-0\/","og_locale":"sk_SK","og_type":"article","og_title":"The Ten.Co | Skillati 3.0","og_description":"Acheter Skillati 3.0 de Tenco, une vari\u00e9t\u00e9 de cannabis exclusif aux ar\u00f4mes riches et aux effets \u00e9quilibr\u00e9s. Achetez avec livraison discr\u00e8te et rapide.","og_url":"https:\/\/beuhparadis.com\/sk\/product\/the-ten-co-skillati-3-0\/","og_site_name":"Beuh Paradis","article_modified_time":"2025-01-28T10:36:45+00:00","og_image":[{"width":999,"height":999,"url":"https:\/\/beuhparadis.com\/wp-content\/uploads\/2024\/12\/The-Ten.Co-Skillati-3.0-2.webp","type":"image\/webp"}],"twitter_card":"summary_large_image","twitter_misc":{"Predpokladan\u00fd \u010das \u010d\u00edtania":"2 minutes"},"schema":{"@context":"https:\/\/schema.org","@graph":[{"@type":"WebPage","@id":"https:\/\/beuhparadis.com\/product\/the-ten-co-skillati-3-0\/","url":"https:\/\/beuhparadis.com\/product\/the-ten-co-skillati-3-0\/","name":"K\u00fapi\u0165 Skillati 3.0 Tenco online | Exkluz\u00edvna odroda konope","isPartOf":{"@id":"https:\/\/beuhparadis.com\/#website"},"primaryImageOfPage":{"@id":"https:\/\/beuhparadis.com\/product\/the-ten-co-skillati-3-0\/#primaryimage"},"image":{"@id":"https:\/\/beuhparadis.com\/product\/the-ten-co-skillati-3-0\/#primaryimage"},"thumbnailUrl":"https:\/\/beuhparadis.com\/wp-content\/uploads\/2024\/12\/The-Ten.Co-Skillati-3.0-2.webp","datePublished":"2024-12-10T23:44:47+00:00","dateModified":"2025-01-28T10:36:45+00:00","description":"K\u00fapte si Skillati 3.0 od spolo\u010dnosti Tenco, exkluz\u00edvny kme\u0148 konope s bohatou chu\u0165ou a vyv\u00e1\u017een\u00fdmi \u00fa\u010dinkami. K\u00fapte s r\u00fdchlym a diskr\u00e9tnym doru\u010den\u00edm.","breadcrumb":{"@id":"https:\/\/beuhparadis.com\/product\/the-ten-co-skillati-3-0\/#breadcrumb"},"inLanguage":"sk-SK","potentialAction":[{"@type":"ReadAction","target":["https:\/\/beuhparadis.com\/product\/the-ten-co-skillati-3-0\/"]}]},{"@type":"ImageObject","inLanguage":"sk-SK","@id":"https:\/\/beuhparadis.com\/product\/the-ten-co-skillati-3-0\/#primaryimage","url":"https:\/\/beuhparadis.com\/wp-content\/uploads\/2024\/12\/The-Ten.Co-Skillati-3.0-2.webp","contentUrl":"https:\/\/beuhparadis.com\/wp-content\/uploads\/2024\/12\/The-Ten.Co-Skillati-3.0-2.webp","width":999,"height":999},{"@type":"BreadcrumbList","@id":"https:\/\/beuhparadis.com\/product\/the-ten-co-skillati-3-0\/#breadcrumb","itemListElement":[{"@type":"ListItem","position":1,"name":"Home","item":"https:\/\/beuhparadis.com\/"},{"@type":"ListItem","position":2,"name":"Shop","item":"https:\/\/beuhparadis.com\/shop\/"},{"@type":"ListItem","position":3,"name":"The Ten.Co | Skillati 3.0"}]},{"@type":"WebSite","@id":"https:\/\/beuhparadis.com\/#website","url":"https:\/\/beuhparadis.com\/","name":"Beuh Paradis","description":"","potentialAction":[{"@type":"SearchAction","target":{"@type":"EntryPoint","urlTemplate":"https:\/\/beuhparadis.com\/?s={search_term_string}"},"query-input":{"@type":"PropertyValueSpecification","valueRequired":true,"valueName":"search_term_string"}}],"inLanguage":"sk-SK"}]}},"_links":{"self":[{"href":"https:\/\/beuhparadis.com\/sk\/wp-json\/wp\/v2\/product\/1739","targetHints":{"allow":["GET"]}}],"collection":[{"href":"https:\/\/beuhparadis.com\/sk\/wp-json\/wp\/v2\/product"}],"about":[{"href":"https:\/\/beuhparadis.com\/sk\/wp-json\/wp\/v2\/types\/product"}],"replies":[{"embeddable":true,"href":"https:\/\/beuhparadis.com\/sk\/wp-json\/wp\/v2\/comments?post=1739"}],"wp:featuredmedia":[{"embeddable":true,"href":"https:\/\/beuhparadis.com\/sk\/wp-json\/wp\/v2\/media\/1766"}],"wp:attachment":[{"href":"https:\/\/beuhparadis.com\/sk\/wp-json\/wp\/v2\/media?parent=1739"}],"wp:term":[{"taxonomy":"product_brand","embeddable":true,"href":"https:\/\/beuhparadis.com\/sk\/wp-json\/wp\/v2\/product_brand?post=1739"},{"taxonomy":"product_cat","embeddable":true,"href":"https:\/\/beuhparadis.com\/sk\/wp-json\/wp\/v2\/product_cat?post=1739"},{"taxonomy":"product_tag","embeddable":true,"href":"https:\/\/beuhparadis.com\/sk\/wp-json\/wp\/v2\/product_tag?post=1739"}],"curies":[{"name":"wp","href":"https:\/\/api.w.org\/{rel}","templated":true}]}}